{"id":41907,"date":"2023-03-18T21:27:05","date_gmt":"2023-03-19T01:27:05","guid":{"rendered":"https:\/\/www.sisinternational.com\/?page_id=41907"},"modified":"2026-01-27T16:38:48","modified_gmt":"2026-01-27T21:38:48","slug":"ricerche-di-mercato-sulla-produzione-di-energia","status":"publish","type":"page","link":"https:\/\/www.sisinternational.com\/it\/competenza\/ricerche-di-mercato-sulla-produzione-di-energia\/","title":{"rendered":"Ricerche di mercato sulla produzione di energia"},"content":{"rendered":"<h1 class=\"wp-block-heading\">Ricerche di mercato sulla produzione di energia<\/h1>\n\n\n\n<figure class=\"gb-block-image gb-block-image-7c498d99\"><img loading=\"lazy\" decoding=\"async\" width=\"1456\" height=\"816\" class=\"gb-image gb-image-7c498d99\" src=\"https:\/\/www.sisinternational.com\/wp-content\/uploads\/2025\/08\/Energy-Power-3.jpg\" alt=\"Ricerca e strategia di mercato internazionale SIS\" title=\"Energy &amp; Power (3)\" srcset=\"https:\/\/www.sisinternational.com\/wp-content\/uploads\/2025\/08\/Energy-Power-3.jpg 1456w, https:\/\/www.sisinternational.com\/wp-content\/uploads\/2025\/08\/Energy-Power-3-300x168.jpg 300w, https:\/\/www.sisinternational.com\/wp-content\/uploads\/2025\/08\/Energy-Power-3-1024x574.jpg 1024w, https:\/\/www.sisinternational.com\/wp-content\/uploads\/2025\/08\/Energy-Power-3-768x430.jpg 768w, https:\/\/www.sisinternational.com\/wp-content\/uploads\/2025\/08\/Energy-Power-3-18x10.jpg 18w\" sizes=\"auto, (max-width: 1456px) 100vw, 1456px\"><\/figure>\n\n\n\n<p><\/p>\n\n\n\n<p>Poich\u00e9 la richiesta di energia aumenta a livello globale e la sostenibilit\u00e0 e le fonti di energia rinnovabili diventano pi\u00f9 vitali che mai, le aziende e le parti interessate nel settore energetico devono utilizzare le ricerche di mercato sulla produzione di energia. Attraverso la raccolta e l&#039;analisi dei dati, questo tipo di ricerca scopre le tendenze del settore, valuta i livelli di concorrenza e riconosce eventuali opportunit\u00e0 o rischi che possono esistere.<\/p>\n\n\n\n<h2 class=\"wp-block-heading\">Importanza delle ricerche di mercato sulla produzione di energia<\/h2>\n\n\n\n<p>Quando si conducono ricerche di mercato sulla produzione di energia, le aziende e le parti interessate ottengono informazioni preziose che li aiutano nei loro processi decisionali. Ci\u00f2 si ottiene raccogliendo e analizzando i dati relativi alla produzione, distribuzione e consumo di elettricit\u00e0 da varie fonti come combustibili fossili, energia nucleare o forme rinnovabili.<\/p>\n\n\n\n<p>Consente alle aziende di acquisire una migliore comprensione delle attuali tendenze del settore insieme al suo panorama competitivo, nonch\u00e9 alle preferenze e ai comportamenti dei clienti.<\/p>\n\n\n\n<h3 class=\"wp-block-heading\">Per questi motivi, ci sono numerose ragioni per cui la ricerca sul mercato della produzione di energia \u00e8 essenziale.<\/h3>\n\n\n\n<ul class=\"wp-block-list\">\n<li>Companies and investors are consistently seeking to keep up with the most recent market trends, develop creative strategies and uncover emerging opportunities. Power <a href=\"https:\/\/www.sisinternational.com\/it\/ricerche-di-mercato-sulla-generazione-di-lead-b2b\/\" title=\"Ricerca di mercato sulla generazione di lead B2B\"  data-wpil-monitor-id=\"1353\">generation market research<\/a> enables stakeholders to stay informed about industry performance, consumer behavior, and changes in demand.<\/li>\n\n\n\n<li>Through the use of power <a href=\"https:\/\/www.sisinternational.com\/it\/soluzioni\/ai-ricerche-di-mercato-e-consulenza-strategica\/ricerche-di-mercato-sullintelligenza-artificiale-generativa\/\" title=\"Ricerche di mercato sull\u2019intelligenza artificiale generativa\"  data-wpil-monitor-id=\"2025\">generation market research<\/a>, businesses can obtain a competitive edge and refine their marketing tactics, optimize operations and set themselves apart from competing businesses.<\/li>\n\n\n\n<li>By conducting <a href=\"https:\/\/www.sisinternational.com\/it\/competenza\/industrie\/ricerche-di-mercato-sullenergia-nucleare\/\" title=\"Ricerche di mercato sull&#039;energia nucleare\"  data-wpil-monitor-id=\"3307\">market research in the power<\/a> generation sector, businesses can identify their customers\u2019 behaviors and needs. This includes learning how they use energy sources and gauging what they are willing to pay for different types of energy solutions. With this knowledge, companies can devise products and services that satisfy their consumers&#8217; demands and desires.<\/li>\n\n\n\n<li>By conducting <a href=\"https:\/\/www.sisinternational.com\/it\/competenza\/industrie\/ricerche-di-mercato-sugli-utensili-elettrici\/\" title=\"Ricerche di mercato sugli utensili elettrici\"  data-wpil-monitor-id=\"4050\">ricerche di mercato sulla produzione di energia<\/a>, businesses can identify potential risks and challenges ahead of time. This could involve changes in regulations or shifts in consumer demand that may pose hazards if left unchecked. With this knowledge, companies have the opportunity to create strategic plans to counter these issues before they arise \u2013 thus allowing for a more stable future down the line.<\/li>\n<\/ul>\n\n\n\n<h2 class=\"wp-block-heading\">Tendenze attuali delle ricerche di mercato sulla produzione di energia<\/h2>\n\n\n\n<figure class=\"gb-block-image gb-block-image-06ab0b56\"><img loading=\"lazy\" decoding=\"async\" width=\"1456\" height=\"816\" class=\"gb-image gb-image-06ab0b56\" src=\"https:\/\/www.sisinternational.com\/wp-content\/uploads\/2025\/08\/NUclear-plant-nuclear-power-3.jpg\" alt=\"Ricerca e strategia di mercato internazionale SIS\" title=\"NUclear plant nuclear power (3)\" srcset=\"https:\/\/www.sisinternational.com\/wp-content\/uploads\/2025\/08\/NUclear-plant-nuclear-power-3.jpg 1456w, https:\/\/www.sisinternational.com\/wp-content\/uploads\/2025\/08\/NUclear-plant-nuclear-power-3-300x168.jpg 300w, https:\/\/www.sisinternational.com\/wp-content\/uploads\/2025\/08\/NUclear-plant-nuclear-power-3-1024x574.jpg 1024w, https:\/\/www.sisinternational.com\/wp-content\/uploads\/2025\/08\/NUclear-plant-nuclear-power-3-768x430.jpg 768w, https:\/\/www.sisinternational.com\/wp-content\/uploads\/2025\/08\/NUclear-plant-nuclear-power-3-18x10.jpg 18w\" sizes=\"auto, (max-width: 1456px) 100vw, 1456px\"><\/figure>\n\n\n\n<ul class=\"wp-block-list\">\n<li>Mentre la comunit\u00e0 globale si mobilita per mitigare il cambiamento climatico e ridurre le emissioni di carbonio, le fonti energetiche rinnovabili stanno guadagnando notevole attenzione. L\u2019energia eolica, i pannelli solari e l\u2019energia idroelettrica sono diventati elementi fondamentali nelle ricerche di mercato mentre gli esperti del settore esaminano il loro potenziale per la generazione di elettricit\u00e0.<\/li>\n\n\n\n<li>Il settore della produzione di energia sta attraversando un periodo di trasformazione dovuto all\u2019emergere di tecnologie rivoluzionarie come le reti intelligenti, i dispositivi di stoccaggio dell\u2019energia e i veicoli elettrici. Sono in corso iniziative di ricerca di mercato per valutare l\u2019impatto di questi nuovi sviluppi sulle imprese di questo settore e scoprire opportunit\u00e0 redditizie per loro.<\/li>\n\n\n\n<li>Government regulations and policies present a major influence on the power generation sector. To better understand these changes, power <a href=\"https:\/\/www.sisinternational.com\/it\/pubblicazioni\/ricerche-di-mercato-sulla-generazione-alfa\/\" title=\"Ricerche di mercato sulla Generazione Alpha\"  data-wpil-monitor-id=\"6657\">generation market research<\/a> analyzes the regulatory environment and pinpoint any impending shifts in regulation that could have an impact on the industry.<\/li>\n\n\n\n<li>Le imprese stanno investendo nei mercati emergenti poich\u00e9 testimoniano una crescita significativa nella produzione di energia dovuta allo sviluppo economico. Per sfruttare queste opportunit\u00e0 e affrontare qualsiasi sfida, la ricerca di mercato nella produzione di energia \u00e8 fondamentale per le aziende che cercano il successo in questi mercati.<\/li>\n<\/ul>\n\n\n\n<h2 class=\"wp-block-heading\">Principali attori e panorama competitivo nel mercato della produzione di energia<\/h2>\n\n\n\n<h3 class=\"wp-block-heading\">Il settore della produzione di energia \u00e8 un\u2019arena altamente competitiva, con una moltitudine di importanti organizzazioni in lizza per la loro porzione di mercato. Ecco alcuni giocatori pi\u00f9 degni di nota sul campo:<\/h3>\n\n\n\n<ul class=\"wp-block-list\">\n<li>General Electric (GE): GE stands as a giant in the power generation market, offering innovative products and services that span multiple energy sources. From conventional to renewable-based <a href=\"https:\/\/www.sisinternational.com\/it\/via-col-vento-la-crisi-finanziaria-e-lenergia-eolica\/\" title=\"Via col vento? La crisi finanziaria e l&#039;energia eolica\"  data-wpil-monitor-id=\"7491\">energies such as wind<\/a>, solar, and hydropower.<\/li>\n\n\n\n<li>Siemens: Siemens \u00e8 leader nel settore della produzione di energia, fornendo apparecchiature e servizi affidabili sia per le fonti energetiche tradizionali che per quelle rinnovabili. Ci\u00f2 include turbine a gas, turbine a vapore, turbine eoliche, nonch\u00e9 soluzioni legate all&#039;energia solare.<\/li>\n\n\n\n<li>ABB: ABB \u00e8 specializzata nella tecnologia della robotica, dell&#039;energia e dell&#039;automazione; offrendo una vasta selezione di soluzioni di generazione di energia ad alte prestazioni, tra cui turbine a gas, turbine a vapore e generatori, nonch\u00e9 sistemi elettrici.<\/li>\n<\/ul>\n\n\n\n<h2 class=\"wp-block-heading\">Opportunit\u00e0 per ricerche di mercato nella produzione di energia<\/h2>\n\n\n\n<ul class=\"wp-block-list\">\n<li>Attraverso le ricerche di mercato sulla produzione di energia, le aziende possono ottenere un vantaggio strategico scoprendo gruppi di clienti e mercati non ancora sfruttati. Comprendendo i loro specifici modelli, preferenze e comportamenti di utilizzo dell\u2019energia, le aziende possono curare strategicamente prodotti e servizi che soddisfano le esigenze di questi segmenti.<\/li>\n\n\n\n<li>Le aziende possono valutare meglio le potenziali nuove fonti energetiche come l\u2019energia solare, eolica e idroelettrica con l\u2019aiuto di ricerche di mercato sulla produzione di energia. Diversificando il proprio portafoglio energetico attraverso queste tecnologie emergenti, possono ridurre la dipendenza dai combustibili fossili tradizionali riducendo al minimo i rischi e portando avanti gli obiettivi di sostenibilit\u00e0.<\/li>\n\n\n\n<li>Le aziende possono acquisire preziose informazioni sui propri clienti e utilizzarle per sviluppare prodotti e servizi innovativi che soddisfino le loro mutevoli esigenze. Ad esempio, soluzioni energetiche intelligenti come i sistemi di accumulo di energia o la tecnologia di automazione domestica stanno diventando sempre pi\u00f9 popolari come risultato di questo tipo di ricerca.<\/li>\n\n\n\n<li>Sfruttando le ricerche di mercato sulla produzione di energia, le aziende possono scoprire eventuali inefficienze nelle loro operazioni e, quindi, migliorare il consumo di energia riducendo al contempo i costi.<\/li>\n\n\n\n<li>Le ricerche di mercato sulla produzione di energia sono indispensabili per rimanere aggiornati sulle normative e sulle norme ambientali. Attraverso un attento monitoraggio dello sviluppo normativo, le aziende possono non solo proteggersi da eventuali rischi, ma anche garantire la propria longevit\u00e0 nel lungo termine.<\/li>\n<\/ul>\n\n\n\n<h2 class=\"wp-block-heading\">Limitazioni della ricerca di mercato sulla produzione di energia<\/h2>\n\n\n\n<figure class=\"gb-block-image gb-block-image-b21d7a4e\"><img loading=\"lazy\" decoding=\"async\" width=\"1456\" height=\"816\" class=\"gb-image gb-image-b21d7a4e\" src=\"https:\/\/www.sisinternational.com\/wp-content\/uploads\/2025\/08\/Energy-Power-2.jpg\" alt=\"Ricerca e strategia di mercato internazionale SIS\" title=\"Energy &amp; Power (2)\" srcset=\"https:\/\/www.sisinternational.com\/wp-content\/uploads\/2025\/08\/Energy-Power-2.jpg 1456w, https:\/\/www.sisinternational.com\/wp-content\/uploads\/2025\/08\/Energy-Power-2-300x168.jpg 300w, https:\/\/www.sisinternational.com\/wp-content\/uploads\/2025\/08\/Energy-Power-2-1024x574.jpg 1024w, https:\/\/www.sisinternational.com\/wp-content\/uploads\/2025\/08\/Energy-Power-2-768x430.jpg 768w, https:\/\/www.sisinternational.com\/wp-content\/uploads\/2025\/08\/Energy-Power-2-18x10.jpg 18w\" sizes=\"auto, (max-width: 1456px) 100vw, 1456px\"><\/figure>\n\n\n\n<ul class=\"wp-block-list\">\n<li>Pu\u00f2 essere difficile acquisire un quadro affidabile del consumo e della produzione di energia nei paesi in via di sviluppo o nelle regioni con infrastrutture inadeguate.<\/li>\n\n\n\n<li>Le ricerche di mercato possono rappresentare una tensione finanziaria per le piccole imprese o le startup i cui budget sono limitati. Prima di condurre la ricerca, le aziende devono considerare attentamente il costo di implementazione e i suoi potenziali vantaggi.<\/li>\n\n\n\n<li>Senza accesso ai dati attuali, le aziende potrebbero essere fuorviate nel prendere decisioni nel mercato della produzione di energia. Le informazioni e le tendenze storiche possono creare un quadro ingannevole di ci\u00f2 che sta accadendo o che potrebbe accadere. Affinch\u00e9 le aziende possano fare scelte informate, devono garantire che la loro analisi incorpori numeri e approfondimenti aggiornati.<\/li>\n\n\n\n<li>Il settore energetico \u00e8 in continua trasformazione a causa delle tecnologie innovative e delle preferenze dei consumatori. Ci\u00f2 rende difficile anticipare correttamente le tendenze future e fare investimenti saggi a lungo termine.<\/li>\n<\/ul>\n\n\n\n<p>SIS International offre ricerca quantitativa, qualitativa e strategica. Forniamo dati, strumenti, strategie, report e approfondimenti per il processo decisionale. Conduciamo interviste, sondaggi, focus group e molti altri metodi e approcci di ricerca di mercato. Contattaci per il tuo prossimo progetto di ricerca di mercato.<\/p>","protected":false},"excerpt":{"rendered":"<p>Le ricerche di mercato sulla produzione di energia studiano la produzione e il consumo di elettricit\u00e0 da combustibili fossili, energia nucleare o forme rinnovabili.<\/p>","protected":false},"author":1,"featured_media":64806,"parent":14514,"menu_order":223,"comment_status":"closed","ping_status":"closed","template":"","meta":{"footnotes":""},"class_list":["post-41907","page","type-page","status-publish","has-post-thumbnail"],"_links":{"self":[{"href":"https:\/\/www.sisinternational.com\/it\/wp-json\/wp\/v2\/pages\/41907","targetHints":{"allow":["GET"]}}],"collection":[{"href":"https:\/\/www.sisinternational.com\/it\/wp-json\/wp\/v2\/pages"}],"about":[{"href":"https:\/\/www.sisinternational.com\/it\/wp-json\/wp\/v2\/types\/page"}],"author":[{"embeddable":true,"href":"https:\/\/www.sisinternational.com\/it\/wp-json\/wp\/v2\/users\/1"}],"replies":[{"embeddable":true,"href":"https:\/\/www.sisinternational.com\/it\/wp-json\/wp\/v2\/comments?post=41907"}],"version-history":[{"count":9,"href":"https:\/\/www.sisinternational.com\/it\/wp-json\/wp\/v2\/pages\/41907\/revisions"}],"predecessor-version":[{"id":81117,"href":"https:\/\/www.sisinternational.com\/it\/wp-json\/wp\/v2\/pages\/41907\/revisions\/81117"}],"up":[{"embeddable":true,"href":"https:\/\/www.sisinternational.com\/it\/wp-json\/wp\/v2\/pages\/14514"}],"wp:featuredmedia":[{"embeddable":true,"href":"https:\/\/www.sisinternational.com\/it\/wp-json\/wp\/v2\/media\/64806"}],"wp:attachment":[{"href":"https:\/\/www.sisinternational.com\/it\/wp-json\/wp\/v2\/media?parent=41907"}],"curies":[{"name":"wp","href":"https:\/\/api.w.org\/{rel}","templated":true}]}}