{"id":41904,"date":"2023-03-18T20:35:22","date_gmt":"2023-03-19T00:35:22","guid":{"rendered":"https:\/\/www.sisinternational.com\/?page_id=41904"},"modified":"2026-01-27T16:50:37","modified_gmt":"2026-01-27T21:50:37","slug":"ricerche-di-mercato-nel-settore-del-pollame","status":"publish","type":"page","link":"https:\/\/www.sisinternational.com\/it\/competenza\/ricerche-di-mercato-nel-settore-del-pollame\/","title":{"rendered":"Ricerche di mercato nel settore del pollame"},"content":{"rendered":"<h1 class=\"wp-block-heading\">Ricerche di mercato nel settore del pollame<\/h1>\n\n\n\n<figure class=\"gb-block-image gb-block-image-0cd30143\"><img loading=\"lazy\" decoding=\"async\" width=\"1456\" height=\"816\" class=\"gb-image gb-image-0cd30143\" src=\"https:\/\/www.sisinternational.com\/wp-content\/uploads\/2025\/08\/Poultry-chicken-3.jpg\" alt=\"Ricerca e strategia di mercato internazionale SIS\" title=\"Poultry chicken (3)\" srcset=\"https:\/\/www.sisinternational.com\/wp-content\/uploads\/2025\/08\/Poultry-chicken-3.jpg 1456w, https:\/\/www.sisinternational.com\/wp-content\/uploads\/2025\/08\/Poultry-chicken-3-300x168.jpg 300w, https:\/\/www.sisinternational.com\/wp-content\/uploads\/2025\/08\/Poultry-chicken-3-1024x574.jpg 1024w, https:\/\/www.sisinternational.com\/wp-content\/uploads\/2025\/08\/Poultry-chicken-3-768x430.jpg 768w, https:\/\/www.sisinternational.com\/wp-content\/uploads\/2025\/08\/Poultry-chicken-3-18x10.jpg 18w\" sizes=\"auto, (max-width: 1456px) 100vw, 1456px\"><\/figure>\n\n\n\n<p><\/p>\n\n\n\n<p>Le ricerche di mercato del pollame forniscono approfondimenti sul comportamento dei consumatori, sulle tendenze del mercato e su altri fattori che possono influenzare la domanda e l\u2019offerta di prodotti avicoli. La ricerca in genere prevede l&#039;uso di vari metodi, come sondaggi e analisi dei dati, solo per citarne alcuni.<\/p>\n\n\n\n<p>I dati e le strategie nel settore del mercato del pollame possono essere utilizzati dalle aziende e da altre parti interessate per prendere decisioni informate sullo sviluppo del prodotto, sul marketing, sulla distribuzione e su altre strategie aziendali. Le ricerche di mercato nel settore del pollame possono anche aiutare a identificare nuove opportunit\u00e0 e aree di crescita nel settore del pollame.<\/p>\n\n\n\n<h2 class=\"wp-block-heading\">Comprendere il mercato del pollame<\/h2>\n\n\n\n<p>Il mercato del pollame comprende uccelli domestici allevati per la loro carne, uova o piume. Le specie di pollame pi\u00f9 comunemente coltivate includono polli, tacchini, anatre, oche e quaglie. Questi uccelli vengono generalmente allevati in strutture o fattorie specializzate dove ricevono mangime, acqua e riparo.<\/p>\n\n\n\n<p>Nelle ricerche di mercato del pollame, l\u2019obiettivo principale \u00e8 l\u2019uso del pollame per la produzione di carne, essendo i polli la specie pi\u00f9 popolare allevata per questo scopo. La carne di pollame \u00e8 una fonte significativa di proteine per le persone di tutto il mondo e viene consumata in varie forme, come volatili interi, parti, carne macinata e prodotti trasformati come salsicce e crocchette.<\/p>\n\n\n\n<p>Tuttavia, l\u2019industria del pollame produce una variet\u00e0 di prodotti finali utilizzati per vari scopi. Ecco alcuni dei principali prodotti finali dell&#039;industria del pollame:<\/p>\n\n\n\n<h3 class=\"wp-block-heading\">Carne di pollame<\/h3>\n\n\n\n<figure class=\"gb-block-image gb-block-image-4cc87ead\"><img loading=\"lazy\" decoding=\"async\" width=\"1456\" height=\"816\" class=\"gb-image gb-image-4cc87ead\" src=\"https:\/\/www.sisinternational.com\/wp-content\/uploads\/2025\/08\/Poultry-chicken-5.jpg\" alt=\"Ricerca e strategia di mercato internazionale SIS\" title=\"Poultry chicken (5)\" srcset=\"https:\/\/www.sisinternational.com\/wp-content\/uploads\/2025\/08\/Poultry-chicken-5.jpg 1456w, https:\/\/www.sisinternational.com\/wp-content\/uploads\/2025\/08\/Poultry-chicken-5-300x168.jpg 300w, https:\/\/www.sisinternational.com\/wp-content\/uploads\/2025\/08\/Poultry-chicken-5-1024x574.jpg 1024w, https:\/\/www.sisinternational.com\/wp-content\/uploads\/2025\/08\/Poultry-chicken-5-768x430.jpg 768w, https:\/\/www.sisinternational.com\/wp-content\/uploads\/2025\/08\/Poultry-chicken-5-18x10.jpg 18w\" sizes=\"auto, (max-width: 1456px) 100vw, 1456px\"><\/figure>\n\n\n\n<p><\/p>\n\n\n\n<p>Il prodotto finale principale dell&#039;industria del pollame \u00e8 la carne, che viene consumata come fonte di proteine. Le carni di pollame pi\u00f9 comunemente prodotte includono pollo, tacchino, anatra e oca. La carne di pollame viene venduta in varie forme, come uccelli interi, parti (cosce, ali e petti), carne macinata e prodotti lavorati come salsicce e crocchette.<\/p>\n\n\n\n<h3 class=\"wp-block-heading\">Uova<\/h3>\n\n\n\n<p>Un altro prodotto finale essenziale dell\u2019industria del pollame sono le uova, che vengono utilizzate in vari prodotti alimentari e consumate da sole come fonte di proteine. Le uova di gallina sono le pi\u00f9 comunemente prodotte nell&#039;industria, ma anche altri uccelli, come anatre e quaglie, vengono allevati per le loro uova.<\/p>\n\n\n\n<h3 class=\"wp-block-heading\">Piume<\/h3>\n\n\n\n<p>Le piume di pollame sono un altro prodotto finale dell&#039;industria utilizzato per vari scopi come isolamento, biancheria da letto e articoli decorativi. Le piume possono anche essere trasformate in mangimi per animali ad alto contenuto proteico.<\/p>\n\n\n\n<h3 class=\"wp-block-heading\">Letame<\/h3>\n\n\n\n<p>Il letame di pollame \u00e8 un sottoprodotto prezioso che pu\u00f2 essere utilizzato come fertilizzante in agricoltura. Il letame \u00e8 ricco di sostanze nutritive che possono aiutare a migliorare la fertilit\u00e0 del suolo e, di conseguenza, avere un impatto sui raccolti.<\/p>\n\n\n\n<h3 class=\"wp-block-heading\">Biogas<\/h3>\n\n\n\n<p>Gli scarti di pollame possono essere trasformati in biogas e utilizzati come fonte di energia rinnovabile. Per produrre biogas viene utilizzato un processo chiamato digestione anaerobica, in cui i microrganismi scompongono la materia organica in assenza di ossigeno.<\/p>\n\n\n\n<h2 class=\"wp-block-heading\">Copertura delle ricerche di mercato del pollame<\/h2>\n\n\n\n<figure class=\"gb-block-image gb-block-image-30b35eb2\"><img loading=\"lazy\" decoding=\"async\" width=\"1456\" height=\"816\" class=\"gb-image gb-image-30b35eb2\" src=\"https:\/\/www.sisinternational.com\/wp-content\/uploads\/2025\/08\/Poultry-chicken-1.jpg\" alt=\"Ricerca e strategia di mercato internazionale SIS\" title=\"Poultry chicken (1)\" srcset=\"https:\/\/www.sisinternational.com\/wp-content\/uploads\/2025\/08\/Poultry-chicken-1.jpg 1456w, https:\/\/www.sisinternational.com\/wp-content\/uploads\/2025\/08\/Poultry-chicken-1-300x168.jpg 300w, https:\/\/www.sisinternational.com\/wp-content\/uploads\/2025\/08\/Poultry-chicken-1-1024x574.jpg 1024w, https:\/\/www.sisinternational.com\/wp-content\/uploads\/2025\/08\/Poultry-chicken-1-768x430.jpg 768w, https:\/\/www.sisinternational.com\/wp-content\/uploads\/2025\/08\/Poultry-chicken-1-18x10.jpg 18w\" sizes=\"auto, (max-width: 1456px) 100vw, 1456px\"><\/figure>\n\n\n\n<p><\/p>\n\n\n\n<p>The collection of data and <a href=\"https:\/\/www.sisinternational.com\/it\/il-ruolo-dello-sviluppo-di-processi-e-sistemi-nel-successo-organizzativo\/\" title=\"Ricerche di mercato sulla progettazione organizzativa\"  data-wpil-monitor-id=\"8124\">strategies in poultry market<\/a> industry aims to understand consumer preferences and behavior, as well as the attitudes and behavior of industry players. Poultry market research may cover a range of topics, such as the following:<\/p>\n\n\n\n<ul class=\"wp-block-list\">\n<li>metodi di allevamento e produzione del pollame<\/li>\n\n\n\n<li>prezzi dei prodotti avicoli e strategia di prezzo<\/li>\n\n\n\n<li>diversi canali distributivi e analisi della filiera<\/li>\n\n\n\n<li>influence of labeling and <a href=\"https:\/\/www.sisinternational.com\/it\/soluzioni\/ricerca-sui-beni-di-consumo-confezionati\/\" title=\"Ricerca sui beni di consumo confezionati\"  data-wpil-monitor-id=\"8125\">packaging on consumer<\/a> percezioni<\/li>\n\n\n\n<li>dimensione del mercato e potenziale di crescita<\/li>\n\n\n\n<li>panorama competitivo dei principali attori del settore avicolo<\/li>\n\n\n\n<li>domanda di prodotti avicoli in vari dati demografici<\/li>\n\n\n\n<li>impatto delle preoccupazioni relative alla sicurezza alimentare sulla domanda dei consumatori<\/li>\n<\/ul>\n\n\n\n<h2 class=\"wp-block-heading\">Mercato di riferimento per la ricerca di mercato del pollame<\/h2>\n\n\n\n<p>The target <a href=\"https:\/\/www.sisinternational.com\/it\/competenza\/curriculum-di-esperienza\/ricerche-di-mercato-sui-prodotti-per-la-cura-personale\/\" title=\"Ricerche di mercato sui prodotti per la cura personale\"  data-wpil-monitor-id=\"8126\">market for poultry products<\/a> includes a wide range of consumers, such as individuals, families, restaurants, food processors, and retailers.<\/p>\n\n\n\n<p>Here are some key segments of the target <a href=\"https:\/\/www.sisinternational.com\/it\/soluzioni\/consulenza-strategica\/ricerca-di-mercato-minima-del-prodotto-praticabile\/\" title=\"Ricerca di mercato sui prodotti minimi validi\"  data-wpil-monitor-id=\"8127\">market for poultry products<\/a>:<\/p>\n\n\n\n<h3 class=\"wp-block-heading\">Individui e famiglie<\/h3>\n\n\n\n<p>I prodotti a base di pollame, come pollo e tacchino, sono consumati da persone di tutte le et\u00e0 e livelli di reddito. Questi prodotti vengono spesso acquistati da individui e famiglie per il loro valore nutrizionale, gusto e praticit\u00e0.<\/p>\n\n\n\n<h3 class=\"wp-block-heading\">Ristoranti e fornitori di servizi di ristorazione<\/h3>\n\n\n\n<p>I prodotti a base di pollame sono ampiamente utilizzati nei ristoranti e in altri servizi di ristorazione, come mense, societ\u00e0 di catering e hotel. Queste aziende acquistano prodotti a base di pollame sfusi da utilizzare in voci di menu come panini, insalate e antipasti.<\/p>\n\n\n\n<h3 class=\"wp-block-heading\">Trasformatori e produttori di prodotti alimentari<\/h3>\n\n\n\n<p>I prodotti a base di pollame sono un ingrediente fondamentale in molti prodotti alimentari trasformati, come salsicce, hot dog e pasti surgelati. I trasformatori e i produttori di alimenti acquistano prodotti a base di pollame in grandi quantit\u00e0 da utilizzare nei loro prodotti.<\/p>\n\n\n\n<h3 class=\"wp-block-heading\">Rivenditori<\/h3>\n\n\n\n<p>I prodotti a base di pollame vengono venduti in una variet\u00e0 di contesti di vendita al dettaglio, come supermercati, negozi specializzati e rivenditori online. I rivenditori si rivolgono a un\u2019ampia gamma di consumatori, dagli acquirenti attenti al budget a coloro che sono disposti a pagare un sovrapprezzo per prodotti di pollame biologici e di alta qualit\u00e0.<\/p>\n\n\n\n<h3 class=\"wp-block-heading\">Mercati internazionali<\/h3>\n\n\n\n<p>Poultry <a href=\"https:\/\/www.sisinternational.com\/it\/competenza\/industrie\/ricerche-di-mercato-sui-prodotti-nasali\/\" title=\"Ricerche di mercato sui prodotti nasali\"  data-wpil-monitor-id=\"8128\">products are also exported to global markets<\/a>, where they are consumed by a diverse range of consumers.<\/p>\n\n\n\n<h2 class=\"wp-block-heading\">Vantaggi delle ricerche di mercato sul pollame<\/h2>\n\n\n\n<p>Le ricerche di mercato nel settore del pollame offrono numerosi vantaggi alle aziende e ai principali attori del settore del pollame. Ecco qui alcuni di loro:<\/p>\n\n\n\n<ul class=\"wp-block-list\">\n<li>Poultry market research can provide knowledge and understanding on the needs and purchasing behavior of their target consumers. This information can help individuals and businesses to gather data and <a href=\"https:\/\/www.sisinternational.com\/it\/soluzioni\/e-la-crescita-globale\/consulenza-strategica-sui-mercati-emergenti\/\" title=\"Consulenza strategica sui mercati emergenti\"  data-wpil-monitor-id=\"8129\">strategies in poultry market<\/a> industry that can result to higher profitability.<\/li>\n\n\n\n<li>Le ricerche di mercato forniscono approfondimenti sulle tendenze del mercato che possono aiutare le aziende a identificare opportunit\u00e0 future, come cambiamenti nelle preferenze dei consumatori, cambiamenti nei canali di distribuzione e progressi tecnologici. Queste informazioni possono aiutare le aziende a rimanere competitive e ad adattarsi ai cambiamenti del mercato.<\/li>\n\n\n\n<li>Businesses can determine the optimal <a href=\"https:\/\/www.sisinternational.com\/it\/soluzioni\/ricerca-di-consulenza-strategica-fintech\/strategia-di-prezzo\/\" title=\"Ricerca sulla strategia di prezzo\"  data-wpil-monitor-id=\"8130\">pricing and promotion strategies<\/a> for their products. By understanding the pricing sensitivities and promotional preferences of their target consumers, companies can develop pricing and promotion strategies that maximize their revenue and profitability.<\/li>\n<\/ul>\n\n\n\n<h2 class=\"wp-block-heading\">Informazioni sulle ricerche di mercato del pollame<\/h2>\n\n\n\n<figure class=\"gb-block-image gb-block-image-440e5979\"><img loading=\"lazy\" decoding=\"async\" width=\"1456\" height=\"816\" class=\"gb-image gb-image-440e5979\" src=\"https:\/\/www.sisinternational.com\/wp-content\/uploads\/2025\/08\/Poultry-chicken-6.jpg\" alt=\"Ricerca e strategia di mercato internazionale SIS\" title=\"Poultry chicken (6)\" srcset=\"https:\/\/www.sisinternational.com\/wp-content\/uploads\/2025\/08\/Poultry-chicken-6.jpg 1456w, https:\/\/www.sisinternational.com\/wp-content\/uploads\/2025\/08\/Poultry-chicken-6-300x168.jpg 300w, https:\/\/www.sisinternational.com\/wp-content\/uploads\/2025\/08\/Poultry-chicken-6-1024x574.jpg 1024w, https:\/\/www.sisinternational.com\/wp-content\/uploads\/2025\/08\/Poultry-chicken-6-768x430.jpg 768w, https:\/\/www.sisinternational.com\/wp-content\/uploads\/2025\/08\/Poultry-chicken-6-18x10.jpg 18w\" sizes=\"auto, (max-width: 1456px) 100vw, 1456px\"><\/figure>\n\n\n\n<p><\/p>\n\n\n\n<p>The gathered data and <a href=\"https:\/\/www.sisinternational.com\/it\/strategia-di-marketing-multicanale-b2b\/\" title=\"Strategia di marketing multicanale B2B\"  data-wpil-monitor-id=\"8131\">strategies in the poultry market<\/a> industry are vital to the success of businesses or key players. As market research provides insights into consumer preferences, market trends, pricing and promotion strategies, product development, and other business aspects, it will enable businesses to create informed decisions that can result in increased sales, profitability, and market share.<\/p>\n\n\n\n<p>With the growing demand for poultry products around the world, businesses that invest in poultry market research are better equipped to capitalize on new opportunities and adapt to changing market conditions. As the poultry industry faces new challenges related to sustainability, animal welfare, and food safety, market research can help businesses stay ahead of these trends and develop <a href=\"https:\/\/www.sisinternational.com\/it\/salute-intelligente\/\" title=\"Ricerche di mercato sulla salute intelligente\"  data-wpil-monitor-id=\"7623\">innovative solutions<\/a> that meet the needs of consumers and society as a whole.<\/p>","protected":false},"excerpt":{"rendered":"<p>Le ricerche di mercato del pollame forniscono approfondimenti sul comportamento dei consumatori, sulle tendenze del mercato e su altri fattori che influenzano la domanda e l\u2019offerta di pollame.<\/p>","protected":false},"author":1,"featured_media":64447,"parent":14514,"menu_order":222,"comment_status":"closed","ping_status":"closed","template":"","meta":{"footnotes":""},"class_list":["post-41904","page","type-page","status-publish","has-post-thumbnail"],"_links":{"self":[{"href":"https:\/\/www.sisinternational.com\/it\/wp-json\/wp\/v2\/pages\/41904","targetHints":{"allow":["GET"]}}],"collection":[{"href":"https:\/\/www.sisinternational.com\/it\/wp-json\/wp\/v2\/pages"}],"about":[{"href":"https:\/\/www.sisinternational.com\/it\/wp-json\/wp\/v2\/types\/page"}],"author":[{"embeddable":true,"href":"https:\/\/www.sisinternational.com\/it\/wp-json\/wp\/v2\/users\/1"}],"replies":[{"embeddable":true,"href":"https:\/\/www.sisinternational.com\/it\/wp-json\/wp\/v2\/comments?post=41904"}],"version-history":[{"count":5,"href":"https:\/\/www.sisinternational.com\/it\/wp-json\/wp\/v2\/pages\/41904\/revisions"}],"predecessor-version":[{"id":81368,"href":"https:\/\/www.sisinternational.com\/it\/wp-json\/wp\/v2\/pages\/41904\/revisions\/81368"}],"up":[{"embeddable":true,"href":"https:\/\/www.sisinternational.com\/it\/wp-json\/wp\/v2\/pages\/14514"}],"wp:featuredmedia":[{"embeddable":true,"href":"https:\/\/www.sisinternational.com\/it\/wp-json\/wp\/v2\/media\/64447"}],"wp:attachment":[{"href":"https:\/\/www.sisinternational.com\/it\/wp-json\/wp\/v2\/media?parent=41904"}],"curies":[{"name":"wp","href":"https:\/\/api.w.org\/{rel}","templated":true}]}}