{"id":41893,"date":"2023-03-18T19:23:11","date_gmt":"2023-03-18T23:23:11","guid":{"rendered":"https:\/\/www.sisinternational.com\/?page_id=41893"},"modified":"2026-01-24T21:12:24","modified_gmt":"2026-01-25T02:12:24","slug":"ricerche-di-mercato-sulle-materie-plastiche","status":"publish","type":"page","link":"https:\/\/www.sisinternational.com\/it\/competenza\/ricerche-di-mercato-sulle-materie-plastiche\/","title":{"rendered":"Ricerche di mercato sulla plastica"},"content":{"rendered":"<h1 class=\"wp-block-heading\">Ricerche di mercato sulla plastica<\/h1>\n\n\n\n<figure class=\"gb-block-image gb-block-image-c5f7ee09\"><img loading=\"lazy\" decoding=\"async\" width=\"1456\" height=\"816\" class=\"gb-image gb-image-c5f7ee09\" src=\"https:\/\/www.sisinternational.com\/wp-content\/uploads\/2025\/08\/Plastics-4.jpg\" alt=\"Ricerca e strategia di mercato internazionale SIS\" title=\"Plastics (4)\" srcset=\"https:\/\/www.sisinternational.com\/wp-content\/uploads\/2025\/08\/Plastics-4.jpg 1456w, https:\/\/www.sisinternational.com\/wp-content\/uploads\/2025\/08\/Plastics-4-300x168.jpg 300w, https:\/\/www.sisinternational.com\/wp-content\/uploads\/2025\/08\/Plastics-4-1024x574.jpg 1024w, https:\/\/www.sisinternational.com\/wp-content\/uploads\/2025\/08\/Plastics-4-768x430.jpg 768w, https:\/\/www.sisinternational.com\/wp-content\/uploads\/2025\/08\/Plastics-4-18x10.jpg 18w\" sizes=\"auto, (max-width: 1456px) 100vw, 1456px\"><\/figure>\n\n\n\n<p><\/p>\n\n\n\n<p>Le materie plastiche sono un gruppo di materiali sintetici o semisintetici costituiti da polimeri. I polimeri sono grandi molecole composte da unit\u00e0 ripetitive chiamate monomeri. I produttori di plastica possono modellare e modellare i loro prodotti in varie forme. Pertanto, sono utili in molte applicazioni diverse.<\/p>\n\n\n\n<p>The majority of plastics come from petrochemicals such as <a href=\"https:\/\/www.sisinternational.com\/it\/competenza\/industrie\/ricerche-di-mercato-del-petrolio-e-del-gas\/\" title=\"Ricerche di mercato nel settore del petrolio e del gas\"  data-wpil-monitor-id=\"9876\">oil and natural gas<\/a>. Some are also made from renewable sources like cornstarch or sugarcane. We can classify plastics into two main categories: thermoplastics and thermosetting plastics.<\/p>\n\n\n\n<p>Possiamo fondere e rimodellare i materiali termoplastici pi\u00f9 volte quando riscaldati. Al contrario, le plastiche termoindurenti diventano rigide una volta formate. Non possiamo rimodellarli dopo.<\/p>\n\n\n\n<p>Alcuni tipi comuni di plastica includono polietilene, polipropilene e cloruro di polivinile (PVC). Il polistirene e il polietilene tereftalato (PET) sono altri due tipi popolari di plastica.<\/p>\n\n\n\n<p>Le materie plastiche hanno molte propriet\u00e0 preziose. Ad esempio, sono leggeri, durevoli e resistenti all&#039;umidit\u00e0 e agli agenti chimici. Ma hanno anche effetti negativi sull\u2019ambiente. Contribuiscono all\u2019inquinamento, ai rifiuti e all\u2019accumulo di microplastiche negli ecosistemi.<\/p>\n\n\n\n<h2 class=\"wp-block-heading\">Perch\u00e9 la plastica \u00e8 importante?<\/h2>\n\n\n\n<p>La plastica \u00e8 importante per diversi motivi. Per cominciare, sono materiali versatili. Possiamo modellarli e modellarli in una vasta gamma di prodotti. Li utilizziamo in vari settori, come l&#039;imballaggio e l&#039;edilizia. Sono preziosi anche per l&#039;industria automobilistica, sanitaria ed elettronica.<\/p>\n\n\n\n<p>La plastica \u00e8 un materiale durevole in grado di resistere all&#039;usura. Pertanto, sono ideali per prodotti di lunga durata come tubi, giocattoli e mobili. La plastica \u00e8 anche pi\u00f9 economica di altri materiali, come metallo e vetro. Pertanto, rappresentano un\u2019opzione interessante per produttori e consumatori.<\/p>\n\n\n\n<p>La plastica \u00e8 leggera, il che riduce i costi di trasporto e il consumo di energia durante la spedizione. La plastica \u00e8 utile anche per preservare le risorse poich\u00e9 pu\u00f2 essere prodotta con materiali riciclati. Possono anche contribuire a ridurre gli sprechi alimentari prolungando la durata di conservazione dei prodotti.<\/p>\n\n\n\n<p>\u00c8 facile vedere che la plastica ha molti vantaggi. Tuttavia, il loro smaltimento improprio pu\u00f2 anche avere un impatto negativo sull\u2019ambiente. Ad esempio, pu\u00f2 causare inquinamento, rifiuti e danni alla fauna selvatica. Pertanto, essere responsabili nella gestione dell\u2019uso e dello smaltimento della plastica \u00e8 essenziale. L&#039;uso e lo smaltimento corretti ridurranno il loro impatto negativo sull&#039;ambiente.<\/p>\n\n\n\n<h2 class=\"wp-block-heading\">Titoli di lavoro chiave<\/h2>\n\n\n\n<p>Esistono diversi titoli professionali chiave nel settore della plastica, tra cui:<\/p>\n\n\n\n<ol class=\"wp-block-list\">\n<li><strong>Scienziato\/chimico dei polimeri:<\/strong> sviluppa nuovi materiali polimerici e migliora quelli esistenti.<\/li>\n\n\n\n<li><strong>Ingegnere di processo:<\/strong> progetta, sviluppa e ottimizza i processi utilizzati per produrre prodotti in plastica.<\/li>\n\n\n\n<li><strong>Responsabile del controllo qualit\u00e0:<\/strong> Garantisce che i prodotti in plastica soddisfino gli standard e le normative di qualit\u00e0.<\/li>\n\n\n\n<li><strong>Ingegnere di attrezzature:<\/strong> progetta e costruisce stampi e matrici utilizzati nei processi di lavorazione della plastica.<\/li>\n\n\n\n<li><strong>Manager di produzione:<\/strong> presidia l&#039;intero processo produttivo, dalle materie prime ai prodotti finiti.<\/li>\n\n\n\n<li><strong>Sales and <\/strong><a href=\"https:\/\/www.sisinternational.com\/it\/soluzioni\/ricerca-di-consulenza-strategica-fintech\/consulenza-strategica-per-la-ricerca-di-mercato-nella-gestione-del-cambiamento-dei-servizi-finanziari\/\" title=\"Ricerca di mercato e consulenza strategica sulla gestione del cambiamento dei servizi finanziari\"  data-wpil-monitor-id=\"9870\">Marketing Manager: develops and implements strategies<\/a> to sell plastic products. The Sales and <a href=\"https:\/\/www.sisinternational.com\/it\/pubblicita-shock-e-marketing-shock\/\" title=\"Pubblicit\u00e0 shock e marketing shock\"  data-wpil-monitor-id=\"9869\">Marketing Manager also builds brand<\/a> awareness.<\/li>\n\n\n\n<li><strong>Ingegnere ambientale:<\/strong> progetta e implementa processi per la gestione dell&#039;impatto ambientale. Promuovono la produzione e lo smaltimento della plastica ecologica.<\/li>\n\n\n\n<li><strong>Ingegnere progettista:<\/strong> utilizza software di progettazione assistita da computer (CAD) per sviluppare nuovi prodotti in plastica.<\/li>\n\n\n\n<li><strong>Operatore della macchina:<\/strong> gestisce e mantiene le macchine utilizzate nei processi di produzione della plastica.<\/li>\n\n\n\n<li><strong>Responsabile Ricerca e Sviluppo:<\/strong> <a href=\"https:\/\/www.sisinternational.com\/it\/ricerche-di-mercato-sulla-generazione-di-lead-b2b\/\" title=\"Ricerca di mercato sulla generazione di lead B2B\"  data-wpil-monitor-id=\"9873\">leads<\/a> research efforts to develop new plastic materials. They also help come up with technologies and products.<\/li>\n<\/ol>\n\n\n\n<h2 class=\"wp-block-heading\">Perch\u00e9 le aziende hanno bisogno della plastica<\/h2>\n\n\n\n<p>Le aziende hanno bisogno della plastica per diversi motivi. Come abbiamo accennato in precedenza, sono convenienti. La plastica \u00e8 generalmente meno costosa del metallo, del vetro o del legno. Pertanto, rappresentano un\u2019opzione interessante per le aziende che desiderano ridurre i costi.<\/p>\n\n\n\n<p>La plastica \u00e8 facile da pulire e disinfettare. Pertanto, questo materiale \u00e8 ideale per applicazioni che richiedono elevati livelli di igiene. Sono comunemente usati per apparecchiature mediche e imballaggi alimentari.<\/p>\n\n\n\n<p>L\u2019industria ha sviluppato nuovi materiali e tecnologie plastiche. Queste innovazioni hanno portato alla creazione di nuovi prodotti e iniziative. Esempi sono la stampa 3D e la plastica biodegradabile.<\/p>\n\n\n\n<p>La plastica fornisce alle aziende un materiale conveniente, versatile e durevole. Possono essere utilizzati in un&#039;ampia gamma di applicazioni.<\/p>\n\n\n\n<h2 class=\"wp-block-heading\">Fattori chiave del successo<\/h2>\n\n\n\n<p>The main critical success factor in the plastics industry is innovation. The ability to develop new plastic materials and technologies is crucial for success. Companies that invest in research and <a href=\"https:\/\/www.sisinternational.com\/it\/sviluppare-un-vantaggio-competitivo-sostenibile\/\" title=\"Sviluppare un vantaggio competitivo sostenibile\"  data-wpil-monitor-id=\"9871\">development have a competitive advantage<\/a>. Why? Because they can bring innovative <a href=\"https:\/\/www.sisinternational.com\/it\/competenza\/curriculum-di-esperienza\/ricerche-di-mercato-sui-prodotti-per-la-cura-personale\/\" title=\"Ricerche di mercato sui prodotti per la cura personale\"  data-wpil-monitor-id=\"9874\">products to market<\/a>.<\/p>\n\n\n\n<p>La qualit\u00e0 \u00e8 fondamentale anche nel settore della plastica. Le aziende devono realizzare prodotti di alta qualit\u00e0 che soddisfino i requisiti dei clienti e gli standard normativi. Tali aziende hanno maggiori possibilit\u00e0 di successo.<\/p>\n\n\n\n<p>Firms must be able to produce plastic products at a lower cost than competitors. That is important for success. Companies that have efficient manufacturing processes can achieve cost savings. So can <a href=\"https:\/\/www.sisinternational.com\/it\/soluzioni\/legal-market-research\/law-firm-technology-integration\/\" title=\"Law Firm Technology Integration\u00a0\u00a0\u00a0\"  data-wpil-monitor-id=\"9875\">firms that use automation and technology<\/a> and optimize their supply chain.<\/p>\n\n\n\n<p>Le aziende devono comprendere e soddisfare le esigenze e le preferenze dei clienti. Tali aziende hanno maggiori probabilit\u00e0 di successo. Pertanto, devono progettare e produrre prodotti che soddisfino le esigenze dei clienti. Devono anche fornire un eccellente servizio clienti. La chiave \u00e8 costruire relazioni forti con i clienti.<\/p>\n\n\n\n<p>La sostenibilit\u00e0 sta diventando sempre pi\u00f9 importante nel settore della plastica. Le aziende devono adottare pratiche sostenibili. Le aziende che utilizzano materiali riciclati e riducono i rifiuti hanno maggiori probabilit\u00e0 di successo a lungo termine.<\/p>\n\n\n\n<p>L\u2019industria della plastica richiede una forza lavoro qualificata con esperienza nella scienza dei materiali. Ha bisogno anche di esperti in ingegneria, progettazione e produzione. Le aziende dovrebbero investire nei propri dipendenti e offrire opportunit\u00e0 di formazione e sviluppo. Tali aziende hanno maggiori probabilit\u00e0 di attrarre e trattenere lavoratori qualificati.<\/p>\n\n\n\n<p>L\u2019industria della plastica \u00e8 soggetta a diverse normative. Deve seguire quelli relativi alla sicurezza del prodotto, alla tutela dell&#039;ambiente e alla gestione dei rifiuti. Le aziende che seguono le leggi applicabili e gestiscono il rischio hanno maggiori probabilit\u00e0 di successo.<\/p>\n\n\n\n<h2 class=\"wp-block-heading\">Informazioni sulle ricerche di mercato sulla plastica<\/h2>\n\n\n\n<p>SIS International can conduct your <a class=\"wpil_keyword_link\" href=\"https:\/\/www.sisinternational.com\/it\/tools-and-resources-for-qualitative-market-research\/\"   title=\"Tools and Resources for Qualitative Market Research\" data-wpil-keyword-link=\"linked\"  data-wpil-monitor-id=\"708\">Ricerche di mercato qualitative<\/a>. We can help you determine if investing in Plastics is right for you. Our <a href=\"https:\/\/www.sisinternational.com\/it\/soluzioni\/ricerche-di-mercato-con-focus-group\/\" title=\"Focus Group Ricerche di mercato\"  data-wpil-monitor-id=\"9872\">research includes organizing Focus Groups<\/a>, Surveys, and Interviews. As part of your Qualitative research, you can also receive a Competitive Analysis. We can help you to come up with your Go to Market Strategy. We help you break into new <a href=\"https:\/\/www.sisinternational.com\/it\/competenza\/industrie\/ricerche-di-mercato-sul-web-scraping\/\" title=\"Ricerche di mercato sul web scraping\"  data-wpil-monitor-id=\"3238\">markets with Market Entry Research<\/a> and Market Sizing Research. SIS also offers UX Market Research and Strategy Market Research. Contact us today for a consultation.<\/p>","protected":false},"excerpt":{"rendered":"<p>La plastica si modella e d\u00e0 forma a molti prodotti. Li utilizziamo per i settori dell&#039;imballaggio, dell&#039;edilizia, automobilistico, sanitario ed elettronico.<\/p>","protected":false},"author":1,"featured_media":64328,"parent":14514,"menu_order":220,"comment_status":"closed","ping_status":"closed","template":"","meta":{"footnotes":""},"class_list":["post-41893","page","type-page","status-publish","has-post-thumbnail"],"_links":{"self":[{"href":"https:\/\/www.sisinternational.com\/it\/wp-json\/wp\/v2\/pages\/41893","targetHints":{"allow":["GET"]}}],"collection":[{"href":"https:\/\/www.sisinternational.com\/it\/wp-json\/wp\/v2\/pages"}],"about":[{"href":"https:\/\/www.sisinternational.com\/it\/wp-json\/wp\/v2\/types\/page"}],"author":[{"embeddable":true,"href":"https:\/\/www.sisinternational.com\/it\/wp-json\/wp\/v2\/users\/1"}],"replies":[{"embeddable":true,"href":"https:\/\/www.sisinternational.com\/it\/wp-json\/wp\/v2\/comments?post=41893"}],"version-history":[{"count":7,"href":"https:\/\/www.sisinternational.com\/it\/wp-json\/wp\/v2\/pages\/41893\/revisions"}],"predecessor-version":[{"id":81639,"href":"https:\/\/www.sisinternational.com\/it\/wp-json\/wp\/v2\/pages\/41893\/revisions\/81639"}],"up":[{"embeddable":true,"href":"https:\/\/www.sisinternational.com\/it\/wp-json\/wp\/v2\/pages\/14514"}],"wp:featuredmedia":[{"embeddable":true,"href":"https:\/\/www.sisinternational.com\/it\/wp-json\/wp\/v2\/media\/64328"}],"wp:attachment":[{"href":"https:\/\/www.sisinternational.com\/it\/wp-json\/wp\/v2\/media?parent=41893"}],"curies":[{"name":"wp","href":"https:\/\/api.w.org\/{rel}","templated":true}]}}