{"id":41882,"date":"2023-03-18T18:21:14","date_gmt":"2023-03-18T22:21:14","guid":{"rendered":"https:\/\/www.sisinternational.com\/?page_id=41882"},"modified":"2026-01-24T18:41:17","modified_gmt":"2026-01-24T23:41:17","slug":"ricerche-di-mercato-sui-prodotti-chimici-organici","status":"publish","type":"page","link":"https:\/\/www.sisinternational.com\/it\/competenza\/ricerche-di-mercato-sui-prodotti-chimici-organici\/","title":{"rendered":"Ricerche di mercato sui prodotti chimici organici"},"content":{"rendered":"<h1 class=\"wp-block-heading\">Ricerche di mercato sui prodotti chimici organici<\/h1>\n\n\n\n<figure class=\"gb-block-image gb-block-image-7463948d\"><img loading=\"lazy\" decoding=\"async\" width=\"1456\" height=\"816\" class=\"gb-image gb-image-7463948d\" src=\"https:\/\/www.sisinternational.com\/wp-content\/uploads\/2025\/09\/Chemicals-1-1.jpg\" alt=\"Ricerca e strategia di mercato internazionale SIS\" title=\"Chemicals (1)\" srcset=\"https:\/\/www.sisinternational.com\/wp-content\/uploads\/2025\/09\/Chemicals-1-1.jpg 1456w, https:\/\/www.sisinternational.com\/wp-content\/uploads\/2025\/09\/Chemicals-1-1-300x168.jpg 300w, https:\/\/www.sisinternational.com\/wp-content\/uploads\/2025\/09\/Chemicals-1-1-1024x574.jpg 1024w, https:\/\/www.sisinternational.com\/wp-content\/uploads\/2025\/09\/Chemicals-1-1-768x430.jpg 768w, https:\/\/www.sisinternational.com\/wp-content\/uploads\/2025\/09\/Chemicals-1-1-18x10.jpg 18w\" sizes=\"auto, (max-width: 1456px) 100vw, 1456px\"><\/figure>\n\n\n\n<p><\/p>\n\n\n\n<p>Le sostanze chimiche organiche sono molecole composte da atomi di carbonio. Contengono idrogeno, ossigeno, azoto, zolfo e altri atomi di carbonio. Sono anche chiamati composti organici e costituiscono la base di tutti gli organismi viventi sulla Terra.<\/p>\n\n\n\n<p>Puoi trovare sostanze chimiche organiche in natura, come piante e animali. Gli scienziati possono anche produrre prodotti chimici organici sintetici nei laboratori. Esempi di sostanze chimiche organiche naturali includono zuccheri, grassi, proteine e DNA. I prodotti chimici organici sintetici includono plastica, pesticidi, prodotti farmaceutici e molti altri prodotti.<\/p>\n\n\n\n<p>Utilizziamo prodotti chimici organici nell&#039;industria, nell&#039;agricoltura e nella vita di tutti i giorni. Hanno propriet\u00e0 e applicazioni diverse. Ma alcune sostanze chimiche organiche possono danneggiare la salute umana e l\u2019ambiente. Ad esempio, alcuni pesticidi e sostanze inquinanti sono tossici. Pertanto, l\u2019uso e lo smaltimento corretti di queste sostanze chimiche sono essenziali. In questo modo \u00e8 possibile ridurre il loro impatto sull\u2019ambiente e sulla salute umana.<\/p>\n\n\n\n<h2 class=\"wp-block-heading\">Perch\u00e9 i prodotti chimici organici sono importanti?<\/h2>\n\n\n\n<p>Le sostanze chimiche organiche sono essenziali per molte ragioni. Ad esempio, sono importanti per la vita. Le sostanze chimiche organiche sono gli elementi costitutivi della vita. Ogni organismo vivente nel mondo \u00e8 composto da composti organici. Anche i carboidrati, i lipidi, le proteine e gli acidi nucleici comprendono queste sostanze chimiche. Senza le sostanze chimiche organiche, la vita come la conosciamo non esisterebbe.<\/p>\n\n\n\n<p>Le sostanze chimiche organiche svolgono un ruolo cruciale nell\u2019agricoltura moderna. Si trovano nei fertilizzanti, nei pesticidi e negli erbicidi. Pertanto, aumentano i raccolti e proteggono i raccolti da parassiti e malattie.<\/p>\n\n\n\n<p>I produttori utilizzano prodotti chimici organici nella produzione di un\u2019ampia gamma di materiali. Ad esempio, sono in plastica, fibre sintetiche e gomma. Sono anche utilizzati per produrre prodotti farmaceutici, coloranti e altri prodotti.<\/p>\n\n\n\n<p>Le sostanze chimiche organiche sono una fonte essenziale di energia. I combustibili fossili, come il gas naturale e il petrolio, comprendono composti organici formatisi nel corso di milioni di anni. Inoltre, li utilizziamo per alimentare veicoli, generare elettricit\u00e0 e riscaldare gli edifici.<br>Le sostanze chimiche organiche svolgono un ruolo cruciale nell\u2019ambiente. Servono come nutrienti per piante e animali. Fanno anche parte dei cicli biogeochimici.<\/p>\n\n\n\n<h2 class=\"wp-block-heading\">Titoli di lavoro chiave<\/h2>\n\n\n\n<h3 class=\"wp-block-heading\">Ecco alcuni titoli di lavoro chiave relativi a vari campi e industrie:<\/h3>\n\n\n\n<ol class=\"wp-block-list\">\n<li>Sviluppatore di software: sviluppa applicazioni software per sistemi informatici.<\/li>\n\n\n\n<li>Contabile: gestisce i registri finanziari e prepara resoconti finanziari per individui o organizzazioni.<\/li>\n\n\n\n<li>Marketing Manager: Plans and directs <a href=\"https:\/\/www.sisinternational.com\/it\/competenza\/curriculum-di-esperienza\/ricerche-di-mercato-sui-prodotti-per-la-cura-personale\/\" title=\"Ricerche di mercato sui prodotti per la cura personale\"  data-wpil-monitor-id=\"10128\">marketing campaigns to promote products<\/a> or services.<\/li>\n\n\n\n<li>Ingegnere civile: progetta, costruisce e mantiene infrastrutture, come edifici, ponti e strade.<\/li>\n\n\n\n<li><a href=\"https:\/\/www.sisinternational.com\/it\/soluzioni\/ai-ricerche-di-mercato-e-consulenza-strategica\/consulenza-sullintelligenza-artificiale-automazione-gestione-dei-talenti-delle-risorse-umane\/\" title=\"Automazione della gestione delle risorse umane e dei talenti e consulenza sull&#039;intelligenza artificiale\"  data-wpil-monitor-id=\"10127\">Human Resources Manager<\/a>: Oversees hiring, training, and management of personnel in an organization.<\/li>\n\n\n\n<li>Medico: diagnostica e cura malattie e lesioni nei pazienti.<\/li>\n\n\n\n<li>Avvocato: fornisce consulenza legale e rappresentanza a individui o organizzazioni.<\/li>\n\n\n\n<li>Graphic Designer: progetta idee visive manualmente o utilizzando software per computer. Questo professionista comunica concetti che informano, ispirano o affascinano i consumatori.<\/li>\n\n\n\n<li>Data Scientist: utilizza analisi statistiche, modellazione dei dati e apprendimento automatico. Questo professionista estrae approfondimenti e conoscenze dai dati.<\/li>\n\n\n\n<li>Scienziato ambientale: studia l&#039;ambiente naturale e identifica i potenziali rischi ambientali. Sviluppa soluzioni per ridurre al minimo l\u2019impatto negativo sull\u2019ambiente.<\/li>\n<\/ol>\n\n\n\n<h2 class=\"wp-block-heading\">Perch\u00e9 le aziende hanno bisogno di prodotti chimici organici<\/h2>\n\n\n\n<p>Le aziende hanno bisogno di prodotti chimici organici per la produzione. Le sostanze chimiche organiche sono essenziali nel processo di fabbricazione di molti prodotti. Alcune industrie utilizzano prodotti chimici organici come materie prime per creare i loro prodotti. Oppure li usano come solventi, catalizzatori o altri agenti nel processo di produzione.<\/p>\n\n\n\n<p>Businesses may use <a href=\"https:\/\/www.sisinternational.com\/it\/competenza\/industrie\/ricerche-di-mercato-delle-organizzazioni-di-ricerca-a-contratto\/\" title=\"Ricerche di mercato sulle organizzazioni di ricerca a contratto\"  data-wpil-monitor-id=\"10130\">organic chemicals in their research<\/a> and development activities. For example, they use them to create or improve new products. Pharmaceutical companies often use organic chemicals as a starting point for developing new drugs.<br>Le sostanze chimiche organiche vengono spesso utilizzate nei test ambientali. Rilevano e misurano gli inquinanti dell&#039;aria, dell&#039;acqua e del suolo, il che \u00e8 essenziale per le aziende che operano in settori ad alto impatto ambientale. Ad esempio, li utilizzano le industrie minerarie, di estrazione del petrolio e del gas.<\/p>\n\n\n\n<h2 class=\"wp-block-heading\">Fattori chiave del successo<\/h2>\n\n\n\n<h3 class=\"wp-block-heading\">Le aziende chimiche organiche devono concentrarsi su diversi fattori critici di successo. Come per qualsiasi altra attivit\u00e0, ci\u00f2 garantisce successo e redditivit\u00e0 a lungo termine.<\/h3>\n\n\n\n<p>The first essential factor of success for organic chemical businesses is innovation. Successful <a href=\"https:\/\/www.sisinternational.com\/it\/creazione-di-organi-tramite-stampanti-3d\/\" title=\"Creazione di organi e ricerche di mercato sulle stampanti 3D\"  data-wpil-monitor-id=\"2307\">organic chemical<\/a> enterprises are often at the forefront of research and development. They explore new applications and develop new products. Innovation is critical to staying ahead of competitors and meeting customers\u2019 needs.<\/p>\n\n\n\n<p>Le aziende chimiche organiche devono garantire che i loro prodotti soddisfino rigorosi standard di qualit\u00e0. In questo modo, mantengono la soddisfazione del cliente e proteggono la sua reputazione. Inoltre, il controllo di qualit\u00e0 dovrebbe essere in atto in ogni fase del processo produttivo. Si va dall&#039;approvvigionamento delle materie prime alla consegna del prodotto finale.<\/p>\n\n\n\n<p>Efficiency is another <a href=\"https:\/\/www.sisinternational.com\/it\/fattori-chiave-di-successo-nelle-ricerche-di-mercato-automobilistiche\/\" title=\"Fattori chiave di successo nelle ricerche di mercato automobilistiche\"  data-wpil-monitor-id=\"10124\">key success factor<\/a>. Organic chemical businesses need to be efficient and cost-effective in making their products, which requires effective supply chain management and lean manufacturing processes. Your company also needs to follow various regulations and standards. Look up the standards related to health, safety, and environmental protection. Compliance with these regulations is necessary for legal reasons. It also protects the health and safety of employees and the environment.<\/p>\n\n\n\n<p>Queste aziende devono considerare l\u2019impatto delle loro attivit\u00e0 sull\u2019ambiente. Devono anche considerare i suoi effetti sulla societ\u00e0. Le aziende devono impegnarsi in pratiche sostenibili. Devono anche essere trasparenti riguardo al loro impatto sociale e ambientale. Tali aziende hanno maggiori probabilit\u00e0 di successo a lungo termine.<\/p>\n\n\n\n<p>Le aziende chimiche organiche di successo si concentrano sulle esigenze e sulle preferenze dei propri clienti. Pertanto, \u00e8 necessario prestare molta attenzione ai clienti. Ti aiuta a capire le loro esigenze. Consente inoltre di fornire soluzioni personalizzate che soddisfano le loro esigenze specifiche.<\/p>\n\n\n\n<h2 class=\"wp-block-heading\">Informazioni sulle ricerche di mercato sui prodotti chimici organici<\/h2>\n\n\n\n<p>Are you running an organic chemicals business? Then you must learn about your customers, competitors, and industry. <a href=\"https:\/\/www.sisinternational.com\/it\/tools-and-resources-for-qualitative-market-research\/\" title=\"Tools and Resources for Qualitative Market Research\"  data-wpil-monitor-id=\"10115\">Ricerche di mercato qualitative<\/a> involves asking the right questions to the right people in the right way. Let <a href=\"https:\/\/www.sisinternational.com\/it\/contattaci\/\" title=\"Contattaci\"  data-wpil-monitor-id=\"10111\">SIS International research<\/a> help you do that with Focus Groups, Interviews, and Surveys. We also conduct <a href=\"https:\/\/www.sisinternational.com\/it\/soluzioni\/soluzioni-di-ricerca-quantitativa-qualitativa\/ricerca-di-mercato-qualitativa\/\" title=\"Ricerche di mercato qualitative\"  data-wpil-monitor-id=\"10118\">Ricerche di mercato qualitative<\/a>. We can do your Competitive Analyses, UX Market Research, and <a href=\"https:\/\/www.sisinternational.com\/it\/b2b-market-research-strategies-and-techniques\/\" title=\"B2B Market Research Strategies and Techniques\"  data-wpil-monitor-id=\"10122\">Ricerca di mercato strategica<\/a> to take you further in your quest for success. Also available are <a href=\"https:\/\/www.sisinternational.com\/it\/competenza\/ricerca-di-mercato-sui-prodotti-chimici-sfusi\/\" title=\"Ricerche di mercato sui prodotti chimici sfusi\"  data-wpil-monitor-id=\"2115\">Ricerca sull&#039;ingresso nel mercato<\/a>, Market Opportunity Research, and Market Sizing Research. Contact us today to work out your Go to Market Strategy!<\/p>","protected":false},"excerpt":{"rendered":"<p>Le sostanze chimiche organiche svolgono un ruolo cruciale nell\u2019agricoltura moderna. Aumentano i raccolti e li proteggono da parassiti e malattie.<\/p>","protected":false},"author":1,"featured_media":67290,"parent":14514,"menu_order":217,"comment_status":"closed","ping_status":"closed","template":"","meta":{"footnotes":""},"class_list":["post-41882","page","type-page","status-publish","has-post-thumbnail"],"_links":{"self":[{"href":"https:\/\/www.sisinternational.com\/it\/wp-json\/wp\/v2\/pages\/41882","targetHints":{"allow":["GET"]}}],"collection":[{"href":"https:\/\/www.sisinternational.com\/it\/wp-json\/wp\/v2\/pages"}],"about":[{"href":"https:\/\/www.sisinternational.com\/it\/wp-json\/wp\/v2\/types\/page"}],"author":[{"embeddable":true,"href":"https:\/\/www.sisinternational.com\/it\/wp-json\/wp\/v2\/users\/1"}],"replies":[{"embeddable":true,"href":"https:\/\/www.sisinternational.com\/it\/wp-json\/wp\/v2\/comments?post=41882"}],"version-history":[{"count":6,"href":"https:\/\/www.sisinternational.com\/it\/wp-json\/wp\/v2\/pages\/41882\/revisions"}],"predecessor-version":[{"id":81675,"href":"https:\/\/www.sisinternational.com\/it\/wp-json\/wp\/v2\/pages\/41882\/revisions\/81675"}],"up":[{"embeddable":true,"href":"https:\/\/www.sisinternational.com\/it\/wp-json\/wp\/v2\/pages\/14514"}],"wp:featuredmedia":[{"embeddable":true,"href":"https:\/\/www.sisinternational.com\/it\/wp-json\/wp\/v2\/media\/67290"}],"wp:attachment":[{"href":"https:\/\/www.sisinternational.com\/it\/wp-json\/wp\/v2\/media?parent=41882"}],"curies":[{"name":"wp","href":"https:\/\/api.w.org\/{rel}","templated":true}]}}