{"id":41879,"date":"2023-03-18T18:04:53","date_gmt":"2023-03-18T22:04:53","guid":{"rendered":"https:\/\/www.sisinternational.com\/?page_id=41879"},"modified":"2026-01-24T21:27:16","modified_gmt":"2026-01-25T02:27:16","slug":"ricerche-di-mercato-sulle-piattaforme-petrolifere","status":"publish","type":"page","link":"https:\/\/www.sisinternational.com\/it\/competenza\/ricerche-di-mercato-sulle-piattaforme-petrolifere\/","title":{"rendered":"Ricerche di mercato sulle piattaforme petrolifere"},"content":{"rendered":"<h1 class=\"wp-block-heading\">Ricerche di mercato sulle piattaforme petrolifere<\/h1>\n\n\n\n<figure class=\"gb-block-image gb-block-image-bd226ce0\"><img loading=\"lazy\" decoding=\"async\" width=\"1456\" height=\"816\" class=\"gb-image gb-image-bd226ce0\" src=\"https:\/\/www.sisinternational.com\/wp-content\/uploads\/2025\/08\/Oit-petroleum-petrochemical-8.jpg\" alt=\"Ricerca e strategia di mercato internazionale SIS\" title=\"Oit petroleum petrochemical (8)\" srcset=\"https:\/\/www.sisinternational.com\/wp-content\/uploads\/2025\/08\/Oit-petroleum-petrochemical-8.jpg 1456w, https:\/\/www.sisinternational.com\/wp-content\/uploads\/2025\/08\/Oit-petroleum-petrochemical-8-300x168.jpg 300w, https:\/\/www.sisinternational.com\/wp-content\/uploads\/2025\/08\/Oit-petroleum-petrochemical-8-1024x574.jpg 1024w, https:\/\/www.sisinternational.com\/wp-content\/uploads\/2025\/08\/Oit-petroleum-petrochemical-8-768x430.jpg 768w, https:\/\/www.sisinternational.com\/wp-content\/uploads\/2025\/08\/Oit-petroleum-petrochemical-8-18x10.jpg 18w\" sizes=\"auto, (max-width: 1456px) 100vw, 1456px\"><\/figure>\n\n\n\n<hr class=\"wp-block-separator has-alpha-channel-opacity is-style-dots\"\/>\n\n\n\n<p>L\u2019industria petrolifera \u00e8 una delle pi\u00f9 grandi al mondo, insieme ad altri attori chiave, come la finanza, il settore immobiliare e l\u2019edilizia. La maggior parte dei prodotti e dei servizi dipendono fortemente da questo settore, dai trasporti alla fabbricazione dei prodotti.<\/p>\n\n\n\n<p>L\u2019industria petrolifera globale raccoglie trilioni di dollari ogni anno, rendendola un investimento interessante. I contributori rilevanti a questo settore sono le piattaforme petrolifere.<\/p>\n\n\n\n<p>In the United States alone, there are at least a thousand oil rigs\u2014offshore and onshore, making it the top country with the highest number of rigs.<\/p>\n\n\n\n<p>With the continuous demand for fuel, investment in oil rigs will continue to soar. However, investing in the oil rigs market attracts an array of issues, which challenge investors in navigating through it.<\/p>\n\n\n\n<h2 class=\"wp-block-heading\">Cos&#039;\u00e8 la piattaforma petrolifera?<\/h2>\n\n\n\n<p>Oil rigs, also known as oil platforms, are equipment or structures of extraordinary size that drill oil wells, extract petroleum and natural gases found beneath the seabed, and process them.<\/p>\n\n\n\n<p>Questa struttura fa parte di molteplici strutture, che si rivolgono a vari strumenti e lavoratori. Sebbene abbia un obiettivo, esistono diversi tipi e modelli di piattaforme petrolifere, che di solito tengono conto della posizione del pozzo petrolifero.<\/p>\n\n\n\n<h3 class=\"wp-block-heading\">Ecco alcuni tipi di piattaforme petrolifere trovate in tutto il mondo:<\/h3>\n\n\n\n<ul class=\"wp-block-list\">\n<li><strong>Piattaforme fisse:<\/strong>&nbsp;ha spesse gambe in cemento e\/o acciaio, costruite direttamente sul fondale marino; funziona meglio per un uso a lungo termine.<\/li>\n\n\n\n<li><strong>Impianti di perforazione jack-up:<\/strong>&nbsp;progettato per spostarsi da un luogo all&#039;altro; adatto per profondit\u00e0 dell&#039;acqua fino a 390 piedi.<\/li>\n\n\n\n<li><strong>Piattaforme Longherone:<\/strong>&nbsp;legato al fondale marino; utilizza principalmente linee di ormeggio convenzionali.<\/li>\n\n\n\n<li><strong>Piattaforme per gambe di tensione (TLP):<\/strong>&nbsp;ideale per scoperte in acque profonde; ideale per profondit\u00e0 d&#039;acqua fino a 6.600 piedi.<\/li>\n\n\n\n<li><strong>Struttura basata sulla gravit\u00e0:<\/strong>&nbsp;ancorato sul fondale marino; funziona bene nei fiordi.<\/li>\n<\/ul>\n\n\n\n<p>La scelta della piattaforma petrolifera giusta dipende anche dal fatto che il pozzo petrolifero sia offshore o onshore. Le piattaforme petrolifere offshore scavano sotto il fondale marino, mentre le piattaforme petrolifere onshore estraggono da sotto strati di terra.<\/p>\n\n\n\n<h2 class=\"wp-block-heading\">Vantaggi della ricerca di mercato sulle piattaforme petrolifere<\/h2>\n\n\n\n<p>L\u2019industria petrolifera \u00e8 un\u2019area di investimento complicata da comprendere. \u00c8 interessante notare che la maggior parte degli investitori metter\u00e0 i propri soldi in questi mercati delle piattaforme petrolifere perch\u00e9 sono stati costantemente trattati come redditizi.<\/p>\n\n\n\n<p>However, it is not always the case as this market is also susceptible to economic downturns. To avoid taking a costly misstep, well-rounded <a href=\"https:\/\/www.sisinternational.com\/it\/soluzioni\/ricerche-di-mercato-su-oleodotti-e-gasdotti\/\" title=\"Ricerche di mercato su oleodotti e gasdotti\"  data-wpil-monitor-id=\"2166\">ricerche di mercato sulle piattaforme petrolifere<\/a> comes into play.<\/p>\n\n\n\n<p>For first-time investors, this research&#8217;s primary benefit is understanding how the <a href=\"https:\/\/www.sisinternational.com\/it\/competenza\/industrie\/ricerche-di-mercato-del-petrolio-e-del-gas\/\" title=\"Ricerche di mercato nel settore del petrolio e del gas\"  data-wpil-monitor-id=\"3089\">oil rig<\/a> market works. It answers the questions from how oil rigs are conceptualized to their everyday drilling routine.<\/p>\n\n\n\n<p>IL <a href=\"https:\/\/www.sisinternational.com\/it\/competenza\/industrie\/ricerche-di-mercato-sugli-oli-vegetali\/\" title=\"Ricerche di mercato sull\u2019olio vegetale\"  data-wpil-monitor-id=\"3222\">ricerche di mercato sulle piattaforme petrolifere<\/a> also guides investors in comprehending the difference between each oil rig and what are their financial standings. It aims to assure investors about the potential returns they can receive and to warn them of the possible issues and troubles of investing.<\/p>\n\n\n\n<p>IL <a href=\"https:\/\/www.sisinternational.com\/it\/competenza\/industrie\/ricerche-di-mercato-sullolio-di-palma\/\" title=\"Ricerche di mercato sull\u2019olio di palma\"  data-wpil-monitor-id=\"3456\">ricerche di mercato sulle piattaforme petrolifere<\/a> will also widen the perspective of investors, giving them a bird&#8217;s eye view from the side of the business and shareholders.<\/p>\n\n\n\n<p>Va notato che questa ricerca \u00e8 utile anche per gli imprenditori. La maggior parte degli imprenditori ne ha bisogno come strumento per garantire che le decisioni aziendali prese siano in linea con gli interessi dell&#039;azienda.<\/p>\n\n\n\n<p>Allo stesso tempo, pu\u00f2 fornire un vantaggio competitivo, aprendo la strada a nuove fasi, progetti e procedure per una produzione pi\u00f9 efficace. E, cosa pi\u00f9 importante, la ricerca di mercato sulle piattaforme petrolifere consentir\u00e0 alle aziende di eseguire la gestione dei dati di rischio.<\/p>\n\n\n\n<h2 class=\"wp-block-heading\">Tendenze e opportunit\u00e0 per il mercato delle piattaforme petrolifere<\/h2>\n\n\n\n<p>Il mercato delle piattaforme petrolifere esiste da un secolo, mantenendo una crescita costante ovunque. Ha dimostrato di mantenere valore ed \u00e8 trattato come una riserva da diversi paesi sviluppati e ricchi.<\/p>\n\n\n\n<p>Gli investitori e gli imprenditori potrebbero essere interessati a saperne di pi\u00f9 sulle tendenze e sulle opportunit\u00e0 che li attendono nel mercato.<\/p>\n\n\n\n<ul class=\"wp-block-list\">\n<li>Contrariamente alla credenza popolare, investire in piattaforme petrolifere non \u00e8 solo per i ricchi. Molte societ\u00e0 petrolifere offrono le loro azioni al pubblico, rivolgendosi a una fascia di pubblico pi\u00f9 ampia.<\/li>\n\n\n\n<li>Si prevede che il mercato delle piattaforme petrolifere crescer\u00e0 nonostante ostacoli economici imprevisti dovuti alla continua domanda di carburante e prodotti a base di carburante.<\/li>\n\n\n\n<li>Si prevede che le imprese espanderanno le proprie attivit\u00e0, aumentando la domanda di lavoratori qualificati. Si traduce anche nella costruzione di nuove piattaforme petrolifere, con ripercussioni sui settori edilizio, finanziario e immobiliare.<\/li>\n\n\n\n<li>Le piattaforme petrolifere offshore d&#039;oltremare continueranno a crescere man mano che vengono individuate e studiate nuove scoperte.<\/li>\n<\/ul>\n\n\n\n<h2 class=\"wp-block-heading\">Problemi con il mercato delle piattaforme petrolifere<\/h2>\n\n\n\n<p>Similmente ad altri settori, il mercato delle piattaforme petrolifere presenta numerose problematiche ad esso collegate. Si spazia dalle politiche ambientali a quelle governative. Sebbene sia circondato da preoccupazioni intimidatorie, gli investitori sono abbastanza a loro agio nell\u2019investire i propri soldi.<\/p>\n\n\n\n<p>Il mercato delle piattaforme petrolifere \u00e8 considerato invincibile con la continua domanda di prodotti combustibili, ma non garantisce la sostenibilit\u00e0 del business. Le persone devono ancora prendere in considerazione le problematiche che circondano il mercato e valutare se si tratta di qualcosa che pu\u00f2 funzionare per loro a lungo termine.<\/p>\n\n\n\n<ul class=\"wp-block-list\">\n<li><strong>Problemi ambientali:<\/strong> Questo problema \u00e8 abbastanza comune sollevato contro l\u2019industria. Le piattaforme petrolifere estraggono il carburante utilizzato in servizi e prodotti che contribuiscono al crescente problema dell\u2019inquinamento e dell\u2019effetto serra. Purtroppo anche il processo di estrazione dai pozzi petroliferi produce inquinamento tossico nell\u2019acqua e nell\u2019aria.<\/li>\n\n\n\n<li><strong>Distruzione della fauna selvatica:<\/strong> Besides pollution, the techniques and drilling of oil wells disrupted marine ecosystems and land quality. If the impact is not rehabilitated quickly, it can lead to further habitat destruction.<\/li>\n\n\n\n<li><strong>Politiche e regolamenti governativi:<\/strong> Ogni paese ha regole specifiche per quanto riguarda il funzionamento delle piattaforme petrolifere. Potrebbe esserci anche una restrizione di cittadinanza su chi pu\u00f2 investire in essi. Pertanto, gli stranieri che desiderano investire potrebbero non essere ammessi.<\/li>\n\n\n\n<li><strong>Preoccupazioni per la salute:<\/strong> Vengono applicati rigorosi requisiti e protocolli sanitari per proteggere la sicurezza e la salute dei dipendenti delle piattaforme petrolifere. Tuttavia, l\u2019esposizione costante al fumo e ai fumi tossici ha inevitabili effetti negativi. \u00c8 una sfida per le aziende dimostrare che tutti i dipendenti sono supervisionati e ben curati per ridurre al minimo qualsiasi potenziale rischio per la salute.<\/li>\n<\/ul>","protected":false},"excerpt":{"rendered":"<p>Ci sono almeno un migliaio di piattaforme petrolifere negli Stati Uniti, offshore e onshore. Hanno il maggior numero di impianti al mondo.<\/p>","protected":false},"author":1,"featured_media":64292,"parent":14514,"menu_order":216,"comment_status":"closed","ping_status":"closed","template":"","meta":{"footnotes":""},"class_list":["post-41879","page","type-page","status-publish","has-post-thumbnail"],"_links":{"self":[{"href":"https:\/\/www.sisinternational.com\/it\/wp-json\/wp\/v2\/pages\/41879","targetHints":{"allow":["GET"]}}],"collection":[{"href":"https:\/\/www.sisinternational.com\/it\/wp-json\/wp\/v2\/pages"}],"about":[{"href":"https:\/\/www.sisinternational.com\/it\/wp-json\/wp\/v2\/types\/page"}],"author":[{"embeddable":true,"href":"https:\/\/www.sisinternational.com\/it\/wp-json\/wp\/v2\/users\/1"}],"replies":[{"embeddable":true,"href":"https:\/\/www.sisinternational.com\/it\/wp-json\/wp\/v2\/comments?post=41879"}],"version-history":[{"count":8,"href":"https:\/\/www.sisinternational.com\/it\/wp-json\/wp\/v2\/pages\/41879\/revisions"}],"predecessor-version":[{"id":77668,"href":"https:\/\/www.sisinternational.com\/it\/wp-json\/wp\/v2\/pages\/41879\/revisions\/77668"}],"up":[{"embeddable":true,"href":"https:\/\/www.sisinternational.com\/it\/wp-json\/wp\/v2\/pages\/14514"}],"wp:featuredmedia":[{"embeddable":true,"href":"https:\/\/www.sisinternational.com\/it\/wp-json\/wp\/v2\/media\/64292"}],"wp:attachment":[{"href":"https:\/\/www.sisinternational.com\/it\/wp-json\/wp\/v2\/media?parent=41879"}],"curies":[{"name":"wp","href":"https:\/\/api.w.org\/{rel}","templated":true}]}}