{"id":41876,"date":"2023-03-18T16:38:40","date_gmt":"2023-03-18T20:38:40","guid":{"rendered":"https:\/\/www.sisinternational.com\/?page_id=41876"},"modified":"2026-01-24T21:27:17","modified_gmt":"2026-01-25T02:27:17","slug":"ricerche-di-mercato-del-petrolio-e-del-gas","status":"publish","type":"page","link":"https:\/\/www.sisinternational.com\/it\/competenza\/ricerche-di-mercato-del-petrolio-e-del-gas\/","title":{"rendered":"Ricerche di mercato nel settore del petrolio e del gas"},"content":{"rendered":"<h1 class=\"wp-block-heading\">Ricerche di mercato nel settore del petrolio e del gas<\/h1>\n\n\n\n<figure class=\"gb-block-image gb-block-image-1a0e7a6f\"><img loading=\"lazy\" decoding=\"async\" width=\"1456\" height=\"816\" class=\"gb-image gb-image-1a0e7a6f\" src=\"https:\/\/www.sisinternational.com\/wp-content\/uploads\/2025\/08\/Oil-3.jpg\" alt=\"Ricerca e strategia di mercato internazionale SIS\" title=\"Oil (3)\" srcset=\"https:\/\/www.sisinternational.com\/wp-content\/uploads\/2025\/08\/Oil-3.jpg 1456w, https:\/\/www.sisinternational.com\/wp-content\/uploads\/2025\/08\/Oil-3-300x168.jpg 300w, https:\/\/www.sisinternational.com\/wp-content\/uploads\/2025\/08\/Oil-3-1024x574.jpg 1024w, https:\/\/www.sisinternational.com\/wp-content\/uploads\/2025\/08\/Oil-3-768x430.jpg 768w, https:\/\/www.sisinternational.com\/wp-content\/uploads\/2025\/08\/Oil-3-18x10.jpg 18w\" sizes=\"auto, (max-width: 1456px) 100vw, 1456px\"><\/figure>\n\n\n\n<p><\/p>\n\n\n\n<p>Il petrolio e il gas rimangono due delle risorse pi\u00f9 influenti al mondo, stimolando l\u2019espansione economica e alimentando le industrie chiave. Analizzando in modo approfondito i dati, questo tipo di ricerca fornisce alle parti interessate informazioni essenziali su investimenti, operazioni, politiche e altro; consentendo loro di prendere decisioni informate di conseguenza.<\/p>\n\n\n\n<h2 class=\"wp-block-heading\">Cos\u2019\u00e8 la ricerca di mercato del petrolio e del gas?<\/h2>\n\n\n\n<p>La ricerca di mercato del petrolio e del gas esamina il panorama globale del petrolio e del gas per ottenere una comprensione olistica delle tendenze del mercato, delle prospettive di crescita e dei rischi potenziali. Questa analisi \u00e8 progettata per fornire approfondimenti a coloro che nel settore desiderano prendere decisioni informate sui propri investimenti, strategie e politiche. Con le raccomandazioni supportate dalla ricerca a portata di mano, le aziende che operano in questo settore saranno ben attrezzate con le conoscenze necessarie per massimizzare i propri rendimenti in un mercato in continua evoluzione.<\/p>\n\n\n\n<p>Organizations that specialize in oil and gas market analysis such as consulting firms, industry associations, and <a href=\"https:\/\/www.sisinternational.com\/it\/competenza\/industrie\/ricerche-di-mercato-smartphone-nuovi-dispositivi-mobili\/\" title=\"Ricerche di mercato sugli smartphone\"  data-wpil-monitor-id=\"3252\">research companies can conduct comprehensive market<\/a> research. This includes exploring supply-and-demand dynamics, price movements, governmental regulations, emerging technology developments, plus environmental worries to name a few key areas of investigation.<\/p>\n\n\n\n<h2 class=\"wp-block-heading\">Importanza di comprendere le tendenze e gli sviluppi nel settore del petrolio e del gas<\/h2>\n\n\n\n<p>Il mercato del petrolio e del gas \u00e8 estremamente competitivo, con le grandi aziende \u2013 ExxonMobil, Royal Dutch Shell, Chevron e BP \u2013 in testa. Questi giganti del settore dominano le riserve globali di petrolio e gas mentre continuano a investire massicciamente in ricerca e sviluppo per stare al passo con le tendenze. Di conseguenza, \u00e8 fondamentale possedere dati accurati e aggiornati per rimanere competitivi e affrontare le grandi aziende di questo settore.<\/p>\n\n\n\n<p>Pertanto, rimanere informati su fattori geopolitici come la politica globale e le politiche economiche \u00e8 importante per l\u2019industria del petrolio e del gas poich\u00e9 i cambiamenti nelle normative governative, negli accordi commerciali o in altri eventi possono avere un effetto importante sulle loro operazioni.<\/p>\n\n\n\n<p>Allo stesso modo, per tenere il passo con la crescente domanda di energia, soprattutto nei paesi in via di sviluppo come India e Cina, \u00e8 fondamentale esplorare le tendenze e le esigenze dell\u2019industria del petrolio e del gas. Con una popolazione in crescita che continua a urbanizzarsi in tutto il mondo, garantire che siano disponibili risorse sufficienti diventa ancora pi\u00f9 fondamentale se vogliamo soddisfare questa crescente domanda. Pertanto, comprendere questi modelli \u00e8 vitale per fornire un\u2019infrastruttura adeguata in grado di soddisfare le previsioni attuali.<\/p>\n\n\n\n<h2 class=\"wp-block-heading\">Tendenze nelle ricerche di mercato del petrolio e del gas<\/h2>\n\n\n\n<figure class=\"gb-block-image gb-block-image-cfbeeeea\"><img loading=\"lazy\" decoding=\"async\" width=\"1456\" height=\"816\" class=\"gb-image gb-image-cfbeeeea\" src=\"https:\/\/www.sisinternational.com\/wp-content\/uploads\/2025\/08\/Gas-station-1.jpg\" alt=\"Ricerca e strategia di mercato internazionale SIS\" title=\"Gas station (1)\" srcset=\"https:\/\/www.sisinternational.com\/wp-content\/uploads\/2025\/08\/Gas-station-1.jpg 1456w, https:\/\/www.sisinternational.com\/wp-content\/uploads\/2025\/08\/Gas-station-1-300x168.jpg 300w, https:\/\/www.sisinternational.com\/wp-content\/uploads\/2025\/08\/Gas-station-1-1024x574.jpg 1024w, https:\/\/www.sisinternational.com\/wp-content\/uploads\/2025\/08\/Gas-station-1-768x430.jpg 768w, https:\/\/www.sisinternational.com\/wp-content\/uploads\/2025\/08\/Gas-station-1-18x10.jpg 18w\" sizes=\"auto, (max-width: 1456px) 100vw, 1456px\"><\/figure>\n\n\n\n<p><\/p>\n\n\n\n<p><a href=\"https:\/\/www.sisinternational.com\/it\/soluzioni\/ricerche-di-mercato-su-oleodotti-e-gasdotti\/\" title=\"Ricerche di mercato su oleodotti e gasdotti\"  data-wpil-monitor-id=\"2138\">Oil and gas market research<\/a> are vital for companies in the sector to stay abreast of trends and advancements. As this industry progresses, there are new possibilities and risks.<\/p>\n\n\n\n<ul class=\"wp-block-list\">\n<li>Grazie allo sviluppo di tecnologie all\u2019avanguardia, le compagnie petrolifere e del gas sono ora in grado di accedere alle risorse in modo pi\u00f9 competente ed economicamente vantaggioso. L\u2019intelligenza artificiale, l\u2019automazione e la robotica sono diventate ampiamente utilizzate in questo settore e questi progressi consentono alle aziende di ridurre le spese ottimizzando l\u2019efficacia e rafforzando i protocolli di sicurezza.<\/li>\n\n\n\n<li>L\u2019attenzione del mondo verso le fonti energetiche rinnovabili rappresenta un punto di svolta per l\u2019industria del petrolio e del gas. Le aziende stanno ora investendo in soluzioni sostenibili come l\u2019energia eolica, solare e idroelettrica per tenere il passo con questo cambiamento; creando cos\u00ec nuove prospettive nella diversificazione delle operazioni e delle potenzialit\u00e0 di guadagno.<\/li>\n\n\n\n<li>Il cambiamento climatico \u00e8 diventato un obiettivo importante per le compagnie petrolifere e del gas, poich\u00e9 si trovano ad affrontare una pressione crescente per ridurre le emissioni di carbonio.<\/li>\n\n\n\n<li>Emerging markets have become key consumers, and <a href=\"https:\/\/www.sisinternational.com\/it\/competenza\/industrie\/ricerche-di-mercato-sulle-piattaforme-petrolifere\/\" title=\"Ricerche di mercato sulle piattaforme petrolifere\"  data-wpil-monitor-id=\"3084\">ricerche di mercato del petrolio e del gas<\/a> is providing invaluable insights about these changes to assist those seeking to capitalize on them.<\/li>\n\n\n\n<li>Complying with the ever-evolving geopolitical environment is essential for organizations in this industry. <a href=\"https:\/\/www.sisinternational.com\/it\/competenza\/industrie\/ricerche-di-mercato-sugli-oli-vegetali\/\" title=\"Ricerche di mercato sull\u2019olio vegetale\"  data-wpil-monitor-id=\"3225\">Oil and gas market research<\/a> can provide insight into international trade agreements, government policies, and other factors that could potentially affect their business operations.<\/li>\n<\/ul>\n\n\n\n<h2 class=\"wp-block-heading\">Vantaggi delle ricerche di mercato su petrolio e gas<\/h2>\n\n\n\n<ul class=\"wp-block-list\">\n<li>Analizzando le tendenze e gli sviluppi del mercato, le aziende possono cercare attivamente le opportunit\u00e0 emergenti nel settore del petrolio e del gas. Ci\u00f2 fornisce loro un vantaggio rispetto ai concorrenti consentendo loro di identificare mercati non sfruttati con un grande potenziale.<\/li>\n\n\n\n<li>Le ricerche di mercato forniscono alle aziende informazioni vitali sulle preferenze, i comportamenti e le abitudini di acquisto dei propri clienti per creare servizi e prodotti personalizzati che si rivolgono esattamente al loro mercato di riferimento. Con una profonda comprensione delle esigenze dei propri clienti, un\u2019azienda pu\u00f2 ottenere un vantaggio competitivo imbattibile sul mercato.<\/li>\n\n\n\n<li>To remain competitive in the oil and gas industry, it is important to assess the market competition. Through researching competitors&#8217; strengths and weaknesses via <a href=\"https:\/\/www.sisinternational.com\/it\/copertura\/le-americhe\/ricerche-di-mercato-in-america-latina\/ricerche-di-mercato-rio-de-janeiro\/\" title=\"Ricerche di mercato a Rio de Janeiro\"  data-wpil-monitor-id=\"3282\">oil and gas market<\/a> research, companies can gain a better understanding of their competitors.<\/li>\n\n\n\n<li>Uncontrollable variables such as political instability, environmental laws, and the ever-changing oil market can easily affect your business. To protect companies from potential dangers and devise a backup plan for any situation, it is critical to conduct thorough <a href=\"https:\/\/www.sisinternational.com\/it\/competenza\/industrie\/ricerche-di-mercato-sullolio-di-palma\/\" title=\"Ricerche di mercato sull\u2019olio di palma\"  data-wpil-monitor-id=\"3458\">ricerche di mercato del petrolio e del gas<\/a>.<\/li>\n<\/ul>\n\n\n\n<h2 class=\"wp-block-heading\">Limitazioni delle ricerche di mercato del petrolio e del gas<\/h2>\n\n\n\n<p><a href=\"https:\/\/www.sisinternational.com\/it\/venezuela-oil-mining-industry-potential-strategic-forecast-2026-2036\/\" title=\"Venezuela Oil &amp; Mining Industry Potential: Strategic Forecast 2026-2036\"  data-wpil-monitor-id=\"6916\">Oil and gas market research<\/a> can be a valuable asset for understanding industry trends and making appropriate business decisions. Yet, it is essential to consider some limitations in this industry such as:<\/p>\n\n\n\n<ul class=\"wp-block-list\">\n<li>Garantire un quadro completo del settore del petrolio e del gas pu\u00f2 essere complesso a causa della sua natura riservata o proprietaria. Porzioni significative dei dati di settore rimangono non disponibili.<\/li>\n\n\n\n<li>Con una storia di mercati volatili e imprevedibili, unita al panorama politico in continua evoluzione, prevedere le tendenze future nel settore del petrolio e del gas non \u00e8 un compito facile. Anche con modelli altamente sofisticati applicati a modelli e proiezioni economiche, prevedere ci\u00f2 che ci aspetta pu\u00f2 rivelarsi difficile.<\/li>\n\n\n\n<li>La consapevolezza e la preoccupazione del pubblico per le ripercussioni ambientali delle compagnie petrolifere e del gas stanno aumentando, danneggiando potenzialmente la reputazione di queste societ\u00e0.<\/li>\n\n\n\n<li>Operando in un ambiente geopoliticamente instabile, l\u2019industria del petrolio e del gas \u00e8 spesso esposta a rischi come conflitti e relazioni internazionali che possono facilmente interrompere le operazioni.<\/li>\n<\/ul>\n\n\n\n<h2 class=\"wp-block-heading\">Prospettive future della ricerca di mercato del petrolio e del gas<\/h2>\n\n\n\n<figure class=\"gb-block-image gb-block-image-7c36bc2a\"><img loading=\"lazy\" decoding=\"async\" width=\"1456\" height=\"816\" class=\"gb-image gb-image-7c36bc2a\" src=\"https:\/\/www.sisinternational.com\/wp-content\/uploads\/2025\/08\/Oil-1.jpg\" alt=\"Ricerca e strategia di mercato internazionale SIS\" title=\"Oil (1)\" srcset=\"https:\/\/www.sisinternational.com\/wp-content\/uploads\/2025\/08\/Oil-1.jpg 1456w, https:\/\/www.sisinternational.com\/wp-content\/uploads\/2025\/08\/Oil-1-300x168.jpg 300w, https:\/\/www.sisinternational.com\/wp-content\/uploads\/2025\/08\/Oil-1-1024x574.jpg 1024w, https:\/\/www.sisinternational.com\/wp-content\/uploads\/2025\/08\/Oil-1-768x430.jpg 768w, https:\/\/www.sisinternational.com\/wp-content\/uploads\/2025\/08\/Oil-1-18x10.jpg 18w\" sizes=\"auto, (max-width: 1456px) 100vw, 1456px\"><\/figure>\n\n\n\n<p><\/p>\n\n\n\n<p>Con il graduale passaggio del mondo alle fonti di energia verde, l\u2019industria del petrolio e del gas \u00e8 destinata ad affrontare alcuni cambiamenti e difficolt\u00e0.<\/p>\n\n\n\n<p>La sostenibilit\u00e0 \u00e8 diventata un\u2019area di interesse particolarmente cruciale negli ultimi tempi; riducendo le impronte di carbonio. Questo interesse per alternative ecocompatibili come le risorse rinnovabili sta guadagnando costantemente terreno. Di conseguenza, le compagnie petrolifere e del gas stanno investendo massicciamente in attivit\u00e0 di ricerca e sviluppo che rendono le loro attivit\u00e0 pi\u00f9 rispettose dell\u2019ambiente e allo stesso tempo aumentano i parametri di efficienza.<\/p>\n\n\n\n<p>Fortunatamente, poich\u00e9 la tecnologia continua ad evolversi, la digitalizzazione e l\u2019automazione stanno diventando sempre pi\u00f9 diffuse nel settore. Pu\u00f2 ridurre i costi e aumentare la sicurezza ottimizzando le operazioni.<\/p>\n\n\n\n<p>SIS International offre ricerca quantitativa, qualitativa e strategica. Forniamo dati, strumenti, strategie, report e approfondimenti per il processo decisionale. Conduciamo interviste, sondaggi, focus group e molti altri metodi e approcci di ricerca di mercato. Contattaci per il tuo prossimo progetto di ricerca di mercato.<\/p>","protected":false},"excerpt":{"rendered":"<p>Le ricerche di mercato del petrolio e del gas ottengono informazioni olistiche sulle tendenze del mercato, sulle prospettive di crescita e sui potenziali rischi globali del settore petrolifero e del gas.<\/p>","protected":false},"author":1,"featured_media":63381,"parent":14514,"menu_order":215,"comment_status":"closed","ping_status":"closed","template":"","meta":{"footnotes":""},"class_list":["post-41876","page","type-page","status-publish","has-post-thumbnail"],"_links":{"self":[{"href":"https:\/\/www.sisinternational.com\/it\/wp-json\/wp\/v2\/pages\/41876","targetHints":{"allow":["GET"]}}],"collection":[{"href":"https:\/\/www.sisinternational.com\/it\/wp-json\/wp\/v2\/pages"}],"about":[{"href":"https:\/\/www.sisinternational.com\/it\/wp-json\/wp\/v2\/types\/page"}],"author":[{"embeddable":true,"href":"https:\/\/www.sisinternational.com\/it\/wp-json\/wp\/v2\/users\/1"}],"replies":[{"embeddable":true,"href":"https:\/\/www.sisinternational.com\/it\/wp-json\/wp\/v2\/comments?post=41876"}],"version-history":[{"count":10,"href":"https:\/\/www.sisinternational.com\/it\/wp-json\/wp\/v2\/pages\/41876\/revisions"}],"predecessor-version":[{"id":80486,"href":"https:\/\/www.sisinternational.com\/it\/wp-json\/wp\/v2\/pages\/41876\/revisions\/80486"}],"up":[{"embeddable":true,"href":"https:\/\/www.sisinternational.com\/it\/wp-json\/wp\/v2\/pages\/14514"}],"wp:featuredmedia":[{"embeddable":true,"href":"https:\/\/www.sisinternational.com\/it\/wp-json\/wp\/v2\/media\/63381"}],"wp:attachment":[{"href":"https:\/\/www.sisinternational.com\/it\/wp-json\/wp\/v2\/media?parent=41876"}],"curies":[{"name":"wp","href":"https:\/\/api.w.org\/{rel}","templated":true}]}}