{"id":41873,"date":"2023-03-18T16:21:34","date_gmt":"2023-03-18T20:21:34","guid":{"rendered":"https:\/\/www.sisinternational.com\/?page_id=41873"},"modified":"2026-01-24T20:58:33","modified_gmt":"2026-01-25T01:58:33","slug":"ricerche-di-mercato-sullenergia-nucleare","status":"publish","type":"page","link":"https:\/\/www.sisinternational.com\/it\/competenza\/ricerche-di-mercato-sullenergia-nucleare\/","title":{"rendered":"Ricerche di mercato sull&#039;energia nucleare"},"content":{"rendered":"<h1 class=\"wp-block-heading\">Ricerche di mercato sull&#039;energia nucleare<\/h1>\n\n\n\n<figure class=\"gb-block-image gb-block-image-e2318f3c\"><img loading=\"lazy\" decoding=\"async\" width=\"1456\" height=\"816\" class=\"gb-image gb-image-e2318f3c\" src=\"https:\/\/www.sisinternational.com\/wp-content\/uploads\/2025\/08\/NUclear-plant-nuclear-power-4.jpg\" alt=\"Ricerca e strategia di mercato internazionale SIS\" title=\"NUclear plant nuclear power (4)\" srcset=\"https:\/\/www.sisinternational.com\/wp-content\/uploads\/2025\/08\/NUclear-plant-nuclear-power-4.jpg 1456w, https:\/\/www.sisinternational.com\/wp-content\/uploads\/2025\/08\/NUclear-plant-nuclear-power-4-300x168.jpg 300w, https:\/\/www.sisinternational.com\/wp-content\/uploads\/2025\/08\/NUclear-plant-nuclear-power-4-1024x574.jpg 1024w, https:\/\/www.sisinternational.com\/wp-content\/uploads\/2025\/08\/NUclear-plant-nuclear-power-4-768x430.jpg 768w, https:\/\/www.sisinternational.com\/wp-content\/uploads\/2025\/08\/NUclear-plant-nuclear-power-4-18x10.jpg 18w\" sizes=\"auto, (max-width: 1456px) 100vw, 1456px\"><\/figure>\n\n\n\n<p><\/p>\n\n\n\n<p>Nel mondo odierno, caratterizzato da una domanda energetica sempre crescente e dalla necessit\u00e0 di risorse pi\u00f9 sostenibili, gli operatori del settore della produzione di energia devono condurre regolari ricerche di mercato per rimanere competitivi sul mercato.<\/p>\n\n\n\n<p>In particolare, raccogliendo e analizzando i dati, le aziende possono scoprire le tendenze del settore, valutare i livelli di concorrenza e riconoscere potenziali opportunit\u00e0 o rischi nel mercato dell\u2019energia nucleare.<\/p>\n\n\n\n<h2 class=\"wp-block-heading\">Cos\u2019\u00e8 la ricerca di mercato sull\u2019energia nucleare e perch\u00e9 \u00e8 importante?<\/h2>\n\n\n\n<p>By delving into nuclear power market research, businesses, policymakers, and other key players in the industry can make smart choices about investments, strategies, and policies. This research examines current as well as future <a href=\"https:\/\/www.sisinternational.com\/it\/azienda-leader-nella-previsione-delle-tendenze-del-settore-b2b\/\" title=\"Principali previsioni sulle tendenze del settore B2B\"  data-wpil-monitor-id=\"9978\">trends for the industry<\/a> to give an understanding of opportunities and threats alike that could impact decisions made by these stakeholders.<\/p>\n\n\n\n<h2 class=\"wp-block-heading\">Importanza di condurre ricerche di mercato sull&#039;energia nucleare<\/h2>\n\n\n\n<p>\u00c8 fondamentale rimanere al passo con le ultime tendenze e progressi nel settore dell\u2019energia nucleare. Questa comprensione consente alle imprese e agli investitori di prendere decisioni migliori riguardo alle opportunit\u00e0 di investimento come la costruzione di nuove centrali nucleari o come gestire meglio le centrali nucleari esistenti.<\/p>\n\n\n\n<p>By conducting thorough nuclear <a href=\"https:\/\/www.sisinternational.com\/it\/competenza\/industrie\/ricerche-di-mercato-sulla-produzione-di-energia\/\" title=\"Ricerche di mercato sulla produzione di energia\"  data-wpil-monitor-id=\"3048\">power market research<\/a>, companies discover the existing and potential trends of this industry, enabling them to identify risks that may be lurking on the horizon while also uncovering opportunities.<\/p>\n\n\n\n<p>Pu\u00f2 anche identificare dati sulle prestazioni, sulla domanda e sulle normative degli impianti di energia nucleare. Di conseguenza, i risultati vengono utilizzati per decidere come modellare i futuri investimenti in nuove strutture o smantellare impianti pi\u00f9 vecchi.<\/p>\n\n\n\n<p>Furthermore, nuclear <a href=\"https:\/\/www.sisinternational.com\/it\/competenza\/industrie\/ricerche-di-mercato-sugli-utensili-elettrici\/\" title=\"Ricerche di mercato sugli utensili elettrici\"  data-wpil-monitor-id=\"4043\">power market research<\/a> assists businesses to make appropriate decisions about the nuclear power industry, including safety protocols, waste disposal practices, and plant licensing requirements. Energy planners need to have a clear view of the demand for nuclear energy throughout its lifetime to ensure it is an economically viable option that will not compromise public health or harm our environment.<\/p>\n\n\n\n<h2 class=\"wp-block-heading\">Tendenze attuali delle ricerche di mercato sull\u2019energia nucleare<\/h2>\n\n\n\n<figure class=\"gb-block-image gb-block-image-0afe848d\"><img loading=\"lazy\" decoding=\"async\" width=\"1456\" height=\"816\" class=\"gb-image gb-image-0afe848d\" src=\"https:\/\/www.sisinternational.com\/wp-content\/uploads\/2025\/08\/NUclear-plant-nuclear-power-3.jpg\" alt=\"Ricerca e strategia di mercato internazionale SIS\" title=\"NUclear plant nuclear power (3)\" srcset=\"https:\/\/www.sisinternational.com\/wp-content\/uploads\/2025\/08\/NUclear-plant-nuclear-power-3.jpg 1456w, https:\/\/www.sisinternational.com\/wp-content\/uploads\/2025\/08\/NUclear-plant-nuclear-power-3-300x168.jpg 300w, https:\/\/www.sisinternational.com\/wp-content\/uploads\/2025\/08\/NUclear-plant-nuclear-power-3-1024x574.jpg 1024w, https:\/\/www.sisinternational.com\/wp-content\/uploads\/2025\/08\/NUclear-plant-nuclear-power-3-768x430.jpg 768w, https:\/\/www.sisinternational.com\/wp-content\/uploads\/2025\/08\/NUclear-plant-nuclear-power-3-18x10.jpg 18w\" sizes=\"auto, (max-width: 1456px) 100vw, 1456px\"><\/figure>\n\n\n\n<p><\/p>\n\n\n\n<p>Numerosi fattori influenzano l\u2019evoluzione della ricerca di mercato dell\u2019energia nucleare come progressi tecnologici, situazioni economiche, normative governative e preoccupazioni ecologiche. Ecco alcune delle tendenze pi\u00f9 recenti in questo campo:<\/p>\n\n\n\n<ul class=\"wp-block-list\">\n<li>Focus sui piccoli reattori modulari: poich\u00e9 la domanda di energia continua a crescere, i piccoli reattori modulari stanno diventando sempre pi\u00f9 popolari grazie alle loro dimensioni pi\u00f9 piccole e alla maggiore velocit\u00e0 e convenienza rispetto ai tradizionali reattori modulari su larga scala.<\/li>\n\n\n\n<li>Crescente interesse per la fusione nucleare: gli scienziati di tutto il mondo stanno ricercando modi per creare reattori a fusione nucleare commercialmente fattibili. I potenziali benefici di un simile processo sarebbero infiniti perch\u00e9 potrebbe fornire l\u2019accesso a una maggiore fornitura di energia pulita senza emissioni di carbonio.<\/li>\n\n\n\n<li>Enfasi su sicurezza e protezione: la ricerca di mercato dell&#039;energia nucleare si \u00e8 ora concentrata sulle nuove tecnologie relative a queste aree e sulla loro domanda di mercato prevista.<\/li>\n\n\n\n<li>Changing regulatory landscape: As the laws and regulations impacting nuclear power become increasingly stringent, market analysis is delving into how these changes will influence the <a href=\"https:\/\/www.sisinternational.com\/it\/venezuela-oil-mining-industry-potential-strategic-forecast-2026-2036\/\" title=\"Venezuela Oil &amp; Mining Industry Potential: Strategic Forecast 2026-2036\"  data-wpil-monitor-id=\"9980\">industry in terms of potential<\/a> opportunities and looming obstacles.<\/li>\n\n\n\n<li>Crescente interesse per l\u2019energia nucleare nei paesi in via di sviluppo: poich\u00e9 la domanda di energia nei paesi emergenti continua a crescere, l\u2019energia nucleare appare come una soluzione praticabile e redditizia. La ricerca di mercato sta esaminando attentamente i potenziali mercati di queste nazioni per l&#039;energia nucleare, nonch\u00e9 la fattibilit\u00e0 economica della costruzione di nuovi impianti.<\/li>\n<\/ul>\n\n\n\n<h2 class=\"wp-block-heading\">Vantaggi delle ricerche di mercato sull\u2019energia nucleare<\/h2>\n\n\n\n<ul class=\"wp-block-list\">\n<li>Sfruttando le ricerche di mercato dell&#039;energia nucleare, le aziende possono scoprire nuove prospettive e tendenze come nuovi mercati in crescita o le esigenze in evoluzione dei clienti.<\/li>\n\n\n\n<li>Through the <a href=\"https:\/\/www.sisinternational.com\/it\/copertura\/ricerche-di-mercato-asiatiche\/analisi-competitiva-cina\/\" title=\"Analisi competitiva in Cina\"  data-wpil-monitor-id=\"9981\">analysis of the competitive<\/a> landscape of the nuclear power industry, businesses can propel themselves ahead and create unrivaled strategies, products, and services.<\/li>\n\n\n\n<li>Attraverso ricerche di mercato approfondite sull\u2019energia nucleare, le aziende possono identificare i rischi e scoprire potenziali sfide nel settore, come modifiche normative o preoccupazioni sulla sicurezza. In questo modo, le aziende possono costruire contingenze che le aiuteranno a ridurre eventuali rischi.<\/li>\n\n\n\n<li>Con l&#039;accesso a dati e insight accurati, i decisori chiave possono prendere con sicurezza decisioni informate su investimenti, politiche e normative.<\/li>\n\n\n\n<li>La ricerca di mercato sull\u2019energia nucleare ha il potenziale per innescare l\u2019innovazione e incoraggiare l\u2019emergere di nuove tecnologie, prodotti e servizi che si allineano accuratamente con le esigenze in continua evoluzione dei consumatori.<\/li>\n<\/ul>\n\n\n\n<h2 class=\"wp-block-heading\">Limitazioni della ricerca di mercato sull&#039;energia nucleare<\/h2>\n\n\n\n<ul class=\"wp-block-list\">\n<li>Dato che il settore dell\u2019energia nucleare \u00e8 cos\u00ec severamente regolamentato, l\u2019accesso ai dati \u00e8 spesso limitato a causa di problemi di sicurezza e riservatezza. Ottenere dati e approfondimenti affidabili per la ricerca pu\u00f2 essere piuttosto difficile a causa della disponibilit\u00e0 limitata di informazioni.<\/li>\n\n\n\n<li>Muoversi nel settore dell\u2019energia nucleare pu\u00f2 essere un compito arduo a causa delle sue vaste componenti tecniche e normative. La complessit\u00e0 di questo settore presenta sfide uniche che devono essere superate per avere successo.<\/li>\n\n\n\n<li>Undertaking <a href=\"https:\/\/www.sisinternational.com\/it\/quali-sono-alcune-tendenze-nel-settore-delle-ricerche-di-mercato\/\" title=\"Quali sono alcune tendenze nel settore delle ricerche di mercato?\"  data-wpil-monitor-id=\"9984\">research into the nuclear power industry<\/a> can be costly, particularly if it involves conducting surveys or gathering data from a wide spectrum of stakeholders. This creates an obstacle for smaller businesses and organizations that have limited budgets.<\/li>\n\n\n\n<li>L\u2019industria nucleare \u00e8 soggetta a fluttuazioni politiche, il che rende difficile analizzare accuratamente il mercato e fare proiezioni precise. Cambiamenti imprevisti nelle normative governative o nell\u2019opinione pubblica possono compromettere in modo significativo la stabilit\u00e0 di questo settore, creando un ambiente imprevedibile che richiede monitoraggio.<\/li>\n<\/ul>\n\n\n\n<h2 class=\"wp-block-heading\">Prospettive future della ricerca di mercato sull\u2019energia nucleare<\/h2>\n\n\n\n<figure class=\"gb-block-image gb-block-image-0a9a93fc\"><img loading=\"lazy\" decoding=\"async\" width=\"1456\" height=\"816\" class=\"gb-image gb-image-0a9a93fc\" src=\"https:\/\/www.sisinternational.com\/wp-content\/uploads\/2025\/08\/NUclear-plant-nuclear-power-1.jpg\" alt=\"Ricerca e strategia di mercato internazionale SIS\" title=\"NUclear plant nuclear power (1)\" srcset=\"https:\/\/www.sisinternational.com\/wp-content\/uploads\/2025\/08\/NUclear-plant-nuclear-power-1.jpg 1456w, https:\/\/www.sisinternational.com\/wp-content\/uploads\/2025\/08\/NUclear-plant-nuclear-power-1-300x168.jpg 300w, https:\/\/www.sisinternational.com\/wp-content\/uploads\/2025\/08\/NUclear-plant-nuclear-power-1-1024x574.jpg 1024w, https:\/\/www.sisinternational.com\/wp-content\/uploads\/2025\/08\/NUclear-plant-nuclear-power-1-768x430.jpg 768w, https:\/\/www.sisinternational.com\/wp-content\/uploads\/2025\/08\/NUclear-plant-nuclear-power-1-18x10.jpg 18w\" sizes=\"auto, (max-width: 1456px) 100vw, 1456px\"><\/figure>\n\n\n\n<ul class=\"wp-block-list\">\n<li>The nuclear power industry is quickly advancing with new developments to enhance security, effectiveness, and performance. The nuclear energy <a href=\"https:\/\/www.sisinternational.com\/it\/soluzioni\/ai-ricerche-di-mercato-e-consulenza-strategica\/allintelligenza-artificiale\/\" title=\"Ricerche di mercato sull&#039;intelligenza artificiale\"  data-wpil-monitor-id=\"9976\">market is additionally attempting out artificial intelligence<\/a> along with machine learning to boost the safety measures and efficiency of all existing plants. Such explorations broaden potential applications for this revolutionary technology within our society.<\/li>\n\n\n\n<li>L\u2019energia nucleare sta guadagnando terreno di fronte alle sfide attuali grazie alla sua bassa impronta di carbonio e alla costante produzione di energia. Pertanto, la ricerca sui vantaggi economici dell&#039;energia nucleare e sull&#039;impatto ambientale complessivo rimarr\u00e0 fondamentale per il prossimo futuro. Inoltre, esiste un enorme potenziale di crescita in quest\u2019area poich\u00e9 l\u2019interesse pubblico continua a crescere.<\/li>\n\n\n\n<li>Comprendere le potenziali conseguenze dei cambiamenti normativi \u00e8 fondamentale per chiunque sia coinvolto nel settore dell\u2019energia nucleare. Tali modifiche possono alterare drasticamente il modo in cui operano le aziende, fornendo numerose opportunit\u00e0 di ricerca e analisi da perseguire.<\/li>\n\n\n\n<li>Mentre il bisogno mondiale di energia continua a crescere, aumenta anche la domanda di fonti di energia nuove e rivoluzionarie. Ci\u00f2 offre un\u2019opportunit\u00e0 eccezionale per esplorare ulteriormente l\u2019energia nucleare e il suo possibile contributo al soddisfacimento della domanda energetica globale.<\/li>\n<\/ul>\n\n\n\n<p><a href=\"https:\/\/www.sisinternational.com\/it\/sis-presenta-la-piattaforma-di-data-science-e-analisi-quantitativa\/\" title=\"SIS presenta la piattaforma di scienza dei dati e analisi quantitativa\"  data-wpil-monitor-id=\"9973\">SIS International offers Quantitative<\/a>, Qualitative, and Strategy Research. We provide data, tools, strategies, reports and insights for decision-making. We conduct interviews, surveys, <a href=\"https:\/\/www.sisinternational.com\/it\/soluzioni\/ricerche-di-mercato-con-focus-group\/\" title=\"Focus Group Ricerche di mercato\"  data-wpil-monitor-id=\"9974\">focus groups and many other Market Research<\/a> methods and approaches. Contact us for your <a href=\"https:\/\/www.sisinternational.com\/it\/competenza\/industrie\/ricerche-di-mercato-sulle-tecnologie-di-prossima-generazione\/\" title=\"Ricerche di mercato sulle tecnologie di prossima generazione\"  data-wpil-monitor-id=\"9975\">next Market Research<\/a> project.<\/p>","protected":false},"excerpt":{"rendered":"<p>Stando al passo con gli ultimi progressi nel campo dell\u2019energia nucleare, le aziende e gli investitori ottengono opportunit\u00e0 per prendere migliori decisioni di investimento.<\/p>","protected":false},"author":1,"featured_media":64085,"parent":14514,"menu_order":214,"comment_status":"closed","ping_status":"closed","template":"","meta":{"footnotes":""},"class_list":["post-41873","page","type-page","status-publish","has-post-thumbnail"],"_links":{"self":[{"href":"https:\/\/www.sisinternational.com\/it\/wp-json\/wp\/v2\/pages\/41873","targetHints":{"allow":["GET"]}}],"collection":[{"href":"https:\/\/www.sisinternational.com\/it\/wp-json\/wp\/v2\/pages"}],"about":[{"href":"https:\/\/www.sisinternational.com\/it\/wp-json\/wp\/v2\/types\/page"}],"author":[{"embeddable":true,"href":"https:\/\/www.sisinternational.com\/it\/wp-json\/wp\/v2\/users\/1"}],"replies":[{"embeddable":true,"href":"https:\/\/www.sisinternational.com\/it\/wp-json\/wp\/v2\/comments?post=41873"}],"version-history":[{"count":6,"href":"https:\/\/www.sisinternational.com\/it\/wp-json\/wp\/v2\/pages\/41873\/revisions"}],"predecessor-version":[{"id":81652,"href":"https:\/\/www.sisinternational.com\/it\/wp-json\/wp\/v2\/pages\/41873\/revisions\/81652"}],"up":[{"embeddable":true,"href":"https:\/\/www.sisinternational.com\/it\/wp-json\/wp\/v2\/pages\/14514"}],"wp:featuredmedia":[{"embeddable":true,"href":"https:\/\/www.sisinternational.com\/it\/wp-json\/wp\/v2\/media\/64085"}],"wp:attachment":[{"href":"https:\/\/www.sisinternational.com\/it\/wp-json\/wp\/v2\/media?parent=41873"}],"curies":[{"name":"wp","href":"https:\/\/api.w.org\/{rel}","templated":true}]}}