{"id":41853,"date":"2023-03-17T22:37:16","date_gmt":"2023-03-18T02:37:16","guid":{"rendered":"https:\/\/www.sisinternational.com\/?page_id=41853"},"modified":"2026-01-24T21:16:20","modified_gmt":"2026-01-25T02:16:20","slug":"ricerche-di-mercato-sulle-microsfere-per-microstampaggio","status":"publish","type":"page","link":"https:\/\/www.sisinternational.com\/it\/competenza\/ricerche-di-mercato-sulle-microsfere-per-microstampaggio\/","title":{"rendered":"Ricerche di mercato sul micro stampaggio e sulle microsfere"},"content":{"rendered":"<h1 class=\"wp-block-heading\">Ricerche di mercato sul micro stampaggio e sulle microsfere<\/h1>\n\n\n\n<figure class=\"gb-block-image gb-block-image-28cbaea8\"><img loading=\"lazy\" decoding=\"async\" width=\"1456\" height=\"816\" class=\"gb-image gb-image-28cbaea8\" src=\"https:\/\/www.sisinternational.com\/wp-content\/uploads\/2025\/08\/Micromolding-1.jpg\" alt=\"Ricerca e strategia di mercato internazionale SIS\" title=\"Micromolding (1)\" srcset=\"https:\/\/www.sisinternational.com\/wp-content\/uploads\/2025\/08\/Micromolding-1.jpg 1456w, https:\/\/www.sisinternational.com\/wp-content\/uploads\/2025\/08\/Micromolding-1-300x168.jpg 300w, https:\/\/www.sisinternational.com\/wp-content\/uploads\/2025\/08\/Micromolding-1-1024x574.jpg 1024w, https:\/\/www.sisinternational.com\/wp-content\/uploads\/2025\/08\/Micromolding-1-768x430.jpg 768w, https:\/\/www.sisinternational.com\/wp-content\/uploads\/2025\/08\/Micromolding-1-18x10.jpg 18w\" sizes=\"auto, (max-width: 1456px) 100vw, 1456px\"><\/figure>\n\n\n\n<p><\/p>\n\n\n\n<p>Micro stampaggio e microsfere sono in relazione tra loro. Ancora. si riferiscono a cose diverse.<\/p>\n\n\n\n<p>Il micro stampaggio \u00e8 un processo di fabbricazione per produrre parti in plastica piccole e precise. Le loro dimensioni sono nell&#039;ordine di micrometri o millimetri. Un tecnico inietta la plastica fusa nella cavit\u00e0 dello stampo ad alta pressione. La plastica quindi si raffredda e si solidifica per formare la parte desiderata. I settori dei dispositivi medici, dell&#039;elettronica e automobilistico utilizzano il microstampaggio per produrre pezzi piccoli e complessi.<\/p>\n\n\n\n<p>Le microsfere sono minuscole particelle sferiche con diametri che vanno dai nanometri ai millimetri. I loro produttori utilizzano vari materiali per produrli. Questi materiali includono vetro, polimeri, metalli e ceramica. Le microsfere hanno molte applicazioni in diversi campi. Alcuni esempi sono le industrie dei cosmetici, della somministrazione di farmaci e della scienza dei materiali. Ad esempio, l\u2019industria dei cosmetici utilizza le microsfere come esfolianti. Fungono anche da trasportatori per i principi attivi. La somministrazione di farmaci \u00e8 un altro esempio, in cui le microsfere possono incapsulare i farmaci e controllarne il rilascio nel tempo.<\/p>\n\n\n\n<p>In alcuni casi, il micro stampaggio pu\u00f2 produrre microsfere. Ad esempio, esiste un processo noto come microstampaggio a iniezione. Implica l&#039;iniezione del polimero fuso in una cavit\u00e0 dello stampo inferiore a un millimetro. La parte risultante \u00e8 una microsfera con dimensioni e forma precise.<\/p>\n\n\n\n<h2 class=\"wp-block-heading\">Perch\u00e9 il Micro Moulding e le Microsfere sono importanti?<\/h2>\n\n\n\n<p>Il microstampaggio e le microsfere sono essenziali per diversi motivi. Svolgono ruoli importanti in vari settori. Consentono la produzione di pezzi piccoli e precisi. Sia il microstampaggio che le microsfere migliorano le prestazioni di materiali e prodotti.<\/p>\n\n\n\n<p>Il micro stampaggio consente di produrre parti piccole e complesse con elevata precisione e accuratezza. \u00c8 essenziale in settori quali quelli dei dispositivi medici e dell&#039;elettronica. Piccole dimensioni e misurazioni precise sono fondamentali in questi settori.<br>\u00c8 un metodo conveniente per produrre piccole parti in grandi quantit\u00e0. Grazie a esso, i produttori possono realizzare componenti in modo rapido ed efficiente utilizzando processi automatizzati e apparecchiature ad alta velocit\u00e0.<\/p>\n\n\n\n<p>Consente la personalizzazione delle parti per soddisfare esigenze specifiche. I produttori possono creare pezzi con forme, dimensioni e propriet\u00e0 meccaniche particolari. Devono solo modificare il design dello stampo e le propriet\u00e0 del materiale.<\/p>\n\n\n\n<p>Le microsfere hanno molte applicazioni, tra cui la somministrazione di farmaci, i cosmetici e la scienza dei materiali. I produttori possono utilizzare vari materiali per produrli. Possono anche ingegnerizzarli per avere propriet\u00e0 specifiche. Ad esempio, possono avere propriet\u00e0 magnetiche o a rilascio controllato.<\/p>\n\n\n\n<p>Microspheres can further improve the performance of materials and products. They do so by adding new properties or functionalities. For example, adding microspheres to <a class=\"wpil_keyword_link\" href=\"https:\/\/www.sisinternational.com\/it\/competenza\/industrie\/ricerche-di-mercato-vernici-rivestimenti-e-inchiostri-da-stampa\/\"   title=\"Ricerche di mercato su vernici, rivestimenti e inchiostri da stampa\" data-wpil-keyword-link=\"linked\"  data-wpil-monitor-id=\"712\">coatings<\/a> can improve their scratch resistance. Adding them to composites can improve their strength and stiffness.<\/p>\n\n\n\n<h2 class=\"wp-block-heading\">Titoli di lavoro chiave<\/h2>\n\n\n\n<h3 class=\"wp-block-heading\">Ecco alcune posizioni lavorative chiave nei settori del micro stampaggio e delle microsfere:<\/h3>\n\n\n\n<figure class=\"gb-block-image gb-block-image-88cf0ee2\"><img loading=\"lazy\" decoding=\"async\" width=\"1456\" height=\"816\" class=\"gb-image gb-image-88cf0ee2\" src=\"https:\/\/www.sisinternational.com\/wp-content\/uploads\/2025\/08\/Micromolding-4.jpg\" alt=\"Ricerca e strategia di mercato internazionale SIS\" title=\"Micromolding (4)\" srcset=\"https:\/\/www.sisinternational.com\/wp-content\/uploads\/2025\/08\/Micromolding-4.jpg 1456w, https:\/\/www.sisinternational.com\/wp-content\/uploads\/2025\/08\/Micromolding-4-300x168.jpg 300w, https:\/\/www.sisinternational.com\/wp-content\/uploads\/2025\/08\/Micromolding-4-1024x574.jpg 1024w, https:\/\/www.sisinternational.com\/wp-content\/uploads\/2025\/08\/Micromolding-4-768x430.jpg 768w, https:\/\/www.sisinternational.com\/wp-content\/uploads\/2025\/08\/Micromolding-4-18x10.jpg 18w\" sizes=\"auto, (max-width: 1456px) 100vw, 1456px\"><\/figure>\n\n\n\n<ol class=\"wp-block-list\">\n<li>Ingegnere di microstampaggio. Un ingegnere di microstampaggio collabora con i progettisti di stampi per sviluppare parti in plastica di dimensioni micro. Collaborano inoltre con i team di produzione per creare e ottimizzare i processi di microstampaggio.<\/li>\n\n\n\n<li>Chimico della sintesi delle microsfere. Questo tipo di chimico progetta e sintetizza microsfere con propriet\u00e0 specifiche. Progettano queste microsfere per varie applicazioni. I chimici della sintesi delle microsfere lavorano nei laboratori per sviluppare e ottimizzare i metodi di sintesi. Potrebbero anche collaborare con i team di produzione per aumentare la produzione di microsfere.<\/li>\n\n\n\n<li>Tecnico di Micro Stampaggio ad Iniezione. Questo tecnico installa e gestisce macchine per microstampaggio a iniezione per produrre piccole parti in plastica. Lavorano con progettisti di stampi e team di produzione. Insieme garantiscono che i pezzi soddisfino le specifiche richieste.<\/li>\n\n\n\n<li>Scienziato delle applicazioni della microsfera. Uno scienziato delle applicazioni delle microsfere lavora con i clienti. Come suggerisce il titolo del lavoro, identificano le applicazioni per le microsfere. Sviluppano anche nuove applicazioni basate sulle propriet\u00e0 delle microsfere. Possono collaborare con i team di sviluppo prodotto per inserire microsfere in nuovi prodotti.<\/li>\n\n\n\n<li>Ingegnere del controllo qualit\u00e0. Un ingegnere del controllo qualit\u00e0 garantisce che le parti microstampate e le microsfere soddisfino le specifiche e gli standard di qualit\u00e0 richiesti. Sviluppano e mettono in atto processi di controllo della qualit\u00e0. Collaborano inoltre con i team di produzione per identificare e correggere i problemi di qualit\u00e0.<\/li>\n<\/ol>\n\n\n\n<h2 class=\"wp-block-heading\">Perch\u00e9 le aziende hanno bisogno del micro stampaggio e delle microsfere?<\/h2>\n\n\n\n<p>Le aziende hanno bisogno del microstampaggio e delle microsfere per diversi motivi. Queste imprese possono ottenere un vantaggio competitivo. Tutto quello che devono fare \u00e8 produrre parti personalizzate di alta qualit\u00e0 che soddisfino esigenze specifiche. Ci\u00f2 pu\u00f2 portare ad una maggiore soddisfazione e fidelizzazione del cliente.<\/p>\n\n\n\n<p>Anche le aziende hanno bisogno del microstampaggio e delle microsfere per migliorare i propri processi produttivi. Li usano anche per creare prodotti personalizzati. Inoltre, queste tecnologie consentono alle aziende di soddisfare le esigenze dei clienti con parti precise e di alta qualit\u00e0.<\/p>\n\n\n\n<h2 class=\"wp-block-heading\">Fattori chiave del successo<\/h2>\n\n\n\n<figure class=\"gb-block-image gb-block-image-3e2c08aa\"><img loading=\"lazy\" decoding=\"async\" width=\"1456\" height=\"816\" class=\"gb-image gb-image-3e2c08aa\" src=\"https:\/\/www.sisinternational.com\/wp-content\/uploads\/2025\/08\/Micromolding-3.jpg\" alt=\"Ricerca e strategia di mercato internazionale SIS\" title=\"Micromolding (3)\" srcset=\"https:\/\/www.sisinternational.com\/wp-content\/uploads\/2025\/08\/Micromolding-3.jpg 1456w, https:\/\/www.sisinternational.com\/wp-content\/uploads\/2025\/08\/Micromolding-3-300x168.jpg 300w, https:\/\/www.sisinternational.com\/wp-content\/uploads\/2025\/08\/Micromolding-3-1024x574.jpg 1024w, https:\/\/www.sisinternational.com\/wp-content\/uploads\/2025\/08\/Micromolding-3-768x430.jpg 768w, https:\/\/www.sisinternational.com\/wp-content\/uploads\/2025\/08\/Micromolding-3-18x10.jpg 18w\" sizes=\"auto, (max-width: 1456px) 100vw, 1456px\"><\/figure>\n\n\n\n<p><\/p>\n\n\n\n<p>Il successo nel microstampaggio e nelle microsfere richiede competenze tecniche. I campi richiedono competenze in scienza dei materiali, chimica, ingegneria e produzione. Questa competenza \u00e8 necessaria per i processi di micro stampaggio e sintesi di microsfere.<\/p>\n\n\n\n<p>Il successo nel microstampaggio e nelle microsfere richiede anche innovazione. Questa innovazione \u00e8 pi\u00f9 evidente nella scienza dei materiali, nella chimica e nei processi produttivi. \u00c8 necessario sviluppare nuovi metodi di micromoulding e di sintesi di microsfere. L\u2019innovazione \u00e8 essenziale anche per applicare queste tecnologie a nuove applicazioni e mercati.<\/p>\n\n\n\n<p>Questi campi richiedono rigorosi processi di controllo della qualit\u00e0. Questi processi garantiscono che le parti e le microsfere prodotte soddisfino le specifiche richieste. Devono anche seguire standard di qualit\u00e0. Ad esempio, devono implementare processi di controllo della qualit\u00e0 in ogni fase del processo di produzione. Le aziende devono inoltre effettuare un monitoraggio continuo per migliorare questi processi.<\/p>\n\n\n\n<p>Il microstampaggio e le microsfere necessitano della collaborazione tra le parti interessate. Queste parti interessate includono ingegneri, chimici, scienziati dei materiali e team di produzione. Questa collaborazione \u00e8 necessaria per sviluppare e ottimizzare i processi di micro stampaggio e microsfere. Aiuta anche a risolvere le sfide tecniche durante la produzione.<\/p>\n\n\n\n<p>Un&#039;altra regola per il successo \u00e8 un approccio di sviluppo e produzione del prodotto incentrato sul cliente. Questo approccio implica la comprensione delle esigenze dei clienti. Anche i produttori devono sviluppare prodotti che soddisfino tali esigenze. Inoltre, devono fornire un eccellente servizio clienti e supporto per garantire la soddisfazione del cliente.<\/p>\n\n\n\n<p>Le aziende devono concentrarsi su questi fattori critici di successo. In questo modo possono sviluppare e produrre parti e microsfere precise e di alta qualit\u00e0. Queste parti e microsfere soddisferanno le esigenze dei loro clienti. Forniranno inoltre un vantaggio competitivo nei rispettivi mercati.<\/p>\n\n\n\n<h2 class=\"wp-block-heading\">Informazioni sulle ricerche di mercato sul micromoulding e sulle microsfere<\/h2>\n\n\n\n<p>La ricerca di mercato \u00e8 un altro fattore critico di successo nel Micro Stampaggio e nelle Microsfere. Ad esempio, le aziende possono utilizzare indagini di ricerca di mercato quantitative. Questi sondaggi possono fornire una tabella di marcia per il futuro. Anche la ricerca di mercato qualitativa \u00e8 essenziale.<\/p>\n\n\n\n<p>At SIS International Research, we\u2019ll provide a thorough Competitive Analysis. With this analysis, you can design a Go to Market Strategy. We also offer Strategy <a href=\"https:\/\/www.sisinternational.com\/it\/copertura\/le-americhe\/ricerche-di-mercato-nei-caraibi\/ricerche-di-mercato-montserrat\/\" title=\"Ricerche di mercato a Montserrat\"  data-wpil-monitor-id=\"3267\">Ricerca di mercato<\/a>, Market Opportunity Research, and Market Sizing Research. SIS can set up Focus Groups and Interviews for <a href=\"https:\/\/www.sisinternational.com\/it\/copertura\/le-americhe\/ricerche-di-mercato-nei-caraibi\/ricerche-di-mercato-a-saint-kitts-e-nevis\/\" title=\"Ricerca di mercato a St. Kitts e Nevis\"  data-wpil-monitor-id=\"3287\">Ricerca sull&#039;ingresso nel mercato<\/a>. We also help you discover how consumers feel about a product already on the market.<\/p>\n\n\n\n<p>Contatta SIS oggi per una consulenza.<\/p>","protected":false},"excerpt":{"rendered":"<p>Il microstampaggio e le microsfere svolgono un ruolo vitale in molti settori. Aiutano a produrre parti precise e minuscole e a migliorare materiali e prodotti.<\/p>","protected":false},"author":1,"featured_media":64822,"parent":14514,"menu_order":209,"comment_status":"closed","ping_status":"closed","template":"","meta":{"footnotes":""},"class_list":["post-41853","page","type-page","status-publish","has-post-thumbnail"],"_links":{"self":[{"href":"https:\/\/www.sisinternational.com\/it\/wp-json\/wp\/v2\/pages\/41853","targetHints":{"allow":["GET"]}}],"collection":[{"href":"https:\/\/www.sisinternational.com\/it\/wp-json\/wp\/v2\/pages"}],"about":[{"href":"https:\/\/www.sisinternational.com\/it\/wp-json\/wp\/v2\/types\/page"}],"author":[{"embeddable":true,"href":"https:\/\/www.sisinternational.com\/it\/wp-json\/wp\/v2\/users\/1"}],"replies":[{"embeddable":true,"href":"https:\/\/www.sisinternational.com\/it\/wp-json\/wp\/v2\/comments?post=41853"}],"version-history":[{"count":6,"href":"https:\/\/www.sisinternational.com\/it\/wp-json\/wp\/v2\/pages\/41853\/revisions"}],"predecessor-version":[{"id":77552,"href":"https:\/\/www.sisinternational.com\/it\/wp-json\/wp\/v2\/pages\/41853\/revisions\/77552"}],"up":[{"embeddable":true,"href":"https:\/\/www.sisinternational.com\/it\/wp-json\/wp\/v2\/pages\/14514"}],"wp:featuredmedia":[{"embeddable":true,"href":"https:\/\/www.sisinternational.com\/it\/wp-json\/wp\/v2\/media\/64822"}],"wp:attachment":[{"href":"https:\/\/www.sisinternational.com\/it\/wp-json\/wp\/v2\/media?parent=41853"}],"curies":[{"name":"wp","href":"https:\/\/api.w.org\/{rel}","templated":true}]}}