{"id":41839,"date":"2023-03-17T18:38:42","date_gmt":"2023-03-17T22:38:42","guid":{"rendered":"https:\/\/www.sisinternational.com\/?page_id=41839"},"modified":"2025-10-22T00:10:33","modified_gmt":"2025-10-22T04:10:33","slug":"ricerca-di-mercato-sulla-mappa-termica","status":"publish","type":"page","link":"https:\/\/www.sisinternational.com\/it\/competenza\/ricerca-di-mercato-sulla-mappa-termica\/","title":{"rendered":"Ricerche di mercato sulla mappa termica"},"content":{"rendered":"<h1 class=\"wp-block-heading\">Ricerche di mercato sulla mappa termica<\/h1>\n\n\n\n<figure class=\"gb-block-image gb-block-image-5d3a09e3\"><img loading=\"lazy\" decoding=\"async\" width=\"1456\" height=\"816\" class=\"gb-image gb-image-5d3a09e3\" src=\"https:\/\/www.sisinternational.com\/wp-content\/uploads\/2025\/08\/Heatamp-2.jpg\" alt=\"Ricerca e strategia di mercato internazionale SIS\" title=\"Heatamp (2)\" srcset=\"https:\/\/www.sisinternational.com\/wp-content\/uploads\/2025\/08\/Heatamp-2.jpg 1456w, https:\/\/www.sisinternational.com\/wp-content\/uploads\/2025\/08\/Heatamp-2-300x168.jpg 300w, https:\/\/www.sisinternational.com\/wp-content\/uploads\/2025\/08\/Heatamp-2-1024x574.jpg 1024w, https:\/\/www.sisinternational.com\/wp-content\/uploads\/2025\/08\/Heatamp-2-768x430.jpg 768w, https:\/\/www.sisinternational.com\/wp-content\/uploads\/2025\/08\/Heatamp-2-18x10.jpg 18w\" sizes=\"auto, (max-width: 1456px) 100vw, 1456px\"><\/figure>\n\n\n\n<p><\/p>\n\n\n\n<p>Impegnandosi nella ricerca di mercato sulle mappe di calore, le aziende possono ottenere informazioni preziose sul comportamento e sulle preferenze dei propri clienti. Questo strumento \u00e8 particolarmente vantaggioso quando si monitorano il design del sito Web, l&#039;esperienza dell&#039;utente e le campagne di marketing.<\/p>\n\n\n\n<p>Di conseguenza, comprendendone le potenziali applicazioni, le organizzazioni possono comprendere meglio la propria base di clienti e prendere decisioni informate che promuoveranno la crescita e il successo.<\/p>\n\n\n\n<h2 class=\"wp-block-heading\">Cos\u2019\u00e8 la ricerca di mercato sulle mappe di calore?<\/h2>\n\n\n\n<p>Heat map market research is an innovative approach to understand consumer behavior and preferences. It utilizes visual depictions of data to uncover what consumers are truly paying attention to. It does this by showcasing the information in such a way that it highlights areas with high or low engagement, helping companies analyze user experience, website design as <a href=\"https:\/\/www.sisinternational.com\/it\/soluzioni\/ricerche-di-mercato-sui-prodotti-di-bellezza\/ricerche-di-mercato-sul-benessere-dei-baby-boomer\/\" title=\"Ricerche di mercato sul benessere dei baby boomer\"  data-wpil-monitor-id=\"8587\">well as marketing<\/a> campaigns and product development.<\/p>\n\n\n\n<p>Furthermore, it provides valuable insights into consumer behavior because by examining the data produced by heat maps, businesses can recognize patterns in customer conduct that will inform strategic decisions towards <a href=\"https:\/\/www.sisinternational.com\/it\/soluzioni\/consulenza-strategica\/consulenza-strategica-per-ricerche-di-mercato-sulla-responsabilita-del-prodotto\/\" title=\"Ricerca di mercato e consulenza strategica sulla responsabilit\u00e0 del prodotto\"  data-wpil-monitor-id=\"8585\">product development and marketing strategies<\/a>.<\/p>\n\n\n\n<h2 class=\"wp-block-heading\">Tipi di ricerche di mercato sulle mappe di calore<\/h2>\n\n\n\n<p>There are different types of heat <a href=\"https:\/\/www.sisinternational.com\/it\/soluzioni\/consulenza-strategica\/mappatura-delle-opportunita-di-ricerca-di-mercato\/\" title=\"Ricerca di mercato sulla mappatura delle opportunit\u00e0\"  data-wpil-monitor-id=\"8581\">maps used in market research<\/a>, such as eye-tracking heat maps, click heat maps, scroll heat maps, attention heat maps, engagement heat maps, and emotion heat maps. From its sophisticated technology to a distinctive methodology, each heat map generates and displays data in an attractive visual format. For instance:<\/p>\n\n\n\n<ul class=\"wp-block-list\">\n<li><strong>Fare clic sulle mappe di calore:<\/strong> Attraverso le mappe termiche dei clic, monitorare il comportamento degli utenti su siti Web e app \u00e8 pi\u00f9 semplice. Utilizzando la codifica a colori per indicare dove avviene il maggior numero di clic o tocchi, \u00e8 semplice scoprire quali aree coinvolgono gli utenti o quali parti presentano potenziali problemi.<\/li>\n\n\n\n<li><strong>Scorri le mappe termiche:<\/strong> Attraverso lo scroll heat mapping, le aziende possono osservare fino a che punto i visitatori scorrono verso il basso la pagina e determinare quali parti di essa trovano pi\u00f9 accattivanti. In questo modo, possono evitare che alcuni elementi passino inosservati o ignorati.<\/li>\n\n\n\n<li><strong>Mappe di calore per il tracciamento oculare:<\/strong> Le mappe termiche di eye-tracking consentono alle aziende di monitorare dove gli utenti guardano su una pagina web, individuando le aree che attirano maggiormente l\u2019attenzione e aiutandole a creare progetti di siti web pi\u00f9 efficienti. Con queste informazioni approfondite sul comportamento degli utenti, le aziende possono assicurarsi che il tuo sito ottenga il massimo coinvolgimento da parte dei suoi visitatori.<\/li>\n\n\n\n<li><strong>Mappe di calore di tracciamento del mouse:<\/strong> Questa forma di mappa termica registra i movimenti del puntatore del mouse mentre gli utenti interagiscono con una pagina web, quindi utilizza questi dati per generare immagini che dimostrano quali aree stanno attirando maggiore attenzione da parte loro.<\/li>\n<\/ul>\n\n\n\n<h2 class=\"wp-block-heading\">Vantaggi della ricerca di mercato sulla mappa termica<\/h2>\n\n\n\n<figure class=\"gb-block-image gb-block-image-08de3c36\"><img loading=\"lazy\" decoding=\"async\" width=\"1456\" height=\"816\" class=\"gb-image gb-image-08de3c36\" src=\"https:\/\/www.sisinternational.com\/wp-content\/uploads\/2025\/08\/Heatamp-4.jpg\" alt=\"Ricerca e strategia di mercato internazionale SIS\" title=\"Heatamp (4)\" srcset=\"https:\/\/www.sisinternational.com\/wp-content\/uploads\/2025\/08\/Heatamp-4.jpg 1456w, https:\/\/www.sisinternational.com\/wp-content\/uploads\/2025\/08\/Heatamp-4-300x168.jpg 300w, https:\/\/www.sisinternational.com\/wp-content\/uploads\/2025\/08\/Heatamp-4-1024x574.jpg 1024w, https:\/\/www.sisinternational.com\/wp-content\/uploads\/2025\/08\/Heatamp-4-768x430.jpg 768w, https:\/\/www.sisinternational.com\/wp-content\/uploads\/2025\/08\/Heatamp-4-18x10.jpg 18w\" sizes=\"auto, (max-width: 1456px) 100vw, 1456px\"><\/figure>\n\n\n\n<p>Le mappe di calore forniscono una rappresentazione grafica dei dati di facile comprensione. \u00c8 facile da capire anche per chi non ha esperienza in analisi.<\/p>\n\n\n\n<p>Le ricerche di mercato sulle mappe di calore consentono alle aziende di comprendere in modo esaustivo i desideri dei propri clienti, visualizzando gli elementi chiave delle loro pagine web.<\/p>\n\n\n\n<p>Con le mappe di calore, le aziende possono capire rapidamente come i visitatori interagiscono con le loro pagine web o con intere campagne di marketing. Questo feedback immediato consente loro di adattare l&#039;esperienza dell&#039;utente e il coinvolgimento per massimizzare i risultati.<\/p>\n\n\n\n<p>La ricerca di mercato sulle mappe di calore \u00e8 un modo conveniente per ottenere informazioni dettagliate sul comportamento e sulle preferenze dei clienti, rispetto ai metodi tradizionali pi\u00f9 costosi come sondaggi e focus group.<\/p>\n\n\n\n<p>Sfruttando le mappe di calore, le aziende possono ottenere prove inconfutabili del comportamento degli utenti ed eliminare qualsiasi potenziale pregiudizio o soggettivit\u00e0 tradizionalmente presente in altri metodi di ricerca.<\/p>\n\n\n\n<h2 class=\"wp-block-heading\">Limitazioni della ricerca di mercato sulle mappe di calore<\/h2>\n\n\n\n<ul class=\"wp-block-list\">\n<li>Heat maps offer a wealth of data about user behavior. However, without taking into account the reasons for certain usage patterns, businesses may struggle to use heat map information effectively. Further research on <a href=\"https:\/\/www.sisinternational.com\/it\/caso-di-studio-ipotetico-di-consumer-analytics-eharmony\/\" title=\"Analisi dei consumatori: caso di studio ipotetico di eHarmony\"  data-wpil-monitor-id=\"8574\">consumatore<\/a> inclinations and motivations could enable them to gain an even deeper understanding of their analytics to make more informed decisions.<\/li>\n\n\n\n<li>Le dimensioni limitate del campione spesso ostacolano la ricerca sulla mappa termica, limitando la generalizzabilit\u00e0 di qualsiasi osservazione effettuata. Di conseguenza, ci\u00f2 pu\u00f2 limitare l\u2019utilit\u00e0 delle informazioni ottenute utilizzando le mappe di calore.<\/li>\n\n\n\n<li>Le mappe di calore monitorano efficacemente il comportamento degli utenti online. Ma non forniscono alcuna informazione sulle abitudini o preferenze di coloro che sono offline.<\/li>\n\n\n\n<li>Heat maps are determined by <a href=\"https:\/\/www.sisinternational.com\/it\/copertura\/europa\/ricerche-di-mercato-liverpool-regno-unito\/\" title=\"Ricerche di mercato a Liverpool | Focus group e raccolta dati nel Regno Unito\"  data-wpil-monitor-id=\"8583\">data collected from particular user groups<\/a>, making them susceptible to the potential of sampling or response bias.<\/li>\n<\/ul>\n\n\n\n<h2 class=\"wp-block-heading\">Tendenze attuali delle ricerche di mercato sulle mappe di calore<\/h2>\n\n\n\n<p>Il settore delle ricerche di mercato sulle mappe di calore \u00e8 in uno stato di crescita continua, spinto dalla tecnologia all\u2019avanguardia e dai cambiamenti nelle inclinazioni dei consumatori. Ecco alcune tendenze attuali che si distinguono in questo settore:<\/p>\n\n\n\n<ul class=\"wp-block-list\">\n<li>Poich\u00e9 la progettazione incentrata sull\u2019utente e l\u2019importanza dell\u2019esperienza dell\u2019utente continuano ad evolversi, il settore delle ricerche di mercato sulle mappe di calore sta rispondendo ponendo maggiore enfasi sulla comprensione del comportamento e delle preferenze dei clienti. Le mappe di calore sono sempre pi\u00f9 utilizzate per valutare il modo in cui gli utenti interagiscono con siti Web, app mobili e altre piattaforme digitali per identificare quali aree necessitano di miglioramento.<\/li>\n\n\n\n<li>Attraverso l&#039;integrazione di mappe di calore e altri strumenti di analisi dei dati, come sondaggi, dati clickstream e test degli utenti, le aziende possono ottenere una valutazione pi\u00f9 completa delle preferenze dei clienti.<\/li>\n\n\n\n<li>Le mappe di calore possono essere utilizzate per determinare il modo in cui gli utenti interagiscono con l&#039;interfaccia per identificare le aree di miglioramento e garantire un percorso utente eccezionale. Tali informazioni raccolte dalla mappatura termica sono fondamentali per aiutare i proprietari dei negozi a determinare le strategie di posizionamento dei prodotti e di progettazione pi\u00f9 efficaci per i loro negozi.<\/li>\n<\/ul>\n\n\n\n<h2 class=\"wp-block-heading\">Prospettive future della ricerca di mercato sulle mappe di calore<\/h2>\n\n\n\n<p>As technology continues to evolve, the future of heat map market research is promising. Here are a few potential prospects on the horizon for using heat map <a href=\"https:\/\/www.sisinternational.com\/it\/competenza\/industrie\/ricerche-di-mercato-sulla-tecnologia-delle-bevande-alimentari-tecnologia-alimentare\/\" title=\"Ricerche di mercato sulle tecnologie per alimenti e bevande | Tecnologia alimentare\"  data-wpil-monitor-id=\"8579\">technology in market research<\/a>:<\/p>\n\n\n\n<ul class=\"wp-block-list\">\n<li>Sfruttando l\u2019intelligenza artificiale e l\u2019apprendimento automatico per analizzare i dati della mappa termica, le aziende possono scoprire informazioni preziose sulle abitudini e sulle scelte dei clienti. Queste informazioni utili possono quindi essere utilizzate per ottimizzare il design del sito Web, eseguire campagne di marketing pi\u00f9 efficaci e creare prodotti di qualit\u00e0 superiore per i clienti. Ad esempio, gli algoritmi di apprendimento automatico possono essere utilizzati per ispezionare i dati della mappa termica e rilevare modelli che potrebbero non essere evidenti agli analisti umani al momento dell\u2019ispezione iniziale.<\/li>\n\n\n\n<li>La ricerca di mercato sulle mappe di calore fornir\u00e0 dati in tempo reale, consentendo alle aziende di prendere decisioni migliori e agire rapidamente in risposta ai mercati in rapida evoluzione.<\/li>\n\n\n\n<li>Con il progresso della tecnologia, le mappe di calore diventeranno sempre pi\u00f9 sofisticate e visivamente accattivanti. Incorporando immagini 3D, sequenze di animazione e componenti interattivi.<\/li>\n<\/ul>\n\n\n\n<p>SIS International offers Quantitative, Qualitative, and Strategy Research. We provide data, tools, strategies, reports and insights for decision-making. We conduct interviews, surveys, <a href=\"https:\/\/www.sisinternational.com\/it\/soluzioni\/ricerche-di-mercato-con-focus-group\/\" title=\"Focus Group Ricerche di mercato\"  data-wpil-monitor-id=\"8576\">focus groups and many other Market Research<\/a> methods and approaches. Contact us for your <a href=\"https:\/\/www.sisinternational.com\/it\/competenza\/industrie\/ricerche-di-mercato-sulle-tecnologie-di-prossima-generazione\/\" title=\"Ricerche di mercato sulle tecnologie di prossima generazione\"  data-wpil-monitor-id=\"8577\">next Market Research<\/a> project.<\/p>","protected":false},"excerpt":{"rendered":"<p>Uno strumento per mappe termiche \u00e8 particolarmente vantaggioso quando si monitora il design del sito Web, l&#039;esperienza dell&#039;utente e le campagne di marketing.<\/p>","protected":false},"author":1,"featured_media":63697,"parent":14514,"menu_order":208,"comment_status":"closed","ping_status":"closed","template":"","meta":{"footnotes":""},"class_list":["post-41839","page","type-page","status-publish","has-post-thumbnail"],"_links":{"self":[{"href":"https:\/\/www.sisinternational.com\/it\/wp-json\/wp\/v2\/pages\/41839","targetHints":{"allow":["GET"]}}],"collection":[{"href":"https:\/\/www.sisinternational.com\/it\/wp-json\/wp\/v2\/pages"}],"about":[{"href":"https:\/\/www.sisinternational.com\/it\/wp-json\/wp\/v2\/types\/page"}],"author":[{"embeddable":true,"href":"https:\/\/www.sisinternational.com\/it\/wp-json\/wp\/v2\/users\/1"}],"replies":[{"embeddable":true,"href":"https:\/\/www.sisinternational.com\/it\/wp-json\/wp\/v2\/comments?post=41839"}],"version-history":[{"count":4,"href":"https:\/\/www.sisinternational.com\/it\/wp-json\/wp\/v2\/pages\/41839\/revisions"}],"predecessor-version":[{"id":81439,"href":"https:\/\/www.sisinternational.com\/it\/wp-json\/wp\/v2\/pages\/41839\/revisions\/81439"}],"up":[{"embeddable":true,"href":"https:\/\/www.sisinternational.com\/it\/wp-json\/wp\/v2\/pages\/14514"}],"wp:featuredmedia":[{"embeddable":true,"href":"https:\/\/www.sisinternational.com\/it\/wp-json\/wp\/v2\/media\/63697"}],"wp:attachment":[{"href":"https:\/\/www.sisinternational.com\/it\/wp-json\/wp\/v2\/media?parent=41839"}],"curies":[{"name":"wp","href":"https:\/\/api.w.org\/{rel}","templated":true}]}}