{"id":41834,"date":"2023-03-17T18:13:46","date_gmt":"2023-03-17T22:13:46","guid":{"rendered":"https:\/\/www.sisinternational.com\/?page_id=41834"},"modified":"2026-01-24T21:18:07","modified_gmt":"2026-01-25T02:18:07","slug":"ricerche-di-mercato-sui-materiali-da-costruzione-ecologici","status":"publish","type":"page","link":"https:\/\/www.sisinternational.com\/it\/competenza\/ricerche-di-mercato-sui-materiali-da-costruzione-ecologici\/","title":{"rendered":"Ricerche di mercato sui materiali da costruzione ecologici"},"content":{"rendered":"<h1 class=\"wp-block-heading\">Ricerche di mercato sui materiali da costruzione ecologici<\/h1>\n\n\n\n<figure class=\"gb-block-image gb-block-image-a0f737f5\"><img loading=\"lazy\" decoding=\"async\" width=\"1456\" height=\"816\" class=\"gb-image gb-image-a0f737f5\" src=\"https:\/\/www.sisinternational.com\/wp-content\/uploads\/2025\/10\/Green-building-3.jpg\" alt=\"Ricerca e strategia di mercato internazionale SIS\" title=\"Green building (3)\" srcset=\"https:\/\/www.sisinternational.com\/wp-content\/uploads\/2025\/10\/Green-building-3.jpg 1456w, https:\/\/www.sisinternational.com\/wp-content\/uploads\/2025\/10\/Green-building-3-300x168.jpg 300w, https:\/\/www.sisinternational.com\/wp-content\/uploads\/2025\/10\/Green-building-3-1024x574.jpg 1024w, https:\/\/www.sisinternational.com\/wp-content\/uploads\/2025\/10\/Green-building-3-768x430.jpg 768w, https:\/\/www.sisinternational.com\/wp-content\/uploads\/2025\/10\/Green-building-3-18x10.jpg 18w\" sizes=\"auto, (max-width: 1456px) 100vw, 1456px\"><\/figure>\n\n\n\n<p><\/p>\n\n\n\n<p>I materiali da costruzione verdi sono sostenibili, rispettosi dell\u2019ambiente ed efficienti dal punto di vista energetico. Utilizziamo questi materiali per costruire edifici con il minimo impatto ambientale. Riducono il consumo energetico e promuovono una vita sana. I materiali da costruzione verdi provengono da risorse rinnovabili o materiali riciclati. Sono durevoli e richiedono poca manutenzione.<\/p>\n\n\n\n<h2 class=\"wp-block-heading\">Esempi di materiali da costruzione ecologici includono:<\/h2>\n\n\n\n<ol class=\"wp-block-list\">\n<li>Legno: raccolto da foreste certificate<\/li>\n\n\n\n<li>Bamb\u00f9: materiale rinnovabile che pu\u00f2 sostituire il legno nelle costruzioni<\/li>\n\n\n\n<li>Acciaio riciclato: realizzato con materiali riciclati che hanno un&#039;impronta di carbonio inferiore<\/li>\n\n\n\n<li>Plastica riciclata: plastica ottenuta da materiali riciclati come bottiglie in PET<\/li>\n\n\n\n<li>Isolamento naturale: realizzato con materiali come lana, cotone e cellulosa<\/li>\n\n\n\n<li>Pavimentazione a bassa emissione: realizzata con materiali a basso contenuto di composti organici volatili (COV). Esempi sono bamb\u00f9, sughero e linoleum<\/li>\n\n\n\n<li>Pannelli solari: pannelli solari che producono energia rinnovabile e riducono il consumo energetico<\/li>\n\n\n\n<li>Impianti a basso consumo idrico che riducono il consumo di acqua, come WC a basso flusso, soffioni della doccia e rubinetti.<\/li>\n<\/ol>\n\n\n\n<p>L\u2019utilizzo di materiali da costruzione ecologici \u00e8 essenziale per creare edifici sostenibili ed efficienti dal punto di vista energetico. Un altro vantaggio di questi materiali \u00e8 che mantengono minimo l\u2019impatto sull\u2019ambiente.<\/p>\n\n\n\n<h2 class=\"wp-block-heading\">Perch\u00e9 i materiali da costruzione verdi sono importanti?<\/h2>\n\n\n\n<figure class=\"gb-block-image gb-block-image-1280df73\"><img loading=\"lazy\" decoding=\"async\" width=\"1456\" height=\"816\" class=\"gb-image gb-image-1280df73\" src=\"https:\/\/www.sisinternational.com\/wp-content\/uploads\/2025\/10\/Green-building-2.jpg\" alt=\"Ricerca e strategia di mercato internazionale SIS\" title=\"Green building (2)\" srcset=\"https:\/\/www.sisinternational.com\/wp-content\/uploads\/2025\/10\/Green-building-2.jpg 1456w, https:\/\/www.sisinternational.com\/wp-content\/uploads\/2025\/10\/Green-building-2-300x168.jpg 300w, https:\/\/www.sisinternational.com\/wp-content\/uploads\/2025\/10\/Green-building-2-1024x574.jpg 1024w, https:\/\/www.sisinternational.com\/wp-content\/uploads\/2025\/10\/Green-building-2-768x430.jpg 768w, https:\/\/www.sisinternational.com\/wp-content\/uploads\/2025\/10\/Green-building-2-18x10.jpg 18w\" sizes=\"auto, (max-width: 1456px) 100vw, 1456px\"><\/figure>\n\n\n\n<p><\/p>\n\n\n\n<p>Green building materials are essential. They help to create <a href=\"https:\/\/www.sisinternational.com\/it\/soluzioni\/ai-ricerche-di-mercato-e-consulenza-strategica\/consulenza-per-lautomazione-della-sostenibilita-ambientale-e-lintelligenza-artificiale\/\" title=\"Ambiente e sostenibilit\u00e0 Consulenza sull&#039;automazione e sull&#039;intelligenza artificiale\"  data-wpil-monitor-id=\"10004\">sustainable<\/a> buildings that are easy on the environment. They are also healthier for occupants. Here are some more of the critical reasons why green building materials are essential:<\/p>\n\n\n\n<p>I materiali da costruzione verdi sono sostenibili e hanno un impatto ambientale minimo. Sono spesso realizzati con risorse rinnovabili, riciclate o naturali.<\/p>\n\n\n\n<p>Le aziende devono raccoglierli in modo responsabile dal punto di vista ambientale. Questo processo aiuta a ridurre i rifiuti, a conservare le risorse naturali e a diminuire l\u2019inquinamento.<br>Un altro punto chiave \u00e8 che molti materiali da costruzione verdi sono efficienti dal punto di vista energetico. Di fatto, aiutano a ridurre il consumo energetico e ad abbassare l\u2019impronta di carbonio degli edifici. Ad esempio, i pannelli solari possono generare energia rinnovabile. L\u2019isolamento con materiali naturali pu\u00f2 ridurre ulteriormente i costi di riscaldamento e raffreddamento.<\/p>\n\n\n\n<p>I materiali da costruzione verdi possono contribuire a creare ambienti di vita pi\u00f9 sani. Sono spesso realizzati con materiali non tossici. In altre parole, questi materiali hanno meno probabilit\u00e0 di rilasciare sostanze chimiche dannose nell\u2019aria. Questa funzione pu\u00f2 migliorare la qualit\u00e0 dell&#039;aria interna. Riduce inoltre il rischio di problemi di salute associati alla scarsa qualit\u00e0 dell\u2019aria interna.<\/p>\n\n\n\n<p>Sebbene i materiali da costruzione ecologici possano essere pi\u00f9 costosi in anticipo, possono far risparmiare denaro a lungo termine. Ad esempio, i materiali ad alta efficienza energetica possono aiutare a ridurre le bollette. I materiali durevoli possono ridurre i costi di manutenzione nel tempo.<\/p>\n\n\n\n<p>The use of green building materials can benefit property owners. It allows their structures to achieve green building certification. For example, they can become compliant with LEED (Leadership in Energy and Environmental Design). Furthermore, green building certification can increase <a href=\"https:\/\/www.sisinternational.com\/it\/soluzioni\/e-la-crescita-globale\/ricerca-internazionale-sulla-proprieta-intellettuale\/\" title=\"Ricerche di mercato sulla propriet\u00e0 intellettuale\"  data-wpil-monitor-id=\"9991\">property value and improve marketability<\/a>. It also shows a commitment to sustainability.<\/p>\n\n\n\n<p>Insomma, l\u2019utilizzo di materiali da bioedilizia \u00e8 fondamentale. Stimola la creazione di edifici sostenibili ed efficienti dal punto di vista energetico con un impatto ambientale minimo. Promuove inoltre ambienti di vita pi\u00f9 sani e risparmi sui costi.<\/p>\n\n\n\n<h2 class=\"wp-block-heading\">Titoli di lavoro chiave<\/h2>\n\n\n\n<figure class=\"gb-block-image gb-block-image-ce97f7ac\"><img loading=\"lazy\" decoding=\"async\" width=\"1456\" height=\"816\" class=\"gb-image gb-image-ce97f7ac\" src=\"https:\/\/www.sisinternational.com\/wp-content\/uploads\/2025\/10\/Green-building-3.jpg\" alt=\"Ricerca e strategia di mercato internazionale SIS\" title=\"Green building (3)\" srcset=\"https:\/\/www.sisinternational.com\/wp-content\/uploads\/2025\/10\/Green-building-3.jpg 1456w, https:\/\/www.sisinternational.com\/wp-content\/uploads\/2025\/10\/Green-building-3-300x168.jpg 300w, https:\/\/www.sisinternational.com\/wp-content\/uploads\/2025\/10\/Green-building-3-1024x574.jpg 1024w, https:\/\/www.sisinternational.com\/wp-content\/uploads\/2025\/10\/Green-building-3-768x430.jpg 768w, https:\/\/www.sisinternational.com\/wp-content\/uploads\/2025\/10\/Green-building-3-18x10.jpg 18w\" sizes=\"auto, (max-width: 1456px) 100vw, 1456px\"><\/figure>\n\n\n\n<p><\/p>\n\n\n\n<h3 class=\"wp-block-heading\">Ecco alcuni titoli di lavoro chiave relativi ai materiali da costruzione ecologici:<\/h3>\n\n\n\n<ol class=\"wp-block-list\">\n<li><strong>Architetto di progettazione sostenibile:<\/strong> responsabile della progettazione di edifici sostenibili, efficienti dal punto di vista energetico e rispettosi dell\u2019ambiente. Lavorano con clienti, ingegneri e appaltatori. Insieme creano strutture progettate per soddisfare gli standard di certificazione della bioedilizia.<\/li>\n\n\n\n<li><strong>Professionista accreditato LEED:<\/strong> LEED \u00e8 un programma di certificazione della bioedilizia. I professionisti accreditati LEED (AP) hanno superato l&#039;esame LEED AP. Hanno compreso profondamente le pratiche, i principi e gli standard della bioedilizia.<\/li>\n\n\n\n<li><strong>Consulente per la bioedilizia:<\/strong> fornire orientamento e consulenza ai clienti. Li aiutano a progettare, costruire e mantenere edifici sostenibili ed efficienti dal punto di vista energetico. Il consulente pu\u00f2 fornire valutazioni delle strutture esistenti o consigliare materiali da costruzione ecologici. Aiutano inoltre i clienti a ottenere la certificazione di bioedilizia.<\/li>\n\n\n\n<li><strong>Coordinatore della sostenibilit\u00e0:<\/strong> gestire e implementare iniziative di sostenibilit\u00e0 all&#039;interno delle organizzazioni. Ad esempio, sviluppano piani di sostenibilit\u00e0 e monitorano l\u2019utilizzo di energia e risorse. Promuovono anche pratiche sostenibili.<\/li>\n\n\n\n<li><strong>Ingegnere ambientale:<\/strong> garantire che gli edifici abbiano un impatto ambientale minimo. Possono lavorare su progetti di conservazione dell\u2019acqua, gestione dei rifiuti e efficienza energetica.<\/li>\n\n\n\n<li><strong>Produttore di materiali da costruzione ecologici:<\/strong> produce materiali da costruzione rispettosi dell&#039;ambiente. Ad esempio, producono acciaio riciclato, isolamenti naturali e pavimenti a basse emissioni. Lavorano per creare materiali sostenibili ed efficienti dal punto di vista energetico. Garantiscono che questi materiali siano salutari per gli occupanti dell&#039;edificio.<\/li>\n\n\n\n<li><strong>Revisore energetico:<\/strong> valutare l\u2019efficienza energetica degli edifici. Forniscono inoltre raccomandazioni per ridurre il consumo energetico. Possono ispezionare le strutture, analizzare le bollette energetiche e raccomandare tecnologie e pratiche efficienti dal punto di vista energetico.<\/li>\n<\/ol>\n\n\n\n<p>Questi sono solo alcuni titoli professionali legati ai materiali da costruzione green. Molte altre professioni e titoli di lavoro svolgono un ruolo nella creazione di edifici verdi.<\/p>\n\n\n\n<h2 class=\"wp-block-heading\">Perch\u00e9 le aziende hanno bisogno di materiali da costruzione ecologici<\/h2>\n\n\n\n<p><a href=\"https:\/\/www.sisinternational.com\/it\/pubblicazioni\/ricerche-di-mercato-per-un-business-scalabile-7-modi-per-costruire-un-business-scalabile\/\" title=\"Ricerche di mercato per aziende scalabili: 7 modi per costruire un business scalabile\"  data-wpil-monitor-id=\"10003\">Businesses need green building<\/a> materials for several reasons. Again, cost savings come into play. Green building materials can help companies to save money in the long run. Energy-efficient materials, such as low-emitting insulation and LED lighting, can reduce energy costs. Moreover, durable materials can reduce maintenance costs over time.<\/p>\n\n\n\n<p>Green buildings are becoming more popular among consumers. The modern <a href=\"https:\/\/www.sisinternational.com\/it\/competenza\/industrie\/ricerche-di-mercato-automobilistiche\/quali-sono-le-preoccupazioni-dei-consumatori-sulle-auto-a-guida-autonoma\/\" title=\"What Are Consumers&#8217; Concerns About Self-Driving Cars?\"  data-wpil-monitor-id=\"9999\">consumer tends to show concern<\/a> for the environment. Businesses that use green building materials can differentiate themselves from competitors. For instance, they can appeal to customers who value sustainability.<br>Molti governi locali e statali hanno stabilito codici e regolamenti edilizi. Alcune di queste leggi riguardano l\u2019efficienza energetica e la sostenibilit\u00e0 ambientale. Le aziende che utilizzano materiali da costruzione ecologici possono seguire queste normative ed evitare sanzioni.<\/p>\n\n\n\n<p>I materiali da costruzione ecologici possono contribuire a creare un ambiente di lavoro pi\u00f9 sano per i dipendenti. Ad esempio, la vernice a basso contenuto di COV e l\u2019isolamento naturale possono migliorare la qualit\u00e0 dell\u2019aria interna. Possono anche ridurre il rischio di problemi di salute associati alla scarsa qualit\u00e0 dell\u2019aria interna.<\/p>\n\n\n\n<h2 class=\"wp-block-heading\">Fattori chiave del successo<\/h2>\n\n\n\n<p>I materiali da costruzione verdi devono essere sostenibili e avere un impatto ambientale minimo. Inoltre, i produttori dovrebbero utilizzare risorse rinnovabili o materiali riciclati. Oppure possono almeno utilizzare materiali naturali raccolti in modo responsabile dal punto di vista ambientale. Dovrebbero inoltre avere una lunga durata ed essere facili da riciclare o riutilizzare al termine della loro vita utile.<\/p>\n\n\n\n<p>Molti materiali da costruzione ecologici sono efficienti dal punto di vista energetico. Aiutano a ridurre il consumo energetico e ad abbassare l\u2019impronta di carbonio degli edifici. Questi materiali dovrebbero essere in grado di isolare gli edifici. Pertanto, possono ridurre la necessit\u00e0 di riscaldamento, raffreddamento e illuminazione.<\/p>\n\n\n\n<p>I materiali da costruzione verdi dovrebbero essere durevoli e in grado di resistere agli elementi. Dovrebbero anche resistere all&#039;usura nel tempo. Allo stesso modo, questi materiali dovrebbero essere resistenti all\u2019umidit\u00e0, ai parassiti e alla decomposizione. Devono inoltre mantenere la loro integrit\u00e0 strutturale per un lungo periodo.<\/p>\n\n\n\n<p>I materiali da costruzione ecologici possono essere pi\u00f9 costosi in anticipo. Ma dovrebbero essere economicamente vantaggiosi per tutta la loro durata. Dovrebbero essere in grado di risparmiare denaro attraverso l\u2019efficienza energetica. Gli utenti potranno inoltre usufruire di costi di manutenzione ridotti e di un miglioramento della salute e della produttivit\u00e0 degli occupanti.<\/p>\n\n\n\n<h3 class=\"wp-block-heading\">Sicurezza e sostenibilit\u00e0<\/h3>\n\n\n\n<figure class=\"gb-block-image gb-block-image-f99fbf88\"><img loading=\"lazy\" decoding=\"async\" width=\"1456\" height=\"816\" class=\"gb-image gb-image-f99fbf88\" src=\"https:\/\/www.sisinternational.com\/wp-content\/uploads\/2025\/10\/Green-building-1.jpg\" alt=\"Ricerca e strategia di mercato internazionale SIS\" title=\"Green building (1)\" srcset=\"https:\/\/www.sisinternational.com\/wp-content\/uploads\/2025\/10\/Green-building-1.jpg 1456w, https:\/\/www.sisinternational.com\/wp-content\/uploads\/2025\/10\/Green-building-1-300x168.jpg 300w, https:\/\/www.sisinternational.com\/wp-content\/uploads\/2025\/10\/Green-building-1-1024x574.jpg 1024w, https:\/\/www.sisinternational.com\/wp-content\/uploads\/2025\/10\/Green-building-1-768x430.jpg 768w, https:\/\/www.sisinternational.com\/wp-content\/uploads\/2025\/10\/Green-building-1-18x10.jpg 18w\" sizes=\"auto, (max-width: 1456px) 100vw, 1456px\"><\/figure>\n\n\n\n<p><\/p>\n\n\n\n<p>I materiali da costruzione verdi dovrebbero essere sicuri per l\u2019ambiente e per gli occupanti dell\u2019edificio. I produttori dovrebbero crearli con materiali non tossici. Questi materiali non dovrebbero rilasciare sostanze chimiche nocive nell&#039;aria. Dovrebbero anche essere facili da mantenere e pulire per prevenire l\u2019accumulo di muffe e altri allergeni.<\/p>\n\n\n\n<p>Un&#039;organizzazione di terze parti rispettabile dovrebbe certificare i tuoi materiali da costruzione ecologici. Un esempio di tale organizzazione \u00e8 il Forest Stewardship Council (FSC). Oppure puoi chiedere a Cradle to Cradle (C2C) di eseguire la certificazione. Questo passaggio garantisce che i materiali da costruzione soddisfino gli standard ambientali e di sostenibilit\u00e0.<\/p>\n\n\n\n<p>In breve, il successo dei materiali da costruzione green dipende dalla loro sostenibilit\u00e0. Devono anche essere efficienti dal punto di vista energetico, durevoli ed economici. Questi materiali dovrebbero soddisfare gli standard di salute e sicurezza e dovresti certificarli. Stai selezionando materiali da costruzione green per i tuoi progetti? Considera questi fattori prima di effettuare la selezione finale.<\/p>\n\n\n\n<h2 class=\"wp-block-heading\">Informazioni sulla ricerca di mercato sui materiali da costruzione ecologici<\/h2>\n\n\n\n<p>Is your company looking to <a href=\"https:\/\/www.sisinternational.com\/it\/soluzioni\/consulenza-strategica\/ricerca-sulle-opportunita-di-ingresso-nel-mercato\/lefficacia-dei-test-sui-prodotti-a-new-york-per-entrare-nel-mercato-americano\/\" title=\"L&#039;efficacia dei test sui prodotti a New York per entrare nel mercato americano\"  data-wpil-monitor-id=\"10002\">enter the Green Building Materials market<\/a>? You must conduct Quantitative and Qualitative Market Research in detail. <a href=\"https:\/\/www.sisinternational.com\/it\/competenza\/industrie\/ricerca-sui-concorrenti\/\" title=\"Ricerca sulla concorrenza\"  data-wpil-monitor-id=\"9995\">Research provides insight into your competitors<\/a>, market, products, and customers. You\u2019ll need to set up Focus Groups coupled with Surveys and Interviews. You\u2019ll also need UX Market Research. It will tell you how your product fits people\u2019s wants, needs, and abilities.<\/p>\n\n\n\n<p><a href=\"https:\/\/www.sisinternational.com\/it\/soluzioni\/soluzioni-di-branding-e-ricerca-clienti\/ricerche-di-mercato-per-test-di-prodotto\/degustazione-di-cibo-sis-internationals\/\" title=\"Cosa rende SIS International Research la MIGLIORE societ\u00e0 di ricerche di mercato per i test del gusto alimentare a New York City\"  data-wpil-monitor-id=\"9987\">SIS International offers all these research<\/a> options. We also provide Strategy <a href=\"https:\/\/www.sisinternational.com\/it\/competenza\/industrie\/ricerche-di-mercato-sulle-nanoparticelle\/\" title=\"Ricerche di mercato sulle nanoparticelle\"  data-wpil-monitor-id=\"3313\">Ricerca di mercato<\/a>, Competitive Analysis, and Market Entry Research. SIS does <a href=\"https:\/\/www.sisinternational.com\/it\/competenza\/industrie\/ricerche-di-mercato-sulle-caramelle\/\" title=\"Ricerche di mercato sulle caramelle\"  data-wpil-monitor-id=\"3330\">Ricerca sulle opportunit\u00e0 di mercato<\/a> and Market Sizing Research. We can help you <a href=\"https:\/\/www.sisinternational.com\/it\/competenza\/industrie\/ricerche-di-mercato-sullo-sviluppo-di-codici-bassi\/\" title=\"Ricerche di mercato sullo sviluppo del codice basso\"  data-wpil-monitor-id=\"9997\">develop a winning Go to Market<\/a> Strategy. Contact us today for a consultation!<\/p>","protected":false},"excerpt":{"rendered":"<p>I materiali da costruzione verdi sono sostenibili, rispettosi dell\u2019ambiente ed efficienti dal punto di vista energetico. Sono durevoli e richiedono poca manutenzione.<\/p>","protected":false},"author":1,"featured_media":72084,"parent":14514,"menu_order":207,"comment_status":"closed","ping_status":"closed","template":"","meta":{"footnotes":""},"class_list":["post-41834","page","type-page","status-publish","has-post-thumbnail"],"_links":{"self":[{"href":"https:\/\/www.sisinternational.com\/it\/wp-json\/wp\/v2\/pages\/41834","targetHints":{"allow":["GET"]}}],"collection":[{"href":"https:\/\/www.sisinternational.com\/it\/wp-json\/wp\/v2\/pages"}],"about":[{"href":"https:\/\/www.sisinternational.com\/it\/wp-json\/wp\/v2\/types\/page"}],"author":[{"embeddable":true,"href":"https:\/\/www.sisinternational.com\/it\/wp-json\/wp\/v2\/users\/1"}],"replies":[{"embeddable":true,"href":"https:\/\/www.sisinternational.com\/it\/wp-json\/wp\/v2\/comments?post=41834"}],"version-history":[{"count":7,"href":"https:\/\/www.sisinternational.com\/it\/wp-json\/wp\/v2\/pages\/41834\/revisions"}],"predecessor-version":[{"id":81655,"href":"https:\/\/www.sisinternational.com\/it\/wp-json\/wp\/v2\/pages\/41834\/revisions\/81655"}],"up":[{"embeddable":true,"href":"https:\/\/www.sisinternational.com\/it\/wp-json\/wp\/v2\/pages\/14514"}],"wp:featuredmedia":[{"embeddable":true,"href":"https:\/\/www.sisinternational.com\/it\/wp-json\/wp\/v2\/media\/72084"}],"wp:attachment":[{"href":"https:\/\/www.sisinternational.com\/it\/wp-json\/wp\/v2\/media?parent=41834"}],"curies":[{"name":"wp","href":"https:\/\/api.w.org\/{rel}","templated":true}]}}