{"id":41831,"date":"2023-03-17T17:36:15","date_gmt":"2023-03-17T21:36:15","guid":{"rendered":"https:\/\/www.sisinternational.com\/?page_id=41831"},"modified":"2026-03-25T01:15:52","modified_gmt":"2026-03-25T05:15:52","slug":"ricerche-di-mercato-sugli-alimenti-surgelati","status":"publish","type":"page","link":"https:\/\/www.sisinternational.com\/it\/soluzioni\/ricerche-di-mercato-nel-settore-delle-bevande-alimentari\/ricerche-di-mercato-sugli-alimenti-surgelati\/","title":{"rendered":"Ricerche di mercato sugli alimenti surgelati"},"content":{"rendered":"<h1 class=\"wp-block-heading\">Ricerche di mercato sugli alimenti surgelati<\/h1>\n\n\n\n<figure class=\"gb-block-image gb-block-image-02e492c6\"><img loading=\"lazy\" decoding=\"async\" width=\"1456\" height=\"816\" class=\"gb-image gb-image-02e492c6\" src=\"https:\/\/www.sisinternational.com\/wp-content\/uploads\/2025\/08\/Refrigarator-2.jpg\" alt=\"Ricerca e strategia di mercato internazionale SIS\" title=\"Refrigarator (2)\" srcset=\"https:\/\/www.sisinternational.com\/wp-content\/uploads\/2025\/08\/Refrigarator-2.jpg 1456w, https:\/\/www.sisinternational.com\/wp-content\/uploads\/2025\/08\/Refrigarator-2-300x168.jpg 300w, https:\/\/www.sisinternational.com\/wp-content\/uploads\/2025\/08\/Refrigarator-2-1024x574.jpg 1024w, https:\/\/www.sisinternational.com\/wp-content\/uploads\/2025\/08\/Refrigarator-2-768x430.jpg 768w, https:\/\/www.sisinternational.com\/wp-content\/uploads\/2025\/08\/Refrigarator-2-18x10.jpg 18w\" sizes=\"auto, (max-width: 1456px) 100vw, 1456px\"><\/figure>\n\n\n\n<p><\/p>\n\n\n\n<p>La ricerca di mercato degli alimenti surgelati \u00e8 utile per scoprire tendenze e raccogliere dati e strategie che le aziende possono utilizzare. I risultati della ricerca di mercato forniscono approfondimenti sulle diverse componenti dei settori degli alimenti surgelati, tra cui la produzione di beni, la distribuzione dei prodotti e i vari stabilimenti coinvolti, come ristoranti, minimarket e rivenditori locali e internazionali.<\/p>\n\n\n\n<p>Questa ricerca di mercato rivela anche come le varie aziende nel mercato degli alimenti surgelati si confrontano con i loro concorrenti in termini di offerta di prodotti, qualit\u00e0 del prodotto, vendite e marketing. Le statistiche e gli approcci nel settore degli alimenti surgelati possono guidare le imprese e gli attori chiave nel processo decisionale e fornire dettagli aggiornati sul clima economico.<\/p>\n\n\n\n<h2 class=\"wp-block-heading\">Definizione della ricerca di mercato degli alimenti surgelati<\/h2>\n\n\n\n<p>Sono considerati prodotti alimentari congelati gli alimenti e le bevande conservati mediante congelamento e conservati nel congelatore prima della preparazione. Inizialmente, i prodotti surgelati non necessitano di conservanti aggiuntivi perch\u00e9 i batteri non crescono al di sotto di 15 \u00b0F, temperatura sufficiente per evitare il deterioramento del cibo. Per la conservazione del prodotto a lungo termine, potrebbe essere necessario conservare gli alimenti a temperature ancora pi\u00f9 basse.<\/p>\n\n\n\n<p>Freezing is one of the earliest and most extensively utilized ways of food preservation. It offers the best preservation technique for retaining the original&nbsp;flavor, texture, and nutritional content. The freezing process combines the advantageous effects of low temperatures at which microorganisms cannot grow, slow chemical processes, and postpone cellular metabolic reactions.<\/p>\n\n\n\n<p>Il congelamento \u00e8 un ottimo metodo di conservazione degli alimenti perch\u00e9 i batteri che causano il deterioramento degli alimenti vengono distrutti o non crescono rapidamente alle basse temperature; quindi, gli alimenti surgelati sono popolari tra i consumatori grazie alla loro lunga durata di conservazione, che ne aumenta la praticit\u00e0.<\/p>\n\n\n\n<h2 class=\"wp-block-heading\">Segmentazione delle ricerche di mercato degli alimenti surgelati<\/h2>\n\n\n\n<figure class=\"gb-block-image gb-block-image-6d81bc40\"><img loading=\"lazy\" decoding=\"async\" width=\"1456\" height=\"816\" class=\"gb-image gb-image-6d81bc40\" src=\"https:\/\/www.sisinternational.com\/wp-content\/uploads\/2025\/08\/Mexican-food-lunch-17.jpg\" alt=\"Ricerca e strategia di mercato internazionale SIS\" title=\"Mexican food lunch (17)\" srcset=\"https:\/\/www.sisinternational.com\/wp-content\/uploads\/2025\/08\/Mexican-food-lunch-17.jpg 1456w, https:\/\/www.sisinternational.com\/wp-content\/uploads\/2025\/08\/Mexican-food-lunch-17-300x168.jpg 300w, https:\/\/www.sisinternational.com\/wp-content\/uploads\/2025\/08\/Mexican-food-lunch-17-1024x574.jpg 1024w, https:\/\/www.sisinternational.com\/wp-content\/uploads\/2025\/08\/Mexican-food-lunch-17-768x430.jpg 768w, https:\/\/www.sisinternational.com\/wp-content\/uploads\/2025\/08\/Mexican-food-lunch-17-18x10.jpg 18w\" sizes=\"auto, (max-width: 1456px) 100vw, 1456px\"><\/figure>\n\n\n\n<p><\/p>\n\n\n\n<p>Frozen <a href=\"https:\/\/www.sisinternational.com\/it\/soluzioni\/qsr-ricerche-di-mercato-alimentare\/\" title=\"Ricerche di mercato alimentare QSR\"  data-wpil-monitor-id=\"2316\">Food Market Research<\/a> provides insights that include several main aspects of the industry that play crucial role in the industry\u2019s growth and dynamics. Below are some of the segmentation included in the research and development of data and strategies in <a href=\"https:\/\/www.sisinternational.com\/it\/competenza\/industrie\/ricerche-di-mercato-sulle-nanoparticelle\/\" title=\"Ricerche di mercato sulle nanoparticelle\"  data-wpil-monitor-id=\"3318\">frozen food<\/a> market industry.<\/p>\n\n\n\n<h3 class=\"wp-block-heading\">Tipo di prodotto del mercato degli alimenti surgelati<\/h3>\n\n\n\n<ul class=\"wp-block-list\">\n<li>Frutta e verdura congelata<\/li>\n\n\n\n<li>Carne congelata<\/li>\n\n\n\n<li>Pesce e frutti di mare congelati<\/li>\n\n\n\n<li>Piatti pronti cotti surgelati<\/li>\n\n\n\n<li>Dessert congelati<\/li>\n\n\n\n<li>Snack surgelati<\/li>\n\n\n\n<li>Dessert congelati<\/li>\n\n\n\n<li>Prodotti da forno o di pasticceria surgelati<\/li>\n<\/ul>\n\n\n\n<h3 class=\"wp-block-heading\">Categorie del mercato degli alimenti surgelati<\/h3>\n\n\n\n<ul class=\"wp-block-list\">\n<li>Pronto da cucinare<\/li>\n\n\n\n<li>Pronto da bere<\/li>\n\n\n\n<li>Pronto a mangiare<\/li>\n<\/ul>\n\n\n\n<h3 class=\"wp-block-heading\">Processo di congelamento del mercato degli alimenti surgelati<\/h3>\n\n\n\n<ul class=\"wp-block-list\">\n<li>Congelamento rapido individuale (IQF)<\/li>\n\n\n\n<li>Congelamento rapido<\/li>\n\n\n\n<li>Congelamento della cintura<\/li>\n\n\n\n<li>Congelatori a contatto indiretto<\/li>\n\n\n\n<li>Altre tecniche di congelamento<\/li>\n<\/ul>\n\n\n\n<h3 class=\"wp-block-heading\">Canale di distribuzione del mercato degli alimenti surgelati<\/h3>\n\n\n\n<ul class=\"wp-block-list\">\n<li>Impianti di trasformazione alimentare<\/li>\n\n\n\n<li>Supermercati e Ipermercati<\/li>\n\n\n\n<li>Minimarket<\/li>\n\n\n\n<li>Mercati pubblici<\/li>\n\n\n\n<li>Negozi localiCanali online<\/li>\n\n\n\n<li>Altri canali di distribuzione<\/li>\n<\/ul>\n\n\n\n<h2 class=\"wp-block-heading\">Analisi del mercato degli alimenti surgelati<\/h2>\n\n\n\n<p>In recent years, the global <a href=\"https:\/\/www.sisinternational.com\/it\/soluzioni\/ricerche-di-mercato-nel-settore-delle-bevande-alimentari\/ricerche-di-mercato-sullo-yogurt-gelato\/\" title=\"Ricerche di mercato sullo yogurt gelato\"  data-wpil-monitor-id=\"11455\">market for frozen<\/a> food has expanded. The need for easy-to-prepare and ready meals is favorably influencing the frozen food industry. According to a comprehensive analysis, the global market for frozen meals is anticipated to expand continuously.<\/p>\n\n\n\n<p>Inoltre, diversi fattori stanno guidando la crescita del mercato dei prodotti surgelati. Dati e strategie nel settore del mercato degli alimenti surgelati hanno scoperto che le aziende offrono un\u2019ampia variet\u00e0 di alimenti surgelati, trasformando un settore tradizionalmente noto per i pasti istantanei in uno dei segmenti pi\u00f9 grandi e popolari dell\u2019industria alimentare globale.<\/p>\n\n\n\n<p>L\u2019ascesa del mercato degli alimenti surgelati ha portato a fornire ai consumatori pi\u00f9 opzioni, variet\u00e0 e comodit\u00e0 che mai. Anche i produttori di alimenti surgelati stanno introducendo nuovi articoli per dare ai consumatori un senso di novit\u00e0. Partnership, marketing potenziato, accordi di licenza e nuove scelte contribuiscono alla crescita accelerata del mercato degli alimenti surgelati.<\/p>\n\n\n\n<h2 class=\"wp-block-heading\">Fattori che influiscono sulla ricerca di mercato degli alimenti surgelati<\/h2>\n\n\n\n<h3 class=\"wp-block-heading\">Investimento di capitale per il settore degli alimenti surgelati<\/h3>\n\n\n\n<p>Nei paesi in via di sviluppo, congelare gli alimenti \u00e8 vantaggioso per diversi motivi. Innanzitutto, il congelamento \u00e8 uno dei metodi di conservazione pi\u00f9 pratici e diretti rispetto ad altri processi commerciali. Nei paesi in via di sviluppo, un investimento di capitale sostanziale nell&#039;industria dei surgelati svolge in genere un ruolo significativo nella redditivit\u00e0 economica dell&#039;intero processo del mercato dei surgelati.<\/p>\n\n\n\n<h3 class=\"wp-block-heading\">Lo spostamento della domanda dei consumatori nei paesi in via di sviluppo<\/h3>\n\n\n\n<p>L\u2019aumento della popolazione e il crescente consumo di cibo hanno reso necessaria la produzione commerciale su larga scala di prodotti alimentari. A causa del cambiamento del profilo dei clienti, il settore degli alimenti surgelati ha subito un\u2019enorme trasformazione. Lo sviluppo pi\u00f9 significativo nel comportamento dei consumatori negli ultimi cinquant\u2019anni \u00e8 stato l\u2019aumento del numero delle donne che lavorano e la diminuzione delle dimensioni delle famiglie. Questi due elementi hanno ridotto i tempi necessari per la preparazione del cibo.<\/p>\n\n\n\n<h3 class=\"wp-block-heading\">Tendenze emergenti degli alimenti surgelati per i consumatori attenti alla salute<\/h3>\n\n\n\n<p>Man mano che i clienti diventano pi\u00f9 attenti alla salute, cresce la necessit\u00e0 di opzioni di alimenti surgelati a basso contenuto calorico, a basso contenuto di grassi e a basso contenuto di zuccheri. Un\u2019altra tendenza sostenuta da individui attenti alla salute e dalla crescente popolarit\u00e0 della dieta vegana \u00e8 il crescente desiderio di opzioni di alimenti surgelati a base vegetale. Questi includono articoli come hamburger vegetali e alternative alimentari surgelate non a base di carne.<\/p>\n\n\n\n<h3 class=\"wp-block-heading\">Tendenze attuali e future nelle tecnologie di congelamento<\/h3>\n\n\n\n<p>Il mercato degli alimenti surgelati \u00e8 stato modellato dallo sviluppo storico di tecnologie di congelamento commerciale progettate per prodotti alimentari specifici. Il settore degli alimenti surgelati dipende fortemente dalla scienza e dalla tecnologia all\u2019avanguardia. C\u2019\u00e8 una domanda crescente di pasti fissi e l\u2019espansione del business dipende principalmente dalla capacit\u00e0 delle aziende di trasformazione alimentare di migliorare sia le tecniche di processo che la qualit\u00e0 del prodotto. Solo concentrandosi sulle nuove tecnologie ed esplorando le variabili poco conosciute che influiscono sulla qualit\u00e0 dei prodotti alimentari surgelati \u00e8 possibile ottenere progressi.<\/p>\n\n\n\n<h3 class=\"wp-block-heading\">Cambiamenti e sviluppi nella logistica della catena del freddo<\/h3>\n\n\n\n<figure class=\"gb-block-image gb-block-image-4b078337\"><img loading=\"lazy\" decoding=\"async\" width=\"1456\" height=\"816\" class=\"gb-image gb-image-4b078337\" src=\"https:\/\/www.sisinternational.com\/wp-content\/uploads\/2025\/09\/Food-safety-6.jpg\" alt=\"Ricerca e strategia di mercato internazionale SIS\" title=\"Food safety (6)\" srcset=\"https:\/\/www.sisinternational.com\/wp-content\/uploads\/2025\/09\/Food-safety-6.jpg 1456w, https:\/\/www.sisinternational.com\/wp-content\/uploads\/2025\/09\/Food-safety-6-300x168.jpg 300w, https:\/\/www.sisinternational.com\/wp-content\/uploads\/2025\/09\/Food-safety-6-1024x574.jpg 1024w, https:\/\/www.sisinternational.com\/wp-content\/uploads\/2025\/09\/Food-safety-6-768x430.jpg 768w, https:\/\/www.sisinternational.com\/wp-content\/uploads\/2025\/09\/Food-safety-6-18x10.jpg 18w\" sizes=\"auto, (max-width: 1456px) 100vw, 1456px\"><\/figure>\n\n\n\n<p><\/p>\n\n\n\n<p>Dopo essere stati rimossi dalla cella frigorifera iniziale, i prodotti congelati presentano il rischio pi\u00f9 considerevole di contaminazione batterica e di marciume se non conservati correttamente. Per consegnare questi alimenti in atmosfera controllata devono essere utilizzati camion specializzati.<br>Molti fornitori non dispongono di veicoli specifici per il trasporto di prodotti congelati; consegnano tutte le variet\u00e0 di alimenti surgelati negli stessi camion o altri veicoli. Per aumentare i propri guadagni, un gran numero di produttori stanno tentando di avviare anche le proprie operazioni logistiche.<\/p>\n\n\n\n<h2 class=\"wp-block-heading\">Informazioni sulle ricerche di mercato sugli alimenti surgelati<\/h2>\n\n\n\n<p>Questo rapporto esamina in modo esauriente le statistiche e le strategie nel settore del mercato degli alimenti surgelati, comprese le dimensioni del mercato e il tasso di crescita annuo composto. Ci\u00f2 spiega l\u2019interessante offerta di investimenti per questo mercato e le possibili opportunit\u00e0 di guadagno in diversi segmenti del mercato degli alimenti surgelati.<\/p>\n\n\n\n<p>Frozen <a href=\"https:\/\/www.sisinternational.com\/it\/competenza\/industrie\/ricerche-di-mercato-in-franchising-di-fast-food\/\" title=\"Ricerche di mercato sul franchising di fast food\"  data-wpil-monitor-id=\"4002\">Food Market Research<\/a> provides insights that include information regarding market drivers, restraints, opportunities, new product launches or approvals, geographical outlook, and competitive strategies implemented by leading competitors. The study profiles key worldwide frozen food market participants regarding corporate overview, financial performance, product portfolio, geographical presence, distribution tactics, key developments and strategies, and future plans.<\/p>\n\n\n\n<p>I dati e le strategie nel settore del mercato degli alimenti surgelati consentiranno agli esperti di marketing e al management aziendale di prendere decisioni informate sui futuri rilasci di prodotti, aggiornamenti tecnologici, espansione del mercato e strategie di marketing. Nel complesso, le informazioni raccolte possono essere utilizzate per analizzare l\u2019industria globale degli alimenti surgelati e aiutare gli attori chiave e le parti interessate del settore a prendere decisioni che incidono sulle loro attivit\u00e0 e sulla crescita.<\/p>","protected":false},"excerpt":{"rendered":"<p>Il mercato globale degli alimenti surgelati \u00e8 cresciuto. I pasti pronti e facili da preparare stanno avendo un impatto positivo sull\u2019industria dei surgelati.<\/p>","protected":false},"author":1,"featured_media":64858,"parent":22018,"menu_order":206,"comment_status":"closed","ping_status":"closed","template":"","meta":{"footnotes":""},"class_list":["post-41831","page","type-page","status-publish","has-post-thumbnail"],"_links":{"self":[{"href":"https:\/\/www.sisinternational.com\/it\/wp-json\/wp\/v2\/pages\/41831","targetHints":{"allow":["GET"]}}],"collection":[{"href":"https:\/\/www.sisinternational.com\/it\/wp-json\/wp\/v2\/pages"}],"about":[{"href":"https:\/\/www.sisinternational.com\/it\/wp-json\/wp\/v2\/types\/page"}],"author":[{"embeddable":true,"href":"https:\/\/www.sisinternational.com\/it\/wp-json\/wp\/v2\/users\/1"}],"replies":[{"embeddable":true,"href":"https:\/\/www.sisinternational.com\/it\/wp-json\/wp\/v2\/comments?post=41831"}],"version-history":[{"count":7,"href":"https:\/\/www.sisinternational.com\/it\/wp-json\/wp\/v2\/pages\/41831\/revisions"}],"predecessor-version":[{"id":85069,"href":"https:\/\/www.sisinternational.com\/it\/wp-json\/wp\/v2\/pages\/41831\/revisions\/85069"}],"up":[{"embeddable":true,"href":"https:\/\/www.sisinternational.com\/it\/wp-json\/wp\/v2\/pages\/22018"}],"wp:featuredmedia":[{"embeddable":true,"href":"https:\/\/www.sisinternational.com\/it\/wp-json\/wp\/v2\/media\/64858"}],"wp:attachment":[{"href":"https:\/\/www.sisinternational.com\/it\/wp-json\/wp\/v2\/media?parent=41831"}],"curies":[{"name":"wp","href":"https:\/\/api.w.org\/{rel}","templated":true}]}}