{"id":41828,"date":"2023-03-17T17:21:00","date_gmt":"2023-03-17T21:21:00","guid":{"rendered":"https:\/\/www.sisinternational.com\/?page_id=41828"},"modified":"2026-01-26T14:34:56","modified_gmt":"2026-01-26T19:34:56","slug":"focus-group-a-singapore","status":"publish","type":"page","link":"https:\/\/www.sisinternational.com\/it\/copertura\/ricerche-di-mercato-asiatiche\/focus-group-a-singapore\/","title":{"rendered":"Focus group a Singapore"},"content":{"rendered":"<h1 class=\"wp-block-heading\">Focus group a Singapore<\/h1>\n\n\n\n<p><\/p>\n\n\n\n<figure class=\"gb-block-image gb-block-image-da007ce6\"><img loading=\"lazy\" decoding=\"async\" width=\"1456\" height=\"816\" class=\"gb-image gb-image-da007ce6\" src=\"https:\/\/www.sisinternational.com\/wp-content\/uploads\/2025\/09\/Singapore-3.jpg\" alt=\"Ricerca e strategia di mercato internazionale SIS\" title=\"Singapore (3)\" srcset=\"https:\/\/www.sisinternational.com\/wp-content\/uploads\/2025\/09\/Singapore-3.jpg 1456w, https:\/\/www.sisinternational.com\/wp-content\/uploads\/2025\/09\/Singapore-3-300x168.jpg 300w, https:\/\/www.sisinternational.com\/wp-content\/uploads\/2025\/09\/Singapore-3-1024x574.jpg 1024w, https:\/\/www.sisinternational.com\/wp-content\/uploads\/2025\/09\/Singapore-3-768x430.jpg 768w, https:\/\/www.sisinternational.com\/wp-content\/uploads\/2025\/09\/Singapore-3-18x10.jpg 18w\" sizes=\"auto, (max-width: 1456px) 100vw, 1456px\"><\/figure>\n\n\n\n<h3 class=\"wp-block-heading\">Whether you&#8217;re launching a new product or refining your marketing strategy, focus groups provide the data needed to make informed choices.<\/h3>\n\n\n\n<p>Singapore is home to a variety of sophisticated consumer markets and a bustling global center of business and commerce. Thus, to thrive in this competitive market, companies need to gain a thorough grasp of local consumers&#8217; preferences and behaviors.<\/p>\n\n\n\n<p>Un approccio efficace per ottenere queste informazioni \u00e8 condurre focus group, che stanno diventando sempre pi\u00f9 popolari tra le aziende di Singapore per le ricerche di mercato.<\/p>\n\n\n\n<h2 class=\"wp-block-heading\">What Are Focus Groups in Singapore?<\/h2>\n\n\n\n<p>Focus groups in Singapore are moderated discussions in which participants share their thoughts, opinions, and experiences about a product, service, or brand. These sessions provide businesses with in-depth insights into consumer preferences, behaviors, and motivations, which are invaluable for decision-making.<\/p>\n\n\n\n<p>In Singapore, focus groups are particularly useful for understanding the diverse cultural influences that shape consumer behavior. The feedback collected through focus groups allows companies to better align their strategies with the needs and expectations of Singaporean consumers.<\/p>\n\n\n\n<h2 class=\"wp-block-heading\">Importanza dei focus group a Singapore<\/h2>\n\n\n\n<p>A Singapore, i focus group hanno un valore inestimabile a causa della ricca diversit\u00e0 della sua popolazione. Con diverse etnie e lingue che convivono come un&#039;unica nazione, i focus group consentono alle aziende di acquisire informazioni sulle preferenze e sui comportamenti dei consumatori di diversi segmenti della societ\u00e0. Le aziende possono quindi sfruttare questi dati per personalizzare i propri prodotti o servizi per particolari mercati target, rendendoli uno strumento essenziale per il successo in un ambiente cos\u00ec interculturale.<\/p>\n\n\n\n<p>Therefore, to succeed in Singapore&#8217;s ever-evolving and fiercely competitive environment, businesses must comprehend consumers&#8217; needs and preferences. This can help design products more effectively aligned with consumer needs and refine marketing approaches with greater success potential, driving business profits higher.<\/p>\n\n\n\n<h2 class=\"wp-block-heading\">What Are the Advantages of Using Focus Groups in Singapore?<\/h2>\n\n\n\n<p><\/p>\n\n\n\n<figure class=\"gb-block-image gb-block-image-787e79a9\"><img loading=\"lazy\" decoding=\"async\" width=\"1456\" height=\"816\" class=\"gb-image gb-image-787e79a9\" src=\"https:\/\/www.sisinternational.com\/wp-content\/uploads\/2025\/09\/Singapore-2.jpg\" alt=\"Ricerca e strategia di mercato internazionale SIS\" title=\"Singapore (2)\" srcset=\"https:\/\/www.sisinternational.com\/wp-content\/uploads\/2025\/09\/Singapore-2.jpg 1456w, https:\/\/www.sisinternational.com\/wp-content\/uploads\/2025\/09\/Singapore-2-300x168.jpg 300w, https:\/\/www.sisinternational.com\/wp-content\/uploads\/2025\/09\/Singapore-2-1024x574.jpg 1024w, https:\/\/www.sisinternational.com\/wp-content\/uploads\/2025\/09\/Singapore-2-768x430.jpg 768w, https:\/\/www.sisinternational.com\/wp-content\/uploads\/2025\/09\/Singapore-2-18x10.jpg 18w\" sizes=\"auto, (max-width: 1456px) 100vw, 1456px\"><\/figure>\n\n\n\n<p>Focus groups in Singapore enable businesses to obtain detailed and qualitative feedback from Singaporean consumers. The participants are urged to express their opinions and thoughts, which can provide precise insights into consumer preferences and behaviors. They enable companies to analyze how their customers react to products and services, offering a complete view of consumer behavior.<\/p>\n\n\n\n<p>Focus groups are also a cost-effective and time-saving approach to conducting <a class=\"wpil_keyword_link\" href=\"https:\/\/www.sisinternational.com\/it\/copertura\/ricerche-di-mercato-asiatiche\/ricerche-di-mercato-a-singapore\/\"   title=\"Ricerche di mercato a Singapore\" data-wpil-keyword-link=\"linked\"  data-wpil-monitor-id=\"381\">market research in Singapore<\/a>. Unlike other tactics for gathering data, these sessions can provide reliable outcomes at an affordable rate with maximum efficiency.<\/p>\n\n\n\n<p>Lastly, focus groups in Singapore offer businesses an invaluable chance to try new ideas and concepts in a secure atmosphere. By collecting feedback from Singaporean consumers prior to introducing a product or service, enterprises can make well-thought-out decisions and minimize the odds of failure within the Singaporean market.<\/p>\n\n\n\n<h2 class=\"wp-block-heading\">Fattori che le aziende dovrebbero considerare quando conducono focus group a Singapore<\/h2>\n\n\n\n<p>Per garantire il successo della ricerca di mercato, le aziende dovrebbero considerare diversi elementi come:<\/p>\n\n\n\n<ul class=\"wp-block-list\">\n<li><strong>Il mix di culture a Singapore:<\/strong> Singapore is a mix of different cultural and linguistic backgrounds, such as Malay and Chinese. Businesses must bear in mind the possible language constraints and cultural discrepancies when sourcing participants for their focus groups and forming their questions.<\/li>\n\n\n\n<li><strong>Un campione rappresentativo di consumatori di Singapore:<\/strong> Per garantire che i focus group riflettano accuratamente la popolazione di Singapore, le aziende devono utilizzare un approccio di reclutamento specifico che tenga conto di fattori quali et\u00e0, sesso, reddito e livello di istruzione.<\/li>\n\n\n\n<li><strong>Un moderatore esperto della cultura singaporiana:<\/strong> Facilitation is an essential component for successful focus groups in Singapore. The facilitator must create a safe and welcoming atmosphere that allows participants to express their views without fear of being judged. A qualified individual with the right tools and expertise can ensure your gathering runs smoothly and yields noteworthy results.<\/li>\n<\/ul>\n\n\n\n<h2 class=\"wp-block-heading\">Migliori pratiche per la conduzione di focus group a Singapore<\/h2>\n\n\n\n<p>To ensure the success of research efforts and gain valuable insight into <a href=\"https:\/\/www.sisinternational.com\/it\/copertura\/le-americhe\/ricerche-di-mercato-nei-caraibi\/ricerche-di-mercato-guadalupa\/\" title=\"Ricerche di mercato in Guadalupa\"  data-wpil-monitor-id=\"6104\">Singapore&#8217;s<\/a> consumer market, businesses must adhere to a few key practices while conducting focus groups in the area. These include:<\/p>\n\n\n\n<ul class=\"wp-block-list\">\n<li>Ensure that the focus group questions are both culturally relevant and accessible to all participants. Businesses must take into account any language barriers when constructing their questions. Any non-English speaking individuals should be given an accurate translation of each question to guarantee successful communication.<\/li>\n\n\n\n<li>To guarantee a successful focus group session, it is essential to select the right venue. Create a welcoming atmosphere with plenty of room for all participants to move around and communicate. Additionally, companies should make sure the selected location has convenient access to public transportation and necessary audiovisual devices.<\/li>\n\n\n\n<li>La societ\u00e0 di consulenza che conduce i focus group a Singapore deve avere familiarit\u00e0 con il mercato e la cultura aziendale di Singapore per trarre le conclusioni appropriate e fornire un piano d&#039;azione ai clienti.<\/li>\n<\/ul>\n\n\n\n<h2 class=\"wp-block-heading\">Sfide legate alla conduzione di focus group a Singapore<\/h2>\n\n\n\n<p>When seeking to better understand the Singaporean consumer market, gathering feedback through focus groups is an invaluable asset. Yet several challenges can arise during these sessions, including the following:<\/p>\n\n\n\n<ul class=\"wp-block-list\">\n<li>Singapore \u00e8 una nazione complessa e vibrante composta da varie etnie, religioni e lingue. Pertanto, quando le aziende intraprendono sessioni di focus group per acquisire feedback, \u00e8 importante considerare le sfumature culturali tra di loro. Ci\u00f2 garantir\u00e0 che tutte le domande siano appropriate per tutti gli individui.<\/li>\n\n\n\n<li>With four official languages in Singapore, including English, Malay, Mandarin, and Tamil, businesses must ensure that their focus group facilitators and participants are proficient in the same language to guarantee no miscommunication.<\/li>\n\n\n\n<li>Ottenere partecipanti singaporiani pu\u00f2 essere difficile a causa del fatto che sono spesso impegnati con il lavoro e la famiglia. Per garantire il successo delle sessioni di focus group, le aziende dovrebbero incentivare il proprio mercato di riferimento o offrire scelte di pianificazione pi\u00f9 flessibili.<\/li>\n\n\n\n<li>Focus groups make conducting <a href=\"https:\/\/www.linkedin.com\/pulse\/how-market-research-enables-growth-ruth-stanat-phekf\/\" target=\"_blank\" rel=\"noopener\"><span style=\"font-weight: 400;\">ricerca di mercato<\/span><\/a> in Singapore easier, although expenses such as renting a venue and compensating participants can accumulate quickly.<\/li>\n<\/ul>\n\n\n\n<h2 class=\"wp-block-heading\">SWOT Analysis of Focus Groups in Singapore<\/h2>\n\n\n\n<p><\/p>\n\n\n\n<figure class=\"gb-block-image gb-block-image-2f07029c\"><img loading=\"lazy\" decoding=\"async\" width=\"1456\" height=\"816\" class=\"gb-image gb-image-2f07029c\" src=\"https:\/\/www.sisinternational.com\/wp-content\/uploads\/2025\/09\/Singapore-4.jpg\" alt=\"Ricerca e strategia di mercato internazionale SIS\" title=\"Singapore (4)\" srcset=\"https:\/\/www.sisinternational.com\/wp-content\/uploads\/2025\/09\/Singapore-4.jpg 1456w, https:\/\/www.sisinternational.com\/wp-content\/uploads\/2025\/09\/Singapore-4-300x168.jpg 300w, https:\/\/www.sisinternational.com\/wp-content\/uploads\/2025\/09\/Singapore-4-1024x574.jpg 1024w, https:\/\/www.sisinternational.com\/wp-content\/uploads\/2025\/09\/Singapore-4-768x430.jpg 768w, https:\/\/www.sisinternational.com\/wp-content\/uploads\/2025\/09\/Singapore-4-18x10.jpg 18w\" sizes=\"auto, (max-width: 1456px) 100vw, 1456px\"><\/figure>\n\n\n\n<h3 class=\"wp-block-heading\"><strong>Punti di forza<\/strong><\/h3>\n\n\n\n<ul class=\"wp-block-list\">\n<li><strong>Direct Consumer Feedback<\/strong>: Focus groups provide direct access to consumer thoughts and opinions, offering valuable qualitative data that can guide product development and marketing strategies.<\/li>\n\n\n\n<li><strong>In-Depth Insights<\/strong>: Focus groups&#8217; interactive nature allows businesses to gain a deeper understanding of consumer motivations and behaviors.<\/li>\n<\/ul>\n\n\n\n<h3 class=\"wp-block-heading\"><strong>Punti deboli<\/strong><\/h3>\n\n\n\n<ul class=\"wp-block-list\">\n<li><strong>Limited Sample Size<\/strong>: Focus groups typically involve a small number of participants, which may not be fully representative of the entire market.<\/li>\n\n\n\n<li><strong>Potential for Bias<\/strong>: Group dynamics can sometimes lead to biased responses, with dominant participants influencing the opinions of others.<\/li>\n<\/ul>\n\n\n\n<h3 class=\"wp-block-heading\"><strong>Opportunit\u00e0<\/strong><\/h3>\n\n\n\n<ul class=\"wp-block-list\">\n<li><strong>Sviluppo del prodotto<\/strong>: Focus groups offer insights that can be used to refine existing products or develop new ones that meet consumer needs.<\/li>\n\n\n\n<li><strong>Segmentazione del mercato<\/strong>: By conducting focus groups with different demographic groups, businesses can gain insights into specific market segments and tailor their offerings accordingly.<\/li>\n<\/ul>\n\n\n\n<h3 class=\"wp-block-heading\"><strong>Minacce<\/strong><\/h3>\n\n\n\n<ul class=\"wp-block-list\">\n<li><strong>Costi elevati<\/strong>: Conducting focus groups can be expensive, particularly when considering venue rental, participant incentives, and moderator fees.<\/li>\n\n\n\n<li><strong>Rapidi cambiamenti del mercato<\/strong>: Consumer preferences can change quickly, requiring businesses to conduct focus groups regularly to stay updated.<\/li>\n<\/ul>\n\n\n\n<h2 class=\"wp-block-heading\">Future outlook of Focus groups in Singapore<\/h2>\n\n\n\n<p>As the Singaporean consumer market continues to demand businesses understand their needs and preferences, focus groups in Singapore have a bright future ahead. Yet, organizations should be conscious of potential obstacles as well as beneficial prospects that will accompany this development.<\/p>\n\n\n\n<p>Businesses must embrace the challenge of transforming Singaporean society by modifying their <a class=\"wpil_keyword_link\" href=\"https:\/\/www.sisinternational.com\/it\/soluzioni\/ricerche-di-mercato-con-focus-group\/\" title=\"Focus Group Ricerche di mercato\" data-wpil-keyword-link=\"linked\" data-wpil-monitor-id=\"382\">focus group recruitment<\/a> and inquiry structuring to guarantee all participants can comfortably express their views. Companies should also consider accessing more people with innovative technologies such as online focus groups or mobile-based surveys, allowing them to reach beyond the limits of traditional methods.<\/p>\n\n\n\n<p>Allo stesso modo, le aziende possono trarre vantaggio dai progressi tecnologici e dagli strumenti di analisi dei dati per rafforzare l\u2019efficienza delle sessioni di focus group tenutesi a Singapore. Ad esempio, l\u2019analisi del sentiment basata sull\u2019intelligenza artificiale pu\u00f2 essere sfruttata per valutare le conversazioni che si svolgono durante un focus group e scoprire argomenti o tendenze chiave; Anche la realt\u00e0 virtuale \u00e8 vantaggiosa in quanto consente di creare esperienze coinvolgenti che rispecchiano scenari di vita reale.<\/p>\n\n\n\n<h2 class=\"wp-block-heading\">How SIS International&#8217;s Focus Groups in Singapore Help Businesses<\/h2>\n\n\n\n<p><a href=\"https:\/\/www.linkedin.com\/company\/sisinternationalresearch\/\" target=\"_blank\" rel=\"noopener\"><span style=\"font-weight: 400;\">SIS Internazionale<\/span><\/a> provides tailored focus group solutions that help businesses succeed in Singapore&#8217;s competitive market. By leveraging our expertise, we assist companies in making informed decisions and identifying opportunities for growth.<\/p>\n\n\n\n<ol start=\"1\" class=\"wp-block-list\">\n<li><strong>Local Market Expertise<\/strong>: We offer businesses valuable insights into the unique dynamics of the Singaporean market, helping them understand consumer behavior and preferences.<\/li>\n\n\n\n<li><strong>Soluzioni di ricerca su misura<\/strong>: Nostro <a href=\"https:\/\/www.sisinternational.com\/it\/focus-group-services-in-ny\/\" title=\"Focus Group Services in NY\" data-wpil-monitor-id=\"1300\">focus group services<\/a> are customized to meet the specific needs of each client, ensuring that the insights provided are relevant and actionable.<\/li>\n\n\n\n<li><strong>Skilled Moderation<\/strong>: Our experienced moderators effectively facilitate discussions, ensuring that all participants have an opportunity to share their views, resulting in richer insights.<\/li>\n\n\n\n<li><strong>Sensibilit\u00e0 culturale<\/strong>: We understand the cultural nuances of Singapore and ensure that our focus groups are conducted with cultural sensitivity, allowing participants to share openly.<\/li>\n\n\n\n<li><strong>Approfondimenti sui consumatori<\/strong>: Our focus groups provide detailed insights into consumer motivations and behaviors, enabling businesses to create targeted products and marketing campaigns.<\/li>\n\n\n\n<li><strong>Raccomandazioni attuabili<\/strong>: Beyond data collection, we provide actionable recommendations that help businesses refine their strategies and achieve their goals in the Singaporean market.<\/li>\n\n\n\n<li><strong>Analisi completa<\/strong>: We offer a thorough analysis of focus group data, identifying key themes and trends that provide a deeper understanding of consumer needs.<\/li>\n<\/ol>\n\n\n\n<h2 class=\"wp-block-heading\">A proposito di SIS Internazionale<\/h2>\n\n\n\n<p><a href=\"https:\/\/www.sisinternational.com\/it\/\"><span style=\"font-weight: 400;\">SIS Internazionale<\/span><\/a><span style=\"font-weight: 400;\"> offre ricerca quantitativa, qualitativa e strategica. Forniamo dati, strumenti, strategie, report e approfondimenti per il processo decisionale. Conduciamo anche interviste, sondaggi, focus group e altri metodi e approcci di ricerca di mercato.<\/span><a href=\"https:\/\/www.sisinternational.com\/it\/sulla-sua-ricerca-internazionale\/contact-sis-international-market-research\/\"><span style=\"font-weight: 400;\"> Contattaci<\/span><\/a><span style=\"font-weight: 400;\"> per il tuo prossimo progetto di ricerca di mercato.<\/span><\/p>","protected":false},"excerpt":{"rendered":"<p>Singapore ospita una variet\u00e0 di sofisticati mercati di consumo e un vivace centro globale di affari e commercio.<\/p>","protected":false},"author":1,"featured_media":65611,"parent":14508,"menu_order":83,"comment_status":"closed","ping_status":"closed","template":"","meta":{"footnotes":""},"class_list":["post-41828","page","type-page","status-publish","has-post-thumbnail"],"_links":{"self":[{"href":"https:\/\/www.sisinternational.com\/it\/wp-json\/wp\/v2\/pages\/41828","targetHints":{"allow":["GET"]}}],"collection":[{"href":"https:\/\/www.sisinternational.com\/it\/wp-json\/wp\/v2\/pages"}],"about":[{"href":"https:\/\/www.sisinternational.com\/it\/wp-json\/wp\/v2\/types\/page"}],"author":[{"embeddable":true,"href":"https:\/\/www.sisinternational.com\/it\/wp-json\/wp\/v2\/users\/1"}],"replies":[{"embeddable":true,"href":"https:\/\/www.sisinternational.com\/it\/wp-json\/wp\/v2\/comments?post=41828"}],"version-history":[{"count":7,"href":"https:\/\/www.sisinternational.com\/it\/wp-json\/wp\/v2\/pages\/41828\/revisions"}],"predecessor-version":[{"id":79728,"href":"https:\/\/www.sisinternational.com\/it\/wp-json\/wp\/v2\/pages\/41828\/revisions\/79728"}],"up":[{"embeddable":true,"href":"https:\/\/www.sisinternational.com\/it\/wp-json\/wp\/v2\/pages\/14508"}],"wp:featuredmedia":[{"embeddable":true,"href":"https:\/\/www.sisinternational.com\/it\/wp-json\/wp\/v2\/media\/65611"}],"wp:attachment":[{"href":"https:\/\/www.sisinternational.com\/it\/wp-json\/wp\/v2\/media?parent=41828"}],"curies":[{"name":"wp","href":"https:\/\/api.w.org\/{rel}","templated":true}]}}