{"id":41809,"date":"2023-03-16T15:30:24","date_gmt":"2023-03-16T19:30:24","guid":{"rendered":"https:\/\/www.sisinternational.com\/?page_id=41809"},"modified":"2026-01-24T21:18:11","modified_gmt":"2026-01-25T02:18:11","slug":"ricerche-di-mercato-sui-disinfettanti-e-sui-conservanti","status":"publish","type":"page","link":"https:\/\/www.sisinternational.com\/it\/competenza\/ricerche-di-mercato-sui-disinfettanti-e-sui-conservanti\/","title":{"rendered":"Ricerca di mercato sui disinfettanti e conservanti"},"content":{"rendered":"<h1>Ricerche di mercato su disinfettanti e conservanti<\/h1>\n<p><img loading=\"lazy\" decoding=\"async\" class=\"aligncenter size-full wp-image-41810\" src=\"https:\/\/www.sisinternational.com\/wp-content\/uploads\/2023\/03\/Disinfectants-and-Preservatives-Market-Research.jpg\" alt=\"Ricerche di mercato su disinfettanti e conservanti\" width=\"1140\" height=\"760\" \/><\/p>\n<p>Disinfettanti e conservanti sono sostanze chimiche utilizzate in vari settori. Impediscono la crescita e la diffusione di microrganismi dannosi. I disinfettanti uccidono o eliminano batteri, virus e altri agenti patogeni dalle superfici. I conservanti contengono la crescita di microrganismi negli alimenti, nei cosmetici e in altri prodotti.<\/p>\n<p>Researchers expect growth in the global <a href=\"https:\/\/www.sisinternational.com\/it\/copertura\/le-americhe\/ricerche-di-mercato-nei-caraibi\/ricerche-di-mercato-antigua-barbuda\/\" title=\"Ricerche di mercato ad Antigua e Barbuda\"  data-wpil-monitor-id=\"3787\">disinfectants and preservatives<\/a> market. These products have shown increasing demand. This demand is particularly evident in healthcare, food processing, and other industries. The COVID-19 pandemic has also led to a surge in demand for disinfectants and sanitizers. The pandemic has further boosted market growth.<\/p>\n<p>BASF SE, Lonza Group Ltd. e Clariant AG sono attori importanti in questo settore. Lo stesso vale per DowDuPont Inc. e Ashland Global Holdings. Queste aziende offrono una vasta gamma di disinfettanti e prodotti conservanti. Innovano costantemente per soddisfare le mutevoli richieste del mercato.<\/p>\n<p>Cosa guider\u00e0 la crescita del mercato nei prossimi anni? Fattori come la crescente consapevolezza in materia di igiene e servizi igienico-sanitari e la crescita della popolazione. Anche la crescente domanda di prodotti alimentari e bevande confezionati avr\u00e0 un impatto positivo sulla crescita del mercato.<\/p>\n<p>Tuttavia, anche il mercato si trova ad affrontare delle sfide. Ad esempio, si verifica lo sviluppo di microrganismi resistenti ai farmaci. Un\u2019altra sfida \u00e8 l\u2019aumento dei problemi di sicurezza. Le persone si interrogano sull\u2019impatto ambientale di alcuni disinfettanti e conservanti.<\/p>\n<p>Nonostante queste sfide, il mercato dei disinfettanti e dei conservanti continuer\u00e0 probabilmente a crescere nei prossimi anni. La domanda di questi prodotti \u00e8 in aumento in vari settori.<\/p>\n<h2>Perch\u00e9 i disinfettanti e i conservanti sono importanti?<\/h2>\n<p>Disinfettanti e conservanti sono essenziali per diversi motivi. Da un lato offrono protezione contro i microrganismi dannosi. Dall&#039;altro, aiutano a proteggere dalla diffusione di malattie e malattie infettive.<br \/>\nI conservanti prolungano la durata di conservazione di prodotti come alimenti e cosmetici. Aiutano a ridurre gli sprechi e a risparmiare denaro.<\/p>\n<p>Disinfettanti e conservanti mantengono la qualit\u00e0 dei prodotti. Prevengono la contaminazione e il deterioramento, contribuendo a garantire che i prodotti soddisfino i requisiti normativi e le aspettative dei consumatori.<\/p>\n<p>Uno degli effetti della contaminazione dei prodotti sono perdite finanziarie significative per le imprese. Poich\u00e9 disinfettanti e conservanti aiutano a prevenire la contaminazione e il deterioramento, contribuiscono anche a ridurre le perdite economiche.<\/p>\n<p>Gli operatori sanitari utilizzano disinfettanti negli ospedali e nelle cliniche. Li usano anche in altre strutture sanitarie per prevenire la diffusione di infezioni. Sono utilizzati anche nelle case e negli spazi pubblici per mantenere la pulizia e l&#039;igiene.<\/p>\n<h2>Titoli di lavoro chiave<\/h2>\n<p>I titoli professionali chiave nel settore dei disinfettanti e dei conservanti possono variare. Dipende dal campo, dall\u2019industria e dall\u2019azienda specifici. Ma alcuni titoli di lavoro standard in questo settore possono includere:<\/p>\n<ol>\n<li><strong>Chimico di ricerca e sviluppo (R&amp;S).<\/strong> Sviluppare e testare nuovi disinfettanti e conservanti. Migliorare i prodotti esistenti per soddisfare le richieste del mercato.<\/li>\n<li><strong>Responsabile del Controllo Qualit\u00e0 (QC).<\/strong> Garantire la qualit\u00e0 dei disinfettanti e dei conservanti. Controllare i processi produttivi ed effettuare test e ispezioni. Inoltre, mettere in atto misure di garanzia della qualit\u00e0.<\/li>\n<li><strong>Manager di produzione.<\/strong> Supervisionare la produzione di disinfettanti e conservanti e gestire i programmi di produzione. Inoltre, garantire l\u2019efficienza dei processi produttivi.<\/li>\n<li><strong>Direttore delle vendite.<\/strong> Sviluppare strategie di vendita e gestire i team di vendita. Inoltre, promuovi disinfettanti e conservanti presso i potenziali clienti.<\/li>\n<li><strong>Specialista in affari regolatori.<\/strong> Garantisci la conformit\u00e0 ai requisiti normativi, come le normative EPA e FDA. Esaminare e preparare la registrazione del prodotto e i documenti di invio.<\/li>\n<li><strong>Responsabile Salute e Sicurezza Ambientale (EHS).<\/strong> Sviluppare e mettere in atto protocolli di sicurezza. Garantire il rispetto delle normative in materia di sicurezza e ambiente.<\/li>\n<li><strong>Marketing Manager.<\/strong> Sviluppare piani e campagne di marketing e promuovere disinfettanti e conservanti nei mercati target.<\/li>\n<li><strong>Specialista del supporto tecnico.<\/strong> Fornire supporto tecnico, aiutare i clienti e i team di vendita e risolvere i problemi tecnici relativi a disinfettanti e conservanti.<\/li>\n<li><strong>Responsabile della catena di fornitura.<\/strong> Gestire la catena di fornitura e la logistica di disinfettanti e conservanti. Approvvigionamento delle materie prime, gestione dell&#039;inventario e coordinamento della distribuzione.<\/li>\n<li><strong>Ingegnere dell&#039;imballaggio.<\/strong> Sviluppare e progettare soluzioni di imballaggio per disinfettanti e conservanti. Garantire che siano sicuri, efficaci e soddisfino i requisiti normativi.<\/li>\n<\/ol>\n<h2>Perch\u00e9 le aziende hanno bisogno di disinfettanti e conservanti<\/h2>\n<p>Le aziende hanno bisogno di disinfettanti e conservanti per diversi motivi. Molte industrie sono soggette a regolamenti e standard. Spesso queste regole richiedono disinfettanti e conservanti. Perch\u00e9? Perch\u00e9 queste sostanze garantiscono la sicurezza e la qualit\u00e0 dei prodotti. Ad esempio, l\u2019industria alimentare e delle bevande impone l\u2019uso di conservanti. Le ragioni sono semplici. I conservanti prevengono la crescita di microrganismi dannosi. Inoltre prolungano la durata di conservazione dei prodotti.<\/p>\n<p>Disinfettanti e conservanti tutelano la salute pubblica. Prevengono la diffusione di malattie e malattie infettive, cosa particolarmente importante nelle strutture sanitarie. Inoltre, queste strutture utilizzano disinfettanti per prevenire la diffusione di infezioni. Aiutano a garantire la sicurezza dei pazienti e degli operatori sanitari.<\/p>\n<p>I conservanti prolungano la durata di conservazione di prodotti come cosmetici, prodotti farmaceutici e alimenti. Inoltre, aiutano a preservare la qualit\u00e0 del prodotto e a prevenirne il deterioramento, aspetto essenziale per le imprese. Aiuta a ridurre gli sprechi e a migliorare la soddisfazione del cliente.<\/p>\n<p>L\u2019uso di disinfettanti e conservanti pu\u00f2 aiutare le aziende a risparmiare sui costi. Riducono la necessit\u00e0 di pulizie e igienizzazioni frequenti.<\/p>\n<p>L&#039;uso di disinfettanti e conservanti pu\u00f2 contribuire a migliorare la reputazione del marchio di un&#039;azienda. Dimostra un impegno per la sicurezza, la qualit\u00e0 e l\u2019igiene.<\/p>\n<h2>Fattori chiave del successo<\/h2>\n<p>Uno dei fattori critici di successo nel settore dei disinfettanti e dei conservanti \u00e8 la qualit\u00e0 del prodotto. Determina la loro efficacia nell&#039;uccidere o eliminare i microrganismi dannosi e nel prevenirne il deterioramento.<\/p>\n<p>Un altro fattore di successo \u00e8 la continua ricerca e sviluppo di nuovi disinfettanti e conservanti. I miglioramenti ai prodotti esistenti sono essenziali per soddisfare le richieste del mercato. Aiuta anche le aziende a stare al passo con la concorrenza.<\/p>\n<p>Il rispetto dei requisiti normativi, come le normative EPA e FDA, \u00e8 fondamentale. Garantisce la sicurezza e l&#039;efficacia di disinfettanti e conservanti. Aiuta inoltre le aziende a evitare sanzioni normative.<br \/>\nUna gestione efficace della catena di fornitura \u00e8 essenziale. Le aziende devono procurarsi le materie prime, gestire l\u2019inventario e coordinare la distribuzione. Queste azioni garantiscono la consegna tempestiva ed efficiente di disinfettanti e conservanti.<\/p>\n<p>Strategie di marketing e branding efficaci possono aumentare la visibilit\u00e0 del prodotto e promuovere il riconoscimento del marchio. Porta ad un aumento delle vendite e della quota di mercato.<\/p>\n<p>Fornire un eccellente servizio clienti e supporto tecnico \u00e8 fondamentale. Pu\u00f2 aiutare a creare fedelt\u00e0 e soddisfazione. Porta anche a ripetere affari e raccomandazioni positive tramite passaparola.<\/p>\n<p>L\u2019utilizzo di ingredienti e materiali di imballaggio sostenibili sta diventando cruciale. Perch\u00e9? Perch\u00e9 i consumatori stanno diventando pi\u00f9 attenti all\u2019ambiente.<\/p>\n<h2>Informazioni sulle ricerche di mercato su disinfettanti e conservanti<\/h2>\n<p>Focus Groups, Surveys, and Interviews have significant value. So do Qualitative, and Quantitative Market Research reports. At SIS International, you can access all this. We also provide <a href=\"https:\/\/www.sisinternational.com\/it\/copertura\/le-americhe\/ricerche-di-mercato-nei-caraibi\/ricerche-di-mercato-a-saint-kitts-e-nevis\/\" title=\"Ricerca di mercato a St. Kitts e Nevis\"  data-wpil-monitor-id=\"3291\">Ricerca sull&#039;ingresso nel mercato<\/a>, Competitive Analysis, and UX Market Research. We help you to keep abreast of changing trends and investigate new markets.<\/p>\n<p>If you\u2019ve discovered a great business idea, test it against what\u2019s already on the market. For this, you may need <a href=\"https:\/\/www.sisinternational.com\/it\/competenza\/industrie\/ricerche-di-mercato-sulle-nanoparticelle\/\" title=\"Ricerche di mercato sulle nanoparticelle\"  data-wpil-monitor-id=\"3328\">Ricerca sulle opportunit\u00e0 di mercato<\/a>, Market Sizing Research, and Strategy Market Research. Contact us today! We will help with you Go to Market Strategy.<\/p>","protected":false},"excerpt":{"rendered":"<p>Il mercato globale dei disinfettanti e dei conservanti \u00e8 effettivamente cresciuto nei settori sanitario, alimentare e in altri settori.<\/p>","protected":false},"author":1,"featured_media":0,"parent":14514,"menu_order":204,"comment_status":"closed","ping_status":"closed","template":"","meta":{"footnotes":""},"class_list":["post-41809","page","type-page","status-publish"],"_links":{"self":[{"href":"https:\/\/www.sisinternational.com\/it\/wp-json\/wp\/v2\/pages\/41809","targetHints":{"allow":["GET"]}}],"collection":[{"href":"https:\/\/www.sisinternational.com\/it\/wp-json\/wp\/v2\/pages"}],"about":[{"href":"https:\/\/www.sisinternational.com\/it\/wp-json\/wp\/v2\/types\/page"}],"author":[{"embeddable":true,"href":"https:\/\/www.sisinternational.com\/it\/wp-json\/wp\/v2\/users\/1"}],"replies":[{"embeddable":true,"href":"https:\/\/www.sisinternational.com\/it\/wp-json\/wp\/v2\/comments?post=41809"}],"version-history":[{"count":4,"href":"https:\/\/www.sisinternational.com\/it\/wp-json\/wp\/v2\/pages\/41809\/revisions"}],"predecessor-version":[{"id":77975,"href":"https:\/\/www.sisinternational.com\/it\/wp-json\/wp\/v2\/pages\/41809\/revisions\/77975"}],"up":[{"embeddable":true,"href":"https:\/\/www.sisinternational.com\/it\/wp-json\/wp\/v2\/pages\/14514"}],"wp:attachment":[{"href":"https:\/\/www.sisinternational.com\/it\/wp-json\/wp\/v2\/media?parent=41809"}],"curies":[{"name":"wp","href":"https:\/\/api.w.org\/{rel}","templated":true}]}}