{"id":41805,"date":"2023-03-16T13:27:25","date_gmt":"2023-03-16T17:27:25","guid":{"rendered":"https:\/\/www.sisinternational.com\/?page_id=41805"},"modified":"2026-03-12T13:31:54","modified_gmt":"2026-03-12T17:31:54","slug":"ricerche-di-mercato-sui-dolci","status":"publish","type":"page","link":"https:\/\/www.sisinternational.com\/it\/soluzioni\/ricerche-di-mercato-nel-settore-delle-bevande-alimentari\/ricerche-di-mercato-sui-dolci\/","title":{"rendered":"Ricerche di mercato sui dessert"},"content":{"rendered":"<h1 class=\"wp-block-heading\">Ricerche di mercato sui dessert<\/h1>\n\n\n\n<figure class=\"gb-block-image gb-block-image-c729c457\"><img loading=\"lazy\" decoding=\"async\" width=\"1456\" height=\"816\" class=\"gb-image gb-image-c729c457\" src=\"https:\/\/www.sisinternational.com\/wp-content\/uploads\/2025\/08\/Dessert-4.jpg\" alt=\"Ricerca e strategia di mercato internazionale SIS\" title=\"Dessert (4)\" srcset=\"https:\/\/www.sisinternational.com\/wp-content\/uploads\/2025\/08\/Dessert-4.jpg 1456w, https:\/\/www.sisinternational.com\/wp-content\/uploads\/2025\/08\/Dessert-4-300x168.jpg 300w, https:\/\/www.sisinternational.com\/wp-content\/uploads\/2025\/08\/Dessert-4-1024x574.jpg 1024w, https:\/\/www.sisinternational.com\/wp-content\/uploads\/2025\/08\/Dessert-4-768x430.jpg 768w, https:\/\/www.sisinternational.com\/wp-content\/uploads\/2025\/08\/Dessert-4-18x10.jpg 18w\" sizes=\"auto, (max-width: 1456px) 100vw, 1456px\"><\/figure>\n\n\n\n<p><\/p>\n\n\n\n<p>La ricerca di mercato dei dessert fornisce approfondimenti su vari processi aziendali e settori vitali per la produzione e la distribuzione di prodotti e servizi in detto settore. Il mercato dei dessert, essendo parte dell&#039;industria alimentare, ha previsioni ottimistiche a lungo termine perch\u00e9 questo \u00e8 un tipo di cibo che quasi tutti apprezzano e a cui \u00e8 difficile dire di no.<\/p>\n\n\n\n<p>The dessert market is very competitive, and with competition comes obstacles that include already well-established dessert products as well as new discoveries, all vying for consumers&#8217; attention. Dessert market research provides insights for businesses with customized and&nbsp;data-driven&nbsp;information on the different aspects of the&nbsp;dessert industry. This is to assist them in gaining a deeper understanding of <a href=\"https:\/\/www.sisinternational.com\/it\/pubblicazioni\/comportamento-dellacquirente-dopo-il-nuovo-consumatore-legato-al-coronavirus\/\" title=\"Comportamento degli acquirenti dopo il coronavirus: ricerche di mercato sui consumatori\"  data-wpil-monitor-id=\"10010\">consumers and market<\/a> trends in order to&nbsp;remain&nbsp;creative, thrive despite competition, and grow&nbsp;their brands.<\/p>\n\n\n\n<p>Typically, dessert food sector is divided by product category, sales channel, and local marker. The <a class=\"wpil_keyword_link\" href=\"https:\/\/www.sisinternational.com\/it\/competenza\/industrie\/ricerche-di-mercato-nel-settore-lattiero-caseario\/\"   title=\"Ricerche sul mercato dei prodotti lattiero-caseari\" data-wpil-keyword-link=\"linked\"  data-wpil-monitor-id=\"385\">ricerche di mercato nel settore lattiero-caseario<\/a> includes essential data and projections on market size and value for the industry&#8217;s major segments.<\/p>\n\n\n\n<h2 class=\"wp-block-heading\">Cosa sono i dessert?<\/h2>\n\n\n\n<figure class=\"gb-block-image gb-block-image-46116073\"><img loading=\"lazy\" decoding=\"async\" width=\"1456\" height=\"816\" class=\"gb-image gb-image-46116073\" src=\"https:\/\/www.sisinternational.com\/wp-content\/uploads\/2025\/08\/Dessert-2.jpg\" alt=\"Ricerca e strategia di mercato internazionale SIS\" title=\"Dessert (2)\" srcset=\"https:\/\/www.sisinternational.com\/wp-content\/uploads\/2025\/08\/Dessert-2.jpg 1456w, https:\/\/www.sisinternational.com\/wp-content\/uploads\/2025\/08\/Dessert-2-300x168.jpg 300w, https:\/\/www.sisinternational.com\/wp-content\/uploads\/2025\/08\/Dessert-2-1024x574.jpg 1024w, https:\/\/www.sisinternational.com\/wp-content\/uploads\/2025\/08\/Dessert-2-768x430.jpg 768w, https:\/\/www.sisinternational.com\/wp-content\/uploads\/2025\/08\/Dessert-2-18x10.jpg 18w\" sizes=\"auto, (max-width: 1456px) 100vw, 1456px\"><\/figure>\n\n\n\n<p><\/p>\n\n\n\n<p>In genere, i dessert vengono serviti come portata finale di un pasto. Tuttavia, a livello globale, i dessert sono prodotti alimentari o bevande che hanno principalmente un sapore dolce e sono costituiti da diverse variazioni di consistenza e aspetto.<\/p>\n\n\n\n<p>Numerose culture hanno variet\u00e0 di dessert distinte. Oggigiorno le varie tipologie di dolci sono state tramandate o derivate da luoghi specifici. Questo \u00e8 un fattore che contribuisce alla gamma di dessert.<\/p>\n\n\n\n<h3 class=\"wp-block-heading\">Di seguito sono riportati alcuni dei dolci pi\u00f9 apprezzati:<\/h3>\n\n\n\n<ul class=\"wp-block-list\">\n<li>torte<\/li>\n\n\n\n<li>Dolci<\/li>\n\n\n\n<li>Torte<\/li>\n\n\n\n<li>Confezione<\/li>\n\n\n\n<li>Creme e budini<\/li>\n\n\n\n<li>Dessert fritti<\/li>\n\n\n\n<li>Dessert surgelati<\/li>\n\n\n\n<li>Gelatina<\/li>\n\n\n\n<li>Frutta<\/li>\n\n\n\n<li>Bevande come frullati di frutta, vini dolci e cocktail cremosi<\/li>\n<\/ul>\n\n\n\n<p>Oltre a soddisfare la nostra voglia di dolci, i dessert possono apportare benefici alla salute. Elementi essenziali come vitamine, minerali e antiossidanti si trovano nei vari ingredienti utilizzati nella preparazione dei dolci e sono vitali per la salute generale. Inoltre, molti dolci sono ricchi di fibre, il che ci aiuta a sentirci sazi per lunghi periodi di tempo. Grazie al loro contenuto naturale di zuccheri, i dessert sono anche fantastici stimolatori di energia.<\/p>\n\n\n\n<p>Oltre ai benefici per la salute derivanti dai dolci, concedersene uno pu\u00f2 anche aiutare a ridurre lo stress e l&#039;ansia. I dessert possono suscitare buone emozioni come felicit\u00e0 e contentezza, elevando la propria disposizione. Dedicarsi al dolce pu\u00f2 essere anche un&#039;occasione di relax e di piacere.<\/p>\n\n\n\n<h2 class=\"wp-block-heading\">Metodologie di ricerca di mercato dei dessert<\/h2>\n\n\n\n<p>Le ricerche di mercato forniscono approfondimenti su varie tendenze di marketing, previsioni e problemi nel settore dei dolci. Esistono diverse fonti primarie per raccogliere dati e strategie nel settore dei dolci. Questi metodi includono quanto segue:<\/p>\n\n\n\n<h2 class=\"wp-block-heading\">Studio di ricerca sul pubblico target<\/h2>\n\n\n\n<p>Una ricerca approfondita sui clienti indaga l\u2019influenza dei fattori sociali, economici, culturali e psicologici sugli atteggiamenti e sulle decisioni di acquisto. Il mix di ricerca primaria esclusiva e dati distribuiti produce una valutazione precisa e distinta. I metodi includono:<\/p>\n\n\n\n<ul class=\"wp-block-list\">\n<li>Utilizzo di domande di ricerca primarie per interviste, sondaggi e sondaggi online per la raccolta e l&#039;analisi dei dati.<\/li>\n\n\n\n<li>Utilizzo di campioni di intervistati classificati per sesso, et\u00e0, reddito familiare e area.<\/li>\n\n\n\n<li>L&#039;utilizzo di un pubblico mirato o di panel specialistici per raccogliere risposte da gruppi demografici difficili da raggiungere.<\/li>\n\n\n\n<li>Collecting data and strategies from other reputable consumer <a href=\"https:\/\/www.sisinternational.com\/it\/competenza\/curriculum-di-esperienza\/curriculum-di-esperienza-nel-settore-automobilistico\/\" title=\"Societ\u00e0 di ricerche di mercato nel settore automobilistico\"  data-wpil-monitor-id=\"10006\">research companies in the dessert industry<\/a>.<\/li>\n<\/ul>\n\n\n\n<h3 class=\"wp-block-heading\">Ricerche di mercato sui dessert sulla concorrenza<\/h3>\n\n\n\n<figure class=\"gb-block-image gb-block-image-7575fdcf\"><img loading=\"lazy\" decoding=\"async\" width=\"1456\" height=\"816\" class=\"gb-image gb-image-7575fdcf\" src=\"https:\/\/www.sisinternational.com\/wp-content\/uploads\/2025\/08\/Dessert-5.jpg\" alt=\"Ricerca e strategia di mercato internazionale SIS\" title=\"Dessert (5)\" srcset=\"https:\/\/www.sisinternational.com\/wp-content\/uploads\/2025\/08\/Dessert-5.jpg 1456w, https:\/\/www.sisinternational.com\/wp-content\/uploads\/2025\/08\/Dessert-5-300x168.jpg 300w, https:\/\/www.sisinternational.com\/wp-content\/uploads\/2025\/08\/Dessert-5-1024x574.jpg 1024w, https:\/\/www.sisinternational.com\/wp-content\/uploads\/2025\/08\/Dessert-5-768x430.jpg 768w, https:\/\/www.sisinternational.com\/wp-content\/uploads\/2025\/08\/Dessert-5-18x10.jpg 18w\" sizes=\"auto, (max-width: 1456px) 100vw, 1456px\"><\/figure>\n\n\n\n<p><\/p>\n\n\n\n<p>Trade <a href=\"https:\/\/www.sisinternational.com\/it\/competenza\/industrie\/ricerche-di-mercato-sulle-nanoparticelle\/\" title=\"Ricerche di mercato sulle nanoparticelle\"  data-wpil-monitor-id=\"3329\">research for dessert market<\/a> entails engaging essential companies in the sector to collect information about their operations and perspectives on strategic issues pertinent to the market being studied. This way, any end user of the market research report can address current operation and marketing issues. To assure precision, only seasoned industry representatives can analyze the collected data and strategies in the dessert industry.<\/p>\n\n\n\n<p>Per alcuni studi, la ricerca commerciale viene condotta impiegando ricercatori con esperienza e conoscenza del settore dei dessert. Si tratta di domande complete per interviste di mercato e citazioni dirette da fonti credibili, che vengono poi analizzate da professionisti in materia e incorporate nel rapporto. Ci\u00f2 fornisce eccellenti idee attuabili in varie situazioni sulle sfide attuali e su ci\u00f2 che accade nel panorama aziendale. La ricerca di mercato fornisce approfondimenti contenenti citazioni che trasmettono prospettive significative in vari quadri sulle questioni attuali del settore.<\/p>\n\n\n\n<h3 class=\"wp-block-heading\">Previsione delle tendenze di marketing da dati passati e presenti<\/h3>\n\n\n\n<p>The power of historical information to predict the future <a href=\"https:\/\/www.sisinternational.com\/it\/copertura\/le-americhe\/copertura-degli-stati-uniti\/ricerca-di-mercato-nello-stato-di-new-york\/\" title=\"Ricerche di mercato nello Stato di New York\"  data-wpil-monitor-id=\"10011\">state of markets<\/a> is limited. Thus, rich qualitative inputs from industry experts regarding past and future events that may have an impact on the market play a vital role in our post-statistical modeling evaluation process. In addition, analyzing the past <a href=\"https:\/\/www.sisinternational.com\/it\/competenza\/industrie\/ricerca-di-mercato-per-assistente-infermiere-virtuale\/\" title=\"Ricerche di mercato sull&#039;assistente infermiere virtuale\"  data-wpil-monitor-id=\"10012\">market and the current year&#8217;s data assists<\/a> in determining the likelihood of various scenarios for estimating the market value of desserts over the following couple of years.<\/p>\n\n\n\n<p>Le previsioni statistiche delle ricerche di mercato dei dessert consentono fattori aggiuntivi che esulano dalla capacit\u00e0 di analisi dei dati. Utilizzando un rigoroso processo statistico integrato da una conoscenza e competenza approfondite del mercato, i risultati possono svolgere un ruolo cruciale nell\u2019interpretazione delle tendenze che possono avere un impatto sul futuro dell\u2019industria dei dessert.<\/p>\n\n\n\n<h2 class=\"wp-block-heading\">Vantaggi della ricerca di mercato sui dessert<\/h2>\n\n\n\n<ul class=\"wp-block-list\">\n<li>Learn about significant <a href=\"https:\/\/www.sisinternational.com\/it\/future-trends-in-qualitative-market-research\/\" title=\"Future Trends in Qualitative Market Research\"  data-wpil-monitor-id=\"10007\">market trends that can impact the future<\/a> of doing business.<\/li>\n\n\n\n<li>Identificare rischi e vantaggi quando si tratta di lanciare nuovi prodotti o pianificare campagne di marketing.<\/li>\n\n\n\n<li>Avere solide referenze prima delle decisioni di marketing, strategia e pianificazione.<\/li>\n\n\n\n<li>Costruisci istantaneamente un&#039;intelligenza competitiva che puoi utilizzare subito<\/li>\n\n\n\n<li>La ricerca di mercato dei dessert fornisce approfondimenti sulle informazioni di vari settori aziendali per assistere nella pianificazione e nelle decisioni strategiche.<\/li>\n\n\n\n<li>Gives you a greater comprehension of industry rivalry and the <a href=\"https:\/\/www.sisinternational.com\/it\/soluzioni\/ricerca-di-consulenza-strategica-fintech\/ricerche-di-mercato-relative-al-finanziamento-della-supply-chain\/\" title=\"Ricerche di mercato sulla finanza della catena di fornitura\"  data-wpil-monitor-id=\"10008\">supply chain<\/a> by allowing you to comprehend market dynamics.<\/li>\n\n\n\n<li>Analizza importanti parametri operativi e prestazionali in modo da poter misurare la tua azienda rispetto alla tua, ai tuoi clienti e ai tuoi concorrenti.<\/li>\n<\/ul>\n\n\n\n<h2 class=\"wp-block-heading\">Informazioni sulle ricerche di mercato sui dessert<\/h2>\n\n\n\n<figure class=\"gb-block-image gb-block-image-530fa7e3\"><img loading=\"lazy\" decoding=\"async\" width=\"1456\" height=\"816\" class=\"gb-image gb-image-530fa7e3\" src=\"https:\/\/www.sisinternational.com\/wp-content\/uploads\/2025\/08\/Dessert-1.jpg\" alt=\"Ricerca e strategia di mercato internazionale SIS\" title=\"Dessert (1)\" srcset=\"https:\/\/www.sisinternational.com\/wp-content\/uploads\/2025\/08\/Dessert-1.jpg 1456w, https:\/\/www.sisinternational.com\/wp-content\/uploads\/2025\/08\/Dessert-1-300x168.jpg 300w, https:\/\/www.sisinternational.com\/wp-content\/uploads\/2025\/08\/Dessert-1-1024x574.jpg 1024w, https:\/\/www.sisinternational.com\/wp-content\/uploads\/2025\/08\/Dessert-1-768x430.jpg 768w, https:\/\/www.sisinternational.com\/wp-content\/uploads\/2025\/08\/Dessert-1-18x10.jpg 18w\" sizes=\"auto, (max-width: 1456px) 100vw, 1456px\"><\/figure>\n\n\n\n<p><\/p>\n\n\n\n<p>Dessert Market Research delivers a comprehensive analysis of your market, including market drivers and segmentation, consumer attitudes and behaviors, a summary of brand activity and innovation, and market potential. Each study includes data and strategies in the dessert industry that categorizes <a href=\"https:\/\/www.sisinternational.com\/it\/soluzioni\/ricerche-di-mercato-sui-consumatori\/\" title=\"Consumer Market Research Services for Smarter Business Decisions\"  data-wpil-monitor-id=\"10009\">consumer research by demographic and a business<\/a> summary that showcases the report&#8217;s primary findings.<\/p>\n\n\n\n<p>Dessert Market Research provides insights to clients, executive business personnel, and key industry experts into an objective, <a href=\"https:\/\/www.sisinternational.com\/it\/analisi-della-soddisfazione-del-cliente\/\" title=\"8 modi per aumentare la soddisfazione del cliente nel commercio al dettaglio\"  data-wpil-monitor-id=\"10005\">custom view of the consumer<\/a> market and a clear roadmap for navigating it. Each study combines original research, reliable market data, and expert analysis to provide you with the tools you need to expand your business.<\/p>","protected":false},"excerpt":{"rendered":"<p>Il mercato dei dessert ha previsioni ottimistiche a lungo termine perch\u00e9 \u00e8 il cibo che piace a quasi tutti e a cui \u00e8 difficile dire di no.<\/p>","protected":false},"author":1,"featured_media":64770,"parent":22018,"menu_order":203,"comment_status":"closed","ping_status":"closed","template":"","meta":{"footnotes":""},"class_list":["post-41805","page","type-page","status-publish","has-post-thumbnail"],"_links":{"self":[{"href":"https:\/\/www.sisinternational.com\/it\/wp-json\/wp\/v2\/pages\/41805","targetHints":{"allow":["GET"]}}],"collection":[{"href":"https:\/\/www.sisinternational.com\/it\/wp-json\/wp\/v2\/pages"}],"about":[{"href":"https:\/\/www.sisinternational.com\/it\/wp-json\/wp\/v2\/types\/page"}],"author":[{"embeddable":true,"href":"https:\/\/www.sisinternational.com\/it\/wp-json\/wp\/v2\/users\/1"}],"replies":[{"embeddable":true,"href":"https:\/\/www.sisinternational.com\/it\/wp-json\/wp\/v2\/comments?post=41805"}],"version-history":[{"count":6,"href":"https:\/\/www.sisinternational.com\/it\/wp-json\/wp\/v2\/pages\/41805\/revisions"}],"predecessor-version":[{"id":81656,"href":"https:\/\/www.sisinternational.com\/it\/wp-json\/wp\/v2\/pages\/41805\/revisions\/81656"}],"up":[{"embeddable":true,"href":"https:\/\/www.sisinternational.com\/it\/wp-json\/wp\/v2\/pages\/22018"}],"wp:featuredmedia":[{"embeddable":true,"href":"https:\/\/www.sisinternational.com\/it\/wp-json\/wp\/v2\/media\/64770"}],"wp:attachment":[{"href":"https:\/\/www.sisinternational.com\/it\/wp-json\/wp\/v2\/media?parent=41805"}],"curies":[{"name":"wp","href":"https:\/\/api.w.org\/{rel}","templated":true}]}}