{"id":41793,"date":"2023-03-16T12:00:05","date_gmt":"2023-03-16T16:00:05","guid":{"rendered":"https:\/\/www.sisinternational.com\/?page_id=41793"},"modified":"2026-01-27T16:38:49","modified_gmt":"2026-01-27T21:38:49","slug":"ricerche-di-mercato-sullenergia-dal-carbone","status":"publish","type":"page","link":"https:\/\/www.sisinternational.com\/it\/competenza\/ricerche-di-mercato-sullenergia-dal-carbone\/","title":{"rendered":"Ricerche di mercato sull\u2019energia dal carbone"},"content":{"rendered":"<h1 class=\"wp-block-heading\">Ricerche di mercato sull\u2019energia dal carbone<\/h1>\n\n\n\n<figure class=\"gb-block-image gb-block-image-871c8977\"><img loading=\"lazy\" decoding=\"async\" width=\"1456\" height=\"816\" class=\"gb-image gb-image-871c8977\" src=\"https:\/\/www.sisinternational.com\/wp-content\/uploads\/2025\/08\/Coal-3.jpg\" alt=\"Ricerca e strategia di mercato internazionale SIS\" title=\"Coal (3)\" srcset=\"https:\/\/www.sisinternational.com\/wp-content\/uploads\/2025\/08\/Coal-3.jpg 1456w, https:\/\/www.sisinternational.com\/wp-content\/uploads\/2025\/08\/Coal-3-300x168.jpg 300w, https:\/\/www.sisinternational.com\/wp-content\/uploads\/2025\/08\/Coal-3-1024x574.jpg 1024w, https:\/\/www.sisinternational.com\/wp-content\/uploads\/2025\/08\/Coal-3-768x430.jpg 768w, https:\/\/www.sisinternational.com\/wp-content\/uploads\/2025\/08\/Coal-3-18x10.jpg 18w\" sizes=\"auto, (max-width: 1456px) 100vw, 1456px\"><\/figure>\n\n\n\n<p><\/p>\n\n\n\n<p>L\u2019energia derivante dal carbone \u00e8 stata per lungo tempo una delle principali fonti di energia a livello globale, fornendo elettricit\u00e0 a milioni di persone in tutto il mondo. Poich\u00e9 le preoccupazioni sul cambiamento climatico e sull\u2019inquinamento atmosferico continuano a crescere, il futuro dell\u2019energia a carbone \u00e8 sempre pi\u00f9 incerto.<\/p>\n\n\n\n<p>Per comprendere meglio lo stato attuale e le tendenze future del mercato globale dell\u2019energia da carbone, la ricerca di mercato dell\u2019energia da carbone \u00e8 diventata uno strumento essenziale per investitori, aziende energetiche e responsabili politici.<\/p>\n\n\n\n<h2 class=\"wp-block-heading\">Panoramica del mercato globale dell&#039;energia a carbone<\/h2>\n\n\n\n<p>Il mercato globale dell\u2019energia a carbone contribuisce in modo significativo all\u2019approvvigionamento energetico mondiale, con le centrali a carbone che generano una parte importante dell\u2019elettricit\u00e0 mondiale. Tuttavia, poich\u00e9 le preoccupazioni sul cambiamento climatico e sull\u2019inquinamento atmosferico continuano a crescere, c\u2019\u00e8 stata una crescente pressione sui governi e sulle societ\u00e0 energetiche affinch\u00e9 passino dall\u2019energia a carbone verso fonti energetiche pi\u00f9 pulite e sostenibili.<\/p>\n\n\n\n<p>This has led to a decline in coal power investments in some regions, and a rise in investments in alternative <a href=\"https:\/\/www.sisinternational.com\/it\/via-col-vento-la-crisi-finanziaria-e-lenergia-eolica\/\" title=\"Via col vento? La crisi finanziaria e l&#039;energia eolica\"  data-wpil-monitor-id=\"7495\">energy sources such as wind<\/a>, solar, and hydroelectric power. Despite these challenges, coal power remains a significant energy source for many countries \u2013 and is likely to continue playing a significant role in the global energy mix for the foreseeable future.<\/p>\n\n\n\n<h2 class=\"wp-block-heading\">Importanza delle ricerche di mercato sull&#039;energia da carbone<\/h2>\n\n\n\n<p>Coal <a href=\"https:\/\/www.sisinternational.com\/it\/competenza\/industrie\/ricerche-di-mercato-sulla-produzione-di-energia\/\" title=\"Ricerche di mercato sulla produzione di energia\"  data-wpil-monitor-id=\"3052\">power market research<\/a> is essential for investors, energy companies, and policymakers to better understand industry trends and make informed decisions about the future of coal power. With the rapid changes in technology, environmental regulations, and global energy markets, coal <a href=\"https:\/\/www.sisinternational.com\/it\/competenza\/industrie\/ricerche-di-mercato-sullenergia-nucleare\/\" title=\"Ricerche di mercato sull&#039;energia nucleare\"  data-wpil-monitor-id=\"3300\">power market research<\/a> can provide valuable insights into current and future trends, as well as potential risks and opportunities.<\/p>\n\n\n\n<p>Per gli investitori, pu\u00f2 aiutarli a identificare i mercati emergenti, le opportunit\u00e0 di investimento, i rischi potenziali e le sfide. Analizzando le tendenze del mercato, gli investitori possono valutare meglio la performance finanziaria e il potenziale di crescita delle societ\u00e0 elettriche a carbone.<\/p>\n\n\n\n<p>Allo stesso modo, <a href=\"https:\/\/www.sisinternational.com\/it\/azioni-governative-sui-biocarburanti\/\" title=\"Ricerche di mercato sui biocarburanti\"  data-wpil-monitor-id=\"1742\">energy companies leverage coal power market research<\/a> to obtain valuable information on customer demand, energy prices, regulatory changes, and technological advancements. This information can help energy companies develop new products and services, improve operational efficiency, and anticipate future trends and challenges.<\/p>\n\n\n\n<p>Lastly, policymakers use coal <a href=\"https:\/\/www.sisinternational.com\/it\/competenza\/industrie\/ricerche-di-mercato-sugli-utensili-elettrici\/\" title=\"Ricerche di mercato sugli utensili elettrici\"  data-wpil-monitor-id=\"4046\">power market research<\/a> to anticipate and manage potential risks to energy security and environmental sustainability. By understanding industry trends and developments, policymakers can create policies and regulations that promote the development of cleaner and more sustainable energy sources while minimizing the negative impacts on the economy and society.<\/p>\n\n\n\n<h2 class=\"wp-block-heading\">Usi attuali delle ricerche di mercato sull&#039;energia da carbone<\/h2>\n\n\n\n<figure class=\"gb-block-image gb-block-image-737145f7\"><img loading=\"lazy\" decoding=\"async\" width=\"1456\" height=\"816\" class=\"gb-image gb-image-737145f7\" src=\"https:\/\/www.sisinternational.com\/wp-content\/uploads\/2025\/08\/Coal-5.jpg\" alt=\"Ricerca e strategia di mercato internazionale SIS\" title=\"Coal (5)\" srcset=\"https:\/\/www.sisinternational.com\/wp-content\/uploads\/2025\/08\/Coal-5.jpg 1456w, https:\/\/www.sisinternational.com\/wp-content\/uploads\/2025\/08\/Coal-5-300x168.jpg 300w, https:\/\/www.sisinternational.com\/wp-content\/uploads\/2025\/08\/Coal-5-1024x574.jpg 1024w, https:\/\/www.sisinternational.com\/wp-content\/uploads\/2025\/08\/Coal-5-768x430.jpg 768w, https:\/\/www.sisinternational.com\/wp-content\/uploads\/2025\/08\/Coal-5-18x10.jpg 18w\" sizes=\"auto, (max-width: 1456px) 100vw, 1456px\"><\/figure>\n\n\n\n<ul class=\"wp-block-list\">\n<li>Dimensioni e previsioni del mercato: questo tipo di ricerca prevede l\u2019analisi delle dimensioni, della crescita e delle tendenze future del mercato dell\u2019energia a carbone in diverse regioni e paesi. Pu\u00f2 fornire preziose informazioni sulla domanda di energia da carbone, sul panorama competitivo e sulle potenziali opportunit\u00e0 di crescita e opportunit\u00e0. Pu\u00f2 fornire approfondimenti sulle esigenze, sulle preferenze e sui comportamenti di acquisto dei clienti, che possono aiutare le aziende a sviluppare strategie di marketing mirate e migliorare la soddisfazione del cliente.<\/li>\n\n\n\n<li>Analisi competitiva: la ricerca di mercato dell\u2019energia da carbone valuta il panorama competitivo di questo mercato, inclusi i principali attori, la quota di mercato e le strategie dei concorrenti. Pu\u00f2 anche aiutare le aziende a identificare potenziali concorrenti, valutarne i punti di forza e di debolezza e sviluppare strategie per ottenere un vantaggio competitivo.<\/li>\n\n\n\n<li>Analisi tecnologica: questa ricerca implica l\u2019analisi degli ultimi sviluppi tecnologici nel settore dell\u2019energia a carbone, compresi i progressi nelle centrali elettriche a carbone, nella cattura e stoccaggio del carbonio e nelle fonti energetiche alternative. Pu\u00f2 fornire approfondimenti sulle tecnologie emergenti e sul loro potenziale impatto sul settore.<\/li>\n\n\n\n<li>Analisi normativa: la ricerca di mercato dell\u2019energia da carbone analizza il contesto normativo per l\u2019energia da carbone, comprese le normative ambientali, le politiche fiscali e i sussidi. Pu\u00f2 aiutare le aziende ad anticipare i cambiamenti normativi e ad adattare di conseguenza le proprie strategie.<\/li>\n<\/ul>\n\n\n\n<h2 class=\"wp-block-heading\">Vantaggi della ricerca di mercato sull\u2019energia da carbone<\/h2>\n\n\n\n<ul class=\"wp-block-list\">\n<li>Approfondimenti di mercato: le ricerche di mercato dell\u2019energia da carbone forniscono approfondimenti sullo stato attuale del settore, comprese le tendenze della domanda, della produzione, del consumo e dei prezzi. Queste informazioni possono essere preziose per le aziende energetiche e gli investitori nel prendere decisioni informate sulla strategia aziendale, sugli investimenti e sull\u2019allocazione delle risorse.<\/li>\n\n\n\n<li>Valutazione dell\u2019impatto ambientale: pu\u00f2 aiutare i politici e le aziende energetiche a valutare l\u2019impatto ambientale delle centrali elettriche alimentate a carbone e a identificare opportunit\u00e0 per ridurre le emissioni di gas serra e altri inquinanti.<\/li>\n\n\n\n<li>Opinioni sui consumatori: la ricerca di mercato sull\u2019energia prodotta dal carbone fornisce informazioni approfondite sulle preferenze e sui comportamenti dei consumatori, compreso il loro atteggiamento nei confronti dell\u2019energia alimentata a carbone e la loro disponibilit\u00e0 a pagare per fonti energetiche pi\u00f9 pulite. Queste informazioni possono essere preziose per le aziende energetiche e i politici nello sviluppo di strategie e politiche di marketing in linea con le preferenze dei consumatori.<\/li>\n<\/ul>\n\n\n\n<h2 class=\"wp-block-heading\">Limitazioni della ricerca di mercato sull&#039;energia da carbone<\/h2>\n\n\n\n<ul class=\"wp-block-list\">\n<li>Accesso limitato ai dati: le ricerche di mercato sull\u2019energia da carbone sono spesso limitate dalla disponibilit\u00e0 dei dati. Alcuni dati, come quelli sulla produzione e sul consumo, potrebbero non essere disponibili al pubblico, rendendo difficile ottenere dati accurati e completi.<\/li>\n\n\n\n<li>Difficolt\u00e0 nel prevedere gli sviluppi futuri: prevedere il futuro del mercato dell\u2019energia a carbone pu\u00f2 essere difficile a causa di vari fattori come i cambiamenti nella tecnologia, le politiche di regolamentazione e l\u2019emergere di nuove fonti energetiche.<\/li>\n\n\n\n<li>Ambito limitato: la ricerca di mercato dell\u2019energia da carbone pu\u00f2 essere limitata a una regione o a un paese specifico, il che potrebbe non fornire un quadro completo del mercato globale.<\/li>\n\n\n\n<li>Dispendioso in termini di tempo e risorse: condurre ricerche di mercato sull\u2019energia da carbone pu\u00f2 richiedere molto tempo e risorse, richiedendo investimenti significativi nella raccolta, analisi e interpretazione dei dati in diversi paesi e regioni.<\/li>\n<\/ul>\n\n\n\n<h2 class=\"wp-block-heading\">Prospettive future della ricerca di mercato dell\u2019energia da carbone<\/h2>\n\n\n\n<figure class=\"gb-block-image gb-block-image-faee1fb3\"><img loading=\"lazy\" decoding=\"async\" width=\"1456\" height=\"816\" class=\"gb-image gb-image-faee1fb3\" src=\"https:\/\/www.sisinternational.com\/wp-content\/uploads\/2025\/08\/Coal-2.jpg\" alt=\"Ricerca e strategia di mercato internazionale SIS\" title=\"Coal (2)\" srcset=\"https:\/\/www.sisinternational.com\/wp-content\/uploads\/2025\/08\/Coal-2.jpg 1456w, https:\/\/www.sisinternational.com\/wp-content\/uploads\/2025\/08\/Coal-2-300x168.jpg 300w, https:\/\/www.sisinternational.com\/wp-content\/uploads\/2025\/08\/Coal-2-1024x574.jpg 1024w, https:\/\/www.sisinternational.com\/wp-content\/uploads\/2025\/08\/Coal-2-768x430.jpg 768w, https:\/\/www.sisinternational.com\/wp-content\/uploads\/2025\/08\/Coal-2-18x10.jpg 18w\" sizes=\"auto, (max-width: 1456px) 100vw, 1456px\"><\/figure>\n\n\n\n<p><\/p>\n\n\n\n<p>Le prospettive future per la ricerca di mercato dell\u2019energia da carbone sono complesse e incerte. Sebbene il carbone sia stata una fonte energetica dominante per decenni, l\u2019industria si trova ad affrontare sfide significative derivanti dalla crescente concorrenza da parte di fonti energetiche alternative, normative ambientali pi\u00f9 severe e preoccupazioni pubbliche sull\u2019inquinamento atmosferico e sul cambiamento climatico.<\/p>\n\n\n\n<p>Inoltre, per abbandonare l\u2019energia a carbone, numerosi governi hanno avviato politiche e leggi che progressivamente diminuiscono l\u2019interesse per la ricerca scientifica sull\u2019energia alimentata a carbone.<\/p>\n\n\n\n<p>Di conseguenza, \u00e8 probabile che la ricerca di mercato dell\u2019energia a carbone si concentri sempre pi\u00f9 sullo sviluppo di centrali elettriche alimentate a carbone pi\u00f9 pulite ed efficienti, nonch\u00e9 sullo sviluppo di fonti energetiche alternative.<\/p>\n\n\n\n<p>Tuttavia, molti paesi necessitano ancora di energia dal carbone per soddisfare il proprio fabbisogno di elettricit\u00e0. In particolare, i paesi in via di sviluppo con accesso limitato o risorse monetarie per fonti alternative di energia. In tali mercati, la ricerca di centrali a carbone pi\u00f9 produttive e rispettose dell\u2019ambiente pu\u00f2 continuare a essere un\u2019importante area di interesse.<\/p>\n\n\n\n<p>SIS International offre ricerca quantitativa, qualitativa e strategica. Forniamo dati, strumenti, strategie, report e approfondimenti per il processo decisionale. Conduciamo interviste, sondaggi, focus group e molti altri metodi e approcci di ricerca di mercato. Contattaci per il tuo prossimo progetto di ricerca di mercato.<\/p>\n\n\n\n<p><\/p>","protected":false},"excerpt":{"rendered":"<p>Coal power plants generate an essential portion of the world&#8217;s electricity. Coal is a significant contributor to the world&#8217;s energy supply. <\/p>","protected":false},"author":1,"featured_media":64054,"parent":14514,"menu_order":200,"comment_status":"closed","ping_status":"closed","template":"","meta":{"footnotes":""},"class_list":["post-41793","page","type-page","status-publish","has-post-thumbnail"],"_links":{"self":[{"href":"https:\/\/www.sisinternational.com\/it\/wp-json\/wp\/v2\/pages\/41793","targetHints":{"allow":["GET"]}}],"collection":[{"href":"https:\/\/www.sisinternational.com\/it\/wp-json\/wp\/v2\/pages"}],"about":[{"href":"https:\/\/www.sisinternational.com\/it\/wp-json\/wp\/v2\/types\/page"}],"author":[{"embeddable":true,"href":"https:\/\/www.sisinternational.com\/it\/wp-json\/wp\/v2\/users\/1"}],"replies":[{"embeddable":true,"href":"https:\/\/www.sisinternational.com\/it\/wp-json\/wp\/v2\/comments?post=41793"}],"version-history":[{"count":8,"href":"https:\/\/www.sisinternational.com\/it\/wp-json\/wp\/v2\/pages\/41793\/revisions"}],"predecessor-version":[{"id":81121,"href":"https:\/\/www.sisinternational.com\/it\/wp-json\/wp\/v2\/pages\/41793\/revisions\/81121"}],"up":[{"embeddable":true,"href":"https:\/\/www.sisinternational.com\/it\/wp-json\/wp\/v2\/pages\/14514"}],"wp:featuredmedia":[{"embeddable":true,"href":"https:\/\/www.sisinternational.com\/it\/wp-json\/wp\/v2\/media\/64054"}],"wp:attachment":[{"href":"https:\/\/www.sisinternational.com\/it\/wp-json\/wp\/v2\/media?parent=41793"}],"curies":[{"name":"wp","href":"https:\/\/api.w.org\/{rel}","templated":true}]}}