{"id":41779,"date":"2023-03-15T21:01:12","date_gmt":"2023-03-16T01:01:12","guid":{"rendered":"https:\/\/www.sisinternational.com\/?page_id=41779"},"modified":"2026-03-13T01:28:15","modified_gmt":"2026-03-13T05:28:15","slug":"ricerca-di-mercato-clt-test-posizione-centrale","status":"publish","type":"page","link":"https:\/\/www.sisinternational.com\/it\/central-location-tests-clt-page\/ricerca-di-mercato-clt-test-posizione-centrale\/","title":{"rendered":"Ricerche di mercato in CLT"},"content":{"rendered":"<h1 class=\"wp-block-heading\">Ricerca di mercato Central Location Test (CLT).<\/h1>\n\n\n\n<figure class=\"gb-block-image gb-block-image-b43b49ee\"><img loading=\"lazy\" decoding=\"async\" width=\"1456\" height=\"816\" class=\"gb-image gb-image-b43b49ee\" src=\"https:\/\/www.sisinternational.com\/wp-content\/uploads\/2025\/09\/Quantitative-research-1d4-3.jpg\" alt=\"Ricerca e strategia di mercato internazionale SIS\" title=\"Quantitative research (1d4) (3)\" srcset=\"https:\/\/www.sisinternational.com\/wp-content\/uploads\/2025\/09\/Quantitative-research-1d4-3.jpg 1456w, https:\/\/www.sisinternational.com\/wp-content\/uploads\/2025\/09\/Quantitative-research-1d4-3-300x168.jpg 300w, https:\/\/www.sisinternational.com\/wp-content\/uploads\/2025\/09\/Quantitative-research-1d4-3-1024x574.jpg 1024w, https:\/\/www.sisinternational.com\/wp-content\/uploads\/2025\/09\/Quantitative-research-1d4-3-768x430.jpg 768w, https:\/\/www.sisinternational.com\/wp-content\/uploads\/2025\/09\/Quantitative-research-1d4-3-18x10.jpg 18w\" sizes=\"auto, (max-width: 1456px) 100vw, 1456px\"><\/figure>\n\n\n\n<p><\/p>\n\n\n\n<p>La ricerca di mercato CLT \u00e8 un metodo per valutare gli atteggiamenti e i comportamenti dei consumatori in un ambiente controllato. Questo tipo di ricerca di mercato viene eseguita nei centri di test per ottenere informazioni dettagliate sulle scelte, sugli atteggiamenti e sui comportamenti dei clienti in tempo reale in un ambiente altamente monitorato in cui i comportamenti possono essere analizzati in dettaglio.<\/p>\n\n\n\n<h2 class=\"wp-block-heading\">Cos&#039;\u00e8 la ricerca di mercato CLT?<\/h2>\n\n\n\n<p>Si tratta di un tipo di ricerca di mercato condotta in un ambiente predeterminato come un centro commerciale o laboratori di test per ottenere dettagli sulle abitudini e preferenze degli acquirenti. Pertanto, la ricerca di mercato CLT deve essere condotta con la guida di specialisti per escludere pregiudizi e garantire un esito positivo.<\/p>\n\n\n\n<p>Unlike other varieties of <a title=\"Ricerche di mercato sui sondaggi politici\" href=\"https:\/\/www.sisinternational.com\/it\/competenza\/industrie\/ricerche-di-mercato-sui-sondaggi-politici\/\" data-wpil-monitor-id=\"10116\">market research such as online polls<\/a> or in-home usage tests, CLT market research occurs in a managed atmosphere to provide a more authentic depiction of consumer behavior. By collecting data in a supervised environment, CLT market research delivers precise and significant insights into consumer preferences.<\/p>\n\n\n\n<h2 class=\"wp-block-heading\">Vantaggi della ricerca di mercato CLT<\/h2>\n\n\n\n<ul class=\"wp-block-list\">\n<li>La ricerca di mercato CLT \u00e8 uno strumento fondamentale per ottenere approfondimenti sugli atteggiamenti e sui comportamenti degli acquirenti che potrebbero informare le decisioni sulla progettazione del prodotto, sul branding, sulla pubblicit\u00e0 e sul posizionamento sul mercato.<\/li>\n\n\n\n<li>Fornisce preziose conoscenze sulle abitudini e sui punti di vista degli acquirenti, che possono aiutare a modellare le strategie di sviluppo del prodotto, branding, pubblicit\u00e0 e posizionamento sul mercato.<\/li>\n\n\n\n<li>Le ricerche di mercato CLT aiutano le aziende a ottenere il massimo dalle loro operazioni di marketing. Comprendendo i gusti e le opinioni dei clienti, le aziende possono adattare i propri materiali promozionali e le promozioni per soddisfare i desideri del proprio mercato di riferimento.<\/li>\n\n\n\n<li>It provides a competitive advantage and a thorough understanding of customer behavior and motivations. This data can be utilized to strengthen <a title=\"Come far crescere la tua attivit\u00e0\" data-wpil-monitor-id=\"10105\" href=\"https:\/\/www.sisinternational.com\/it\/come-far-crescere-la-tua-attivita\/\">business operations and strategies<\/a>, allowing companies to get an edge in the industry.<\/li>\n\n\n\n<li>La ricerca di mercato su CLT \u00e8 pi\u00f9 conveniente rispetto ad altri metodi di ricerca di mercato perch\u00e9 l&#039;unica spesa importante \u00e8 l&#039;affitto della struttura in cui verr\u00e0 condotta la ricerca.<\/li>\n\n\n\n<li>I CLT consentono inoltre ai ricercatori di raccogliere dati \u201cgrezzi\u201d perch\u00e9 possono osservare il linguaggio del corpo e le espressioni facciali dei partecipanti.<\/li>\n\n\n\n<li>Researchers can formulate questions in real-time in response to participants&#8217; reactions. As a result, <a title=\"Ricerche di mercato sensoriali\" data-wpil-monitor-id=\"6832\" href=\"https:\/\/www.sisinternational.com\/it\/competenza\/industrie\/ricerca-di-mercato-sensoriale\/\">researchers could capture the sensory<\/a> experiences of the participants.<\/li>\n<\/ul>\n\n\n\n<h2 class=\"wp-block-heading\">Limitazioni della ricerca di mercato su CLT<\/h2>\n\n\n\n<ul class=\"wp-block-list\">\n<li>CLT impiega un campione di consumatori relativamente piccolo, che potrebbe non essere una rappresentazione fedele del pubblico target nel suo complesso. Ci\u00f2 potrebbe potenzialmente limitare la validit\u00e0 esterna dei risultati e mettere in discussione l\u2019accuratezza dei risultati.<\/li>\n\n\n\n<li>A causa della natura del contesto, i partecipanti potrebbero sentirsi obbligati a fornire risposte socialmente desiderabili, introducendo cos\u00ec una distorsione nei dati.<\/li>\n\n\n\n<li>L&#039;ambiente di test potrebbe non rispecchiare il tipico ambiente di acquisto del consumatore, incidendo sulla validit\u00e0 dei risultati.<\/li>\n\n\n\n<li>La natura urgente di una ricerca di mercato CLT, nonch\u00e9 il costo associato alla conduzione del test con pi\u00f9 gruppi o con un campione di grandi dimensioni, possono limitare la portata dei dati raccolti.<\/li>\n<\/ul>\n\n\n\n<h2 class=\"wp-block-heading\">Metodologie per le ricerche di mercato del CLT<\/h2>\n\n\n\n<p><a title=\"Test di sedi centrali a New York City: vantaggi per i test di prodotto\" href=\"https:\/\/www.sisinternational.com\/it\/soluzioni\/soluzioni-di-ricerca-quantitativa-qualitativa\/test-di-posizioni-centrali-a-new-york-city\/\" data-wpil-monitor-id=\"10110\">Central location tests<\/a> present various methods of assessing the potential success of a product. The main types of tests include<\/p>\n\n\n\n<ul class=\"wp-block-list\">\n<li>Test comparativo a coppie: i partecipanti confrontano due prodotti contemporaneamente secondo determinati criteri con l&#039;obiettivo di valutare quale prodotto \u00e8 pi\u00f9 ampiamente accettato.<\/li>\n\n\n\n<li>Test monadico: i partecipanti si concentrano su un singolo prodotto per valutarne le prestazioni e garantire che il prodotto sia accettato pubblicamente prima di lanciarlo sul mercato.<\/li>\n\n\n\n<li>Test monadico sequenziale: i partecipanti valutano due prodotti, anche se in momenti diversi. Dopo aver valutato ciascun prodotto, ai partecipanti viene chiesto di rivalutarli simultaneamente per confrontare i vantaggi di entrambi i prodotti e quindi prendere una decisione su quale potrebbe essere pi\u00f9 adatto al mercato.<\/li>\n\n\n\n<li>Test proto-monadico: i partecipanti valutano prima un prodotto. Quindi, viene loro fornito un prodotto diverso da confrontare con il primo prodotto.<\/li>\n\n\n\n<li>Ripetere il test di confronto accoppiato: ai partecipanti viene chiesto di confrontare una coppia di prodotti pi\u00f9 volte per garantire che le informazioni iniziali fornite non fossero distorte.<\/li>\n<\/ul>\n\n\n\n<p>Le diverse iterazioni nei test mirano a sopprimere qualsiasi soggettivit\u00e0 e pregiudizio presentando i prodotti in tempi e sequenze diverse. Pertanto, i partecipanti alla ricerca mostrano risultati coerenti indipendentemente da quando il prodotto \u00e8 stato testato.<\/p>\n\n\n\n<h2 class=\"wp-block-heading\">Tendenze attuali delle ricerche di mercato del CLT<\/h2>\n\n\n\n<ul class=\"wp-block-list\">\n<li>The use of virtual and augmented reality, big data, and <a title=\"Ricerche di mercato sull&#039;intelligenza artificiale\" data-wpil-monitor-id=\"10120\" href=\"https:\/\/www.sisinternational.com\/it\/soluzioni\/ai-ricerche-di-mercato-e-consulenza-strategica\/allintelligenza-artificiale\/\">artificial intelligence are allowing CLT research<\/a> to become more sophisticated and expansive. Researchers are able to simulate real-world scenarios and generate comprehensive data that <a class=\"wpil_keyword_link\" title=\"Ricerche di mercato su vernici, rivestimenti e inchiostri da stampa\" data-wpil-keyword-link=\"linked\" data-wpil-monitor-id=\"715\" href=\"https:\/\/www.sisinternational.com\/it\/competenza\/industrie\/ricerche-di-mercato-vernici-rivestimenti-e-inchiostri-da-stampa\/\">paints<\/a> an accurate picture of customer behavior and preferences.<\/li>\n\n\n\n<li>C\u2019\u00e8 una tendenza crescente da parte delle aziende che lavorano a stretto contatto con i rivenditori per raccogliere dati sul comportamento e sulle preferenze dei clienti. Questa collaborazione consente alle aziende di acquisire una comprensione pi\u00f9 approfondita del consumatore.<\/li>\n\n\n\n<li>L&#039;uso del CLT sta diventando sempre pi\u00f9 importante nella valutazione dell&#039;esperienza del cliente in contesti del mondo reale, garantendo alle aziende informazioni essenziali su come i loro prodotti e servizi vengono visti dai clienti.<\/li>\n\n\n\n<li>Questo metodo pu\u00f2 essere utilizzato nei mercati nuovi o emergenti per comprendere le preferenze e le abitudini dei consumatori locali, consentendo cos\u00ec alle aziende di modificare le proprie operazioni per servire meglio questi consumatori.<\/li>\n\n\n\n<li>Il CLT pu\u00f2 essere utilizzato insieme ad altre tecniche di ricerca, come sondaggi e focus group, per acquisire una conoscenza pi\u00f9 approfondita delle preferenze e dei comportamenti dei clienti.<\/li>\n<\/ul>\n\n\n\n<h2 class=\"wp-block-heading\">Prospettive future della ricerca di mercato del CLT<\/h2>\n\n\n\n<p>The prospects of CLT market research are looking bright as technology keeps advancing and customers become more and more informed. Companies are seeking to better understand the customer behaviors and preferences, and CLT research will probably remain a key element. In any case, some of the <a title=\"Future Trends in Qualitative Market Research\" href=\"https:\/\/www.sisinternational.com\/it\/future-trends-in-qualitative-market-research\/\" data-wpil-monitor-id=\"10125\">future trends of this research<\/a> include the following:<\/p>\n\n\n\n<ul class=\"wp-block-list\">\n<li>Utilizzo della realt\u00e0 virtuale e aumentata. Questa tecnologia consentir\u00e0 alle aziende di replicare scenari di vita reale e di avere accesso ai dati relativi ai gusti dei consumatori in un ambiente regolamentato. Ci\u00f2 pu\u00f2 portare a una migliore comprensione del comportamento dei clienti poich\u00e9 la ricerca pu\u00f2 essere condotta su scala pi\u00f9 ampia con una grande efficienza in termini di costi.<\/li>\n\n\n\n<li>Applicazione dei big data e dell\u2019intelligenza artificiale. Le aziende potranno utilizzare questa tecnologia per esaminare grandi quantit\u00e0 di dati ottenuti dalle indagini CLT, fornendo una visione ancora pi\u00f9 precisa del comportamento e delle preferenze dei clienti.<\/li>\n\n\n\n<li>Metodi di test innovativi: la ricerca di mercato CLT potrebbe adattarsi e crescere, integrando tecniche di test inesplorate, come valutazioni biometriche e fisiologiche, per fornire un&#039;analisi pi\u00f9 completa del comportamento dei consumatori.<\/li>\n<\/ul>\n\n\n\n<p><a title=\"SIS presenta la piattaforma di scienza dei dati e analisi quantitativa\" href=\"https:\/\/www.sisinternational.com\/it\/sis-presenta-la-piattaforma-di-data-science-e-analisi-quantitativa\/\" data-wpil-monitor-id=\"10106\">SIS International offers Quantitative<\/a>, Qualitative, and Strategy Research. We provide data, tools, strategies, reports and insights for decision-making. We conduct interviews, surveys, <a title=\"Focus Group Ricerche di mercato\" href=\"https:\/\/www.sisinternational.com\/it\/soluzioni\/ricerche-di-mercato-con-focus-group\/\" data-wpil-monitor-id=\"10108\">focus groups and many other Market Research<\/a> methods and approaches. Contact us for your <a title=\"Ricerche di mercato sulle tecnologie di prossima generazione\" href=\"https:\/\/www.sisinternational.com\/it\/competenza\/industrie\/ricerche-di-mercato-sulle-tecnologie-di-prossima-generazione\/\" data-wpil-monitor-id=\"10113\">next Market Research<\/a> project.<\/p>\n\n\n\n<p>&nbsp;<\/p>","protected":false},"excerpt":{"rendered":"<p>La ricerca di mercato CLT fornisce informazioni sui comportamenti degli acquirenti nei confronti delle decisioni relative alla progettazione del prodotto, al branding, alla pubblicit\u00e0 e al posizionamento sul mercato.<\/p>","protected":false},"author":1,"featured_media":67013,"parent":84538,"menu_order":199,"comment_status":"closed","ping_status":"closed","template":"","meta":{"footnotes":""},"class_list":["post-41779","page","type-page","status-publish","has-post-thumbnail"],"_links":{"self":[{"href":"https:\/\/www.sisinternational.com\/it\/wp-json\/wp\/v2\/pages\/41779","targetHints":{"allow":["GET"]}}],"collection":[{"href":"https:\/\/www.sisinternational.com\/it\/wp-json\/wp\/v2\/pages"}],"about":[{"href":"https:\/\/www.sisinternational.com\/it\/wp-json\/wp\/v2\/types\/page"}],"author":[{"embeddable":true,"href":"https:\/\/www.sisinternational.com\/it\/wp-json\/wp\/v2\/users\/1"}],"replies":[{"embeddable":true,"href":"https:\/\/www.sisinternational.com\/it\/wp-json\/wp\/v2\/comments?post=41779"}],"version-history":[{"count":5,"href":"https:\/\/www.sisinternational.com\/it\/wp-json\/wp\/v2\/pages\/41779\/revisions"}],"predecessor-version":[{"id":84546,"href":"https:\/\/www.sisinternational.com\/it\/wp-json\/wp\/v2\/pages\/41779\/revisions\/84546"}],"up":[{"embeddable":true,"href":"https:\/\/www.sisinternational.com\/it\/wp-json\/wp\/v2\/pages\/84538"}],"wp:featuredmedia":[{"embeddable":true,"href":"https:\/\/www.sisinternational.com\/it\/wp-json\/wp\/v2\/media\/67013"}],"wp:attachment":[{"href":"https:\/\/www.sisinternational.com\/it\/wp-json\/wp\/v2\/media?parent=41779"}],"curies":[{"name":"wp","href":"https:\/\/api.w.org\/{rel}","templated":true}]}}