{"id":41776,"date":"2023-03-15T19:50:48","date_gmt":"2023-03-15T23:50:48","guid":{"rendered":"https:\/\/www.sisinternational.com\/?page_id=41776"},"modified":"2025-10-18T17:25:25","modified_gmt":"2025-10-18T21:25:25","slug":"ricerche-di-mercato-sulle-caramelle","status":"publish","type":"page","link":"https:\/\/www.sisinternational.com\/it\/competenza\/ricerche-di-mercato-sulle-caramelle\/","title":{"rendered":"Ricerche di mercato sulle caramelle"},"content":{"rendered":"<h1 class=\"wp-block-heading\">Ricerche di mercato sulle caramelle<\/h1>\n\n\n\n<figure class=\"gb-block-image gb-block-image-9a8e68c9\"><img loading=\"lazy\" decoding=\"async\" width=\"1456\" height=\"816\" class=\"gb-image gb-image-9a8e68c9\" src=\"https:\/\/www.sisinternational.com\/wp-content\/uploads\/2025\/08\/Candy-1.jpg\" alt=\"Ricerca e strategia di mercato internazionale SIS\" title=\"Candy (1)\" srcset=\"https:\/\/www.sisinternational.com\/wp-content\/uploads\/2025\/08\/Candy-1.jpg 1456w, https:\/\/www.sisinternational.com\/wp-content\/uploads\/2025\/08\/Candy-1-300x168.jpg 300w, https:\/\/www.sisinternational.com\/wp-content\/uploads\/2025\/08\/Candy-1-1024x574.jpg 1024w, https:\/\/www.sisinternational.com\/wp-content\/uploads\/2025\/08\/Candy-1-768x430.jpg 768w, https:\/\/www.sisinternational.com\/wp-content\/uploads\/2025\/08\/Candy-1-18x10.jpg 18w\" sizes=\"auto, (max-width: 1456px) 100vw, 1456px\"><\/figure>\n\n\n\n<p><\/p>\n\n\n\n<p>La ricerca di mercato delle caramelle fornisce approfondimenti sul panorama del marketing e sulle strategie delle aziende dolciarie pi\u00f9 famose. La ricerca di mercato delle caramelle \u00e8 in grado di rilevare campagne pubblicitarie popolari di dolciumi e monitorare le risposte dei clienti attraverso tendenze di mercato consolidate.<\/p>\n\n\n\n<p>The data and strategies in the candy industry are vital to anyone looking to profit from new trends in various market sectors in the confectionery industry. One can see increased success using trustworthy and data-driven discoveries to improve multiple <a href=\"https:\/\/www.sisinternational.com\/it\/soluzioni\/ricerca-di-consulenza-strategica-fintech\/consulenza-strategica-per-ricerche-di-mercato-assicurative-in-caso-di-interruzione-dellattivita\/\" title=\"Ricerche di mercato e consulenza strategica nel settore assicurativo per l&#039;interruzione dell&#039;attivit\u00e0\"  data-wpil-monitor-id=\"8611\">business aspects such as marketing strategies<\/a>, implementation, and management.<\/p>\n\n\n\n<p>Le ultime tendenze di marketing dei dolciumi che influiscono sui clienti sono incluse anche nella Candy Marketing Research, che fornisce informazioni inestimabili per qualsiasi azienda del settore delle caramelle o per coloro che svolgono ruoli importanti in detto settore.<\/p>\n\n\n\n<h2 class=\"wp-block-heading\">Descrizione del mercato delle caramelle<\/h2>\n\n\n\n<p>Le caramelle sono composte principalmente da zucchero. Potresti anche sentire il termine &quot;prodotto alimentare dolce e dolciario&quot; usato per riferirsi alle caramelle. In pezzetti o barrette, le caramelle sono generalmente realizzate con una miscela di ingredienti, tra cui cioccolato, latte, noci, frutta e dolcificanti artificiali. Includere queste opzioni di caramelle nella tua routine di bodybuilding pu\u00f2 essere un modo divertente e gustoso per ottenere i nutrienti di cui hai bisogno senza spendere una fortuna. Le caramelle sono una scelta popolare tra i consumatori con orari impegnativi poich\u00e9 sono snack facili e veloci.<\/p>\n\n\n\n<p>Lo zucchero viene sciolto in un liquido, solitamente latte o acqua, per creare caramelle. La consistenza delle caramelle varia da morbida e gommosa a dura e fragile. Ingredienti, concentrazione di zucchero, dimensione dei cristalli di zucchero, tipo di zucchero, aerazione, temperatura e colore dello zucchero svolgono tutti un ruolo importante nel determinare il risultato del sapore e dell&#039;aspetto delle caramelle. D&#039;altra parte, l&#039;amido, la pectina o la gelatina sono solo alcuni degli stabilizzanti utilizzati per produrre caramelle gommose come caramelle gommose e caramelle gommose.<\/p>\n\n\n\n<p>Here are the most common types of <a href=\"https:\/\/www.sisinternational.com\/it\/competenza\/curriculum-di-esperienza\/ricerche-di-mercato-sui-prodotti-per-la-cura-personale\/\" title=\"Ricerche di mercato sui prodotti per la cura personale\"  data-wpil-monitor-id=\"8612\">products in the candy market<\/a> industry:<\/p>\n\n\n\n<ul class=\"wp-block-list\">\n<li>Caramelle e toffee: per creare una caramella al caramello, unisci semplicemente lo zucchero e l&#039;acqua e scalda fino a formare una miscela solida e densa.<\/li>\n\n\n\n<li>Cioccolato: le caramelle al cioccolato sono dolci fatti interamente di cioccolato o che contengono cioccolato in qualche modo.<\/li>\n\n\n\n<li>Caramelle dure: le caramelle dure, spesso conosciute come caramelle bollite, hanno un tasso di dissoluzione in bocca pi\u00f9 lento.<\/li>\n\n\n\n<li>Lecca-lecca: tipo di caramelle dure che si trovano su un bastoncino.<\/li>\n\n\n\n<li>Liquirizia: caramelle semimorbide nere, rosse o bianche con aroma di liquirizia.<\/li>\n\n\n\n<li>Caramelle gommose: le caramelle gommose sono caramelle gommose a base di gelatina che possono essere presentate in varie forme, colori e sapori.<\/li>\n\n\n\n<li>Gomme da masticare: la gomma da masticare, spesso conosciuta come gomma da masticare, \u00e8 un tipo di caramella masticabile<\/li>\n\n\n\n<li>Zucchero filato: lo zucchero filato, un alimento base nelle fiere e nei parchi di divertimento, \u00e8 preparato interamente con zucchero.<\/li>\n<\/ul>\n\n\n\n<h2 class=\"wp-block-heading\">Driver di mercato nel settore delle caramelle<\/h2>\n\n\n\n<figure class=\"gb-block-image gb-block-image-16bd4f22\"><img loading=\"lazy\" decoding=\"async\" width=\"1456\" height=\"816\" class=\"gb-image gb-image-16bd4f22\" src=\"https:\/\/www.sisinternational.com\/wp-content\/uploads\/2025\/08\/Candy-2.jpg\" alt=\"Ricerca e strategia di mercato internazionale SIS\" title=\"Candy (2)\" srcset=\"https:\/\/www.sisinternational.com\/wp-content\/uploads\/2025\/08\/Candy-2.jpg 1456w, https:\/\/www.sisinternational.com\/wp-content\/uploads\/2025\/08\/Candy-2-300x168.jpg 300w, https:\/\/www.sisinternational.com\/wp-content\/uploads\/2025\/08\/Candy-2-1024x574.jpg 1024w, https:\/\/www.sisinternational.com\/wp-content\/uploads\/2025\/08\/Candy-2-768x430.jpg 768w, https:\/\/www.sisinternational.com\/wp-content\/uploads\/2025\/08\/Candy-2-18x10.jpg 18w\" sizes=\"auto, (max-width: 1456px) 100vw, 1456px\"><\/figure>\n\n\n\n<p><\/p>\n\n\n\n<h3 class=\"wp-block-heading\">Aumento delle richieste a livello globale<\/h3>\n\n\n\n<p>Data and strategies in the candy industry shows the rising demand for candy products worldwide, especially during festive seasons. This is expected to drive the <a href=\"https:\/\/www.sisinternational.com\/it\/compagnie-aeree-low-cost-nel-settore-dellaviazione\/\" title=\"Ricerche di mercato sulle compagnie aeree low cost\"  data-wpil-monitor-id=\"8608\">global candy market<\/a> to record significant growth throughout the forecast period. This is because candy products are recognized as seasonal and associated with celebrations. Several large corporations have begun looking into the candy industry as a potential investment opportunity. The large selection of candies available has contributed to a rise in demand for sweets all across the world.<\/p>\n\n\n\n<h3 class=\"wp-block-heading\">Disponibilit\u00e0 di vari tipi di caramelle nel settore<\/h3>\n\n\n\n<p>Le ricerche di mercato delle caramelle forniscono informazioni sulla disponibilit\u00e0 di varie caramelle e sulle preferenze dei consumatori. Gli acquirenti sono pi\u00f9 propensi a fare acquisti impulsivi. Ci\u00f2 ha contribuito alla popolarit\u00e0 di caramelle di tutti i tipi, comprese le variet\u00e0 al cioccolato e non al cioccolato. Le vendite di dolciumi sono salite alle stelle in tutto il mondo a causa del cambiamento dei gusti dei consumatori, soprattutto nei mercati emergenti.<\/p>\n\n\n\n<h3 class=\"wp-block-heading\">Aumento del desiderio di dolcetti al cioccolato<\/h3>\n\n\n\n<p>Il cioccolato ha dominato il mercato delle caramelle a causa della sua enorme popolarit\u00e0 e dei benefici per la salute percepiti nel mangiarlo. Questo tipo di caramelle \u00e8 un favorito perenne di qualsiasi et\u00e0 e spettro sociale. L\u2019aroma presente nel cioccolato \u00e8 stato collegato a vari benefici per la salute, tra cui la riduzione dei tassi di mortalit\u00e0 e l\u2019attenuazione dei sintomi associati a condizioni come depressione e stress. Inoltre, l\u2019alto contenuto di cacao del cioccolato fondente fornisce benefici per la salute come il sostegno del flusso sanguigno e il miglioramento della funzione vascolare nel corpo umano.<\/p>\n\n\n\n<h3 class=\"wp-block-heading\">In aumento l\u2019acquisto di dolci senza zucchero<\/h3>\n\n\n\n<p>A causa delle crescenti preoccupazioni sull\u2019obesit\u00e0 e sul diabete, negli ultimi anni le caramelle senza zucchero sono diventate sempre pi\u00f9 popolari. \u00c8 stato segnalato un numero maggiore di individui che hanno avuto una corsa allo zucchero dopo aver consumato cioccolatini ad alto contenuto di zucchero. Ci\u00f2 ha portato ad un corrispondente aumento della domanda di caramelle senza zucchero. La crescente popolarit\u00e0 delle caramelle senza zucchero \u00e8 un fattore importante che pu\u00f2 dare impulso all&#039;industria mondiale delle caramelle.<\/p>\n\n\n\n<h2 class=\"wp-block-heading\">Le ricerche di mercato forniscono approfondimenti sul settore delle caramelle<\/h2>\n\n\n\n<figure class=\"gb-block-image gb-block-image-82b670d7\"><img loading=\"lazy\" decoding=\"async\" width=\"1456\" height=\"816\" class=\"gb-image gb-image-82b670d7\" src=\"https:\/\/www.sisinternational.com\/wp-content\/uploads\/2025\/08\/Candy-3.jpg\" alt=\"Ricerca e strategia di mercato internazionale SIS\" title=\"Candy (3)\" srcset=\"https:\/\/www.sisinternational.com\/wp-content\/uploads\/2025\/08\/Candy-3.jpg 1456w, https:\/\/www.sisinternational.com\/wp-content\/uploads\/2025\/08\/Candy-3-300x168.jpg 300w, https:\/\/www.sisinternational.com\/wp-content\/uploads\/2025\/08\/Candy-3-1024x574.jpg 1024w, https:\/\/www.sisinternational.com\/wp-content\/uploads\/2025\/08\/Candy-3-768x430.jpg 768w, https:\/\/www.sisinternational.com\/wp-content\/uploads\/2025\/08\/Candy-3-18x10.jpg 18w\" sizes=\"auto, (max-width: 1456px) 100vw, 1456px\"><\/figure>\n\n\n\n<p><\/p>\n\n\n\n<p>The report examines the various aspects of the candy industry that can impact or slow down its growth. Below are some of the data and <a href=\"https:\/\/www.sisinternational.com\/it\/sviluppo-della-citta-di-hartford-nel-connecticut\/\" title=\"Ricerche di mercato a Hartford, Connecticut\"  data-wpil-monitor-id=\"8609\">strategies<\/a> in the candy industry that are included in the market research:<\/p>\n\n\n\n<ul class=\"wp-block-list\">\n<li>Valutazione dell\u2019attuale situazione del mercato, comprese le attivit\u00e0 di mercato localizzate<\/li>\n\n\n\n<li>Ultimi sviluppi e modelli nei diversi settori dell&#039;industria delle caramelle<\/li>\n\n\n\n<li>Scenario aziendale nel mercato e approcci dei principali attori<\/li>\n\n\n\n<li>Scoprire potenziali aree in cui la crescita ha un potenziale significativo<\/li>\n\n\n\n<li>Confronto del valore finanziario passato, presente e futuro del mercato per l&#039;analisi strategica<\/li>\n\n\n\n<li>Detailed and customized <a href=\"https:\/\/www.sisinternational.com\/it\/competenza\/industrie\/ricerca-sul-prodotto\/\" title=\"Ricerca sul prodotto\"  data-wpil-monitor-id=\"8613\">research about the production<\/a> and growth in the candy industry<\/li>\n\n\n\n<li>Analisi del movimento e della distribuzione dei prodotti dolciari, comprese l&#039;importazione e l&#039;esportazione<\/li>\n\n\n\n<li>Impact of the changes in the candy <a href=\"https:\/\/www.sisinternational.com\/it\/soluzioni\/ricerca-di-consulenza-strategica-fintech\/ricerca-di-mercato-del-trading-algoritmico\/\" title=\"Ricerche di mercato sul trading algoritmico\"  data-wpil-monitor-id=\"8614\">market regulations and trade<\/a> policies<\/li>\n\n\n\n<li>Comprendere i recenti sviluppi nel settore delle caramelle e i vari lanci di prodotti<\/li>\n<\/ul>\n\n\n\n<h2 class=\"wp-block-heading\">Informazioni sulla ricerca di mercato delle caramelle<\/h2>\n\n\n\n<p>The candy market research provides a strategic analysis of the industry&#8217;s most prominent players, as well as data on the micro and macro markets. Together with the gathered data on the business outlook and a review of the market as a whole, the <a href=\"https:\/\/www.sisinternational.com\/it\/competenza\/industrie\/ricerche-di-mercato-industriali\/\" title=\"Ricerca e strategia di mercato industriale\"  data-wpil-monitor-id=\"8610\">market research provides insights into the industry&#8217;s<\/a> trends in the forecasted time period.<\/p>\n\n\n\n<p>The candy market research is professionally done and comprehensive, covering such topics as primary market drivers, <a href=\"https:\/\/www.sisinternational.com\/it\/soluzioni\/soluzioni-di-branding-e-ricerca-clienti\/ricerche-di-mercato-per-test-di-prodotto\/degustazione-di-cibo-sis-internationals\/\" title=\"Cosa rende SIS International Research la MIGLIORE societ\u00e0 di ricerche di mercato per i test del gusto alimentare a New York City\"  data-wpil-monitor-id=\"8615\">market share of top<\/a> key players, top market categories, and regional breakdowns based on specific factors. The research also examines the industry&#8217;s leading figures, the most significant partnerships, mergers, and acquisitions, the most cutting-edge technologies, and the widely adopted business practices.<\/p>","protected":false},"excerpt":{"rendered":"<p>La ricerca di mercato delle caramelle fornisce approfondimenti sul panorama del marketing e sulle strategie delle aziende dolciarie pi\u00f9 famose.<\/p>","protected":false},"author":1,"featured_media":63935,"parent":14514,"menu_order":198,"comment_status":"closed","ping_status":"closed","template":"","meta":{"footnotes":""},"class_list":["post-41776","page","type-page","status-publish","has-post-thumbnail"],"_links":{"self":[{"href":"https:\/\/www.sisinternational.com\/it\/wp-json\/wp\/v2\/pages\/41776","targetHints":{"allow":["GET"]}}],"collection":[{"href":"https:\/\/www.sisinternational.com\/it\/wp-json\/wp\/v2\/pages"}],"about":[{"href":"https:\/\/www.sisinternational.com\/it\/wp-json\/wp\/v2\/types\/page"}],"author":[{"embeddable":true,"href":"https:\/\/www.sisinternational.com\/it\/wp-json\/wp\/v2\/users\/1"}],"replies":[{"embeddable":true,"href":"https:\/\/www.sisinternational.com\/it\/wp-json\/wp\/v2\/comments?post=41776"}],"version-history":[{"count":4,"href":"https:\/\/www.sisinternational.com\/it\/wp-json\/wp\/v2\/pages\/41776\/revisions"}],"predecessor-version":[{"id":81445,"href":"https:\/\/www.sisinternational.com\/it\/wp-json\/wp\/v2\/pages\/41776\/revisions\/81445"}],"up":[{"embeddable":true,"href":"https:\/\/www.sisinternational.com\/it\/wp-json\/wp\/v2\/pages\/14514"}],"wp:featuredmedia":[{"embeddable":true,"href":"https:\/\/www.sisinternational.com\/it\/wp-json\/wp\/v2\/media\/63935"}],"wp:attachment":[{"href":"https:\/\/www.sisinternational.com\/it\/wp-json\/wp\/v2\/media?parent=41776"}],"curies":[{"name":"wp","href":"https:\/\/api.w.org\/{rel}","templated":true}]}}