{"id":41766,"date":"2023-03-15T17:44:05","date_gmt":"2023-03-15T21:44:05","guid":{"rendered":"https:\/\/www.sisinternational.com\/?page_id=41766"},"modified":"2026-03-12T19:59:05","modified_gmt":"2026-03-12T23:59:05","slug":"ricerche-di-mercato-per-il-monitoraggio-del-marchio","status":"publish","type":"page","link":"https:\/\/www.sisinternational.com\/it\/soluzioni\/soluzioni-di-branding-e-ricerca-clienti\/ricerche-di-mercato-per-il-monitoraggio-del-marchio\/","title":{"rendered":"Ricerche di mercato sul monitoraggio del marchio"},"content":{"rendered":"<h1 class=\"wp-block-heading\">Ricerche di mercato sul monitoraggio del marchio<\/h1>\n\n\n\n<figure class=\"gb-block-image gb-block-image-f2e18b77\"><img loading=\"lazy\" decoding=\"async\" width=\"1456\" height=\"816\" class=\"gb-image gb-image-f2e18b77\" src=\"https:\/\/www.sisinternational.com\/wp-content\/uploads\/2025\/08\/Marketing-45-3.jpg\" alt=\"Ricerca e strategia di mercato internazionale SIS\" title=\"Marketing 45 (3)\" srcset=\"https:\/\/www.sisinternational.com\/wp-content\/uploads\/2025\/08\/Marketing-45-3.jpg 1456w, https:\/\/www.sisinternational.com\/wp-content\/uploads\/2025\/08\/Marketing-45-3-300x168.jpg 300w, https:\/\/www.sisinternational.com\/wp-content\/uploads\/2025\/08\/Marketing-45-3-1024x574.jpg 1024w, https:\/\/www.sisinternational.com\/wp-content\/uploads\/2025\/08\/Marketing-45-3-768x430.jpg 768w, https:\/\/www.sisinternational.com\/wp-content\/uploads\/2025\/08\/Marketing-45-3-18x10.jpg 18w\" sizes=\"auto, (max-width: 1456px) 100vw, 1456px\"><\/figure>\n\n\n\n<hr class=\"wp-block-separator has-alpha-channel-opacity is-style-dots\"\/>\n\n\n\n<p>Costruire e mantenere un marchio di grande impatto \u00e8 fondamentale per il successo nel complesso clima economico di oggi. Tuttavia, pu\u00f2 essere difficile per le aziende comprendere come i clienti vedono il proprio marchio e come migliorare le proprie tattiche di branding nel lungo termine.<\/p>\n\n\n\n<p>\u00c8 qui che la ricerca di mercato sul monitoraggio del marchio gioca un ruolo fondamentale. \u00c8 fondamentale raccogliere dati sul riconoscimento, il posizionamento, l\u2019equit\u00e0 e la fedelt\u00e0 del marchio, tra gli altri elementi. Valutando queste informazioni, le aziende possono prendere decisioni informate riguardo alle proprie strategie di branding e aumentare le prestazioni del proprio marchio nel tempo.<\/p>\n\n\n\n<h2 class=\"wp-block-heading\">Che cos&#039;\u00e8 la ricerca di mercato sul monitoraggio del marchio?<\/h2>\n\n\n\n<p><a href=\"https:\/\/www.sisinternational.com\/it\/garantire-che-i-clienti-ricordino-il-tuo-messaggio\/\" title=\"Ricerche di mercato sull&#039;attivazione del marchio\"  data-wpil-monitor-id=\"2285\">Brand tracking market research<\/a> helps businesses monitor and measure the performance of their brand. It gathers data through surveys, interviews, and other forms of qualitative and quantitative research methods to assess brand awareness, perception, and the brand.<\/p>\n\n\n\n<p>Inoltre, attraverso il monitoraggio, le aziende possono identificare i cambiamenti negli atteggiamenti e nei comportamenti dei consumatori, consentendo loro di adattare le proprie strategie per rafforzare il proprio marchio e ottenere un maggiore successo.<\/p>\n\n\n\n<h2 class=\"wp-block-heading\">Importanza delle ricerche di mercato sul monitoraggio del marchio per le aziende<\/h2>\n\n\n\n<p>Le aziende possono rimanere un passo avanti rispetto alla concorrenza conducendo regolarmente ricerche di monitoraggio del marchio. Ci\u00f2 aiuta a identificare tendenze e modelli nel comportamento, nelle preferenze e negli atteggiamenti dei consumatori nei confronti del marchio, facilitando il processo decisionale e migliorando le strategie di branding.<\/p>\n\n\n\n<p>La ricerca sul monitoraggio del marchio fornisce anche informazioni preziose per identificare le aree di sottoperformance in un\u2019azienda. Ad esempio, se la ricerca di un marchio indica che i consumatori non sono consapevoli delle offerte di prodotti o servizi, l&#039;azienda pu\u00f2 sfruttare le strategie di marketing per aumentare la visibilit\u00e0 e il riconoscimento del marchio.<\/p>\n\n\n\n<p>Attraverso un attento esame dei dati raccolti, le aziende possono modificare le proprie strategie di branding in tempo reale, aumentando la probabilit\u00e0 di risultati positivi.<\/p>\n\n\n\n<h2 class=\"wp-block-heading\">Tendenze attuali delle ricerche di mercato sul monitoraggio del marchio<\/h2>\n\n\n\n<h3 class=\"wp-block-heading\">Alcune delle tendenze attuali includono:<\/h3>\n\n\n\n<p><strong>Raccolta dati digitali:<\/strong> Poich\u00e9 sempre pi\u00f9 consumatori modificano il proprio comportamento online, molte aziende stanno adottando metodi di raccolta dati digitali. Ci\u00f2 include l\u2019utilizzo di strumenti come piattaforme di social media, analisi web e sondaggi online per raccogliere informazioni sul comportamento e sulle preferenze dei consumatori.<\/p>\n\n\n\n<p><strong>Monitoraggio in tempo reale:<\/strong> Molte aziende utilizzano ora strumenti di monitoraggio in tempo reale per monitorare costantemente le prestazioni del marchio. Ci\u00f2 consente alle aziende di identificare problemi e opportunit\u00e0 in tempo reale e agire rapidamente.<\/p>\n\n\n\n<p><strong>Integrazione con l&#039;esperienza del cliente:<\/strong> In addition to tracking <a href=\"https:\/\/www.sisinternational.com\/it\/sis-ricerca-del-marchio-e-fidelizzazione-del-cliente\/\" title=\"Ricerche di mercato sui marchi e fidelizzazione dei clienti\"  data-wpil-monitor-id=\"2504\">brand performance, many businesses are now integrating brand tracking market research with customer<\/a> experience data to gain a more holistic view of the customer journey. This allows businesses to identify opportunities to improve the overall customer experience and strengthen the brand\u2019s position in the market.<\/p>\n\n\n\n<p><strong>Concentrarsi sulle connessioni emotive:<\/strong> Molte aziende si stanno ora concentrando sul monitoraggio delle connessioni emotive con il proprio marchio poich\u00e9 la ricerca mostra che i consumatori hanno maggiori probabilit\u00e0 di interagire e rimanere fedeli ai marchi con cui sentono una connessione emotiva<\/p>\n\n\n\n<p><strong>Inclusione e diversit\u00e0:<\/strong> In recent years, there has been a growing focus on inclusion and diversity. This includes ensuring that research samples are representative of diverse consumer groups, tracking metrics related to diversity and inclusion, and using <a href=\"https:\/\/www.sisinternational.com\/it\/competenza\/industrie\/ricerche-di-mercato-nel-metaverso\/\" title=\"Ricerche di mercato sul Metaverso\"  data-wpil-monitor-id=\"4785\">research insights to improve brand<\/a> messaging and marketing campaigns in a way that is inclusive and respectful of all consumers.<\/p>\n\n\n\n<h2 class=\"wp-block-heading\">L&#039;obiettivo di condurre una ricerca di mercato per il monitoraggio del marchio<\/h2>\n\n\n\n<p class=\"p1\">Condurre <a href=\"https:\/\/www.sisinternational.com\/it\/soluzioni\/soluzioni-di-branding-e-ricerca-clienti\/ricerche-di-mercato-sulla-differenziazione-del-marchio\/\" title=\"Ricerche di mercato sulla differenziazione del marchio\"  data-wpil-monitor-id=\"2859\">ricerche di mercato per il monitoraggio del marchio<\/a> offers various advantages. It assists companies in tracking the most significant key brand awareness and metrics effectively. Brand awareness metrics may include perception of loyalty and customer satisfaction, and by consistently measuring these metrics, businesses can determine if their brand strategy is effective and adjust as required.<\/p>\n\n\n\n<p class=\"p1\">The goals of conducting <a href=\"https:\/\/www.sisinternational.com\/it\/competenza\/industrie\/ricerche-di-mercato-per-marchi-in-invecchiamento\/\" title=\"Ricerche di mercato per marchi invecchiati\"  data-wpil-monitor-id=\"3713\">ricerche di mercato per il monitoraggio del marchio<\/a> can differ depending on a company&#8217;s individual needs and aims. Nevertheless, some typical objectives of such research could be:<\/p>\n\n\n\n<ul class=\"wp-block-list\">\n<li>Gain insight into consumer attitudes and opinions toward the brand. Brand <a href=\"https:\/\/www.sisinternational.com\/it\/competenza\/industrie\/ricerche-di-mercato-per-il-monitoraggio-delle-tendenze\/\" title=\"Ricerche di mercato per il monitoraggio delle tendenze\"  data-wpil-monitor-id=\"5443\">tracking market research<\/a> reveals how consumers view the brand in terms of its image and reputation, and how it measures up to competing brands.<\/li>\n\n\n\n<li>Misurare il grado di fedelt\u00e0 dei consumatori. I dati raccolti possono includere la percentuale di clienti fedeli al marchio, la frequenza dei loro acquisti di beni o servizi del marchio e la probabilit\u00e0 che consiglino il marchio ad altri.<\/li>\n\n\n\n<li>Quantificare le fluttuazioni del valore del marchio nel tempo. Nella ricerca sul monitoraggio del marchio, i dati vengono raccolti per valutare la performance finanziaria del marchio, la sua quota di mercato e la sua influenza sul mercato.<\/li>\n<\/ul>\n\n\n\n<h2 class=\"wp-block-heading p1\">Migliori pratiche per le ricerche di mercato di tracciamento del marchio<\/h2>\n\n\n\n<h3 class=\"wp-block-heading p1\">Lo svolgimento della ricerca offre una serie di vantaggi e opportunit\u00e0 per le imprese, tra cui:<\/h3>\n\n\n\n<ul class=\"wp-block-list\">\n<li>Stabilire obiettivi di ricerca chiari \u00e8 essenziale per garantire che lo studio produca risultati pratici e pertinenti. Ci\u00f2 richiede di articolare le domande esatte a cui la ricerca cerca di rispondere e i risultati desiderati che l\u2019organizzazione si aspetta di ottenere.<\/li>\n\n\n\n<li>\u00c8 fondamentale selezionare un campione rappresentativo della popolazione target. Ci\u00f2 richiede che la dimensione del campione sia sufficientemente ampia da essere statisticamente significativa e rifletta anche le caratteristiche demografiche del pubblico target.<\/li>\n\n\n\n<li>Le aziende possono ottenere preziose informazioni sull\u2019evoluzione del proprio marchio e sulla sua percezione. Raccogliendo dati a questi intervalli regolari, le aziende possono monitorare i cambiamenti nelle prestazioni del marchio.<\/li>\n\n\n\n<li>Per ottenere una panoramica completa delle prestazioni del marchio, \u00e8 importante utilizzare pi\u00f9 fonti di dati tra cui sondaggi, analisi dei social media e dati di vendita. Questo approccio consente alle aziende di corroborare i dati e ottenere una comprensione pi\u00f9 approfondita delle prestazioni del marchio.<\/li>\n\n\n\n<li>\u00c8 fondamentale mantenere la sicurezza e la riservatezza di tutti i dati raccolti nel corso dello studio di ricerca. Ci\u00f2 include l\u2019adozione di misure adeguate per impedire qualsiasi accesso non approvato ai dati e la garanzia che i dati vengano utilizzati solo per lo scopo dello studio.<\/li>\n\n\n\n<li>Brand tracking <a href=\"https:\/\/www.sisinternational.com\/it\/soluzioni\/ricerche-di-mercato-sulla-notorieta-del-marchio-b2b\/\" title=\"Ricerca di mercato sulla consapevolezza del marchio B2B\"  data-wpil-monitor-id=\"2315\">market research improves brand awareness<\/a>, therefore helping companies find out the problem areas that need attention and increasing consumer engagement and loyalty.<\/li>\n\n\n\n<li>Per ottimizzare l&#039;allocazione delle risorse per scopi di marketing e pubblicitari, le aziende possono monitorare l&#039;efficacia delle campagne nel tempo per determinare quali generano un ROI maggiore.<\/li>\n\n\n\n<li>Monitorando i cambiamenti nel comportamento e nelle preferenze dei consumatori, le aziende possono scoprire potenziali aree di crescita attraverso l\u2019innovazione o il miglioramento.<\/li>\n\n\n\n<li>By using insights gained from <a href=\"https:\/\/www.sisinternational.com\/it\/competenza\/industrie\/ricerca-di-mercato-del-marchio\/\" title=\"Ricerche di mercato sui marchi\"  data-wpil-monitor-id=\"6739\">ricerche di mercato per il monitoraggio del marchio<\/a>, businesses can make more informed and effective decisions over time. This can help to increase business efficiency and profitability and drive growth and success over the long term.<\/li>\n<\/ul>\n\n\n\n<h2 class=\"wp-block-heading\">Sfide e limiti<\/h2>\n\n\n\n<p class=\"p1\">Sebbene le ricerche di mercato relative al monitoraggio del marchio possano fornire preziose informazioni sul comportamento e sulle preferenze dei consumatori, ci sono anche diverse sfide e limitazioni di cui essere consapevoli.<span class=\"Apple-converted-space\"> Questi includono:<\/span><\/p>\n\n\n\n<ul class=\"wp-block-list\">\n<li>Il costo delle ricerche di mercato per il monitoraggio del marchio pu\u00f2 essere elevato e ci\u00f2 pu\u00f2 rappresentare una sfida per le piccole imprese che potrebbero non disporre delle risorse di bilancio per svolgere ricerche in modo coerente.<\/li>\n\n\n\n<li>Gli intervistati potrebbero provare stanchezza e apatia nei confronti delle domande troppo frequenti o monotone, con conseguente calo dei tassi di risposta e dell\u2019accuratezza dei dati.<\/li>\n\n\n\n<li>Gli intervistati potrebbero non essere in grado di offrire risposte precise o veritiere quando vengono poste domande sensibili o retrospettive, risultando in un insieme di dati sbilanciati o incompleti.<\/li>\n\n\n\n<li>Typically, during <a href=\"https:\/\/www.sisinternational.com\/it\/marca-di-pneumatici-monitorarci-germania-brasile\/\" title=\"Ricerca sul marchio dei pneumatici negli Stati Uniti, in Germania e in Brasile\"  data-wpil-monitor-id=\"6591\">branding monitoring research<\/a>, there is an emphasis on some vital branding measurements that could miss out on other factors responsible for shaping customer actions or choices.<\/li>\n\n\n\n<li>I rapidi cambiamenti sia nelle preferenze dei consumatori che nelle condizioni di mercato rendono difficile condurre ricerche di mercato efficaci e rimanere rilevanti sul mercato, le aziende devono aggiornare continuamente le proprie metodologie di ricerca e le tecniche di raccolta dei dati.<\/li>\n\n\n\n<li>Le ricerche di mercato sul monitoraggio del marchio si concentrano in genere su alcuni parametri chiave come il riconoscimento o la percezione del marchio. Anche se questo offre uno sguardo sulla performance del marchio e sul comportamento dei consumatori, potrebbe non fornire una comprensione completa di tutti i fattori rilevanti.<\/li>\n\n\n\n<li>La natura in continua evoluzione del comportamento dei consumatori rende difficile comprendere o prevedere le loro preferenze o aspettative. Per cogliere questi cambiamenti e stare al passo con le mutevoli preferenze dei consumatori, le aziende devono adattare le proprie metodologie di ricerca di mercato.<\/li>\n\n\n\n<li>Potrebbe esserci una discrepanza temporale tra il momento in cui i dati vengono raccolti e il momento in cui vengono studiati e riportati. Ci\u00f2 potrebbe rappresentare un ostacolo se le aziende necessitano di informazioni immediate sulle prestazioni del marchio.<\/li>\n\n\n\n<li>Risultati imprecisi o fuorvianti possono derivare da errori di campionamento nelle ricerche di mercato di monitoraggio del marchio che dipendono dalla metodologia selezionata. Non rappresentare adeguatamente il pubblico target attraverso il campionamento o avere pregiudizi durante la raccolta e l&#039;analisi dei dati pu\u00f2 portare a questa situazione.<\/li>\n\n\n\n<li>Man mano che i canali di marketing digitale diventano sempre pi\u00f9 diffusi, le aziende potrebbero avere difficolt\u00e0 a valutare accuratamente il successo delle loro campagne su tutti i canali, soprattutto se non hanno accesso ai dati da ciascuna fonte. Le aziende devono sviluppare metodologie per misurare e monitorare questi effetti a lungo termine, garantendo che le loro strategie di branding siano in linea con i loro obiettivi aziendali generali.<\/li>\n<\/ul>\n\n\n\n<h2 class=\"wp-block-heading\">Tendenze e considerazioni future<\/h2>\n\n\n\n<ul class=\"wp-block-list\">\n<li>Man mano che le tecnologie di intelligenza artificiale e apprendimento automatico continuano ad evolversi e diventano pi\u00f9 avanzate, vengono sfruttate per analizzare set di dati pi\u00f9 grandi e scoprire informazioni che sarebbero difficili da rilevare per gli esseri umani. La ricerca di mercato sul monitoraggio del marchio pu\u00f2 essere notevolmente migliorata da queste tecnologie poich\u00e9 sono in grado di rilevare modelli e tendenze che altrimenti potrebbero passare inosservati utilizzando i metodi di ricerca tradizionali.<\/li>\n\n\n\n<li>Il monitoraggio degli indicatori chiave di prestazione (KPI) di un marchio e delle percezioni dei consumatori nel tempo consente alle aziende di prendere decisioni informate e ottimizzare i propri sforzi di branding.<\/li>\n\n\n\n<li>L\u2019importanza dei social media \u00e8 innegabile. Piattaforme come Facebook, Twitter e Instagram stanno diventando determinanti nella crescita e nella promozione di un marchio. Attraverso le ricerche di mercato, le aziende possono scoprire come viene percepito il loro marchio sui social network e determinare modi per migliorare la loro presenza sui social media.<\/li>\n\n\n\n<li>Man mano che i consumatori diventano pi\u00f9 consapevoli dei dati raccolti dalle aziende, le preoccupazioni sulla privacy e sulla sicurezza dei dati potrebbero aumentare. Le aziende che conducono ricerche di mercato sul monitoraggio del marchio dovrebbero essere trasparenti sui metodi di raccolta dei dati e implementare misure proattive per preservare la privacy dei consumatori.<\/li>\n\n\n\n<li>Le aziende devono essere in grado di agire rapidamente e rispondere al feedback dei clienti. Pertanto, richiedono informazioni aggiornate e in tempo reale sulle prestazioni del marchio. Per garantire ci\u00f2, \u00e8 necessario utilizzare strumenti di ricerca specializzati e tecniche di analisi dei dati per fornire informazioni quasi istantanee.<\/li>\n\n\n\n<li>By combining artificial intelligence (AI), machine learning (ML), and big data analytics, companies can improve the efficiency and accuracy of collecting, analyzing, and interpreting data. <\/li>\n\n\n\n<li>Il valore dello scopo del marchio \u00e8 diventato sempre pi\u00f9 evidente, poich\u00e9 i consumatori cercano marchi che riflettano i propri valori e dimostrino l\u2019intenzione di avere un impatto maggiore rispetto alla semplice ricerca di un guadagno finanziario.<\/li>\n\n\n\n<li>La sostenibilit\u00e0 e la responsabilit\u00e0 sociale diventeranno pi\u00f9 significative in futuro. Il monitoraggio e la gestione dell\u2019impatto ambientale e sociale di un marchio sta diventando sempre pi\u00f9 significativo poich\u00e9 i consumatori danno priorit\u00e0 a questi fattori quando prendono decisioni di acquisto.<\/li>\n\n\n\n<li>La versatilit\u00e0 delle ricerche di mercato relative al monitoraggio del marchio sta portando a una sua maggiore adozione in vari settori. Le aziende di tutti i settori si stanno rendendo conto dell&#039;importanza di comprendere le prestazioni del proprio marchio. Lo sviluppo di metodologie innovative di tracciamento del marchio e la condivisione delle migliori pratiche sar\u00e0 raggiunto attraverso la collaborazione tra le imprese.<\/li>\n<\/ul>\n\n\n\n<p>SIS International offre ricerca quantitativa, qualitativa e strategica. Forniamo dati, strumenti, strategie, report e approfondimenti per il processo decisionale. Conduciamo interviste, sondaggi, focus group e molti altri metodi e approcci di ricerca di mercato. Contattaci per il tuo prossimo progetto di ricerca di mercato.<\/p>\n\n\n\n<p><\/p>","protected":false},"excerpt":{"rendered":"<p>Le ricerche di mercato relative al monitoraggio del marchio aiutano i marchi aziendali conducendo sondaggi, interviste e metodi di ricerca qualitativi e quantitativi.<\/p>","protected":false},"author":1,"featured_media":62846,"parent":14650,"menu_order":196,"comment_status":"closed","ping_status":"closed","template":"","meta":{"footnotes":""},"class_list":["post-41766","page","type-page","status-publish","has-post-thumbnail"],"_links":{"self":[{"href":"https:\/\/www.sisinternational.com\/it\/wp-json\/wp\/v2\/pages\/41766","targetHints":{"allow":["GET"]}}],"collection":[{"href":"https:\/\/www.sisinternational.com\/it\/wp-json\/wp\/v2\/pages"}],"about":[{"href":"https:\/\/www.sisinternational.com\/it\/wp-json\/wp\/v2\/types\/page"}],"author":[{"embeddable":true,"href":"https:\/\/www.sisinternational.com\/it\/wp-json\/wp\/v2\/users\/1"}],"replies":[{"embeddable":true,"href":"https:\/\/www.sisinternational.com\/it\/wp-json\/wp\/v2\/comments?post=41766"}],"version-history":[{"count":12,"href":"https:\/\/www.sisinternational.com\/it\/wp-json\/wp\/v2\/pages\/41766\/revisions"}],"predecessor-version":[{"id":80318,"href":"https:\/\/www.sisinternational.com\/it\/wp-json\/wp\/v2\/pages\/41766\/revisions\/80318"}],"up":[{"embeddable":true,"href":"https:\/\/www.sisinternational.com\/it\/wp-json\/wp\/v2\/pages\/14650"}],"wp:featuredmedia":[{"embeddable":true,"href":"https:\/\/www.sisinternational.com\/it\/wp-json\/wp\/v2\/media\/62846"}],"wp:attachment":[{"href":"https:\/\/www.sisinternational.com\/it\/wp-json\/wp\/v2\/media?parent=41766"}],"curies":[{"name":"wp","href":"https:\/\/api.w.org\/{rel}","templated":true}]}}