{"id":41732,"date":"2023-03-14T20:35:18","date_gmt":"2023-03-15T00:35:18","guid":{"rendered":"https:\/\/www.sisinternational.com\/?page_id=41732"},"modified":"2026-01-27T16:50:38","modified_gmt":"2026-01-27T21:50:38","slug":"ricerche-di-mercato-sui-servizi-finanziari-in-asia","status":"publish","type":"page","link":"https:\/\/www.sisinternational.com\/it\/soluzioni\/ricerca-di-consulenza-strategica-fintech\/ricerche-di-mercato-sui-servizi-finanziari-in-asia\/","title":{"rendered":"Ricerche di mercato sui servizi finanziari in Asia"},"content":{"rendered":"<h1 class=\"wp-block-heading\">Ricerche di mercato sui servizi finanziari in Asia<\/h1>\n\n\n\n<figure class=\"gb-block-image gb-block-image-2f219019\"><img loading=\"lazy\" decoding=\"async\" width=\"1456\" height=\"816\" class=\"gb-image gb-image-2f219019\" src=\"https:\/\/www.sisinternational.com\/wp-content\/uploads\/2025\/10\/Asia-Financial-Services-3.jpg\" alt=\"Ricerca e strategia di mercato internazionale SIS\" title=\"Asia Financial Services (3)\" srcset=\"https:\/\/www.sisinternational.com\/wp-content\/uploads\/2025\/10\/Asia-Financial-Services-3.jpg 1456w, https:\/\/www.sisinternational.com\/wp-content\/uploads\/2025\/10\/Asia-Financial-Services-3-300x168.jpg 300w, https:\/\/www.sisinternational.com\/wp-content\/uploads\/2025\/10\/Asia-Financial-Services-3-1024x574.jpg 1024w, https:\/\/www.sisinternational.com\/wp-content\/uploads\/2025\/10\/Asia-Financial-Services-3-768x430.jpg 768w, https:\/\/www.sisinternational.com\/wp-content\/uploads\/2025\/10\/Asia-Financial-Services-3-18x10.jpg 18w\" sizes=\"auto, (max-width: 1456px) 100vw, 1456px\"><\/figure>\n\n\n\n<p><\/p>\n\n\n\n<hr class=\"wp-block-separator has-alpha-channel-opacity\"\/>\n\n\n\n<p>Asia financial services market research has undergone major changes in recent years, driven by new markets, technological advances, and evolving customer expectations. Now, if companies want to stay ahead of the curve and meet their customers&#8217; needs, conducting research is essential.<\/p>\n\n\n\n<p>With in-depth research, global companies can understand the Asian financial markets and dramatically increase their chances of success.<\/p>\n\n\n\n<h2 class=\"wp-block-heading\"><strong>Comprendere le ricerche di mercato dei servizi finanziari in Asia<\/strong><\/h2>\n\n\n\n<p><span style=\"font-weight: 400;\">Asia financial services <a href=\"https:\/\/www.linkedin.com\/pulse\/how-market-research-enables-growth-ruth-stanat-phekf\/\" target=\"_blank\" rel=\"noopener\">ricerca di mercato<\/a> provides a comprehensive understanding of market dynamics, including economic growth patterns, consumer behavior, and regulatory environments across Asian countries. Moreover, this research identifies growth opportunities within the Asian financial <a href=\"https:\/\/www.sisinternational.com\/it\/competenza\/industrie\/q-ricerche-di-mercato-commerciali\/\" title=\"Ricerche di mercato Q-Commerce\" data-wpil-monitor-id=\"4839\">Servizi<\/a> sector such as underserved market segments, potential for new product offerings, and areas ripe for technological innovation.<\/span><\/p>\n\n\n\n<h2 class=\"wp-block-heading\"><strong>Quali sono i vantaggi delle ricerche di mercato sui servizi finanziari in Asia?<\/strong><\/h2>\n\n\n\n<figure class=\"wp-block-image\"><img decoding=\"async\" src=\"https:\/\/www.sisinternational.com\/wp-content\/uploads\/2024\/04\/Asia-eCommerce-Consulting.jpg\" alt=\"Consulenza sull&#039;e-commerce in Asia\" class=\"wp-image-47535\"\/><\/figure>\n\n\n\n<p><\/p>\n\n\n\n<p><span style=\"font-weight: 400;\">The benefits of engaging in Asia <a class=\"wpil_keyword_link\" href=\"https:\/\/www.sisinternational.com\/it\/soluzioni\/ricerca-di-consulenza-strategica-fintech\/ricerche-di-mercato-sui-servizi-finanziari\/\" title=\"Ricerche di mercato sui servizi finanziari\" data-wpil-keyword-link=\"linked\" data-wpil-monitor-id=\"718\">ricerche di mercato sui servizi finanziari<\/a> are substantial, especially for businesses looking to enter or expand their presence in this dynamic region. Here\u2019s a detailed look at the advantages:<\/span><\/p>\n\n\n\n<p><b>\u2022 Decisioni informate sull&#039;ingresso nel mercato e sull&#039;espansione<\/b>: This <a href=\"https:\/\/www.sisinternational.com\/it\/competenza\/industrie\/ricerche-di-mercato-sul-vuoto\/\" title=\"Ricerche di mercato sul vuoto\" data-wpil-monitor-id=\"4860\">ricerca<\/a> provides critical insights into various Asian markets, enabling businesses to make informed decisions about market entry and expansion strategies.<\/span><\/p>\n\n\n\n<p><b>\u2022 Identificazione delle opportunit\u00e0 emergenti<\/b><span style=\"font-weight: 400;\">: Asia&#8217;s financial markets are rapidly evolving, and this research helps identify emerging trends and opportunities. Businesses can tap into new segments, innovate product offerings, and stay ahead of the competition.<\/span><\/p>\n\n\n\n<p><b>\u2022 Sviluppo del prodotto incentrato sul cliente<\/b>: Deep insights into <a href=\"https:\/\/www.sisinternational.com\/it\/servizi-di-ricerca-sulla-segmentazione-del-mercato\/\" title=\"Servizi di ricerca sulla segmentazione del mercato\" data-wpil-monitor-id=\"2497\">consumatore<\/a> behavior and preferences in different Asian markets enable businesses to develop customer-centric financial products and services, increasing the likelihood of market acceptance and success.<\/span><\/p>\n\n\n\n<p><b>\u2022 Adattamento alle tendenze tecnologiche<\/b>: Asia financial <a href=\"https:\/\/www.sisinternational.com\/it\/soluzioni\/soluzioni-di-ricerca-quantitativa-qualitativa\/ricerche-di-mercato-dei-servizi-sul-campo\/\" title=\"Ricerche di mercato sui servizi sul campo\" data-wpil-monitor-id=\"4520\">services market research<\/a> provides insights into the technological advancements shaping the industry such as fintech innovations and digital banking trends. Businesses can use this information to adapt to or lead in technological adoption.<\/span><\/p>\n\n\n\n<p><b>\u2022 Partenariati e collaborazioni strategiche<\/b><span style=\"font-weight: 400;\">: Questa ricerca pu\u00f2 identificare potenziali opportunit\u00e0 di partnership con attori locali o regionali, che possono essere cruciali per affrontare le complessit\u00e0 dei mercati asiatici.<\/span><\/p>\n\n\n\n<h2 class=\"wp-block-heading\">Ricerca di mercato sui servizi finanziari in Asia: perch\u00e9 \u00e8 importante?<\/h2>\n\n\n\n<p>The Asian financial services landscape is dynamic and rapidly growing, encompassing a wide variety of sectors like banking, insurance, asset management, and fintech. At the same time, it possesses a rising population and a rapidly growing middle class, making Asian financial markets attractive to financial institutions and investors seeking growth prospects.<\/p>\n\n\n\n<p>Questo mercato \u00e8 noto anche per il suo alto grado di innovazione e per l\u2019adozione di tecnologie all\u2019avanguardia come pagamenti mobili, servizi bancari digitali e blockchain. Tuttavia, il settore asiatico dei servizi finanziari \u00e8 molto competitivo e si trova ad affrontare numerose questioni come il cambiamento delle normative, i rischi geopolitici e il cambiamento delle preferenze dei clienti.<\/p>\n\n\n\n<p>Therefore, companies must conduct regular <a href=\"https:\/\/www.sisinternational.com\/it\/opportunita-di-mercato-nel-sud-est-asiatico\/\" title=\"Ricerca sulle opportunit\u00e0 di mercato nel sud-est asiatico\" data-wpil-monitor-id=\"2475\">Asia financial services market research<\/a> to stay ahead of developments and capitalize on new opportunities. This helps them identify and respond to the latest customer demands and preferences, enabling businesses to remain ahead of the competition.<\/p>\n\n\n\n<h2 class=\"wp-block-heading\">Ricerca di mercato sui servizi finanziari in Asia: principali fattori di crescita<\/h2>\n\n\n\n<p>The Asian financial services industry is experiencing a rapid and substantial expansion in countries such as India, Indonesia, and Vietnam playing an essential role in driving this expansion \u2013 and some of the key drivers are:<\/p>\n\n\n\n<p>\u2022 The proliferation of digital technology and the emergence of forward-thinking financial products and services such as mobile banking and digital payments. This advancement in technology is promoting financial inclusion and allowing more individuals to access financial services.<\/p>\n\n\n\n<p>\u2022 La crescente necessit\u00e0 di una finanza sostenibile \u00e8 diventata sempre pi\u00f9 evidente. Promuove la crescita economica preservando allo stesso tempo l\u2019ambiente e il benessere sociale.<\/p>\n\n\n\n<p>\u2022 Attualmente in Asia \u00e8 in corso un processo di modernizzazione della regolamentazione, che aumenta l&#039;innovazione e la concorrenza.<\/p>\n\n\n\n<h2 class=\"wp-block-heading\">Mercati principali<\/h2>\n\n\n\n<figure class=\"gb-block-image gb-block-image-a402cb54\"><img loading=\"lazy\" decoding=\"async\" width=\"1456\" height=\"816\" class=\"gb-image gb-image-a402cb54\" src=\"https:\/\/www.sisinternational.com\/wp-content\/uploads\/2025\/10\/Asia-Financial-Services-1.jpg\" alt=\"Ricerca e strategia di mercato internazionale SIS\" title=\"Asia Financial Services (1)\" srcset=\"https:\/\/www.sisinternational.com\/wp-content\/uploads\/2025\/10\/Asia-Financial-Services-1.jpg 1456w, https:\/\/www.sisinternational.com\/wp-content\/uploads\/2025\/10\/Asia-Financial-Services-1-300x168.jpg 300w, https:\/\/www.sisinternational.com\/wp-content\/uploads\/2025\/10\/Asia-Financial-Services-1-1024x574.jpg 1024w, https:\/\/www.sisinternational.com\/wp-content\/uploads\/2025\/10\/Asia-Financial-Services-1-768x430.jpg 768w, https:\/\/www.sisinternational.com\/wp-content\/uploads\/2025\/10\/Asia-Financial-Services-1-18x10.jpg 18w\" sizes=\"auto, (max-width: 1456px) 100vw, 1456px\"><\/figure>\n\n\n\n<p><\/p>\n\n\n\n<p>Il mercato asiatico dei servizi finanziari offre numerose prospettive espansive per le organizzazioni finanziarie e il fintech. Attualmente, alcuni dei mercati finanziari in pi\u00f9 rapida crescita includono:<\/p>\n\n\n\n<p><strong>\u2022 Cina:<\/strong> China&#8217;s financial services market is the most formidable in Asia, reflecting its rapidly expanding economy and growing demand for financial services.&nbsp;<\/p>\n\n\n\n<p><strong>\u2022 Giappone:<\/strong> Japan&#8217;s financial services industry is one of the most advanced in Asia, emphasizing asset management, insurance, and banking.&nbsp;<\/p>\n\n\n\n<p><strong>\u2022 India:<\/strong> Il settore dei servizi finanziari in India sta vivendo una crescita esponenziale, guidata dalla significativa crescita della popolazione e dall&#039;aumento della domanda di servizi finanziari.<\/p>\n\n\n\n<p><strong>\u2022 Sud-est asiatico<\/strong>: I mercati dei servizi finanziari in tutto il Sud-Est asiatico sono in rapida espansione, guidati da una popolazione esperta di tecnologia e da una classe media in forte espansione. Il settore finanziario della regione \u00e8 guidato dai principali istituti bancari e rafforzato dalla presenza di partecipanti fintech emergenti. Indonesia, Malesia, Filippine, Singapore, Tailandia e Vietnam contribuiscono tutti a questo fenomeno.<\/p>\n\n\n\n<h2 class=\"wp-block-heading\"><strong>Risultati attesi dalla ricerca di mercato dei servizi finanziari in Asia<\/strong><\/h2>\n\n\n\n<p><span style=\"font-weight: 400;\">When engaging in Asia <a href=\"https:\/\/www.sisinternational.com\/it\/soluzioni\/ricerca-di-consulenza-strategica-fintech\/ricerche-di-mercato-nel-settore-dei-servizi-finanziari\/\" title=\"Ricerche di mercato nel settore dei servizi finanziari\" data-wpil-monitor-id=\"4549\">ricerche di mercato sui servizi finanziari<\/a>, there are specific insights and outcomes that businesses can anticipate as this research is tailored to provide a deep understanding of the Asian financial market&#8217;s unique characteristics and opportunities.&nbsp;<\/span><\/p>\n\n\n\n<p><b>Analisi dettagliata dei comportamenti dei consumatori<\/b><span style=\"font-weight: 400;\">: <\/span><span style=\"font-weight: 400;\">Questa ricerca fornisce approfondimenti sui comportamenti, le preferenze e gli atteggiamenti dei consumatori nei confronti di prodotti e servizi finanziari in diversi mercati asiatici.<\/span><\/p>\n\n\n\n<p><b>Valutazione dell&#039;ambiente normativo<\/b><span style=\"font-weight: 400;\">: <\/span><span style=\"font-weight: 400;\">A critical component is evaluating the regulatory environment in various Asian countries. This includes understanding regulatory challenges, compliance requirements, and potential impacts on business operations.<\/span><\/p>\n\n\n\n<p><b>Identificazione di opportunit\u00e0 di crescita<\/b>: Asia financial <a href=\"https:\/\/www.sisinternational.com\/it\/competenza\/industrie\/ricerche-di-mercato-sui-servizi-ambientali\/\" title=\"Ricerche di mercato sui servizi ambientali\" data-wpil-monitor-id=\"4838\">services market research<\/a> highlights specific areas of growth and opportunity within the Asian financial services sector such as emerging market segments, untapped consumer bases, or innovative product offerings.<\/span><\/p>\n\n\n\n<p><b>Tendenze della trasformazione digitale<\/b><span style=\"font-weight: 400;\">: <\/span><span style=\"font-weight: 400;\">Considerata la leadership dell\u2019Asia nei servizi finanziari digitali, la ricerca copre le tendenze attuali nel settore bancario digitale, nelle innovazioni fintech e nell\u2019adozione della tecnologia nel settore finanziario.<\/span><\/p>\n\n\n\n<p><b>Raccomandazioni strategiche personalizzate<\/b><span style=\"font-weight: 400;\">: <\/span><span style=\"font-weight: 400;\">Sulla base dei risultati della ricerca, le aziende ricevono consigli personalizzati su misura per navigare e trarre vantaggio dal mercato asiatico dei servizi finanziari.<\/span><\/p>\n\n\n\n<h2 class=\"wp-block-heading\"><strong>Leading Players in the Asia Financial Services Market<\/strong><\/h2>\n\n\n\n<p><span style=\"font-weight: 400;\">Nel mercato asiatico dei servizi finanziari, una serie diversificata di attori contribuisce alla vivacit\u00e0 e alla competitivit\u00e0 del settore \u2013 e comprendere questi attori chiave \u00e8 fondamentale per chiunque voglia navigare in questo mercato in modo efficace.&nbsp;<\/span><\/p>\n\n\n\n<p><b><strong>\u2022 <\/strong>Principali banche e istituzioni finanziarie<\/b><span style=\"font-weight: 400;\">: Prominent banks such as HSBC and DBS Bank are pivotal in shaping the financial landscape. These institutions often lead in market share, innovation, and service offerings.<\/span><\/p>\n\n\n\n<p><b><strong>\u2022 <\/strong>Aziende fintech<\/b><span style=\"font-weight: 400;\">: Il mercato asiatico ha visto un\u2019impennata degli operatori fintech, con aziende come Ant Financial e Paytm che hanno rivoluzionato i pagamenti digitali, i prestiti e la finanza personale.<\/span><\/p>\n\n\n\n<p><b><strong>\u2022 <\/strong>Compagnie di assicurazione<\/b><span style=\"font-weight: 400;\">: Significant insurance providers, including AIA Group and China Life Insurance, play a key role in the financial ecosystem and offer a range of insurance products and services.<\/span><\/p>\n\n\n\n<p><b><strong>\u2022 <\/strong>Organismi di regolamentazione<\/b><span style=\"font-weight: 400;\">: Le autorit\u00e0 di regolamentazione come l&#039;Autorit\u00e0 monetaria di Singapore (MAS), la Banca popolare cinese (PBOC) e il Securities and Exchange Board of India (SEBI) sono fondamentali per definire standard normativi e linee guida nel settore finanziario.<\/span><\/p>\n\n\n\n<p><b><strong>\u2022 <\/strong>Societ\u00e0 multinazionali<\/b>: Anche le societ\u00e0 finanziarie globali come JPMorgan Chase, Citibank e Goldman Sachs hanno una forte presenza in Asia, contribuendo alle dinamiche finanziarie della regione.<\/p>\n\n\n\n<h2 class=\"wp-block-heading\">Opportunit\u00e0 e sfide nelle ricerche di mercato dei servizi finanziari in Asia<\/h2>\n\n\n\n<figure class=\"gb-block-image gb-block-image-4249b8a9\"><img loading=\"lazy\" decoding=\"async\" width=\"1456\" height=\"816\" class=\"gb-image gb-image-4249b8a9\" src=\"https:\/\/www.sisinternational.com\/wp-content\/uploads\/2025\/10\/Asia-Financial-Services-2.jpg\" alt=\"Ricerca e strategia di mercato internazionale SIS\" title=\"Asia Financial Services (2)\" srcset=\"https:\/\/www.sisinternational.com\/wp-content\/uploads\/2025\/10\/Asia-Financial-Services-2.jpg 1456w, https:\/\/www.sisinternational.com\/wp-content\/uploads\/2025\/10\/Asia-Financial-Services-2-300x168.jpg 300w, https:\/\/www.sisinternational.com\/wp-content\/uploads\/2025\/10\/Asia-Financial-Services-2-1024x574.jpg 1024w, https:\/\/www.sisinternational.com\/wp-content\/uploads\/2025\/10\/Asia-Financial-Services-2-768x430.jpg 768w, https:\/\/www.sisinternational.com\/wp-content\/uploads\/2025\/10\/Asia-Financial-Services-2-18x10.jpg 18w\" sizes=\"auto, (max-width: 1456px) 100vw, 1456px\"><\/figure>\n\n\n\n<p><\/p>\n\n\n\n<p>The Asia financial <a href=\"https:\/\/www.sisinternational.com\/it\/competenza\/industrie\/ricerche-di-mercato-sui-servizi-di-comunicazione\/\" title=\"Ricerche di mercato sui servizi di comunicazione\" data-wpil-monitor-id=\"5694\">services market research<\/a> presents both challenges and opportunities, including:<\/p>\n\n\n\n<h3 class=\"wp-block-heading\">Opportunit\u00e0<\/h3>\n\n\n\n<p>\u2022 Con l&#039;espansione delle economie asiatiche, la necessit\u00e0 di servizi finanziari quali banche, assicurazioni e opportunit\u00e0 di investimento sta diventando sempre pi\u00f9 pronunciata.<\/p>\n\n\n\n<p>\u2022 La proliferazione di servizi finanziari digitali offre opportunit\u00e0 redditizie alle aziende fintech per fornire soluzioni avanzate e soddisfare le esigenze dei clienti.<\/p>\n\n\n\n<p>\u2022 L&#039;impennata della domanda di finanza sostenibile e investimenti ad impatto rappresenta un&#039;opportunit\u00e0 unica per le aziende di creare prodotti che soddisfino gli obiettivi etici dei clienti tenendo conto dei requisiti ambientali e sociali.<\/p>\n\n\n\n<p>\u2022 Partnering and joining forces can provide a unique opportunity to spur progress and widen access to financial services for people in underserved areas. Forging ties between traditional financial establishments and fintech firms in Asia can boost profits while boosting corporate social responsibility.<\/p>\n\n\n\n<h3 class=\"wp-block-heading\">Sfide<\/h3>\n\n\n\n<p>\u2022 Introducing financial services to unbanked communities has proven to be a complex challenge. Thus, it is essential to address the needs of these population segments to ensure that all have access to the resources they need.<\/p>\n\n\n\n<p>\u2022 L&#039;implementazione dei servizi finanziari digitali comporta rischi emergenti e richiede una gestione attiva, soprattutto per quanto riguarda la sicurezza informatica.<\/p>\n\n\n\n<p>\u2022 Navigating the Asia <a href=\"https:\/\/www.sisinternational.com\/it\/financial-services-consulting\/robotic-process-automation-in-financial-services\/\" title=\"Robotic Process Automation in Financial Services\" data-wpil-monitor-id=\"1067\">financial services market can be a complex process<\/a>, requiring companies to be aware of the various regulatory frameworks in place. However, understanding these regulations is essential for companies seeking to enter or expand their presence in the region.<\/p>\n\n\n\n<h2 class=\"wp-block-heading\">Prospettive future per la ricerca di mercato dei servizi finanziari in Asia<\/h2>\n\n\n\n<figure class=\"gb-block-image gb-block-image-997aee28\"><img loading=\"lazy\" decoding=\"async\" width=\"1456\" height=\"816\" class=\"gb-image gb-image-997aee28\" src=\"https:\/\/www.sisinternational.com\/wp-content\/uploads\/2025\/10\/Asia-Financial-Services-4.jpg\" alt=\"Ricerca e strategia di mercato internazionale SIS\" title=\"Asia Financial Services (4)\" srcset=\"https:\/\/www.sisinternational.com\/wp-content\/uploads\/2025\/10\/Asia-Financial-Services-4.jpg 1456w, https:\/\/www.sisinternational.com\/wp-content\/uploads\/2025\/10\/Asia-Financial-Services-4-300x168.jpg 300w, https:\/\/www.sisinternational.com\/wp-content\/uploads\/2025\/10\/Asia-Financial-Services-4-1024x574.jpg 1024w, https:\/\/www.sisinternational.com\/wp-content\/uploads\/2025\/10\/Asia-Financial-Services-4-768x430.jpg 768w, https:\/\/www.sisinternational.com\/wp-content\/uploads\/2025\/10\/Asia-Financial-Services-4-18x10.jpg 18w\" sizes=\"auto, (max-width: 1456px) 100vw, 1456px\"><\/figure>\n\n\n\n<p><\/p>\n\n\n\n<p>The emergence of several financial trends and innovations is driving the sector&#8217;s growth and development. Consequently, <a href=\"https:\/\/www.sisinternational.com\/it\/ricerche-di-mercato-nelle-citta-cinesi-di-2-livello\/\" title=\"Ricerche di mercato nelle citt\u00e0 cinesi di secondo livello\" data-wpil-monitor-id=\"7628\">Asia financial services market research<\/a> is expected to increase in the next few years. Mainly, some of the most important trends impacting the Asian financial markets are:<\/p>\n\n\n\n<p>\u2022 The rapid growth of digital transformation. The financial services landscape in <a href=\"https:\/\/www.sisinternational.com\/it\/financial-services-consulting\/financial-services-customer-satisfaction\/\" title=\"Financial Services Customer Satisfaction\" data-wpil-monitor-id=\"7497\">Asia<\/a> will continue to shift to meet customer demands, and fintech organizations are playing a crucial role in providing cutting-edge solutions to Asian consumers.<\/p>\n\n\n\n<p>\u2022 The financial services industry will remain dedicated to providing increased access to financial services for underserved populations through new technologies and strategic collaborations.&nbsp;<\/p>\n\n\n\n<p>\u2022 The increasing interest in sustainability and impact investing is forecasted to prevail. Organizations are expected to provide services that meet customers&#8217; ideals and satisfy ecological and societal requirements.<\/p>\n\n\n\n<p>\u2022 As further regulatory reforms are implemented, financial systems in Asia will modernize. This will stimulate innovation and healthy competition while protecting consumer rights and preserving the integrity of the financial sector.<\/p>\n\n\n\n<h2 class=\"wp-block-heading\">La nostra sede a New York<\/h2>\n\n\n\n<p>  <iframe loading=\"lazy\" src=\"https:\/\/www.google.com\/maps\/embed?pb=!1m18!1m12!1m3!1d3022.976188376966!2d-73.99130312499956!3d40.740549471389315!2m3!1f0!2f0!3f0!3m2!1i1024!2i768!4f13.1!3m3!1m2!1s0x89c259a15798c731%3A0xd695d09bdd495f25!2s11%20E%2022nd%20St%20FL%202%2C%20New%20York%2C%20NY%2010010%2C%20USA!5e0!3m2!1sen!2spe!4v1726171763526!5m2!1sen!2spe\" width=\"600\" height=\"450\" allowfullscreen=\"allowfullscreen\" data-mce-fragment=\"1\"><\/iframe>  <\/p>\n\n\n\n<h3 class=\"wp-block-heading\">11 E 22nd Street, piano 2, New York, NY 10010 T: +1(212) 505-6805<\/h3>\n\n\n\n<hr class=\"wp-block-separator has-alpha-channel-opacity\"\/>\n\n\n\n<h2 class=\"wp-block-heading\"><strong>A proposito di SIS Internazionale<\/strong><\/h2>\n\n\n\n<p><a href=\"https:\/\/www.sisinternational.com\/it\/\"><span style=\"font-weight: 400;\">SIS Internazionale<\/span><\/a><span style=\"font-weight: 400;\"> offre ricerca quantitativa, qualitativa e strategica. Forniamo dati, strumenti, strategie, report e approfondimenti per il processo decisionale. Conduciamo anche interviste, sondaggi, focus group e altri metodi e approcci di ricerca di mercato.<\/span><a href=\"https:\/\/www.sisinternational.com\/it\/sulla-sua-ricerca-internazionale\/contact-sis-international-market-research\/\"><span style=\"font-weight: 400;\"> Contattaci<\/span><\/a><span style=\"font-weight: 400;\"> per il tuo prossimo progetto di ricerca di mercato.<\/span><\/p>\n\n\n\n<p><span style=\"font-weight: 400;\">&nbsp;<\/span><\/p>\n\n\n\n<p><\/p>\n\n\n\n<p><\/p>","protected":false},"excerpt":{"rendered":"<p>I servizi finanziari asiatici sono un campo dinamico e in crescita che comprende molti settori come quello bancario, assicurativo, della gestione patrimoniale e del fintech.<\/p>","protected":false},"author":1,"featured_media":71809,"parent":27462,"menu_order":43,"comment_status":"closed","ping_status":"closed","template":"","meta":{"footnotes":""},"class_list":["post-41732","page","type-page","status-publish","has-post-thumbnail"],"_links":{"self":[{"href":"https:\/\/www.sisinternational.com\/it\/wp-json\/wp\/v2\/pages\/41732","targetHints":{"allow":["GET"]}}],"collection":[{"href":"https:\/\/www.sisinternational.com\/it\/wp-json\/wp\/v2\/pages"}],"about":[{"href":"https:\/\/www.sisinternational.com\/it\/wp-json\/wp\/v2\/types\/page"}],"author":[{"embeddable":true,"href":"https:\/\/www.sisinternational.com\/it\/wp-json\/wp\/v2\/users\/1"}],"replies":[{"embeddable":true,"href":"https:\/\/www.sisinternational.com\/it\/wp-json\/wp\/v2\/comments?post=41732"}],"version-history":[{"count":22,"href":"https:\/\/www.sisinternational.com\/it\/wp-json\/wp\/v2\/pages\/41732\/revisions"}],"predecessor-version":[{"id":81251,"href":"https:\/\/www.sisinternational.com\/it\/wp-json\/wp\/v2\/pages\/41732\/revisions\/81251"}],"up":[{"embeddable":true,"href":"https:\/\/www.sisinternational.com\/it\/wp-json\/wp\/v2\/pages\/27462"}],"wp:featuredmedia":[{"embeddable":true,"href":"https:\/\/www.sisinternational.com\/it\/wp-json\/wp\/v2\/media\/71809"}],"wp:attachment":[{"href":"https:\/\/www.sisinternational.com\/it\/wp-json\/wp\/v2\/media?parent=41732"}],"curies":[{"name":"wp","href":"https:\/\/api.w.org\/{rel}","templated":true}]}}