{"id":41642,"date":"2023-02-15T02:54:47","date_gmt":"2023-02-15T02:54:47","guid":{"rendered":"https:\/\/www.sisinternational.com\/?page_id=41642"},"modified":"2025-10-19T02:01:01","modified_gmt":"2025-10-19T06:01:01","slug":"ricerche-di-mercato-nel-settore-lattiero-caseario","status":"publish","type":"page","link":"https:\/\/www.sisinternational.com\/it\/competenza\/ricerche-di-mercato-nel-settore-lattiero-caseario\/","title":{"rendered":"Ricerche sul mercato dei prodotti lattiero-caseari"},"content":{"rendered":"<h1 class=\"wp-block-heading\">Ricerche sul mercato dei prodotti lattiero-caseari<\/h1>\n\n\n\n<figure class=\"gb-block-image gb-block-image-cbaa75a2\"><img loading=\"lazy\" decoding=\"async\" width=\"1456\" height=\"816\" class=\"gb-image gb-image-cbaa75a2\" src=\"https:\/\/www.sisinternational.com\/wp-content\/uploads\/2025\/08\/Dariry-milk-4.jpg\" alt=\"Ricerca e strategia di mercato internazionale SIS\" title=\"Dariry milk (4)\" srcset=\"https:\/\/www.sisinternational.com\/wp-content\/uploads\/2025\/08\/Dariry-milk-4.jpg 1456w, https:\/\/www.sisinternational.com\/wp-content\/uploads\/2025\/08\/Dariry-milk-4-300x168.jpg 300w, https:\/\/www.sisinternational.com\/wp-content\/uploads\/2025\/08\/Dariry-milk-4-1024x574.jpg 1024w, https:\/\/www.sisinternational.com\/wp-content\/uploads\/2025\/08\/Dariry-milk-4-768x430.jpg 768w, https:\/\/www.sisinternational.com\/wp-content\/uploads\/2025\/08\/Dariry-milk-4-18x10.jpg 18w\" sizes=\"auto, (max-width: 1456px) 100vw, 1456px\"><\/figure>\n\n\n\n<p><\/p>\n\n\n\n<p>Le ricerche di mercato dei prodotti lattiero-caseari forniscono approfondimenti su vari processi aziendali e settori vitali per la produzione e la distribuzione di prodotti lattiero-caseari. L\u2019industria lattiero-casearia ha una prospettiva ottimistica a lungo termine. La richiesta di spuntini da portare via semplici e nutrienti \u00e8 il fattore chiave che guida le vendite globali di prodotti lattiero-caseari. I prodotti a base di latticini contengono livelli naturalmente elevati di calcio e sono considerati uno spuntino salutare.<\/p>\n\n\n\n<p>L\u2019industria dei prodotti lattiero-caseari \u00e8 segmentata per tipo di prodotto, canale di distribuzione e regione. La ricerca di mercato dei prodotti lattiero-caseari fornisce informazioni e previsioni cruciali sulle dimensioni e sui valori del mercato per i vari segmenti inclusi nel settore.<\/p>\n\n\n\n<h2 class=\"wp-block-heading\">Cos&#039;\u00e8 il latte?<\/h2>\n\n\n\n<p>I latticini comprendono tutti gli alimenti derivati dal latte di vari animali. Questo spesso include mucche, capre e altri animali per le persone. Latte, formaggio, panna, yogurt e gelato sono latticini molto apprezzati.<\/p>\n\n\n\n<p>I prodotti lattiero-caseari sono centrali nutrizionali e i produttori di latte li producono nel modo pi\u00f9 ecologico possibile. La nutrizione sostenibile combina il valore nutrizionale e i vantaggi per la salute degli alimenti con il loro impatto sull\u2019ambiente.<\/p>\n\n\n\n<h2 class=\"wp-block-heading\">Tendenze chiave nel mercato lattiero-caseario<\/h2>\n\n\n\n<figure class=\"gb-block-image gb-block-image-d3d042cb\"><img loading=\"lazy\" decoding=\"async\" width=\"1456\" height=\"816\" class=\"gb-image gb-image-d3d042cb\" src=\"https:\/\/www.sisinternational.com\/wp-content\/uploads\/2025\/08\/Dariry-milk-3.jpg\" alt=\"Ricerca e strategia di mercato internazionale SIS\" title=\"Dariry milk (3)\" srcset=\"https:\/\/www.sisinternational.com\/wp-content\/uploads\/2025\/08\/Dariry-milk-3.jpg 1456w, https:\/\/www.sisinternational.com\/wp-content\/uploads\/2025\/08\/Dariry-milk-3-300x168.jpg 300w, https:\/\/www.sisinternational.com\/wp-content\/uploads\/2025\/08\/Dariry-milk-3-1024x574.jpg 1024w, https:\/\/www.sisinternational.com\/wp-content\/uploads\/2025\/08\/Dariry-milk-3-768x430.jpg 768w, https:\/\/www.sisinternational.com\/wp-content\/uploads\/2025\/08\/Dariry-milk-3-18x10.jpg 18w\" sizes=\"auto, (max-width: 1456px) 100vw, 1456px\"><\/figure>\n\n\n\n<p>Consumer demand for dairy products has increased due to their nutritious factors. Most dairy products have the ability to maintain healthy bones and teeth, as well as improve heart health and reduce the risk of type 2 diabetes. Another factor is the consumption of dairy products in nations with growing populations and rising per capita income are driving the expansion of the <a href=\"https:\/\/www.sisinternational.com\/it\/compagnie-aeree-low-cost-nel-settore-dellaviazione\/\" title=\"Ricerche di mercato sulle compagnie aeree low cost\"  data-wpil-monitor-id=\"8621\">global dairy market<\/a>.<\/p>\n\n\n\n<p>Buyers are developing new preferences for dairy <a href=\"https:\/\/www.sisinternational.com\/it\/soluzioni\/prova-del-gusto\/test-di-gusto-del-prodotto\/\" title=\"Test del gusto del prodotto\"  data-wpil-monitor-id=\"8628\">products and adjusting their tastes<\/a> over time, which is strengthening the future of the industry. Consequently, the dairy sector is evolving to produce dairy products with various flavors and variants. Also, there is a shift in global demand for local products, such as ghee, as more and more individuals get exposed to other cultures.<\/p>\n\n\n\n<p>I dati e le strategie del settore lattiero-caseario mostrano che le recenti tendenze nel settore lattiero-caseario indicano una crescente domanda di prodotti lattiero-caseari specializzati. Questa tendenza \u00e8 causata da varie condizioni mediche, dall\u2019obesit\u00e0 e dall\u2019incidenza dell\u2019intolleranza al lattosio. Il tipo di prodotti lattiero-caseari interessati da queste richieste comprende latte scremato, latte senza lattosio, latte probiotico e latte in polvere senza grassi.<\/p>\n\n\n\n<p>I dati e le strategie nel settore lattiero-caseario mostrano che i prodotti lattiero-caseari vengono utilizzati in un\u2019ampia gamma di settori, tra cui la dieta medica, la nutrizione sportiva e il latte artificiale per neonati. Oltre al consumo quotidiano, nell\u2019espansione del mercato lattiero-caseario ha un ruolo significativo anche l\u2019aumento delle richieste dei consumatori finali sia per motivi personali che medici.<\/p>\n\n\n\n<h2 class=\"wp-block-heading\">Analisi del mercato lattiero-caseario<\/h2>\n\n\n\n<p>Mercato <a href=\"https:\/\/www.sisinternational.com\/it\/pubblicazioni\/comportamento-dellacquirente-dopo-il-nuovo-consumatore-legato-al-coronavirus\/\" title=\"Comportamento degli acquirenti dopo il coronavirus: ricerche di mercato sui consumatori\"  data-wpil-monitor-id=\"8622\">research provides insights into consumer<\/a> and market trends that will enable businesses, executives, and industry players to comprehend what motivates buyers when selecting specific products. The data gathered can also reveal preferences and other factors that can discover more opportunities to increase dairy profitability.<\/p>\n\n\n\n<h3 class=\"wp-block-heading\">Di seguito sono riportati alcuni dei fattori chiave che vengono presi in considerazione quando si parla di ricerche di mercato sui prodotti lattiero-caseari:<\/h3>\n\n\n\n<h2 class=\"wp-block-heading\">Segmentazione del mercato lattiero-caseario in base al tipo di prodotto<\/h2>\n\n\n\n<h3 class=\"wp-block-heading\">I prodotti lattiero-caseari pi\u00f9 popolari includono ma non sono limitati a:<\/h3>\n\n\n\n<ol class=\"wp-block-list\">\n<li>Grasso del latte anidro (AMF)<\/li>\n\n\n\n<li>Burro<\/li>\n\n\n\n<li>Caseina<\/li>\n\n\n\n<li>Formaggio<\/li>\n\n\n\n<li>Crema<\/li>\n\n\n\n<li>Latte Fluido\/UHT\/Aromatizzato<\/li>\n\n\n\n<li>Ghee<\/li>\n\n\n\n<li>Gelato<\/li>\n\n\n\n<li>Formaggio Indiano (Paneer)<\/li>\n\n\n\n<li>Lattosio<\/li>\n\n\n\n<li>Latticini probiotici<\/li>\n\n\n\n<li>Latte scremato in polvere\/Latte in polvere scremato<\/li>\n\n\n\n<li>Proteine del siero di latte (in polvere e concentrato)<\/li>\n\n\n\n<li>Latte intero in polvere<\/li>\n\n\n\n<li>Yogurt<\/li>\n<\/ol>\n\n\n\n<h2 class=\"wp-block-heading\">Le richieste di prodotti incidono sulla quota di mercato dei prodotti lattiero-caseari<\/h2>\n\n\n\n<figure class=\"gb-block-image gb-block-image-b4250e05\"><img loading=\"lazy\" decoding=\"async\" width=\"1456\" height=\"816\" class=\"gb-image gb-image-b4250e05\" src=\"https:\/\/www.sisinternational.com\/wp-content\/uploads\/2025\/08\/Dariry-milk-6.jpg\" alt=\"Ricerca e strategia di mercato internazionale SIS\" title=\"Dariry milk (6)\" srcset=\"https:\/\/www.sisinternational.com\/wp-content\/uploads\/2025\/08\/Dariry-milk-6.jpg 1456w, https:\/\/www.sisinternational.com\/wp-content\/uploads\/2025\/08\/Dariry-milk-6-300x168.jpg 300w, https:\/\/www.sisinternational.com\/wp-content\/uploads\/2025\/08\/Dariry-milk-6-1024x574.jpg 1024w, https:\/\/www.sisinternational.com\/wp-content\/uploads\/2025\/08\/Dariry-milk-6-768x430.jpg 768w, https:\/\/www.sisinternational.com\/wp-content\/uploads\/2025\/08\/Dariry-milk-6-18x10.jpg 18w\" sizes=\"auto, (max-width: 1456px) 100vw, 1456px\"><\/figure>\n\n\n\n<p><\/p>\n\n\n\n<p>La quota di mercato del latte lattiero-caseario rappresenta il segmento pi\u00f9 ampio del mercato globale dei prodotti lattiero-caseari, indipendentemente dal fatto che sia intero, scremato, in polvere o in qualsiasi altra forma. Il consumo di latte \u00e8 un&#039;abitudine quotidiana nelle famiglie di tutto il mondo, soprattutto tra i pi\u00f9 giovani, indipendentemente dal fatto che venga consumato con aromi aggiunti o con cereali.<\/p>\n\n\n\n<p>Cheese is another prominent dairy <a href=\"https:\/\/www.sisinternational.com\/it\/competenza\/curriculum-di-esperienza\/ricerche-di-mercato-sui-prodotti-per-la-cura-personale\/\" title=\"Ricerche di mercato sui prodotti per la cura personale\"  data-wpil-monitor-id=\"8623\">product with a substantial market<\/a> share in the dairy business that is widely utilized in culinary preparations, especially in different kinds of pasta, snack foods, sandwiches, salads, and pizzas.<\/p>\n\n\n\n<p>In addition, butter has numerous applications in baking, making it a large <a href=\"https:\/\/www.sisinternational.com\/it\/competenza\/industrie\/ricerche-di-mercato-industriali\/\" title=\"Ricerca e strategia di mercato industriale\"  data-wpil-monitor-id=\"8624\">market in the dairy industry<\/a>. According to dairy market data, consumers choose soft cheeses, milk, and yogurt because of their increasing health consciousness.<\/p>\n\n\n\n<p>Il gelato al latte \u00e8 piuttosto popolare e occupa una quota significativa del mercato lattiero-caseario grazie alla sua domanda da parte di persone di tutte le et\u00e0. Il gelato, un dessert popolare in tutto il mondo, \u00e8 disponibile in numerosi gusti e pu\u00f2 essere servito in vari modi.<\/p>\n\n\n\n<h2 class=\"wp-block-heading\">Ulteriori fattori che incidono sul settore del mercato lattiero-caseario<\/h2>\n\n\n\n<h3 class=\"wp-block-heading\">Produzione lattiero-casearia<\/h3>\n\n\n\n<p>Developing nations&#8217; contribution to global dairy output has increased. This expansion is primarily attributable to an increase in the total number of producing animals rather than a boost in productivity. In many underdeveloped nations, poor-quality fodder for livestock, illnesses or epidemics, and restricted access to <a href=\"https:\/\/www.sisinternational.com\/it\/soluzioni\/ricerca-di-consulenza-strategica-fintech\/ricerche-di-mercato-sui-servizi-finanziari\/\" title=\"Ricerche di mercato sui servizi finanziari\"  data-wpil-monitor-id=\"8625\">markets and services<\/a> limit dairy production.<\/p>\n\n\n\n<h3 class=\"wp-block-heading\">Trasporto e catena di fornitura del mercato lattiero-caseario<\/h3>\n\n\n\n<p>In molte nazioni sottosviluppate, stabilire una catena di approvvigionamento lattiero-caseario che sia efficiente, igienica ed economicamente vantaggiosa \u00e8 una questione enorme. Tra i fattori che contribuiscono ci sono i seguenti:<\/p>\n\n\n\n<ul class=\"wp-block-list\">\n<li>difficolt\u00e0 nello sviluppo di un sistema redditizio di trasporto e raccolta del latte<\/li>\n\n\n\n<li>quantit\u00e0 di latte prodotta da ciascuna azienda agricola e l\u2019isolamento degli impianti di produzione<\/li>\n\n\n\n<li>pessimo sistema di trasporti<\/li>\n\n\n\n<li>mancanza di competenze e tecnologie nella raccolta e nella lavorazione del latte<\/li>\n\n\n\n<li>problemi di qualit\u00e0 con il latte crudo<\/li>\n\n\n\n<li>distanze tra siti di produzione, impianti di lavorazione e consumatori<\/li>\n\n\n\n<li>problemi con la creazione di impianti di raffreddamento<\/li>\n<\/ul>\n\n\n\n<h2 class=\"wp-block-heading\">Le ricerche di mercato dei prodotti lattiero-caseari forniscono approfondimenti sul panorama competitivo del mercato dei prodotti lattiero-caseari<\/h2>\n\n\n\n<figure class=\"gb-block-image gb-block-image-9044d5a5\"><img loading=\"lazy\" decoding=\"async\" width=\"1456\" height=\"816\" class=\"gb-image gb-image-9044d5a5\" src=\"https:\/\/www.sisinternational.com\/wp-content\/uploads\/2025\/08\/Dariry-milk-1.jpg\" alt=\"Ricerca e strategia di mercato internazionale SIS\" title=\"Dariry milk (1)\" srcset=\"https:\/\/www.sisinternational.com\/wp-content\/uploads\/2025\/08\/Dariry-milk-1.jpg 1456w, https:\/\/www.sisinternational.com\/wp-content\/uploads\/2025\/08\/Dariry-milk-1-300x168.jpg 300w, https:\/\/www.sisinternational.com\/wp-content\/uploads\/2025\/08\/Dariry-milk-1-1024x574.jpg 1024w, https:\/\/www.sisinternational.com\/wp-content\/uploads\/2025\/08\/Dariry-milk-1-768x430.jpg 768w, https:\/\/www.sisinternational.com\/wp-content\/uploads\/2025\/08\/Dariry-milk-1-18x10.jpg 18w\" sizes=\"auto, (max-width: 1456px) 100vw, 1456px\"><\/figure>\n\n\n\n<p><\/p>\n\n\n\n<p>The dairy <a href=\"https:\/\/www.sisinternational.com\/it\/competenza\/curriculum-di-esperienza\/curriculum-di-esperienza-nel-settore-automobilistico\/\" title=\"Societ\u00e0 di ricerche di mercato nel settore automobilistico\"  data-wpil-monitor-id=\"8626\">market is a large industry<\/a> impacting other sectors, such as those in food production. Knowing the key players in the market, such as identifying their business landscape, recent developments as well as expansion <a href=\"https:\/\/www.sisinternational.com\/it\/soluzioni\/consulenza-strategica\/pianificazione-dello-scenario\/\" title=\"Consulenza strategica per la pianificazione degli scenari\"  data-wpil-monitor-id=\"8627\">plans can provide vital data and strategies<\/a> in the dairy industry.<\/p>\n\n\n\n<h3 class=\"wp-block-heading\">Di seguito sono riportati alcuni dei principali attori:<\/h3>\n\n\n\n<ul class=\"wp-block-list\">\n<li>Alimenti Arla<\/li>\n\n\n\n<li>China Mengniu Dairy Company Limited<\/li>\n\n\n\n<li>Dairy Farmers of America, Inc.<\/li>\n\n\n\n<li>Danone SA<\/li>\n\n\n\n<li>Gruppo Cooperativo Fonterra Limited<\/li>\n\n\n\n<li>Gruppo Lactalis<\/li>\n\n\n\n<li>Nestl\u00e9 SA<\/li>\n\n\n\n<li>Royal FrieslandCampina NV<\/li>\n\n\n\n<li>Saputo Inc.<\/li>\n<\/ul>\n\n\n\n<h3 class=\"wp-block-heading\">Le ricerche di mercato forniscono approfondimenti basati sulle informazioni raccolte su queste societ\u00e0, che includono:<\/h3>\n\n\n\n<ul class=\"wp-block-list\">\n<li>Profili aziendali<\/li>\n\n\n\n<li>Descrizione della societ\u00e0<\/li>\n\n\n\n<li>Portafoglio prodotti<\/li>\n\n\n\n<li>Portata demografica e risultati<\/li>\n\n\n\n<li>Certificazioni<\/li>\n<\/ul>\n\n\n\n<h2 class=\"wp-block-heading\">Informazioni sulla ricerca di mercato dei prodotti lattiero-caseari<\/h2>\n\n\n\n<p>I latticini sono un prodotto altamente nutriente e versatile che pu\u00f2 essere utilizzato lungo tutta la catena di approvvigionamento alimentare, rendendo il settore lattiero-caseario essenziale per l\u2019industria alimentare di qualsiasi nazione. La ricerca di mercato lattiero-casearia raccoglie dati e strategie nel settore lattiero-caseario per fornire uno studio approfondito dei mercati lattiero-caseari mondiali. Le informazioni raccolte includono soluzioni attuali, a breve e lungo termine per supportare i requisiti aziendali e operativi. Le ricerche di mercato dei prodotti lattiero-caseari forniscono approfondimenti che possono essere uno strumento utile per chiunque cerchi di prendere decisioni informate in materia di produzione, applicazione, marketing e pianificazione strategica.<\/p>","protected":false},"excerpt":{"rendered":"<p>Le ricerche di mercato dei prodotti lattiero-caseari forniscono approfondimenti su vari processi aziendali e settori vitali per la produzione e la distribuzione di prodotti lattiero-caseari.<\/p>","protected":false},"author":1,"featured_media":64337,"parent":14514,"menu_order":190,"comment_status":"closed","ping_status":"closed","template":"","meta":{"footnotes":""},"class_list":["post-41642","page","type-page","status-publish","has-post-thumbnail"],"_links":{"self":[{"href":"https:\/\/www.sisinternational.com\/it\/wp-json\/wp\/v2\/pages\/41642","targetHints":{"allow":["GET"]}}],"collection":[{"href":"https:\/\/www.sisinternational.com\/it\/wp-json\/wp\/v2\/pages"}],"about":[{"href":"https:\/\/www.sisinternational.com\/it\/wp-json\/wp\/v2\/types\/page"}],"author":[{"embeddable":true,"href":"https:\/\/www.sisinternational.com\/it\/wp-json\/wp\/v2\/users\/1"}],"replies":[{"embeddable":true,"href":"https:\/\/www.sisinternational.com\/it\/wp-json\/wp\/v2\/comments?post=41642"}],"version-history":[{"count":4,"href":"https:\/\/www.sisinternational.com\/it\/wp-json\/wp\/v2\/pages\/41642\/revisions"}],"predecessor-version":[{"id":81446,"href":"https:\/\/www.sisinternational.com\/it\/wp-json\/wp\/v2\/pages\/41642\/revisions\/81446"}],"up":[{"embeddable":true,"href":"https:\/\/www.sisinternational.com\/it\/wp-json\/wp\/v2\/pages\/14514"}],"wp:featuredmedia":[{"embeddable":true,"href":"https:\/\/www.sisinternational.com\/it\/wp-json\/wp\/v2\/media\/64337"}],"wp:attachment":[{"href":"https:\/\/www.sisinternational.com\/it\/wp-json\/wp\/v2\/media?parent=41642"}],"curies":[{"name":"wp","href":"https:\/\/api.w.org\/{rel}","templated":true}]}}