{"id":41584,"date":"2023-02-14T20:59:24","date_gmt":"2023-02-14T20:59:24","guid":{"rendered":"https:\/\/www.sisinternational.com\/?page_id=41584"},"modified":"2026-03-12T13:30:32","modified_gmt":"2026-03-12T17:30:32","slug":"ricerche-di-mercato-sul-sushi","status":"publish","type":"page","link":"https:\/\/www.sisinternational.com\/it\/soluzioni\/ricerche-di-mercato-nel-settore-delle-bevande-alimentari\/ricerche-di-mercato-sul-sushi\/","title":{"rendered":"Ricerche di mercato sui sushi"},"content":{"rendered":"<h1 class=\"wp-block-heading\">Ricerche di mercato sui sushi<\/h1>\n\n\n\n<figure class=\"gb-block-image gb-block-image-bfce47e5\"><img loading=\"lazy\" decoding=\"async\" width=\"1456\" height=\"816\" class=\"gb-image gb-image-bfce47e5\" src=\"https:\/\/www.sisinternational.com\/wp-content\/uploads\/2025\/08\/japanese-food-suchi-13.jpg\" alt=\"Ricerca e strategia di mercato internazionale SIS\" title=\"japanese food suchi (13)\" srcset=\"https:\/\/www.sisinternational.com\/wp-content\/uploads\/2025\/08\/japanese-food-suchi-13.jpg 1456w, https:\/\/www.sisinternational.com\/wp-content\/uploads\/2025\/08\/japanese-food-suchi-13-300x168.jpg 300w, https:\/\/www.sisinternational.com\/wp-content\/uploads\/2025\/08\/japanese-food-suchi-13-1024x574.jpg 1024w, https:\/\/www.sisinternational.com\/wp-content\/uploads\/2025\/08\/japanese-food-suchi-13-768x430.jpg 768w, https:\/\/www.sisinternational.com\/wp-content\/uploads\/2025\/08\/japanese-food-suchi-13-18x10.jpg 18w\" sizes=\"auto, (max-width: 1456px) 100vw, 1456px\"><\/figure>\n\n\n\n<p><\/p>\n\n\n\n<p>La ricerca di mercato del sushi fornisce approfondimenti su vari processi aziendali e settori vitali per la produzione del piatto. Lo studio sul mercato del sushi offre approfondimenti sui dati e sulle strategie dell\u2019industria del sushi, nonch\u00e9 sul segmento del settore alimentare che copre la distribuzione del sushi venduto nei ristoranti, in vari rivenditori e dai venditori ambulanti in tutto il mondo.<\/p>\n\n\n\n<p>Market Research provides insights as well on how certain restaurants that serve sushi compare to their competitors in terms of product quality, profits and availability. The Sushi market research&nbsp; can help advise organizations and industry executives in making decisions and creating marketing plans for a more active and profitable business landscape.<\/p>\n\n\n\n<h2 class=\"wp-block-heading\">Cos&#039;\u00e8 il sushi?<\/h2>\n\n\n\n<p>Il cereale pi\u00f9 consumato in tutto il mondo \u00e8 il riso, che \u00e8 stato lavorato o macinato per rimuovere il chicco dalle altre parti della pianta. Uno dei piatti pi\u00f9 popolari a base di riso include il sushi.<\/p>\n\n\n\n<p>Il sushi \u00e8 un piatto di riso base giapponese che si \u00e8 diffuso in tutto il mondo ed \u00e8 diventato parte della cultura alimentare globale. Il sushi \u00e8 disponibile in varie forme. Il riso sushi cotto viene combinato con aceto di riso specifico. Il riso viene poi formato con vari condimenti, come pesce crudo o altri crostacei. Nella variante arrotolata, il riso e il suo contenuto, come la frittata o il cetriolo, vengono avvolti nel nori, un sottile foglio di alghe preparate, utilizzando uno speciale tappetino di bamb\u00f9.<\/p>\n\n\n\n<h2 class=\"wp-block-heading\">&nbsp;Una breve visione del settore dei ristoranti di sushi<\/h2>\n\n\n\n<figure class=\"gb-block-image gb-block-image-58035a37\"><img loading=\"lazy\" decoding=\"async\" width=\"1456\" height=\"816\" class=\"gb-image gb-image-58035a37\" src=\"https:\/\/www.sisinternational.com\/wp-content\/uploads\/2025\/08\/japanese-food-suchi-5.jpg\" alt=\"Ricerca e strategia di mercato internazionale SIS\" title=\"japanese food suchi (5)\" srcset=\"https:\/\/www.sisinternational.com\/wp-content\/uploads\/2025\/08\/japanese-food-suchi-5.jpg 1456w, https:\/\/www.sisinternational.com\/wp-content\/uploads\/2025\/08\/japanese-food-suchi-5-300x168.jpg 300w, https:\/\/www.sisinternational.com\/wp-content\/uploads\/2025\/08\/japanese-food-suchi-5-1024x574.jpg 1024w, https:\/\/www.sisinternational.com\/wp-content\/uploads\/2025\/08\/japanese-food-suchi-5-768x430.jpg 768w, https:\/\/www.sisinternational.com\/wp-content\/uploads\/2025\/08\/japanese-food-suchi-5-18x10.jpg 18w\" sizes=\"auto, (max-width: 1456px) 100vw, 1456px\"><\/figure>\n\n\n\n<p><\/p>\n\n\n\n<p>The most typical sushi restaurants consist primarily of establishments that provide sushi-style dishes to customers who order and are delivered while sitting by wait staff or through conveyor belt-style delivery and pay after eating. Customers may also purchase <a href=\"https:\/\/www.sisinternational.com\/it\/mystery-shopping-for-alcoholic-beverages\/\" title=\"Mystery Shopping for Alcoholic Beverages\"  data-wpil-monitor-id=\"896\">alcoholic and other beverages<\/a> from these locations.<\/p>\n\n\n\n<p>Si prevede che il settore del mercato del sushi prosperer\u00e0 nei prossimi anni. L\u2019industria del mercato del sushi, che \u00e8 altamente frammentata e composta principalmente da piccole imprese gestite dai proprietari, ha registrato buoni risultati nonostante la crescita di altri negozi di alimenti etnici e l\u2019emergere di piatti innovativi. Le mutevoli richieste dei clienti hanno modificato le operazioni degli operatori del settore del sushi. La creazione del concetto di sushi sostenibile \u00e8 il risultato delle crescenti preoccupazioni per il calo della popolazione ittica e il degrado ambientale. Negli anni successivi, si prevede che il mercato del sushi continuer\u00e0 ad espandersi man mano che l\u2019ambiente cambia. Con l\u2019impatto di altri fattori come viaggi, comunicazioni, social media, televisione e pubblicit\u00e0 sulla stampa, l\u2019interesse per il cibo giapponese \u00e8 aumentato. Si prevede che i principali operatori del settore si espanderanno in tutto il mondo per aumentare la loro quota di mercato.<\/p>\n\n\n\n<h2 class=\"wp-block-heading\">Fattori che influenzano la ricerca di mercato globale Sushi<\/h2>\n\n\n\n<h3 class=\"wp-block-heading\">Campagne di marketing e pubblicit\u00e0 per sushi<\/h3>\n\n\n\n<p>Rising marketing campaigns are one of the primary factors driving the global sushi restaurant market over the projected period. The restaurant and food service sectors rely heavily on advertising campaigns and product promotions to increase their sales. Therefore, the sellers in these <a href=\"https:\/\/www.sisinternational.com\/it\/competenza\/industrie\/ricerche-di-mercato-sui-circuiti-elettronici\/\" title=\"Ricerche di mercato sui circuiti elettronici\"  data-wpil-monitor-id=\"5049\">markets utilize both electronic<\/a> and print media to advertise their businesses. Due to digitalization and associated advances, the majority of sushi restaurants are concentrating on marketing. Consequently, merchants utilize digital media as a platform for brand promotion. To increase client involvement, they promote enticing promotional offers and images of quick-service cuisine.<\/p>\n\n\n\n<h3 class=\"wp-block-heading\">Piatti di sushi emergenti con ingredienti unici<\/h3>\n\n\n\n<figure class=\"gb-block-image gb-block-image-a72e8c62\"><img loading=\"lazy\" decoding=\"async\" width=\"1456\" height=\"816\" class=\"gb-image gb-image-a72e8c62\" src=\"https:\/\/www.sisinternational.com\/wp-content\/uploads\/2025\/08\/japanese-food-suchi-1.jpg\" alt=\"Ricerca e strategia di mercato internazionale SIS\" title=\"japanese food suchi (1)\" srcset=\"https:\/\/www.sisinternational.com\/wp-content\/uploads\/2025\/08\/japanese-food-suchi-1.jpg 1456w, https:\/\/www.sisinternational.com\/wp-content\/uploads\/2025\/08\/japanese-food-suchi-1-300x168.jpg 300w, https:\/\/www.sisinternational.com\/wp-content\/uploads\/2025\/08\/japanese-food-suchi-1-1024x574.jpg 1024w, https:\/\/www.sisinternational.com\/wp-content\/uploads\/2025\/08\/japanese-food-suchi-1-768x430.jpg 768w, https:\/\/www.sisinternational.com\/wp-content\/uploads\/2025\/08\/japanese-food-suchi-1-18x10.jpg 18w\" sizes=\"auto, (max-width: 1456px) 100vw, 1456px\"><\/figure>\n\n\n\n<p><\/p>\n\n\n\n<p>Una delle tendenze significative che si prevede guider\u00e0 la crescita del mercato mondiale dei ristoranti di sushi durante il periodo previsto \u00e8 l\u2019introduzione di piatti di sushi nuovi e creativi. Inoltre, gli sviluppi tecnologici nei ristoranti e la crescente popolarit\u00e0 del cibo giapponese guideranno sostanzialmente l\u2019industria mondiale dei ristoranti di sushi negli anni successivi.<\/p>\n\n\n\n<h2 class=\"wp-block-heading\">Analisi del panorama competitivo delle ricerche di mercato del sushi<\/h2>\n\n\n\n<p>Sushi&nbsp; Market Research gathers information, statistics and data through an array of benchmarking tools to gain more corporate insight.&nbsp; Comparison of a business sector closest rival or to a group of comparable-sized enterprises within the same industry can provide valuable data and strategies in the sushi industry.<\/p>\n\n\n\n<h3 class=\"wp-block-heading\">Le ricerche di mercato forniscono approfondimenti su quanto segue:<\/h3>\n\n\n\n<ul class=\"wp-block-list\">\n<li>Panoramica aziendale<\/li>\n\n\n\n<li>Entrate e beni finanziari<\/li>\n\n\n\n<li>potenziale di mercato<\/li>\n\n\n\n<li>investimenti in ricerca e sviluppo<\/li>\n\n\n\n<li>nuove iniziative di mercato<\/li>\n\n\n\n<li>presenza mondiale<\/li>\n\n\n\n<li>siti e strutture produttive<\/li>\n\n\n\n<li>capacit\u00e0 produttiva<\/li>\n\n\n\n<li>punti di forza e di debolezza dell\u2019azienda<\/li>\n\n\n\n<li>introduzione al prodotto<\/li>\n<\/ul>\n\n\n\n<h2 class=\"wp-block-heading\">Fattori demografici del mercato globale del sushi<\/h2>\n\n\n\n<figure class=\"gb-block-image gb-block-image-c11ef210\"><img loading=\"lazy\" decoding=\"async\" width=\"1456\" height=\"816\" class=\"gb-image gb-image-c11ef210\" src=\"https:\/\/www.sisinternational.com\/wp-content\/uploads\/2025\/08\/japanese-food-suchi-14.jpg\" alt=\"Ricerca e strategia di mercato internazionale SIS\" title=\"japanese food suchi (14)\" srcset=\"https:\/\/www.sisinternational.com\/wp-content\/uploads\/2025\/08\/japanese-food-suchi-14.jpg 1456w, https:\/\/www.sisinternational.com\/wp-content\/uploads\/2025\/08\/japanese-food-suchi-14-300x168.jpg 300w, https:\/\/www.sisinternational.com\/wp-content\/uploads\/2025\/08\/japanese-food-suchi-14-1024x574.jpg 1024w, https:\/\/www.sisinternational.com\/wp-content\/uploads\/2025\/08\/japanese-food-suchi-14-768x430.jpg 768w, https:\/\/www.sisinternational.com\/wp-content\/uploads\/2025\/08\/japanese-food-suchi-14-18x10.jpg 18w\" sizes=\"auto, (max-width: 1456px) 100vw, 1456px\"><\/figure>\n\n\n\n<p><\/p>\n\n\n\n<p>The competitive landscape of the sushi restaurant market gives information by competitor as well may it be with the major players or close competitor, or to a sushi industry segment of similar sized companies.&nbsp; The sushi industry&nbsp; is also analyzed as per information provided by country or region. Certain countries play key roles to the growth and development of the sushi industry:<\/p>\n\n\n\n<ul class=\"wp-block-list\">\n<li>L&#039;Asia-Pacifico domina il mercato dei ristoranti di sushi grazie all&#039;esistenza di importanti aziende e all&#039;elevata domanda di sushi nella regione.<\/li>\n\n\n\n<li>A causa del crescente desiderio della regione per la cucina asiatica, si prevede che il Nord America registrer\u00e0 una crescita considerevole nel periodo dal 2021 al 2028.<\/li>\n<\/ul>\n\n\n\n<h2 class=\"wp-block-heading\">Principali attori chiave del mercato globale dei sushi<\/h2>\n\n\n\n<p>Il panorama competitivo del mercato dei ristoranti di sushi fornisce informazioni anche per concorrenza, che si tratti dei principali attori o di un concorrente stretto, o di un segmento dell\u2019industria del sushi di aziende di dimensioni simili.<\/p>\n\n\n\n<p><a href=\"https:\/\/www.sisinternational.com\/it\/competenza\/industrie\/ricerche-di-mercato-sui-media-ott\/\" title=\"Ricerche di mercato sui media superiori (OTT).\"  data-wpil-monitor-id=\"6213\">Market Research provides insights into the top<\/a> major players in the sushi industry. The comprehensive vendor analysis is aimed at assisting clients enhance their market position, and in accordance with this, this research gives a thorough overview of a number of prominent <a href=\"https:\/\/www.sisinternational.com\/it\/competenza\/industrie\/q-ricerche-di-mercato-commerciali\/\" title=\"Ricerche di mercato Q-Commerce\"  data-wpil-monitor-id=\"4843\">sushi<\/a> restaurants market suppliers, such as:<\/p>\n\n\n\n<ol class=\"wp-block-list\">\n<li>Feng Sushi<\/li>\n\n\n\n<li>AZIENDE ALIMENTARI E VITA Ltd.<\/li>\n\n\n\n<li>HAMAZUSHI Co. Ltd.<\/li>\n\n\n\n<li>Gruppo da pranzo innovativo<\/li>\n\n\n\n<li>Kappa Create Co. Ltd.<\/li>\n\n\n\n<li>Kura SushiUSA Inc.<\/li>\n\n\n\n<li>Maxims Catering Ltd.<\/li>\n\n\n\n<li>Peace Dining Corp.<\/li>\n\n\n\n<li>Sakae Holdings Ltd.<\/li>\n\n\n\n<li>Sushi al wasabi<\/li>\n<\/ol>\n\n\n\n<h2 class=\"wp-block-heading\">Informazioni sulle ricerche di mercato del sushi<\/h2>\n\n\n\n<figure class=\"gb-block-image gb-block-image-ba6e5e35\"><img loading=\"lazy\" decoding=\"async\" width=\"1456\" height=\"816\" class=\"gb-image gb-image-ba6e5e35\" src=\"https:\/\/www.sisinternational.com\/wp-content\/uploads\/2025\/08\/japanese-food-suchi-12.jpg\" alt=\"Ricerca e strategia di mercato internazionale SIS\" title=\"japanese food suchi (12)\" srcset=\"https:\/\/www.sisinternational.com\/wp-content\/uploads\/2025\/08\/japanese-food-suchi-12.jpg 1456w, https:\/\/www.sisinternational.com\/wp-content\/uploads\/2025\/08\/japanese-food-suchi-12-300x168.jpg 300w, https:\/\/www.sisinternational.com\/wp-content\/uploads\/2025\/08\/japanese-food-suchi-12-1024x574.jpg 1024w, https:\/\/www.sisinternational.com\/wp-content\/uploads\/2025\/08\/japanese-food-suchi-12-768x430.jpg 768w, https:\/\/www.sisinternational.com\/wp-content\/uploads\/2025\/08\/japanese-food-suchi-12-18x10.jpg 18w\" sizes=\"auto, (max-width: 1456px) 100vw, 1456px\"><\/figure>\n\n\n\n<p><\/p>\n\n\n\n<p>The sushi market research provides insights into various business sectors vital to the dish&#8217;s production. The <a href=\"https:\/\/www.sisinternational.com\/it\/competenza\/industrie\/ricerca-di-mercato-sui-condimenti\/\" title=\"Ricerche di mercato sui condimenti\"  data-wpil-monitor-id=\"3350\">research on the market<\/a> for sushi restaurants includes, but not limited to, the following key points:<\/p>\n\n\n\n<ul class=\"wp-block-list\">\n<li>Dimensionamento del settore degli stabilimenti di sushi<\/li>\n\n\n\n<li>Prospettive commerciali per i ristoranti di sushi<\/li>\n\n\n\n<li>Valutazione del mercato del settore dei ristoranti di sushi<\/li>\n<\/ul>\n\n\n\n<p>I dati e le strategie nel settore del sushi verranno raccolti utilizzando una miscela oggettiva di dati primari e secondari, nonch\u00e9 il feedback dei leader del settore. Oltre a un panorama completo del mercato e dei fornitori, la ricerca fornisce un&#039;analisi dei principali fornitori. Il risultato della ricerca fornir\u00e0 valutazioni sulla stabilit\u00e0 finanziaria, sul posizionamento strategico, sui rischi e sulle opportunit\u00e0, tra gli altri fattori del settore che qualsiasi azienda o dirigente deve conoscere.<\/p>","protected":false},"excerpt":{"rendered":"<p>La ricerca di mercato del sushi fornisce approfondimenti su vari processi aziendali e settori vitali per la produzione del piatto.<\/p>","protected":false},"author":1,"featured_media":63219,"parent":22018,"menu_order":189,"comment_status":"closed","ping_status":"closed","template":"","meta":{"footnotes":""},"class_list":["post-41584","page","type-page","status-publish","has-post-thumbnail"],"_links":{"self":[{"href":"https:\/\/www.sisinternational.com\/it\/wp-json\/wp\/v2\/pages\/41584","targetHints":{"allow":["GET"]}}],"collection":[{"href":"https:\/\/www.sisinternational.com\/it\/wp-json\/wp\/v2\/pages"}],"about":[{"href":"https:\/\/www.sisinternational.com\/it\/wp-json\/wp\/v2\/types\/page"}],"author":[{"embeddable":true,"href":"https:\/\/www.sisinternational.com\/it\/wp-json\/wp\/v2\/users\/1"}],"replies":[{"embeddable":true,"href":"https:\/\/www.sisinternational.com\/it\/wp-json\/wp\/v2\/comments?post=41584"}],"version-history":[{"count":8,"href":"https:\/\/www.sisinternational.com\/it\/wp-json\/wp\/v2\/pages\/41584\/revisions"}],"predecessor-version":[{"id":79798,"href":"https:\/\/www.sisinternational.com\/it\/wp-json\/wp\/v2\/pages\/41584\/revisions\/79798"}],"up":[{"embeddable":true,"href":"https:\/\/www.sisinternational.com\/it\/wp-json\/wp\/v2\/pages\/22018"}],"wp:featuredmedia":[{"embeddable":true,"href":"https:\/\/www.sisinternational.com\/it\/wp-json\/wp\/v2\/media\/63219"}],"wp:attachment":[{"href":"https:\/\/www.sisinternational.com\/it\/wp-json\/wp\/v2\/media?parent=41584"}],"curies":[{"name":"wp","href":"https:\/\/api.w.org\/{rel}","templated":true}]}}