{"id":41568,"date":"2023-02-13T04:01:17","date_gmt":"2023-02-13T04:01:17","guid":{"rendered":"https:\/\/www.sisinternational.com\/?page_id=41568"},"modified":"2026-01-24T21:27:18","modified_gmt":"2026-01-25T02:27:18","slug":"ricerche-di-mercato-sugli-oli-vegetali","status":"publish","type":"page","link":"https:\/\/www.sisinternational.com\/it\/competenza\/ricerche-di-mercato-sugli-oli-vegetali\/","title":{"rendered":"Ricerche di mercato sull\u2019olio vegetale"},"content":{"rendered":"<h1 class=\"wp-block-heading\">Ricerche di mercato sull\u2019olio vegetale<\/h1>\n\n\n\n<figure class=\"gb-block-image gb-block-image-61d16bc2\"><img loading=\"lazy\" decoding=\"async\" width=\"1456\" height=\"816\" class=\"gb-image gb-image-61d16bc2\" src=\"https:\/\/www.sisinternational.com\/wp-content\/uploads\/2025\/08\/Palm-oiil-2.jpg\" alt=\"Ricerca e strategia di mercato internazionale SIS\" title=\"Palm oiil (2)\" srcset=\"https:\/\/www.sisinternational.com\/wp-content\/uploads\/2025\/08\/Palm-oiil-2.jpg 1456w, https:\/\/www.sisinternational.com\/wp-content\/uploads\/2025\/08\/Palm-oiil-2-300x168.jpg 300w, https:\/\/www.sisinternational.com\/wp-content\/uploads\/2025\/08\/Palm-oiil-2-1024x574.jpg 1024w, https:\/\/www.sisinternational.com\/wp-content\/uploads\/2025\/08\/Palm-oiil-2-768x430.jpg 768w, https:\/\/www.sisinternational.com\/wp-content\/uploads\/2025\/08\/Palm-oiil-2-18x10.jpg 18w\" sizes=\"auto, (max-width: 1456px) 100vw, 1456px\"><\/figure>\n\n\n\n<p><\/p>\n\n\n\n<h2 class=\"wp-block-heading\">Cos&#039;\u00e8 l&#039;olio vegetale?<\/h2>\n\n\n\n<p>L&#039;olio vegetale proviene da oli vegetali estratti non solo dalle verdure ma anche da semi, noci, cereali o alcuni tipi di frutta. Ha ampie variet\u00e0, ma ognuna \u00e8 estremamente versatile e serve a diversi scopi in cucina, come cucinare, friggere, rosolare, cuocere al forno e condire. Il suo scopo non si esaurisce in cucina o nell&#039;industria alimentare. L&#039;olio vegetale \u00e8 un ingrediente importante per molti altri usi industriali e zootecnici.<\/p>\n\n\n\n<h2 class=\"wp-block-heading\">Come viene prodotto l&#039;olio vegetale?<\/h2>\n\n\n\n<p>Le moderne tecniche di estrazione possono estrarre fino a 98% del contenuto di petrolio in alcune piante, a differenza dei metodi disponibili nei primi tempi, dove si potevano estrarre solo fino a 10% di petrolio. Tali tecniche rendono pi\u00f9 efficiente l\u2019estrazione dell\u2019olio da noci e semi e consentono la disponibilit\u00e0 sul mercato di diverse variet\u00e0 di oli vegetali.<\/p>\n\n\n\n<h2 class=\"wp-block-heading\">L&#039;estrazione degli oli vegetali prevede un processo in quattro fasi che include quanto segue:<\/h2>\n\n\n\n<h3 class=\"wp-block-heading\">Pulizia<\/h3>\n\n\n\n<p>I semi o le noci devono essere sottoposti ad un accurato processo di pulizia e poi investiti con magneti per rimuovere tracce metalliche. La pelle verr\u00e0 rimossa e poi frantumata meccanicamente prima di essere riscaldata.<\/p>\n\n\n\n<h3 class=\"wp-block-heading\">Premendo<\/h3>\n\n\n\n<p>I semi o le noci riscaldati e frantumati verranno pressati meccanicamente, per estrarre l&#039;olio.<\/p>\n\n\n\n<h3 class=\"wp-block-heading\">Estrazione mediante solvente<\/h3>\n\n\n\n<p>Per un&#039;estrazione pi\u00f9 efficiente, un solvente verr\u00e0 aggiunto all&#039;olio disciolto una volta rimosso il &quot;pannello d&#039;olio&quot;. E poi verr\u00e0 sottoposto a distillazione per rimuovere il solvente.<\/p>\n\n\n\n<h3 class=\"wp-block-heading\">Raffinazione<\/h3>\n\n\n\n<p>Il processo di raffinazione prevede il riscaldamento dell&#039;olio a 85\u00b0C e la miscelazione con una sostanza alcalina. Successivamente, l&#039;olio verr\u00e0 trattato con acqua o acido per sgommarlo. Gli oli verranno poi sbiancati per rimuovere i colori naturali. Infine, il vapore deodorer\u00e0 gli oli e verr\u00e0 aggiunta una piccola quantit\u00e0 di acido citrico per eliminare le tracce di materiali che possono ridurre la durata di conservazione dell&#039;olio.<\/p>\n\n\n\n<h2 class=\"wp-block-heading\">Benefici alla salute<\/h2>\n\n\n\n<p>Some of the common vegetable <a href=\"https:\/\/www.sisinternational.com\/it\/competenza\/industrie\/ricerche-di-mercato-del-petrolio-e-del-gas\/\" title=\"Ricerche di mercato nel settore del petrolio e del gas\"  data-wpil-monitor-id=\"3088\">oils in the market<\/a> include sunflower oil, palm oil, canola oil, hazelnut oil, soybean oil, almond oil, and olive oil, to mention a few. These are known for providing many health benefits, particularly in controlling heart health.<\/p>\n\n\n\n<p>Gli oli vegetali contengono trigliceridi come quelli presenti nei grassi animali come burro e strutto. Ma, se consumato in quantit\u00e0 salutari, pu\u00f2 aiutare a gestire i livelli di colesterolo, zucchero nel sangue e pressione sanguigna, riducendo i rischi di malattie cardiovascolari.<\/p>\n\n\n\n<p>Alcuni oli vegetali sono ricchi di vitamina E, un antiossidante che promuove l\u2019immunit\u00e0 e aiuta il corpo a combattere i radicali liberi. Inoltre, gli oli vegetali possono anche ridurre il rischio di cancro al seno se usati regolarmente. Altri benefici per la salute derivanti dagli oli vegetali possono includere il miglioramento del metabolismo, la promozione della crescita e della riparazione cellulare, il miglioramento dell\u2019umore, la prevenzione dell\u2019osteoporosi e molti altri.<\/p>\n\n\n\n<h2 class=\"wp-block-heading\">Industria alimentare<\/h2>\n\n\n\n<p>Molti ristoranti e aziende alimentari utilizzano oli vegetali per cucinare e friggere. Questi oli possono resistere alla cottura a fuoco elevato, che non provoca fumo e crea un sapore amaro e bruciato al cibo. Inoltre, questi oli hanno solo un sapore delicato o nullo, il che non influisce sul gusto di condimenti per insalate, pane, torte e altri prodotti da forno. Questi rendono gli oli vegetali richiesti nell&#039;industria alimentare.<\/p>\n\n\n\n<h2 class=\"wp-block-heading\">Altri usi industriali<\/h2>\n\n\n\n<figure class=\"gb-block-image gb-block-image-bc6b5ff4\"><img loading=\"lazy\" decoding=\"async\" width=\"1456\" height=\"816\" class=\"gb-image gb-image-bc6b5ff4\" src=\"https:\/\/www.sisinternational.com\/wp-content\/uploads\/2025\/08\/Palm-oiil-1.jpg\" alt=\"Ricerca e strategia di mercato internazionale SIS\" title=\"Palm oiil (1)\" srcset=\"https:\/\/www.sisinternational.com\/wp-content\/uploads\/2025\/08\/Palm-oiil-1.jpg 1456w, https:\/\/www.sisinternational.com\/wp-content\/uploads\/2025\/08\/Palm-oiil-1-300x168.jpg 300w, https:\/\/www.sisinternational.com\/wp-content\/uploads\/2025\/08\/Palm-oiil-1-1024x574.jpg 1024w, https:\/\/www.sisinternational.com\/wp-content\/uploads\/2025\/08\/Palm-oiil-1-768x430.jpg 768w, https:\/\/www.sisinternational.com\/wp-content\/uploads\/2025\/08\/Palm-oiil-1-18x10.jpg 18w\" sizes=\"auto, (max-width: 1456px) 100vw, 1456px\"><\/figure>\n\n\n\n<p><\/p>\n\n\n\n<p>Gli oli vegetali sono ingredienti importanti nella produzione di saponi, detersivi, prodotti per la cura della pelle, candele, profumi e altri articoli per la cura personale.<\/p>\n\n\n\n<p>Alcuni oli vegetali vengono utilizzati anche nelle formulazioni di vernici e nei prodotti per il trattamento del legno. Questi vengono utilizzati anche come materie prime per la produzione di biocarburanti. La produzione di oli vegetali produce come sottoprodotto anche mangimi per il bestiame.<\/p>\n\n\n\n<h2 class=\"wp-block-heading\">Titoli di lavoro chiave<\/h2>\n\n\n\n<p>L&#039;industria dell&#039;olio vegetale necessita di diverse competenze specializzate nell&#039;agricoltura e nella coltivazione e gestione dell&#039;orto. Anche persone con un background rispettabile in ingegneria, scienza e tecnologia e campi correlati possono trovare un percorso di carriera in questo campo. Man mano che il settore si espande, ci saranno pi\u00f9 titoli di lavoro disponibili.<\/p>\n\n\n\n<h3 class=\"wp-block-heading\">Di seguito sono riportati alcuni dei titoli chiave del lavoro:<\/h3>\n\n\n\n<ul class=\"wp-block-list\">\n<li>Orticoltore<\/li>\n\n\n\n<li>Analista delle materie prime<\/li>\n\n\n\n<li>Tecnico di laboratorio<\/li>\n\n\n\n<li>Responsabile dell&#039;estrazione<\/li>\n\n\n\n<li>Responsabile operativo dello stabilimento<\/li>\n\n\n\n<li>Direttore generale della piantagione<\/li>\n\n\n\n<li>Operatore di processo<\/li>\n\n\n\n<li>Operatore agricolo<\/li>\n\n\n\n<li>Ingegnere di fabbrica<\/li>\n\n\n\n<li>Meccanico di manutenzione<\/li>\n<\/ul>\n\n\n\n<h2 class=\"wp-block-heading\">Perch\u00e9 le aziende hanno bisogno di ricerche di mercato sull\u2019olio vegetale?<\/h2>\n\n\n\n<p>A causa dell\u2019elevata versatilit\u00e0, dei bassi costi di produzione e dell\u2019ampia disponibilit\u00e0 di oli vegetali, la loro domanda sul mercato \u00e8 in continuo aumento.<\/p>\n\n\n\n<p>Gli oli vegetali contengono trigliceridi, comunemente noti come grassi, che possono essere un buon sostituto dei grassi animali e dei prodotti petrolchimici per applicazioni alimentari e non alimentari. Di conseguenza, l\u2019industria alimentare \u00e8 in continua espansione insieme a diversi produttori che lavorano su diverse innovazioni di prodotto.<\/p>\n\n\n\n<p>Per questi motivi, il mercato dell\u2019olio vegetale continua ad espandersi. Inoltre, molti clienti sono passati agli oli vegetali per i loro benefici per la salute.<\/p>\n\n\n\n<p>Vegetable <a href=\"https:\/\/www.sisinternational.com\/it\/soluzioni\/ricerche-di-mercato-su-oleodotti-e-gasdotti\/\" title=\"Ricerche di mercato su oleodotti e gasdotti\"  data-wpil-monitor-id=\"2156\">oil market research<\/a> can help businesses gain valuable information from the current market conditions, consumers&#8217; insights and preferences, competitors&#8217; strategies, and industry trends.<\/p>\n\n\n\n<p>Questi possono aiutare le aziende a prendere decisioni strategiche per migliorare il prodotto, i prezzi e il marketing, nonch\u00e9 a identificare il potenziale di crescita ed espansione per rimanere competitivi nel settore.<\/p>\n\n\n\n<h2 class=\"wp-block-heading\">Fattori chiave del successo<\/h2>\n\n\n\n<p>La ricerca di mercato \u00e8 essenziale per identificare i fattori che aiuteranno le aziende a crescere e rimanere competitive. Le aziende dovrebbero concentrarsi sulla raccolta di dati da fonti affidabili e sulla loro analisi utilizzando tecniche statistiche appropriate.<\/p>\n\n\n\n<p>Un&#039;analisi approfondita aiuter\u00e0 le aziende ad acquisire una comprensione approfondita delle condizioni e delle tendenze attuali nel settore dell&#039;olio vegetale. Non solo, le aziende dovrebbero anche identificare i propri obiettivi specifici per determinare il potenziale rischio e crescita e comprendere le preferenze di ogni cliente.<\/p>\n\n\n\n<p>Affinch\u00e9 le aziende possano prendere decisioni strategiche, \u00e8 anche fondamentale che la ricerca venga effettuata in modo tempestivo fornendo raccomandazioni che aiutino le aziende a prendere decisioni strategiche.<\/p>\n\n\n\n<p>With the influence of technology in the cultivation, production, and distribution of vegetable oils, research can help evaluate its impact on the market. Most importantly, research can also help businesses understand the attitudes and preferences of customers towards <a href=\"https:\/\/www.sisinternational.com\/it\/competenza\/industrie\/ricerche-di-mercato-sullolio-di-palma\/\" title=\"Ricerche di mercato sull\u2019olio di palma\"  data-wpil-monitor-id=\"3462\">vegetable<\/a> oils.<\/p>\n\n\n\n<h2 class=\"wp-block-heading\">Informazioni sulle ricerche di mercato sull\u2019olio vegetale<\/h2>\n\n\n\n<figure class=\"gb-block-image gb-block-image-bd68a6d6\"><img loading=\"lazy\" decoding=\"async\" width=\"1456\" height=\"816\" class=\"gb-image gb-image-bd68a6d6\" src=\"https:\/\/www.sisinternational.com\/wp-content\/uploads\/2025\/08\/Palm-oiil-4.jpg\" alt=\"Ricerca e strategia di mercato internazionale SIS\" title=\"Palm oiil (4)\" srcset=\"https:\/\/www.sisinternational.com\/wp-content\/uploads\/2025\/08\/Palm-oiil-4.jpg 1456w, https:\/\/www.sisinternational.com\/wp-content\/uploads\/2025\/08\/Palm-oiil-4-300x168.jpg 300w, https:\/\/www.sisinternational.com\/wp-content\/uploads\/2025\/08\/Palm-oiil-4-1024x574.jpg 1024w, https:\/\/www.sisinternational.com\/wp-content\/uploads\/2025\/08\/Palm-oiil-4-768x430.jpg 768w, https:\/\/www.sisinternational.com\/wp-content\/uploads\/2025\/08\/Palm-oiil-4-18x10.jpg 18w\" sizes=\"auto, (max-width: 1456px) 100vw, 1456px\"><\/figure>\n\n\n\n<p><\/p>\n\n\n\n<p>Poich\u00e9 il mercato ortofrutticolo \u00e8 in continua crescita, \u00e8 importante conoscerne le condizioni e le tendenze attuali attraverso un\u2019accurata raccolta e analisi dei dati per identificare vari fattori che possono influenzare le aziende e aiutarle a rimanere competitive nel settore.<\/p>\n\n\n\n<p>SIS International offre ricerca quantitativa, qualitativa e strategica. Forniamo dati, strumenti, strategie, report e approfondimenti per il processo decisionale. Conduciamo interviste, sondaggi, focus group e molti altri metodi e approcci di ricerca di mercato. Contattaci per il tuo prossimo progetto di ricerca di mercato.<\/p>","protected":false},"excerpt":{"rendered":"<p>A causa dell\u2019elevata versatilit\u00e0, dei bassi costi di produzione e della disponibilit\u00e0 complessiva degli oli vegetali, la loro domanda di mercato \u00e8 in costante aumento.<\/p>","protected":false},"author":1,"featured_media":64224,"parent":14514,"menu_order":185,"comment_status":"closed","ping_status":"closed","template":"","meta":{"footnotes":""},"class_list":["post-41568","page","type-page","status-publish","has-post-thumbnail"],"_links":{"self":[{"href":"https:\/\/www.sisinternational.com\/it\/wp-json\/wp\/v2\/pages\/41568","targetHints":{"allow":["GET"]}}],"collection":[{"href":"https:\/\/www.sisinternational.com\/it\/wp-json\/wp\/v2\/pages"}],"about":[{"href":"https:\/\/www.sisinternational.com\/it\/wp-json\/wp\/v2\/types\/page"}],"author":[{"embeddable":true,"href":"https:\/\/www.sisinternational.com\/it\/wp-json\/wp\/v2\/users\/1"}],"replies":[{"embeddable":true,"href":"https:\/\/www.sisinternational.com\/it\/wp-json\/wp\/v2\/comments?post=41568"}],"version-history":[{"count":6,"href":"https:\/\/www.sisinternational.com\/it\/wp-json\/wp\/v2\/pages\/41568\/revisions"}],"predecessor-version":[{"id":77674,"href":"https:\/\/www.sisinternational.com\/it\/wp-json\/wp\/v2\/pages\/41568\/revisions\/77674"}],"up":[{"embeddable":true,"href":"https:\/\/www.sisinternational.com\/it\/wp-json\/wp\/v2\/pages\/14514"}],"wp:featuredmedia":[{"embeddable":true,"href":"https:\/\/www.sisinternational.com\/it\/wp-json\/wp\/v2\/media\/64224"}],"wp:attachment":[{"href":"https:\/\/www.sisinternational.com\/it\/wp-json\/wp\/v2\/media?parent=41568"}],"curies":[{"name":"wp","href":"https:\/\/api.w.org\/{rel}","templated":true}]}}