{"id":41557,"date":"2023-02-13T03:15:47","date_gmt":"2023-02-13T03:15:47","guid":{"rendered":"https:\/\/www.sisinternational.com\/?page_id=41557"},"modified":"2026-01-24T21:21:41","modified_gmt":"2026-01-25T02:21:41","slug":"ricerche-di-mercato-sui-solventi","status":"publish","type":"page","link":"https:\/\/www.sisinternational.com\/it\/competenza\/ricerche-di-mercato-sui-solventi\/","title":{"rendered":"Ricerche di mercato sui solventi"},"content":{"rendered":"<h1 class=\"wp-block-heading\">Ricerche di mercato sui solventi<\/h1>\n\n\n\n<figure class=\"gb-block-image gb-block-image-0035eaec\"><img loading=\"lazy\" decoding=\"async\" width=\"1456\" height=\"816\" class=\"gb-image gb-image-0035eaec\" src=\"https:\/\/www.sisinternational.com\/wp-content\/uploads\/2025\/08\/Solvent-3.jpg\" alt=\"Ricerca e strategia di mercato internazionale SIS\" title=\"Solvent (3)\" srcset=\"https:\/\/www.sisinternational.com\/wp-content\/uploads\/2025\/08\/Solvent-3.jpg 1456w, https:\/\/www.sisinternational.com\/wp-content\/uploads\/2025\/08\/Solvent-3-300x168.jpg 300w, https:\/\/www.sisinternational.com\/wp-content\/uploads\/2025\/08\/Solvent-3-1024x574.jpg 1024w, https:\/\/www.sisinternational.com\/wp-content\/uploads\/2025\/08\/Solvent-3-768x430.jpg 768w, https:\/\/www.sisinternational.com\/wp-content\/uploads\/2025\/08\/Solvent-3-18x10.jpg 18w\" sizes=\"auto, (max-width: 1456px) 100vw, 1456px\"><\/figure>\n\n\n\n<p><\/p>\n\n\n\n<h2 class=\"wp-block-heading\">Cosa sono i solventi?<\/h2>\n\n\n\n<p>La maggior parte dei solventi sono in forma liquida. La loro funzione \u00e8 quella di sospendere, dissolvere o estrarre altre sostanze. Devono farlo senza modificare la composizione chimica del solvente o delle altre sostanze. Diversi solventi soddisfano esigenze specifiche per realizzare prodotti con le migliori caratteristiche prestazionali. Ad esempio, gli inchiostri che non sbavano sono solventi, cos\u00ec come le vernici spray che si asciugano rapidamente e non intasano l&#039;ugello di spruzzatura. Un altro esempio sono le vernici normali che hanno un bell&#039;aspetto e durano a lungo. Un altro ancora sono i detergenti forti, adatti per lavori pesanti e unti.<\/p>\n\n\n\n<p>Utilizziamo solventi per qualsiasi cosa, dai prodotti chimici per il lavaggio a secco al solvente per unghie. Sono presenti anche in alcuni farmaci. La maggior parte sono innocui, ma alcuni non sono sicuri. Molti dei solventi oggi in uso sono composti organici volatili. Pertanto, l\u2019industria dei solventi deve trovare sostituti pi\u00f9 sicuri ed efficienti. La maggior parte dei solventi sono liquidi, ma possono anche essere solidi o gassosi.<\/p>\n\n\n\n<h2 class=\"wp-block-heading\">Perch\u00e9 i solventi sono importanti?<\/h2>\n\n\n\n<p>I solventi sono vitali nell\u2019industria. Possono diluire, dissolvere e assorbire altri composti. Lo fanno senza alterare le loro propriet\u00e0 chimiche.<\/p>\n\n\n\n<p>Molte persone si riferiscono all&#039;acqua come al solvente universale, anche se non \u00e8 veramente universale. Lo chiamano cos\u00ec perch\u00e9 scioglie pi\u00f9 cose di qualsiasi altro liquido. La sua propriet\u00e0 come solvente \u00e8 vitale per la vita. Perch\u00e9? Perch\u00e9 pu\u00f2 trasportare minerali, sostanze chimiche e nutrienti essenziali. I solventi sono anche componenti di molti prodotti vitali per la vita moderna.<\/p>\n\n\n\n<h2 class=\"wp-block-heading\">Titoli di lavoro chiave<\/h2>\n\n\n\n<figure class=\"gb-block-image gb-block-image-d3a45f11\"><img loading=\"lazy\" decoding=\"async\" width=\"1456\" height=\"816\" class=\"gb-image gb-image-d3a45f11\" src=\"https:\/\/www.sisinternational.com\/wp-content\/uploads\/2025\/08\/Solvent-4.jpg\" alt=\"Ricerca e strategia di mercato internazionale SIS\" title=\"Solvent (4)\" srcset=\"https:\/\/www.sisinternational.com\/wp-content\/uploads\/2025\/08\/Solvent-4.jpg 1456w, https:\/\/www.sisinternational.com\/wp-content\/uploads\/2025\/08\/Solvent-4-300x168.jpg 300w, https:\/\/www.sisinternational.com\/wp-content\/uploads\/2025\/08\/Solvent-4-1024x574.jpg 1024w, https:\/\/www.sisinternational.com\/wp-content\/uploads\/2025\/08\/Solvent-4-768x430.jpg 768w, https:\/\/www.sisinternational.com\/wp-content\/uploads\/2025\/08\/Solvent-4-18x10.jpg 18w\" sizes=\"auto, (max-width: 1456px) 100vw, 1456px\"><\/figure>\n\n\n\n<ul class=\"wp-block-list\">\n<li>Chimico<\/li>\n\n\n\n<li>Manager di produzione<\/li>\n\n\n\n<li>Specialista in ricerca e sviluppo<\/li>\n\n\n\n<li>Specialista in vendite e marketing<\/li>\n\n\n\n<li>Ingegnere operativo della caldaia<\/li>\n\n\n\n<li>Operaio dell&#039;impianto di estrazione con solventi<\/li>\n\n\n\n<li>Specialista in appalti<\/li>\n\n\n\n<li>Specialista di marketing<\/li>\n\n\n\n<li>Perch\u00e9 le aziende hanno bisogno di ricerche di mercato sui solventi<\/li>\n<\/ul>\n\n\n\n<p>Market Research starts with figuring out what data your business needs. Once you get that info, you can have it analyzed. For example, demand for chemical solvents from various end-use industries (such as construction) is rising. Researchers expect this will have a positive impact and drive the global market.&nbsp;From this example, it\u2019s easy to see how you can derive insights that will help you make business decisions. The last part is vital because our concern is about business outcomes. We use research to discover problems at the start of the journey, and then progress with it to test solutions.<\/p>\n\n\n\n<p>La ricerca di mercato qualitativa \u00e8 vitale. \u00c8 di grande aiuto se desideri avviare un&#039;azienda solvibile o condurre un nuovo progetto. Lo stesso vale per la ricerca di mercato quantitativa.<\/p>\n\n\n\n<p>Do you need to carry out <a href=\"https:\/\/www.sisinternational.com\/it\/competenza\/industrie\/ricerche-di-mercato-sui-pesticidi\/\" title=\"Ricerche di mercato sui pesticidi\"  data-wpil-monitor-id=\"3381\">Ricerca sulle opportunit\u00e0 di mercato<\/a>? Not doing it is like planning a party at your home without inviting anyone. You can also liken it to traveling to a tropical island and packing woolen sweaters. Or buying a house without visiting the area.<\/p>\n\n\n\n<h2 class=\"wp-block-heading\">Fattori chiave del successo<\/h2>\n\n\n\n<p>UX Market Research is a key success factor in the solvent industry. It provides vital insights into your customer\u2019s needs and behaviors. Another key success factor is Strategic Market Research. This type of <a href=\"https:\/\/www.sisinternational.com\/it\/copertura\/le-americhe\/ricerche-di-mercato-nei-caraibi\/ricerche-di-mercato-grenada\/\" title=\"Ricerche di mercato a Grenada\"  data-wpil-monitor-id=\"3388\">research broadly studies the solvent market<\/a> and its sources. It is vital if your company is going through an acquisition process.<\/p>\n\n\n\n<p>Un altro fattore di successo \u00e8 l\u2019analisi competitiva, che pu\u00f2 aiutarti a individuare opportunit\u00e0 di innovazione. Ti consente di valorizzare i tuoi prodotti e servizi e promuovere la tua attivit\u00e0. In questo modo supererai le aziende rivali.<\/p>\n\n\n\n<h2 class=\"wp-block-heading\">Informazioni sulle ricerche di mercato sui solventi<\/h2>\n\n\n\n<figure class=\"gb-block-image gb-block-image-34eda96d\"><img loading=\"lazy\" decoding=\"async\" width=\"1456\" height=\"816\" class=\"gb-image gb-image-34eda96d\" src=\"https:\/\/www.sisinternational.com\/wp-content\/uploads\/2025\/08\/Solvent-5.jpg\" alt=\"Ricerca e strategia di mercato internazionale SIS\" title=\"Solvent (5)\" srcset=\"https:\/\/www.sisinternational.com\/wp-content\/uploads\/2025\/08\/Solvent-5.jpg 1456w, https:\/\/www.sisinternational.com\/wp-content\/uploads\/2025\/08\/Solvent-5-300x168.jpg 300w, https:\/\/www.sisinternational.com\/wp-content\/uploads\/2025\/08\/Solvent-5-1024x574.jpg 1024w, https:\/\/www.sisinternational.com\/wp-content\/uploads\/2025\/08\/Solvent-5-768x430.jpg 768w, https:\/\/www.sisinternational.com\/wp-content\/uploads\/2025\/08\/Solvent-5-18x10.jpg 18w\" sizes=\"auto, (max-width: 1456px) 100vw, 1456px\"><\/figure>\n\n\n\n<p><\/p>\n\n\n\n<p>Do you want to build new market segments? You will need to understand and attract new customer groups. SIS International delivers <a href=\"https:\/\/www.sisinternational.com\/it\/competenza\/industrie\/ricerche-di-mercato-sul-sushi\/\" title=\"Ricerche di mercato sui sushi\"  data-wpil-monitor-id=\"3419\">Ricerca sull&#039;ingresso nel mercato<\/a> solutions. We help companies reach beyond their current customer base.<\/p>\n\n\n\n<p>We also conduct <a href=\"https:\/\/www.sisinternational.com\/it\/competenza\/industrie\/ricerche-di-mercato-sullolio-di-palma\/\" title=\"Ricerche di mercato sull\u2019olio di palma\"  data-wpil-monitor-id=\"3452\">Ricerca sul dimensionamento del mercato<\/a>, which is a crucial step. It enables you to figure out the demand for your product and find the best ways to distribute it. It will increase your brand share of the total market.<\/p>\n\n\n\n<p>Organizziamo focus group, sondaggi e interviste per aiutarti a tracciare la tua strategia di accesso al mercato. SIS ti fornisce le informazioni necessarie per lanciare nuovi prodotti e servizi. Queste intuizioni mitigano i rischi inerenti al lancio di un nuovo prodotto.<\/p>\n\n\n\n<p>Una tipica strategia Go to Market include un piano concreto di vendita e distribuzione. SIS creer\u00e0 profili di mercato target per la tua azienda come parte di tale strategia. Forniremo anche un piano di marketing per garantire il successo della tua azienda.<\/p>","protected":false},"excerpt":{"rendered":"<p>I solventi sono vitali nell\u2019industria. Diluiscono, dissolvono e assorbono altri composti. Lo fanno senza alterare le loro propriet\u00e0 chimiche.<\/p>","protected":false},"author":1,"featured_media":63871,"parent":14514,"menu_order":183,"comment_status":"closed","ping_status":"closed","template":"","meta":{"footnotes":""},"class_list":["post-41557","page","type-page","status-publish","has-post-thumbnail"],"_links":{"self":[{"href":"https:\/\/www.sisinternational.com\/it\/wp-json\/wp\/v2\/pages\/41557","targetHints":{"allow":["GET"]}}],"collection":[{"href":"https:\/\/www.sisinternational.com\/it\/wp-json\/wp\/v2\/pages"}],"about":[{"href":"https:\/\/www.sisinternational.com\/it\/wp-json\/wp\/v2\/types\/page"}],"author":[{"embeddable":true,"href":"https:\/\/www.sisinternational.com\/it\/wp-json\/wp\/v2\/users\/1"}],"replies":[{"embeddable":true,"href":"https:\/\/www.sisinternational.com\/it\/wp-json\/wp\/v2\/comments?post=41557"}],"version-history":[{"count":8,"href":"https:\/\/www.sisinternational.com\/it\/wp-json\/wp\/v2\/pages\/41557\/revisions"}],"predecessor-version":[{"id":77665,"href":"https:\/\/www.sisinternational.com\/it\/wp-json\/wp\/v2\/pages\/41557\/revisions\/77665"}],"up":[{"embeddable":true,"href":"https:\/\/www.sisinternational.com\/it\/wp-json\/wp\/v2\/pages\/14514"}],"wp:featuredmedia":[{"embeddable":true,"href":"https:\/\/www.sisinternational.com\/it\/wp-json\/wp\/v2\/media\/63871"}],"wp:attachment":[{"href":"https:\/\/www.sisinternational.com\/it\/wp-json\/wp\/v2\/media?parent=41557"}],"curies":[{"name":"wp","href":"https:\/\/api.w.org\/{rel}","templated":true}]}}