{"id":41545,"date":"2023-02-13T02:33:46","date_gmt":"2023-02-13T02:33:46","guid":{"rendered":"https:\/\/www.sisinternational.com\/?page_id=41545"},"modified":"2025-10-20T01:12:35","modified_gmt":"2025-10-20T05:12:35","slug":"ricerche-di-mercato-sul-propano","status":"publish","type":"page","link":"https:\/\/www.sisinternational.com\/it\/competenza\/ricerche-di-mercato-sul-propano\/","title":{"rendered":"Ricerche di mercato sul propano"},"content":{"rendered":"<h1 class=\"wp-block-heading\">Ricerche di mercato sul propano<\/h1>\n\n\n\n<figure class=\"gb-block-image gb-block-image-00eaaa8c\"><img loading=\"lazy\" decoding=\"async\" width=\"1456\" height=\"816\" class=\"gb-image gb-image-00eaaa8c\" src=\"https:\/\/www.sisinternational.com\/wp-content\/uploads\/2025\/08\/Butane-2.jpg\" alt=\"Ricerca e strategia di mercato internazionale SIS\" title=\"Butane (2)\" srcset=\"https:\/\/www.sisinternational.com\/wp-content\/uploads\/2025\/08\/Butane-2.jpg 1456w, https:\/\/www.sisinternational.com\/wp-content\/uploads\/2025\/08\/Butane-2-300x168.jpg 300w, https:\/\/www.sisinternational.com\/wp-content\/uploads\/2025\/08\/Butane-2-1024x574.jpg 1024w, https:\/\/www.sisinternational.com\/wp-content\/uploads\/2025\/08\/Butane-2-768x430.jpg 768w, https:\/\/www.sisinternational.com\/wp-content\/uploads\/2025\/08\/Butane-2-18x10.jpg 18w\" sizes=\"auto, (max-width: 1456px) 100vw, 1456px\"><\/figure>\n\n\n\n<p><\/p>\n\n\n\n<p>La ricerca di mercato del propano esplora l&#039;industria del propano, le sue tendenze di mercato e il suo impatto su vari settori sia nelle imprese che nell&#039;economia. Oltre all&#039;analisi dei dati e delle strategie nel settore del propano, la ricerca di mercato fornisce approfondimenti sulle dinamiche di mercato che coprono fattori essenziali come gli indicatori di prezzo e di domanda.<\/p>\n\n\n\n<h2 class=\"wp-block-heading\">Cos&#039;\u00e8 il propano?<\/h2>\n\n\n\n<p>Il propano, classificato come GPL (gas di petrolio liquefatto), \u00e8 un gas che pu\u00f2 essere convertito in forma liquefatta. A pressione e temperatura standard, il propano \u00e8 sotto forma di gas ma pu\u00f2 essere compresso e convertito in uno stato liquefatto. Tipicamente utilizzato come fonte di combustibile, il propano \u00e8 un coprodotto della raffinazione del petrolio greggio e della lavorazione del gas naturale.<\/p>\n\n\n\n<h3 class=\"wp-block-heading\">Ulteriori fatti sul propano<\/h3>\n\n\n\n<ul class=\"wp-block-list\">\n<li>Come idrocarburo, la struttura molecolare del propano \u00e8 composta da 3 atomi di carbonio e otto atomi di idrogeno.<\/li>\n\n\n\n<li>Il propano, nel suo stato naturale, \u00e8 incolore e inodore. Tuttavia, ha l&#039;aspetto dell&#039;acqua in forma liquida e bolle a -42\u00b0C, trasformandola in vapore gassoso.<\/li>\n\n\n\n<li>Il propano \u00e8 GPL, ma non tutto il GPL \u00e8 propano. Altri esempi di GPL sono butilene, propilene, isobutano e butano.<\/li>\n\n\n\n<li>\u00c8 possibile comprimere il gas propano in un liquido a una pressione relativamente bassa.<\/li>\n\n\n\n<li>Il propano viene immagazzinato principalmente come liquido. I contenitori di stoccaggio includono recipienti di acciaio, bombole di gas o possono essere bombole di gas e serbatoi di stoccaggio pi\u00f9 grandi.<\/li>\n\n\n\n<li>Le dimensioni e i volumi dei serbatoi di stoccaggio del propano dipendono principalmente dalla loro applicazione.<\/li>\n\n\n\n<li>Le esplosioni dei serbatoi di propano si verificano raramente, ma quando ci\u00f2 accade \u00e8 dovuto al fatto che si trovano nelle giuste circostanze, ad esempio entro i limiti di infiammabilit\u00e0.<\/li>\n<\/ul>\n\n\n\n<h2 class=\"wp-block-heading\">Comprensione degli usi del propano per le ricerche di mercato sul propano<\/h2>\n\n\n\n<p><a href=\"https:\/\/www.sisinternational.com\/it\/sis-case-study-sugli-approfondimenti-sui-negozi-in-tutto-il-mondo\/\" title=\"In-Store Shopper Insights: caso di studio di ricerche di mercato\"  data-wpil-monitor-id=\"8990\">Market Research provides insights<\/a> into the propane industry, and understanding the use of propane will add value to the information gathered.<\/p>\n\n\n\n<h3 class=\"wp-block-heading\">Usi comuni del propano:<\/h3>\n\n\n\n<ul class=\"wp-block-list\">\n<li>Il propano ha centinaia di usi nelle attivit\u00e0 quotidiane, come cucinare, caminetti, riscaldamento esterno per piscine e cortili e generatori di riserva.<\/li>\n\n\n\n<li>Il propano viene utilizzato nei sistemi di riscaldamento domestico tramite stufe a gas fluido o stufe a gas portatili.<\/li>\n\n\n\n<li>Viene utilizzato anche per alimentare elettrodomestici come asciugatrici, scaldabagni, fornelli a gas, frigoriferi e congelatori.<\/li>\n\n\n\n<li>Il propano \u00e8 anche la fonte di carburante per alcuni veicoli come gli autobus e i trasporti sia privati che pubblici. Inoltre, viene utilizzato nei veicoli ricreativi, nelle mongolfiere, nelle barche e nelle roulotte.<\/li>\n<\/ul>\n\n\n\n<h3 class=\"wp-block-heading\">Applicazione industriale e commerciale del propano:<\/h3>\n\n\n\n<figure class=\"gb-block-image gb-block-image-eeb5df19\"><img loading=\"lazy\" decoding=\"async\" width=\"1456\" height=\"816\" class=\"gb-image gb-image-eeb5df19\" src=\"https:\/\/www.sisinternational.com\/wp-content\/uploads\/2025\/08\/Butane-1.jpg\" alt=\"Ricerca e strategia di mercato internazionale SIS\" title=\"Butane (1)\" srcset=\"https:\/\/www.sisinternational.com\/wp-content\/uploads\/2025\/08\/Butane-1.jpg 1456w, https:\/\/www.sisinternational.com\/wp-content\/uploads\/2025\/08\/Butane-1-300x168.jpg 300w, https:\/\/www.sisinternational.com\/wp-content\/uploads\/2025\/08\/Butane-1-1024x574.jpg 1024w, https:\/\/www.sisinternational.com\/wp-content\/uploads\/2025\/08\/Butane-1-768x430.jpg 768w, https:\/\/www.sisinternational.com\/wp-content\/uploads\/2025\/08\/Butane-1-18x10.jpg 18w\" sizes=\"auto, (max-width: 1456px) 100vw, 1456px\"><\/figure>\n\n\n\n<ul class=\"wp-block-list\">\n<li>Nell\u2019industria manifatturiera, il propano \u00e8 una fonte di energia pulita e affidabile in grado di alimentare generatori e veicoli e fungere da refrigerante.<\/li>\n\n\n\n<li>Il propano \u00e8 il gas preferito nell&#039;industria della fusione o fusione dei metalli perch\u00e9 pu\u00f2 bruciare fino a quasi 2000 gradi Celsius. Pu\u00f2 essere utilizzato in forni e strutture per fondere oro, argento, rame, ottone, bronzo, ghisa e altri metalli.<\/li>\n\n\n\n<li>Nel settore delle macchine da stampa, il propano viene utilizzato per la stampa su larga scala. Le industrie della stampa utilizzano gas propano caldo per accelerare l&#039;essiccazione dell&#039;inchiostro su varie superfici di materiali di stampa, come carta, glassine, cellophane e fogli di alluminio.<\/li>\n\n\n\n<li>L&#039;industria agricola utilizza il propano anche in compiti importanti come il diserbo, le pompe per l&#039;irrigazione e le attrezzature per l&#039;essiccazione delle colture come essiccatoi per tabacco, essiccatori per fieno, essiccatori per mais e altro ancora.<\/li>\n<\/ul>\n\n\n\n<h2 class=\"wp-block-heading\">Ambito della ricerca di mercato sul propano<\/h2>\n\n\n\n<p><a href=\"https:\/\/www.sisinternational.com\/it\/soluzioni\/soluzioni-di-ricerca-quantitativa-qualitativa\/ricerche-di-mercato-sui-fattori-umani\/\" title=\"Ricerche di mercato sui fattori umani\"  data-wpil-monitor-id=\"8991\">Ricerca di mercato<\/a> provides insights into the various factors impacting the Propane industry. Below are some market drivers that are part of the market scope and segmentation.<\/p>\n\n\n\n<h3 class=\"wp-block-heading\">La necessit\u00e0 di combustibili alternativi per la sostenibilit\u00e0 economica e ambientale<\/h3>\n\n\n\n<p>Quando si consumano combustibili convenzionali come diesel e benzina, si genera una grande quantit\u00e0 di anidride carbonica. Ci\u00f2 aumenta l\u2019impronta di carbonio complessiva. Il propano emette leggermente meno del gas naturale. Di conseguenza, durante la combustione produce meno sottoprodotti di carbonio rispetto ai combustibili tradizionali. Le agenzie governative stanno stabilendo regolamenti e leggi per incoraggiare l\u2019uso di combustibili a basse emissioni di carbonio.<\/p>\n\n\n\n<h3 class=\"wp-block-heading\">Impatto dei prezzi sull&#039;industria del propano<\/h3>\n\n\n\n<p>L\u2019aumento dei prezzi dei carburanti e l\u2019esaurimento delle risorse naturali stanno aumentando il desiderio di combustibili pi\u00f9 ecologici e puliti. I motori a propano emettono una percentuale inferiore di varie emissioni di carbonio rispetto ai motori a benzina. Inoltre, i motori a propano generano meno idrocarburi che causano smog rispetto ai motori diesel. In termini di prezzo, contenuto energetico e impatto ambientale, il gas naturale liquefatto supera il petrolio greggio. Si prevede che ci\u00f2 aumenter\u00e0 la domanda di propano.<\/p>\n\n\n\n<h3 class=\"wp-block-heading\">Domanda significativa di GPL<\/h3>\n\n\n\n<p>Il GPL contiene una quantit\u00e0 significativa di propano. In alcune nazioni contribuisce per circa il 100% al contenuto di GPL. L\u2019aumento della popolazione mondiale e il sostanziale aumento del reddito disponibile, soprattutto nei paesi in via di sviluppo, stanno guidando la crescente domanda di GPL per il fabbisogno energetico residenziale.<\/p>\n\n\n\n<h2 class=\"wp-block-heading\">Opportunit\u00e0 nel settore del mercato del propano<\/h2>\n\n\n\n<p>Overall, the propane market industry is highly exclusive and is continuously experiencing consolidation. As various industrial and business sector sites compete against one another, the propane market has a tremendous chance. Another potential is to adhere to the government&#8217;s rules and regulations so that not only the government but also the <a href=\"https:\/\/www.sisinternational.com\/it\/pubblicazioni\/comportamento-dellacquirente-dopo-il-nuovo-consumatore-legato-al-coronavirus\/\" title=\"Comportamento degli acquirenti dopo il coronavirus: ricerche di mercato sui consumatori\"  data-wpil-monitor-id=\"8992\">consumers can become the market&#8217;s<\/a> foundation.<\/p>\n\n\n\n<h3 class=\"wp-block-heading\">Fluttuazione dei costi del carburante come limitazioni nel mercato del propano<\/h3>\n\n\n\n<p>Changes in the prices of petroleum and crude oil, as well as the detrimental effects of propane at greater concentrations, will function as significant restraints on the expansion of the propane industry. Mineral oil will face market hurdles due to insufficient <a href=\"https:\/\/www.sisinternational.com\/it\/analisi-della-soddisfazione-del-cliente\/\" title=\"8 modi per aumentare la soddisfazione del cliente nel commercio al dettaglio\"  data-wpil-monitor-id=\"8988\">retail infrastructure for propane and inadequate consumer<\/a> knowledge.<\/p>\n\n\n\n<h2 class=\"wp-block-heading\">La ricerca di mercato del propano fornisce approfondimenti basati sui seguenti fattori:<\/h2>\n\n\n\n<ul class=\"wp-block-list\">\n<li>dettagli sui recenti sviluppi del mercato<\/li>\n\n\n\n<li>analisi import-export e analisi della produzione<\/li>\n\n\n\n<li>valore <a href=\"https:\/\/www.sisinternational.com\/it\/soluzioni\/consulenza-strategica\/ricerche-di-mercato-sulla-catena-di-fornitura\/\" title=\"Ricerche di mercato sulla catena di fornitura\"  data-wpil-monitor-id=\"8994\">chain optimization and market<\/a> share<\/li>\n\n\n\n<li>impatto degli operatori del mercato nazionale e localizzato<\/li>\n\n\n\n<li>analizzare le opportunit\u00e0 in termini di entrate emergenti,<\/li>\n\n\n\n<li>impact of the <a href=\"https:\/\/www.sisinternational.com\/it\/competenza\/industrie\/ricerche-di-mercato-sui-cambiamenti-climatici\/\" title=\"Ricerche di mercato sui cambiamenti climatici\"  data-wpil-monitor-id=\"8995\">changes in market<\/a> regulations<\/li>\n\n\n\n<li>strategic <a href=\"https:\/\/www.sisinternational.com\/it\/soluzioni\/soluzioni-di-ricerca-quantitativa-qualitativa\/ricerca-di-mercato-analisi-chaid\/\" title=\"Ricerche di mercato sull&#039;analisi CHAID\"  data-wpil-monitor-id=\"8993\">market growth analysis<\/a><\/li>\n\n\n\n<li>valutare le nicchie applicative e la posizione dominante<\/li>\n<\/ul>\n\n\n\n<p>Altri fattori che possono avere un impatto sul mercato del propano, come l\u2019approvazione dei prodotti, il lancio di nuovi prodotti e l\u2019espansione geografica<\/p>\n\n\n\n<h2 class=\"wp-block-heading\">Informazioni sulla ricerca di mercato sul propano<\/h2>\n\n\n\n<p>Il GPL \u00e8 una moderna fonte di energia con un impatto ambientale minimo. Viene utilizzato in una variet\u00e0 di contesti, tra cui agricoltura, generatori di energia, riscaldamento, cucina e attivit\u00e0 ricreative. L\u2019uso globale del GPL \u00e8 aumentato a seguito di iniziative internazionali e locali volte a incoraggiare gli utenti finali a passare dalle fonti energetiche convenzionali a quelle rinnovabili.<\/p>\n\n\n\n<p>The propane market research includes in-depth expert analysis of market scenarios such as market value, growth rate, segmentation, geographical coverage, and major players in the industry. The end report will be beneficial for critical players in the propane industry who <a href=\"https:\/\/www.sisinternational.com\/it\/la-necessita-di-intelligenza-competitiva-in-questa-recessione\/\" title=\"La necessit\u00e0 di intelligence competitiva in una recessione\"  data-wpil-monitor-id=\"8989\">needs data and strategies<\/a> in the propane industry for decision-making and marketing implementations.<\/p>","protected":false},"excerpt":{"rendered":"<p>La ricerca di mercato del propano esplora l&#039;industria del propano, le sue tendenze di mercato e il suo impatto su vari settori commerciali ed economici.<\/p>","protected":false},"author":1,"featured_media":63923,"parent":14514,"menu_order":180,"comment_status":"closed","ping_status":"closed","template":"","meta":{"footnotes":""},"class_list":["post-41545","page","type-page","status-publish","has-post-thumbnail"],"_links":{"self":[{"href":"https:\/\/www.sisinternational.com\/it\/wp-json\/wp\/v2\/pages\/41545","targetHints":{"allow":["GET"]}}],"collection":[{"href":"https:\/\/www.sisinternational.com\/it\/wp-json\/wp\/v2\/pages"}],"about":[{"href":"https:\/\/www.sisinternational.com\/it\/wp-json\/wp\/v2\/types\/page"}],"author":[{"embeddable":true,"href":"https:\/\/www.sisinternational.com\/it\/wp-json\/wp\/v2\/users\/1"}],"replies":[{"embeddable":true,"href":"https:\/\/www.sisinternational.com\/it\/wp-json\/wp\/v2\/comments?post=41545"}],"version-history":[{"count":3,"href":"https:\/\/www.sisinternational.com\/it\/wp-json\/wp\/v2\/pages\/41545\/revisions"}],"predecessor-version":[{"id":81504,"href":"https:\/\/www.sisinternational.com\/it\/wp-json\/wp\/v2\/pages\/41545\/revisions\/81504"}],"up":[{"embeddable":true,"href":"https:\/\/www.sisinternational.com\/it\/wp-json\/wp\/v2\/pages\/14514"}],"wp:featuredmedia":[{"embeddable":true,"href":"https:\/\/www.sisinternational.com\/it\/wp-json\/wp\/v2\/media\/63923"}],"wp:attachment":[{"href":"https:\/\/www.sisinternational.com\/it\/wp-json\/wp\/v2\/media?parent=41545"}],"curies":[{"name":"wp","href":"https:\/\/api.w.org\/{rel}","templated":true}]}}