{"id":41542,"date":"2023-02-13T02:22:20","date_gmt":"2023-02-13T02:22:20","guid":{"rendered":"https:\/\/www.sisinternational.com\/?page_id=41542"},"modified":"2026-01-25T17:17:28","modified_gmt":"2026-01-25T22:17:28","slug":"ricerche-di-mercato-nel-settore-della-fotografia","status":"publish","type":"page","link":"https:\/\/www.sisinternational.com\/it\/competenza\/ricerche-di-mercato-nel-settore-della-fotografia\/","title":{"rendered":"Ricerche di mercato nel settore della fotografia"},"content":{"rendered":"<h1 class=\"wp-block-heading\">Ricerche di mercato nel settore della fotografia<\/h1>\n\n\n\n<p><\/p>\n\n\n\n<figure class=\"gb-block-image gb-block-image-1243a93b\"><img loading=\"lazy\" decoding=\"async\" width=\"1456\" height=\"816\" class=\"gb-image gb-image-1243a93b\" src=\"https:\/\/www.sisinternational.com\/wp-content\/uploads\/2025\/08\/Photography-2.jpg\" alt=\"Ricerca e strategia di mercato internazionale SIS\" title=\"Photography (2)\" srcset=\"https:\/\/www.sisinternational.com\/wp-content\/uploads\/2025\/08\/Photography-2.jpg 1456w, https:\/\/www.sisinternational.com\/wp-content\/uploads\/2025\/08\/Photography-2-300x168.jpg 300w, https:\/\/www.sisinternational.com\/wp-content\/uploads\/2025\/08\/Photography-2-1024x574.jpg 1024w, https:\/\/www.sisinternational.com\/wp-content\/uploads\/2025\/08\/Photography-2-768x430.jpg 768w, https:\/\/www.sisinternational.com\/wp-content\/uploads\/2025\/08\/Photography-2-18x10.jpg 18w\" sizes=\"auto, (max-width: 1456px) 100vw, 1456px\"><\/figure>\n\n\n\n<p>L\u2019ascesa dei social media ha mostrato il potere di influenza. Le persone iniziano a utilizzare queste piattaforme per condividere foto e contenuti online affinch\u00e9 il mondo possa vederli. Uno dei settori colpiti positivamente da questo aumento \u00e8 l\u2019industria della fotografia.<\/p>\n\n\n\n<p>L\u2019industria della fotografia ha registrato una crescita costante nel corso degli anni grazie alla costante domanda dei consumatori. Si prevede che manterr\u00e0 il suo slancio man mano che il settore si espande e introduce nuove nicchie e innovazioni nel mercato.<\/p>\n\n\n\n<p>The growth creates more lucrative opportunities, challenging enterprises to keep up with the latest developments and market trends to lead and dominate the competition. Hence, the Photography <a href=\"https:\/\/www.sisinternational.com\/it\/ricerche-di-mercato-nel-settore-dellistruzione\/\" title=\"Ricerche di mercato nel settore dell&#039;istruzione\"  data-wpil-monitor-id=\"1806\">Industry Market Research<\/a> has been gaining traction as it guides businesses and professionals to understand the market with in-depth analysis and discussions.<\/p>\n\n\n\n<h2 class=\"wp-block-heading\">L\u2019importanza delle ricerche di mercato nel settore della fotografia<\/h2>\n\n\n\n<p>The Photography <a href=\"https:\/\/www.sisinternational.com\/it\/competenza\/industrie\/ricerche-di-mercato-nel-settore-del-design-industriale\/\" title=\"Ricerche di mercato sul design industriale\"  data-wpil-monitor-id=\"4152\">Industry Market Research<\/a> is essential in understanding the ever-changing environment of the industry, changes in consumer behavior, developments in the technology used, and analyzing the competition. Therefore, it helps enterprises determine their next business decision with all the factors considered.<\/p>\n\n\n\n<h3 class=\"wp-block-heading\">Diversi metodi per acquisire informazioni per la ricerca includono, ma non sono limitati a, quanto segue:<\/h3>\n\n\n\n<ul class=\"wp-block-list\">\n<li>Sondaggio tra clienti e\/o stakeholder<\/li>\n\n\n\n<li>Intervista alle autorit\u00e0 competenti<\/li>\n\n\n\n<li>Suddivisione di nuovi prodotti, servizi e\/o ultime tendenze<\/li>\n\n\n\n<li>Analisi della concorrenza all&#039;interno della stessa regione\/citt\u00e0<\/li>\n\n\n\n<li>Osservazione del comportamento del cliente<\/li>\n<\/ul>\n\n\n\n<p>Se portato a termine con successo, i dati rilevanti raccolti fungeranno da strumento nel processo decisionale. Pertanto, la creazione della ricerca di mercato iniziale \u00e8 fondamentale per determinare la fattibilit\u00e0 di un\u2019azienda e il modo in cui resister\u00e0 ai problemi gi\u00e0 esistenti e potenziali nel settore. In assenza di ci\u00f2, ci\u00f2 pu\u00f2 portare a un costoso passo falso e pu\u00f2 persino riportare l\u2019azienda qualche passo indietro.<\/p>\n\n\n\n<p>In addition, the Photography <a href=\"https:\/\/www.sisinternational.com\/it\/competenza\/industrie\/ricerche-di-mercato-nellautomazione-industriale\/\" title=\"Ricerche di mercato sull&#039;automazione industriale\"  data-wpil-monitor-id=\"4803\">Industry Market Research<\/a> serves in developing marketing strategies to effectively reach the company&#8217;s target audience. It is also instrumental in ensuring that the enterprise considers the environment and culture in which it wishes to operate.<\/p>\n\n\n\n<h2 class=\"wp-block-heading\">Principali titoli professionali nel settore della fotografia<\/h2>\n\n\n\n<p>Sebbene ruoti attorno allo stesso servizio, l\u2019industria della fotografia ha diversi segmenti di nicchia. Per saperne di pi\u00f9 su di loro, ecco alcuni dei titoli di lavoro chiave pi\u00f9 noti nel settore della fotografia:<\/p>\n\n\n\n<ul class=\"wp-block-list\">\n<li>Fotografo commerciale: collabora principalmente con clienti che si concentrano su usi commerciali o marketing, come editoriali, campagne pubblicitarie e scatti di prodotti.<\/li>\n\n\n\n<li>Fotoreporter\/Fotografo di notizie: si concentra sull&#039;acquisizione di foto per pubblicazioni di notizie, coprendo storie diverse da vari campi.<\/li>\n\n\n\n<li>Fotografo di eventi: solitamente un&#039;impresa di piccole e medie dimensioni che copre eventi frenetici, come matrimoni, concerti e feste.<\/li>\n\n\n\n<li>Fotografo freelance: un professionista che lavora in base alle esigenze di un cliente, concentrandosi generalmente su una nicchia specifica della fotografia.<\/li>\n\n\n\n<li>Photo Editor: principalmente colui che modifica il filmato grezzo del fotografo, sebbene i photo editor possano anche fungere da coordinatore e manager generale.<\/li>\n\n\n\n<li>Art Director: Colui che dirige il fotografo del concept che voleva ottenere dallo scatto; di solito prepara lo storyboard come ispirazione per le foto.<\/li>\n<\/ul>\n\n\n\n<h2 class=\"wp-block-heading\">Fotocamere comunemente utilizzate nel settore della fotografia<\/h2>\n\n\n\n<p>I professionisti si distinguono con i loro stili e le loro fotocamere. Trovano la migliore configurazione della fotocamera che funzioner\u00e0 per la loro nicchia e il loro ambiente specifici. Alcuni dei tipi pi\u00f9 comuni di fotocamere utilizzate sono:<\/p>\n\n\n\n<ul class=\"wp-block-list\">\n<li>Fotocamera DSLR: comunemente utilizzata per usi commerciali grazie alle sue immagini ad alta risoluzione, che offrono immagini nitide e dettagliate.<\/li>\n\n\n\n<li>Fotocamera Mirrorless: ha guadagnato attrazione per il loro design compatto e senza specchio interno; funge da alternativa alla fotocamera DSLR per il suo peso leggero, popolare tra i professionisti che scattano all&#039;aperto.<\/li>\n\n\n\n<li>Bridge Camera: utilizzata generalmente in quanto riprende perfettamente qualsiasi soggetto; anche per i professionisti interessati all&#039;ampia escursione dello zoom.<\/li>\n\n\n\n<li>Cinecamera digitale: utilizzata anche per scopi commerciali per la sua risoluzione 4K e le opzioni di obiettivi intercambiabili, sebbene ora siano comunemente utilizzate per la registrazione video.<\/li>\n<\/ul>\n\n\n\n<h2 class=\"wp-block-heading\">Tendenze e opportunit\u00e0 nel settore della fotografia<\/h2>\n\n\n\n<p>Con la continua espansione del settore della fotografia, nuove tecnologie e opportunit\u00e0 vengono gradualmente introdotte sul mercato, ed eccone alcune rilevanti:<\/p>\n\n\n\n<ul class=\"wp-block-list\">\n<li>Cabine\/Studio Self-Service: una delle tecnologie pi\u00f9 popolari, che attrae le generazioni pi\u00f9 giovani per la sua opzione self-service. Viene preparata la configurazione della fotocamera e i consumatori possono scattare foto di se stessi entro un tempo limitato. Tuttavia, i redattori di foto li assisteranno dopo la sessione fotografica del cliente.<\/li>\n\n\n\n<li>Funzionalit\u00e0 GPS inclusa: un&#039;altra nuova tecnologia adattata sono le unit\u00e0 GPS nelle fotocamere. Registra automaticamente i luoghi in cui sono state scattate le foto catturate, complete di sistema di coordinate.<\/li>\n\n\n\n<li>Modifica sulla fotocamera: questa nuova funzionalit\u00e0 consentir\u00e0 ai fotografi di modificare automaticamente i propri filmati grezzi sulla propria fotocamera. Conterr\u00e0 gli strumenti di base, come il ridimensionamento e la regolazione del bilanciamento del bianco.<\/li>\n\n\n\n<li>Fotocamere pi\u00f9 compatte: vengono introdotti nuovi design di fotocamere per funzionare allo stesso modo della DSLR ma con peso pi\u00f9 leggero e dimensioni pi\u00f9 piccole. Le fotocamere mirrorless sono state i progetti pionieristici.<\/li>\n\n\n\n<li>Obiettivo Ultra Zoom: questa tecnologia emergente \u00e8 molto attesa, anche per gli hobbisti. Promette di scattare foto da molto lontano scattando immagini nitide, il che lo rende molto richiesto dagli osservatori del cielo e dai fotografi all&#039;aperto. Si presume inoltre che l&#039;obiettivo Ultra Zoom faccia miracoli nello scattare una foto di dettagli minuti sugli oggetti.<\/li>\n<\/ul>\n\n\n\n<h2 class=\"wp-block-heading\">Sfide nel settore della fotografia<\/h2>\n\n\n\n<p>Nonostante tutte le opportunit\u00e0 offerte dall\u2019industria della fotografia, presenta una buona dose di sfide. Le aziende si trovano ad affrontare il problema delle nuove tecnologie che potrebbero prendere il sopravvento sulla loro attivit\u00e0 o di come un fotografo tradizionale si confronta con una persona media con una macchina fotografica.<\/p>\n\n\n\n<h3 class=\"wp-block-heading\">Queste sono le sfide che stanno mettendo a dura prova il settore della fotografia:<\/h3>\n\n\n\n<ul class=\"wp-block-list\">\n<li>Generatore di immagini AI: si afferma che i generatori di AI sostituiscano i ruoli degli editor di foto. A differenza di quest&#039;ultima, l&#039;intelligenza artificiale pu\u00f2 modificare una foto grezza con un clic di un pulsante senza utilizzare alcuno strumento di modifica software, risparmiando tempo e denaro per le aziende.<\/li>\n\n\n\n<li>L&#039;abbondanza di smartphone: quasi tutti hanno un telefono con fotocamera. Significa una minore necessit\u00e0 di un fotografo a meno che non si tratti di un grande evento. Le persone scattano \u201critratti\u201d e foto di famiglia utilizzando i loro telefoni, senza alcun costo e senza appuntamento.<\/li>\n\n\n\n<li>Fotografi \u201cillegittimi\u201d: le piattaforme di social media sono luoghi fantastici per sostenere la tua attivit\u00e0 e le tue competenze, ma significa anche che \u201cpersone con una macchina fotografica\u201d possono partecipare al concorso. La maggior parte di queste persone non ha la corretta comprensione di come scattare o modificare una foto.<\/li>\n\n\n\n<li>Violazione del copyright: sempre nell&#039;ambito dei social media, i fotografi possono farsi \u201crubare\u201d le loro foto da altri creatori di contenuti.<\/li>\n<\/ul>","protected":false},"excerpt":{"rendered":"<p>Le ricerche di mercato nel settore della fotografia sono fondamentali per comprendere il comportamento dei consumatori, gli sviluppi tecnologici e analizzare la concorrenza.<\/p>","protected":false},"author":1,"featured_media":64318,"parent":14514,"menu_order":179,"comment_status":"closed","ping_status":"closed","template":"","meta":{"footnotes":""},"class_list":["post-41542","page","type-page","status-publish","has-post-thumbnail"],"_links":{"self":[{"href":"https:\/\/www.sisinternational.com\/it\/wp-json\/wp\/v2\/pages\/41542","targetHints":{"allow":["GET"]}}],"collection":[{"href":"https:\/\/www.sisinternational.com\/it\/wp-json\/wp\/v2\/pages"}],"about":[{"href":"https:\/\/www.sisinternational.com\/it\/wp-json\/wp\/v2\/types\/page"}],"author":[{"embeddable":true,"href":"https:\/\/www.sisinternational.com\/it\/wp-json\/wp\/v2\/users\/1"}],"replies":[{"embeddable":true,"href":"https:\/\/www.sisinternational.com\/it\/wp-json\/wp\/v2\/comments?post=41542"}],"version-history":[{"count":6,"href":"https:\/\/www.sisinternational.com\/it\/wp-json\/wp\/v2\/pages\/41542\/revisions"}],"predecessor-version":[{"id":78761,"href":"https:\/\/www.sisinternational.com\/it\/wp-json\/wp\/v2\/pages\/41542\/revisions\/78761"}],"up":[{"embeddable":true,"href":"https:\/\/www.sisinternational.com\/it\/wp-json\/wp\/v2\/pages\/14514"}],"wp:featuredmedia":[{"embeddable":true,"href":"https:\/\/www.sisinternational.com\/it\/wp-json\/wp\/v2\/media\/64318"}],"wp:attachment":[{"href":"https:\/\/www.sisinternational.com\/it\/wp-json\/wp\/v2\/media?parent=41542"}],"curies":[{"name":"wp","href":"https:\/\/api.w.org\/{rel}","templated":true}]}}