{"id":41537,"date":"2023-02-13T00:42:33","date_gmt":"2023-02-13T00:42:33","guid":{"rendered":"https:\/\/www.sisinternational.com\/?page_id=41537"},"modified":"2026-01-25T18:25:07","modified_gmt":"2026-01-25T23:25:07","slug":"ricerche-sul-mercato-petrolifero","status":"publish","type":"page","link":"https:\/\/www.sisinternational.com\/it\/competenza\/ricerche-sul-mercato-petrolifero\/","title":{"rendered":"Ricerche sul mercato del petrolio"},"content":{"rendered":"<h1 class=\"wp-block-heading\">Ricerche sul mercato del petrolio<\/h1>\n\n\n\n<figure class=\"gb-block-image gb-block-image-0e2cb1cb\"><img loading=\"lazy\" decoding=\"async\" width=\"1456\" height=\"816\" class=\"gb-image gb-image-0e2cb1cb\" src=\"https:\/\/www.sisinternational.com\/wp-content\/uploads\/2025\/08\/Oit-petroleum-petrochemical-5.jpg\" alt=\"Ricerca e strategia di mercato internazionale SIS\" title=\"Oit petroleum petrochemical (5)\" srcset=\"https:\/\/www.sisinternational.com\/wp-content\/uploads\/2025\/08\/Oit-petroleum-petrochemical-5.jpg 1456w, https:\/\/www.sisinternational.com\/wp-content\/uploads\/2025\/08\/Oit-petroleum-petrochemical-5-300x168.jpg 300w, https:\/\/www.sisinternational.com\/wp-content\/uploads\/2025\/08\/Oit-petroleum-petrochemical-5-1024x574.jpg 1024w, https:\/\/www.sisinternational.com\/wp-content\/uploads\/2025\/08\/Oit-petroleum-petrochemical-5-768x430.jpg 768w, https:\/\/www.sisinternational.com\/wp-content\/uploads\/2025\/08\/Oit-petroleum-petrochemical-5-18x10.jpg 18w\" sizes=\"auto, (max-width: 1456px) 100vw, 1456px\"><\/figure>\n\n\n\n<p><\/p>\n\n\n\n<p>L\u2019industria petrolifera \u00e8 un elemento integrante dell\u2019economia globale in quanto \u00e8 oggi una delle principali fonti di energia per i trasporti, il riscaldamento e la produzione di energia. Inoltre, essendo una delle principali fonti di prodotti chimici, il petrolio \u00e8 un bene globale essenziale poich\u00e9 il suo valore per le moderne economie industrializzate \u00e8 fondamentale.<\/p>\n\n\n\n<p>Therefore, petroleum market research is vital for companies in this industry. Organizations in the petroleum industry require large <a href=\"https:\/\/www.sisinternational.com\/it\/soluzioni\/ricerca-di-consulenza-strategica-fintech\/hedge-fund-e-ricerche-di-mercato-degli-investimenti\/\" title=\"Hedge Fund e ricerche di mercato degli investimenti\"  data-wpil-monitor-id=\"10344\">investments to stay relevant in the market<\/a> and obtain a high return on investment.<\/p>\n\n\n\n<h2 class=\"wp-block-heading\">Importanza delle ricerche di mercato del petrolio<\/h2>\n\n\n\n<ul class=\"wp-block-list\">\n<li>Le ricerche di mercato del petrolio forniscono informazioni accurate sullo stato attuale del mercato e sulle tendenze future.<\/li>\n\n\n\n<li>IL <a href=\"https:\/\/www.sisinternational.com\/it\/competenza\/curriculum-di-esperienza\/ricerca-sul-marchio\/\" title=\"Societ\u00e0 di ricerca sul marchio\"  data-wpil-monitor-id=\"10345\">research enables companies<\/a> to gain a better understanding of the factors driving supply and demand, as well as the major players and competitors in their industry.<\/li>\n\n\n\n<li>Le ricerche di mercato del petrolio aiutano le aziende a riconoscere le opportunit\u00e0 emergenti e le potenziali sfide.<\/li>\n\n\n\n<li>Le ricerche di mercato del petrolio consentono inoltre alle aziende di ottenere un vantaggio competitivo tenendosi al passo con le ultime tendenze e sviluppi del settore, consentendo loro di prendere decisioni migliori, identificare potenziali partner e mantenere i profitti nonostante i continui cambiamenti nel mercato energetico.<\/li>\n<\/ul>\n\n\n\n<h2 class=\"wp-block-heading\">Principali vantaggi della ricerca di mercato petrolifera per le parti interessate<\/h2>\n\n\n\n<p>Con le ricerche sul mercato petrolifero, le organizzazioni possono anticipare e mitigare eventuali impatti negativi analizzando minacce come il crescente interesse per le fonti energetiche rinnovabili e la protezione ambientale.<\/p>\n\n\n\n<p>On the other hand, researchers can gather useful insights into the current state of the <a href=\"https:\/\/www.sisinternational.com\/it\/competenza\/industrie\/q-ricerche-di-mercato-commerciali\/\" title=\"Ricerche di mercato Q-Commerce\"  data-wpil-monitor-id=\"4847\">petroleum<\/a> market, including trends in demand, supply, and prices.<\/p>\n\n\n\n<h3 class=\"wp-block-heading\">In particolare, alcuni dei vantaggi pi\u00f9 importanti che la ricerca di mercato del petrolio include:<\/h3>\n\n\n\n<figure class=\"gb-block-image gb-block-image-152c9f67\"><img loading=\"lazy\" decoding=\"async\" width=\"1456\" height=\"816\" class=\"gb-image gb-image-152c9f67\" src=\"https:\/\/www.sisinternational.com\/wp-content\/uploads\/2025\/08\/Crude-petroleum-5.jpg\" alt=\"Ricerca e strategia di mercato internazionale SIS\" title=\"Crude petroleum (5)\" srcset=\"https:\/\/www.sisinternational.com\/wp-content\/uploads\/2025\/08\/Crude-petroleum-5.jpg 1456w, https:\/\/www.sisinternational.com\/wp-content\/uploads\/2025\/08\/Crude-petroleum-5-300x168.jpg 300w, https:\/\/www.sisinternational.com\/wp-content\/uploads\/2025\/08\/Crude-petroleum-5-1024x574.jpg 1024w, https:\/\/www.sisinternational.com\/wp-content\/uploads\/2025\/08\/Crude-petroleum-5-768x430.jpg 768w, https:\/\/www.sisinternational.com\/wp-content\/uploads\/2025\/08\/Crude-petroleum-5-18x10.jpg 18w\" sizes=\"auto, (max-width: 1456px) 100vw, 1456px\"><\/figure>\n\n\n\n<ul class=\"wp-block-list\">\n<li>Identificazione di ulteriori opportunit\u00e0 di esplorazione e produzione esaminando i dati di ricerca aggiornati e affidabili.<\/li>\n\n\n\n<li>Valutazione dell&#039;impronta ambientale dell&#039;industria petrolifera. Mirando a pratiche sostenibili, le aziende petrolifere possono rispettare le normative ambientali e mitigare gli effetti negativi.<\/li>\n\n\n\n<li>Una migliore comprensione delle mutevoli richieste, comportamenti e preferenze dei consumatori.<\/li>\n\n\n\n<li>Anticipazione e adattamento allo spostamento verso le fonti energetiche rinnovabili.<\/li>\n\n\n\n<li>Un\u2019analisi approfondita dei concorrenti. Aiuta le aziende a identificare i propri punti di forza e di debolezza, nonch\u00e9 potenziali acquisizioni.<\/li>\n\n\n\n<li>Una comprensione dei rischi geopolitici come l\u2019instabilit\u00e0 politica e i conflitti. Aiuta le aziende ad anticipare e mitigare eventuali impatti e risultati negativi.<\/li>\n<\/ul>\n\n\n\n<h2 class=\"wp-block-heading\">Metodi di ricerca per le ricerche di mercato petrolifere<\/h2>\n\n\n\n<h3 class=\"wp-block-heading\">Esistono vari approcci di ricerca che possono essere utilizzati per le ricerche di mercato del petrolio, tra cui:<\/h3>\n\n\n\n<ol class=\"wp-block-list\">\n<li>Primary Research: Conducting surveys, interviews, and <a href=\"https:\/\/www.sisinternational.com\/it\/copertura\/europa\/ricerche-di-mercato-liverpool-regno-unito\/\" title=\"Ricerche di mercato a Liverpool | Focus group e raccolta dati nel Regno Unito\"  data-wpil-monitor-id=\"10342\">focus groups enables the collection of data<\/a> directly from the source. This approach delivers in-depth, detailed information that can lead to a clearer understanding of consumer preferences and behaviors.<\/li>\n\n\n\n<li>Secondary Research: During this process, data is gathered from available publications such as industry reports, government publications, and news coverage. It is a useful method for obtaining a broad overview of the <a href=\"https:\/\/www.sisinternational.com\/it\/soluzioni\/ricerche-di-mercato-sui-prodotti-di-bellezza\/ricerche-di-mercato-sul-benessere-dei-baby-boomer\/\" title=\"Ricerche di mercato sul benessere dei baby boomer\"  data-wpil-monitor-id=\"10346\">market as well<\/a> as providing statistics and historical data.<\/li>\n\n\n\n<li>Ricerca sul campo: per raccogliere informazioni sul settore utilizzando la ricerca sul campo, \u00e8 necessario visitare luoghi come siti di trivellazione e raffinerie. Utilizzando questo metodo, \u00e8 possibile acquisire preziose informazioni sulle operazioni quotidiane del settore e acquisire una migliore comprensione degli aspetti tecnici del mercato.<\/li>\n<\/ol>\n\n\n\n<p>Attraverso questi approcci, \u00e8 possibile ottenere informazioni sia quantitative che qualitative che consentono di prendere le decisioni appropriate sia per scopi operativi che di investimento perch\u00e9 tutti i dati sono convalidati da esperti con informazioni sufficienti da tutte le parti interessate.<\/p>\n\n\n\n<h2 class=\"wp-block-heading\">Opportunit\u00e0 e sfide della ricerca sul mercato petrolifero<\/h2>\n\n\n\n<p>La ricerca sul mercato petrolifero offre molte opportunit\u00e0 per il futuro, soprattutto se si tiene conto dello sviluppo di nuove tecnologie. Tuttavia, dovr\u00e0 affrontare anche diverse sfide che implicano normative severe e l\u2019emergere delle energie rinnovabili come una grave minaccia.<\/p>\n\n\n\n<h3 class=\"wp-block-heading\">Alcune delle nuove tecnologie che potrebbero cambiare in meglio il settore e aumentarne la produttivit\u00e0 sono:<\/h3>\n\n\n\n<ul class=\"wp-block-list\">\n<li>Intelligenza artificiale: l&#039;intelligenza artificiale offre un&#039;ampia gamma di soluzioni che possono aiutare a mantenere aggiornati i dati del settore analizzando i risultati giornalieri, settimanali o mensili di ciascuna azienda e pubblicandoli rapidamente per i clienti della societ\u00e0 di consulenza.<\/li>\n\n\n\n<li>Analisi dei big data: i big data potrebbero fornire conclusioni in ogni rapporto, probabilmente su base giornaliera o intergiornaliera, per assistere nel processo decisionale.<\/li>\n\n\n\n<li>Cloud computing: la condivisione dei dati tramite strumenti basati su cloud consente un flusso di informazioni molto pi\u00f9 accurato all\u2019interno delle aziende, in particolare con le loro raffinerie e i lavoratori sul campo.<\/li>\n<\/ul>\n\n\n\n<h3 class=\"wp-block-heading\">Sfide<\/h3>\n\n\n\n<ul class=\"wp-block-list\">\n<li>Il ruolo in rapida espansione delle fonti energetiche rinnovabili \u00e8 un fattore chiave che incide sull\u2019industria petrolifera. C\u2019\u00e8 una crescente enfasi sulle preoccupazioni ambientali.<\/li>\n\n\n\n<li>I governi e i consumatori sono sempre pi\u00f9 preoccupati per gli effetti ambientali negativi dell\u2019industria petrolifera e premono per normative pi\u00f9 severe e tecnologie pi\u00f9 pulite.<\/li>\n\n\n\n<li>La sicurezza informatica sta diventando sempre pi\u00f9 importante man mano che i processi vengono digitalizzati. Pertanto, il settore deve investire maggiormente nella digitalizzazione delle proprie operazioni per rimanere rilevante per gli investitori.<\/li>\n<\/ul>\n\n\n\n<h2 class=\"wp-block-heading\">Leader di mercato<\/h2>\n\n\n\n<figure class=\"gb-block-image gb-block-image-cc167c19\"><img loading=\"lazy\" decoding=\"async\" width=\"1456\" height=\"816\" class=\"gb-image gb-image-cc167c19\" src=\"https:\/\/www.sisinternational.com\/wp-content\/uploads\/2025\/08\/Oit-petroleum-petrochemical-2.jpg\" alt=\"Ricerca e strategia di mercato internazionale SIS\" title=\"Oit petroleum petrochemical (2)\" srcset=\"https:\/\/www.sisinternational.com\/wp-content\/uploads\/2025\/08\/Oit-petroleum-petrochemical-2.jpg 1456w, https:\/\/www.sisinternational.com\/wp-content\/uploads\/2025\/08\/Oit-petroleum-petrochemical-2-300x168.jpg 300w, https:\/\/www.sisinternational.com\/wp-content\/uploads\/2025\/08\/Oit-petroleum-petrochemical-2-1024x574.jpg 1024w, https:\/\/www.sisinternational.com\/wp-content\/uploads\/2025\/08\/Oit-petroleum-petrochemical-2-768x430.jpg 768w, https:\/\/www.sisinternational.com\/wp-content\/uploads\/2025\/08\/Oit-petroleum-petrochemical-2-18x10.jpg 18w\" sizes=\"auto, (max-width: 1456px) 100vw, 1456px\"><\/figure>\n\n\n\n<p><\/p>\n\n\n\n<h3 class=\"wp-block-heading\">I principali attori dell\u2019industria petrolifera includono:<\/h3>\n\n\n\n<ul class=\"wp-block-list\">\n<li>Petrolio Britannico<\/li>\n\n\n\n<li>Saudi Aramco<\/li>\n\n\n\n<li>Gazprom<\/li>\n\n\n\n<li>ExxonMobil<\/li>\n\n\n\n<li>PetroChina<\/li>\n\n\n\n<li>Pemex<\/li>\n\n\n\n<li>Chevron<\/li>\n\n\n\n<li>Kuwait Petroleum Corp<\/li>\n\n\n\n<li>Petrobras<\/li>\n\n\n\n<li>Petrolio del Qatar<\/li>\n\n\n\n<li>ConocoPhillips<\/li>\n<\/ul>\n\n\n\n<p>Questi sono alcuni dei principali attori del settore e non sono previsti grandi cambiamenti nella loro leadership per i prossimi anni. Tuttavia, il crescente utilizzo delle energie rinnovabili potrebbe colpire alcune di queste aziende che non aderiscono alle rigide normative che oggi regolano il settore.<\/p>\n\n\n\n<h2 class=\"wp-block-heading\">Prospettive future della ricerca sul mercato petrolifero<\/h2>\n\n\n\n<p>Il futuro del mercato petrolifero dipende da una serie di fattori, tra cui i progressi tecnologici, i cambiamenti nella domanda dei consumatori e i cambiamenti nelle normative governative. Una tendenza importante che probabilmente continuer\u00e0 \u00e8 lo spostamento verso fonti energetiche pi\u00f9 pulite e rinnovabili, che potrebbero ridurre la domanda di combustibili fossili. Per questo motivo, \u00e8 probabile che la ricerca sul campo continui a concentrarsi sulle modalit\u00e0 per ridurre l\u2019impatto ambientale dell\u2019estrazione del petrolio. Inoltre, una maggiore efficienza nelle tecnologie di perforazione ed estrazione pu\u00f2 portare a una diminuzione del costo di produzione del petrolio.<\/p>\n\n\n\n<p>In any case, it is expected that petroleum market <a href=\"https:\/\/www.sisinternational.com\/it\/competenza\/industrie\/ricerche-di-mercato-nel-cloud-computing\/\" title=\"Ricerche di mercato del cloud computing\"  data-wpil-monitor-id=\"3683\">ricerca<\/a> will adapt to new technologies and with the help of AI cloud computing will be able to increase its speed and provide accurate data to clients on a continuous basis, bringing real-time information to decision-makers.<\/p>\n\n\n\n<p>In queste circostanze, anche la ricerca sul mercato petrolifero dovr\u00e0 adattarsi e attribuire sempre pi\u00f9 peso all\u2019energia pulita e alle rigide normative che diventeranno sempre pi\u00f9 stringenti nel settore.<\/p>\n\n\n\n<p><a href=\"https:\/\/www.sisinternational.com\/it\/sis-presenta-la-piattaforma-di-data-science-e-analisi-quantitativa\/\" title=\"SIS presenta la piattaforma di scienza dei dati e analisi quantitativa\"  data-wpil-monitor-id=\"10340\">SIS International offers Quantitative<\/a>, Qualitative, and Strategy Research. We provide data, tools, strategies, reports and insights for decision-making. We conduct interviews, surveys, <a href=\"https:\/\/www.sisinternational.com\/it\/soluzioni\/ricerche-di-mercato-con-focus-group\/\" title=\"Focus Group Ricerche di mercato\"  data-wpil-monitor-id=\"10341\">focus groups and many other Market Research<\/a> methods and approaches. Contact us for your <a href=\"https:\/\/www.sisinternational.com\/it\/competenza\/industrie\/ricerche-di-mercato-sulle-tecnologie-di-prossima-generazione\/\" title=\"Ricerche di mercato sulle tecnologie di prossima generazione\"  data-wpil-monitor-id=\"10343\">next Market Research<\/a> project.<\/p>\n\n\n\n<h2 class=\"wp-block-heading\">Cos&#039;\u00e8 la ricerca di mercato petrolchimica<\/h2>\n\n\n\n<p>I prodotti petrolchimici provengono dalla raffinazione del petrolio greggio, noto anche come petrolio, sebbene alcuni siano estratti da combustibili fossili come carbone e gas naturali. Anche le risorse rinnovabili come la canna da zucchero, il mais o altre biomasse provenienti da rifiuti agricoli e forestali possono produrre prodotti petrolchimici. Queste sostanze chimiche sono comunemente note come gli \u201celementi costitutivi\u201d dei nostri prodotti moderni. Sono essenziali in ogni settore che crea plastica, elettronica, medicinali, cosmetici, imballaggi, isolamenti, dispositivi digitali, veicoli, abbigliamento, detergenti e altri articoli di uso quotidiano. In parole semplici, i prodotti petrolchimici sono presenti in quasi tutto ci\u00f2 che le persone utilizzano.<\/p>\n\n\n\n<h2 class=\"wp-block-heading\">Perch\u00e9 \u00e8 importante?<\/h2>\n\n\n\n<p>I prodotti petrolchimici svolgono un ruolo significativo nella societ\u00e0 moderna e nell\u2019economia. Ha molti usi in ogni settore, come i seguenti:<\/p>\n\n\n\n<h3 class=\"wp-block-heading\">Costruzione<\/h3>\n\n\n\n<p>Petrochemicals are used as solvents or raw materials in making <a href=\"https:\/\/www.sisinternational.com\/it\/competenza\/industrie\/ricerche-di-mercato-vernici-rivestimenti-e-inchiostri-da-stampa\/\" title=\"Ricerche di mercato su vernici, rivestimenti e inchiostri da stampa\"  data-wpil-monitor-id=\"10339\">paints and coatings<\/a>. Paints add color and vibrancy and protect buildings, cars, and walls from corrosion, harsh weather, and fire damage.<\/p>\n\n\n\n<p>Le sostanze chimiche utilizzate nei rivestimenti migliorano la durabilit\u00e0 di infrastrutture come ponti, binari ferroviari e condutture, consentendo loro di durare per decenni. L&#039;asfalto \u00e8 uno scarto della distillazione del petrolio greggio. Viene utilizzato essenzialmente nella costruzione e nella manutenzione di lavori stradali di lunga durata.<\/p>\n\n\n\n<h3 class=\"wp-block-heading\">Veicoli e trasporti<\/h3>\n\n\n\n<p>La benzina e il diesel sono carburanti petrolchimici utilizzati da veicoli come automobili, camion, autobus, aerei, navi e biciclette. Questi veicoli utilizzano anche pneumatici in gomma realizzati con prodotti petrolchimici, che li rendono durevoli e hanno meno probabilit\u00e0 di usurarsi o strapparsi a causa dell&#039;attrito costante.<\/p>\n\n\n\n<p>La petrolchimica aiuta anche a produrre veicoli leggeri utilizzando plastica e altri materiali, riducendo il consumo di carburante e le emissioni di gas nocivi.<\/p>\n\n\n\n<h3 class=\"wp-block-heading\">Assistenza sanitaria<\/h3>\n\n\n\n<p>L&#039;alcol e il disinfettante per le mani contengono polimeri e glicerina, che sono prodotti petrolchimici utilizzati per la disinfezione. I guanti chirurgici e monouso sono realizzati con prodotti petrolchimici come lattice, vinile e nitrile. Molti farmaci si basano anche su prodotti petrolchimici come l\u2019aspirina, la penicillina e altri farmaci antitumorali.<\/p>\n\n\n\n<p>Anche alcune capsule e rivestimenti di pillole sono costituiti da polimeri derivati dal petrolio. Altri usi dei prodotti petrolchimici in medicina includono l&#039;imballaggio dei farmaci, le bende di plastica, i calchi in fibra di vetro, le suture, i moderni apparecchi acustici, le protesi e molti altri. I prodotti petrolchimici sono cruciali anche nei test diagnostici. La maggior parte dei test si basa su plastica e petrolio.<\/p>\n\n\n\n<h3 class=\"wp-block-heading\">Elettronica<\/h3>\n\n\n\n<p>I prodotti petrolchimici sono una componente significativa dell\u2019industria elettronica. I dispositivi elettronici come smartphone, laptop, computer, telefoni, televisori, sistemi di gioco e molti altri dipendono fortemente dai prodotti petrolchimici. La plastica, la forma pi\u00f9 comune e pi\u00f9 semplice di prodotto petrolchimico, \u00e8 ampiamente utilizzata come materia prima nell&#039;innovazione di vari prodotti elettrici e dispositivi elettronici.<\/p>\n\n\n\n<h3 class=\"wp-block-heading\">Vestiario<\/h3>\n\n\n\n<p>L&#039;industria dell&#039;abbigliamento di oggi si basa su fibre sintetiche realizzate con polimeri a base di petrolio come poliestere, nylon, acrilico e pelle. I prodotti petrolchimici consentono all\u2019industria della moda di produrre e vendere capi di abbigliamento a basso costo. Gli abiti realizzati con fibre sintetiche sono leggeri, resistenti, pi\u00f9 flessibili, hanno meno probabilit\u00e0 di stropicciarsi e durano pi\u00f9 a lungo.<\/p>\n\n\n\n<h3 class=\"wp-block-heading\">Cosmetici<\/h3>\n\n\n\n<p>I prodotti petrolchimici sono ampiamente utilizzati negli articoli di bellezza e per la cura personale. Esempi tipici sono la cera di paraffina e l&#039;olio minerale, ingredienti dei cosmetici che agiscono come idratanti in grado di ammorbidire la pelle. Altri usi dei prodotti petrolchimici includono agenti schiumogeni, addensanti, solventi e fragranze.<\/p>\n\n\n\n<p>Ancora pi\u00f9 importante, consente agli articoli di avere una durata di conservazione pi\u00f9 lunga. Anche gli imballaggi in plastica, le bottiglie, i contenitori e i tubi degli articoli di bellezza e per la cura personale sono realizzati con prodotti petrolchimici.<\/p>\n\n\n\n<h3 class=\"wp-block-heading\">Cibo<\/h3>\n\n\n\n<p>Alcuni alimenti coltivati nella fattoria potrebbero aver assorbito fertilizzanti e pesticidi derivati da prodotti petrolchimici. Anche i rivestimenti utilizzati in alcune verdure sono prodotti petrolchimici. Qualsiasi alimento con aromi e coloranti artificiali pu\u00f2 contenere anche sostanze chimiche derivate dal petrolio. I conservanti utilizzati negli alimenti in scatola e trasformati provengono da prodotti petrolchimici.<\/p>\n\n\n\n<h3 class=\"wp-block-heading\">Energia<\/h3>\n\n\n\n<p>I gas e i carburanti che alimentano veicoli come automobili, aeroplani, camion e molti altri sono derivati dal petrolio. Questi gas consentono inoltre alle persone di cucinare i pasti a casa propria.<\/p>\n\n\n\n<h2 class=\"wp-block-heading\">Titoli di lavoro chiave<\/h2>\n\n\n\n<figure class=\"gb-block-image gb-block-image-6531041c\"><img loading=\"lazy\" decoding=\"async\" width=\"1456\" height=\"816\" class=\"gb-image gb-image-6531041c\" src=\"https:\/\/www.sisinternational.com\/wp-content\/uploads\/2025\/08\/Crude-petroleum-3.jpg\" alt=\"Ricerca e strategia di mercato internazionale SIS\" title=\"Crude petroleum (3)\" srcset=\"https:\/\/www.sisinternational.com\/wp-content\/uploads\/2025\/08\/Crude-petroleum-3.jpg 1456w, https:\/\/www.sisinternational.com\/wp-content\/uploads\/2025\/08\/Crude-petroleum-3-300x168.jpg 300w, https:\/\/www.sisinternational.com\/wp-content\/uploads\/2025\/08\/Crude-petroleum-3-1024x574.jpg 1024w, https:\/\/www.sisinternational.com\/wp-content\/uploads\/2025\/08\/Crude-petroleum-3-768x430.jpg 768w, https:\/\/www.sisinternational.com\/wp-content\/uploads\/2025\/08\/Crude-petroleum-3-18x10.jpg 18w\" sizes=\"auto, (max-width: 1456px) 100vw, 1456px\"><\/figure>\n\n\n\n<p><\/p>\n\n\n\n<p>L&#039;industria petrolchimica \u00e8 in continua crescita con il passare del tempo. Ha bisogno di competenze sfaccettate per produrre in modo efficiente materie prime essenziali per vari usi nel settore commerciale.<\/p>\n\n\n\n<h3 class=\"wp-block-heading\">Di seguito sono riportati alcuni titoli di lavoro comuni in questo settore:<\/h3>\n\n\n\n<ul class=\"wp-block-list\">\n<li>Ingegnere commerciale petrolchimico<\/li>\n\n\n\n<li>Analista petrolchimico<\/li>\n\n\n\n<li>Ingegnere della modellazione dei processi<\/li>\n\n\n\n<li>Responsabile del progetto<\/li>\n\n\n\n<li>Ingegnere del controllo qualit\u00e0<\/li>\n<\/ul>\n\n\n\n<h2 class=\"wp-block-heading\">Perch\u00e9 le aziende hanno bisogno di ricerche di mercato petrolchimiche?<\/h2>\n\n\n\n<p>La crescente domanda di prodotti petrolchimici \u00e8 dovuta al loro utilizzo diffuso in vari settori, tra cui quello edile, farmaceutico e automobilistico come principali fattori trainanti. Molti processi industriali che producono principalmente prodotti di consumo quotidiano fanno enorme affidamento sui prodotti petrolchimici. Poich\u00e9 i produttori continuano ad espandersi e innovare, aumenta anche la domanda di prodotti petrolchimici. Tuttavia, nonostante l\u2019aumento delle dimensioni del mercato di questo settore, alcuni fattori potrebbero influenzarne la crescita.<\/p>\n\n\n\n<p>Alcuni consumatori e paesi sviluppati sono preoccupati per gli effetti dannosi sull\u2019ambiente derivanti dall\u2019uso di prodotti petrolchimici in vari prodotti. Inoltre, sono state sollevate preoccupazioni riguardo alla sostenibilit\u00e0 delle materie prime utilizzate nella produzione di prodotti petrolchimici, che possono influenzare notevolmente la crescita del mercato.<\/p>\n\n\n\n<p>Le aziende devono ricercare le tendenze attuali, la domanda e la concorrenza nel settore petrolchimico. Saranno in grado di identificare potenziali rischi e opportunit\u00e0 nel mercato e prendere decisioni strategiche. Le ricerche di mercato aiuteranno le aziende a sviluppare i propri prodotti e ad adottare approcci innovativi ai fattori che minacciano la loro crescita.<\/p>\n\n\n\n<h2 class=\"wp-block-heading\">Fattori chiave del successo<\/h2>\n\n\n\n<p>Diversi fattori aiuteranno le aziende a prosperare in questo settore. Le ricerche di mercato forniranno informazioni importanti e raccomandazioni attuabili per aiutare le aziende a prendere decisioni strategiche. Le aziende devono trovare soluzioni per accedere a una fornitura continua di petrolio greggio e gas naturale per garantire la produzione a lungo termine dei loro prodotti a prezzi accessibili. Dovrebbero inoltre prendere in considerazione l\u2019adozione di un approccio innovativo nei processi e nella produzione, praticare la gestione dei costi e l\u2019efficienza operativa e imporre un forte marketing e networking per vendere i propri prodotti.<\/p>\n\n\n\n<p>Le aziende devono anche prendere in considerazione la possibilit\u00e0 di disporre di una forza lavoro qualificata e di solide partnership con i propri fornitori e clienti. Considerate le preoccupazioni ambientali relative alla produzione di prodotti petrolchimici, le aziende devono anche rispettare rigorosamente le norme ambientali e di sicurezza imposte dal governo e dall&#039;industria commerciale.<\/p>\n\n\n\n<h2 class=\"wp-block-heading\">Informazioni sulle ricerche di mercato petrolchimiche<\/h2>\n\n\n\n<p>Le ricerche di mercato forniranno informazioni importanti e analizzeranno i dati affinch\u00e9 le aziende possano comprendere le tendenze attuali e le prospettive future nel settore petrolchimico.<\/p>\n\n\n\n<p>SIS International aprir\u00e0 la strada alle imprese per avviare e prosperare in questo settore fornendo preziosi servizi di ricerca. Il nostro team dispone degli strumenti essenziali per eseguire ricerche qualitative, quantitative o strategiche attraverso esperimenti, sondaggi, interviste e focus group.<\/p>\n\n\n\n<p><\/p>\n\n\n\n<p><\/p>","protected":false},"excerpt":{"rendered":"<p>L\u2019industria petrolifera \u00e8 parte integrante dell\u2019economia globale. \u00c8 una fonte di energia primaria per i trasporti, il riscaldamento e l\u2019energia.<\/p>","protected":false},"author":1,"featured_media":64289,"parent":14514,"menu_order":178,"comment_status":"closed","ping_status":"closed","template":"","meta":{"footnotes":""},"class_list":["post-41537","page","type-page","status-publish","has-post-thumbnail"],"_links":{"self":[{"href":"https:\/\/www.sisinternational.com\/it\/wp-json\/wp\/v2\/pages\/41537","targetHints":{"allow":["GET"]}}],"collection":[{"href":"https:\/\/www.sisinternational.com\/it\/wp-json\/wp\/v2\/pages"}],"about":[{"href":"https:\/\/www.sisinternational.com\/it\/wp-json\/wp\/v2\/types\/page"}],"author":[{"embeddable":true,"href":"https:\/\/www.sisinternational.com\/it\/wp-json\/wp\/v2\/users\/1"}],"replies":[{"embeddable":true,"href":"https:\/\/www.sisinternational.com\/it\/wp-json\/wp\/v2\/comments?post=41537"}],"version-history":[{"count":6,"href":"https:\/\/www.sisinternational.com\/it\/wp-json\/wp\/v2\/pages\/41537\/revisions"}],"predecessor-version":[{"id":81705,"href":"https:\/\/www.sisinternational.com\/it\/wp-json\/wp\/v2\/pages\/41537\/revisions\/81705"}],"up":[{"embeddable":true,"href":"https:\/\/www.sisinternational.com\/it\/wp-json\/wp\/v2\/pages\/14514"}],"wp:featuredmedia":[{"embeddable":true,"href":"https:\/\/www.sisinternational.com\/it\/wp-json\/wp\/v2\/media\/64289"}],"wp:attachment":[{"href":"https:\/\/www.sisinternational.com\/it\/wp-json\/wp\/v2\/media?parent=41537"}],"curies":[{"name":"wp","href":"https:\/\/api.w.org\/{rel}","templated":true}]}}