{"id":41529,"date":"2023-02-12T22:42:42","date_gmt":"2023-02-12T22:42:42","guid":{"rendered":"https:\/\/www.sisinternational.com\/?page_id=41529"},"modified":"2026-01-25T19:27:46","modified_gmt":"2026-01-26T00:27:46","slug":"ricerche-di-mercato-sulle-app-di-incontri-online","status":"publish","type":"page","link":"https:\/\/www.sisinternational.com\/it\/competenza\/ricerche-di-mercato-sulle-app-di-incontri-online\/","title":{"rendered":"Ricerche di mercato sulle app di incontri online"},"content":{"rendered":"<h1 class=\"wp-block-heading\">Ricerche di mercato sulle app di incontri online<\/h1>\n\n\n\n<figure class=\"gb-block-image gb-block-image-3bf76e71\"><img decoding=\"async\" class=\"gb-image gb-image-3bf76e71\" src=\"https:\/\/www.sisinternational.com\/wp-content\/uploads\/2025\/08\/Online-dating-app-2.jpg\" alt=\"Ricerca e strategia di mercato internazionale SIS\" title=\"Online dating app (2)\"><\/figure>\n\n\n\n<p><\/p>\n\n\n\n<p>La ricerca di mercato sulle app di appuntamenti online fornisce approfondimenti su ci\u00f2 che sta accadendo nel settore degli appuntamenti online, sul suo impatto su vari individui e sulle loro preferenze. Poich\u00e9 gli appuntamenti online o gli appuntamenti su Internet sono cresciuti negli ultimi due anni, i dati e le strategie nel settore delle app di appuntamenti online sono diventati preziosi per settori di attivit\u00e0 specifici.<\/p>\n\n\n\n<p>La ricerca di mercato sulle app di appuntamenti online fornisce approfondimenti che consentiranno a vari individui, aziende e aziende che offrono servizi rilevanti nel settore di comprendere fattori basati sulle preferenze e sui comportamenti degli utenti delle app di appuntamenti.<\/p>\n\n\n\n<h2 class=\"wp-block-heading\">Cos&#039;\u00e8 un&#039;app di incontri online?<\/h2>\n\n\n\n<p>To better understand the information gathered for the <a href=\"https:\/\/www.sisinternational.com\/it\/competenza\/industrie\/chief-information-officer-cio-ricerche-di-mercato\/\" title=\"Ricerca di mercato del Chief Information Officer (CIO).\"  data-wpil-monitor-id=\"5655\">ricerche di mercato sulle app di incontri online<\/a>, one must have a clear definition of what online dating is and the users\u2019 goals.<\/p>\n\n\n\n<p>Online dating or internet dating is a method wherein various individuals get in touch with each other virtually, with the goal of setting up a personal meeting or date. &nbsp; Those who participate in online dating seek relationships for various reasons, but mostly the goal is to find someone who can be a potential romantic partner. Other reasons why individuals join online dating platforms also include:<\/p>\n\n\n\n<ul class=\"wp-block-list\">\n<li>Trovare qualcuno con cui connettersi o fare amicizia<\/li>\n\n\n\n<li>Per intrattenimento personale o per curiosit\u00e0<\/li>\n\n\n\n<li>Alla ricerca di qualcuno che condivida interessi e attivit\u00e0 simili che possono svolgere insieme<\/li>\n\n\n\n<li>Autoconvalida o rafforzamento della fiducia in se stessi<\/li>\n<\/ul>\n\n\n\n<p>Negli ultimi due anni, le app di appuntamenti online hanno guadagnato crescente popolarit\u00e0 tra coloro che amano gli appuntamenti su Internet. Le app di appuntamenti online sono social media o piattaforme di incontri disponibili come applicazioni per telefoni cellulari. Questa \u00e8 diventata la scelta migliore per gli utenti di appuntamenti online non solo per comodit\u00e0 ma anche per la crescente accessibilit\u00e0 a Internet e la crescente produzione di smartphone.<\/p>\n\n\n\n<h2 class=\"wp-block-heading\">Come funzionano le applicazioni di incontri online?<\/h2>\n\n\n\n<figure class=\"gb-block-image gb-block-image-37dca354\"><img loading=\"lazy\" decoding=\"async\" width=\"1456\" height=\"816\" class=\"gb-image gb-image-37dca354\" src=\"https:\/\/www.sisinternational.com\/wp-content\/uploads\/2025\/08\/Online-dating-app-4.jpg\" alt=\"Ricerca e strategia di mercato internazionale SIS\" title=\"Online dating app (4)\" srcset=\"https:\/\/www.sisinternational.com\/wp-content\/uploads\/2025\/08\/Online-dating-app-4.jpg 1456w, https:\/\/www.sisinternational.com\/wp-content\/uploads\/2025\/08\/Online-dating-app-4-300x168.jpg 300w, https:\/\/www.sisinternational.com\/wp-content\/uploads\/2025\/08\/Online-dating-app-4-1024x574.jpg 1024w, https:\/\/www.sisinternational.com\/wp-content\/uploads\/2025\/08\/Online-dating-app-4-768x430.jpg 768w, https:\/\/www.sisinternational.com\/wp-content\/uploads\/2025\/08\/Online-dating-app-4-18x10.jpg 18w\" sizes=\"auto, (max-width: 1456px) 100vw, 1456px\"><\/figure>\n\n\n\n<p><\/p>\n\n\n\n<p>La maggior parte delle applicazioni di appuntamenti online funzionano in modo simile ad altre piattaforme di social media. Gli utenti dovranno creare i propri account sull&#039;app di incontri online che preferiscono. Devono creare il proprio profilo individuale come membro, che include, ma non \u00e8 limitato a, i seguenti dettagli:<\/p>\n\n\n\n<ul class=\"wp-block-list\">\n<li>Nome, nome utente o soprannome<\/li>\n\n\n\n<li>Et\u00e0 (deve avere almeno 18 anni)<\/li>\n\n\n\n<li>Genere<\/li>\n\n\n\n<li>Il loro orientamento o preferenza sessuale<\/li>\n\n\n\n<li>Dove si trovano<\/li>\n\n\n\n<li>Una descrizione di se stessi o del proprio aspetto<\/li>\n\n\n\n<li>Elenco delle preferenze dei personaggi (delle persone che vogliono incontrare)<\/li>\n\n\n\n<li>Nella maggior parte dei casi, queste app di appuntamenti richiedono anche ai membri di caricare foto o video di se stessi.<\/li>\n<\/ul>\n\n\n\n<p>Una volta che l&#039;utente diventa membro, l&#039;applicazione di appuntamenti mobili utilizza determinati algoritmi per confrontare i dati e abbinare le persone. Queste funzioni di corrispondenza e abbinamento dell&#039;applicazione di solito continuano mentre i membri utilizzano la piattaforma. Questo serve per raccogliere la loro interazione all&#039;interno dell&#039;app che pu\u00f2 essere utilizzata anche quando li abbina a qualcun altro.<\/p>\n\n\n\n<h2 class=\"wp-block-heading\">Ulteriori fattori che incidono sulla ricerca di mercato delle app di incontri online<\/h2>\n\n\n\n<h3 class=\"wp-block-heading\">Servizi del mercato degli incontri online<\/h3>\n\n\n\n<p>The growth and expansion of the online dating app <a href=\"https:\/\/www.sisinternational.com\/it\/competenza\/industrie\/ricerche-di-mercato-industriali\/\" title=\"Ricerca e strategia di mercato industriale\"  data-wpil-monitor-id=\"10360\">industry have divided the market<\/a> into various segments that include: social dating, adult dating, niche dating, and matchmaking. The types of services found in online dating platforms influence the membership signups as well as how specific dating app functions.<\/p>\n\n\n\n<h3 class=\"wp-block-heading\">Modelli di business per incontri online<\/h3>\n\n\n\n<p>Per la ricerca di mercato sulle app di appuntamenti online, il riconoscimento dei modelli di business pu\u00f2 fornire ulteriori dati e strategie nel settore delle app di appuntamenti online. I principali modelli di business includono:<\/p>\n\n\n\n<ul class=\"wp-block-list\">\n<li>Un abbonamento a pagamento all&#039;app di appuntamenti online. \u00c8 qui che agli utenti viene addebitato un determinato importo per far parte della piattaforma dell&#039;app di appuntamenti online.<\/li>\n\n\n\n<li>Abbonamento gratuito o freemium. \u00c8 qui che le funzionalit\u00e0 di base dell&#039;app di appuntamenti online vengono offerte gratuitamente, ma \u00e8 possibile acquisire vantaggi o funzioni aggiuntivi a un costo aggiuntivo o come acquisti in-app.<\/li>\n<\/ul>\n\n\n\n<h2 class=\"wp-block-heading\">Attori chiave nel settore degli appuntamenti online<\/h2>\n\n\n\n<figure class=\"gb-block-image gb-block-image-33764489\"><img loading=\"lazy\" decoding=\"async\" width=\"1456\" height=\"816\" class=\"gb-image gb-image-33764489\" src=\"https:\/\/www.sisinternational.com\/wp-content\/uploads\/2025\/08\/Online-dating-app-5.jpg\" alt=\"Ricerca e strategia di mercato internazionale SIS\" title=\"Online dating app (5)\" srcset=\"https:\/\/www.sisinternational.com\/wp-content\/uploads\/2025\/08\/Online-dating-app-5.jpg 1456w, https:\/\/www.sisinternational.com\/wp-content\/uploads\/2025\/08\/Online-dating-app-5-300x168.jpg 300w, https:\/\/www.sisinternational.com\/wp-content\/uploads\/2025\/08\/Online-dating-app-5-1024x574.jpg 1024w, https:\/\/www.sisinternational.com\/wp-content\/uploads\/2025\/08\/Online-dating-app-5-768x430.jpg 768w, https:\/\/www.sisinternational.com\/wp-content\/uploads\/2025\/08\/Online-dating-app-5-18x10.jpg 18w\" sizes=\"auto, (max-width: 1456px) 100vw, 1456px\"><\/figure>\n\n\n\n<p><\/p>\n\n\n\n<p>Il continuo sviluppo dei portali web di incontri online e delle applicazioni mobili ha portato alla nascita di attori chiave nel settore. I rapporti pi\u00f9 recenti mostrano i seguenti attori chiave senza un ordine specifico:<\/p>\n\n\n\n<ul class=\"wp-block-list\">\n<li>Incontro<\/li>\n\n\n\n<li>Tinder<\/li>\n\n\n\n<li>Bombo<\/li>\n\n\n\n<li>Kippo<\/li>\n\n\n\n<li>Abbondanza di pesce<\/li>\n\n\n\n<li>OkCupido<\/li>\n\n\n\n<li>eHarmony<\/li>\n\n\n\n<li>Grindr<\/li>\n\n\n\n<li>Il caff\u00e8 incontra il bagel<\/li>\n\n\n\n<li>Cerniera<\/li>\n<\/ul>\n\n\n\n<h2 class=\"wp-block-heading\">Metodi e migliori pratiche per le ricerche di mercato delle app di incontri online<\/h2>\n\n\n\n<p><a href=\"https:\/\/www.sisinternational.com\/it\/garantire-che-i-clienti-ricordino-il-tuo-messaggio\/\" title=\"Ricerche di mercato sull&#039;attivazione del marchio\"  data-wpil-monitor-id=\"10349\">Market Research provides insights into the activities<\/a> of users in online dating application as well as gather data and strategies in the Online Dating App industry. In order to come up with accurate <a href=\"https:\/\/www.sisinternational.com\/it\/competenza\/industrie\/ricerche-di-mercato-sui-pesticidi\/\" title=\"Ricerche di mercato sui pesticidi\"  data-wpil-monitor-id=\"3386\">research data and market<\/a> forecasts, the following methods are implemented:<\/p>\n\n\n\n<ul class=\"wp-block-list\">\n<li>Individuazione degli scopi e degli obiettivi della ricerca. Questo per garantire che la ricerca svolta, cos\u00ec come i dati raccolti, siano focalizzati in base all\u2019obiettivo.<\/li>\n\n\n\n<li>Profiling the users of the online dating app. <a href=\"https:\/\/www.sisinternational.com\/it\/sis-case-study-sugli-approfondimenti-sui-negozi-in-tutto-il-mondo\/\" title=\"In-Store Shopper Insights: caso di studio di ricerche di mercato\"  data-wpil-monitor-id=\"10355\">Market Research provides insights<\/a> based on the profiles and activities the users have within the online dating platform.<\/li>\n\n\n\n<li>Categorizzazione dell&#039;ambito del report per una migliore analisi dei dati. La ricerca pu\u00f2 includere et\u00e0, sesso, tipo di abbonamento, prospettive regionali o demografiche e altri fattori rilevanti per la ricerca di mercato sulle app di incontri online.<\/li>\n\n\n\n<li>Selezione del metodo pi\u00f9 appropriato da utilizzare in base ai dati target e alle strategie nel settore delle app di appuntamenti online. Alcuni dei metodi di data mining pi\u00f9 popolari e credibili includono interviste agli utenti, sondaggi e ascolto sui social media.<\/li>\n\n\n\n<li>Assessment and validation of online dating app market research outcomes. Accurate <a href=\"https:\/\/www.sisinternational.com\/it\/soluzioni\/consulenza-strategica\/consulenza-strategica-per-ricerche-di-mercato-e-abilitazione-alle-vendite\/\" title=\"Ricerca di mercato e consulenza strategica per l&#039;abilitazione delle vendite\"  data-wpil-monitor-id=\"10350\">market research provides insights that enable<\/a> top market figures, leaders, and businesses to gain unparalleled business knowledge.<\/li>\n<\/ul>\n\n\n\n<h2 class=\"wp-block-heading\">Vantaggi della ricerca di mercato sulle app di incontri online<\/h2>\n\n\n\n<figure class=\"gb-block-image gb-block-image-dd3e43d5\"><img loading=\"lazy\" decoding=\"async\" width=\"1456\" height=\"816\" class=\"gb-image gb-image-dd3e43d5\" src=\"https:\/\/www.sisinternational.com\/wp-content\/uploads\/2025\/08\/Online-dating-app-3.jpg\" alt=\"Ricerca e strategia di mercato internazionale SIS\" title=\"Online dating app (3)\" srcset=\"https:\/\/www.sisinternational.com\/wp-content\/uploads\/2025\/08\/Online-dating-app-3.jpg 1456w, https:\/\/www.sisinternational.com\/wp-content\/uploads\/2025\/08\/Online-dating-app-3-300x168.jpg 300w, https:\/\/www.sisinternational.com\/wp-content\/uploads\/2025\/08\/Online-dating-app-3-1024x574.jpg 1024w, https:\/\/www.sisinternational.com\/wp-content\/uploads\/2025\/08\/Online-dating-app-3-768x430.jpg 768w, https:\/\/www.sisinternational.com\/wp-content\/uploads\/2025\/08\/Online-dating-app-3-18x10.jpg 18w\" sizes=\"auto, (max-width: 1456px) 100vw, 1456px\"><\/figure>\n\n\n\n<p><\/p>\n\n\n\n<p>La ricerca di mercato sulle app di appuntamenti online fornisce approfondimenti su individui, aziende e aziende specifici che forniscono servizi di app di appuntamenti online. I risultati della ricerca sono utili nei seguenti modi:<\/p>\n\n\n\n<ul class=\"wp-block-list\">\n<li>Gather data and strategies in the online dating app <a href=\"https:\/\/www.sisinternational.com\/it\/industry-forecast\/construction-industry-forecast\/\" title=\"Construction Industry Forecast\"  data-wpil-monitor-id=\"10361\">industry that will help construct<\/a> better programs and services.<\/li>\n\n\n\n<li>Construct a <a href=\"https:\/\/www.sisinternational.com\/it\/soluzioni\/consulenza-strategica\/consulenza-strategica-per-ricerche-di-mercato-per-lutente-finale\/\" title=\"Ricerche di mercato e consulenza strategica per gli utenti finali\"  data-wpil-monitor-id=\"10358\">marketing strategy<\/a> that will target certain application users and identify their preferences for future product offerings.<\/li>\n\n\n\n<li>Individua le aree in cui sono possibili opportunit\u00e0 per creare servizi redditizi e come renderle visibili agli utenti delle app di appuntamenti online.<\/li>\n\n\n\n<li>Pianificazione e implementazione di funzionalit\u00e0 per applicazioni mobili che forniscano risultati vantaggiosi sia per gli utenti che per i fornitori di servizi.<\/li>\n\n\n\n<li>Le ricerche di mercato sulle app di appuntamenti online possono aiutare a riconoscere l&#039;analisi delle tendenze e le opportunit\u00e0 di crescita nel settore degli appuntamenti e delle applicazioni mobili.<\/li>\n<\/ul>\n\n\n\n<h2 class=\"wp-block-heading\">Informazioni sulle ricerche di mercato sulle app di incontri online<\/h2>\n\n\n\n<p>As more and more individuals are expected to join or try out the various online dating apps available, the market dynamics should be understood. The <a href=\"https:\/\/www.sisinternational.com\/it\/fintech-market-research-trends\/\" title=\"Tendenze delle ricerche di mercato fintech\"  data-wpil-monitor-id=\"10353\">market research provides insights that include trends<\/a> and factors impacting user preferences and decisions, as well as the evolution of mobile applications.<\/p>\n\n\n\n<p>The data and strategies in the <a href=\"https:\/\/www.sisinternational.com\/it\/soluzioni\/soluzioni-di-ricerca-quantitativa-qualitativa\/forum-di-discussione-di-bollettini-online\/\" title=\"Ricerche di mercato qualitative online\"  data-wpil-monitor-id=\"10362\">Online Dating App industry research<\/a> will help individuals with key roles in the industry or related businesses to implement sustainable growth techniques as well as strengthen their position in the industry.<\/p>","protected":false},"excerpt":{"rendered":"<p>La ricerca di mercato delle app di appuntamenti online fornisce approfondimenti sul settore degli appuntamenti online, sul suo impatto sugli individui e sulle loro preferenze.<\/p>","protected":false},"author":1,"featured_media":0,"parent":14514,"menu_order":177,"comment_status":"closed","ping_status":"closed","template":"","meta":{"footnotes":""},"class_list":["post-41529","page","type-page","status-publish"],"_links":{"self":[{"href":"https:\/\/www.sisinternational.com\/it\/wp-json\/wp\/v2\/pages\/41529","targetHints":{"allow":["GET"]}}],"collection":[{"href":"https:\/\/www.sisinternational.com\/it\/wp-json\/wp\/v2\/pages"}],"about":[{"href":"https:\/\/www.sisinternational.com\/it\/wp-json\/wp\/v2\/types\/page"}],"author":[{"embeddable":true,"href":"https:\/\/www.sisinternational.com\/it\/wp-json\/wp\/v2\/users\/1"}],"replies":[{"embeddable":true,"href":"https:\/\/www.sisinternational.com\/it\/wp-json\/wp\/v2\/comments?post=41529"}],"version-history":[{"count":6,"href":"https:\/\/www.sisinternational.com\/it\/wp-json\/wp\/v2\/pages\/41529\/revisions"}],"predecessor-version":[{"id":81707,"href":"https:\/\/www.sisinternational.com\/it\/wp-json\/wp\/v2\/pages\/41529\/revisions\/81707"}],"up":[{"embeddable":true,"href":"https:\/\/www.sisinternational.com\/it\/wp-json\/wp\/v2\/pages\/14514"}],"wp:attachment":[{"href":"https:\/\/www.sisinternational.com\/it\/wp-json\/wp\/v2\/media?parent=41529"}],"curies":[{"name":"wp","href":"https:\/\/api.w.org\/{rel}","templated":true}]}}