{"id":41480,"date":"2023-02-12T03:19:00","date_gmt":"2023-02-12T03:19:00","guid":{"rendered":"https:\/\/www.sisinternational.com\/?page_id=41480"},"modified":"2026-01-24T21:02:05","modified_gmt":"2026-01-25T02:02:05","slug":"ricerche-di-mercato-sul-gasolio-da-riscaldamento","status":"publish","type":"page","link":"https:\/\/www.sisinternational.com\/it\/competenza\/ricerche-di-mercato-sul-gasolio-da-riscaldamento\/","title":{"rendered":"Ricerche di mercato sul gasolio da riscaldamento"},"content":{"rendered":"<h1 class=\"wp-block-heading\">Ricerche di mercato sul gasolio da riscaldamento<\/h1>\n\n\n\n<figure class=\"gb-block-image gb-block-image-988cff31\"><img loading=\"lazy\" decoding=\"async\" width=\"1456\" height=\"816\" class=\"gb-image gb-image-988cff31\" src=\"https:\/\/www.sisinternational.com\/wp-content\/uploads\/2025\/08\/Palm-oiil-5.jpg\" alt=\"Ricerca e strategia di mercato internazionale SIS\" title=\"Palm oiil (5)\" srcset=\"https:\/\/www.sisinternational.com\/wp-content\/uploads\/2025\/08\/Palm-oiil-5.jpg 1456w, https:\/\/www.sisinternational.com\/wp-content\/uploads\/2025\/08\/Palm-oiil-5-300x168.jpg 300w, https:\/\/www.sisinternational.com\/wp-content\/uploads\/2025\/08\/Palm-oiil-5-1024x574.jpg 1024w, https:\/\/www.sisinternational.com\/wp-content\/uploads\/2025\/08\/Palm-oiil-5-768x430.jpg 768w, https:\/\/www.sisinternational.com\/wp-content\/uploads\/2025\/08\/Palm-oiil-5-18x10.jpg 18w\" sizes=\"auto, (max-width: 1456px) 100vw, 1456px\"><\/figure>\n\n\n\n<p><\/p>\n\n\n\n<p>La ricerca di mercato del gasolio da riscaldamento si concentra su tendenze, dati e approfondimenti sia sul gasolio da riscaldamento per le case che sul gasolio da riscaldamento per le aziende. L\u2019industria del gasolio da riscaldamento \u00e8 cresciuta costantemente nel corso degli anni, soprattutto perch\u00e9 svolge un ruolo importante nell\u2019economia globale. La ricerca di mercato fornisce approfondimenti sul settore del gasolio da riscaldamento e sulla sua influenza su vari settori e sui suoi molteplici usi sia per le case che per le aziende.<\/p>\n\n\n\n<h2 class=\"wp-block-heading\">Comprendere l&#039;olio da riscaldamento<\/h2>\n\n\n\n<p>L&#039;olio da riscaldamento \u00e8 un tipo di liquido derivato dal petrolio che passa attraverso un processo di distillazione. Le sue propriet\u00e0 sono le stesse del diesel, fatta eccezione per piccole differenze nella sua struttura chimica. L&#039;uso principale dell&#039;olio da riscaldamento \u00e8 nei forni, nelle caldaie e negli scaldabagni.<\/p>\n\n\n\n<h3 class=\"wp-block-heading\">Vantaggi dell&#039;utilizzo dell&#039;olio da riscaldamento<\/h3>\n\n\n\n<p>Poich\u00e9 il riscaldamento \u00e8 necessario per molte attivit\u00e0 quotidiane, si pu\u00f2 dire che comprendere i dati e le strategie nel settore del gasolio da riscaldamento aiuter\u00e0 vari settori. Possono trattarsi di aziende che producono o distribuiscono gasolio da riscaldamento oppure di qualsiasi settore che utilizza gasolio da riscaldamento nei propri processi o macchinari.<\/p>\n\n\n\n<h3 class=\"wp-block-heading\">Di seguito sono riportati alcuni dei principali usi del gasolio da riscaldamento che hanno un grande impatto sui vari settori economici che lo utilizzano:<\/h3>\n\n\n\n<p>Affidabile e sicuro. L&#039;olio combustibile ha un processo di riscaldamento pi\u00f9 efficiente. Non produce monossido di carbonio e non presenta rischio di esplosione durante lo stoccaggio.<\/p>\n\n\n\n<p>I sistemi durano pi\u00f9 a lungo. Nelle industrie in cui l&#039;olio da riscaldamento viene utilizzato per riscaldare l&#039;aria o anche il sistema idrico, pu\u00f2 durare a lungo. Finch\u00e9 l&#039;interno del serbatoio dell&#039;olio \u00e8 libero da sporco o altre impurit\u00e0, puoi aspettarti che il sistema di riscaldamento funzioni in modo efficiente.<\/p>\n\n\n\n<p>Pi\u00f9 caldo e pi\u00f9 versatile. \u00c8 anche pi\u00f9 caldo del gas naturale; quindi si riscalda pi\u00f9 velocemente e richiede meno quantit\u00e0 di olio utilizzato con gli stessi risultati.<\/p>\n\n\n\n<p>L&#039;olio da riscaldamento \u00e8 pulito. Negli ultimi decenni, il gasolio da riscaldamento si \u00e8 sviluppato e ora \u00e8 pi\u00f9 che pi\u00f9 pulito grazie a migliori processi di distillazione e purificazione. Inoltre non produce fuliggine o odori ed \u00e8 diverso dal gas naturale, che produce emissioni di metano che contribuiscono al riscaldamento globale.<\/p>\n\n\n\n<h2 class=\"wp-block-heading\">Analisi del segmento di mercato dell\u2019olio da riscaldamento<\/h2>\n\n\n\n<figure class=\"gb-block-image gb-block-image-d92e4f13\"><img loading=\"lazy\" decoding=\"async\" width=\"1456\" height=\"816\" class=\"gb-image gb-image-d92e4f13\" src=\"https:\/\/www.sisinternational.com\/wp-content\/uploads\/2025\/08\/Palm-oiil-1.jpg\" alt=\"Ricerca e strategia di mercato internazionale SIS\" title=\"Palm oiil (1)\" srcset=\"https:\/\/www.sisinternational.com\/wp-content\/uploads\/2025\/08\/Palm-oiil-1.jpg 1456w, https:\/\/www.sisinternational.com\/wp-content\/uploads\/2025\/08\/Palm-oiil-1-300x168.jpg 300w, https:\/\/www.sisinternational.com\/wp-content\/uploads\/2025\/08\/Palm-oiil-1-1024x574.jpg 1024w, https:\/\/www.sisinternational.com\/wp-content\/uploads\/2025\/08\/Palm-oiil-1-768x430.jpg 768w, https:\/\/www.sisinternational.com\/wp-content\/uploads\/2025\/08\/Palm-oiil-1-18x10.jpg 18w\" sizes=\"auto, (max-width: 1456px) 100vw, 1456px\"><\/figure>\n\n\n\n<h3 class=\"wp-block-heading\">Il mercato globale dell\u2019olio combustibile \u00e8 segmentato per tipo di prodotto e sue applicazioni. Esistono diversi tipi di gasolio da riscaldamento e i loro usi:<\/h3>\n\n\n\n<p><strong>Gasolio \u2013<\/strong> Questo \u00e8 il tipo pi\u00f9 pesante tra gli altri tipi di gasolio da riscaldamento e viene utilizzato principalmente per veicoli fuoristrada come quelli utilizzati in agricoltura e nel trasporto ferroviario. Inoltre, questo \u00e8 il tipo di gasolio da riscaldamento utilizzato per alimentare generatori, alcune macchine e caldaie pi\u00f9 vecchie.<\/p>\n\n\n\n<p><strong>Combustibile per fornaci \u2013<\/strong> Questo \u00e8 il tipo di petrolio che viene utilizzato per alimentare le fornaci negli edifici comunitari come scuole e caldaie commerciali, e le caldaie a vapore nelle centrali elettriche. Questo tipo di olio da riscaldamento \u00e8 solitamente scuro e viscoso senza contenuto di umidit\u00e0.<\/p>\n\n\n\n<p><strong>Cherosene \u2013<\/strong> Comunemente noto come gasolio per riscaldamento domestico, il cherosene \u00e8 pi\u00f9 leggero del gasolio e di un idrocarburo liquido infiammabile. La sua composizione chimica \u00e8 costituita da una miscela di paraffina, nafteni e arene, ovvero idrocarburi aromatici. Questo \u00e8 il tipo di gasolio da riscaldamento utilizzato per gli impianti di riscaldamento domestico o centralizzato.<\/p>\n\n\n\n<p><strong>Cherosene premium \u2013<\/strong> Questo \u00e8 un altro tipo di olio da riscaldamento domestico che \u00e8 semplicemente un cherosene standard con additivi. Questi additivi rendono il cherosene premium una scelta migliore rispetto a quello standard in quanto riduce al minimo l&#039;accumulo di depositi, diminuendo cos\u00ec la necessit\u00e0 di manutenzione e rendendolo un carburante pi\u00f9 ecologico e pulito.<\/p>\n\n\n\n<p><strong>Kleenburn cherosene \u2013<\/strong> Heating <a href=\"https:\/\/www.sisinternational.com\/it\/soluzioni\/ricerche-di-mercato-su-oleodotti-e-gasdotti\/\" title=\"Ricerche di mercato su oleodotti e gasdotti\"  data-wpil-monitor-id=\"2160\">oil market research<\/a> provides insights for years, which is why the development of better fuel options is possible. This is the same with the Kleenburn kerosene, as this is specifically designed to improve oil performance. This type reduces fuel consumption, thus resulting in low emissions and being environmentally safe.<\/p>\n\n\n\n<h2 class=\"wp-block-heading\">Fattori chiave e tendenze nel settore dell\u2019olio da riscaldamento<\/h2>\n\n\n\n<p>The fluctuation in heating oil prices has affected a lot of businesses in the heating oil sector, including other refinancing companies. Market <a href=\"https:\/\/www.sisinternational.com\/it\/competenza\/industrie\/ricerca-di-mercato-sulla-mappa-termica\/\" title=\"Ricerche di mercato sulla mappa termica\"  data-wpil-monitor-id=\"3102\">ricerca<\/a> provides insights into these factors that can impact the growth process of the global heating oil market.<\/p>\n\n\n\n<h3 class=\"wp-block-heading\">Alcuni dei fattori che influenzano i prezzi del gasolio da riscaldamento sono:<\/h3>\n\n\n\n<p>Clima. L\u2019inverno \u00e8 il periodo in cui aumenta l\u2019utilizzo del gasolio da riscaldamento a causa del calo della temperatura. Inoltre, ci sono tempeste invernali che possono influire sulla fornitura di oli da riscaldamento. Guardando il quadro pi\u00f9 ampio, ci\u00f2 avr\u00e0 un impatto sulla domanda e sull\u2019offerta, che avr\u00e0 un impatto diretto sui prezzi del gasolio da riscaldamento.<\/p>\n\n\n\n<p>Consumo. Ci si pu\u00f2 aspettare che la popolazione mondiale non far\u00e0 altro che crescere. Pi\u00f9 persone ci sono, pi\u00f9 velocemente pu\u00f2 consumare il gasolio da riscaldamento in vari processi e sistemi di riscaldamento. Ci\u00f2 pu\u00f2 ridurre l\u2019offerta e aumentare la domanda.<\/p>\n\n\n\n<p>Olio crudo. Il prezzo del petrolio greggio si basa sulla domanda e sull\u2019offerta globale. Anche gli eventi politici e persino i cambiamenti climatici, oltre alla quantit\u00e0 di petrolio greggio prodotto, avranno un impatto sull\u2019industria del gasolio da riscaldamento.<\/p>\n\n\n\n<p>Costi operativi. Anche la distribuzione e la consegna del gasolio da riscaldamento incidono sui prezzi del gasolio. Il costo di produzione, l\u2019attivit\u00e0 commerciale e la distanza da cui proviene il gasolio da riscaldamento e viene consegnato giocano un ruolo importante nel prezzo del gasolio da riscaldamento.<\/p>\n\n\n\n<h2 class=\"wp-block-heading\">Cosa puoi ricavare dalle ricerche di mercato del gasolio da riscaldamento<\/h2>\n\n\n\n<figure class=\"gb-block-image gb-block-image-d00ceb8a\"><img loading=\"lazy\" decoding=\"async\" width=\"1456\" height=\"816\" class=\"gb-image gb-image-d00ceb8a\" src=\"https:\/\/www.sisinternational.com\/wp-content\/uploads\/2025\/08\/Palm-oiil-3.jpg\" alt=\"Ricerca e strategia di mercato internazionale SIS\" title=\"Palm oiil (3)\" srcset=\"https:\/\/www.sisinternational.com\/wp-content\/uploads\/2025\/08\/Palm-oiil-3.jpg 1456w, https:\/\/www.sisinternational.com\/wp-content\/uploads\/2025\/08\/Palm-oiil-3-300x168.jpg 300w, https:\/\/www.sisinternational.com\/wp-content\/uploads\/2025\/08\/Palm-oiil-3-1024x574.jpg 1024w, https:\/\/www.sisinternational.com\/wp-content\/uploads\/2025\/08\/Palm-oiil-3-768x430.jpg 768w, https:\/\/www.sisinternational.com\/wp-content\/uploads\/2025\/08\/Palm-oiil-3-18x10.jpg 18w\" sizes=\"auto, (max-width: 1456px) 100vw, 1456px\"><\/figure>\n\n\n\n<p><\/p>\n\n\n\n<h3 class=\"wp-block-heading\">La ricerca di mercato fornisce approfondimenti sul settore dell\u2019olio da riscaldamento in base all\u2019obiettivo della ricerca. Sono elencati alcuni dei dati e delle informazioni nella ricerca di mercato Olio da riscaldamento:<\/h3>\n\n\n\n<ul class=\"wp-block-list\">\n<li>Definizione del mercato del gasolio da riscaldamento<\/li>\n\n\n\n<li>Analisi del segmento di mercato del gasolio da riscaldamento<\/li>\n\n\n\n<li>Segmentazione geografica e confronto<\/li>\n\n\n\n<li>Principali regioni o paesi leader nel settore del gasolio da riscaldamento<\/li>\n\n\n\n<li>Driver di mercato, nonch\u00e9 dati e strategie nel settore dell\u2019olio da riscaldamento<\/li>\n\n\n\n<li>Sfide e opportunit\u00e0 del mercato<\/li>\n\n\n\n<li>Condizioni e minacce del mercato del gasolio da riscaldamento<\/li>\n\n\n\n<li>Tendenze e previsioni del mercato del gasolio da riscaldamento<\/li>\n\n\n\n<li>Panorama e analisi dei fornitori<\/li>\n\n\n\n<li>Scopri le strategie che aiuteranno a stabilire una crescita competitiva nel settore<\/li>\n\n\n\n<li>Trova modi per collaborare con altre aziende e settori per l\u2019espansione<\/li>\n<\/ul>\n\n\n\n<h2 class=\"wp-block-heading\">Informazioni sulle ricerche di mercato del gasolio da riscaldamento<\/h2>\n\n\n\n<p>Heating <a href=\"https:\/\/www.sisinternational.com\/it\/competenza\/industrie\/ricerche-di-mercato-sulle-piattaforme-petrolifere\/\" title=\"Ricerche di mercato sulle piattaforme petrolifere\"  data-wpil-monitor-id=\"3076\">Oil Market Research<\/a> provides valuable information and insights to key players in the heating oil industry and other sectors that are using it. The need to gather credible and reliable data and strategies in the heating oil industry can help the heating oil sector grow as well as the businesses around it.<\/p>\n\n\n\n<p><\/p>","protected":false},"excerpt":{"rendered":"<p>La ricerca di mercato dell\u2019olio da riscaldamento fornisce preziose informazioni e approfondimenti ai principali attori dell\u2019industria dell\u2019olio da riscaldamento e di altri settori.<\/p>","protected":false},"author":1,"featured_media":64227,"parent":14514,"menu_order":174,"comment_status":"closed","ping_status":"closed","template":"","meta":{"footnotes":""},"class_list":["post-41480","page","type-page","status-publish","has-post-thumbnail"],"_links":{"self":[{"href":"https:\/\/www.sisinternational.com\/it\/wp-json\/wp\/v2\/pages\/41480","targetHints":{"allow":["GET"]}}],"collection":[{"href":"https:\/\/www.sisinternational.com\/it\/wp-json\/wp\/v2\/pages"}],"about":[{"href":"https:\/\/www.sisinternational.com\/it\/wp-json\/wp\/v2\/types\/page"}],"author":[{"embeddable":true,"href":"https:\/\/www.sisinternational.com\/it\/wp-json\/wp\/v2\/users\/1"}],"replies":[{"embeddable":true,"href":"https:\/\/www.sisinternational.com\/it\/wp-json\/wp\/v2\/comments?post=41480"}],"version-history":[{"count":6,"href":"https:\/\/www.sisinternational.com\/it\/wp-json\/wp\/v2\/pages\/41480\/revisions"}],"predecessor-version":[{"id":77399,"href":"https:\/\/www.sisinternational.com\/it\/wp-json\/wp\/v2\/pages\/41480\/revisions\/77399"}],"up":[{"embeddable":true,"href":"https:\/\/www.sisinternational.com\/it\/wp-json\/wp\/v2\/pages\/14514"}],"wp:featuredmedia":[{"embeddable":true,"href":"https:\/\/www.sisinternational.com\/it\/wp-json\/wp\/v2\/media\/64227"}],"wp:attachment":[{"href":"https:\/\/www.sisinternational.com\/it\/wp-json\/wp\/v2\/media?parent=41480"}],"curies":[{"name":"wp","href":"https:\/\/api.w.org\/{rel}","templated":true}]}}