{"id":41475,"date":"2023-02-12T03:00:19","date_gmt":"2023-02-12T03:00:19","guid":{"rendered":"https:\/\/www.sisinternational.com\/?page_id=41475"},"modified":"2026-01-25T19:27:48","modified_gmt":"2026-01-26T00:27:48","slug":"ricerche-di-mercato-sulla-perdita-delludito","status":"publish","type":"page","link":"https:\/\/www.sisinternational.com\/it\/competenza\/ricerche-di-mercato-sulla-perdita-delludito\/","title":{"rendered":"Ricerche di mercato sulla perdita dell\u2019udito\u00a0 \u00a0"},"content":{"rendered":"<h1 class=\"wp-block-heading\">Ricerche di mercato sulla perdita dell\u2019udito<\/h1>\n\n\n\n<figure class=\"gb-block-image gb-block-image-c073b84e\"><img loading=\"lazy\" decoding=\"async\" width=\"1456\" height=\"816\" class=\"gb-image gb-image-c073b84e\" src=\"https:\/\/www.sisinternational.com\/wp-content\/uploads\/2025\/08\/Hearing-loss-1.jpg\" alt=\"Ricerca e strategia di mercato internazionale SIS\" title=\"Hearing loss (1)\" srcset=\"https:\/\/www.sisinternational.com\/wp-content\/uploads\/2025\/08\/Hearing-loss-1.jpg 1456w, https:\/\/www.sisinternational.com\/wp-content\/uploads\/2025\/08\/Hearing-loss-1-300x168.jpg 300w, https:\/\/www.sisinternational.com\/wp-content\/uploads\/2025\/08\/Hearing-loss-1-1024x574.jpg 1024w, https:\/\/www.sisinternational.com\/wp-content\/uploads\/2025\/08\/Hearing-loss-1-768x430.jpg 768w, https:\/\/www.sisinternational.com\/wp-content\/uploads\/2025\/08\/Hearing-loss-1-18x10.jpg 18w\" sizes=\"auto, (max-width: 1456px) 100vw, 1456px\"><\/figure>\n\n\n\n<p><\/p>\n\n\n\n<p>La perdita dell\u2019udito \u00e8 un declino della percezione uditiva. Pu\u00f2 essere causato da una serie di fattori, come danni all&#039;orecchio o all&#039;orecchio interno, esposizione a rumori forti, farmaci specifici e invecchiamento. La perdita dell\u2019udito da lieve a grave pu\u00f2 essere temporanea o permanente. I sintomi della perdita dell\u2019udito includono difficolt\u00e0 a comprendere le parole, difficolt\u00e0 di udito in situazioni rumorose e fischi o ronzii nelle orecchie. La perdita dell\u2019udito pu\u00f2 essere trattata in diversi modi, tra cui la chirurgia, gli impianti cocleari e gli apparecchi acustici.<\/p>\n\n\n\n<h2 class=\"wp-block-heading\">Vantaggi di avere un&#039;attivit\u00e0 che aiuta le persone con perdita dell&#039;udito:<\/h2>\n\n\n\n<h3 class=\"wp-block-heading\">La ricerca di mercato sulla perdita dell\u2019udito presenta i seguenti vantaggi:<\/h3>\n\n\n\n<h3 class=\"wp-block-heading\">Personalmente gratificante<\/h3>\n\n\n\n<p>Avviare un&#039;attivit\u00e0 che fornisce servizi a persone con problemi di udito pu\u00f2 essere gratificante a livello personale perch\u00e9 consente all&#039;imprenditore di avere un&#039;influenza positiva sugli altri. Questo \u00e8 l&#039;ideale per gli imprenditori che mirano ad avere un impatto positivo nella comunit\u00e0.<\/p>\n\n\n\n<h3 class=\"wp-block-heading\">Mercato coerente<\/h3>\n\n\n\n<p>As the population ages and more people become affected by hearing loss, there is an increasing need for goods and services that can assist those with the condition. A number of entrepreneurs begin their ventures in the deaf community and then eventually <a href=\"https:\/\/www.sisinternational.com\/it\/espandere-la-portata-del-mercato-attraverso-una-strategia-di-marketing-articolata\/\" title=\"Espansione della portata del mercato attraverso una strategia di marketing multiforme\"  data-wpil-monitor-id=\"8159\">expand into larger markets<\/a>.<\/p>\n\n\n\n<h3 class=\"wp-block-heading\">Crescita prevista<\/h3>\n\n\n\n<figure class=\"gb-block-image gb-block-image-3dc19364\"><img loading=\"lazy\" decoding=\"async\" width=\"1456\" height=\"816\" class=\"gb-image gb-image-3dc19364\" src=\"https:\/\/www.sisinternational.com\/wp-content\/uploads\/2025\/08\/Hearing-loss-5.jpg\" alt=\"Ricerca e strategia di mercato internazionale SIS\" title=\"Hearing loss (5)\" srcset=\"https:\/\/www.sisinternational.com\/wp-content\/uploads\/2025\/08\/Hearing-loss-5.jpg 1456w, https:\/\/www.sisinternational.com\/wp-content\/uploads\/2025\/08\/Hearing-loss-5-300x168.jpg 300w, https:\/\/www.sisinternational.com\/wp-content\/uploads\/2025\/08\/Hearing-loss-5-1024x574.jpg 1024w, https:\/\/www.sisinternational.com\/wp-content\/uploads\/2025\/08\/Hearing-loss-5-768x430.jpg 768w, https:\/\/www.sisinternational.com\/wp-content\/uploads\/2025\/08\/Hearing-loss-5-18x10.jpg 18w\" sizes=\"auto, (max-width: 1456px) 100vw, 1456px\"><\/figure>\n\n\n\n<p><\/p>\n\n\n\n<p>The hearing aid and <a href=\"https:\/\/www.sisinternational.com\/it\/competenza\/industrie\/ricerca-di-mercato-per-assistente-infermiere-virtuale\/\" title=\"Ricerche di mercato sull&#039;assistente infermiere virtuale\"  data-wpil-monitor-id=\"8160\">assistive technology market<\/a> is anticipated to increase; this projection provides financial opportunities for entrepreneurs in this field. Since the number of people with hearing loss is expected to increase over time, businesses that produce or sell assistive listening devices and offer audiology therapy can see an increase in demand. Additionally, companies that try to accommodate clients with hearing loss\u2014for example, by offering captioning or sign language interpretation\u2014might notice an increase in client loyalty and satisfaction.<\/p>\n\n\n\n<h3 class=\"wp-block-heading\">Creazione di posti di lavoro<\/h3>\n\n\n\n<p>Avviare un&#039;impresa che offra servizi a chi non sente bene pu\u00f2 portare alla creazione di posti di lavoro per altri individui, il che aiuter\u00e0 l&#039;economia a crescere e ad aumentare il tenore di vita di tutti.<\/p>\n\n\n\n<h2 class=\"wp-block-heading\">Sfide e opportunit\u00e0 aziendali<\/h2>\n\n\n\n<p>It is helpful to perform <a href=\"https:\/\/www.sisinternational.com\/it\/competenza\/industrie\/ricerche-di-mercato-sulla-perdita-di-peso-degli-alimenti-dietetici\/\" title=\"Ricerche di mercato sugli alimenti dietetici e sulla perdita di peso\"  data-wpil-monitor-id=\"5661\">market research regarding hearing loss<\/a> to help verify information from an entrepreneurial perspective. The following are some of the challenges and opportunities:<\/p>\n\n\n\n<h3 class=\"wp-block-heading\">Sfide<\/h3>\n\n\n\n<figure class=\"gb-block-image gb-block-image-9b81eb65\"><img loading=\"lazy\" decoding=\"async\" width=\"1456\" height=\"816\" class=\"gb-image gb-image-9b81eb65\" src=\"https:\/\/www.sisinternational.com\/wp-content\/uploads\/2025\/08\/Hearing-loss-3.jpg\" alt=\"Ricerca e strategia di mercato internazionale SIS\" title=\"Hearing loss (3)\" srcset=\"https:\/\/www.sisinternational.com\/wp-content\/uploads\/2025\/08\/Hearing-loss-3.jpg 1456w, https:\/\/www.sisinternational.com\/wp-content\/uploads\/2025\/08\/Hearing-loss-3-300x168.jpg 300w, https:\/\/www.sisinternational.com\/wp-content\/uploads\/2025\/08\/Hearing-loss-3-1024x574.jpg 1024w, https:\/\/www.sisinternational.com\/wp-content\/uploads\/2025\/08\/Hearing-loss-3-768x430.jpg 768w, https:\/\/www.sisinternational.com\/wp-content\/uploads\/2025\/08\/Hearing-loss-3-18x10.jpg 18w\" sizes=\"auto, (max-width: 1456px) 100vw, 1456px\"><\/figure>\n\n\n\n<p><\/p>\n\n\n\n<p>It may be challenging to stand out and draw clients when there are many other companies offering comparable goods and services. It might also be difficult to maintain prices low enough for customers to afford devices for people with hearing loss. Similarly,&nbsp; developing and producing new hearing aid technology can be costly, which may be a barrier for small businesses or start-ups. Access to resources including audiologists and other professionals may be restricted.<\/p>\n\n\n\n<p>A causa della vasta regolamentazione del settore degli apparecchi acustici e dei dispositivi per l&#039;ascolto assistito, potrebbe essere complicato negoziare le procedure legali e ottenere le certificazioni e le licenze richieste. Inoltre, potrebbe essere difficile promuovere in modo efficace beni e servizi alle persone che soffrono di perdita dell\u2019udito a causa di una possibile mancanza di conoscenza delle opzioni a loro accessibili.<\/p>\n\n\n\n<h3 class=\"wp-block-heading\">Opportunit\u00e0<\/h3>\n\n\n\n<p>There are many opportunities that exist in the field of hearing loss. It&#8217;s a growing area with new <a href=\"https:\/\/www.sisinternational.com\/it\/soluzioni\/soluzioni-edtech-per-la-tecnologia-dellistruzione\/\" title=\"Soluzioni di tecnologia educativa (EdTech).\"  data-wpil-monitor-id=\"8163\">technologies and solutions<\/a> emerging. The market for cutting-edge cochlear implants and hearing aids that offer better sound quality and connectivity to other devices is expanding. Technologies that can help people with hearing loss in specific situations, such as personal sound amplification items, are available on the <a href=\"https:\/\/www.sisinternational.com\/it\/competenza\/industrie\/ricerche-di-mercato-sui-dispositivi-medici\/\" title=\"Ricerche di mercato sui dispositivi medici\"  data-wpil-monitor-id=\"8161\">market as assistive listening devices<\/a>.<\/p>\n\n\n\n<p>Also, <a href=\"https:\/\/www.sisinternational.com\/it\/soluzioni\/prova-del-gusto\/servizi-di-degustazione-a-new-york\/\" title=\"Servizi di degustazione a New York\"  data-wpil-monitor-id=\"8162\">services for testing<\/a> and evaluation of hearing are required in both clinical and non-clinical contexts. To diagnose, treat, and rehabilitate patients, audiologists and hearing healthcare specialists are needed. Hence, there is much potential for businesses to <a href=\"https:\/\/www.sisinternational.com\/it\/soluzioni\/ricerca-di-consulenza-strategica-fintech\/ricerche-di-mercato-sulle-tecnologie-di-investimento\/\" title=\"Ricerche di mercato sulle tecnologie di investimento\"  data-wpil-monitor-id=\"8158\">invest in and market innovative technologies<\/a> and therapies in the field of hearing loss.<\/p>\n\n\n\n<h2 class=\"wp-block-heading\">Informazioni sulle ricerche di mercato sulla perdita dell\u2019udito<\/h2>\n\n\n\n<figure class=\"gb-block-image gb-block-image-747beacd\"><img loading=\"lazy\" decoding=\"async\" width=\"1456\" height=\"816\" class=\"gb-image gb-image-747beacd\" src=\"https:\/\/www.sisinternational.com\/wp-content\/uploads\/2025\/08\/Hearing-loss-4.jpg\" alt=\"Ricerca e strategia di mercato internazionale SIS\" title=\"Hearing loss (4)\" srcset=\"https:\/\/www.sisinternational.com\/wp-content\/uploads\/2025\/08\/Hearing-loss-4.jpg 1456w, https:\/\/www.sisinternational.com\/wp-content\/uploads\/2025\/08\/Hearing-loss-4-300x168.jpg 300w, https:\/\/www.sisinternational.com\/wp-content\/uploads\/2025\/08\/Hearing-loss-4-1024x574.jpg 1024w, https:\/\/www.sisinternational.com\/wp-content\/uploads\/2025\/08\/Hearing-loss-4-768x430.jpg 768w, https:\/\/www.sisinternational.com\/wp-content\/uploads\/2025\/08\/Hearing-loss-4-18x10.jpg 18w\" sizes=\"auto, (max-width: 1456px) 100vw, 1456px\"><\/figure>\n\n\n\n<p><\/p>\n\n\n\n<p>Information from <a href=\"https:\/\/www.sisinternational.com\/it\/contattaci\/\" title=\"Contattaci\"  data-wpil-monitor-id=\"8156\">Ricerca internazionale SIS<\/a>, both quantitative and qualitative, is accurate and timely. The introduction of corporate expansion strategies will be significantly more effective with the help of hearing loss market research. Focus groups, surveys, in-depth interviews, and other research techniques can all be carried out by <a href=\"https:\/\/www.sisinternational.com\/it\/la-pasqua-pasquale-e-limmancabile-coniglietto-di-cioccolato\/\" title=\"Ricerche di mercato di Pasqua\"  data-wpil-monitor-id=\"8157\">SIS<\/a>.<\/p>\n\n\n\n<p>SIS International offre ricerca quantitativa, qualitativa e strategica. Forniamo dati, strumenti, strategie, report e approfondimenti per il processo decisionale. Conduciamo interviste, sondaggi, focus group e molti altri metodi e approcci di ricerca di mercato. Contattaci per il tuo prossimo progetto di ricerca di mercato.<\/p>","protected":false},"excerpt":{"rendered":"<p>\u00c8 utile eseguire ricerche di mercato sulla perdita dell\u2019udito per verificare le informazioni da una prospettiva imprenditoriale.<\/p>","protected":false},"author":1,"featured_media":63689,"parent":14514,"menu_order":173,"comment_status":"closed","ping_status":"closed","template":"","meta":{"footnotes":""},"class_list":["post-41475","page","type-page","status-publish","has-post-thumbnail"],"_links":{"self":[{"href":"https:\/\/www.sisinternational.com\/it\/wp-json\/wp\/v2\/pages\/41475","targetHints":{"allow":["GET"]}}],"collection":[{"href":"https:\/\/www.sisinternational.com\/it\/wp-json\/wp\/v2\/pages"}],"about":[{"href":"https:\/\/www.sisinternational.com\/it\/wp-json\/wp\/v2\/types\/page"}],"author":[{"embeddable":true,"href":"https:\/\/www.sisinternational.com\/it\/wp-json\/wp\/v2\/users\/1"}],"replies":[{"embeddable":true,"href":"https:\/\/www.sisinternational.com\/it\/wp-json\/wp\/v2\/comments?post=41475"}],"version-history":[{"count":5,"href":"https:\/\/www.sisinternational.com\/it\/wp-json\/wp\/v2\/pages\/41475\/revisions"}],"predecessor-version":[{"id":81373,"href":"https:\/\/www.sisinternational.com\/it\/wp-json\/wp\/v2\/pages\/41475\/revisions\/81373"}],"up":[{"embeddable":true,"href":"https:\/\/www.sisinternational.com\/it\/wp-json\/wp\/v2\/pages\/14514"}],"wp:featuredmedia":[{"embeddable":true,"href":"https:\/\/www.sisinternational.com\/it\/wp-json\/wp\/v2\/media\/63689"}],"wp:attachment":[{"href":"https:\/\/www.sisinternational.com\/it\/wp-json\/wp\/v2\/media?parent=41475"}],"curies":[{"name":"wp","href":"https:\/\/api.w.org\/{rel}","templated":true}]}}