{"id":41471,"date":"2023-02-12T02:35:58","date_gmt":"2023-02-12T02:35:58","guid":{"rendered":"https:\/\/www.sisinternational.com\/?page_id=41471"},"modified":"2025-10-22T00:48:30","modified_gmt":"2025-10-22T04:48:30","slug":"ricerche-di-mercato-sul-gesso","status":"publish","type":"page","link":"https:\/\/www.sisinternational.com\/it\/competenza\/ricerche-di-mercato-sul-gesso\/","title":{"rendered":"Ricerche di mercato sul gesso"},"content":{"rendered":"<h1 class=\"wp-block-heading\">Ricerche di mercato sul gesso<\/h1>\n\n\n\n<figure class=\"gb-block-image gb-block-image-5b5d7f10\"><img loading=\"lazy\" decoding=\"async\" width=\"1456\" height=\"816\" class=\"gb-image gb-image-5b5d7f10\" src=\"https:\/\/www.sisinternational.com\/wp-content\/uploads\/2025\/10\/Gypsum-4.jpg\" alt=\"Ricerca e strategia di mercato internazionale SIS\" title=\"Gypsum (4)\" srcset=\"https:\/\/www.sisinternational.com\/wp-content\/uploads\/2025\/10\/Gypsum-4.jpg 1456w, https:\/\/www.sisinternational.com\/wp-content\/uploads\/2025\/10\/Gypsum-4-300x168.jpg 300w, https:\/\/www.sisinternational.com\/wp-content\/uploads\/2025\/10\/Gypsum-4-1024x574.jpg 1024w, https:\/\/www.sisinternational.com\/wp-content\/uploads\/2025\/10\/Gypsum-4-768x430.jpg 768w, https:\/\/www.sisinternational.com\/wp-content\/uploads\/2025\/10\/Gypsum-4-18x10.jpg 18w\" sizes=\"auto, (max-width: 1456px) 100vw, 1456px\"><\/figure>\n\n\n\n<p><\/p>\n\n\n\n<h2 class=\"wp-block-heading\">Informazioni sulle ricerche di mercato sul gesso<\/h2>\n\n\n\n<p>Il gesso \u00e8 un minerale molto dinamico con opportunit\u00e0 di crescita nel mercato globale. Genera miliardi di dollari di entrate annuali e attira l\u2019interesse di molti investitori. Gli usi del gesso sono estesi e includono le seguenti applicazioni:<\/p>\n\n\n\n<ul class=\"wp-block-list\">\n<li>Il settore edile<\/li>\n\n\n\n<li>Odontoiatria<\/li>\n\n\n\n<li>agricoltura<\/li>\n\n\n\n<li>Scultura e arte<\/li>\n\n\n\n<li>Design e architettura<\/li>\n\n\n\n<li><a href=\"https:\/\/www.sisinternational.com\/it\/soluzioni\/ricerche-di-mercato-nel-settore-delle-bevande-alimentari\/\" title=\"Ricerche di mercato nel settore alimentare e delle bevande\"  data-wpil-monitor-id=\"8521\">Industria alimentare e delle bevande<\/a><\/li>\n<\/ul>\n\n\n\n<p>Gypsum is not only as a consumer product but also is a valuable natural resource. Therefore, its processing after <a href=\"https:\/\/www.sisinternational.com\/it\/competenza\/industrie\/ricerche-di-mercato-sullestrazione-mineraria-spaziale\/\" title=\"Ricerche di mercato sull\u2019estrazione mineraria spaziale\"  data-wpil-monitor-id=\"8526\">mining is a high-value market<\/a>. Gypsum&#8217;s broad impact on society makes it a commodity with both economic and social value.<\/p>\n\n\n\n<h2 class=\"wp-block-heading\">Qual \u00e8 il mercato globale del gesso<\/h2>\n\n\n\n<h3 class=\"wp-block-heading\">Esiste una distribuzione pi\u00f9 ampia di paesi produttori di gesso rispetto ad altri minerali preziosi. I principali paesi produttori di gesso sono:<\/h3>\n\n\n\n<ul class=\"wp-block-list\">\n<li>Cina<\/li>\n\n\n\n<li>Stati Uniti d&#039;America<\/li>\n\n\n\n<li>Iran<\/li>\n\n\n\n<li>Tacchino<\/li>\n\n\n\n<li>Spagna<\/li>\n\n\n\n<li>Tailandia<\/li>\n\n\n\n<li>Giappone<\/li>\n\n\n\n<li>Federazione Russa<\/li>\n\n\n\n<li>Messico<\/li>\n\n\n\n<li>Italia<\/li>\n<\/ul>\n\n\n\n<p>Una tale diffusione geografica \u00e8 vantaggiosa per sfruttare le opportunit\u00e0 commerciali poich\u00e9 elimina il quasi-monopolio e le pratiche sleali dei grandi distributori e acquirenti. Le dimensioni del mercato in espansione e la continua crescita del mercato del gesso lo rendono un interessante punto di interesse.<\/p>\n\n\n\n<h2 class=\"wp-block-heading\">Perch\u00e9 le ricerche di mercato sul gesso sono importanti<\/h2>\n\n\n\n<figure class=\"gb-block-image gb-block-image-946bab75\"><img loading=\"lazy\" decoding=\"async\" width=\"1456\" height=\"816\" class=\"gb-image gb-image-946bab75\" src=\"https:\/\/www.sisinternational.com\/wp-content\/uploads\/2025\/10\/Gypsum-2.jpg\" alt=\"Ricerca e strategia di mercato internazionale SIS\" title=\"Gypsum (2)\" srcset=\"https:\/\/www.sisinternational.com\/wp-content\/uploads\/2025\/10\/Gypsum-2.jpg 1456w, https:\/\/www.sisinternational.com\/wp-content\/uploads\/2025\/10\/Gypsum-2-300x168.jpg 300w, https:\/\/www.sisinternational.com\/wp-content\/uploads\/2025\/10\/Gypsum-2-1024x574.jpg 1024w, https:\/\/www.sisinternational.com\/wp-content\/uploads\/2025\/10\/Gypsum-2-768x430.jpg 768w, https:\/\/www.sisinternational.com\/wp-content\/uploads\/2025\/10\/Gypsum-2-18x10.jpg 18w\" sizes=\"auto, (max-width: 1456px) 100vw, 1456px\"><\/figure>\n\n\n\n<p><\/p>\n\n\n\n<p>IL <a href=\"https:\/\/www.sisinternational.com\/it\/soluzioni\/soluzioni-di-ricerca-quantitativa-qualitativa\/ricerca-di-mercato-analisi-chaid\/\" title=\"Ricerche di mercato sull&#039;analisi CHAID\"  data-wpil-monitor-id=\"8523\">analysis of the gypsum market<\/a> is of great importance to contemporary societies. The social utility of gypsum adds value to the research. The by-products of gypsum are essential components in a wide range of applications. The main products of gypsum are:<\/p>\n\n\n\n<ul class=\"wp-block-list\">\n<li>Cartongesso<\/li>\n\n\n\n<li>Malta<\/li>\n\n\n\n<li>Costruzioni<\/li>\n\n\n\n<li>Pannelli di gesso<\/li>\n\n\n\n<li>Cerotti dentali<\/li>\n\n\n\n<li>Fertilizzante<\/li>\n<\/ul>\n\n\n\n<p>La diversit\u00e0 degli usi del gesso ne sottolinea l&#039;importanza. \u00c8 la base per la costruzione di molti materiali che vengono utilizzati in molti settori. Questi settori includono l\u2019edilizia, la medicina e l\u2019ambiente.<\/p>\n\n\n\n<h2 class=\"wp-block-heading\">Il ruolo del gesso nella costruzione<\/h2>\n\n\n\n<p>The whole building industry would be different without gypsum. Most types of houses use dry construction for their foundations. At the same time, gypsum is a key <a href=\"https:\/\/www.sisinternational.com\/it\/competenza\/industrie\/ricerche-di-mercato-avanzate-sui-materiali-per-interni\/\" title=\"Ricerche di mercato avanzate sui materiali per interni\"  data-wpil-monitor-id=\"8527\">material for structuring the interior<\/a> of houses. It is used for ceilings and partitions, as a sound-absorbing, heat-resistant and damp-proofing material. The use of gypsum in the construction of houses guarantees the provision of high-quality services in the housing sector.<\/p>\n\n\n\n<h2 class=\"wp-block-heading\">Il ruolo del gesso in odontoiatria<\/h2>\n\n\n\n<p>L\u2019odontoiatria trae grandi benefici dall\u2019uso del gesso. Molti tipi di prodotti dentali lo utilizzano sia in forma minerale che sintetica. I gessi dentali e i gessi dentali contengono gesso. Odontotecnici e dentisti lo utilizzano come materiale essenziale nel loro lavoro. Inoltre, il gesso viene utilizzato per varie altre applicazioni dentali come protesi dentarie, realizzazione di stampi e modellazione dell&#039;anatomia orale del paziente.<\/p>\n\n\n\n<h2 class=\"wp-block-heading\">Il ruolo del gesso in agricoltura<\/h2>\n\n\n\n<figure class=\"gb-block-image gb-block-image-540da710\"><img loading=\"lazy\" decoding=\"async\" width=\"1456\" height=\"816\" class=\"gb-image gb-image-540da710\" src=\"https:\/\/www.sisinternational.com\/wp-content\/uploads\/2025\/10\/Gypsum-3.jpg\" alt=\"Ricerca e strategia di mercato internazionale SIS\" title=\"Gypsum (3)\" srcset=\"https:\/\/www.sisinternational.com\/wp-content\/uploads\/2025\/10\/Gypsum-3.jpg 1456w, https:\/\/www.sisinternational.com\/wp-content\/uploads\/2025\/10\/Gypsum-3-300x168.jpg 300w, https:\/\/www.sisinternational.com\/wp-content\/uploads\/2025\/10\/Gypsum-3-1024x574.jpg 1024w, https:\/\/www.sisinternational.com\/wp-content\/uploads\/2025\/10\/Gypsum-3-768x430.jpg 768w, https:\/\/www.sisinternational.com\/wp-content\/uploads\/2025\/10\/Gypsum-3-18x10.jpg 18w\" sizes=\"auto, (max-width: 1456px) 100vw, 1456px\"><\/figure>\n\n\n\n<p><\/p>\n\n\n\n<p>Un&#039;altra utile applicazione del gesso \u00e8 in agricoltura. Agisce come un ingrediente che facilita l&#039;assorbimento dell&#039;acqua da parte del terreno e ne migliora le qualit\u00e0, con conseguente produzione di piante, verdure e frutta migliori. Il gesso previene inoltre l\u2019erosione del suolo, riduce la tossicit\u00e0 dell\u2019alluminio ed \u00e8 un fertilizzante di alta qualit\u00e0. L&#039;intera industria alimentare favorisce l&#039;uso del gesso nelle prime fasi della produzione alimentare, mentre i cittadini traggono vantaggio dal consumo di alimenti nutrienti e sani.<\/p>\n\n\n\n<h2 class=\"wp-block-heading\">Titoli di lavoro chiave<\/h2>\n\n\n\n<h3 class=\"wp-block-heading\">Ci sono diversi lavori chiave associati all\u2019industria del gesso:<\/h3>\n\n\n\n<ul class=\"wp-block-list\">\n<li>Ingegneri minerari<\/li>\n\n\n\n<li>Operatori minerari<\/li>\n\n\n\n<li>Responsabili di prodotto<\/li>\n\n\n\n<li>Gestori dei trasporti<\/li>\n\n\n\n<li>Responsabili dell&#039;automazione e del controllo<\/li>\n\n\n\n<li>Analisti di prodotto<\/li>\n\n\n\n<li>Coordinatori di filiera<\/li>\n<\/ul>\n\n\n\n<p>L\u2019intero processo di estrazione, lavorazione e commercio del gesso \u00e8 specializzato e garantisce sia una domanda elevata che la fornitura di posti di lavoro ben retribuiti.<\/p>\n\n\n\n<p>Gypsum is a versatile product that benefits many key industries. Generating billions of dollars in annual revenue, it attracts the interest of investors and funds worldwide. The high value of gypsum is largely due to its high utility and demand. It is <a href=\"https:\/\/www.sisinternational.com\/it\/soluzioni\/ricerca-di-consulenza-strategica-fintech\/ricerca-di-mercato-del-trading-algoritmico\/\" title=\"Ricerche di mercato sul trading algoritmico\"  data-wpil-monitor-id=\"8525\">traded on the stock market<\/a> and is seen by the business community as a viable and profitable asset. It is highly sustainable, non-toxic and therefore not harmful to humans. Gypsum&#8217;s main disadvantage is its short shelf life. This means that it must be made available quickly to the professionals who need to use it. Another minor drawback to consider is the environmental impact of drywall production, although it&#8217;s rather limited compared to the industrial process of other minerals. The overall picture of the gypsum <a href=\"https:\/\/www.sisinternational.com\/it\/soluzioni\/soluzioni-di-branding-e-ricerca-clienti\/ricerca-di-mercato-sul-posizionamento-del-marchio\/\" title=\"Ricerche di mercato sul posizionamento del marchio\"  data-wpil-monitor-id=\"8528\">market is positive<\/a> showing optimistic growth potential.<\/p>\n\n\n\n<h2 class=\"wp-block-heading\">Informazioni sulle ricerche di mercato sul gesso<\/h2>\n\n\n\n<figure class=\"gb-block-image gb-block-image-7499262e\"><img loading=\"lazy\" decoding=\"async\" width=\"1456\" height=\"816\" class=\"gb-image gb-image-7499262e\" src=\"https:\/\/www.sisinternational.com\/wp-content\/uploads\/2025\/10\/Gypsum-1.jpg\" alt=\"Ricerca e strategia di mercato internazionale SIS\" title=\"Gypsum (1)\" srcset=\"https:\/\/www.sisinternational.com\/wp-content\/uploads\/2025\/10\/Gypsum-1.jpg 1456w, https:\/\/www.sisinternational.com\/wp-content\/uploads\/2025\/10\/Gypsum-1-300x168.jpg 300w, https:\/\/www.sisinternational.com\/wp-content\/uploads\/2025\/10\/Gypsum-1-1024x574.jpg 1024w, https:\/\/www.sisinternational.com\/wp-content\/uploads\/2025\/10\/Gypsum-1-768x430.jpg 768w, https:\/\/www.sisinternational.com\/wp-content\/uploads\/2025\/10\/Gypsum-1-18x10.jpg 18w\" sizes=\"auto, (max-width: 1456px) 100vw, 1456px\"><\/figure>\n\n\n\n<p><\/p>\n\n\n\n<p>SIS International offers Quantitative, Qualitative, and Strategy Research. We provide data, tools, strategies, reports, and insights for decision-making. We conduct interviews, surveys, focus groups, and many other <a href=\"https:\/\/www.sisinternational.com\/it\/quantitative-market-research-methods-and-techniques\/\" title=\"Quantitative Market Research Methods and Techniques\"  data-wpil-monitor-id=\"8517\">Market Research methods<\/a> and approaches. Contact us for your <a href=\"https:\/\/www.sisinternational.com\/it\/competenza\/industrie\/ricerche-di-mercato-sulle-tecnologie-di-prossima-generazione\/\" title=\"Ricerche di mercato sulle tecnologie di prossima generazione\"  data-wpil-monitor-id=\"8519\">next Market Research<\/a> project.<\/p>\n\n\n\n<p><\/p>","protected":false},"excerpt":{"rendered":"<p>Il gesso \u00e8 un prodotto versatile che aiuta molte industrie chiave. Genera miliardi di dollari di entrate annuali, attirando investitori da tutto il mondo.<\/p>","protected":false},"author":1,"featured_media":72089,"parent":14514,"menu_order":172,"comment_status":"closed","ping_status":"closed","template":"","meta":{"footnotes":""},"class_list":["post-41471","page","type-page","status-publish","has-post-thumbnail"],"_links":{"self":[{"href":"https:\/\/www.sisinternational.com\/it\/wp-json\/wp\/v2\/pages\/41471","targetHints":{"allow":["GET"]}}],"collection":[{"href":"https:\/\/www.sisinternational.com\/it\/wp-json\/wp\/v2\/pages"}],"about":[{"href":"https:\/\/www.sisinternational.com\/it\/wp-json\/wp\/v2\/types\/page"}],"author":[{"embeddable":true,"href":"https:\/\/www.sisinternational.com\/it\/wp-json\/wp\/v2\/users\/1"}],"replies":[{"embeddable":true,"href":"https:\/\/www.sisinternational.com\/it\/wp-json\/wp\/v2\/comments?post=41471"}],"version-history":[{"count":4,"href":"https:\/\/www.sisinternational.com\/it\/wp-json\/wp\/v2\/pages\/41471\/revisions"}],"predecessor-version":[{"id":81429,"href":"https:\/\/www.sisinternational.com\/it\/wp-json\/wp\/v2\/pages\/41471\/revisions\/81429"}],"up":[{"embeddable":true,"href":"https:\/\/www.sisinternational.com\/it\/wp-json\/wp\/v2\/pages\/14514"}],"wp:featuredmedia":[{"embeddable":true,"href":"https:\/\/www.sisinternational.com\/it\/wp-json\/wp\/v2\/media\/72089"}],"wp:attachment":[{"href":"https:\/\/www.sisinternational.com\/it\/wp-json\/wp\/v2\/media?parent=41471"}],"curies":[{"name":"wp","href":"https:\/\/api.w.org\/{rel}","templated":true}]}}