{"id":41468,"date":"2023-02-12T02:18:51","date_gmt":"2023-02-12T02:18:51","guid":{"rendered":"https:\/\/www.sisinternational.com\/?page_id=41468"},"modified":"2026-01-24T21:23:36","modified_gmt":"2026-01-25T02:23:36","slug":"ricerche-di-mercato-nel-trasporto-di-carburante","status":"publish","type":"page","link":"https:\/\/www.sisinternational.com\/it\/competenza\/ricerche-di-mercato-nel-trasporto-di-carburante\/","title":{"rendered":"Ricerche di mercato nel trasporto di carburante"},"content":{"rendered":"<h1 class=\"wp-block-heading\">Ricerche di mercato nel trasporto di carburante<\/h1>\n\n\n\n<figure class=\"gb-block-image gb-block-image-26992046\"><img loading=\"lazy\" decoding=\"async\" width=\"1456\" height=\"816\" class=\"gb-image gb-image-26992046\" src=\"https:\/\/www.sisinternational.com\/wp-content\/uploads\/2025\/08\/Aiirline-jetfuel-airplane-4.jpg\" alt=\"Ricerca e strategia di mercato internazionale SIS\" title=\"Aiirline jetfuel airplane (4)\" srcset=\"https:\/\/www.sisinternational.com\/wp-content\/uploads\/2025\/08\/Aiirline-jetfuel-airplane-4.jpg 1456w, https:\/\/www.sisinternational.com\/wp-content\/uploads\/2025\/08\/Aiirline-jetfuel-airplane-4-300x168.jpg 300w, https:\/\/www.sisinternational.com\/wp-content\/uploads\/2025\/08\/Aiirline-jetfuel-airplane-4-1024x574.jpg 1024w, https:\/\/www.sisinternational.com\/wp-content\/uploads\/2025\/08\/Aiirline-jetfuel-airplane-4-768x430.jpg 768w, https:\/\/www.sisinternational.com\/wp-content\/uploads\/2025\/08\/Aiirline-jetfuel-airplane-4-18x10.jpg 18w\" sizes=\"auto, (max-width: 1456px) 100vw, 1456px\"><\/figure>\n\n\n\n<p><\/p>\n\n\n\n<p>La ricerca di mercato nel trasporto di carburante mira a raccogliere dati sulle attuali tendenze del mercato e sui fattori che influiscono su questo settore in continua crescita. I carburanti per i trasporti sono necessari in molti settori poich\u00e9 sono fonti di energia per alimentare vari veicoli.<\/p>\n\n\n\n<p>La ricerca di mercato nel trasporto di carburante fornisce approfondimenti che aiuteranno i leader e gli investitori del settore, i principali attori aziendali e altri partecipanti al settore a prendere decisioni importanti. Il valore dei dati e delle strategie nel settore del trasporto di carburante \u00e8 essenziale a causa del ruolo del settore nel commercio globale.<\/p>\n\n\n\n<h2 class=\"wp-block-heading\">Comprendere il carburante per i trasporti<\/h2>\n\n\n\n<p>Il settore dei trasporti \u00e8 costituito da veicoli alimentati da motori a combustione interna. Questi tipi di veicoli includono quelli utilizzati per trasportare e spostare persone e prodotti su terra, mare o aria. Il carburante per trasporti \u00e8 la fonte di energia utilizzata per alimentare questi tipi di veicoli.<\/p>\n\n\n\n<h3 class=\"wp-block-heading\">I carburanti per i trasporti sono il sottoprodotto delle fonti energetiche estratte, come il petrolio o il petrolio greggio, che passano attraverso un processo di raffinazione in modo da poter essere convertiti in prodotti utilizzabili. Questi combustibili sono classificati nei seguenti tipi:<\/h3>\n\n\n\n<p>Benzina \u2013 Questo \u00e8 il carburante costituito principalmente da composti organici come gli idrocarburi del petrolio. \u00c8 un liquido trasparente e infiammabile che viene utilizzato principalmente per i motori a combustione interna che si accendono tramite scintille. Esempi di tali veicoli includono autovetture, motociclette, veicoli utilitari sportivi e autocarri leggeri.<\/p>\n\n\n\n<p>Carburante diesel \u2013 Prodotto da biomassa e petrolio greggio, questo \u00e8 il tipo di carburante utilizzato nei motori diesel. I motori diesel sono quei motori a combustione interna che possono accendersi anche senza scintilla, a differenza dei motori a benzina, e sfruttano il calore compresso in un cilindro per accendersi. Il carburante diesel viene utilizzato su vari veicoli, autocarri pesanti, macchinari e generatori di corrente.<\/p>\n\n\n\n<p>Jet Fuel o carburante per turbine aeronautiche (ATF) \u2013 Come suggerisce il nome, questo \u00e8 il tipo di carburante utilizzato per gli aerei alimentati da turbine a gas. Questi tipi di carburante sono costituiti da oltre duemila miscele di sostanze chimiche e possono essere ulteriormente classificati come carburante per aerei, utilizzato per elicotteri e aerei a reazione, e benzina per aviazione che pu\u00f2 essere una forma pi\u00f9 raffinata di benzina e utilizzata anche per alcuni aerei.<\/p>\n\n\n\n<h2 class=\"wp-block-heading\">Cos\u2019\u00e8 la ricerca di mercato nel trasporto di carburante?<\/h2>\n\n\n\n<figure class=\"gb-block-image gb-block-image-65288676\"><img loading=\"lazy\" decoding=\"async\" width=\"1456\" height=\"816\" class=\"gb-image gb-image-65288676\" src=\"https:\/\/www.sisinternational.com\/wp-content\/uploads\/2025\/08\/Aiirline-jetfuel-airplane-8.jpg\" alt=\"Ricerca e strategia di mercato internazionale SIS\" title=\"Aiirline jetfuel airplane (8)\" srcset=\"https:\/\/www.sisinternational.com\/wp-content\/uploads\/2025\/08\/Aiirline-jetfuel-airplane-8.jpg 1456w, https:\/\/www.sisinternational.com\/wp-content\/uploads\/2025\/08\/Aiirline-jetfuel-airplane-8-300x168.jpg 300w, https:\/\/www.sisinternational.com\/wp-content\/uploads\/2025\/08\/Aiirline-jetfuel-airplane-8-1024x574.jpg 1024w, https:\/\/www.sisinternational.com\/wp-content\/uploads\/2025\/08\/Aiirline-jetfuel-airplane-8-768x430.jpg 768w, https:\/\/www.sisinternational.com\/wp-content\/uploads\/2025\/08\/Aiirline-jetfuel-airplane-8-18x10.jpg 18w\" sizes=\"auto, (max-width: 1456px) 100vw, 1456px\"><\/figure>\n\n\n\n<p><\/p>\n\n\n\n<p>The need for transportation fuels globally is increasing due to the demands of the growing population and industrialization. As the fuel transport market is expected to grow significantly in the coming years, Fuel <a href=\"https:\/\/www.sisinternational.com\/it\/trasporto-in-ambulanza\/\" title=\"Ricerche di mercato sul trasporto in ambulanza\"  data-wpil-monitor-id=\"2079\">Transport Market Research<\/a> provides insights such as:<\/p>\n\n\n\n<ul class=\"wp-block-list\">\n<li>Dimensioni del mercato e tasso di crescita dei vari settori del mercato dei carburanti per trasporti<\/li>\n\n\n\n<li>Dimensioni del mercato e tasso di crescita in paesi selezionati<\/li>\n\n\n\n<li>Discovering the <a href=\"https:\/\/www.sisinternational.com\/it\/soluzioni\/soluzioni-di-ricerca-quantitativa-qualitativa\/ricerche-di-mercato-sui-fattori-umani\/\" title=\"Ricerche di mercato sui fattori umani\"  data-wpil-monitor-id=\"10210\">factors that will either drive market<\/a> growth or restrain it<\/li>\n\n\n\n<li>Finding out the key <a href=\"https:\/\/www.sisinternational.com\/it\/soluzioni\/consulenza-strategica\/ricerca-sulle-opportunita-di-mercato\/\" title=\"Ricerca sulle opportunit\u00e0 di mercato\"  data-wpil-monitor-id=\"10200\">opportunities in the transportation fuel market<\/a><\/li>\n\n\n\n<li>Data and <a href=\"https:\/\/www.sisinternational.com\/it\/come-far-crescere-la-tua-attivita\/\" title=\"Come far crescere la tua attivit\u00e0\"  data-wpil-monitor-id=\"10191\">strategies<\/a> in the fuel transport industry can provide key business insights<\/li>\n\n\n\n<li>Understand the major developments in the industry to forecast <a href=\"https:\/\/www.sisinternational.com\/it\/future-trends-in-qualitative-market-research\/\" title=\"Future Trends in Qualitative Market Research\"  data-wpil-monitor-id=\"10193\">future trends and market<\/a> movement<\/li>\n\n\n\n<li>Raccogli informazioni su potenziali nuovi prodotti e sugli aggiornamenti pi\u00f9 recenti, nonch\u00e9 attingi a settori da scoprire.<\/li>\n<\/ul>\n\n\n\n<h2 class=\"wp-block-heading\">Industrie che trarranno vantaggio dalla ricerca di mercato nel trasporto di carburante<\/h2>\n\n\n\n<h3 class=\"wp-block-heading\">L\u2019uso del carburante per i trasporti in tutto il mondo mostra quanto sia rilevante il mercato per varie aziende e settori. Questi includono, ma non sono limitati a, quanto segue:<\/h3>\n\n\n\n<p>Agricoltura e alimentazione \u2013 Questo settore ha bisogno di carburante per consentire ai suoi agricoltori di coltivare raccolti attraverso l\u2019uso di macchine che verranno poi distribuite tramite trasporto in varie parti del mondo.<\/p>\n\n\n\n<p>Sanit\u00e0: il settore sanitario fa affidamento sui servizi di trasporto per le forniture quotidiane, i farmaci e le attrezzature e persino per soddisfare i propri servizi.<\/p>\n\n\n\n<p>Edilizia \u2013 L\u2019industria delle costruzioni utilizza molti materiali pesanti che richiedono il trasporto da un luogo all\u2019altro. Queste forniture includono legno, cemento, metalli e altro ancora. Questi materiali sono necessari in loco per realizzare qualsiasi struttura venga riparata o costruita.<\/p>\n\n\n\n<p>Industria del trasporto merci e servizi di corriere \u2013 Negli ultimi anni, questo settore ha svolto un ruolo importante nel trasporto di merci e vari prodotti, non solo per le aziende ma anche per uso personale. Per spostare questi prodotti da un&#039;area all&#039;altra \u00e8 necessario l&#039;uso di camion e veicoli per la consegna.<\/p>\n\n\n\n<p>Supermercati \u2013 I generi alimentari e i supermercati fanno affidamento sulla consegna di merci e sul rifornimento di prodotti freschi per i loro consumatori. Il trasporto \u00e8 necessario per avere una fornitura continua.<\/p>\n\n\n\n<h2 class=\"wp-block-heading\">Vantaggi della ricerca di mercato nel trasporto di carburante<\/h2>\n\n\n\n<figure class=\"gb-block-image gb-block-image-65ba5d5d\"><img loading=\"lazy\" decoding=\"async\" width=\"1456\" height=\"816\" class=\"gb-image gb-image-65ba5d5d\" src=\"https:\/\/www.sisinternational.com\/wp-content\/uploads\/2025\/08\/Aiirline-jetfuel-airplane-9.jpg\" alt=\"Ricerca e strategia di mercato internazionale SIS\" title=\"Aiirline jetfuel airplane (9)\" srcset=\"https:\/\/www.sisinternational.com\/wp-content\/uploads\/2025\/08\/Aiirline-jetfuel-airplane-9.jpg 1456w, https:\/\/www.sisinternational.com\/wp-content\/uploads\/2025\/08\/Aiirline-jetfuel-airplane-9-300x168.jpg 300w, https:\/\/www.sisinternational.com\/wp-content\/uploads\/2025\/08\/Aiirline-jetfuel-airplane-9-1024x574.jpg 1024w, https:\/\/www.sisinternational.com\/wp-content\/uploads\/2025\/08\/Aiirline-jetfuel-airplane-9-768x430.jpg 768w, https:\/\/www.sisinternational.com\/wp-content\/uploads\/2025\/08\/Aiirline-jetfuel-airplane-9-18x10.jpg 18w\" sizes=\"auto, (max-width: 1456px) 100vw, 1456px\"><\/figure>\n\n\n\n<p><\/p>\n\n\n\n<p>Inoltre, la ricerca di mercato nel trasporto di carburante fornisce approfondimenti che saranno di grande beneficio per coloro che sono attori chiave nel settore dei trasporti o che intendono farne parte. I dati e le strategie nel settore del trasporto di carburante possono essere utili per raggiungere i seguenti obiettivi:<\/p>\n\n\n\n<ul class=\"wp-block-list\">\n<li>To come up with credible <a href=\"https:\/\/www.sisinternational.com\/it\/copertura\/ricerche-di-mercato-africane\/ricerche-di-mercato-in-namibia\/\" title=\"Ricerche di mercato in Namibia\"  data-wpil-monitor-id=\"3404\">research data that will impact marketing<\/a> forecasts of business and other relevant sectors.<\/li>\n\n\n\n<li>Classificare gli scopi e gli obiettivi della ricerca. Questo per garantire che le informazioni raccolte siano fornite con precisione per lo scopo per il quale sono necessarie.<\/li>\n\n\n\n<li>Assessing the data to provide helpful information on the impact of the <a href=\"https:\/\/www.sisinternational.com\/it\/competenza\/industrie\/ricerche-di-mercato-sul-carburante-per-aerei\/\" title=\"Ricerche di mercato sul carburante per aerei\"  data-wpil-monitor-id=\"10212\">fuel transport market<\/a> on the environment.<\/li>\n\n\n\n<li>To come up with <a href=\"https:\/\/www.sisinternational.com\/it\/soluzioni\/consulenza-strategica\/pianificazione-dello-scenario\/\" title=\"Consulenza strategica per la pianificazione degli scenari\"  data-wpil-monitor-id=\"10204\">strategies and plans<\/a> to utilize the use of fuel transport for profitability.<\/li>\n\n\n\n<li>Come up with a market share analysis that can be used by business and industry leaders when creating <a href=\"https:\/\/www.sisinternational.com\/it\/soluzioni\/consulenza-strategica\/ricerca-di-mercato-per-la-previsione-della-domanda\/\" title=\"Demand Forecasting Market Consulting\"  data-wpil-monitor-id=\"10197\">marketing<\/a> plans and forecasting marketing revenue.<\/li>\n<\/ul>\n\n\n\n<h2 class=\"wp-block-heading\">Chi trarr\u00e0 vantaggio dalla ricerca di mercato nel trasporto di carburante?<\/h2>\n\n\n\n<p>Poich\u00e9 il settore del trasporto di carburante \u00e8 in crescita, si pu\u00f2 vedere l\u2019aumento anche dei suoi usi e dell\u2019influenza su altre attivit\u00e0. L&#039;elenco seguente mostrer\u00e0 chi trarr\u00e0 il massimo beneficio dalla ricerca di mercato nel trasporto di carburante:<\/p>\n\n\n\n<ul class=\"wp-block-list\">\n<li>Investitori nel settore del trasporto di carburante<\/li>\n\n\n\n<li>Professionisti delle ricerche di mercato nel trasporto di carburante<\/li>\n\n\n\n<li>Aziende esistenti ed emergenti che fanno affidamento sui trasporti<\/li>\n\n\n\n<li>Produttori di carburanti per trasporti<\/li>\n\n\n\n<li>Societ\u00e0 di produzione di petrolio e gas<\/li>\n\n\n\n<li>Istituti di ricerca ambientale e economica<\/li>\n\n\n\n<li><a href=\"https:\/\/www.sisinternational.com\/it\/competenza\/industrie\/ricerche-sul-mercato-energetico\/\" title=\"Ricerche sul mercato energetico\"  data-wpil-monitor-id=\"10207\">Market drivers in both Energy<\/a> and Transportation sectors<\/li>\n<\/ul>\n\n\n\n<h2 class=\"wp-block-heading\">Informazioni sulle ricerche di mercato nel trasporto di carburante<\/h2>\n\n\n\n<figure class=\"gb-block-image gb-block-image-fec97b15\"><img loading=\"lazy\" decoding=\"async\" width=\"1456\" height=\"816\" class=\"gb-image gb-image-fec97b15\" src=\"https:\/\/www.sisinternational.com\/wp-content\/uploads\/2025\/08\/Aiirline-jetfuel-airplane-8.jpg\" alt=\"Ricerca e strategia di mercato internazionale SIS\" title=\"Aiirline jetfuel airplane (8)\" srcset=\"https:\/\/www.sisinternational.com\/wp-content\/uploads\/2025\/08\/Aiirline-jetfuel-airplane-8.jpg 1456w, https:\/\/www.sisinternational.com\/wp-content\/uploads\/2025\/08\/Aiirline-jetfuel-airplane-8-300x168.jpg 300w, https:\/\/www.sisinternational.com\/wp-content\/uploads\/2025\/08\/Aiirline-jetfuel-airplane-8-1024x574.jpg 1024w, https:\/\/www.sisinternational.com\/wp-content\/uploads\/2025\/08\/Aiirline-jetfuel-airplane-8-768x430.jpg 768w, https:\/\/www.sisinternational.com\/wp-content\/uploads\/2025\/08\/Aiirline-jetfuel-airplane-8-18x10.jpg 18w\" sizes=\"auto, (max-width: 1456px) 100vw, 1456px\"><\/figure>\n\n\n\n<p><\/p>\n\n\n\n<p>Utilizzando metodi collaudati nel tempo nella ricerca di mercato nel trasporto di carburante per raccogliere le informazioni e i dati necessari, fornir\u00e0 ai dirigenti aziendali e ad altri investitori del settore approfondimenti approfonditi per prendere decisioni ben informate. I dati e le strategie nel settore del trasporto di carburante consentiranno inoltre di trovare modi e opportunit\u00e0 per elaborare piani vantaggiosi per l\u2019economia e sostenibili dal punto di vista ambientale.<\/p>","protected":false},"excerpt":{"rendered":"<p>I carburanti per i trasporti sono fonti di energia necessarie per alimentare diversi veicoli. La ricerca di mercato nel trasporto di carburante fornisce preziose informazioni alle industrie.<\/p>","protected":false},"author":1,"featured_media":63147,"parent":14514,"menu_order":171,"comment_status":"closed","ping_status":"closed","template":"","meta":{"footnotes":""},"class_list":["post-41468","page","type-page","status-publish","has-post-thumbnail"],"_links":{"self":[{"href":"https:\/\/www.sisinternational.com\/it\/wp-json\/wp\/v2\/pages\/41468","targetHints":{"allow":["GET"]}}],"collection":[{"href":"https:\/\/www.sisinternational.com\/it\/wp-json\/wp\/v2\/pages"}],"about":[{"href":"https:\/\/www.sisinternational.com\/it\/wp-json\/wp\/v2\/types\/page"}],"author":[{"embeddable":true,"href":"https:\/\/www.sisinternational.com\/it\/wp-json\/wp\/v2\/users\/1"}],"replies":[{"embeddable":true,"href":"https:\/\/www.sisinternational.com\/it\/wp-json\/wp\/v2\/comments?post=41468"}],"version-history":[{"count":7,"href":"https:\/\/www.sisinternational.com\/it\/wp-json\/wp\/v2\/pages\/41468\/revisions"}],"predecessor-version":[{"id":81686,"href":"https:\/\/www.sisinternational.com\/it\/wp-json\/wp\/v2\/pages\/41468\/revisions\/81686"}],"up":[{"embeddable":true,"href":"https:\/\/www.sisinternational.com\/it\/wp-json\/wp\/v2\/pages\/14514"}],"wp:featuredmedia":[{"embeddable":true,"href":"https:\/\/www.sisinternational.com\/it\/wp-json\/wp\/v2\/media\/63147"}],"wp:attachment":[{"href":"https:\/\/www.sisinternational.com\/it\/wp-json\/wp\/v2\/media?parent=41468"}],"curies":[{"name":"wp","href":"https:\/\/api.w.org\/{rel}","templated":true}]}}