{"id":41464,"date":"2023-02-12T01:45:44","date_gmt":"2023-02-12T01:45:44","guid":{"rendered":"https:\/\/www.sisinternational.com\/?page_id=41464"},"modified":"2025-10-20T22:59:09","modified_gmt":"2025-10-21T02:59:09","slug":"ricerca-estrema-sulla-persona","status":"publish","type":"page","link":"https:\/\/www.sisinternational.com\/it\/competenza\/ricerca-estrema-sulla-persona\/","title":{"rendered":"Ricerca estrema sulle persone"},"content":{"rendered":"<h1 class=\"wp-block-heading\">Ricerca estrema sulle persone<\/h1>\n\n\n\n<figure class=\"gb-block-image gb-block-image-05813592\"><img loading=\"lazy\" decoding=\"async\" width=\"1456\" height=\"816\" class=\"gb-image gb-image-05813592\" src=\"https:\/\/www.sisinternational.com\/wp-content\/uploads\/2025\/08\/CEO-woman-business-woman-8.jpg\" alt=\"Ricerca e strategia di mercato internazionale SIS\" title=\"CEO woman business woman (8)\" srcset=\"https:\/\/www.sisinternational.com\/wp-content\/uploads\/2025\/08\/CEO-woman-business-woman-8.jpg 1456w, https:\/\/www.sisinternational.com\/wp-content\/uploads\/2025\/08\/CEO-woman-business-woman-8-300x168.jpg 300w, https:\/\/www.sisinternational.com\/wp-content\/uploads\/2025\/08\/CEO-woman-business-woman-8-1024x574.jpg 1024w, https:\/\/www.sisinternational.com\/wp-content\/uploads\/2025\/08\/CEO-woman-business-woman-8-768x430.jpg 768w, https:\/\/www.sisinternational.com\/wp-content\/uploads\/2025\/08\/CEO-woman-business-woman-8-18x10.jpg 18w\" sizes=\"auto, (max-width: 1456px) 100vw, 1456px\"><\/figure>\n\n\n\n<p><\/p>\n\n\n\n<p>Le personas sono uno strumento che consiste nella creazione di personaggi immaginari. I ricercatori li creano sulla base dei tratti comuni di persone simili tra loro. Pertanto, creano un archetipo.<\/p>\n\n\n\n<p>I personaggi estremi sono archetipi di persone con tratti unici. Un altro punto chiave \u00e8 che rappresentano gruppi speciali o rari. Possiamo identificare tre gruppi di personalit\u00e0 estreme:<\/p>\n\n\n\n<ol class=\"wp-block-list\">\n<li>La multi-minoranza: questa persona \u00e8 un personaggio che appartiene a diversi gruppi. Ciascuno di questi gruppi \u00e8 una minoranza nella societ\u00e0. La pi\u00f9 classica \u00e8 una donna nera che \u00e8 anche lesbica e disabile.<\/li>\n\n\n\n<li>The Hard Lifer: questa persona ha un passato violento e pesante che ha un impatto su bisogni e comportamenti. Un esempio \u00e8 un padre vedovo. Anche questo padre \u00e8 un sopravvissuto al cancro e lavora di notte con il salario minimo.<\/li>\n\n\n\n<li>La persona tossica: questa persona mostra comportamenti dannosi. Proiettano questi comportamenti sui prodotti che utilizzano. I tre tipi pi\u00f9 conosciuti sono:<\/li>\n<\/ol>\n\n\n\n<ul class=\"wp-block-list\">\n<li>The Hater: questa persona sfoga la rabbia nei confronti di un prodotto. Una sottoclasse pu\u00f2 essere il troll che si diverte a infastidire gli altri utenti.<\/li>\n\n\n\n<li>Il pervertito: questi utenti utilizzano prodotti per esprimere la loro lussuria. Un esempio sono gli uomini che usano LinkedIn come piattaforma per flirtare.<\/li>\n\n\n\n<li>The Idiot: This persona doesn\u2019t understand anything about what they are doing. <a href=\"https:\/\/www.sisinternational.com\/it\/soluzioni\/soluzioni-di-branding-e-ricerca-clienti\/test-di-usabilita-ricerca-sullesperienza-utente\/\" title=\"Ricerche di mercato sugli utenti e test di usabilit\u00e0\"  data-wpil-monitor-id=\"8502\">Marketers must consider this user<\/a> to ensure the system is safe and there is no way to endanger them.<\/li>\n<\/ul>\n\n\n\n<h2 class=\"wp-block-heading\">Perch\u00e9 la ricerca sulle Persona Estreme \u00e8 importante?<\/h2>\n\n\n\n<p>Personas breathe <a href=\"https:\/\/www.sisinternational.com\/it\/competenza\/industrie\/ricerche-di-mercato-nel-settore-delle-scienze-della-vita\/\" title=\"Ricerche di mercato nel settore delle scienze della vita\"  data-wpil-monitor-id=\"8507\">life<\/a> into the cold facts of your research. Combine the people for whom you seek to design into a coherent whole. Create persona profiles of typical or extreme users. It will help you understand patterns in your research. Another benefit of creating personas is that it will help you ask the right questions. It will also enable you to answer them in line with the users you\u2019re designing for.<\/p>\n\n\n\n<h2 class=\"wp-block-heading\">Perch\u00e9 le aziende hanno bisogno di una ricerca estrema sulla persona<\/h2>\n\n\n\n<figure class=\"gb-block-image gb-block-image-d0a40522\"><img loading=\"lazy\" decoding=\"async\" width=\"1456\" height=\"816\" class=\"gb-image gb-image-d0a40522\" src=\"https:\/\/www.sisinternational.com\/wp-content\/uploads\/2025\/08\/CEO-woman-business-woman-10.jpg\" alt=\"Ricerca e strategia di mercato internazionale SIS\" title=\"CEO woman business woman (10)\" srcset=\"https:\/\/www.sisinternational.com\/wp-content\/uploads\/2025\/08\/CEO-woman-business-woman-10.jpg 1456w, https:\/\/www.sisinternational.com\/wp-content\/uploads\/2025\/08\/CEO-woman-business-woman-10-300x168.jpg 300w, https:\/\/www.sisinternational.com\/wp-content\/uploads\/2025\/08\/CEO-woman-business-woman-10-1024x574.jpg 1024w, https:\/\/www.sisinternational.com\/wp-content\/uploads\/2025\/08\/CEO-woman-business-woman-10-768x430.jpg 768w, https:\/\/www.sisinternational.com\/wp-content\/uploads\/2025\/08\/CEO-woman-business-woman-10-18x10.jpg 18w\" sizes=\"auto, (max-width: 1456px) 100vw, 1456px\"><\/figure>\n\n\n\n<p><\/p>\n\n\n\n<p>Personas can be helpful when well crafted to represent specific user cases. Furthermore, referring to them can allow a business to innovate in a direction that will enable it to thrive. Are you looking to <a href=\"https:\/\/www.sisinternational.com\/it\/soluzioni\/prova-del-gusto\/servizi-di-test-di-prodotto-a-new-york\/\" title=\"Servizi di test di prodotto a New York\"  data-wpil-monitor-id=\"8501\">test a new product or service<\/a>? First, see how it connects with the extreme personas before trying to market it. Once you adjust the results to consider external factors, you can use them to spot markets like yours.<\/p>\n\n\n\n<h3 class=\"wp-block-heading\">Fattori chiave del successo<\/h3>\n\n\n\n<p>It\u2019s not cheap to create personas that <a href=\"https:\/\/www.sisinternational.com\/it\/b2b\/\" title=\"Cost-Effective and Actionable Insights to Drive Your Next Strategic Move\"  data-wpil-monitor-id=\"8506\">drive real insights<\/a> and empathy, nor is it easy. While the list of success factors is a long one, these five are an excellent place to start:<\/p>\n\n\n\n<ol class=\"wp-block-list\">\n<li><a href=\"https:\/\/www.sisinternational.com\/it\/how-to-conduct-effective-desk-research\/\" title=\"How to Conduct Effective Desk Research\"  data-wpil-monitor-id=\"8504\">Conduct in-depth research<\/a>. Tony Zambito conducted the State of Buyer Personas 2015 survey several years ago. In his comments, he noted that only 15 percent of respondents used <a href=\"https:\/\/www.sisinternational.com\/it\/soluzioni\/soluzioni-di-ricerca-quantitativa-qualitativa\/reclutamento-per-la-ricerca-qualitativa\/\" title=\"Reclutamento per la ricerca qualitativa\"  data-wpil-monitor-id=\"8503\">Qualitative in-depth research<\/a> to build their personas. Without meaningful, rich, research-driven insights, your extreme personas risk being one-dimensional. As a matter of fact, they can even be misleading.<\/li>\n\n\n\n<li>Rappresenta persone reali. Distilla i tuoi personaggi estremi nelle descrizioni di persone &quot;reali&quot;. Descrivili in modi vividi che si connettono con il tuo pubblico.<\/li>\n\n\n\n<li>Informa e convalida i tuoi personaggi estremi con dati transazionali o di segmentazione. Interviste e focus group guidano la maggior parte dei contenuti personali. Ma la capacit\u00e0 di aggiungere segmentazione o dati transazionali \u00e8 fondamentale. Pu\u00f2 aiutare a informare o convalidare ulteriormente i tuoi personaggi estremi.<\/li>\n\n\n\n<li>Assicurati di utilizzare i tuoi personaggi estremi. Devi integrare le tue personalit\u00e0 estreme nel processo nei passaggi critici. Quindi usali per informare, verificare e convalidare il processo decisionale.<\/li>\n\n\n\n<li>Sfrutta le tue personalit\u00e0 estreme. Puoi sfruttare un unico personaggio estremo ben progettato in tutta la tua azienda. Usa quella persona per diverse iniziative di mappatura del viaggio.<\/li>\n<\/ol>\n\n\n\n<h2 class=\"wp-block-heading\">Informazioni su Extreme Persona Research<\/h2>\n\n\n\n<figure class=\"gb-block-image gb-block-image-7b3c49bb\"><img loading=\"lazy\" decoding=\"async\" width=\"1456\" height=\"816\" class=\"gb-image gb-image-7b3c49bb\" src=\"https:\/\/www.sisinternational.com\/wp-content\/uploads\/2025\/08\/CEO-woman-business-woman-9.jpg\" alt=\"Ricerca e strategia di mercato internazionale SIS\" title=\"CEO woman business woman (9)\" srcset=\"https:\/\/www.sisinternational.com\/wp-content\/uploads\/2025\/08\/CEO-woman-business-woman-9.jpg 1456w, https:\/\/www.sisinternational.com\/wp-content\/uploads\/2025\/08\/CEO-woman-business-woman-9-300x168.jpg 300w, https:\/\/www.sisinternational.com\/wp-content\/uploads\/2025\/08\/CEO-woman-business-woman-9-1024x574.jpg 1024w, https:\/\/www.sisinternational.com\/wp-content\/uploads\/2025\/08\/CEO-woman-business-woman-9-768x430.jpg 768w, https:\/\/www.sisinternational.com\/wp-content\/uploads\/2025\/08\/CEO-woman-business-woman-9-18x10.jpg 18w\" sizes=\"auto, (max-width: 1456px) 100vw, 1456px\"><\/figure>\n\n\n\n<p><\/p>\n\n\n\n<p>Extreme <a href=\"https:\/\/www.sisinternational.com\/it\/soluzioni\/soluzioni-di-ricerca-quantitativa-qualitativa\/ricerche-di-mercato-sui-buyer-personas\/\" title=\"Soluzioni e metodi per ricerche di mercato sulla Buyer Persona\"  data-wpil-monitor-id=\"8500\">personas greatly benefit UX Market Research<\/a>, but marketers must be careful. They should only design a <a href=\"https:\/\/www.sisinternational.com\/it\/soluzioni\/prova-del-gusto\/product-testing-services\/\" title=\"Product Testing Services\"  data-wpil-monitor-id=\"8505\">product or service<\/a> that covers some user archetypes. Looking at extreme personas during the research is crucial. It will give you an external view of the project. Moreover, this view will take you out of the box and expand your creative character. Yet, it would be best if you never lost focus on what you\u2019re creating, for what, and for whom.<\/p>","protected":false},"excerpt":{"rendered":"<p>I personaggi estremi sono archetipi di persone con tratti unici. Un altro punto chiave \u00e8 che rappresentano gruppi speciali o rari.<\/p>","protected":false},"author":1,"featured_media":64922,"parent":14514,"menu_order":170,"comment_status":"closed","ping_status":"closed","template":"","meta":{"footnotes":""},"class_list":["post-41464","page","type-page","status-publish","has-post-thumbnail"],"_links":{"self":[{"href":"https:\/\/www.sisinternational.com\/it\/wp-json\/wp\/v2\/pages\/41464","targetHints":{"allow":["GET"]}}],"collection":[{"href":"https:\/\/www.sisinternational.com\/it\/wp-json\/wp\/v2\/pages"}],"about":[{"href":"https:\/\/www.sisinternational.com\/it\/wp-json\/wp\/v2\/types\/page"}],"author":[{"embeddable":true,"href":"https:\/\/www.sisinternational.com\/it\/wp-json\/wp\/v2\/users\/1"}],"replies":[{"embeddable":true,"href":"https:\/\/www.sisinternational.com\/it\/wp-json\/wp\/v2\/comments?post=41464"}],"version-history":[{"count":4,"href":"https:\/\/www.sisinternational.com\/it\/wp-json\/wp\/v2\/pages\/41464\/revisions"}],"predecessor-version":[{"id":81427,"href":"https:\/\/www.sisinternational.com\/it\/wp-json\/wp\/v2\/pages\/41464\/revisions\/81427"}],"up":[{"embeddable":true,"href":"https:\/\/www.sisinternational.com\/it\/wp-json\/wp\/v2\/pages\/14514"}],"wp:featuredmedia":[{"embeddable":true,"href":"https:\/\/www.sisinternational.com\/it\/wp-json\/wp\/v2\/media\/64922"}],"wp:attachment":[{"href":"https:\/\/www.sisinternational.com\/it\/wp-json\/wp\/v2\/media?parent=41464"}],"curies":[{"name":"wp","href":"https:\/\/api.w.org\/{rel}","templated":true}]}}