{"id":41440,"date":"2023-02-11T23:32:55","date_gmt":"2023-02-11T23:32:55","guid":{"rendered":"https:\/\/www.sisinternational.com\/?page_id=41440"},"modified":"2026-01-24T21:25:11","modified_gmt":"2026-01-25T02:25:11","slug":"ricerche-di-mercato-sulla-raccolta-dati","status":"publish","type":"page","link":"https:\/\/www.sisinternational.com\/it\/competenza\/ricerche-di-mercato-sulla-raccolta-dati\/","title":{"rendered":"Ricerche di mercato sulla raccolta dati"},"content":{"rendered":"<h1 class=\"wp-block-heading p1\"><span class=\"s1\">Ricerche di mercato sulla raccolta dati<\/span><\/h1>\n\n\n\n<figure class=\"gb-block-image gb-block-image-a3e8d8dd\"><img loading=\"lazy\" decoding=\"async\" width=\"1456\" height=\"816\" class=\"gb-image gb-image-a3e8d8dd\" src=\"https:\/\/www.sisinternational.com\/wp-content\/uploads\/2025\/08\/Data-40.jpg\" alt=\"Ricerca e strategia di mercato internazionale SIS\" title=\"Data (40)\" srcset=\"https:\/\/www.sisinternational.com\/wp-content\/uploads\/2025\/08\/Data-40.jpg 1456w, https:\/\/www.sisinternational.com\/wp-content\/uploads\/2025\/08\/Data-40-300x168.jpg 300w, https:\/\/www.sisinternational.com\/wp-content\/uploads\/2025\/08\/Data-40-1024x574.jpg 1024w, https:\/\/www.sisinternational.com\/wp-content\/uploads\/2025\/08\/Data-40-768x430.jpg 768w, https:\/\/www.sisinternational.com\/wp-content\/uploads\/2025\/08\/Data-40-18x10.jpg 18w\" sizes=\"auto, (max-width: 1456px) 100vw, 1456px\"><\/figure>\n\n\n\n<p><\/p>\n\n\n\n<h2 class=\"wp-block-heading p3\">Cos&#039;\u00e8 la raccolta dati?<\/h2>\n\n\n\n<p class=\"p4\">La raccolta dati \u00e8 il compito di creare una scorta di fatti e cifre corretti sulla tua attivit\u00e0. Queste informazioni provengono da varie fonti per trovare risposte a problemi e tendenze della ricerca. Esamina anche eventi probabili per testare i possibili risultati.<\/p>\n\n\n\n<p class=\"p4\">I dati sono informazioni in formato digitale, almeno come definito nell&#039;IT. L\u2019informazione \u00e8 conoscenza e, allo stesso modo, la conoscenza \u00e8 potere. Quindi, i dati sono potere. La nostra societ\u00e0 dipende soprattutto dai dati. Alla luce di ci\u00f2, abbiamo bisogno della raccolta dati per prendere decisioni informate. Garantisce inoltre l&#039;integrit\u00e0 della ricerca.<\/p>\n\n\n\n<p class=\"p4\">Given these points, companies must structure the Data Collection in such a way that they can test hypotheses. They must also be able to answer stated research questions and assess outcomes. Of course, accurate Data Collection is vital. The field of study doesn\u2019t matter. Nor does it matter whether you prefer Quantitative or Qualitative Market Research. Proper <a href=\"https:\/\/www.sisinternational.com\/it\/soluzioni\/ai-ricerche-di-mercato-e-consulenza-strategica\/scienza-dei-dati-e-ricerche-di-mercato\/\" title=\"Ricerche di mercato sull&#039;intelligenza artificiale per la scienza dei dati\"  data-wpil-monitor-id=\"2411\">Raccolta dati<\/a> will help you maintain the integrity of your research.<\/p>\n\n\n\n<h2 class=\"wp-block-heading p3\">Perch\u00e9 la raccolta dei dati \u00e8 importante?<\/h2>\n\n\n\n<p class=\"p4\">La raccolta dati pu\u00f2 aiutarti a comprendere le esigenze dei consumatori in modo da poter migliorare i servizi. Puoi usarlo per far crescere e mantenere la tua base di clienti e per perfezionare il tuo piano di gioco. Puoi persino venderli come dati di seconda parte ad altre societ\u00e0 con profitto. Ecco come la raccolta dati pu\u00f2 essere utile alla tua azienda:<\/p>\n\n\n\n<ul class=\"wp-block-list\">\n<li><span class=\"s3\">Trovare nuovi clienti<\/span><\/li>\n\n\n\n<li><span class=\"s3\">Migliorare la tua tecnica nel raggiungere nuovi clienti<\/span><\/li>\n\n\n\n<li><span class=\"s3\">Comprendere il comportamento dei consumatori<\/span><\/li>\n\n\n\n<li><span class=\"s3\">Aumentare la fidelizzazione dei clienti<\/span><\/li>\n\n\n\n<li><span class=\"s3\">Trovare soluzioni ai problemi<\/span><\/li>\n\n\n\n<li><span class=\"s3\">Ridurre gli errori<\/span><\/li>\n\n\n\n<li><span class=\"s3\">Migliorare il processo decisionale<\/span><\/li>\n\n\n\n<li><span class=\"s3\">Ottenere le risposte giuste alle domande di ricerca<\/span><\/li>\n\n\n\n<li><span class=\"s3\">Prevedere le tendenze del mercato<\/span><\/li>\n\n\n\n<li><span class=\"s3\">Incrementare gli sforzi di marketing<\/span><\/li>\n\n\n\n<li><span class=\"s3\">Migliorare i processi aziendali<\/span><\/li>\n\n\n\n<li><span class=\"s3\">Migliorare la vita delle persone<\/span><\/li>\n\n\n\n<li><span class=\"s3\">Proving and repeating <a href=\"https:\/\/www.sisinternational.com\/it\/copertura\/ricerche-di-mercato-africane\/ricerche-di-mercato-in-namibia\/\" title=\"Ricerche di mercato in Namibia\"  data-wpil-monitor-id=\"3417\">Ricerca sul dimensionamento del mercato<\/a> studies<\/span><\/li>\n\n\n\n<li><span class=\"s3\">Essere strategico nel tuo approccio<\/span><\/li>\n\n\n\n<li><span class=\"s3\">Accesso alle risorse<\/span><\/li>\n\n\n\n<li><span class=\"s3\">Tenendo traccia di tutto\u00a0<\/span><\/li>\n\n\n\n<li><span class=\"s3\">Ottieni il massimo dai tuoi soldi<\/span><\/li>\n<\/ul>\n\n\n\n<h2 class=\"wp-block-heading p3\">Titoli di lavoro chiave<\/h2>\n\n\n\n<figure class=\"gb-block-image gb-block-image-04a1e4bc\"><img loading=\"lazy\" decoding=\"async\" width=\"1456\" height=\"816\" class=\"gb-image gb-image-04a1e4bc\" src=\"https:\/\/www.sisinternational.com\/wp-content\/uploads\/2025\/08\/Data-9.jpg\" alt=\"Ricerca e strategia di mercato internazionale SIS\" title=\"Data (9)\" srcset=\"https:\/\/www.sisinternational.com\/wp-content\/uploads\/2025\/08\/Data-9.jpg 1456w, https:\/\/www.sisinternational.com\/wp-content\/uploads\/2025\/08\/Data-9-300x168.jpg 300w, https:\/\/www.sisinternational.com\/wp-content\/uploads\/2025\/08\/Data-9-1024x574.jpg 1024w, https:\/\/www.sisinternational.com\/wp-content\/uploads\/2025\/08\/Data-9-768x430.jpg 768w, https:\/\/www.sisinternational.com\/wp-content\/uploads\/2025\/08\/Data-9-18x10.jpg 18w\" sizes=\"auto, (max-width: 1456px) 100vw, 1456px\"><\/figure>\n\n\n\n<p><\/p>\n\n\n\n<h3 class=\"wp-block-heading p4\">La raccolta dei dati appartiene al campo della scienza dei dati. I principali titoli professionali includono:<\/h3>\n\n\n\n<ul class=\"wp-block-list\">\n<li>Analista dati<\/li>\n\n\n\n<li>Scienziato dei dati<\/li>\n\n\n\n<li>Architetto dei dati<\/li>\n\n\n\n<li>Ingegnere dei dati<\/li>\n\n\n\n<li>Narratore di dati<\/li>\n\n\n\n<li>Ingegnere dell&#039;apprendimento automatico<\/li>\n\n\n\n<li>Scienziato dell&#039;apprendimento automatico<\/li>\n\n\n\n<li>Amministratore del database<\/li>\n<\/ul>\n\n\n\n<h2 class=\"wp-block-heading p3\">Perch\u00e9 le aziende hanno bisogno della raccolta dati<\/h2>\n\n\n\n<p class=\"p4\">Ogni giorno le aziende effettuano grandi quantit\u00e0 di ricerche di mercato quantitative. Si impegnano anche in ricerche di mercato qualitative. Quindi archiviano e analizzano questi dati sulla loro base di consumatori. La raccolta dati consente loro di creare annunci mirati. Tali annunci sono cruciali nella vendita dei loro prodotti e servizi. Esistono molti altri modi in cui le aziende utilizzano i dati sui consumatori che raccolgono. Possono anche sfruttare le informazioni che traggono da tali dati:<\/p>\n\n\n\n<p>1. Per ricerche di mercato UX. I dati sui consumatori offrono un modo per comprendere meglio le esigenze dei clienti e aumentare il coinvolgimento.<\/p>\n\n\n\n<p>2. Per perfezionare la strategia di marketing. I dati aiutano le aziende a comprendere i propri consumatori. Consente loro di vedere come i consumatori interagiscono e rispondono alle loro campagne pubblicitarie. In questo modo, possono adattare queste campagne alle loro esigenze.<\/p>\n\n\n\n<p>3. Per proteggere pi\u00f9 dati: alcune aziende utilizzano i dati di cui gi\u00e0 dispongono per raccogliere informazioni ancora pi\u00f9 sensibili. Ad esempio, le banche a volte utilizzano i dati dell&#039;ID vocale per consentire agli utenti di accedere alle proprie informazioni. Voice ID pu\u00f2 anche proteggerli dalle frodi.<\/p>\n\n\n\n<h2 class=\"wp-block-heading p3\">Fattori chiave del successo<\/h2>\n\n\n\n<figure class=\"gb-block-image gb-block-image-1759d287\"><img loading=\"lazy\" decoding=\"async\" width=\"1456\" height=\"816\" class=\"gb-image gb-image-1759d287\" src=\"https:\/\/www.sisinternational.com\/wp-content\/uploads\/2025\/08\/Data-39.jpg\" alt=\"Ricerca e strategia di mercato internazionale SIS\" title=\"Data (39)\" srcset=\"https:\/\/www.sisinternational.com\/wp-content\/uploads\/2025\/08\/Data-39.jpg 1456w, https:\/\/www.sisinternational.com\/wp-content\/uploads\/2025\/08\/Data-39-300x168.jpg 300w, https:\/\/www.sisinternational.com\/wp-content\/uploads\/2025\/08\/Data-39-1024x574.jpg 1024w, https:\/\/www.sisinternational.com\/wp-content\/uploads\/2025\/08\/Data-39-768x430.jpg 768w, https:\/\/www.sisinternational.com\/wp-content\/uploads\/2025\/08\/Data-39-18x10.jpg 18w\" sizes=\"auto, (max-width: 1456px) 100vw, 1456px\"><\/figure>\n\n\n\n<p><\/p>\n\n\n\n<p class=\"p4\">In effect, choosing proper data sources is a key success factor in Data Collection. So is finding the correct analytical model. The other success factor is receiving good results. The company must then learn to use these success factors to ensure a positive end-user experience. In the same fashion, you must know how to apply the results of your Data Collection project. It\u2019s helpful in boosting your workflow. Even the most advanced and expensive system would be useless without this knowledge. <a href=\"https:\/\/www.sisinternational.com\/it\/competenza\/industrie\/ricerche-di-mercato-sui-dati-di-formazione\/\" title=\"Ricerche di mercato sui dati di formazione\"  data-wpil-monitor-id=\"3427\">Raccolta dati<\/a> should also increase brand awareness or market impact. And, of course, it should secure the bottom line. It should also ensure a lasting positive customer experience. Consumers must be able to engage with the product or service your business delivers.<\/p>\n\n\n\n<h2 class=\"wp-block-heading p3\">Informazioni sulle ricerche di mercato sulla raccolta dati<\/h2>\n\n\n\n<p class=\"p4\">La migliore raccolta dati si basa su diversi strumenti e canali invece di concentrarsi solo su uno o due. Non \u00e8 una buona idea concentrarsi solo sui canali digitali come, ad esempio, i sondaggi online e i social media. Se lo fai, le tue risposte potrebbero orientarsi verso i pi\u00f9 giovani. I focus group e le interviste di persona aiutano a rivolgersi a una gamma pi\u00f9 ampia di gruppi di et\u00e0. Sono un riflesso pi\u00f9 accurato del tuo mercato e delle sue opinioni.<\/p>\n\n\n\n<p class=\"p6\">Noi di SIS International Research possiamo aiutarti a perfezionare la raccolta dati. Siamo il punto di partenza per ricerche di mercato efficaci e informate. Contattaci per saperne di pi\u00f9 su come possiamo aiutarti a fare lo stesso.<\/p>","protected":false},"excerpt":{"rendered":"<p>La raccolta dei dati crea una riserva di fatti e cifre corretti. SIS pu\u00f2 aiutarti a mettere a punto la tua azienda con ricerche di mercato sulla raccolta dati.<\/p>","protected":false},"author":1,"featured_media":64378,"parent":14514,"menu_order":166,"comment_status":"closed","ping_status":"closed","template":"","meta":{"footnotes":""},"class_list":["post-41440","page","type-page","status-publish","has-post-thumbnail"],"_links":{"self":[{"href":"https:\/\/www.sisinternational.com\/it\/wp-json\/wp\/v2\/pages\/41440","targetHints":{"allow":["GET"]}}],"collection":[{"href":"https:\/\/www.sisinternational.com\/it\/wp-json\/wp\/v2\/pages"}],"about":[{"href":"https:\/\/www.sisinternational.com\/it\/wp-json\/wp\/v2\/types\/page"}],"author":[{"embeddable":true,"href":"https:\/\/www.sisinternational.com\/it\/wp-json\/wp\/v2\/users\/1"}],"replies":[{"embeddable":true,"href":"https:\/\/www.sisinternational.com\/it\/wp-json\/wp\/v2\/comments?post=41440"}],"version-history":[{"count":8,"href":"https:\/\/www.sisinternational.com\/it\/wp-json\/wp\/v2\/pages\/41440\/revisions"}],"predecessor-version":[{"id":77653,"href":"https:\/\/www.sisinternational.com\/it\/wp-json\/wp\/v2\/pages\/41440\/revisions\/77653"}],"up":[{"embeddable":true,"href":"https:\/\/www.sisinternational.com\/it\/wp-json\/wp\/v2\/pages\/14514"}],"wp:featuredmedia":[{"embeddable":true,"href":"https:\/\/www.sisinternational.com\/it\/wp-json\/wp\/v2\/media\/64378"}],"wp:attachment":[{"href":"https:\/\/www.sisinternational.com\/it\/wp-json\/wp\/v2\/media?parent=41440"}],"curies":[{"name":"wp","href":"https:\/\/api.w.org\/{rel}","templated":true}]}}