{"id":41429,"date":"2023-02-11T22:51:29","date_gmt":"2023-02-11T22:51:29","guid":{"rendered":"https:\/\/www.sisinternational.com\/?page_id=41429"},"modified":"2026-01-25T18:30:50","modified_gmt":"2026-01-25T23:30:50","slug":"ricerche-di-mercato-sulla-bauxite","status":"publish","type":"page","link":"https:\/\/www.sisinternational.com\/it\/competenza\/ricerche-di-mercato-sulla-bauxite\/","title":{"rendered":"Ricerche di mercato sulla bauxite"},"content":{"rendered":"<h1 class=\"wp-block-heading\">Ricerche di mercato sulla bauxite<\/h1>\n\n\n\n<figure class=\"gb-block-image gb-block-image-9131da4a\"><img loading=\"lazy\" decoding=\"async\" width=\"1456\" height=\"816\" class=\"gb-image gb-image-9131da4a\" src=\"https:\/\/www.sisinternational.com\/wp-content\/uploads\/2025\/08\/Bauxite-3.jpg\" alt=\"Ricerca e strategia di mercato internazionale SIS\" title=\"Bauxite (3)\" srcset=\"https:\/\/www.sisinternational.com\/wp-content\/uploads\/2025\/08\/Bauxite-3.jpg 1456w, https:\/\/www.sisinternational.com\/wp-content\/uploads\/2025\/08\/Bauxite-3-300x168.jpg 300w, https:\/\/www.sisinternational.com\/wp-content\/uploads\/2025\/08\/Bauxite-3-1024x574.jpg 1024w, https:\/\/www.sisinternational.com\/wp-content\/uploads\/2025\/08\/Bauxite-3-768x430.jpg 768w, https:\/\/www.sisinternational.com\/wp-content\/uploads\/2025\/08\/Bauxite-3-18x10.jpg 18w\" sizes=\"auto, (max-width: 1456px) 100vw, 1456px\"><\/figure>\n\n\n\n<p><\/p>\n\n\n\n<h2 class=\"wp-block-heading\">Le prospettive di mercato per la bauxite<\/h2>\n\n\n\n<p>La bauxite \u00e8 un materiale prezioso che tocca molte attivit\u00e0 quotidiane in tutto il mondo. La sua utilit\u00e0 risiede nel suo collegamento diretto con la produzione di alluminio. Poich\u00e9 la bauxite \u00e8 la principale materia prima utilizzata nella produzione dell&#039;alluminio, le due cose sono strettamente legate. Senza bauxite non c&#039;\u00e8 alluminio. Pertanto, le prospettive di mercato per la bauxite vanno di pari passo con le prospettive di mercato per l\u2019alluminio, e qualsiasi ricerca pertinente deve tenerne conto.<\/p>\n\n\n\n<p>Aluminum is used to produce widely used goods such as refrigerators, air conditioners and kitchen and cooking utensils. At the same time, aluminum is a key material for the aerospace <a href=\"https:\/\/www.sisinternational.com\/it\/industry-forecast\/construction-industry-forecast\/\" title=\"Construction Industry Forecast\"  data-wpil-monitor-id=\"10431\">industry and construction<\/a> projects, as aircraft components and window frames are made of aluminum. So bauxite will always be in demand, as it&#8217;s a prerequisite for the existence and development of key components of the modern world.<\/p>\n\n\n\n<h2 class=\"wp-block-heading\">Il mercato globale della bauxite<\/h2>\n\n\n\n<h3 class=\"wp-block-heading\">La bauxite \u00e8 una roccia dalle propriet\u00e0 uniche. Si trova solo in un numero limitato di paesi, il che limita la portata dell\u2019offerta. I principali paesi produttori di bauxite sono:<\/h3>\n\n\n\n<ul class=\"wp-block-list\">\n<li>Australia<\/li>\n\n\n\n<li>Guinea<\/li>\n\n\n\n<li>Cina<\/li>\n\n\n\n<li>Brasile<\/li>\n\n\n\n<li>Indonesia<\/li>\n\n\n\n<li>India<\/li>\n<\/ul>\n\n\n\n<p>\u00c8 interessante notare che paesi come la Giamaica e il Vietnam dispongono di grandi riserve di bauxite.<\/p>\n\n\n\n<h2 class=\"wp-block-heading\">Perch\u00e9 la ricerca di mercato sulla bauxite \u00e8 importante<\/h2>\n\n\n\n<figure class=\"gb-block-image gb-block-image-cb3a6913\"><img loading=\"lazy\" decoding=\"async\" width=\"1456\" height=\"816\" class=\"gb-image gb-image-cb3a6913\" src=\"https:\/\/www.sisinternational.com\/wp-content\/uploads\/2025\/08\/Bauxite-2.jpg\" alt=\"Ricerca e strategia di mercato internazionale SIS\" title=\"Bauxite (2)\" srcset=\"https:\/\/www.sisinternational.com\/wp-content\/uploads\/2025\/08\/Bauxite-2.jpg 1456w, https:\/\/www.sisinternational.com\/wp-content\/uploads\/2025\/08\/Bauxite-2-300x168.jpg 300w, https:\/\/www.sisinternational.com\/wp-content\/uploads\/2025\/08\/Bauxite-2-1024x574.jpg 1024w, https:\/\/www.sisinternational.com\/wp-content\/uploads\/2025\/08\/Bauxite-2-768x430.jpg 768w, https:\/\/www.sisinternational.com\/wp-content\/uploads\/2025\/08\/Bauxite-2-18x10.jpg 18w\" sizes=\"auto, (max-width: 1456px) 100vw, 1456px\"><\/figure>\n\n\n\n<p><\/p>\n\n\n\n<p>The last point is very important as part of the overall picture of the need for <a href=\"https:\/\/www.sisinternational.com\/it\/competenza\/industrie\/ricerche-di-mercato-sul-punto-vendita\/\" title=\"Ricerche di mercato sul punto vendita\"  data-wpil-monitor-id=\"4923\">ricerche di mercato sulla bauxite<\/a>. Predictive models suggest that bauxite reserves will be depleted in the early decades of the next century, as they are not infinite. While such forecasts are a long-term concern, there is another aspect that is more pressing: The environmental concerns associated with bauxite production. Its extraction harms local flora and fauna, resulting in environmental degradation.<\/p>\n\n\n\n<p>Di conseguenza, la ricerca di mercato sulla bauxite deve considerare sia le sfide a breve che quelle a lungo termine. D\u2019altro canto, l\u2019importanza economica della produzione di bauxite \u00e8 enorme. Fattori come l\u2019estrazione mineraria e la raffinazione, l\u2019occupazione e l\u2019istruzione, nonch\u00e9 le questioni di sostenibilit\u00e0, sono fondamentali per il buon funzionamento delle componenti chiave del mondo attuale e futuro. Settori come i trasporti, l\u2019architettura e la gestione dei materiali dipendono da un\u2019adeguata fornitura di bauxite.<\/p>\n\n\n\n<h2 class=\"wp-block-heading\">Lavori chiave<\/h2>\n\n\n\n<h3 class=\"wp-block-heading\">Esistono diversi lavori chiave associati all&#039;industria della bauxite:<\/h3>\n\n\n\n<ul class=\"wp-block-list\">\n<li>Direttori di progetto<\/li>\n\n\n\n<li>Responsabili delle operazioni di perforazione<\/li>\n\n\n\n<li>Operatori minerari<\/li>\n\n\n\n<li>Specialisti di laboratorio<\/li>\n\n\n\n<li><a href=\"https:\/\/www.sisinternational.com\/it\/soluzioni\/ai-ricerche-di-mercato-e-consulenza-strategica\/consulenza-sullintelligenza-artificiale-automazione-gestione-dei-talenti-delle-risorse-umane\/\" title=\"Automazione della gestione delle risorse umane e dei talenti e consulenza sull&#039;intelligenza artificiale\"  data-wpil-monitor-id=\"10429\">Responsabili delle risorse umane<\/a><\/li>\n\n\n\n<li>Ufficiali dei servizi di emergenza<\/li>\n\n\n\n<li>Ingegneri elettrici<\/li>\n\n\n\n<li>Ingegneri minerari<\/li>\n\n\n\n<li>Scienziati della conformit\u00e0 ambientale<\/li>\n<\/ul>\n\n\n\n<p>Another key aspect of the bauxite labor <a href=\"https:\/\/www.sisinternational.com\/it\/competenza\/industrie\/ricerche-di-mercato-sui-solventi\/\" title=\"Ricerche di mercato sui solventi\"  data-wpil-monitor-id=\"3432\">market is the prominent role of Research<\/a> and Development (R &amp; D) due to the challenging nature of bauxite mining.<\/p>\n\n\n\n<h2 class=\"wp-block-heading\">Le sfide future del mercato della bauxite<\/h2>\n\n\n\n<p>Bauxite is a high-value material in today&#8217;s world. The future challenges of the industry as a whole are a priority for both the political establishment and the business community. With the bauxite industry generating billions of dollars in annual revenues, the motivation for all parties involved is extremely high. There are three main <a href=\"https:\/\/www.sisinternational.com\/it\/pubblicazioni\/soluzioni-supercritiche-futuro-energetico-globale\/\" title=\"Ricerca sul mercato energetico globale: soluzioni supercritiche per il nostro futuro energetico\"  data-wpil-monitor-id=\"10432\">future challenges for the bauxite market<\/a>:<\/p>\n\n\n\n<ul class=\"wp-block-list\">\n<li>Il suo livello di sostenibilit\u00e0<\/li>\n\n\n\n<li>Il suo impatto ambientale<\/li>\n\n\n\n<li>L&#039;uso di materiali alternativi<\/li>\n<\/ul>\n\n\n\n<h2 class=\"wp-block-heading\">La sostenibilit\u00e0 della bauxite<\/h2>\n\n\n\n<p>La sostenibilit\u00e0 della produzione di bauxite \u00e8 cruciale. Poich\u00e9 l&#039;alluminio non pu\u00f2 essere prodotto senza la bauxite, \u00e8 diventato uno dei minerali pi\u00f9 importanti del XX secolo. Tuttavia, la sostenibilit\u00e0 del settore nel 21\u00b0 secolo rappresenta una sfida importante. Non solo perch\u00e9 le scorte di bauxite inevitabilmente si esauriranno, come accennato in precedenza, ma anche a causa dell\u2019attuale instabilit\u00e0 socio-economica e politica globale. Il recente colpo di stato in Guinea, il secondo produttore mondiale di bauxite, e le conseguenti domande sul futuro del settore minerario del paese ne sono un esempio lampante.<\/p>\n\n\n\n<h2 class=\"wp-block-heading\">L&#039;impatto ambientale della bauxite<\/h2>\n\n\n\n<figure class=\"gb-block-image gb-block-image-71559b8d\"><img loading=\"lazy\" decoding=\"async\" width=\"1456\" height=\"816\" class=\"gb-image gb-image-71559b8d\" src=\"https:\/\/www.sisinternational.com\/wp-content\/uploads\/2025\/08\/Bauxite-1.jpg\" alt=\"Ricerca e strategia di mercato internazionale SIS\" title=\"Bauxite (1)\" srcset=\"https:\/\/www.sisinternational.com\/wp-content\/uploads\/2025\/08\/Bauxite-1.jpg 1456w, https:\/\/www.sisinternational.com\/wp-content\/uploads\/2025\/08\/Bauxite-1-300x168.jpg 300w, https:\/\/www.sisinternational.com\/wp-content\/uploads\/2025\/08\/Bauxite-1-1024x574.jpg 1024w, https:\/\/www.sisinternational.com\/wp-content\/uploads\/2025\/08\/Bauxite-1-768x430.jpg 768w, https:\/\/www.sisinternational.com\/wp-content\/uploads\/2025\/08\/Bauxite-1-18x10.jpg 18w\" sizes=\"auto, (max-width: 1456px) 100vw, 1456px\"><\/figure>\n\n\n\n<p><\/p>\n\n\n\n<p>La questione ambientale che circonda l\u2019estrazione della bauxite \u00e8 davvero fondamentale. Il processo di estrazione mineraria ha un enorme impatto ambientale. Pu\u00f2 anche nuocere alla salute e alla qualit\u00e0 della vita dei cittadini che vivono nei paesi produttori di bauxite. Un altro parametro cruciale \u00e8 che la maggior parte di questi paesi appartiene al mondo in via di sviluppo. Questo fatto solleva logicamente preoccupazioni circa gli imprevedibili impatti sociali ed economici che potrebbero derivare da possibili disordini civili in questi paesi.<\/p>\n\n\n\n<h2 class=\"wp-block-heading\">Possibili alternative all&#039;alluminio<\/h2>\n\n\n\n<p>Sebbene il rischio attuale di una drammatica carenza di bauxite sia piuttosto limitato, il dibattito sull\u2019utilizzo di materiali alternativi all\u2019alluminio \u00e8 gi\u00e0 aperto. Poich\u00e9 l&#039;alluminio \u00e8 contenuto nella roccia bauxite e non pu\u00f2 essere prodotto senza di essa, la domanda \u00e8 quali alternative siano disponibili. Fibra di vetro, titanio e magnesio sono i materiali attualmente presi in considerazione.<\/p>\n\n\n\n<p><a href=\"https:\/\/www.sisinternational.com\/it\/sis-presenta-la-piattaforma-di-data-science-e-analisi-quantitativa\/\" title=\"SIS presenta la piattaforma di scienza dei dati e analisi quantitativa\"  data-wpil-monitor-id=\"10427\">SIS International offers Quantitative<\/a>, Qualitative, and Strategy Research. We provide data, tools, strategies, reports and insights for decision-making. We conduct interviews, surveys, <a href=\"https:\/\/www.sisinternational.com\/it\/soluzioni\/ricerche-di-mercato-con-focus-group\/\" title=\"Focus Group Ricerche di mercato\"  data-wpil-monitor-id=\"10428\">focus groups and many other Market Research<\/a> methods and approaches. Contact us for your <a href=\"https:\/\/www.sisinternational.com\/it\/competenza\/industrie\/ricerche-di-mercato-sulle-tecnologie-di-prossima-generazione\/\" title=\"Ricerche di mercato sulle tecnologie di prossima generazione\"  data-wpil-monitor-id=\"10430\">next Market Research<\/a> project.<\/p>\n\n\n\n<p><\/p>\n\n\n\n<p><\/p>","protected":false},"excerpt":{"rendered":"<p>La bauxite \u00e8 un materiale limitato e prezioso in tutto il mondo. C\u2019\u00e8 un\u2019importante necessit\u00e0 di ricerche di mercato sulla bauxite.<\/p>","protected":false},"author":1,"featured_media":64744,"parent":14514,"menu_order":164,"comment_status":"closed","ping_status":"closed","template":"","meta":{"footnotes":""},"class_list":["post-41429","page","type-page","status-publish","has-post-thumbnail"],"_links":{"self":[{"href":"https:\/\/www.sisinternational.com\/it\/wp-json\/wp\/v2\/pages\/41429","targetHints":{"allow":["GET"]}}],"collection":[{"href":"https:\/\/www.sisinternational.com\/it\/wp-json\/wp\/v2\/pages"}],"about":[{"href":"https:\/\/www.sisinternational.com\/it\/wp-json\/wp\/v2\/types\/page"}],"author":[{"embeddable":true,"href":"https:\/\/www.sisinternational.com\/it\/wp-json\/wp\/v2\/users\/1"}],"replies":[{"embeddable":true,"href":"https:\/\/www.sisinternational.com\/it\/wp-json\/wp\/v2\/comments?post=41429"}],"version-history":[{"count":6,"href":"https:\/\/www.sisinternational.com\/it\/wp-json\/wp\/v2\/pages\/41429\/revisions"}],"predecessor-version":[{"id":81717,"href":"https:\/\/www.sisinternational.com\/it\/wp-json\/wp\/v2\/pages\/41429\/revisions\/81717"}],"up":[{"embeddable":true,"href":"https:\/\/www.sisinternational.com\/it\/wp-json\/wp\/v2\/pages\/14514"}],"wp:featuredmedia":[{"embeddable":true,"href":"https:\/\/www.sisinternational.com\/it\/wp-json\/wp\/v2\/media\/64744"}],"wp:attachment":[{"href":"https:\/\/www.sisinternational.com\/it\/wp-json\/wp\/v2\/media?parent=41429"}],"curies":[{"name":"wp","href":"https:\/\/api.w.org\/{rel}","templated":true}]}}