{"id":41308,"date":"2023-01-24T01:23:55","date_gmt":"2023-01-24T01:23:55","guid":{"rendered":"https:\/\/www.sisinternational.com\/?page_id=41308"},"modified":"2026-03-12T11:59:25","modified_gmt":"2026-03-12T15:59:25","slug":"ricerche-di-mercato-tijuana-messico","status":"publish","type":"page","link":"https:\/\/www.sisinternational.com\/it\/copertura\/latin-america\/ricerche-di-mercato-in-america-latina\/ricerche-di-mercato-tijuana-messico\/","title":{"rendered":"Ricerche di mercato a Tijuana, Messico"},"content":{"rendered":"<h1>Ricerche di mercato a Tijuana, Messico<\/h1>\n<p><img loading=\"lazy\" decoding=\"async\" class=\"aligncenter size-full wp-image-41346\" src=\"https:\/\/www.sisinternational.com\/wp-content\/uploads\/2023\/01\/market-research-tijuana.jpg\" alt=\"Ricerche di mercato a Tijuana, Messico\" width=\"1140\" height=\"641\" \/><\/p>\n<p>Tijuana \u00e8 una citt\u00e0 nel nord della penisola della Bassa California, vicino a San Diego, al confine tra Messico e Stati Uniti. Questa vivace citt\u00e0 \u00e8 classificata come una citt\u00e0 globale per il suo centro culturale e commerciale.<\/p>\n<h2>Quartieri<\/h2>\n<p>La strada principale di Tijuana, Avenida Revoluci\u00f3n, solitamente brulicante di turisti, \u00e8 fiancheggiata da negozi di souvenir e bar. I numerosi stadi della citt\u00e0 ospitano anche frequenti incontri di wrestling (Lucha Libre), che sono un intrattenimento comune.<\/p>\n<p>I monumenti pi\u00f9 noti sono il Centro Culturale di Tijuana e il Palazzo Jai Alai. Il Centro Culturale \u00e8 una struttura moderna che ospita un teatro, una sala da concerto, un museo e persino un acquario. Qui si tengono spesso laboratori, corsi, programmi, spettacoli, eventi letterari, esposizioni, convegni e altro ancora.<\/p>\n<p>Il Palazzo Jai Alai ospita numerosi eventi come concerti e rappresentazioni teatrali. Il suo nome deriva dallo sport basco Jai Alai.<\/p>\n<h2>Industrie chiave<\/h2>\n<p>In termini di industrie ed economia, Tijuana ha certamente una presenza dominante nello stato della Bassa California con una certa influenza sul resto del Messico.<\/p>\n<p>The largest concentration of aerospace assembly plants in Mexico is located in Tijuana. Furthermore, it boasts the chief number of medical device manufacturers in all of North America. Besides aerospace and <a href=\"https:\/\/www.sisinternational.com\/it\/soluzioni\/soluzioni-di-branding-e-ricerca-clienti\/ricerche-di-mercato-per-test-di-prodotto\/product-testing-for-consumer-products\/medical-device-product-testing-in-nyc\/\" title=\"Medical Device Product Testing in NYC\"  data-wpil-monitor-id=\"8096\">medical device production<\/a>, the following manufacturing plants can be found in Tijuana: automotive, auto parts, furniture, plastic injection molding, and electronics.<\/p>\n<h2>Tendenze<\/h2>\n<p>Come in tutte le grandi citt\u00e0, si raccomanda il buon senso. Tijuana \u00e8 al primo posto in Messico per omicidi all&#039;anno. Tuttavia, i visitatori sono generalmente al sicuro purch\u00e9 rispettino le norme di sicurezza. In altre parole, \u00e8 meglio rimanere in aree ben pattugliate, rimanere sulle autostrade principali ed evitare luoghi remoti o vicoli pedonali appartati.<\/p>\n<p>Ciononostante, Tijuana \u00e8 il centro delle attivit\u00e0 culturali e vanta una vivace vita notturna, e una visita alla vicina Ensenada non delude mai. Ensenada non \u00e8 solo una citt\u00e0 portuale, ma ha anche splendide spiagge dove molti Tijuanenses (residenti di Tijuana) vanno a rilassarsi. La spiaggia di Ensenada \u00e8 nota per le sue acque calme e la sabbia soffice.<\/p>\n<p>Il municipio ha inoltre introdotto un programma aziendale verde, chiedendo agli imprenditori di registrarsi per la certificazione che conferma che le loro attivit\u00e0 contano con tutte le misure ambientali.<\/p>\n<h2>Vantaggi e tendenze del mercato<\/h2>\n<p>Il Messico \u00e8 un forte partner commerciale degli Stati Uniti e gran parte viene importata negli Stati Uniti attraverso questa citt\u00e0 del nord. Le esportazioni di San Diego verso il Messico sono elevate, principalmente a causa del commercio transfrontaliero con Tijuana. Gran parte delle esportazioni di San Diego sono destinate alla penisola della Bassa California.<br \/>\nLa Bassa California occupa il posto di uno dei maggiori esportatori del Messico. Poich\u00e9 gli Stati Uniti sono il maggiore esportatore, anche Cina, Germania, Taiwan e Giappone hanno investito in impianti di produzione a Tijuana.<\/p>\n<h2>Fattori chiave di successo nel fare affari a Tijuana<\/h2>\n<p>Il Messico ha un\u2019economia stabile e in crescita e Tijuana con la sua posizione strategica \u00e8 un importante importatore-esportatore. Inoltre, il costo della manodopera \u00e8 basso e la forza lavoro \u00e8 altamente qualificata ed efficiente, il che garantisce un\u2019ottima qualit\u00e0 della produzione. Oltre a ci\u00f2, il Messico gode di accordi di libero scambio con quasi tutti i paesi.<\/p>\n<h2>Base dei consumatori<\/h2>\n<p>Tijuana offre ottimo intrattenimento. Ci sono molti ottimi ristoranti e bar e tutto \u00e8 disponibile a prezzi accessibili.<\/p>\n<p>Inoltre, si pu\u00f2 godere di un clima piacevole, n\u00e9 troppo caldo n\u00e9 troppo freddo.<\/p>\n<p>Un altro vantaggio di vivere a Tijuana \u00e8 la buona assistenza sanitaria. Non solo \u00e8 di alta qualit\u00e0, ma anche le tariffe sono ragionevoli. Una visita medica, un intervento dentistico e i controlli sono pi\u00f9 economici che negli Stati Uniti. Il personale medico \u00e8 altamente qualificato e fornisce cure eccellenti.<\/p>\n<p>Un ulteriore punto a favore \u00e8 rappresentato dagli alloggi a prezzi accessibili.<\/p>\n<p>Ultimo ma non meno importante, nonostante la fama \u2013 o notoriet\u00e0 \u2013 di Tijuana per il crimine, come per la vita in qualsiasi grande citt\u00e0, si dovrebbe usare il buon senso. Gli stranieri non sono obiettivi di crimini violenti, ma quando si allontanano dai sentieri battuti potrebbero finire nel fuoco incrociato. Quindi, bisogna sempre procedere con cautela e seguire le raccomandazioni precedentemente menzionate in questo articolo.<\/p>\n<h2>Motivi per far crescere la tua attivit\u00e0 sul mercato<\/h2>\n<p>La maggior parte dei residenti a Tijuana parla inglese, il che rende molto pi\u00f9 semplice la comunicazione con investitori, manager e visitatori stranieri. La formazione del personale pu\u00f2 essere svolta anche in inglese. La grande popolazione della citt\u00e0 fornisce anche un&#039;abbondante forza lavoro.<\/p>\n<p>I sindacati di Tijuana si chiamano White Unions, cio\u00e8 sono conosciuti come sindacati favorevoli ai datori di lavoro.<\/p>\n<p>La posizione della citt\u00e0 rende facili gli spostamenti da e per Tijuana, essendo vicina al confine americano, raggiungibile non solo via aerea e via terra ma anche via mare.<\/p>\n<p>The port of Ensenada \u2013 a nearby city, and one of the top major ports in Mexico \u2013 supports Tijuana with import and export activities with countries such as China, Japan, the US, Panama, Costa Rica, Nicaragua, Jamaica, Venezuela, and others. This busy port received the maritime Prize of <a class=\"wpil_keyword_link\" href=\"https:\/\/www.sisinternational.com\/it\/copertura\/le-americhe\/\"   title=\"Le Americhe\" data-wpil-keyword-link=\"linked\"  data-wpil-monitor-id=\"401\">the Americas<\/a> (WFP) for becoming the first green port in Mexico and the second in Latin America.<\/p>\n<h2>Informazioni sulle ricerche di mercato a Tijuana<\/h2>\n<p>Before <a href=\"https:\/\/www.sisinternational.com\/it\/soluzioni\/ricerca-di-consulenza-strategica-fintech\/hedge-fund-e-ricerche-di-mercato-degli-investimenti\/\" title=\"Hedge Fund e ricerche di mercato degli investimenti\"  data-wpil-monitor-id=\"8098\">investing in this market<\/a>, doing some research is always essential. One can use surveys, interviews, and focus groups for that. Taking these steps ensures better business choices and reduces risks. The main <a href=\"https:\/\/www.sisinternational.com\/it\/how-to-design-effective-surveys-for-quantitative-research\/\" title=\"How to Design Effective Surveys for Quantitative Research\"  data-wpil-monitor-id=\"8100\">research types that are used are quantitative<\/a>, qualitative, and strategic. Finally, getting acquainted with Mexico\u2019s <a href=\"https:\/\/www.sisinternational.com\/it\/optimized-management-system-for-a-leading-us-immigration-law-firm\/\" title=\"Optimized Management System for a Leading US Immigration law firm\"  data-wpil-monitor-id=\"8102\">immigration and tax laws<\/a> is highly recommended as well, and it is best to obtain some assistance from local experts for that.<\/p>","protected":false},"excerpt":{"rendered":"<p>Ricerche di mercato a Tijuana; sondaggi, interviste e focus group. Prima di investire in questo mercato, la ricerca \u00e8 essenziale.<\/p>","protected":false},"author":1,"featured_media":0,"parent":14351,"menu_order":43,"comment_status":"closed","ping_status":"closed","template":"","meta":{"footnotes":""},"class_list":["post-41308","page","type-page","status-publish"],"_links":{"self":[{"href":"https:\/\/www.sisinternational.com\/it\/wp-json\/wp\/v2\/pages\/41308","targetHints":{"allow":["GET"]}}],"collection":[{"href":"https:\/\/www.sisinternational.com\/it\/wp-json\/wp\/v2\/pages"}],"about":[{"href":"https:\/\/www.sisinternational.com\/it\/wp-json\/wp\/v2\/types\/page"}],"author":[{"embeddable":true,"href":"https:\/\/www.sisinternational.com\/it\/wp-json\/wp\/v2\/users\/1"}],"replies":[{"embeddable":true,"href":"https:\/\/www.sisinternational.com\/it\/wp-json\/wp\/v2\/comments?post=41308"}],"version-history":[{"count":3,"href":"https:\/\/www.sisinternational.com\/it\/wp-json\/wp\/v2\/pages\/41308\/revisions"}],"predecessor-version":[{"id":81369,"href":"https:\/\/www.sisinternational.com\/it\/wp-json\/wp\/v2\/pages\/41308\/revisions\/81369"}],"up":[{"embeddable":true,"href":"https:\/\/www.sisinternational.com\/it\/wp-json\/wp\/v2\/pages\/14351"}],"wp:attachment":[{"href":"https:\/\/www.sisinternational.com\/it\/wp-json\/wp\/v2\/media?parent=41308"}],"curies":[{"name":"wp","href":"https:\/\/api.w.org\/{rel}","templated":true}]}}