{"id":41304,"date":"2023-01-24T01:02:12","date_gmt":"2023-01-24T01:02:12","guid":{"rendered":"https:\/\/www.sisinternational.com\/?page_id=41304"},"modified":"2026-03-12T13:29:58","modified_gmt":"2026-03-12T17:29:58","slug":"ricerche-di-mercato-sul-cacao","status":"publish","type":"page","link":"https:\/\/www.sisinternational.com\/it\/soluzioni\/ricerche-di-mercato-nel-settore-delle-bevande-alimentari\/ricerche-di-mercato-sul-cacao\/","title":{"rendered":"Ricerche di mercato sul cacao"},"content":{"rendered":"<h1 class=\"wp-block-heading\">Ricerche di mercato sul cacao<\/h1>\n\n\n\n<figure class=\"gb-block-image gb-block-image-d899fae7\"><img loading=\"lazy\" decoding=\"async\" width=\"1456\" height=\"816\" class=\"gb-image gb-image-d899fae7\" src=\"https:\/\/www.sisinternational.com\/wp-content\/uploads\/2025\/08\/Cocoa-5.jpg\" alt=\"Ricerca e strategia di mercato internazionale SIS\" title=\"Cocoa (5)\" srcset=\"https:\/\/www.sisinternational.com\/wp-content\/uploads\/2025\/08\/Cocoa-5.jpg 1456w, https:\/\/www.sisinternational.com\/wp-content\/uploads\/2025\/08\/Cocoa-5-300x168.jpg 300w, https:\/\/www.sisinternational.com\/wp-content\/uploads\/2025\/08\/Cocoa-5-1024x574.jpg 1024w, https:\/\/www.sisinternational.com\/wp-content\/uploads\/2025\/08\/Cocoa-5-768x430.jpg 768w, https:\/\/www.sisinternational.com\/wp-content\/uploads\/2025\/08\/Cocoa-5-18x10.jpg 18w\" sizes=\"auto, (max-width: 1456px) 100vw, 1456px\"><\/figure>\n\n\n\n<p><\/p>\n\n\n\n<h2 class=\"wp-block-heading\">Cos\u2019\u00e8 la ricerca di mercato sul cacao?<\/h2>\n\n\n\n<p>La ricerca di mercato del cacao si riferisce all&#039;analisi delle prospettive commerciali dei sottoprodotti del cacao. Si concentra in particolare sulla penetrazione nel mercato del cacao in polvere e del cioccolato, i due prodotti estremamente popolari che derivano dalle fave di cacao.<\/p>\n\n\n\n<p>Le principali informazioni sul mercato, le sfide nel processo di produzione e le fluttuazioni dei prezzi sul mercato azionario sono aspetti essenziali della ricerca sul mercato del cacao. Inoltre, la ricerca di mercato del cacao comprende sia la differenziazione regionale e qualitativa, sia il costo di produzione per famiglie di prodotti.<\/p>\n\n\n\n<h2 class=\"wp-block-heading\">Perch\u00e9 le ricerche di mercato sul cacao sono importanti?<\/h2>\n\n\n\n<p>Cocoa and chocolate are among the most popular and well-known products around the world. The production process nevertheless requires multi-layered management because there are different steps of action before the final <a href=\"https:\/\/www.sisinternational.com\/it\/soluzioni\/prova-del-gusto\/test-di-prodotti-di-consumo-a-new-york\/\" title=\"Test di prodotti di consumo a New York\"  data-wpil-monitor-id=\"8104\">products reach the consumers<\/a>. All executives and investors should be well aware of both the sources of profit and risks of the cocoa industry. There are opportunities to grab together with risks to consider. Factors like weather, socioeconomic conditions, human rights and a balanced share of profits are significant. The global appeal of cocoa products opens up numerous possibilities for business expansion and presents lucrative investment opportunities. On the other hand, cocoa market research reveals all new information related to the risk assessment of cocoa production.<\/p>\n\n\n\n<p>Il cacao si trova in alcune regioni dell&#039;Africa, dell&#039;America Latina e dell&#039;Asia meridionale perch\u00e9 ha bisogno di calore e umidit\u00e0 per crescere. L&#039;acqua \u00e8 vitale per l&#039;esistenza degli alberi di cacao. La crisi climatica impone pericoli da considerare e sfide da superare. Inoltre, ci sono questioni ambientali, come la deforestazione e la perdita di biodiversit\u00e0, nonch\u00e9 preoccupazioni umanitarie per le pessime condizioni di vita dei coltivatori di cacao che potrebbero causare pubblicit\u00e0 negativa e influenzare vendite e profitti.<\/p>\n\n\n\n<h2 class=\"wp-block-heading\">Principali titoli professionali del settore<\/h2>\n\n\n\n<figure class=\"gb-block-image gb-block-image-bbcac272\"><img loading=\"lazy\" decoding=\"async\" width=\"1456\" height=\"816\" class=\"gb-image gb-image-bbcac272\" src=\"https:\/\/www.sisinternational.com\/wp-content\/uploads\/2025\/08\/Cocoa-2.jpg\" alt=\"Ricerca e strategia di mercato internazionale SIS\" title=\"Cocoa (2)\" srcset=\"https:\/\/www.sisinternational.com\/wp-content\/uploads\/2025\/08\/Cocoa-2.jpg 1456w, https:\/\/www.sisinternational.com\/wp-content\/uploads\/2025\/08\/Cocoa-2-300x168.jpg 300w, https:\/\/www.sisinternational.com\/wp-content\/uploads\/2025\/08\/Cocoa-2-1024x574.jpg 1024w, https:\/\/www.sisinternational.com\/wp-content\/uploads\/2025\/08\/Cocoa-2-768x430.jpg 768w, https:\/\/www.sisinternational.com\/wp-content\/uploads\/2025\/08\/Cocoa-2-18x10.jpg 18w\" sizes=\"auto, (max-width: 1456px) 100vw, 1456px\"><\/figure>\n\n\n\n<p><\/p>\n\n\n\n<p>There are several relevant jobs in the <a href=\"https:\/\/www.sisinternational.com\/it\/competenza\/industrie\/ricerche-di-mercato-industriali\/\" title=\"Ricerca e strategia di mercato industriale\"  data-wpil-monitor-id=\"8099\">industry of cocoa market<\/a>:<\/p>\n\n\n\n<ul class=\"wp-block-list\">\n<li><a href=\"https:\/\/www.sisinternational.com\/it\/competenza\/industrie\/ricerche-di-mercato-sulla-tecnologia-delle-bevande-alimentari-tecnologia-alimentare\/\" title=\"Ricerche di mercato sulle tecnologie per alimenti e bevande | Tecnologia alimentare\"  data-wpil-monitor-id=\"8097\">Food technology research<\/a> scientists<\/li>\n\n\n\n<li><a href=\"https:\/\/www.sisinternational.com\/it\/competenza\/industrie\/ricerche-di-mercato-sulla-gestione-dei-rifiuti\/\" title=\"Ricerche di mercato sulla gestione dei rifiuti\"  data-wpil-monitor-id=\"8094\">Responsabili delle ricerche di mercato<\/a><\/li>\n\n\n\n<li>Commercianti<\/li>\n\n\n\n<li>Commercianti di ingredienti di cacao e cioccolato<\/li>\n\n\n\n<li>Responsabili del marketing<\/li>\n\n\n\n<li>Produttori<\/li>\n\n\n\n<li>Gestione del rischio delle materie prime morbide<\/li>\n\n\n\n<li>Servizi logistici del cacao<\/li>\n\n\n\n<li>Servizi di spedizione del cacao<\/li>\n\n\n\n<li>Servizi di trasporto del cacao<\/li>\n<\/ul>\n\n\n\n<h2 class=\"wp-block-heading\">Perch\u00e9 le aziende hanno bisogno delle ricerche di mercato sul cacao<\/h2>\n\n\n\n<p>The cocoa market is widespread. Whilst demand comes mainly from the rich western countries of northern Europe, the USA and Canada there are countries like Malaysia, Turkey and Indonesia that rank among the top importers of cocoa worldwide. On the other hand, the supply comes from countries like Ghana, Cote d&#8217;Ivoire, Indonesia and Ecuador. Such a spread of the supply and demand chain requires broad <a href=\"https:\/\/www.sisinternational.com\/it\/soluzioni\/consulenza-strategica\/ricerche-di-mercato-sulla-catena-di-fornitura\/\" title=\"Ricerche di mercato sulla catena di fornitura\"  data-wpil-monitor-id=\"6570\">ricerca di mercato<\/a>. Not only because of the spatial, cultural and language barriers but also because all relevant information shall be crystal clear. Such information includes:<\/p>\n\n\n\n<ul class=\"wp-block-list\">\n<li>La definizione delle variet\u00e0 di cacao<\/li>\n\n\n\n<li>Le quantit\u00e0 di produzione annua<\/li>\n\n\n\n<li>I protocolli post-raccolta e la movimentazione del cacao<\/li>\n\n\n\n<li>I requisiti per certificazioni valide e aggiornate<\/li>\n<\/ul>\n\n\n\n<h2 class=\"wp-block-heading\">Fattori chiave del successo<\/h2>\n\n\n\n<p>Condurre ricerche approfondite sul mercato del cacao implica che tutte le parti interessate si aspettino un forte aumento del ritorno sull\u2019investimento. Esistono diversi fattori principali di successo:<\/p>\n\n\n\n<ul class=\"wp-block-list\">\n<li>Mantenimento di standard di alta qualit\u00e0<\/li>\n\n\n\n<li>Sviluppare canali di distribuzione efficaci<\/li>\n\n\n\n<li>Realizzare economie di scala<\/li>\n\n\n\n<li>Espansione sui mercati esteri<\/li>\n\n\n\n<li>Quota di mercato in aumento<\/li>\n\n\n\n<li>Sfruttare gli ultimi progressi tecnologici<\/li>\n\n\n\n<li>Fissare un prezzo giusto<\/li>\n\n\n\n<li><a href=\"https:\/\/www.sisinternational.com\/it\/b2b-customer-experience-the-ultimate-guide-to-building-loyalty-that-lasts\/\" title=\"B2B Customer Experience: The Ultimate Guide to Building Loyalty That Lasts\"  data-wpil-monitor-id=\"8095\">Costruire la fedelt\u00e0 del cliente<\/a><\/li>\n<\/ul>\n\n\n\n<p>Accurate planning, realistic goal setting and broad knowledge of the cocoa <a href=\"https:\/\/www.sisinternational.com\/it\/soluzioni\/soluzioni-di-ricerca-quantitativa-qualitativa\/ricerche-di-mercato-sui-fattori-umani\/\" title=\"Ricerche di mercato sui fattori umani\"  data-wpil-monitor-id=\"8103\">market industry are additional factors<\/a> that contribute significantly to success.<\/p>\n\n\n\n<h2 class=\"wp-block-heading\">Informazioni sulle ricerche di mercato del cacao<\/h2>\n\n\n\n<figure class=\"gb-block-image gb-block-image-453d57e3\"><img loading=\"lazy\" decoding=\"async\" width=\"1456\" height=\"816\" class=\"gb-image gb-image-453d57e3\" src=\"https:\/\/www.sisinternational.com\/wp-content\/uploads\/2025\/08\/Cocoa-3.jpg\" alt=\"Ricerca e strategia di mercato internazionale SIS\" title=\"Cocoa (3)\" srcset=\"https:\/\/www.sisinternational.com\/wp-content\/uploads\/2025\/08\/Cocoa-3.jpg 1456w, https:\/\/www.sisinternational.com\/wp-content\/uploads\/2025\/08\/Cocoa-3-300x168.jpg 300w, https:\/\/www.sisinternational.com\/wp-content\/uploads\/2025\/08\/Cocoa-3-1024x574.jpg 1024w, https:\/\/www.sisinternational.com\/wp-content\/uploads\/2025\/08\/Cocoa-3-768x430.jpg 768w, https:\/\/www.sisinternational.com\/wp-content\/uploads\/2025\/08\/Cocoa-3-18x10.jpg 18w\" sizes=\"auto, (max-width: 1456px) 100vw, 1456px\"><\/figure>\n\n\n\n<p><\/p>\n\n\n\n<p>Cocoa is a commodity that is <a href=\"https:\/\/www.sisinternational.com\/it\/soluzioni\/ricerca-di-consulenza-strategica-fintech\/ricerca-di-mercato-del-trading-algoritmico\/\" title=\"Ricerche di mercato sul trading algoritmico\"  data-wpil-monitor-id=\"8101\">traded on the following stock markets<\/a>:<\/p>\n\n\n\n<ul class=\"wp-block-list\">\n<li>La Borsa Mercantile di New York (NYMEX)<\/li>\n\n\n\n<li>L&#039;Intercontinental Exchange (ICE) di Londra<\/li>\n<\/ul>\n\n\n\n<p>Therefore, the prices and size of cocoa contracts are two critical factors for determining the stock indices and efficiency of the product. What distinguishes cocoa from other values that are traded in stock, is that it\u2019s an agricultural product. Thus there is a specific analysis to conduct for making accurate predictions. Its efficiency and perspective rely mostly on human labor and the unstable conditions of its production process. The factor of the climate crisis is becoming extensively critical as there is much insecurity about future weather conditions. Within such an insecure environment, market research is becoming a highly important tool for determining the optimal business <a href=\"https:\/\/www.sisinternational.com\/it\/il-ruolo-dello-sviluppo-di-processi-e-sistemi-nel-successo-organizzativo\/\" title=\"Ricerche di mercato sulla progettazione organizzativa\"  data-wpil-monitor-id=\"8093\">strategia<\/a>. As the global market of cocoa is rapidly expanding, all involved parties shall prioritize the execution of meaningful, thorough and detailed market research.<\/p>","protected":false},"excerpt":{"rendered":"<p>Cocoa Market Research analyzes the commercial prospects of the byproducts of cocoa, specifically focusing on it&#8217;s market penetration.<\/p>","protected":false},"author":1,"featured_media":64061,"parent":22018,"menu_order":157,"comment_status":"closed","ping_status":"closed","template":"","meta":{"footnotes":""},"class_list":["post-41304","page","type-page","status-publish","has-post-thumbnail"],"_links":{"self":[{"href":"https:\/\/www.sisinternational.com\/it\/wp-json\/wp\/v2\/pages\/41304","targetHints":{"allow":["GET"]}}],"collection":[{"href":"https:\/\/www.sisinternational.com\/it\/wp-json\/wp\/v2\/pages"}],"about":[{"href":"https:\/\/www.sisinternational.com\/it\/wp-json\/wp\/v2\/types\/page"}],"author":[{"embeddable":true,"href":"https:\/\/www.sisinternational.com\/it\/wp-json\/wp\/v2\/users\/1"}],"replies":[{"embeddable":true,"href":"https:\/\/www.sisinternational.com\/it\/wp-json\/wp\/v2\/comments?post=41304"}],"version-history":[{"count":5,"href":"https:\/\/www.sisinternational.com\/it\/wp-json\/wp\/v2\/pages\/41304\/revisions"}],"predecessor-version":[{"id":81365,"href":"https:\/\/www.sisinternational.com\/it\/wp-json\/wp\/v2\/pages\/41304\/revisions\/81365"}],"up":[{"embeddable":true,"href":"https:\/\/www.sisinternational.com\/it\/wp-json\/wp\/v2\/pages\/22018"}],"wp:featuredmedia":[{"embeddable":true,"href":"https:\/\/www.sisinternational.com\/it\/wp-json\/wp\/v2\/media\/64061"}],"wp:attachment":[{"href":"https:\/\/www.sisinternational.com\/it\/wp-json\/wp\/v2\/media?parent=41304"}],"curies":[{"name":"wp","href":"https:\/\/api.w.org\/{rel}","templated":true}]}}