{"id":41288,"date":"2023-01-23T20:40:30","date_gmt":"2023-01-23T20:40:30","guid":{"rendered":"https:\/\/www.sisinternational.com\/?page_id=41288"},"modified":"2026-01-26T18:32:20","modified_gmt":"2026-01-26T23:32:20","slug":"ricerche-di-mercato-sullolio-di-palma","status":"publish","type":"page","link":"https:\/\/www.sisinternational.com\/it\/competenza\/ricerche-di-mercato-sullolio-di-palma\/","title":{"rendered":"Ricerche di mercato sull\u2019olio di palma"},"content":{"rendered":"<h1 class=\"wp-block-heading\">Ricerche di mercato sull\u2019olio di palma<\/h1>\n\n\n\n<figure class=\"gb-block-image gb-block-image-335f2eb4\"><img loading=\"lazy\" decoding=\"async\" width=\"1456\" height=\"816\" class=\"gb-image gb-image-335f2eb4\" src=\"https:\/\/www.sisinternational.com\/wp-content\/uploads\/2025\/08\/Palm-oiil-2.jpg\" alt=\"Ricerca e strategia di mercato internazionale SIS\" title=\"Palm oiil (2)\" srcset=\"https:\/\/www.sisinternational.com\/wp-content\/uploads\/2025\/08\/Palm-oiil-2.jpg 1456w, https:\/\/www.sisinternational.com\/wp-content\/uploads\/2025\/08\/Palm-oiil-2-300x168.jpg 300w, https:\/\/www.sisinternational.com\/wp-content\/uploads\/2025\/08\/Palm-oiil-2-1024x574.jpg 1024w, https:\/\/www.sisinternational.com\/wp-content\/uploads\/2025\/08\/Palm-oiil-2-768x430.jpg 768w, https:\/\/www.sisinternational.com\/wp-content\/uploads\/2025\/08\/Palm-oiil-2-18x10.jpg 18w\" sizes=\"auto, (max-width: 1456px) 100vw, 1456px\"><\/figure>\n\n\n\n<p><\/p>\n\n\n\n<h2 class=\"wp-block-heading\">Cos&#039;\u00e8 l&#039;olio di palma?<\/h2>\n\n\n\n<p>L\u2019olio di palma \u00e8 uno degli oli pi\u00f9 prodotti al mondo. Viene estratto dalla polpa dei frutti delle palme originarie dell&#039;Africa occidentale. Tuttavia, ora viene coltivato anche in Asia e in America Latina. \u00c8 popolarmente conosciuto come un olio da cucina di alta qualit\u00e0, ampiamente utilizzato nella maggior parte dei paesi in via di sviluppo. Molti prodotti utilizzano olio di palma, compresi articoli alimentari e non alimentari, attrezzature industriali, cosmetici e biocarburanti.<\/p>\n\n\n\n<h2 class=\"wp-block-heading\">Perch\u00e9 \u00e8 importante?<\/h2>\n\n\n\n<p>L\u2019olio di palma \u00e8 molto prezioso, versatile ed efficiente se coltivato utilizzando pratiche corrette che ne riducono gli effetti dannosi sull\u2019ambiente.<\/p>\n\n\n\n<p>Un vantaggio cruciale che distingue l\u2019olio di palma dagli altri oli \u00e8 che viene prodotto in quantit\u00e0 maggiori su una piccola area territoriale. La sua coltivazione e produzione richiedono solo una minima quantit\u00e0 di energia, fertilizzanti e pesticidi. Questi fattori riducono sempre pi\u00f9 i costi di produzione e il loro impatto sull\u2019ambiente.<\/p>\n\n\n\n<p>Di conseguenza, consente agli agricoltori di guadagnare un reddito stabile e dignitoso, genera maggiori profitti e crea pi\u00f9 posti di lavoro nel settore.<\/p>\n\n\n\n<p>Anche l&#039;olio di palma ha propriet\u00e0 uniche, motivo per cui \u00e8 uno degli oli da cucina pi\u00f9 utilizzati in vari paesi come India, Cina e Indonesia. Ha un&#039;elevata resistenza al calore, che lo rende perfetto per friggere e mantenere le creme spalmabili nel loro consueto stato semisolido a temperatura ambiente. \u00c8 diventato un additivo popolare nei prodotti alimentari mantenendo lo stesso colore, odore e sapore del cibo, ha una lunga durata di conservazione ed \u00e8 un prezzo molto conveniente.<\/p>\n\n\n\n<p>L\u2019olio di palma potrebbe avere effetti benefici sulla salute di molti consumatori. Alcuni dei suoi tipi potrebbero avere un alto contenuto di antiossidanti, che possono aiutare a trattare determinate condizioni di salute.<\/p>\n\n\n\n<p>Molte aziende alimentari utilizzano l\u2019olio di palma anche come alternativa al grasso animale nei loro prodotti alimentari per soddisfare le esigenze dei clienti vegetariani.<\/p>\n\n\n\n<p>Oltre ai suoi usi nei prodotti alimentari, l\u2019olio di palma \u00e8 stato anche un ingrediente popolare in vari beni di consumo e usi industriali. Questi includono cosmetici, prodotti per la cura dei capelli, saponi e detergenti, lubrificanti e fluidi per la lavorazione dei metalli. La produzione di olio di palma fornisce anche materie prime per la produzione di biodiesel.<\/p>\n\n\n\n<h2 class=\"wp-block-heading\">Titoli di lavoro chiave<\/h2>\n\n\n\n<figure class=\"gb-block-image gb-block-image-6cda48af\"><img loading=\"lazy\" decoding=\"async\" width=\"1456\" height=\"816\" class=\"gb-image gb-image-6cda48af\" src=\"https:\/\/www.sisinternational.com\/wp-content\/uploads\/2025\/08\/Palm-oiil-1.jpg\" alt=\"Ricerca e strategia di mercato internazionale SIS\" title=\"Palm oiil (1)\" srcset=\"https:\/\/www.sisinternational.com\/wp-content\/uploads\/2025\/08\/Palm-oiil-1.jpg 1456w, https:\/\/www.sisinternational.com\/wp-content\/uploads\/2025\/08\/Palm-oiil-1-300x168.jpg 300w, https:\/\/www.sisinternational.com\/wp-content\/uploads\/2025\/08\/Palm-oiil-1-1024x574.jpg 1024w, https:\/\/www.sisinternational.com\/wp-content\/uploads\/2025\/08\/Palm-oiil-1-768x430.jpg 768w, https:\/\/www.sisinternational.com\/wp-content\/uploads\/2025\/08\/Palm-oiil-1-18x10.jpg 18w\" sizes=\"auto, (max-width: 1456px) 100vw, 1456px\"><\/figure>\n\n\n\n<p><\/p>\n\n\n\n<p>L\u2019industria dell\u2019olio di palma necessita di competenze e talenti diversi, soprattutto quelli specializzati nell\u2019allevamento e nell\u2019agricoltura. Ma un background rispettabile nel campo della scienza, della tecnologia e dell&#039;amministrazione aziendale pu\u00f2 anche avere un percorso di carriera promettente in questo settore. Con la crescente influenza della tecnologia nella coltivazione delle colture e la crescente domanda per la sua produzione, all\u2019elenco si aggiungeranno pi\u00f9 posti di lavoro.<\/p>\n\n\n\n<p>Alcuni dei titoli di lavoro comuni includono quanto segue:<\/p>\n\n\n\n<ul class=\"wp-block-list\">\n<li>Operatore agricolo<\/li>\n\n\n\n<li>Agronomo<\/li>\n\n\n\n<li>Scienziato delle piante<\/li>\n\n\n\n<li>Specialista del suolo<\/li>\n\n\n\n<li>Specialista di prodotto<\/li>\n\n\n\n<li>Specialista ambientale<\/li>\n\n\n\n<li>Manager delle Risorse Umane<\/li>\n\n\n\n<li>Direttore generale della piantagione<\/li>\n\n\n\n<li>Responsabile della produzione di olio di palma<\/li>\n\n\n\n<li>Ingegnere di fabbrica<\/li>\n<\/ul>\n\n\n\n<h2 class=\"wp-block-heading\">Perch\u00e9 le aziende hanno bisogno di ricerche di mercato sull\u2019olio di palma?<\/h2>\n\n\n\n<p>There is an increasing demand for palm <a href=\"https:\/\/www.sisinternational.com\/it\/competenza\/industrie\/ricerche-di-mercato-del-petrolio-e-del-gas\/\" title=\"Ricerche di mercato nel settore del petrolio e del gas\"  data-wpil-monitor-id=\"3090\">oil in the global market<\/a> because of its versatility and efficiency. However, there&#8217;s an ongoing issue regarding its sustainability and how it has become one of the world&#8217;s significant drivers of deforestation, contributing to climate change.<\/p>\n\n\n\n<p>With the ongoing environmental issue of the palm oil industry, market <a href=\"https:\/\/www.sisinternational.com\/it\/competenza\/industrie\/ricerche-di-mercato-sugli-oli-vegetali\/\" title=\"Ricerche di mercato sull\u2019olio vegetale\"  data-wpil-monitor-id=\"3228\">ricerca<\/a> can understand companies&#8217; and consumers&#8217; insights about their preferences related to palm oil uses and production. It will also evaluate the current sustainability initiatives in the industry to determine if it meets consumer, government, and environmental regulations.<\/p>\n\n\n\n<p>Nel complesso, la ricerca di mercato aiuta le aziende a elaborare piani strategici riguardanti la coltivazione, la produzione, l\u2019approvvigionamento, i prezzi e la distribuzione.<\/p>\n\n\n\n<h2 class=\"wp-block-heading\">Fattori chiave del successo<\/h2>\n\n\n\n<figure class=\"gb-block-image gb-block-image-2b46a07f\"><img loading=\"lazy\" decoding=\"async\" width=\"1456\" height=\"816\" class=\"gb-image gb-image-2b46a07f\" src=\"https:\/\/www.sisinternational.com\/wp-content\/uploads\/2025\/08\/Palm-oiil-5.jpg\" alt=\"Ricerca e strategia di mercato internazionale SIS\" title=\"Palm oiil (5)\" srcset=\"https:\/\/www.sisinternational.com\/wp-content\/uploads\/2025\/08\/Palm-oiil-5.jpg 1456w, https:\/\/www.sisinternational.com\/wp-content\/uploads\/2025\/08\/Palm-oiil-5-300x168.jpg 300w, https:\/\/www.sisinternational.com\/wp-content\/uploads\/2025\/08\/Palm-oiil-5-1024x574.jpg 1024w, https:\/\/www.sisinternational.com\/wp-content\/uploads\/2025\/08\/Palm-oiil-5-768x430.jpg 768w, https:\/\/www.sisinternational.com\/wp-content\/uploads\/2025\/08\/Palm-oiil-5-18x10.jpg 18w\" sizes=\"auto, (max-width: 1456px) 100vw, 1456px\"><\/figure>\n\n\n\n<p><\/p>\n\n\n\n<p>Research uncovers insight about the trends in the market, what consumers need, recent trade regulations, and potential risks and growth of the <a href=\"https:\/\/www.sisinternational.com\/it\/venezuela-oil-mining-industry-potential-strategic-forecast-2026-2036\/\" title=\"Venezuela Oil &amp; Mining Industry Potential: Strategic Forecast 2026-2036\"  data-wpil-monitor-id=\"6918\">palm oil<\/a> industry. Creating strategic plans based on these drivers will allow businesses to stay competitive and thrive.<\/p>\n\n\n\n<p>\u00c8 essenziale comprendere le problematiche attuali attraverso una ricerca approfondita, che aiuter\u00e0 a sviluppare nuove idee per creare soluzioni. L\u2019industria dell\u2019olio di palma si trova ad affrontare un problema significativo in termini di sostenibilit\u00e0, cambiamento climatico e altre preoccupazioni ambientali.<\/p>\n\n\n\n<p>Pertanto, le aziende dovrebbero concentrarsi sulla ricerca di una produzione di olio di palma molto pi\u00f9 etica, sostenibile e rispettosa dell\u2019ambiente.<\/p>\n\n\n\n<h2 class=\"wp-block-heading\">Informazioni sulle ricerche di mercato sull&#039;olio di palma<\/h2>\n\n\n\n<p>Nonostante le preoccupazioni ambientali riguardanti la sua sostenibilit\u00e0, la domanda per l\u2019uso dell\u2019olio di palma \u00e8 ancora in costante crescita. La ricerca \u00e8 fondamentale per comprendere questo problema in corso e valutare possibili soluzioni e risultati per aiutare le aziende a rimanere salde nel settore.<\/p>\n\n\n\n<p>Esistono diversi tipi di ricerca per raggiungere questo obiettivo, che comporteranno sondaggi, interviste, esperimenti e focus group. I ricercatori raccoglieranno questi dati quantitativamente, qualitativamente o strategicamente.<\/p>","protected":false},"excerpt":{"rendered":"<p>La ricerca di mercato sull&#039;olio di palma prevede sondaggi, interviste, esperimenti, focus group. I ricercatori raccolgono dati quantitativamente, qualitativamente\u2026<\/p>","protected":false},"author":1,"featured_media":64224,"parent":14514,"menu_order":156,"comment_status":"closed","ping_status":"closed","template":"","meta":{"footnotes":""},"class_list":["post-41288","page","type-page","status-publish","has-post-thumbnail"],"_links":{"self":[{"href":"https:\/\/www.sisinternational.com\/it\/wp-json\/wp\/v2\/pages\/41288","targetHints":{"allow":["GET"]}}],"collection":[{"href":"https:\/\/www.sisinternational.com\/it\/wp-json\/wp\/v2\/pages"}],"about":[{"href":"https:\/\/www.sisinternational.com\/it\/wp-json\/wp\/v2\/types\/page"}],"author":[{"embeddable":true,"href":"https:\/\/www.sisinternational.com\/it\/wp-json\/wp\/v2\/users\/1"}],"replies":[{"embeddable":true,"href":"https:\/\/www.sisinternational.com\/it\/wp-json\/wp\/v2\/comments?post=41288"}],"version-history":[{"count":6,"href":"https:\/\/www.sisinternational.com\/it\/wp-json\/wp\/v2\/pages\/41288\/revisions"}],"predecessor-version":[{"id":80489,"href":"https:\/\/www.sisinternational.com\/it\/wp-json\/wp\/v2\/pages\/41288\/revisions\/80489"}],"up":[{"embeddable":true,"href":"https:\/\/www.sisinternational.com\/it\/wp-json\/wp\/v2\/pages\/14514"}],"wp:featuredmedia":[{"embeddable":true,"href":"https:\/\/www.sisinternational.com\/it\/wp-json\/wp\/v2\/media\/64224"}],"wp:attachment":[{"href":"https:\/\/www.sisinternational.com\/it\/wp-json\/wp\/v2\/media?parent=41288"}],"curies":[{"name":"wp","href":"https:\/\/api.w.org\/{rel}","templated":true}]}}