{"id":41286,"date":"2023-01-23T20:36:46","date_gmt":"2023-01-23T20:36:46","guid":{"rendered":"https:\/\/www.sisinternational.com\/?page_id=41286"},"modified":"2025-10-19T00:32:52","modified_gmt":"2025-10-19T04:32:52","slug":"ricerche-di-mercato-sui-pesticidi","status":"publish","type":"page","link":"https:\/\/www.sisinternational.com\/it\/competenza\/ricerche-di-mercato-sui-pesticidi\/","title":{"rendered":"Ricerche di mercato sui pesticidi"},"content":{"rendered":"<h1 class=\"wp-block-heading\">Ricerche di mercato sui pesticidi<\/h1>\n\n\n\n<figure class=\"gb-block-image gb-block-image-99b2d828\"><img loading=\"lazy\" decoding=\"async\" width=\"1456\" height=\"816\" class=\"gb-image gb-image-99b2d828\" src=\"https:\/\/www.sisinternational.com\/wp-content\/uploads\/2025\/08\/Pesticide-3.jpg\" alt=\"Ricerca e strategia di mercato internazionale SIS\" title=\"Pesticide (3)\" srcset=\"https:\/\/www.sisinternational.com\/wp-content\/uploads\/2025\/08\/Pesticide-3.jpg 1456w, https:\/\/www.sisinternational.com\/wp-content\/uploads\/2025\/08\/Pesticide-3-300x168.jpg 300w, https:\/\/www.sisinternational.com\/wp-content\/uploads\/2025\/08\/Pesticide-3-1024x574.jpg 1024w, https:\/\/www.sisinternational.com\/wp-content\/uploads\/2025\/08\/Pesticide-3-768x430.jpg 768w, https:\/\/www.sisinternational.com\/wp-content\/uploads\/2025\/08\/Pesticide-3-18x10.jpg 18w\" sizes=\"auto, (max-width: 1456px) 100vw, 1456px\"><\/figure>\n\n\n\n<p><\/p>\n\n\n\n<h2 class=\"wp-block-heading\">Cos\u2019\u00e8 la ricerca di mercato sui pesticidi?<\/h2>\n\n\n\n<p>Le ricerche di mercato sui pesticidi si concentrano sulla raccolta di informazioni sui vari pesticidi e sul modo in cui possono avere un impatto sull\u2019economia e sui vari settori ad essi correlati. L&#039;unico scopo dei pesticidi \u00e8 prevenire i parassiti che sono organismi viventi indesiderati. I parassiti sono considerati dannosi per le piante, gli animali, gli esseri umani e persino le strutture. Per comprendere il valore delle ricerche di mercato sui pesticidi, \u00e8 essenziale capire cosa sono i pesticidi.<\/p>\n\n\n\n<h2 class=\"wp-block-heading\">Cosa sono i pesticidi?<\/h2>\n\n\n\n<p>I pesticidi sono sostanze o una miscela di sostanze utilizzate per prevenire, controllare o addirittura eliminare i parassiti. Esistono tre classi pi\u00f9 comuni di pesticidi. Questi sono erbicidi, fungicidi e insetticidi. Anche i pesticidi sono disponibili in varie forme. Possono essere liquidi, in formulazione solida o sotto forma di gas come i fumiganti.<\/p>\n\n\n\n<p>Poich\u00e9 i pesticidi prevengono, controllano o sradicano i parassiti, nella maggior parte dei casi vengono raggruppati in famiglie in base al modo in cui funzionano.<\/p>\n\n\n\n<p>Di seguito sono riportati i gruppi pi\u00f9 comuni:<\/p>\n\n\n\n<p>Organofosfati: comunemente costituiti da acido fosforico, agiscono causando danni al sistema nervoso dei parassiti. La maggior parte degli insetticidi fanno parte di questo gruppo e molti sono altamente tossici.<\/p>\n\n\n\n<p>Organoclorurati: a volte chiamati idrocarburi clorurati, questi pesticidi interrompono la trasmissione degli impulsi nervosi dei parassiti. Ideale per insetti e acari, che per\u00f2 rimangono nell&#039;ambiente per lungo tempo.<\/p>\n\n\n\n<p>Carbammati e tiocarbammati: funzionano in modo simile nel sistema nervoso dei parassiti e sono costituiti da acido carbammico. Questi includono insetticidi, erbicidi e fungicidi e rimangono pi\u00f9 brevi nell&#039;ambiente.<\/p>\n\n\n\n<p>Piretroidi (sintetici): si tratta di pesticidi artificiali che interrompono il sistema nervoso stimolando le cellule nervose a causare paralisi e non si degradano rapidamente.<\/p>\n\n\n\n<h2 class=\"wp-block-heading\">Vantaggi della ricerca di mercato sui pesticidi<\/h2>\n\n\n\n<figure class=\"gb-block-image gb-block-image-dd58b589\"><img loading=\"lazy\" decoding=\"async\" width=\"1456\" height=\"816\" class=\"gb-image gb-image-dd58b589\" src=\"https:\/\/www.sisinternational.com\/wp-content\/uploads\/2025\/08\/Pesticide-6.jpg\" alt=\"Ricerca e strategia di mercato internazionale SIS\" title=\"Pesticide (6)\" srcset=\"https:\/\/www.sisinternational.com\/wp-content\/uploads\/2025\/08\/Pesticide-6.jpg 1456w, https:\/\/www.sisinternational.com\/wp-content\/uploads\/2025\/08\/Pesticide-6-300x168.jpg 300w, https:\/\/www.sisinternational.com\/wp-content\/uploads\/2025\/08\/Pesticide-6-1024x574.jpg 1024w, https:\/\/www.sisinternational.com\/wp-content\/uploads\/2025\/08\/Pesticide-6-768x430.jpg 768w, https:\/\/www.sisinternational.com\/wp-content\/uploads\/2025\/08\/Pesticide-6-18x10.jpg 18w\" sizes=\"auto, (max-width: 1456px) 100vw, 1456px\"><\/figure>\n\n\n\n<p><\/p>\n\n\n\n<p><a href=\"https:\/\/www.sisinternational.com\/it\/casi-studio\/\" title=\"Casi studio\"  data-wpil-monitor-id=\"8484\">Ricerca di mercato<\/a> provides insights into a specific industry that are useful for businesses and economic studies. With the role pesticides play in controlling or preventing pests, gathering data and strategies in the pesticide industry can be beneficial for the following reasons:<\/p>\n\n\n\n<ul class=\"wp-block-list\">\n<li>Impatto dei pesticidi in agricoltura. Si tratta di acquisire maggiori conoscenze su come i pesticidi possono aiutare gli agricoltori a produrre alimenti sicuri.<\/li>\n\n\n\n<li>Role of pesticides in <a href=\"https:\/\/www.sisinternational.com\/it\/soluzioni\/prova-del-gusto\/food-product-tests-in-ny\/\" title=\"Food Product Tests In NY\"  data-wpil-monitor-id=\"8489\">food crop production<\/a>. This will provide useful data for pesticide market research on the quantity and quality of crops.<\/li>\n\n\n\n<li>Impatto dei vari tipi di pesticidi sulla salute umana e animale. La maggior parte dei pesticidi sono progettati per distruggere i parassiti prendendo di mira il sistema nervoso. Ci\u00f2 a sua volta pu\u00f2 avere un impatto anche su altri organismi viventi e causare problemi di salute a causa della tossicit\u00e0.<\/li>\n\n\n\n<li>Influenza sull&#039;ambiente. Il prolungamento o l\u2019uso improprio dei pesticidi pu\u00f2 contaminare l\u2019ambiente circostante, in particolare il suolo e l\u2019acqua.<\/li>\n\n\n\n<li>Continued <a href=\"https:\/\/www.sisinternational.com\/it\/competenza\/industrie\/ricerche-di-mercato-sui-decisori-aziendali\/\" title=\"Ricerche di mercato sui decisori aziendali\"  data-wpil-monitor-id=\"8493\">research can help businesses<\/a>, industries, and countries to make sound decisions regarding their uses and long-term benefits or consequences.<\/li>\n\n\n\n<li>Market research provides insights into the data and <a href=\"https:\/\/www.sisinternational.com\/it\/il-ruolo-dello-sviluppo-di-processi-e-sistemi-nel-successo-organizzativo\/\" title=\"Ricerche di mercato sulla progettazione organizzativa\"  data-wpil-monitor-id=\"8485\">strategies<\/a> in the pesticide industry to build competitive knowledge for businesses and companies.<\/li>\n<\/ul>\n\n\n\n<h2 class=\"wp-block-heading\">Principali titoli professionali nel settore:<\/h2>\n\n\n\n<p>The pesticide <a href=\"https:\/\/www.sisinternational.com\/it\/competenza\/curriculum-di-esperienza\/ricerche-di-mercato-sui-prodotti-per-la-cura-personale\/\" title=\"Ricerche di mercato sui prodotti per la cura personale\"  data-wpil-monitor-id=\"8488\">market and production<\/a>, including research, involve a lot of roles and specialties. Moreover, the production of pesticides and distribution require specific knowledge and training.<\/p>\n\n\n\n<p>Sono elencati alcuni dei titoli di lavoro importanti nel settore del mercato dei pesticidi:<\/p>\n\n\n\n<ul class=\"wp-block-list\">\n<li>Ingegneri chimici<\/li>\n\n\n\n<li>Chimico<\/li>\n\n\n\n<li>Responsabile del raccolto<\/li>\n\n\n\n<li>Consulente di mercato<\/li>\n\n\n\n<li>Specialista nel controllo dei parassiti<\/li>\n\n\n\n<li>Supervisore del controllo dei parassiti<\/li>\n\n\n\n<li>Tecnico della disinfestazione<\/li>\n\n\n\n<li>Formulatore di pesticidi<\/li>\n\n\n\n<li>Operatori di pesticidi<\/li>\n\n\n\n<li>Ufficiale di produzione<\/li>\n\n\n\n<li>Responsabile del controllo qualit\u00e0<\/li>\n\n\n\n<li>Ricercatore<\/li>\n<\/ul>\n\n\n\n<h2 class=\"wp-block-heading\">Aziende che necessitano di ricerche di mercato sui pesticidi<\/h2>\n\n\n\n<p>I dati e le strategie importanti nel settore dei pesticidi raccolti dalle ricerche di mercato dei pesticidi possono aiutare molte aziende. Le attivit\u00e0 includono, ma non sono limitate a, i seguenti settori:<\/p>\n\n\n\n<ul class=\"wp-block-list\">\n<li>Industria della produzione di pesticidi<\/li>\n\n\n\n<li>Agricoltura e allevamento<\/li>\n\n\n\n<li>Produzione e approvvigionamento alimentare<\/li>\n\n\n\n<li>Aziende agrochimiche<\/li>\n\n\n\n<li>Affari dell&#039;industria verde<\/li>\n\n\n\n<li>Industria di costruzioni<\/li>\n\n\n\n<li>Industria chimica<\/li>\n<\/ul>\n\n\n\n<h2 class=\"wp-block-heading\">Come vengono condotte le ricerche di mercato sui pesticidi:<\/h2>\n\n\n\n<figure class=\"gb-block-image gb-block-image-610be5a5\"><img loading=\"lazy\" decoding=\"async\" width=\"1456\" height=\"816\" class=\"gb-image gb-image-610be5a5\" src=\"https:\/\/www.sisinternational.com\/wp-content\/uploads\/2025\/08\/Pesticide-4.jpg\" alt=\"Ricerca e strategia di mercato internazionale SIS\" title=\"Pesticide (4)\" srcset=\"https:\/\/www.sisinternational.com\/wp-content\/uploads\/2025\/08\/Pesticide-4.jpg 1456w, https:\/\/www.sisinternational.com\/wp-content\/uploads\/2025\/08\/Pesticide-4-300x168.jpg 300w, https:\/\/www.sisinternational.com\/wp-content\/uploads\/2025\/08\/Pesticide-4-1024x574.jpg 1024w, https:\/\/www.sisinternational.com\/wp-content\/uploads\/2025\/08\/Pesticide-4-768x430.jpg 768w, https:\/\/www.sisinternational.com\/wp-content\/uploads\/2025\/08\/Pesticide-4-18x10.jpg 18w\" sizes=\"auto, (max-width: 1456px) 100vw, 1456px\"><\/figure>\n\n\n\n<p><\/p>\n\n\n\n<p>As with most <a href=\"https:\/\/www.sisinternational.com\/it\/competenza\/industrie\/ricerche-di-mercato-industriali\/\" title=\"Ricerca e strategia di mercato industriale\"  data-wpil-monitor-id=\"8487\">ricerca di mercato<\/a> that was done in similar industries, gathering data and analyzing the information is crucial. Major steps are taken that <a href=\"https:\/\/www.sisinternational.com\/it\/pubblicazioni\/ricerche-di-mercato-per-un-business-scalabile-7-modi-per-costruire-un-business-scalabile\/\" title=\"Ricerche di mercato per aziende scalabili: 7 modi per costruire un business scalabile\"  data-wpil-monitor-id=\"8486\">way the market research<\/a> provides insights that are both credible and valid.<\/p>\n\n\n\n<ul class=\"wp-block-list\">\n<li>Raccolta dati per tipologia di prodotto<\/li>\n\n\n\n<li>Raccolta dei risultati in base al processo di candidatura<\/li>\n\n\n\n<li>Analisi dei risultati per uso finale<\/li>\n\n\n\n<li>Confronto dei risultati per localit\u00e0<\/li>\n\n\n\n<li>Analisi dei fattori chiave nel settore dei pesticidi<\/li>\n<\/ul>\n\n\n\n<p>Vengono presi in considerazione anche altri fattori importanti, come l\u2019impatto ambientale e sulla salute a lungo termine, nonch\u00e9 le tendenze in aumento basate su questi fattori.<\/p>\n\n\n\n<h2 class=\"wp-block-heading\">Informazioni sulla ricerca di mercato dei pesticidi<\/h2>\n\n\n\n<p>Pesticides play a big role both for both humans and the environment. The Pesticide Market Research gathers information and data that are reliable. It is a useful tool for anyone who aims to have informed decisions when it comes to its production, application, <a href=\"https:\/\/www.sisinternational.com\/it\/migliorare-la-penetrazione-nel-mercato-attraverso-un-piano-di-marketing-completo\/\" title=\"Migliorare la penetrazione del mercato attraverso un piano di marketing completo\"  data-wpil-monitor-id=\"8491\">marketing and strategic planning<\/a>.<\/p>","protected":false},"excerpt":{"rendered":"<p>La ricerca di mercato sui pesticidi \u00e8 uno strumento utile per prendere decisioni informate, produzione, applicazione, marketing e pianificazione strategica.<\/p>","protected":false},"author":1,"featured_media":64309,"parent":14514,"menu_order":155,"comment_status":"closed","ping_status":"closed","template":"","meta":{"footnotes":""},"class_list":["post-41286","page","type-page","status-publish","has-post-thumbnail"],"_links":{"self":[{"href":"https:\/\/www.sisinternational.com\/it\/wp-json\/wp\/v2\/pages\/41286","targetHints":{"allow":["GET"]}}],"collection":[{"href":"https:\/\/www.sisinternational.com\/it\/wp-json\/wp\/v2\/pages"}],"about":[{"href":"https:\/\/www.sisinternational.com\/it\/wp-json\/wp\/v2\/types\/page"}],"author":[{"embeddable":true,"href":"https:\/\/www.sisinternational.com\/it\/wp-json\/wp\/v2\/users\/1"}],"replies":[{"embeddable":true,"href":"https:\/\/www.sisinternational.com\/it\/wp-json\/wp\/v2\/comments?post=41286"}],"version-history":[{"count":4,"href":"https:\/\/www.sisinternational.com\/it\/wp-json\/wp\/v2\/pages\/41286\/revisions"}],"predecessor-version":[{"id":81425,"href":"https:\/\/www.sisinternational.com\/it\/wp-json\/wp\/v2\/pages\/41286\/revisions\/81425"}],"up":[{"embeddable":true,"href":"https:\/\/www.sisinternational.com\/it\/wp-json\/wp\/v2\/pages\/14514"}],"wp:featuredmedia":[{"embeddable":true,"href":"https:\/\/www.sisinternational.com\/it\/wp-json\/wp\/v2\/media\/64309"}],"wp:attachment":[{"href":"https:\/\/www.sisinternational.com\/it\/wp-json\/wp\/v2\/media?parent=41286"}],"curies":[{"name":"wp","href":"https:\/\/api.w.org\/{rel}","templated":true}]}}