{"id":41277,"date":"2023-01-23T16:12:02","date_gmt":"2023-01-23T16:12:02","guid":{"rendered":"https:\/\/www.sisinternational.com\/?page_id=41277"},"modified":"2026-01-25T19:25:31","modified_gmt":"2026-01-26T00:25:31","slug":"ricerche-di-mercato-nel-settore-della-gomma","status":"publish","type":"page","link":"https:\/\/www.sisinternational.com\/it\/competenza\/ricerche-di-mercato-nel-settore-della-gomma\/","title":{"rendered":"Ricerche di mercato sull&#039;industria della gomma"},"content":{"rendered":"<h1 class=\"wp-block-heading\">Ricerche di mercato sull&#039;industria della gomma<\/h1>\n\n\n\n<figure class=\"gb-block-image gb-block-image-1ac76d98\"><img loading=\"lazy\" decoding=\"async\" width=\"1456\" height=\"816\" class=\"gb-image gb-image-1ac76d98\" src=\"https:\/\/www.sisinternational.com\/wp-content\/uploads\/2025\/10\/Rubber-1.jpg\" alt=\"Ricerca e strategia di mercato internazionale SIS\" title=\"Rubber (1)\" srcset=\"https:\/\/www.sisinternational.com\/wp-content\/uploads\/2025\/10\/Rubber-1.jpg 1456w, https:\/\/www.sisinternational.com\/wp-content\/uploads\/2025\/10\/Rubber-1-300x168.jpg 300w, https:\/\/www.sisinternational.com\/wp-content\/uploads\/2025\/10\/Rubber-1-1024x574.jpg 1024w, https:\/\/www.sisinternational.com\/wp-content\/uploads\/2025\/10\/Rubber-1-768x430.jpg 768w, https:\/\/www.sisinternational.com\/wp-content\/uploads\/2025\/10\/Rubber-1-18x10.jpg 18w\" sizes=\"auto, (max-width: 1456px) 100vw, 1456px\"><\/figure>\n\n\n\n<p><\/p>\n\n\n\n<h2 class=\"wp-block-heading\">La gomma \u00e8 presente nella nostra vita quotidiana<\/h2>\n\n\n\n<p>La gomma si trova in molti dei prodotti pi\u00f9 importanti che utilizziamo quotidianamente, come guanti chirurgici, elastici e pneumatici. La gomma \u00e8 un materiale essenziale e una delle materie prime pi\u00f9 importanti della societ\u00e0 moderna. L\u2019industria della gomma vale miliardi di dollari e presenta numerose opportunit\u00e0 di crescita e di sviluppo di nuovi prodotti.<\/p>\n\n\n\n<p>Esistono numerosi tipi di gomma tra cui gomma neoprene, gomma butilica, gomma stirene-butadiene, gomma fluorosilicone, gomma siliconica, gomma nitrilica e gomma EPDM. I fattori chiave della qualit\u00e0 del prodotto includono elasticit\u00e0, contrazione termica e durata.<br>Much of the world\u2019s rubber production occurs in high growth emerging <a href=\"https:\/\/www.sisinternational.com\/it\/copertura\/le-americhe\/copertura-degli-stati-uniti\/ricerche-di-mercato-nella-carolina-del-sud\/\" title=\"Ricerche di mercato nella Carolina del Sud\"  data-wpil-monitor-id=\"5651\">markets in South<\/a> East Asia including in Thailand, Malaysia, Indonesia, Vietnam and India. Many of these countries consider the industry to be of national strategic importance and have councils and trade programs focused on boosting exports. Operating in these high growth economies presents numerous opportunities for growth and for boosting efficiency and developing Go-To-Market Strategy.<\/p>\n\n\n\n<p>SIS Market Research aiuta le aziende a trovare nuove aree di opportunit\u00e0 di mercato nel settore della gomma. Forniamo ricerche di mercato sulle ultime tendenze nell\u2019uso e nella domanda della gomma. Aiutiamo i nostri clienti a costruire strategie per aumentare la loro redditivit\u00e0 e l\u2019efficacia operativa.<\/p>\n\n\n\n<h2 class=\"wp-block-heading\">L\u2019importanza delle ricerche di mercato nell\u2019industria della gomma<\/h2>\n\n\n\n<figure class=\"gb-block-image gb-block-image-acd346e6\"><img loading=\"lazy\" decoding=\"async\" width=\"1456\" height=\"816\" class=\"gb-image gb-image-acd346e6\" src=\"https:\/\/www.sisinternational.com\/wp-content\/uploads\/2025\/10\/Rubber-4.jpg\" alt=\"Ricerca e strategia di mercato internazionale SIS\" title=\"Rubber (4)\" srcset=\"https:\/\/www.sisinternational.com\/wp-content\/uploads\/2025\/10\/Rubber-4.jpg 1456w, https:\/\/www.sisinternational.com\/wp-content\/uploads\/2025\/10\/Rubber-4-300x168.jpg 300w, https:\/\/www.sisinternational.com\/wp-content\/uploads\/2025\/10\/Rubber-4-1024x574.jpg 1024w, https:\/\/www.sisinternational.com\/wp-content\/uploads\/2025\/10\/Rubber-4-768x430.jpg 768w, https:\/\/www.sisinternational.com\/wp-content\/uploads\/2025\/10\/Rubber-4-18x10.jpg 18w\" sizes=\"auto, (max-width: 1456px) 100vw, 1456px\"><\/figure>\n\n\n\n<p>SIS Market Research raccoglie ricerche sui clienti, analisi della concorrenza, fattori trainanti dell&#039;azienda e panorama del mercato per fornire informazioni utili al processo decisionale. Siamo specializzati nella fornitura di analisi su opportunit\u00e0, fonti di redditivit\u00e0, sfide e modi per prosperare.<\/p>\n\n\n\n<p>I prodotti chiave dell\u2019industria della gomma includono:<\/p>\n\n\n\n<ul class=\"wp-block-list\">\n<li>Pneumatici automobilistici e camere d&#039;aria interne<\/li>\n\n\n\n<li>Prodotti stampati in gomma<\/li>\n\n\n\n<li>Applicazioni per stuoie e pavimentazioni<\/li>\n\n\n\n<li>Tubi e tubazioni<\/li>\n\n\n\n<li>Gomma vulcanizzata per scarpe<\/li>\n\n\n\n<li>Guanti da lavoro industriale<\/li>\n\n\n\n<li>Attrezzatura sportiva<\/li>\n\n\n\n<li>Materiali isolanti e isolanti<\/li>\n\n\n\n<li>Prodotti per la salute sessuale<\/li>\n\n\n\n<li>Materassi<\/li>\n\n\n\n<li>Scarpe e stivali<\/li>\n\n\n\n<li>Bottiglie d&#039;acqua<\/li>\n\n\n\n<li>Equipaggiamento protettivo per forze dell&#039;ordine, primi soccorritori e vigili del fuoco<\/li>\n\n\n\n<li>Palloni e palloncini<\/li>\n<\/ul>\n\n\n\n<p>I produttori di gomma operano sempre pi\u00f9 in un\u2019economia globale altamente competitiva, con produttori di tutto il mondo che impiegano strategie per abbassare i prezzi e con crescenti restrizioni commerciali. La qualit\u00e0 e la consegna del prodotto rimangono le principali aree di preoccupazione.<\/p>\n\n\n\n<h2 class=\"wp-block-heading\">Sostenibilit\u00e0 nel settore della gomma<\/h2>\n\n\n\n<p>La crescente domanda globale di gomma ha sollevato preoccupazioni sulla sostenibilit\u00e0 delle risorse a lungo termine. Il principale motore della domanda di gomma \u00e8 l\u2019industria automobilistica che continua a crescere e a consumare milioni di pneumatici ogni giorno. Per soddisfare questo livello di domanda, le aziende stanno aumentando la loro capacit\u00e0 produttiva. Ci\u00f2 significa che sono necessarie nuove piantagioni di gomma in tutto il mondo.<\/p>\n\n\n\n<p>L\u2019espansione delle piantagioni di gomma potrebbe avere implicazioni sull\u2019ambiente, sollevando la necessit\u00e0 di condurre ricerche su responsabilit\u00e0 sociale, sostenibilit\u00e0, catene di approvvigionamento, esigenze dei clienti e approfondimenti delle parti interessate.<\/p>\n\n\n\n<p>SIS Market <a href=\"https:\/\/www.sisinternational.com\/it\/competenza\/industrie\/ricerche-di-mercato-nellautomazione-industriale\/\" title=\"Ricerche di mercato sull&#039;automazione industriale\"  data-wpil-monitor-id=\"4818\">Ricerca<\/a> advises companies on best practices for maintaining sustainability and for serving investors and community and industry stakeholders. This benefits the manufacturing processes and the brand&#8217;s position in the market.<\/p>\n\n\n\n<h2 class=\"wp-block-heading\">Vantaggi delle ricerche di mercato sull\u2019industria della gomma<\/h2>\n\n\n\n<figure class=\"gb-block-image gb-block-image-7794f7e1\"><img loading=\"lazy\" decoding=\"async\" width=\"1456\" height=\"816\" class=\"gb-image gb-image-7794f7e1\" src=\"https:\/\/www.sisinternational.com\/wp-content\/uploads\/2025\/10\/Rubber-3.jpg\" alt=\"Ricerca e strategia di mercato internazionale SIS\" title=\"Rubber (3)\" srcset=\"https:\/\/www.sisinternational.com\/wp-content\/uploads\/2025\/10\/Rubber-3.jpg 1456w, https:\/\/www.sisinternational.com\/wp-content\/uploads\/2025\/10\/Rubber-3-300x168.jpg 300w, https:\/\/www.sisinternational.com\/wp-content\/uploads\/2025\/10\/Rubber-3-1024x574.jpg 1024w, https:\/\/www.sisinternational.com\/wp-content\/uploads\/2025\/10\/Rubber-3-768x430.jpg 768w, https:\/\/www.sisinternational.com\/wp-content\/uploads\/2025\/10\/Rubber-3-18x10.jpg 18w\" sizes=\"auto, (max-width: 1456px) 100vw, 1456px\"><\/figure>\n\n\n\n<ul class=\"wp-block-list\">\n<li>Rafforza il posizionamento strategico di un&#039;azienda nel settore della gomma<\/li>\n\n\n\n<li>Riduce al minimo il rischio di investimento<\/li>\n\n\n\n<li>Identifica potenziali minacce e opportunit\u00e0<\/li>\n\n\n\n<li>Scopre i punti di forza e di debolezza dei concorrenti<\/li>\n\n\n\n<li>Guida la pianificazione strategica<\/li>\n\n\n\n<li>Identifica le tendenze emergenti<\/li>\n\n\n\n<li>Fornisce all\u2019azienda gli strumenti per stare al passo con la concorrenza<\/li>\n\n\n\n<li>Fornisce previsioni, proiezioni, raccomandazioni e previsioni<\/li>\n\n\n\n<li>Illumina le esigenze e le richieste dei clienti<\/li>\n\n\n\n<li>Analizza il panorama del mercato per scoprire importanti minacce derivanti dalla geopolitica e dalle normative commerciali<\/li>\n\n\n\n<li>Scopre i benchmark dei migliori concorrenti<\/li>\n<\/ul>\n\n\n\n<h2 class=\"wp-block-heading\">Come scopriamo gli insight<\/h2>\n\n\n\n<p>SIS dispone di database significativi e accesso ai seguenti professionisti dell&#039;industria della gomma:<\/p>\n\n\n\n<ul class=\"wp-block-list\">\n<li>Chimici di processo<\/li>\n\n\n\n<li>Meccanica Industriale<\/li>\n\n\n\n<li>Decision Makers<\/li>\n\n\n\n<li>Dirigenti di livello C<\/li>\n\n\n\n<li>vicepresidente<\/li>\n\n\n\n<li>Tecnici automobilistici<\/li>\n\n\n\n<li>Fabbricanti di parti<\/li>\n\n\n\n<li>Ingegneri meccanici di progetto<\/li>\n\n\n\n<li>Ingegneri dei polimeri<\/li>\n\n\n\n<li>Responsabili del negozio<\/li>\n\n\n\n<li>Driver di consegna<\/li>\n\n\n\n<li>Ingegneri plastici<\/li>\n\n\n\n<li>Responsabili del servizio<\/li>\n\n\n\n<li>Tecnici dei pneumatici<\/li>\n\n\n\n<li>Altri<\/li>\n<\/ul>\n\n\n\n<h2 class=\"wp-block-heading\">Informazioni sulle ricerche di mercato nel settore della gomma<\/h2>\n\n\n\n<figure class=\"gb-block-image gb-block-image-68309510\"><img loading=\"lazy\" decoding=\"async\" width=\"1456\" height=\"816\" class=\"gb-image gb-image-68309510\" src=\"https:\/\/www.sisinternational.com\/wp-content\/uploads\/2025\/10\/Rubber-2.jpg\" alt=\"Ricerca e strategia di mercato internazionale SIS\" title=\"Rubber (2)\" srcset=\"https:\/\/www.sisinternational.com\/wp-content\/uploads\/2025\/10\/Rubber-2.jpg 1456w, https:\/\/www.sisinternational.com\/wp-content\/uploads\/2025\/10\/Rubber-2-300x168.jpg 300w, https:\/\/www.sisinternational.com\/wp-content\/uploads\/2025\/10\/Rubber-2-1024x574.jpg 1024w, https:\/\/www.sisinternational.com\/wp-content\/uploads\/2025\/10\/Rubber-2-768x430.jpg 768w, https:\/\/www.sisinternational.com\/wp-content\/uploads\/2025\/10\/Rubber-2-18x10.jpg 18w\" sizes=\"auto, (max-width: 1456px) 100vw, 1456px\"><\/figure>\n\n\n\n<p><\/p>\n\n\n\n<p>Gomma <a href=\"https:\/\/www.sisinternational.com\/it\/ricerche-di-mercato-nel-settore-dellistruzione\/\" title=\"Ricerche di mercato nel settore dell&#039;istruzione\"  data-wpil-monitor-id=\"1813\">Industry Market Research<\/a> helps maximize profit and minimize risk in business decision making. Market Research can give a company the competitive advantage they need over its competitors. Market Research speaks with customers, competitors, subject matter experts, investors and other key stakeholders to gain incisive data for decision making.<\/p>\n\n\n\n<p>Con oltre 38 anni di esperienza, SIS Market Research vanta una presenza senza pari nei mercati internazionali. Possediamo le tecnologie, gli strumenti, le strategie per raccogliere informazioni e comprendere le esigenze dei clienti. Alcune delle nostre tecniche includono sondaggi, sondaggi faccia a faccia, interviste, focus group, etnografia, analisi di settore, analisi della concorrenza, comunit\u00e0 online, sondaggi telefonici, visite in loco e ricerche sulla concorrenza e altro ancora.<\/p>\n\n\n\n<p>Nella nostra divisione Ricerca e consulenza strategica, forniamo analisi competitiva, consulenza sull&#039;ingresso nel mercato, ricerche di mercato Go To, benchmarking, voce del cliente, analisi congiunta, analisi fattoriale, analisi statistica multivariata, valutazioni del potenziale di esportazione e analisi delle opportunit\u00e0 di mercato.<\/p>","protected":false},"excerpt":{"rendered":"<p>Le ricerche di mercato sull&#039;industria della gomma aiutano a massimizzare i profitti e minimizzare i rischi nel processo decisionale aziendale.<\/p>","protected":false},"author":1,"featured_media":72078,"parent":14514,"menu_order":154,"comment_status":"closed","ping_status":"closed","template":"","meta":{"footnotes":""},"class_list":["post-41277","page","type-page","status-publish","has-post-thumbnail"],"_links":{"self":[{"href":"https:\/\/www.sisinternational.com\/it\/wp-json\/wp\/v2\/pages\/41277","targetHints":{"allow":["GET"]}}],"collection":[{"href":"https:\/\/www.sisinternational.com\/it\/wp-json\/wp\/v2\/pages"}],"about":[{"href":"https:\/\/www.sisinternational.com\/it\/wp-json\/wp\/v2\/types\/page"}],"author":[{"embeddable":true,"href":"https:\/\/www.sisinternational.com\/it\/wp-json\/wp\/v2\/users\/1"}],"replies":[{"embeddable":true,"href":"https:\/\/www.sisinternational.com\/it\/wp-json\/wp\/v2\/comments?post=41277"}],"version-history":[{"count":6,"href":"https:\/\/www.sisinternational.com\/it\/wp-json\/wp\/v2\/pages\/41277\/revisions"}],"predecessor-version":[{"id":79352,"href":"https:\/\/www.sisinternational.com\/it\/wp-json\/wp\/v2\/pages\/41277\/revisions\/79352"}],"up":[{"embeddable":true,"href":"https:\/\/www.sisinternational.com\/it\/wp-json\/wp\/v2\/pages\/14514"}],"wp:featuredmedia":[{"embeddable":true,"href":"https:\/\/www.sisinternational.com\/it\/wp-json\/wp\/v2\/media\/72078"}],"wp:attachment":[{"href":"https:\/\/www.sisinternational.com\/it\/wp-json\/wp\/v2\/media?parent=41277"}],"curies":[{"name":"wp","href":"https:\/\/api.w.org\/{rel}","templated":true}]}}