{"id":41239,"date":"2023-01-16T05:49:46","date_gmt":"2023-01-16T05:49:46","guid":{"rendered":"https:\/\/www.sisinternational.com\/?page_id=41239"},"modified":"2026-01-24T21:27:21","modified_gmt":"2026-01-25T02:27:21","slug":"ricerche-di-mercato-di-van-westendorp","status":"publish","type":"page","link":"https:\/\/www.sisinternational.com\/it\/soluzioni\/ricerca-di-consulenza-strategica-fintech\/ricerche-di-mercato-di-van-westendorp\/","title":{"rendered":"Ricerche di mercato di Van Westendorp"},"content":{"rendered":"<h1 class=\"wp-block-heading\">Ricerche di mercato di Van Westendorp<\/h1>\n\n\n\n<figure class=\"gb-block-image gb-block-image-efa0901d\"><img loading=\"lazy\" decoding=\"async\" width=\"1456\" height=\"816\" class=\"gb-image gb-image-efa0901d\" src=\"https:\/\/www.sisinternational.com\/wp-content\/uploads\/2025\/08\/Creativity-2.jpg\" alt=\"Ricerca e strategia di mercato internazionale SIS\" title=\"Creativity (2)\" srcset=\"https:\/\/www.sisinternational.com\/wp-content\/uploads\/2025\/08\/Creativity-2.jpg 1456w, https:\/\/www.sisinternational.com\/wp-content\/uploads\/2025\/08\/Creativity-2-300x168.jpg 300w, https:\/\/www.sisinternational.com\/wp-content\/uploads\/2025\/08\/Creativity-2-1024x574.jpg 1024w, https:\/\/www.sisinternational.com\/wp-content\/uploads\/2025\/08\/Creativity-2-768x430.jpg 768w, https:\/\/www.sisinternational.com\/wp-content\/uploads\/2025\/08\/Creativity-2-18x10.jpg 18w\" sizes=\"auto, (max-width: 1456px) 100vw, 1456px\"><\/figure>\n\n\n\n<p><\/p>\n\n\n\n<hr class=\"wp-block-separator has-alpha-channel-opacity\"\/>\n\n\n\n<h2 class=\"wp-block-heading\">L\u2019importanza delle ricerche di mercato sui prezzi<\/h2>\n\n\n\n<p>It is common to face challenges if your product is too expensive or cheap. Products priced higher than expectations may not be consumed, while products priced lower than expectations will generate distrust about their quality. Therefore, correctly pricing is crucial for your brand. <a class=\"wpil_keyword_link\" href=\"https:\/\/www.sisinternational.com\/it\/soluzioni\/ricerca-di-consulenza-strategica-fintech\/ricerche-di-mercato-sui-prezzi\/\"   title=\"Ricerche di mercato sui prezzi\" data-wpil-keyword-link=\"linked\"  data-wpil-monitor-id=\"404\">Ricerche di mercato sui prezzi<\/a> helps companies to become more profitable and efficient in satisfying their customers. Understanding how customers perceive value (benefits versus risk) is essential to business growth.<\/p>\n\n\n\n<p>Mentre alcuni imprenditori e manager aziendali tendono a fissare i prezzi per tentativi ed errori e per intuizione, esiste un approccio pi\u00f9 scientifico che pu\u00f2 aiutare a massimizzare il profitto e la soddisfazione del cliente. La ricerca di mercato di Van Westendrop \u00e8 un metodo efficace per ottimizzare i prezzi attraverso la precisione statistica e per contribuire anche ad aumentare i profitti.<\/p>\n\n\n\n<h2 class=\"wp-block-heading\">Cos\u2019\u00e8 la ricerca di mercato di Van Westendorp?<\/h2>\n\n\n\n<p>L\u2019analisi dei prezzi di Van Westendrop \u00e8 composta da quattro domande:<\/p>\n\n\n\n<ol class=\"wp-block-list\">\n<li>A quale prezzo considereresti il prodotto troppo costoso per considerare di non acquistarlo?;<\/li>\n\n\n\n<li>A quale prezzo considereresti che il prodotto abbia un prezzo troppo basso e per questo riterresti che la qualit\u00e0 del prodotto o del servizio sia scarsa?;<\/li>\n\n\n\n<li>A quale prezzo ritieni che il prodotto diventi troppo costoso \u2013 non \u00e8 escluso, ma dovresti pensare di acquistarlo?;<\/li>\n\n\n\n<li>A quale prezzo considereresti il prodotto un affare, un ottimo acquisto per i soldi?<\/li>\n<\/ol>\n\n\n\n<p>Rispondere a queste domande non \u00e8 facile e pu\u00f2 richiedere ricerche di mercato sui prezzi, come questionari, analisi quantitative\/qualitative, ecc. Se fatto correttamente, il risultato delle risposte richieder\u00e0 un grafico che \u00e8 possibile utilizzare per analizzare i prezzi.<\/p>\n\n\n\n<h2 class=\"wp-block-heading\">Come utilizzare le ricerche di mercato di Van Westendorp<\/h2>\n\n\n\n<figure class=\"gb-block-image gb-block-image-b5167f6f\"><img loading=\"lazy\" decoding=\"async\" width=\"1456\" height=\"816\" class=\"gb-image gb-image-b5167f6f\" src=\"https:\/\/www.sisinternational.com\/wp-content\/uploads\/2025\/08\/Computer-Assisted-Telephone-Interviewing-3.jpg\" alt=\"Ricerca e strategia di mercato internazionale SIS\" title=\"Computer Assisted Telephone Interviewing (3)\" srcset=\"https:\/\/www.sisinternational.com\/wp-content\/uploads\/2025\/08\/Computer-Assisted-Telephone-Interviewing-3.jpg 1456w, https:\/\/www.sisinternational.com\/wp-content\/uploads\/2025\/08\/Computer-Assisted-Telephone-Interviewing-3-300x168.jpg 300w, https:\/\/www.sisinternational.com\/wp-content\/uploads\/2025\/08\/Computer-Assisted-Telephone-Interviewing-3-1024x574.jpg 1024w, https:\/\/www.sisinternational.com\/wp-content\/uploads\/2025\/08\/Computer-Assisted-Telephone-Interviewing-3-768x430.jpg 768w, https:\/\/www.sisinternational.com\/wp-content\/uploads\/2025\/08\/Computer-Assisted-Telephone-Interviewing-3-18x10.jpg 18w\" sizes=\"auto, (max-width: 1456px) 100vw, 1456px\"><\/figure>\n\n\n\n<p><\/p>\n\n\n\n<p>\u00c8 importante rendersi conto che molti fattori possono influenzare le domande sui prezzi: domanda, carenza, valore, tecniche pubblicitarie, ecc. Le domande chiave sui prezzi includono quanto segue:<\/p>\n\n\n\n<ol class=\"wp-block-list\">\n<li>Il prezzo del mio prodotto \u00e8 troppo alto?<\/li>\n\n\n\n<li>Il prezzo del mio prodotto \u00e8 troppo basso?<\/li>\n\n\n\n<li>Il prezzo del mio prodotto \u00e8 considerato sufficientemente alto da indurre le persone a pensare che sia premium?<\/li>\n\n\n\n<li>Il prezzo del mio prodotto \u00e8 considerato sufficientemente basso da indurre le persone a pensare che dovrebbero acquistarlo immediatamente?<\/li>\n<\/ol>\n\n\n\n<p>Il punto convergente della differenza tra essere \u201ctroppo costoso\u201d e \u201cabbastanza costoso\u201d, o \u201ctroppo economico\u201d e \u201cun affare\u201d, \u00e8 dove vuoi essere con il tuo prodotto.<\/p>\n\n\n\n<h2 class=\"wp-block-heading\">Generare valore<\/h2>\n\n\n\n<p>I clienti sono consapevoli di avere molteplici opportunit\u00e0 per acquistare il prodotto o il servizio desiderato. Trovare il giusto compromesso tra costi-benefici, originalit\u00e0 e valore \u00e8 la risposta al \u201cperch\u00e9 le persone dovrebbero scegliere il MIO prodotto invece di milioni di altri\u201d; e per fare ci\u00f2 \u00e8 necessario comprendere il concetto di valore.<\/p>\n\n\n\n<p>Value can be defined as what the customer will get in exchange for their money (benefits minus risk). Value can also refer to what the company will get in exchange for its product.<\/p>\n\n\n\n<p>Market Research dives even deeper to understand value \u2014 benefits minus risk \u2014 by understanding in-depth and measuring precisely how customers quantify the value of benefits. Examples of benefits include emotional connections and functional benefits (e.g., do the features work as intended). Pricing research and customer value analysis can help answer questions such as: Is the product desirable? Do I need it? How do consumers interact with that product? And many more questions. Pricing Market Research can help better understand Willingness to Pay, product volume and customer segmentation.<\/p>\n\n\n\n<p>Other variables in pricing, such as seasonality, that Market Research can help address. For instance, if you are selling umbrellas, their value increases on a rainy day, and prices can be adjusted to boost profit. But by how much?<\/p>\n\n\n\n<h2 class=\"wp-block-heading\">Marchio<\/h2>\n\n\n\n<p>Pricing communicates value and is essential for branding, new product launches, profitability, marketing strategy, Return on Investment (ROI), operational efficiency, customer acquisition, customer retention and consistent revenue generation.<\/p>\n\n\n\n<p>The relationship between pricing and product placement is also very important for your business. If your advertisements target a group of people with fine tastes, the pricing should be appropriate for those segments or personas.<\/p>\n\n\n\n<h2 class=\"wp-block-heading\">Un esempio di ricerca di mercato di Van Westendorp<\/h2>\n\n\n\n<figure class=\"gb-block-image gb-block-image-0526f099\"><img loading=\"lazy\" decoding=\"async\" width=\"1456\" height=\"816\" class=\"gb-image gb-image-0526f099\" src=\"https:\/\/www.sisinternational.com\/wp-content\/uploads\/2025\/09\/Quantitative-research-17.jpg\" alt=\"Ricerca e strategia di mercato internazionale SIS\" title=\"Quantitative research (17)\" srcset=\"https:\/\/www.sisinternational.com\/wp-content\/uploads\/2025\/09\/Quantitative-research-17.jpg 1456w, https:\/\/www.sisinternational.com\/wp-content\/uploads\/2025\/09\/Quantitative-research-17-300x168.jpg 300w, https:\/\/www.sisinternational.com\/wp-content\/uploads\/2025\/09\/Quantitative-research-17-1024x574.jpg 1024w, https:\/\/www.sisinternational.com\/wp-content\/uploads\/2025\/09\/Quantitative-research-17-768x430.jpg 768w, https:\/\/www.sisinternational.com\/wp-content\/uploads\/2025\/09\/Quantitative-research-17-18x10.jpg 18w\" sizes=\"auto, (max-width: 1456px) 100vw, 1456px\"><\/figure>\n\n\n\n<p><\/p>\n\n\n\n<p>Let us say your company sells handmade organic fried potatoes, and you have identified your target segment and understand their needs. For example, your results may look like the following:<\/p>\n\n\n\n<ol class=\"wp-block-list\">\n<li>$12 per un pacchetto \u00e8 troppo costoso e la maggior parte delle persone non lo comprerebbe;<\/li>\n\n\n\n<li>$2 per una confezione \u00e8 troppo economico e la maggior parte delle persone dubiterebbe che siano davvero fatti a mano e biologici;<\/li>\n\n\n\n<li>$9 per una confezione incuriosirebbe la maggior parte delle persone e la comprerebbero, ma se le patate non sono le patate pi\u00f9 deliziose che abbiano mai provato, non le compreranno pi\u00f9 e lasceranno un feedback negativo;<\/li>\n\n\n\n<li>$5 per un pacchetto farebbe pensare alla maggior parte delle persone che sia onestamente economico e probabilmente lo proverebbe.<\/li>\n<\/ol>\n\n\n\n<p>While intuitively, it might seem great to be at $5 or $9, you are actually wasting potential profit by selling at that price. Usually, the product price has to target the intersections and relationships between those points, where it is getting too cheap or too expensive.<\/p>\n\n\n\n<p>Now, it is also not correct to declare that $6.50 is the perfect price because we did not go deep enough to understand the product dynamics, brand considerations, or market landscape. Van Westendorp Market Research only gets you that far. Market Research helps provide nuance to the findings.<\/p>\n\n\n\n<h2 class=\"wp-block-heading\">Informazioni sulla ricerca di mercato di Van Westendorp<\/h2>\n\n\n\n<p><a href=\"https:\/\/www.sisinternational.com\/it\/soluzioni\/soluzioni-di-ricerca-quantitativa-qualitativa\/van-westendorp-price-sensitivity-meter\/\" title=\"Van Westendorp Price Sensitivity Meter\"  data-wpil-monitor-id=\"1165\">Ricerche di mercato di Van Westendorp<\/a> is a useful tool for understanding product pricing and value. It provides helpful statistics and insight into branding, strategy, products, and marketing effectiveness. To generate a full view of a marketing strategy, it is important to add nuance from the market landscape, customer recommendations, and customer opinions in addition to the Van Westendorp measurements.<\/p>\n\n\n\n<p>Van Westerndorp helps companies maximize profits and provide customers with perceived value. The more research conducted, the better the results. Brand or product launches that disregard the science of pricing have a greater chance of failure\u2014and, understandably, of not maximizing profit.<\/p>\n\n\n\n<p>SIS International Research has conducted Van Westendorp <a href=\"https:\/\/www.sisinternational.com\/it\/competenza\/industrie\/ricerche-di-mercato-comunali\/\" title=\"Ricerche di mercato comunali\"  data-wpil-monitor-id=\"3472\">Mercato<\/a> Research and Quantitative Pricing Market Research for decades. Contact us for your next Van Westendorp Market Research project.<\/p>\n\n\n\n<h2 class=\"wp-block-heading\">La nostra sede a New York<\/h2>\n\n\n\n<p>\n\n\n\n<iframe loading=\"lazy\" src=\"https:\/\/www.google.com\/maps\/embed?pb=!1m18!1m12!1m3!1d3022.976188376966!2d-73.99130312499956!3d40.740549471389315!2m3!1f0!2f0!3f0!3m2!1i1024!2i768!4f13.1!3m3!1m2!1s0x89c259a15798c731%3A0xd695d09bdd495f25!2s11%20E%2022nd%20St%20FL%202%2C%20New%20York%2C%20NY%2010010%2C%20USA!5e0!3m2!1sen!2spe!4v1726171763526!5m2!1sen!2spe\" width=\"600\" height=\"450\" allowfullscreen=\"allowfullscreen\" data-mce-fragment=\"1\"><\/iframe>\n\n\n\n<\/p>\n\n\n\n<h3 class=\"wp-block-heading\">11 E 22nd Street, piano 2, New York, NY 10010 T: +1(212) 505-6805<\/h3>\n\n\n\n<hr class=\"wp-block-separator has-alpha-channel-opacity\"\/>\n\n\n\n<h2 class=\"wp-block-heading\"><span style=\"font-weight: 400;\">A proposito di SIS Internazionale<\/span><\/h2>\n\n\n\n<p><a href=\"https:\/\/www.sisinternational.com\/it\/\"><span style=\"font-weight: 400;\">SIS Internazionale<\/span><\/a><span style=\"font-weight: 400;\"> offre ricerca quantitativa, qualitativa e strategica. Forniamo dati, strumenti, strategie, report e approfondimenti per il processo decisionale. Conduciamo anche interviste, sondaggi, focus group e altri metodi e approcci di ricerca di mercato.<\/span><a href=\"https:\/\/www.sisinternational.com\/it\/sulla-sua-ricerca-internazionale\/contact-sis-international-market-research\/\"><span style=\"font-weight: 400;\"> Contattaci<\/span><\/a><span style=\"font-weight: 400;\"> per il tuo prossimo progetto di ricerca di mercato.<\/span><\/p>","protected":false},"excerpt":{"rendered":"<p>La ricerca di mercato di Van Westendorp \u00e8 un metodo per misurare la sensibilit\u00e0 ai prezzi. Contattaci per il tuo prossimo progetto di ricerca di mercato di Van Westendorp.<\/p>","protected":false},"author":1,"featured_media":62642,"parent":27462,"menu_order":42,"comment_status":"closed","ping_status":"closed","template":"","meta":{"footnotes":""},"class_list":["post-41239","page","type-page","status-publish","has-post-thumbnail"],"_links":{"self":[{"href":"https:\/\/www.sisinternational.com\/it\/wp-json\/wp\/v2\/pages\/41239","targetHints":{"allow":["GET"]}}],"collection":[{"href":"https:\/\/www.sisinternational.com\/it\/wp-json\/wp\/v2\/pages"}],"about":[{"href":"https:\/\/www.sisinternational.com\/it\/wp-json\/wp\/v2\/types\/page"}],"author":[{"embeddable":true,"href":"https:\/\/www.sisinternational.com\/it\/wp-json\/wp\/v2\/users\/1"}],"replies":[{"embeddable":true,"href":"https:\/\/www.sisinternational.com\/it\/wp-json\/wp\/v2\/comments?post=41239"}],"version-history":[{"count":7,"href":"https:\/\/www.sisinternational.com\/it\/wp-json\/wp\/v2\/pages\/41239\/revisions"}],"predecessor-version":[{"id":77682,"href":"https:\/\/www.sisinternational.com\/it\/wp-json\/wp\/v2\/pages\/41239\/revisions\/77682"}],"up":[{"embeddable":true,"href":"https:\/\/www.sisinternational.com\/it\/wp-json\/wp\/v2\/pages\/27462"}],"wp:featuredmedia":[{"embeddable":true,"href":"https:\/\/www.sisinternational.com\/it\/wp-json\/wp\/v2\/media\/62642"}],"wp:attachment":[{"href":"https:\/\/www.sisinternational.com\/it\/wp-json\/wp\/v2\/media?parent=41239"}],"curies":[{"name":"wp","href":"https:\/\/api.w.org\/{rel}","templated":true}]}}