{"id":41228,"date":"2023-01-16T04:19:27","date_gmt":"2023-01-16T04:19:27","guid":{"rendered":"https:\/\/www.sisinternational.com\/?page_id=41228"},"modified":"2026-01-27T15:20:06","modified_gmt":"2026-01-27T20:20:06","slug":"ricerche-di-mercato-con-analisi-discriminante","status":"publish","type":"page","link":"https:\/\/www.sisinternational.com\/it\/soluzioni\/soluzioni-di-ricerca-quantitativa-qualitativa\/ricerche-di-mercato-con-analisi-discriminante\/","title":{"rendered":"Ricerche di mercato sull&#039;analisi discriminante"},"content":{"rendered":"<h1 class=\"wp-block-heading\">Ricerche di mercato sull&#039;analisi discriminante<\/h1>\n\n\n\n<figure class=\"gb-block-image gb-block-image-f0ffc33a\"><img loading=\"lazy\" decoding=\"async\" width=\"1456\" height=\"816\" class=\"gb-image gb-image-f0ffc33a\" src=\"https:\/\/www.sisinternational.com\/wp-content\/uploads\/2025\/10\/Strategy-consulting-2.jpg\" srcset=\"https:\/\/www.sisinternational.com\/wp-content\/uploads\/2025\/10\/Strategy-consulting-2.jpg 1456w, https:\/\/www.sisinternational.com\/wp-content\/uploads\/2025\/10\/Strategy-consulting-2-300x168.jpg 300w, https:\/\/www.sisinternational.com\/wp-content\/uploads\/2025\/10\/Strategy-consulting-2-1024x574.jpg 1024w, https:\/\/www.sisinternational.com\/wp-content\/uploads\/2025\/10\/Strategy-consulting-2-768x430.jpg 768w, https:\/\/www.sisinternational.com\/wp-content\/uploads\/2025\/10\/Strategy-consulting-2-18x10.jpg 18w\" sizes=\"auto, (max-width: 1456px) 100vw, 1456px\" alt=\"Ricerca e strategia di mercato internazionale SIS\"><\/figure>\n\n\n\n<p><\/p>\n\n\n\n<h2 class=\"wp-block-heading\">Cos&#039;\u00e8 l&#039;analisi discriminante?<\/h2>\n\n\n\n<p>L&#039;Analisi Discriminante (DA) \u00e8 una tecnica utilizzata in Statistica per classificare i risultati. Inseriscono questi risultati in gruppi non sovrapposti in base ai punteggi su una o pi\u00f9 variabili predittive quantitative. Come suggerisce il nome, \u00e8 un modo per discriminare o classificare i risultati. Tre persone condividono il merito di aver dato alla luce la DA. Questi sono Mahalanobis in India, Fisher nel Regno Unito e Hotelling negli Stati Uniti.<\/p>\n\n\n\n<p>Un medico pu\u00f2 eseguire un DA per trovare pazienti ad alto o basso rischio di ictus. L\u2019analisi potrebbe classificarli in gruppi ad alto o basso rischio. Pu\u00f2 basare questi gruppi su attributi personali come la massa corporea o il livello di colesterolo. Oppure possono basarlo sui comportamenti legati allo stile di vita. Ad esempio, pu\u00f2 classificarli in base al numero di sigarette consumate al giorno o alle sessioni di allenamento settimanali.<\/p>\n\n\n\n<p>\u00c8 possibile utilizzare DA per obiettivi predittivi o descrittivi. I passaggi coinvolti sono i seguenti:<\/p>\n\n\n\n<ul class=\"wp-block-list\">\n<li>Trova il problema<\/li>\n\n\n\n<li>Stimare i coefficienti della funzione discriminante<\/li>\n\n\n\n<li>Scopri l&#039;importanza di queste funzioni discriminanti<\/li>\n\n\n\n<li>Interpretare i risultati<\/li>\n\n\n\n<li>Valutare la validit\u00e0 dei risultati<\/li>\n<\/ul>\n\n\n\n<h2 class=\"wp-block-heading\">Perch\u00e9 \u00e8 importante l\u2019analisi discriminante?<\/h2>\n\n\n\n<p><a href=\"https:\/\/www.sisinternational.com\/it\/competenza\/industrie\/ricerche-di-mercato-con-analisi-multivariata\/\" title=\"Ricerche di mercato con analisi multivariata\"  data-wpil-monitor-id=\"5029\">Researchers use the Discriminant Analysis<\/a> process to help them understand the connection between a \u201cdependent variable\u201d and one or more \u201cindependent variables.\u201d A dependent variable is one that a researcher tries to explain or predict from the values of the independent variables. Sometimes the dependent variable is divided into several categories (categorical variable).<\/p>\n\n\n\n<p>DA prende variabili indipendenti continue e sviluppa una relazione o equazioni predittive. I ricercatori utilizzano queste equazioni per posizionare le variabili dipendenti in gruppi.<\/p>\n\n\n\n<p>Quando la variabile dipendente ha due categorie, il tipo utilizzato \u00e8 l&#039;analisi discriminante a due gruppi. Se ha tre o pi\u00f9 categorie, il tipo utilizzato \u00e8 l&#039;analisi discriminante multipla. C&#039;\u00e8 anche l&#039;analisi discriminante lineare (LDA) e l&#039;analisi discriminante quadratica (QDA).<\/p>\n\n\n\n<p>Ecco la distinzione principale tra i tipi di analisi discriminante. Per due gruppi \u00e8 possibile derivare solo una funzione discriminante. Questo tipo di DA \u00e8 noto come analisi della funzione discriminante. Nel caso di analisi discriminanti multiple, \u00e8 possibile calcolare pi\u00f9 di una funzione discriminante.<\/p>\n\n\n\n<p>DA si propone di rispondere alle seguenti domande:<\/p>\n\n\n\n<ul class=\"wp-block-list\">\n<li>Dove differiscono i raggruppamenti attesi e osservati?<\/li>\n\n\n\n<li>Quanto \u00e8 statisticamente significativo il divario tra i due?<\/li>\n<\/ul>\n\n\n\n<p>It is a robust <a href=\"https:\/\/www.sisinternational.com\/it\/soluzioni\/soluzioni-di-ricerca-quantitativa-qualitativa\/ricerche-di-mercato-basate-sullanalisi-dei-cluster\/\" title=\"Ricerche di mercato sull&#039;analisi dei cluster\"  data-wpil-monitor-id=\"6470\">research and analysis<\/a> tool, especially when researchers try to understand how groups (age cohorts, customers) or items (items, brands) differ.<\/p>\n\n\n\n<h2 class=\"wp-block-heading\">Perch\u00e9 le aziende hanno bisogno dell&#039;analisi discriminante<\/h2>\n\n\n\n<p>L\u2019analisi discriminante presenta molti vantaggi, soprattutto oggi nell\u2019era dei dati. Questo metodo \u00e8 un vantaggio comprovato. Grazie a ci\u00f2, molte aziende possono ora promuovere la crescita, i profitti e la competitivit\u00e0.<\/p>\n\n\n\n<p>Molti esempi possono spiegare quando si adatta DA. Ad esempio, puoi usarlo per capire in che modo i consumatori leggeri, medi o pesanti di bevande analcoliche differiscono nel consumo di cibi surgelati.<\/p>\n\n\n\n<p>\u00c8 uno strumento popolare perch\u00e9 ha un uso diffuso in diversi settori. Le aziende possono utilizzarlo per analizzare problemi specifici. Devono determinare quale variabile indipendente ha il risultato pi\u00f9 significativo su una variabile dipendente.<\/p>\n\n\n\n<h2 class=\"wp-block-heading\">Informazioni sull&#039;analisi discriminante<\/h2>\n\n\n\n<p>\u00c8 possibile confrontare l&#039;analisi discriminante con l&#039;analisi di regressione per come individua il grado in cui gli oggetti aderiscono alle condizioni di determinati gruppi.<\/p>\n\n\n\n<p>Puoi anche confrontarlo con l&#039;analisi dei cluster, che \u00e8 l&#039;apprendimento non supervisionato. Al contrario, DA \u00e8 un apprendimento supervisionato. Il ricercatore stabilisce la categoria dell&#039;oggetto prima di avviarla.<\/p>\n\n\n\n<p>DA ha molti usi. Ad esempio, puoi sfruttarlo per determinare quali variabili predittive sono correlate alla variabile dipendente. Puoi anche utilizzare DA per prevedere il valore di quest&#039;ultimo e sviluppare mappe percettive.<\/p>\n\n\n\n<p>SIS International Research assists businesses all over the globe in their strategic planning. We offer market research services, and we use Discriminant Analysis across industries. We can help with your Qualitative and Quantitative Market Research. SIS also provides UX and Strategy <a href=\"https:\/\/www.sisinternational.com\/it\/come-condurre-lanalisi-competitiva\/\" title=\"Analisi competitiva nel marketing\"  data-wpil-monitor-id=\"7267\">Market Research and Competitive<\/a> Analyses.<\/p>\n\n\n\n<p><\/p>","protected":false},"excerpt":{"rendered":"<p>L&#039;analisi discriminante della ricerca di mercato (DA) \u00e8 una tecnica utilizzata in statistica per classificare i risultati, un modo per discriminare o classificare i risultati.<\/p>","protected":false},"author":1,"featured_media":71984,"parent":14660,"menu_order":36,"comment_status":"closed","ping_status":"closed","template":"","meta":{"footnotes":""},"class_list":["post-41228","page","type-page","status-publish","has-post-thumbnail"],"_links":{"self":[{"href":"https:\/\/www.sisinternational.com\/it\/wp-json\/wp\/v2\/pages\/41228","targetHints":{"allow":["GET"]}}],"collection":[{"href":"https:\/\/www.sisinternational.com\/it\/wp-json\/wp\/v2\/pages"}],"about":[{"href":"https:\/\/www.sisinternational.com\/it\/wp-json\/wp\/v2\/types\/page"}],"author":[{"embeddable":true,"href":"https:\/\/www.sisinternational.com\/it\/wp-json\/wp\/v2\/users\/1"}],"replies":[{"embeddable":true,"href":"https:\/\/www.sisinternational.com\/it\/wp-json\/wp\/v2\/comments?post=41228"}],"version-history":[{"count":6,"href":"https:\/\/www.sisinternational.com\/it\/wp-json\/wp\/v2\/pages\/41228\/revisions"}],"predecessor-version":[{"id":80917,"href":"https:\/\/www.sisinternational.com\/it\/wp-json\/wp\/v2\/pages\/41228\/revisions\/80917"}],"up":[{"embeddable":true,"href":"https:\/\/www.sisinternational.com\/it\/wp-json\/wp\/v2\/pages\/14660"}],"wp:featuredmedia":[{"embeddable":true,"href":"https:\/\/www.sisinternational.com\/it\/wp-json\/wp\/v2\/media\/71984"}],"wp:attachment":[{"href":"https:\/\/www.sisinternational.com\/it\/wp-json\/wp\/v2\/media?parent=41228"}],"curies":[{"name":"wp","href":"https:\/\/api.w.org\/{rel}","templated":true}]}}