{"id":41223,"date":"2023-01-16T04:07:39","date_gmt":"2023-01-16T04:07:39","guid":{"rendered":"https:\/\/www.sisinternational.com\/?page_id=41223"},"modified":"2026-01-27T15:20:07","modified_gmt":"2026-01-27T20:20:07","slug":"ricerche-di-mercato-basate-sullanalisi-dei-cluster","status":"publish","type":"page","link":"https:\/\/www.sisinternational.com\/it\/soluzioni\/soluzioni-di-ricerca-quantitativa-qualitativa\/ricerche-di-mercato-basate-sullanalisi-dei-cluster\/","title":{"rendered":"Ricerche di mercato sull&#039;analisi dei cluster"},"content":{"rendered":"<h1 class=\"wp-block-heading\">Cos&#039;\u00e8 l&#039;analisi dei cluster?<\/h1>\n\n\n\n<figure class=\"gb-block-image gb-block-image-9bf2cb72\"><img loading=\"lazy\" decoding=\"async\" width=\"1456\" height=\"816\" class=\"gb-image gb-image-9bf2cb72\" src=\"https:\/\/www.sisinternational.com\/wp-content\/uploads\/2025\/10\/Pricing-Analytics-1.jpg\" srcset=\"https:\/\/www.sisinternational.com\/wp-content\/uploads\/2025\/10\/Pricing-Analytics-1.jpg 1456w, https:\/\/www.sisinternational.com\/wp-content\/uploads\/2025\/10\/Pricing-Analytics-1-300x168.jpg 300w, https:\/\/www.sisinternational.com\/wp-content\/uploads\/2025\/10\/Pricing-Analytics-1-1024x574.jpg 1024w, https:\/\/www.sisinternational.com\/wp-content\/uploads\/2025\/10\/Pricing-Analytics-1-768x430.jpg 768w, https:\/\/www.sisinternational.com\/wp-content\/uploads\/2025\/10\/Pricing-Analytics-1-18x10.jpg 18w\" sizes=\"auto, (max-width: 1456px) 100vw, 1456px\" alt=\"Ricerca e strategia di mercato internazionale SIS\"><\/figure>\n\n\n\n<p><\/p>\n\n\n\n<p>L&#039;analisi dei cluster \u00e8 una tecnica che esplora i gruppi naturali all&#039;interno di un set di dati. Ad esempio, un caso d&#039;uso semplice consiste nel raggruppare i punti vendita al dettaglio in base alle loro vendite. Supponiamo che un negozio di piante abbia otto punti vendita in citt\u00e0. La tabella seguente mostra le vendite giornaliere di piante di rose e orchidee.<\/p>\n\n\n\n<p>Questo esempio ha punti dati limitati. Pertanto \u00e8 stato facile tracciare i due gruppi di punti vendita di piante sul grafico e vedere le immagini. Quando si tratta di migliaia di punti dati, dovrai utilizzare gli algoritmi di analisi dei cluster. Separeranno ulteriormente i punti dati in diversi cluster.<\/p>\n\n\n\n<h2 class=\"wp-block-heading\">Perch\u00e9 l&#039;analisi dei cluster \u00e8 importante?<\/h2>\n\n\n\n<p>Con il clustering, i ricercatori possono identificare e definire modelli tra gli elementi dei dati. Inoltre, rivelare questi modelli tra i punti dati aiuta a distinguere e delineare le strutture. Queste strutture potrebbero non essere state evidenti prima. Eppure sono notevoli per i dati una volta scoperti. Il processo decisionale informato diventa molto pi\u00f9 semplice una volta che emerge una struttura definita.<\/p>\n\n\n\n<h2 class=\"wp-block-heading\">Titolo professionale chiave: scienziato dei dati<\/h2>\n\n\n\n<p>I data scientist devono conoscere statistiche, matematica, analisi aziendale, modellazione e tecnologia. Inoltre, devono trasformare elevati volumi di dati complessi in soluzioni analitiche avanzate. Questi scienziati sviluppano, mantengono e raccolgono set di dati strutturati e non strutturati. Utilizzano questi set per analizzare, creare report e creare proiezioni, modelli, report e visualizzazioni. Questi supportano le tattiche e la strategia aziendale dell&#039;azienda.<\/p>\n\n\n\n<h2 class=\"wp-block-heading\">Perch\u00e9 le aziende hanno bisogno dell&#039;analisi dei cluster<\/h2>\n\n\n\n<p>L&#039;analisi dei cluster aiuta le aziende a determinare la risposta dei clienti ai loro prodotti e servizi. Organizza i clienti con gli stessi attributi in un cluster. Pertanto, consente alle aziende di organizzare i propri servizi. Possono anche offrire prodotti specifici a diversi gruppi. \u00c8 utile per le aziende comprendere il comportamento dei consumatori. Imparano cose come i gusti dei clienti. Possono anche vedere la loro risposta a prodotti e servizi e ai modelli di acquisto.<\/p>\n\n\n\n<h2 class=\"wp-block-heading\">Fattori chiave del successo<\/h2>\n\n\n\n<p>Un metodo adatto produrr\u00e0 cluster di alta qualit\u00e0. Pertanto, i risultati dovrebbero essere simili per un singolo gruppo. Il contrario dovrebbe accadere quando vi \u00e8 pi\u00f9 di un cluster. La qualit\u00e0 dei set dipende dal metodo e da come lo esegui. Il tuo approccio dovrebbe anche scoprire alcuni o tutti i modelli nascosti che potrebbero esistere all&#039;interno dei dati. La misura pi\u00f9 comune per i cluster \u00e8 la distanza euclidea. Mostra quanto dista il centro di un gruppo dal centro di un altro insieme.<\/p>\n\n\n\n<h2 class=\"wp-block-heading\">Informazioni sulle ricerche di mercato sull&#039;analisi dei cluster<\/h2>\n\n\n\n<p>La ricerca di mercato qualitativa aggiunge profondit\u00e0. Ma pu\u00f2 produrre grandi quantit\u00e0 di dati complessi anche con campioni piccoli. \u00c8 possibile applicare l&#039;analisi cluster ai dati qualitativi codificati per chiarire i risultati. Ti aiuter\u00e0 nei tuoi sforzi a rivelare cose come le motivazioni dei partecipanti per le loro azioni. Ti mostrer\u00e0 anche le ragioni dietro i risultati che, in copertina, non hanno senso. Gli studi condotti con campioni diversi spesso producono tonnellate di dati qualitativi. Ma potrebbero aver bisogno di campioni di dimensioni maggiori per ricerche di mercato quantitative avanzate.<\/p>\n\n\n\n<p>UX Market Research is also crucial. You can gain insights with User Interviews, <a href=\"https:\/\/www.sisinternational.com\/it\/soluzioni\/soluzioni-di-ricerca-quantitativa-qualitativa\/k-means-cluster-analysis-in-market-research\/\" title=\"K-Means Cluster Analysis in Market Research\"  data-wpil-monitor-id=\"1604\">Ricerca sull&#039;ingresso nel mercato<\/a>, Analytics, and Surveys. Combining these tactics should provide a solid overview of your user base.<\/p>\n\n\n\n<p>Cluster Analysis is also great for <a href=\"https:\/\/www.sisinternational.com\/it\/soluzioni\/soluzioni-di-ricerca-quantitativa-qualitativa\/mastering-conjoint-analysis-research-strategies-for-market-success\/\" title=\"Conjoint Analysis Research\"  data-wpil-monitor-id=\"1024\">Ricerca sulle opportunit\u00e0 di mercato<\/a>. You can find <a href=\"https:\/\/www.sisinternational.com\/it\/come-condurre-lanalisi-competitiva\/\" title=\"Analisi competitiva nel marketing\"  data-wpil-monitor-id=\"7273\">competitive sets in your market<\/a> by clustering products and brands. Brands within a cluster compete more with one another than brands in another group. As a company, you can examine your current offerings and compare them to those of rival firms. That way, they can see what\u2019s possible with new product opportunities.<\/p>\n\n\n\n<p>L&#039;analisi dei cluster \u00e8 funzionale. Molti ricercatori di mercato lo utilizzano per il posizionamento e la segmentazione del mercato. Lo usano anche per trovare mercati di prova per nuovi prodotti. Esistono vari programmi software per assistere nella parte di analisi. Ma \u00e8 meglio collaborare con un esperto ricercatore di mercato che possa progettare lo studio per raccogliere i dati rilevanti. In questo modo, puoi essere sicuro che i tuoi dati provengano da campioni di dimensioni adeguate e rappresentative.<\/p>\n\n\n\n<p><\/p>","protected":false},"excerpt":{"rendered":"<p>La ricerca di mercato dell&#039;analisi dei cluster \u00e8 funzionale e viene utilizzata per il posizionamento e la segmentazione del mercato e per trovare mercati di prova per nuovi prodotti. <\/p>","protected":false},"author":1,"featured_media":71795,"parent":14660,"menu_order":35,"comment_status":"closed","ping_status":"closed","template":"","meta":{"footnotes":""},"class_list":["post-41223","page","type-page","status-publish","has-post-thumbnail"],"_links":{"self":[{"href":"https:\/\/www.sisinternational.com\/it\/wp-json\/wp\/v2\/pages\/41223","targetHints":{"allow":["GET"]}}],"collection":[{"href":"https:\/\/www.sisinternational.com\/it\/wp-json\/wp\/v2\/pages"}],"about":[{"href":"https:\/\/www.sisinternational.com\/it\/wp-json\/wp\/v2\/types\/page"}],"author":[{"embeddable":true,"href":"https:\/\/www.sisinternational.com\/it\/wp-json\/wp\/v2\/users\/1"}],"replies":[{"embeddable":true,"href":"https:\/\/www.sisinternational.com\/it\/wp-json\/wp\/v2\/comments?post=41223"}],"version-history":[{"count":6,"href":"https:\/\/www.sisinternational.com\/it\/wp-json\/wp\/v2\/pages\/41223\/revisions"}],"predecessor-version":[{"id":80920,"href":"https:\/\/www.sisinternational.com\/it\/wp-json\/wp\/v2\/pages\/41223\/revisions\/80920"}],"up":[{"embeddable":true,"href":"https:\/\/www.sisinternational.com\/it\/wp-json\/wp\/v2\/pages\/14660"}],"wp:featuredmedia":[{"embeddable":true,"href":"https:\/\/www.sisinternational.com\/it\/wp-json\/wp\/v2\/media\/71795"}],"wp:attachment":[{"href":"https:\/\/www.sisinternational.com\/it\/wp-json\/wp\/v2\/media?parent=41223"}],"curies":[{"name":"wp","href":"https:\/\/api.w.org\/{rel}","templated":true}]}}