{"id":41221,"date":"2023-01-16T03:48:50","date_gmt":"2023-01-16T03:48:50","guid":{"rendered":"https:\/\/www.sisinternational.com\/?page_id=41221"},"modified":"2026-01-26T14:24:01","modified_gmt":"2026-01-26T19:24:01","slug":"ricerca-di-mercato-sulla-modellazione-delle-scelte","status":"publish","type":"page","link":"https:\/\/www.sisinternational.com\/it\/soluzioni\/soluzioni-di-ricerca-quantitativa-qualitativa\/ricerca-di-mercato-sulla-modellazione-delle-scelte\/","title":{"rendered":"Ricerche di mercato sulla modellazione delle scelte"},"content":{"rendered":"<h1 class=\"wp-block-heading\">Ricerche di mercato sulla modellazione delle scelte<\/h1>\n\n\n<div class=\"wp-block-image\">\n<figure class=\"aligncenter size-large\"><img loading=\"lazy\" decoding=\"async\" width=\"1024\" height=\"574\" src=\"https:\/\/www.sisinternational.com\/wp-content\/uploads\/2025\/10\/analysis-analytics-research-11-1024x574.jpg\" alt=\"Ricerca e strategia di mercato internazionale SIS\" class=\"wp-image-71909\" srcset=\"https:\/\/www.sisinternational.com\/wp-content\/uploads\/2025\/10\/analysis-analytics-research-11-1024x574.jpg 1024w, https:\/\/www.sisinternational.com\/wp-content\/uploads\/2025\/10\/analysis-analytics-research-11-300x168.jpg 300w, https:\/\/www.sisinternational.com\/wp-content\/uploads\/2025\/10\/analysis-analytics-research-11-768x430.jpg 768w, https:\/\/www.sisinternational.com\/wp-content\/uploads\/2025\/10\/analysis-analytics-research-11-18x10.jpg 18w, https:\/\/www.sisinternational.com\/wp-content\/uploads\/2025\/10\/analysis-analytics-research-11.jpg 1456w\" sizes=\"auto, (max-width: 1024px) 100vw, 1024px\" \/><\/figure>\n<\/div>\n\n\n<p><\/p>\n\n\n\n<p>La ricerca di mercato quantitativa \u00e8 un metodo di ricerca basato su domande a risposta aperta. Si basa su interviste approfondite, focus group e altre tecniche d&#039;avanguardia. Qual \u00e8 la differenza tra ricerca quantitativa e qualitativa?<\/p>\n\n\n\n<p>La ricerca di marketing quantitativa pone domande con un valore numerico. Ad esempio: &quot;Su una scala da 1 a 5, come \u00e8 stata la tua esperienza con il servizio clienti? Un\u2019altra domanda potrebbe essere: \u201cQual \u00e8 il tuo stipendio annuale?\u201d<\/p>\n\n\n\n<p>La ricerca qualitativa pone domande che non puoi ridurre a un numero. Ad esempio, &quot;Qual \u00e8 il tuo titolo professionale?&quot; oppure &quot;Cosa ti \u00e8 piaciuto di pi\u00f9 del nostro servizio oggi?&quot;<\/p>\n\n\n\n<p>Il ricercatore che cerca risultati scientifici si appogger\u00e0 alla ricerca quantitativa. Tende ad essere pi\u00f9 imparziale. Lo scelgono perch\u00e9 \u00e8:<\/p>\n\n\n\n<ul class=\"wp-block-list\">\n<li>Pi\u00f9 facile controllare i dati<\/li>\n\n\n\n<li>Imparziale e scientifico<\/li>\n\n\n\n<li>Adatto ad un pubblico pi\u00f9 vasto<\/li>\n\n\n\n<li>Pi\u00f9 ampiamente accettato<\/li>\n\n\n\n<li>Pi\u00f9 mirato perch\u00e9 i ricercatori spesso lo usano per testare una teoria.<\/li>\n<\/ul>\n\n\n\n<h2 class=\"wp-block-heading\">Che cos&#039;\u00e8 la ricerca di mercato sulla modellazione delle scelte?<\/h2>\n\n\n\n<p><a href=\"https:\/\/www.sisinternational.com\/it\/soluzioni\/soluzioni-di-ricerca-quantitativa-qualitativa\/enhancing-product-appeal-through-consumer-choice-modeling\/\" title=\"Consumer Choice Modeling\"  data-wpil-monitor-id=\"1190\">Choice Modeling is a Quantitative Research<\/a> technique used to measure what consumers like. It\u2019s different from standard Surveys and Market Research methods. Moreover, these methods only capture a rough picture of consumer intentions, often not supported by science. Choice Modeling uses a controlled trial run, which finds and measures the factors that lead to a decision. It does so even outside the conscious awareness of the respondents.<\/p>\n\n\n\n<h2 class=\"wp-block-heading\">Perch\u00e9 il modello di scelta \u00e8 importante?<\/h2>\n\n\n\n<p>Choice Modeling allows firms to gauge consumer demand. It tells them why they make the choices they do. You can apply Choice Modeling in many ways. You can use it to measure the demand for an existing product or <a href=\"https:\/\/www.sisinternational.com\/it\/industry-forecast\/financial-services-forecast\/\" title=\"Financial Services Forecast\"  data-wpil-monitor-id=\"3826\">service or to forecast<\/a> the need for new ones. It allows you to explore vast numbers of possible configurations to the order of many, many trillions. <a href=\"https:\/\/www.sisinternational.com\/it\/soluzioni\/soluzioni-di-ricerca-quantitativa-qualitativa\/discrete-choice-in-market-research\/\" title=\"Discrete Choice in Market Research\"  data-wpil-monitor-id=\"899\">Modellazione della scelta<\/a> would not work with standard research methods.<\/p>\n\n\n\n<h2 class=\"wp-block-heading\">Perch\u00e9 le aziende hanno bisogno di modelli di scelta?<\/h2>\n\n\n\n<p>Choice Modeling ti dice cosa \u00e8 importante per i tuoi acquirenti e potenziali acquirenti. Segue le loro azioni quando prendono decisioni di acquisto. Inizia oggi stesso a utilizzare Choice Modeling per testare il valore implicito delle caratteristiche del prodotto. Usalo per verificare il successo delle campagne di marketing, impostare strategie di prezzo e altro ancora. SIS International offre una variet\u00e0 di servizi disponibili, tra cui ricerche di mercato UX e pianificazione della strategia Go-To-Market.<\/p>\n\n\n\n<h2 class=\"wp-block-heading\">Informazioni sulla ricerca di mercato sulla modellazione delle scelte<\/h2>\n\n\n\n<p>I metodi standard possono farti risparmiare molto tempo ed energia. Tuttavia, i dati potrebbero non essere cos\u00ec specifici per il tuo pubblico come vorresti. Utilizza Choice Modeling per rispondere a domande sulle tendenze del settore, sui redditi delle famiglie e sui dati demografici.<\/p>\n\n\n\n<p>Puoi condurre ricerche di mercato qualitative in diversi modi. Ad esempio, puoi utilizzare focus group, sondaggi e interviste approfondite. I ricercatori fanno ampio uso delle interviste nelle ricerche di marketing. Sono una delle forme di raccolta dati pi\u00f9 utilizzate nelle ricerche di marketing quantitative.<\/p>\n\n\n\n<p>I sondaggi online sono un\u2019altra tecnica comune di ricerche di mercato. Sono fondamentali per raccogliere il feedback del pubblico. Funzionano bene per un vasto pubblico. Ma Choice Modeling ti d\u00e0 il nocciolo della questione. I ricercatori lo hanno utilizzato per osservare gli effetti di sottili modifiche al layout e alla formulazione. Lo hanno persino utilizzato per misurare il valore in dollari diretto dei marchi.<\/p>\n\n\n\n<h2 class=\"wp-block-heading\">Assumere un ricercatore per la tua azienda<\/h2>\n\n\n\n<p>Chiedere tu stesso ai clienti pu\u00f2 darti un\u2019idea sfumata del tuo mercato di riferimento. Ma la ricerca diretta pu\u00f2 essere costosa e richiedere molto tempo. Ma ogni tattica presenta vantaggi e svantaggi. I ricercatori esperti sanno come gestire ciascun metodo per ottenere i migliori risultati.<\/p>\n\n\n\n<p>The right mix will address the unique needs of your firm. It will consider the timeframe, desired impact, scope, and budget. There\u2019s no one-size-fits-all answer. Resist the urge to base your approach only on what your <a href=\"https:\/\/www.sisinternational.com\/it\/soluzioni\/soluzioni-di-branding-e-ricerca-clienti\/narrazione-di-ricerche-di-mercato\/\" title=\"Ricerche di mercato sul racconto di storie\"  data-wpil-monitor-id=\"5953\">market researcher tells<\/a> you. Instead, work along with them to figure out what your business requires. It will also help you figure out what the market research process demands.<\/p>\n\n\n\n<p><\/p>","protected":false},"excerpt":{"rendered":"<p> Ricerche di mercato sulla modellazione delle scelte; una tecnica di ricerca quantitativa utilizzata per misurare ci\u00f2 che piace ai consumatori, diversa dai sondaggi standard.<\/p>","protected":false},"author":1,"featured_media":71909,"parent":14660,"menu_order":34,"comment_status":"closed","ping_status":"closed","template":"","meta":{"footnotes":""},"class_list":["post-41221","page","type-page","status-publish","has-post-thumbnail"],"_links":{"self":[{"href":"https:\/\/www.sisinternational.com\/it\/wp-json\/wp\/v2\/pages\/41221","targetHints":{"allow":["GET"]}}],"collection":[{"href":"https:\/\/www.sisinternational.com\/it\/wp-json\/wp\/v2\/pages"}],"about":[{"href":"https:\/\/www.sisinternational.com\/it\/wp-json\/wp\/v2\/types\/page"}],"author":[{"embeddable":true,"href":"https:\/\/www.sisinternational.com\/it\/wp-json\/wp\/v2\/users\/1"}],"replies":[{"embeddable":true,"href":"https:\/\/www.sisinternational.com\/it\/wp-json\/wp\/v2\/comments?post=41221"}],"version-history":[{"count":7,"href":"https:\/\/www.sisinternational.com\/it\/wp-json\/wp\/v2\/pages\/41221\/revisions"}],"predecessor-version":[{"id":79625,"href":"https:\/\/www.sisinternational.com\/it\/wp-json\/wp\/v2\/pages\/41221\/revisions\/79625"}],"up":[{"embeddable":true,"href":"https:\/\/www.sisinternational.com\/it\/wp-json\/wp\/v2\/pages\/14660"}],"wp:featuredmedia":[{"embeddable":true,"href":"https:\/\/www.sisinternational.com\/it\/wp-json\/wp\/v2\/media\/71909"}],"wp:attachment":[{"href":"https:\/\/www.sisinternational.com\/it\/wp-json\/wp\/v2\/media?parent=41221"}],"curies":[{"name":"wp","href":"https:\/\/api.w.org\/{rel}","templated":true}]}}