{"id":41219,"date":"2023-01-16T03:29:33","date_gmt":"2023-01-16T03:29:33","guid":{"rendered":"https:\/\/www.sisinternational.com\/?page_id=41219"},"modified":"2026-03-12T21:51:45","modified_gmt":"2026-03-13T01:51:45","slug":"ricerca-di-mercato-sul-posizionamento-del-marchio","status":"publish","type":"page","link":"https:\/\/www.sisinternational.com\/it\/soluzioni\/soluzioni-di-branding-e-ricerca-clienti\/ricerca-di-mercato-sul-posizionamento-del-marchio\/","title":{"rendered":"Ricerche di mercato sul posizionamento del marchio"},"content":{"rendered":"<h1 class=\"wp-block-heading\">Ricerche di mercato sul posizionamento del marchio<\/h1>\n\n\n\n<figure class=\"gb-block-image gb-block-image-86df8dd6\"><img loading=\"lazy\" decoding=\"async\" width=\"1456\" height=\"816\" class=\"gb-image gb-image-86df8dd6\" src=\"https:\/\/www.sisinternational.com\/wp-content\/uploads\/2025\/08\/Strategy-consulting-11.jpg\" alt=\"Ricerca e strategia di mercato internazionale SIS\" title=\"Strategy consulting (11)\" srcset=\"https:\/\/www.sisinternational.com\/wp-content\/uploads\/2025\/08\/Strategy-consulting-11.jpg 1456w, https:\/\/www.sisinternational.com\/wp-content\/uploads\/2025\/08\/Strategy-consulting-11-300x168.jpg 300w, https:\/\/www.sisinternational.com\/wp-content\/uploads\/2025\/08\/Strategy-consulting-11-1024x574.jpg 1024w, https:\/\/www.sisinternational.com\/wp-content\/uploads\/2025\/08\/Strategy-consulting-11-768x430.jpg 768w, https:\/\/www.sisinternational.com\/wp-content\/uploads\/2025\/08\/Strategy-consulting-11-18x10.jpg 18w\" sizes=\"auto, (max-width: 1456px) 100vw, 1456px\"><\/figure>\n\n\n\n<hr class=\"wp-block-separator has-alpha-channel-opacity is-style-dots\"\/>\n\n\n\n<h2 class=\"wp-block-heading p1\">Cos\u2019\u00e8 il posizionamento del marchio?<\/h2>\n\n\n\n<p class=\"p2\">Il posizionamento del marchio si riferisce al valore unico che un marchio presenta ai suoi clienti. Secondo il esperto di marketing Philip Kotler, il posizionamento del marchio \u00e8 \u201cl\u2019atto di progettare l\u2019offerta e l\u2019immagine dell\u2019azienda per occupare un posto distintivo nella mente del mercato di riferimento\u201d. Il posizionamento del marchio, in altre parole, descrive in che modo un marchio \u00e8 diverso. Mostra ci\u00f2 che distingue il tuo marchio dalla concorrenza e ci dice dove o come si trova nella mente dei clienti.<\/p>\n\n\n\n<p class=\"p2\">Companies use UX <a title=\"Ricerche di mercato sull&#039;attivazione del marchio\" href=\"https:\/\/www.sisinternational.com\/it\/garantire-che-i-clienti-ricordino-il-tuo-messaggio\/\" data-wpil-monitor-id=\"2288\">Market Research to define the brand<\/a> position. They examine how potential and current customers interact with the Brand. They also use data to fuel the next steps. This type of <a title=\"Ricerche di mercato sui marchi e fidelizzazione dei clienti\" href=\"https:\/\/www.sisinternational.com\/it\/sis-ricerca-del-marchio-e-fidelizzazione-del-cliente\/\" data-wpil-monitor-id=\"2517\">Brand Positioning Strategy Market Research<\/a> is powerful. <a title=\"Ricerche di mercato comunali\" href=\"https:\/\/www.sisinternational.com\/it\/competenza\/industrie\/ricerche-di-mercato-comunali\/\" data-wpil-monitor-id=\"3477\">Research allows advertising and marketing<\/a> teams to understand their market of interest better. It\u2019s better than making assumptions or resorting to what worked in the past.<\/p>\n\n\n\n<h2 class=\"wp-block-heading p1\">Perch\u00e9 il posizionamento del marchio \u00e8 importante?<\/h2>\n\n\n\n<p class=\"p2\">Le strategie di posizionamento del marchio hanno una connessione diretta con la fedelt\u00e0 dei consumatori. Perch\u00e9? Perch\u00e9 modellano le preferenze dei consumatori. Hanno anche un collegamento con il valore del marchio basato sul consumatore. Questi clienti hanno dimostrato la loro volont\u00e0 di acquistare il Marchio.<\/p>\n\n\n\n<p class=\"p2\">Un altro strumento utilizzato dalle aziende \u00e8 l\u2019analisi competitiva per raccogliere e studiare i dati sui concorrenti. Di fatto, li aiuta a valutare la loro posizione sul mercato e a migliorare i loro prodotti. Pertanto, migliorano le loro strategie di marketing.<\/p>\n\n\n\n<p class=\"p2\">Il posizionamento del brand \u00e8 fondamentale per un\u2019azienda. Offre loro un modo semplice per condividere il valore che il loro marchio offre ai clienti. \u00c8 interno, attraverso una dichiarazione di posizionamento del marchio. \u00c8 anche esterno, attraverso varie strategie di marketing.<\/p>\n\n\n\n<h2 class=\"wp-block-heading p1\">Perch\u00e9 le aziende hanno bisogno del posizionamento del marchio<\/h2>\n\n\n\n<p class=\"p2\">A logo or tagline alone won\u2019t do the job of <a title=\"Costruire marchi cinesi\" href=\"https:\/\/www.sisinternational.com\/it\/creando-un-marchio-globale-per-la-cina\/\" data-wpil-monitor-id=\"3665\">building a solid brand<\/a>. You have to think about how customers will see you. What will make you different from other firms offering similar products or services? That\u2019s why it\u2019s essential to be strategic about positioning. Ensure that your Brand appeals to the right audience.<\/p>\n\n\n\n<p class=\"p2\">Il posizionamento del marchio fa conoscere il tuo marchio. Lo stabilisce come qualcosa che vale la pena considerare. Silenzia il rumore di altri marchi in modo che il tuo possa risplendere. Un&#039;altra cosa del posizionamento del marchio \u00e8 che ti consente di trasmettere il tuo messaggio al tuo pubblico target. Messaggi di vendita e di marketing ci bombardano ogni giorno, ad ogni angolo. Tutti sono in lizza per la tua attenzione e il tuo tempo. Il posizionamento del tuo marchio rompe la confusione. Parla alle persone che intendi attirare in mezzo a tutto questo rumore.<\/p>\n\n\n\n<h3 class=\"wp-block-heading p1\">Fattori chiave di successo nel posizionamento del marchio<\/h3>\n\n\n\n<p class=\"p2\">Cosa chiedi quando ti tagli un dito: una benda o un cerotto? Ecco come il posizionamento del marchio ti consente di costruire, sviluppare, gestire e favorire il progresso di un marchio forte:<\/p>\n\n\n\n<ul class=\"wp-block-list ul1\">\n<li>Il posizionamento del marchio \u00e8 un modo per allestire la tua bancarella. Lo fai in un modo che lo rende diverso dai tuoi concorrenti. Quando i tuoi clienti target scelgono un marchio, la tua unicit\u00e0 dovrebbe attirarli. Inoltre, dovrebbe indurli a scegliere te.<\/li>\n\n\n\n<li>Crea un grafico sull&#039;essenza del marchio. I marchi rispondono ai bisogni, che \u00e8 l\u2019inizio di qualsiasi dichiarazione di posizionamento del marchio. Una tabella sull&#039;essenza del marchio pu\u00f2 aiutarti a organizzare le tue idee, in modo che siano chiare e concise.<\/li>\n\n\n\n<li>Trova il posizionamento attuale del tuo marchio. Inizia pensando al tuo cliente target e definendo chi \u00e8. Successivamente, identifica i tuoi valori, la tua missione e ci\u00f2 che ti distingue dal resto del mercato.<\/li>\n<\/ul>\n\n\n\n<h2 class=\"wp-block-heading p1\">Informazioni sulla ricerca di mercato sul posizionamento del marchio<\/h2>\n\n\n\n<p class=\"p2\">\u00c8 essenziale avvicinarsi sia ai clienti potenziali che a quelli esistenti. Questo \u00e8 l&#039;unico modo per ottenere una corretta posizione del marchio. Inoltre, i tuoi clienti sono un\u2019ottima fonte per scoprire la posizione attuale del tuo marchio. Possono anche aiutarti a trovare quelli dei tuoi concorrenti.<\/p>\n\n\n\n<p class=\"p2\">You can establish this <a title=\"B2B Market Positioning &amp; Branding Research\" href=\"https:\/\/www.sisinternational.com\/it\/monitoraggio-del-posizionamento-del-marchio-b2b\/\" data-wpil-monitor-id=\"4318\">position through Qualitative Market Research<\/a>. With this type of research, customers talk about their purchases. Or, you can use Quantitative Market Research Surveys.<\/p>\n\n\n\n<p class=\"p2\">You\u2019ll also need to do <a title=\"Ricerche di mercato sulla differenziazione del marchio\" href=\"https:\/\/www.sisinternational.com\/it\/soluzioni\/soluzioni-di-branding-e-ricerca-clienti\/ricerche-di-mercato-sulla-differenziazione-del-marchio\/\" data-wpil-monitor-id=\"2863\">Ricerca sul dimensionamento del mercato<\/a> as part of your Brand Positioning effort. This type of <a title=\"Ricerche di mercato sul vuoto\" href=\"https:\/\/www.sisinternational.com\/it\/competenza\/industrie\/ricerche-di-mercato-sul-vuoto\/\" data-wpil-monitor-id=\"4868\">ricerca<\/a> looks at the prospects of your market. It shows you where you\u2019re falling short, so you can improve and strengthen your brand.<\/p>\n\n\n\n<h2 class=\"wp-block-heading\">Fattori chiave di successo nella ricerca di mercato sul riposizionamento del marchio<\/h2>\n\n\n\n<p>Nel dinamico mondo degli affari, la chiarezza e il carattere distintivo di un marchio possono avere un impatto significativo sulla sua performance di mercato. Ecco perch\u00e9 il riposizionamento del marchio non \u00e8 solo una strategia di marketing; \u00e8 una componente vitale per sostenere la rilevanza e stimolare la crescita.<\/p>\n\n\n\n<p>How can businesses navigate the intricacies of brand repositioning to ensure they not only meet but exceed market expectations? The key lies in comprehensive market research tailored to unearth the insights that drive successful <a title=\"Recensione del libro: \u201cVerit\u00e0, bugie e pubblicit\u00e0\u201d\" href=\"https:\/\/www.sisinternational.com\/it\/recensione-del-libro-la-verita-sta-nella-pubblicita\/\" data-wpil-monitor-id=\"4463\">brand<\/a> transformations.<\/p>\n\n\n\n<h2 class=\"wp-block-heading\">Che cos&#039;\u00e8 la ricerca di mercato sul riposizionamento del marchio? Perch\u00e9 \u00e8 importante?<\/h2>\n\n\n\n<p>To remain competitive and relevant, businesses must reassess and adjust their brand&#8217;s position in the market. This reassessment is where <a title=\"Ricerche di mercato per marchi invecchiati\" href=\"https:\/\/www.sisinternational.com\/it\/competenza\/industrie\/ricerche-di-mercato-per-marchi-in-invecchiamento\/\" data-wpil-monitor-id=\"3716\">brand repositioning market research<\/a> steps in, it involves analyzing every facet of the brand&#8217;s current standing and meticulously planning its future trajectory.<\/p>\n\n\n\n<p>For this reason, <a title=\"Ricerche di mercato sui marchi\" href=\"https:\/\/www.sisinternational.com\/it\/competenza\/industrie\/ricerca-di-mercato-del-marchio\/\" data-wpil-monitor-id=\"6741\">brand repositioning market research<\/a> helps businesses understand how their brand is perceived, determine the direction it should take, and identify the gaps between current perceptions and desired positioning. Moreover, it encompasses a variety of research methods (including qualitative and quantitative analysis) to gather comprehensive insights into consumer attitudes, market trends, and the competitive landscape.<\/p>\n\n\n\n<p>The importance of <a title=\"Pubbliche relazioni e ricerche di mercato\" href=\"https:\/\/www.sisinternational.com\/it\/cosa-sono-le-pubbliche-relazioni\/\" data-wpil-monitor-id=\"2237\">brand repositioning market research<\/a> becomes even more pronounced for companies in the public eye. For companies on the brink of going public or those that have recently done so, this research is crucial. The findings provide a strategic foundation for crafting a brand narrative that aligns with investor expectations and market demands.<\/p>\n\n\n\n<h2 class=\"wp-block-heading\">Fattori chiave di successo nella ricerca di mercato sul riposizionamento del marchio<\/h2>\n\n\n\n<p>Il successo degli sforzi di riposizionamento del marchio dipende da diversi fattori, che possono migliorare notevolmente l\u2019efficacia della ricerca e, di conseguenza, la stessa strategia di riposizionamento.<\/p>\n\n\n\n<p>Affinch\u00e9 la ricerca di mercato possa essere uno strumento prezioso per il riposizionamento del marchio, deve essere completa ed esplorare diversi angoli della presenza e della percezione del marchio nel mercato. Dovrebbe comprendere un\u2019ampia gamma di fonti di dati, tra cui feedback diretto dei consumatori, analisi della concorrenza, tendenze del settore e rappresentazione dei media.<\/p>\n\n\n\n<p>L\u2019efficienza nel processo di ricerca \u00e8 un altro fattore cruciale. Tempo e risorse sono spesso limitati, soprattutto per le aziende che si adeguano al controllo del mercato pubblico. La ricerca deve essere progettata per raccogliere i dati pi\u00f9 informativi nel modo pi\u00f9 efficiente, senza indagini ridondanti o irrilevanti che possono drenare risorse e allungare i tempi.<\/p>\n\n\n\n<p>Inoltre, l\u2019accuratezza e l\u2019affidabilit\u00e0 dei dati sono un fattore chiave perch\u00e9 le decisioni prese sulla base di questa ricerca possono avere implicazioni di vasta portata per il marchio. Pertanto, \u00e8 fondamentale garantire che i dati riflettano fedelmente il mercato e il sentiment dei consumatori. Ci\u00f2 significa utilizzare metodologie rigorose e punti dati incrociati per verificare i risultati.<\/p>\n\n\n\n<p>Una ricerca di mercato di riposizionamento del marchio di successo deve anche essere flessibile e adattiva. I mercati sono dinamici e i comportamenti dei consumatori cambiano rapidamente. Le metodologie e le strategie di ricerca devono essere in grado di adattarsi in risposta a nuove informazioni o a cambiamenti improvvisi delle condizioni di mercato per rimanere rilevanti e utili.<\/p>\n\n\n\n<p>Infine, le intuizioni devono essere tradotte in strategie attuabili in linea con gli obiettivi del marchio e le opportunit\u00e0 di mercato. Ci\u00f2 richiede non solo analisti di dati, ma pensatori strategici in grado di collegare i punti tra i punti dati e le applicazioni del mondo reale.<\/p>\n\n\n\n<p><\/p>","protected":false},"excerpt":{"rendered":"<p>Il posizionamento del marchio si riferisce al valore unico che un marchio presenta ai suoi clienti. Mostra ci\u00f2 che distingue il tuo marchio dalla concorrenza.<\/p>","protected":false},"author":1,"featured_media":62537,"parent":14650,"menu_order":19,"comment_status":"closed","ping_status":"closed","template":"","meta":{"footnotes":""},"class_list":["post-41219","page","type-page","status-publish","has-post-thumbnail"],"_links":{"self":[{"href":"https:\/\/www.sisinternational.com\/it\/wp-json\/wp\/v2\/pages\/41219","targetHints":{"allow":["GET"]}}],"collection":[{"href":"https:\/\/www.sisinternational.com\/it\/wp-json\/wp\/v2\/pages"}],"about":[{"href":"https:\/\/www.sisinternational.com\/it\/wp-json\/wp\/v2\/types\/page"}],"author":[{"embeddable":true,"href":"https:\/\/www.sisinternational.com\/it\/wp-json\/wp\/v2\/users\/1"}],"replies":[{"embeddable":true,"href":"https:\/\/www.sisinternational.com\/it\/wp-json\/wp\/v2\/comments?post=41219"}],"version-history":[{"count":13,"href":"https:\/\/www.sisinternational.com\/it\/wp-json\/wp\/v2\/pages\/41219\/revisions"}],"predecessor-version":[{"id":84494,"href":"https:\/\/www.sisinternational.com\/it\/wp-json\/wp\/v2\/pages\/41219\/revisions\/84494"}],"up":[{"embeddable":true,"href":"https:\/\/www.sisinternational.com\/it\/wp-json\/wp\/v2\/pages\/14650"}],"wp:featuredmedia":[{"embeddable":true,"href":"https:\/\/www.sisinternational.com\/it\/wp-json\/wp\/v2\/media\/62537"}],"wp:attachment":[{"href":"https:\/\/www.sisinternational.com\/it\/wp-json\/wp\/v2\/media?parent=41219"}],"curies":[{"name":"wp","href":"https:\/\/api.w.org\/{rel}","templated":true}]}}