{"id":41160,"date":"2022-12-23T03:56:05","date_gmt":"2022-12-23T03:56:05","guid":{"rendered":"https:\/\/www.sisinternational.com\/?page_id=41160"},"modified":"2025-10-01T22:30:29","modified_gmt":"2025-10-02T02:30:29","slug":"ricerche-di-mercato-trinidad-tobago","status":"publish","type":"page","link":"https:\/\/www.sisinternational.com\/it\/copertura\/ricerche-di-mercato-nei-caraibi\/ricerche-di-mercato-trinidad-tobago\/","title":{"rendered":"Ricerche di mercato a Trinidad e Tobago"},"content":{"rendered":"<h1 class=\"wp-block-heading\">Ricerche di mercato a Trinidad e Tobago<\/h1>\n\n\n\n<figure class=\"gb-block-image gb-block-image-6bc5f28f\"><img loading=\"lazy\" decoding=\"async\" width=\"1456\" height=\"816\" class=\"gb-image gb-image-6bc5f28f\" src=\"https:\/\/www.sisinternational.com\/wp-content\/uploads\/2025\/09\/Trinidad-and-Tobago-3.jpg\" alt=\"Ricerca e strategia di mercato internazionale SIS\" title=\"Trinidad and Tobago (3)\" srcset=\"https:\/\/www.sisinternational.com\/wp-content\/uploads\/2025\/09\/Trinidad-and-Tobago-3.jpg 1456w, https:\/\/www.sisinternational.com\/wp-content\/uploads\/2025\/09\/Trinidad-and-Tobago-3-300x168.jpg 300w, https:\/\/www.sisinternational.com\/wp-content\/uploads\/2025\/09\/Trinidad-and-Tobago-3-1024x574.jpg 1024w, https:\/\/www.sisinternational.com\/wp-content\/uploads\/2025\/09\/Trinidad-and-Tobago-3-768x430.jpg 768w, https:\/\/www.sisinternational.com\/wp-content\/uploads\/2025\/09\/Trinidad-and-Tobago-3-18x10.jpg 18w\" sizes=\"auto, (max-width: 1456px) 100vw, 1456px\"><\/figure>\n\n\n\n<p><\/p>\n\n\n\n<p>Trinidad e Tobago \u00e8 una nazione insulare dei Caraibi situata all&#039;estremit\u00e0 sud-orientale della catena. Le due isole principali sono Trinidad e Tobago, con diversi isolotti minori all&#039;interno dei loro confini marini. Le isole si trovano a sud di Grenada e a nord-ovest della Guyana. Di gran lunga la pi\u00f9 grande delle due isole, Trinidad ha un&#039;area di circa 1850 miglia quadrate. Nel punto pi\u00f9 vicino dista solo sette miglia dal Venezuela.<\/p>\n\n\n\n<h2 class=\"wp-block-heading\">Industrie chiave<\/h2>\n\n\n\n<p>The GDP per capita rate in Trinidad and Tobago is the highest in the region. Thus, experts have classed it as a high-income country. It\u2019s also the largest <a href=\"https:\/\/www.sisinternational.com\/it\/competenza\/industrie\/ricerche-di-mercato-del-petrolio-e-del-gas\/\" title=\"Ricerche di mercato nel settore del petrolio e del gas\"  data-wpil-monitor-id=\"8481\">oil and gas<\/a> producer in the region and one of the largest natural gas exporters in the world. Trinidad and Tobago is a leader in the region\u2019s finance scene, and tourism is growing but is not the primary sector. The main exports are <a href=\"https:\/\/www.sisinternational.com\/it\/competenza\/industrie\/ricerche-di-mercato-sul-gas-di-petrolio-liquefatto\/\" title=\"Ricerche di mercato sul gas di petrolio liquefatto\"  data-wpil-monitor-id=\"8479\">petroleum and its products and liquefied<\/a> natural gas. Trinidad and Tobago also exports cereal, soft drinks, juices, fish, cocoa, cosmetics, preserved fruits, and household cleaners.<\/p>\n\n\n\n<h2 class=\"wp-block-heading\">Quartieri<\/h2>\n\n\n\n<h3 class=\"wp-block-heading\">Porto della Spagna<\/h3>\n\n\n\n<p>La capitale \u00e8 un&#039;animata citt\u00e0 portuale nella parte settentrionale dell&#039;isola di Trinidad. Troverai di tutto, dai ristoranti che cucinano ogni tipo di cucina ai trafori sugli edifici in legno. Inoltre qui troverai quasi tutti i diversi aspetti di Trinidad.<\/p>\n\n\n\n<h3 class=\"wp-block-heading\">San Fernando<\/h3>\n\n\n\n<p>La seconda citt\u00e0 pi\u00f9 grande del sud dell&#039;isola. La maggior parte delle persone che vivono a San Fernando sono di origine indiana e cinese, quindi ha una forte influenza asiatica.<\/p>\n\n\n\n<h3 class=\"wp-block-heading\">Scarborough<\/h3>\n\n\n\n<p>The capital <a href=\"https:\/\/www.sisinternational.com\/it\/soluzioni\/soluzioni-di-ricerca-quantitativa-qualitativa\/test-di-posizioni-centrali-a-new-york-city\/\" title=\"Test di sedi centrali a New York City: vantaggi per i test di prodotto\"  data-wpil-monitor-id=\"8482\">city of Tobago and the island\u2019s central<\/a> business hub. Located on the southern coast, Scarborough has revamped the city in recent times.<\/p>\n\n\n\n<h3 class=\"wp-block-heading\">Tendenze<\/h3>\n\n\n\n<p>Servizi come la finanza e il turismo sono cresciuti negli ultimi anni. Il governo ha cercato di diversificare. Tuttavia, la corruzione e la criminalit\u00e0 legata alla droga sono problemi seri e influiscono sulla crescita del turismo e delle imprese private. Un\u2019altra questione chiave \u00e8 il forte afflusso di migranti venezuelani. Tuttavia, l\u2019economia continua a migliorare grazie alla ripresa del settore non energetico.<\/p>\n\n\n\n<h2 class=\"wp-block-heading\">Vantaggi e punti di forza nel mercato<\/h2>\n\n\n\n<p>Trinidad e Tobago \u00e8 un paese leader nella Comunit\u00e0 dei Caraibi (CARICOM) con enormi riserve di petrolio e gas e un grande fondo sovrano. Inoltre, ha un contesto imprenditoriale aperto poich\u00e9 ha rimosso la maggior parte delle barriere commerciali. L&#039;isola ha un forte appetito per i prodotti importati perch\u00e9 molti considerano i prodotti provenienti dagli Stati Uniti di alta qualit\u00e0. \u00c8 un paese stabile pronto per gli affari.<\/p>\n\n\n\n<h2 class=\"wp-block-heading\">Base dei consumatori<\/h2>\n\n\n\n<p>A Trinidad e Tobago vivono circa 1,4 milioni di persone. C&#039;\u00e8 una divisione equa tra maschi e femmine. Circa il 53% della popolazione vive nei centri urbani, il resto nelle zone rurali. Il tasso di penetrazione di Internet \u00e8 del 77%. Circa il 78% delle persone \u00e8 sui social media. La maggior parte \u00e8 su Facebook, ma anche Instagram, LinkedIn e Twitter sono molto utilizzati. Il paese ha quasi 2 milioni di connessioni cellulari.<\/p>\n\n\n\n<h2 class=\"wp-block-heading\">Motivi per far crescere la tua attivit\u00e0 nel mercato di Trinidad e Tobago<\/h2>\n\n\n\n<p>Despite the troubles, Trinidad and Tobago remains a great place to do business. It has a range of trade agreements, which is a boon for the manufacturing sector. Most notable are their trade deals with CARICOM, Latin America, and Europe. Also, the country\u2019s success in the <a href=\"https:\/\/www.sisinternational.com\/it\/competenza\/industrie\/consulenza-sulla-strategia-energetica-e-ricerche-di-mercato\/\" title=\"Ricerca di mercato di consulenza sulla strategia energetica e energetica\"  data-wpil-monitor-id=\"8483\">energia<\/a> sector has lowered the cost of power. This has enabled it to become a manufacturing powerhouse. The government supports foreign direct investment in almost all sectors. Lately, it has been placing a specific focus on the non-energy sector.<\/p>\n\n\n\n<h2 class=\"wp-block-heading\">Informazioni sulle ricerche di mercato a Trinidad e Tobago<\/h2>\n\n\n\n<p><a href=\"https:\/\/www.sisinternational.com\/it\/contattaci\/\" title=\"Contattaci\"  data-wpil-monitor-id=\"8471\">Ricerca internazionale SIS<\/a> Firm is a leader in Quantitative and Qualitative research. Both types of research have been the subject of many debates. But neither is better than the other \u2013 they have strengths and weaknesses. Our <a href=\"https:\/\/www.sisinternational.com\/it\/soluzioni\/ricerca-di-consulenza-strategica-fintech\/ricerche-di-mercato-sui-servizi-finanziari\/\" title=\"Ricerche di mercato sui servizi finanziari\"  data-wpil-monitor-id=\"8475\">market research services<\/a> will help you get to know your customers. Take the guesswork out of your <a href=\"https:\/\/www.sisinternational.com\/it\/soluzioni\/ricerche-di-mercato-con-focus-group\/\" title=\"Focus Group Ricerche di mercato\"  data-wpil-monitor-id=\"8477\">marketing process with reliable Focus Groups<\/a>. We also do your Interviews and Surveys to help you form a Go-To-Market Strategy.<\/p>\n\n\n\n<p><\/p>","protected":false},"excerpt":{"rendered":"<p>Trinidad e Tobago fornisce enormi riserve di petrolio e gas e un grande fondo sovrano. SIS International offre ricerche di mercato approfondite.<\/p>","protected":false},"author":1,"featured_media":66370,"parent":33287,"menu_order":22,"comment_status":"closed","ping_status":"closed","template":"","meta":{"footnotes":""},"class_list":["post-41160","page","type-page","status-publish","has-post-thumbnail"],"_links":{"self":[{"href":"https:\/\/www.sisinternational.com\/it\/wp-json\/wp\/v2\/pages\/41160","targetHints":{"allow":["GET"]}}],"collection":[{"href":"https:\/\/www.sisinternational.com\/it\/wp-json\/wp\/v2\/pages"}],"about":[{"href":"https:\/\/www.sisinternational.com\/it\/wp-json\/wp\/v2\/types\/page"}],"author":[{"embeddable":true,"href":"https:\/\/www.sisinternational.com\/it\/wp-json\/wp\/v2\/users\/1"}],"replies":[{"embeddable":true,"href":"https:\/\/www.sisinternational.com\/it\/wp-json\/wp\/v2\/comments?post=41160"}],"version-history":[{"count":3,"href":"https:\/\/www.sisinternational.com\/it\/wp-json\/wp\/v2\/pages\/41160\/revisions"}],"predecessor-version":[{"id":81422,"href":"https:\/\/www.sisinternational.com\/it\/wp-json\/wp\/v2\/pages\/41160\/revisions\/81422"}],"up":[{"embeddable":true,"href":"https:\/\/www.sisinternational.com\/it\/wp-json\/wp\/v2\/pages\/33287"}],"wp:featuredmedia":[{"embeddable":true,"href":"https:\/\/www.sisinternational.com\/it\/wp-json\/wp\/v2\/media\/66370"}],"wp:attachment":[{"href":"https:\/\/www.sisinternational.com\/it\/wp-json\/wp\/v2\/media?parent=41160"}],"curies":[{"name":"wp","href":"https:\/\/api.w.org\/{rel}","templated":true}]}}