{"id":41145,"date":"2022-12-23T02:01:37","date_gmt":"2022-12-23T02:01:37","guid":{"rendered":"https:\/\/www.sisinternational.com\/?page_id=41145"},"modified":"2026-01-25T16:43:06","modified_gmt":"2026-01-25T21:43:06","slug":"ricerche-di-mercato-a-st-vincent-e-grenadine","status":"publish","type":"page","link":"https:\/\/www.sisinternational.com\/it\/copertura\/ricerche-di-mercato-nei-caraibi\/ricerche-di-mercato-a-st-vincent-e-grenadine\/","title":{"rendered":"Ricerche di mercato a St. Vincent e Grenadine"},"content":{"rendered":"<h1 class=\"wp-block-heading\">Ricerche di mercato a St. Vincent e Grenadine<\/h1>\n\n\n\n<figure class=\"gb-block-image gb-block-image-be932a82\"><img loading=\"lazy\" decoding=\"async\" width=\"1456\" height=\"816\" class=\"gb-image gb-image-be932a82\" src=\"https:\/\/www.sisinternational.com\/wp-content\/uploads\/2025\/09\/St.-Vincent-and-the-Grenadines-3.jpg\" alt=\"Ricerca e strategia di mercato internazionale SIS\" title=\"St. Vincent and the Grenadines (3)\" srcset=\"https:\/\/www.sisinternational.com\/wp-content\/uploads\/2025\/09\/St.-Vincent-and-the-Grenadines-3.jpg 1456w, https:\/\/www.sisinternational.com\/wp-content\/uploads\/2025\/09\/St.-Vincent-and-the-Grenadines-3-300x168.jpg 300w, https:\/\/www.sisinternational.com\/wp-content\/uploads\/2025\/09\/St.-Vincent-and-the-Grenadines-3-1024x574.jpg 1024w, https:\/\/www.sisinternational.com\/wp-content\/uploads\/2025\/09\/St.-Vincent-and-the-Grenadines-3-768x430.jpg 768w, https:\/\/www.sisinternational.com\/wp-content\/uploads\/2025\/09\/St.-Vincent-and-the-Grenadines-3-18x10.jpg 18w\" sizes=\"auto, (max-width: 1456px) 100vw, 1456px\"><\/figure>\n\n\n\n<hr class=\"wp-block-separator has-alpha-channel-opacity is-style-dots\"\/>\n\n\n\n<p><\/p>\n\n\n\n<p>St. Vincent e Grenadine \u00e8 una nazione insulare dei Caraibi. Si trova a sud di Santa Lucia e Antigua, a ovest di Barbados e a nord di Grenada. L&#039;isola principale di St. Vincent costituisce la maggior parte di questo paese di 142 miglia quadrate. Comprende anche i due terzi settentrionali delle Grenadine, una catena di 32 isole. Le persone vivono su alcune isole. Questi includono Mustique, Bequia, Canouan, Union Island e Mayreau. Kingstown \u00e8 la capitale e il porto principale.<\/p>\n\n\n\n<h2 class=\"wp-block-heading\">Industrie chiave<\/h2>\n\n\n\n<p>La produzione di banane \u00e8 un settore vitale in questo paese a basso reddito. Inoltre, St. Vincent \u00e8 il principale produttore di arrowroot al mondo. Importante \u00e8 anche il settore dei servizi, basato sul crescente settore turistico del paese. Il turismo \u00e8 vitale per l\u2019economia. Il settore manifatturiero \u00e8 ancora minuscolo. Esiste anche un settore finanziario offshore che serve societ\u00e0 straniere.<\/p>\n\n\n\n<h2 class=\"wp-block-heading\">Quartieri<\/h2>\n\n\n\n<h3 class=\"wp-block-heading\">Kingstown<\/h3>\n\n\n\n<p>Il principale centro commerciale, porto principale e capitale di St. Vincent e Grenadine. I coloni francesi fondarono la citt\u00e0 nel 1722. Ma St. Vincent ebbe 196 anni di dominio coloniale britannico prima di iniziare l&#039;autogoverno nel 1979.<\/p>\n\n\n\n<h3 class=\"wp-block-heading\">Valle dell&#039;Arno<\/h3>\n\n\n\n<p>L&#039;ex tenuta \u00e8 ora un villaggio a Greathead Bay, nel sud di St. Vincent. \u00c8 la posizione dell&#039;aeroporto ET Joshua. ET Joshua \u00e8 entrato in disuso dopo l&#039;apertura del nuovo aeroporto internazionale di Argyle.<\/p>\n\n\n\n<h3 class=\"wp-block-heading\">Ashton<\/h3>\n\n\n\n<p>A town on the south <a href=\"https:\/\/www.sisinternational.com\/it\/copertura\/ricerche-di-mercato-africane\/ricerche-di-mercato-a-mauritius-in-africa\/\" title=\"Market Research in Mauritius \u2014 Island off Africa&#8217;s East Coast\"  data-wpil-monitor-id=\"9739\">coast of Union Island<\/a>, one of the Grenadines.<\/p>\n\n\n\n<h2 class=\"wp-block-heading\">Tendenze<\/h2>\n\n\n\n<p>The government is open to all investors, but niche markets are of prime concern. Niche products include global financial services, tourism, light manufacturing, Agri processing, scientific and medical research, renewable energy, IT, and the creative industries. In fact, most local companies would welcome joint ventures with foreign investors, which gives them access to more and better expertise and technology. It also leads to <a href=\"https:\/\/www.sisinternational.com\/it\/soluzioni\/ricerca-di-consulenza-strategica-fintech\/ricerche-di-mercato-sui-mercati-dei-capitali\/\" title=\"Ricerche di mercato sui mercati dei capitali\"  data-wpil-monitor-id=\"9735\">capital investments and markets<\/a>.<\/p>\n\n\n\n<h2 class=\"wp-block-heading\">Vantaggi e punti di forza nel mercato<\/h2>\n\n\n\n<p>Foreign companies operating in St. Vincent and the Grenadines have many perks. For example, they are exempt from paying personal and corporate income taxes. They are also exempt from estate and withholding taxes, and they get a 25-year holiday from other taxes. Another benefit of investing in Saint Vincent is the Caribbean\/Canada Trade Agreement. Under this agreement, Canada provides duty-free access to its <a href=\"https:\/\/www.sisinternational.com\/it\/copertura\/le-americhe\/ricerche-di-mercato-nei-caraibi\/ricerche-di-mercato-st-barthelemy\/\" title=\"Ricerche di mercato a St. Barthelemy\"  data-wpil-monitor-id=\"3703\">market for most products made in St.<\/a> Vincent.<\/p>\n\n\n\n<h2 class=\"wp-block-heading\">Base dei consumatori<\/h2>\n\n\n\n<p>Banana production and tourism employ most of the workforce in St. Vincent and the Grenadines. More than two-thirds of the labor force work in service industries. These <a href=\"https:\/\/www.sisinternational.com\/it\/soluzioni\/ai-ricerche-di-mercato-e-consulenza-strategica\/consulenza-per-lindustria-del-turismo-ospitalita-adozione-viaggi\/\" title=\"Adozione dell&#039;intelligenza artificiale nella consulenza nel settore dei viaggi, dell&#039;ospitalit\u00e0 e del turismo\"  data-wpil-monitor-id=\"9737\">industries include tourism<\/a>, retail, IT, transport, and communications. About half of all Vincentians live in urban centers; the rest stay in rural areas. Two-thirds have an Internet connection. Facebook has the largest number of users, followed by Instagram, LinkedIn, and Twitter.<\/p>\n\n\n\n<h2 class=\"wp-block-heading\">Motivi per far crescere la tua attivit\u00e0 nel mercato SVG<\/h2>\n\n\n\n<p>Investors enjoy a range of incentives when they put money into the Saint Vincent economy. The country has lifted the ban on foreigners <a href=\"https:\/\/www.sisinternational.com\/it\/strategia-di-campagna-di-marketing-multipiattaforma-per-una-holding-e-un-conglomerato-commerciale-degli-emirati\/\" title=\"Servizi pubblicitari multiculturali per una holding e un conglomerato commerciale degli Emirati\"  data-wpil-monitor-id=\"9738\">holding trust company<\/a> licenses. New companies get import tax concessions on machinery. They also don\u2019t have to pay duties on raw materials, spare parts, and equipment. Another perk is that business owners have the freedom to repatriate funds.<\/p>\n\n\n\n<h2 class=\"wp-block-heading\">Informazioni sulle ricerche di mercato a Saint Vincent e Grenadine<\/h2>\n\n\n\n<p>SIS International is one of the leading <a href=\"https:\/\/www.sisinternational.com\/it\/competenza\/industrie\/soluzioni-per-ricerche-di-mercato-nel-settore-sanitario\/\" title=\"Societ\u00e0 di ricerche di mercato nel settore sanitario\"  data-wpil-monitor-id=\"9730\">Market Research firms<\/a> in the USA. We provide Qualitative and <a href=\"https:\/\/www.sisinternational.com\/it\/top-5-benefits-of-conducting-quantitative-market-research\/\" title=\"Top 5 Benefits of Conducting Quantitative Market Research\"  data-wpil-monitor-id=\"9728\">Ricerche di mercato quantitative<\/a> services. We can also help with your Go-to-Market Strategy, and we conduct UX Market Research. Do you need in-depth <a href=\"https:\/\/www.sisinternational.com\/it\/copertura\/le-americhe\/ricerche-di-mercato-nei-caraibi\/ricerche-di-mercato-a-saint-kitts-e-nevis\/\" title=\"Ricerca di mercato a St. Kitts e Nevis\"  data-wpil-monitor-id=\"3280\">St. Vincent and the Grenadines market research<\/a>? We can arrange <a href=\"https:\/\/www.sisinternational.com\/it\/soluzioni\/ricerche-di-mercato-con-focus-group\/come-condurre-un-focus-group\/\" title=\"Come condurre un focus group\"  data-wpil-monitor-id=\"9734\">Focus Groups and conduct<\/a> further studies using Surveys and Interviews. Please get in touch with us to request a quote if you\u2019d like us to <a href=\"https:\/\/www.sisinternational.com\/it\/how-to-conduct-effective-quantitative-market-research\/\" title=\"How to Conduct Effective Quantitative Market Research\"  data-wpil-monitor-id=\"9732\">conduct market research<\/a> for your company.<\/p>","protected":false},"excerpt":{"rendered":"<p>Le banane, la produzione di maranta e il turismo sono vitali a St. Vincent e Grenadine. SIS International fornisce ricerche di mercato approfondite. <\/p>","protected":false},"author":1,"featured_media":66365,"parent":33287,"menu_order":20,"comment_status":"closed","ping_status":"closed","template":"","meta":{"footnotes":""},"class_list":["post-41145","page","type-page","status-publish","has-post-thumbnail"],"_links":{"self":[{"href":"https:\/\/www.sisinternational.com\/it\/wp-json\/wp\/v2\/pages\/41145","targetHints":{"allow":["GET"]}}],"collection":[{"href":"https:\/\/www.sisinternational.com\/it\/wp-json\/wp\/v2\/pages"}],"about":[{"href":"https:\/\/www.sisinternational.com\/it\/wp-json\/wp\/v2\/types\/page"}],"author":[{"embeddable":true,"href":"https:\/\/www.sisinternational.com\/it\/wp-json\/wp\/v2\/users\/1"}],"replies":[{"embeddable":true,"href":"https:\/\/www.sisinternational.com\/it\/wp-json\/wp\/v2\/comments?post=41145"}],"version-history":[{"count":5,"href":"https:\/\/www.sisinternational.com\/it\/wp-json\/wp\/v2\/pages\/41145\/revisions"}],"predecessor-version":[{"id":81621,"href":"https:\/\/www.sisinternational.com\/it\/wp-json\/wp\/v2\/pages\/41145\/revisions\/81621"}],"up":[{"embeddable":true,"href":"https:\/\/www.sisinternational.com\/it\/wp-json\/wp\/v2\/pages\/33287"}],"wp:featuredmedia":[{"embeddable":true,"href":"https:\/\/www.sisinternational.com\/it\/wp-json\/wp\/v2\/media\/66365"}],"wp:attachment":[{"href":"https:\/\/www.sisinternational.com\/it\/wp-json\/wp\/v2\/media?parent=41145"}],"curies":[{"name":"wp","href":"https:\/\/api.w.org\/{rel}","templated":true}]}}