{"id":41141,"date":"2022-12-22T20:54:31","date_gmt":"2022-12-22T20:54:31","guid":{"rendered":"https:\/\/www.sisinternational.com\/?page_id=41141"},"modified":"2026-01-25T16:43:07","modified_gmt":"2026-01-25T21:43:07","slug":"ricerche-di-mercato-a-st-martin","status":"publish","type":"page","link":"https:\/\/www.sisinternational.com\/it\/copertura\/ricerche-di-mercato-nei-caraibi\/ricerche-di-mercato-a-st-martin\/","title":{"rendered":"Ricerche di mercato a St. Martin"},"content":{"rendered":"<h1 class=\"wp-block-heading\">Ricerche di mercato a St. Martin<\/h1>\n\n\n\n<figure class=\"gb-block-image gb-block-image-b006da90\"><img loading=\"lazy\" decoding=\"async\" width=\"1456\" height=\"816\" class=\"gb-image gb-image-b006da90\" src=\"https:\/\/www.sisinternational.com\/wp-content\/uploads\/2025\/09\/Martinique-3.jpg\" alt=\"Ricerca e strategia di mercato internazionale SIS\" title=\"Martinique (3)\" srcset=\"https:\/\/www.sisinternational.com\/wp-content\/uploads\/2025\/09\/Martinique-3.jpg 1456w, https:\/\/www.sisinternational.com\/wp-content\/uploads\/2025\/09\/Martinique-3-300x168.jpg 300w, https:\/\/www.sisinternational.com\/wp-content\/uploads\/2025\/09\/Martinique-3-1024x574.jpg 1024w, https:\/\/www.sisinternational.com\/wp-content\/uploads\/2025\/09\/Martinique-3-768x430.jpg 768w, https:\/\/www.sisinternational.com\/wp-content\/uploads\/2025\/09\/Martinique-3-18x10.jpg 18w\" sizes=\"auto, (max-width: 1456px) 100vw, 1456px\"><\/figure>\n\n\n\n<hr class=\"wp-block-separator has-alpha-channel-opacity is-style-dots\"\/>\n\n\n\n<p>St. Martin \u00e8 un&#039;isola dei Caraibi situata a circa 190 miglia a est di Porto Rico con una superficie di almeno 34 miglia quadrate. La ripartizione \u00e8 60:40 tra Francia e Olanda. La parte francese si trova al nord ed \u00e8 una collettivit\u00e0 d&#039;oltremare. La parte olandese, conosciuta come Sint Maarten, si trova nella parte meridionale dell&#039;isola.<\/p>\n\n\n\n<p>What\u2019s the best part of staying on this island? Visitors taste two lively but distinct cultures for the price of one vacation. Another key point is that the island is proud of its dual heritage and customs. Another great thing about St. Martin is that people and goods have free movement between the two sides of the island. As a matter of fact, there\u2019s no physical border. The official currency of St. Martin is the Euro. Sint Maarten uses the Netherlands Antillean Guilder. Both sides accept the US Dollar for most transactions.<\/p>\n\n\n\n<h2 class=\"wp-block-heading\">Industrie chiave<\/h2>\n\n\n\n<p>La posizione tropicale di St. Martin attira molti visitatori ogni anno. La sua economia ruota attorno al turismo. Allo stesso modo, questo settore impiega la maggior parte dei suoi dipendenti. Apre anche molti settori, come hotel, ristoranti, altri servizi di ristorazione, navi da crociera, compagnie aeree, intrattenimento e trasporti. L&#039;isola importa la maggior parte del suo cibo poich\u00e9 l&#039;agricoltura \u00e8 scarsa. Le principali esportazioni sono navi marittime, rottami di alluminio, mobili e liquori.<\/p>\n\n\n\n<h2 class=\"wp-block-heading\">Quartieri<\/h2>\n\n\n\n<h3 class=\"wp-block-heading\">Marigot<\/h3>\n\n\n\n<p>Marigot \u00e8 la capitale di St. Martin. Ha un&#039;atmosfera molto europea, con negozi esclusivi e ristoranti a un ritmo rilassato. La citt\u00e0 ha un porto turistico e puoi prendere un traghetto per St. Barth, Anguilla e altre isole pi\u00f9 a monte della catena.<\/p>\n\n\n\n<h3 class=\"wp-block-heading\">Cupecoy\/Pianura<\/h3>\n\n\n\n<p>Cupecoy si trova al confine olandese sul lato nord-occidentale. Ospita un casin\u00f2, un campo da golf e alcuni buoni ristoranti. Ha anche molte ville costose, che dominano questa parte dell&#039;isola.<\/p>\n\n\n\n<h3 class=\"wp-block-heading\">Orient Bay\/Orient Village<\/h3>\n\n\n\n<p>Sul lato est dell&#039;isola, Orient Bay ha molte case vacanze. Vanta anche numerosi ristoranti e piccoli alberghi. Inoltre, \u00e8 la posizione di una delle spiagge pi\u00f9 famose dell&#039;isola.<\/p>\n\n\n\n<h2 class=\"wp-block-heading\">Tendenze<\/h2>\n\n\n\n<p>St. Martin gode di un clima favorevole al turismo. Pertanto, le grandi navi da crociera effettuano fermate regolari sull&#039;isola. Inoltre, l&#039;industria offre molti posti di lavoro ai residenti di St. Martin. Tuttavia, \u00e8 in ritardo rispetto a Sint Maarten. L&#039;aeroporto, i casin\u00f2 e i moli delle grandi navi da crociera si trovano tutti sul lato olandese. Il lato positivo \u00e8 che St. Martin \u00e8 una delizia per i buongustai, nota per avere la migliore cultura gastronomica della regione.<\/p>\n\n\n\n<h2 class=\"wp-block-heading\">Vantaggi e punti di forza nel mercato<\/h2>\n\n\n\n<p>St. Martin\u2019s residents, by law, pay the same electricity rates as all other French citizens. Their utility rates start at&nbsp;$0.12 per kilowatt hour&nbsp;for home users. Sint Maarten, in comparison, charges around&nbsp;$0.35\/kWh. Another benefit of the <a href=\"https:\/\/www.sisinternational.com\/it\/copertura\/le-americhe\/ricerche-di-mercato-nei-caraibi\/ricerche-di-mercato-st-barthelemy\/\" title=\"Ricerche di mercato a St. Barthelemy\"  data-wpil-monitor-id=\"3708\">St. Martin market<\/a> is that companies can get an official ruling stating their tax system will not change. Moreover, dividends and capital gains are tax-exempt in St. Martin, and no withholding tax exists.<\/p>\n\n\n\n<h2 class=\"wp-block-heading\">Base dei consumatori<\/h2>\n\n\n\n<p>Lo stipendio medio per persona all&#039;anno \u00e8 $46.000 a St. Martin. Questo tipo di dati \u00e8 vitale perch\u00e9 ti consente di vendere di pi\u00f9 ai tuoi clienti. Devi conoscere i tuoi clienti e vedere come stanno crescendo. Hanno nuovi obiettivi o valori? Affrontano nuove sfide? I loro punti deboli sono cambiati? Devi capire il tuo cliente. In caso contrario, potresti non essere in grado di continuare la tua attuale campagna di marketing. Ci\u00f2 potrebbe farti apparire stonato. \u00c8 qui che entrano in gioco le ricerche di mercato qualitative, quantitative e strategiche.<\/p>\n\n\n\n<h2 class=\"wp-block-heading\">Informazioni sulle ricerche di mercato a St. Martin<\/h2>\n\n\n\n<p>SIS International offers extensive UX and <a href=\"https:\/\/www.sisinternational.com\/it\/copertura\/le-americhe\/ricerche-di-mercato-nei-caraibi\/ricerche-di-mercato-a-saint-kitts-e-nevis\/\" title=\"Ricerca di mercato a St. Kitts e Nevis\"  data-wpil-monitor-id=\"3295\">Ricerca sulle opportunit\u00e0 di mercato<\/a>. We keep you clued in on commercial industries and consumer products. We also provide insights into consumer lifestyles and trends in St. Martin. You may have an excellent idea for a service or product, but will people want it? You need to conduct some <a href=\"https:\/\/www.sisinternational.com\/it\/competenza\/industrie\/ricerca-di-mercato-del-diesel\/\" title=\"Ricerche di mercato diesel\"  data-wpil-monitor-id=\"3493\">Ricerca sull&#039;ingresso nel mercato<\/a> to find out. Our research teams know the habits and attitudes of Caribbean consumers. We can help you with your Go-to-Market Strategy so you hit the ground running. Contact us today!<\/p>\n\n\n\n<p><\/p>","protected":false},"excerpt":{"rendered":"<p>La posizione tropicale di St. Martin attira molti visitatori. SIS fornisce approfondimenti di ricerche di mercato sugli stili di vita e sulle tendenze dei consumatori a St. Martin.<\/p>","protected":false},"author":1,"featured_media":66138,"parent":33287,"menu_order":19,"comment_status":"closed","ping_status":"closed","template":"","meta":{"footnotes":""},"class_list":["post-41141","page","type-page","status-publish","has-post-thumbnail"],"_links":{"self":[{"href":"https:\/\/www.sisinternational.com\/it\/wp-json\/wp\/v2\/pages\/41141","targetHints":{"allow":["GET"]}}],"collection":[{"href":"https:\/\/www.sisinternational.com\/it\/wp-json\/wp\/v2\/pages"}],"about":[{"href":"https:\/\/www.sisinternational.com\/it\/wp-json\/wp\/v2\/types\/page"}],"author":[{"embeddable":true,"href":"https:\/\/www.sisinternational.com\/it\/wp-json\/wp\/v2\/users\/1"}],"replies":[{"embeddable":true,"href":"https:\/\/www.sisinternational.com\/it\/wp-json\/wp\/v2\/comments?post=41141"}],"version-history":[{"count":6,"href":"https:\/\/www.sisinternational.com\/it\/wp-json\/wp\/v2\/pages\/41141\/revisions"}],"predecessor-version":[{"id":77910,"href":"https:\/\/www.sisinternational.com\/it\/wp-json\/wp\/v2\/pages\/41141\/revisions\/77910"}],"up":[{"embeddable":true,"href":"https:\/\/www.sisinternational.com\/it\/wp-json\/wp\/v2\/pages\/33287"}],"wp:featuredmedia":[{"embeddable":true,"href":"https:\/\/www.sisinternational.com\/it\/wp-json\/wp\/v2\/media\/66138"}],"wp:attachment":[{"href":"https:\/\/www.sisinternational.com\/it\/wp-json\/wp\/v2\/media?parent=41141"}],"curies":[{"name":"wp","href":"https:\/\/api.w.org\/{rel}","templated":true}]}}