{"id":41137,"date":"2022-12-22T20:32:20","date_gmt":"2022-12-22T20:32:20","guid":{"rendered":"https:\/\/www.sisinternational.com\/?page_id=41137"},"modified":"2025-10-01T22:23:12","modified_gmt":"2025-10-02T02:23:12","slug":"ricerche-di-mercato-a-sint-maarten","status":"publish","type":"page","link":"https:\/\/www.sisinternational.com\/it\/copertura\/ricerche-di-mercato-nei-caraibi\/ricerche-di-mercato-a-sint-maarten\/","title":{"rendered":"Ricerche di mercato a Sint Maarten"},"content":{"rendered":"<h1 class=\"wp-block-heading\">Ricerche di mercato a Sint Maarten<\/h1>\n\n\n\n<figure class=\"gb-block-image gb-block-image-8e1e6f83\"><img loading=\"lazy\" decoding=\"async\" width=\"1456\" height=\"816\" class=\"gb-image gb-image-8e1e6f83\" src=\"https:\/\/www.sisinternational.com\/wp-content\/uploads\/2025\/09\/Sint-Maarten-1.jpg\" alt=\"Ricerca e strategia di mercato internazionale SIS\" title=\"Sint Maarten (1)\" srcset=\"https:\/\/www.sisinternational.com\/wp-content\/uploads\/2025\/09\/Sint-Maarten-1.jpg 1456w, https:\/\/www.sisinternational.com\/wp-content\/uploads\/2025\/09\/Sint-Maarten-1-300x168.jpg 300w, https:\/\/www.sisinternational.com\/wp-content\/uploads\/2025\/09\/Sint-Maarten-1-1024x574.jpg 1024w, https:\/\/www.sisinternational.com\/wp-content\/uploads\/2025\/09\/Sint-Maarten-1-768x430.jpg 768w, https:\/\/www.sisinternational.com\/wp-content\/uploads\/2025\/09\/Sint-Maarten-1-18x10.jpg 18w\" sizes=\"auto, (max-width: 1456px) 100vw, 1456px\"><\/figure>\n\n\n\n<p><\/p>\n\n\n\n<hr class=\"wp-block-separator has-alpha-channel-opacity is-style-dots\"\/>\n\n\n\n<p>Sint Maarten fa una parte del Regno dei Paesi Bassi. Occupa il terzo meridionale dell&#039;isola divisa di San Martino \u2013 i due terzi settentrionali sono francesi. La capitale di Sint Maarten \u00e8 Philipsburg e il suo capo di stato \u00e8 il re (o regina) olandese, rappresentato da un governatore. Il suo sistema di governo \u00e8 molto simile a quello del Regno Unito, con il primo ministro come capo del governo. Sint Maarten \u00e8 collinare, con pendii che scendono verso saline, lagune costiere e lingue di sabbia.<\/p>\n\n\n\n<h2 class=\"wp-block-heading\">Quartieri<\/h2>\n\n\n\n<h3 class=\"wp-block-heading\">Philipsburg<\/h3>\n\n\n\n<p>La capitale olandese ha molti monumenti. Ha anche infinite possibilit\u00e0 di shopping, dalle boutique di abbigliamento alle gioiellerie.<\/p>\n\n\n\n<h3 class=\"wp-block-heading\">Baia dei Simpson<\/h3>\n\n\n\n<p>Simpson Bay si trova lungo la laguna di Sint Maarten. \u00c8 una delle citt\u00e0 pi\u00f9 conosciute di Sint Maarten. Inoltre, questa zona \u00e8 al centro della scena turistica di Sint Maarten, con innumerevoli locali notturni, ristoranti, bar e porti turistici di livello mondiale.<\/p>\n\n\n\n<h3 class=\"wp-block-heading\">Quartiere olandese<\/h3>\n\n\n\n<p>Questo \u00e8 uno dei quartieri suburbani pi\u00f9 grandi di Sint Maarten. Una delle pi\u00f9 antiche case di piantagioni dell&#039;isola si trova nel quartiere olandese.<\/p>\n\n\n\n<h2 class=\"wp-block-heading\">Industrie chiave<\/h2>\n\n\n\n<p>Sint Maarten ha un&#039;economia basata sul turismo. Alberghi, ristoranti e altri settori legati al turismo rappresentano quasi la met\u00e0 del PIL. Il freelance e l&#039;e-commerce stanno diventando la norma, quindi St. Maarten sta accelerando anche nel settore aziendale IT. Il settore immobiliare \u00e8 un altro settore chiave, cos\u00ec come lo sono la comunicazione, i trasporti e lo stoccaggio.<\/p>\n\n\n\n<h2 class=\"wp-block-heading\">Tendenze<\/h2>\n\n\n\n<p>L&#039;economia di Sint Maarten \u00e8 crollata dopo l&#039;uragano Irma e poi Maria nel 2017. La pandemia ha colpito due anni dopo, provocando ulteriori danni. Tuttavia, gli esperti si aspettano che l\u2019economia si riprenda presto. I turisti hanno iniziato a tornare in gran numero e il turismo crocieristico \u00e8 in aumento. L\u2019aspetto negativo \u00e8 che il mondo sta combattendo una grave inflazione e Sint Maarten non fa eccezione. Il Paese \u00e8 in balia degli shock dei prezzi del petrolio. Importa anche inflazione dagli Stati Uniti attraverso il tasso di cambio fisso e il canale commerciale.<\/p>\n\n\n\n<h2 class=\"wp-block-heading\">Vantaggi e punti di forza nel mercato<\/h2>\n\n\n\n<p>Sint Maarten \u00e8 un paradiso immobiliare. Anche i francesi acquistano di pi\u00f9 dalla parte olandese. Inoltre, le leggi sono pi\u00f9 favorevoli e non esiste alcuna imposta sulle plusvalenze. Inoltre non esiste alcuna tassa fondiaria. \u00c8 facile ottenere permessi e vincoli di zonizzazione. Qual \u00e8 un&#039;altra cosa bella di Sint Maarten? Offre agli investitori un trattamento da tappeto rosso. \u00c8 facile per gli investitori qualificarsi per lo status di residente permanente dopo cinque anni. Ma prima devono investire $500.000 o pi\u00f9. Possono ottenere la cittadinanza olandese cinque anni dopo.<\/p>\n\n\n\n<h2 class=\"wp-block-heading\">Base dei consumatori<\/h2>\n\n\n\n<p>La popolazione di Sint Maarten \u00e8 equamente divisa tra maschi e femmine. La maggior parte delle persone vive nei centri urbani. Due terzi hanno accesso a Internet e l&#039;80% utilizza i social media, principalmente Facebook, ma sono popolari anche Instagram, LinkedIn e Twitter. Le connessioni mobili superano il 100% e quasi tutti hanno accesso all\u2019elettricit\u00e0. Gran parte della base dei consumatori fa affidamento sul denaro inviato a casa dagli emigranti.<\/p>\n\n\n\n<h2 class=\"wp-block-heading\">Motivi per far crescere la tua attivit\u00e0 nel mercato di Sint Maarten<\/h2>\n\n\n\n<p>Sint Maarten ha un&#039;economia fiorente e robusta. Ha il reddito pro capite pi\u00f9 alto dei Caraibi olandesi. Inoltre, l\u2019economia \u00e8 in crescita ed \u00e8 un buon momento per investire. L\u2019isola conta su idee nuove e le sostiene. Le aziende possono anche usufruire del sistema di comunicazione, della finanza e di altri servizi di prim&#039;ordine del paese. La maggior parte dei tuoi guadagni sar\u00e0 in euro e dollari USA e le importazioni e le esportazioni sono esenti da dazi.<\/p>\n\n\n\n<h2 class=\"wp-block-heading\">Informazioni sulle ricerche di mercato a St. Maarten<\/h2>\n\n\n\n<p>You may have the best idea for a <a href=\"https:\/\/www.sisinternational.com\/it\/soluzioni\/prova-del-gusto\/servizi-di-test-di-prodotto-a-new-york\/\" title=\"Servizi di test di prodotto a New York\"  data-wpil-monitor-id=\"8999\">product or service<\/a>, but will people want it? You need to <a href=\"https:\/\/www.sisinternational.com\/it\/how-to-conduct-effective-quantitative-market-research\/\" title=\"How to Conduct Effective Quantitative Market Research\"  data-wpil-monitor-id=\"8998\">conduct some market research<\/a> to find out. <a href=\"https:\/\/www.sisinternational.com\/it\/la-pasqua-pasquale-e-limmancabile-coniglietto-di-cioccolato\/\" title=\"Ricerche di mercato di Pasqua\"  data-wpil-monitor-id=\"8996\">SIS International has offered market research<\/a> services for several years. We do Competitive Analysis, Go-to-Market Strategy, Qualitative and <a href=\"https:\/\/www.sisinternational.com\/it\/top-5-benefits-of-conducting-quantitative-market-research\/\" title=\"Top 5 Benefits of Conducting Quantitative Market Research\"  data-wpil-monitor-id=\"8997\">Ricerche di mercato quantitative<\/a>, consumer surveys, Focus Groups, and Interviews. We look at existing products and ones that are in development. Get your data on Sint Maarten and other locales today!<\/p>\n\n\n\n<p><\/p>","protected":false},"excerpt":{"rendered":"<p>Sint Maarten ha una solida economia basata sul turismo. SIS International offre servizi di ricerche di mercato da diversi anni.<\/p>","protected":false},"author":1,"featured_media":66355,"parent":33287,"menu_order":18,"comment_status":"closed","ping_status":"closed","template":"","meta":{"footnotes":""},"class_list":["post-41137","page","type-page","status-publish","has-post-thumbnail"],"_links":{"self":[{"href":"https:\/\/www.sisinternational.com\/it\/wp-json\/wp\/v2\/pages\/41137","targetHints":{"allow":["GET"]}}],"collection":[{"href":"https:\/\/www.sisinternational.com\/it\/wp-json\/wp\/v2\/pages"}],"about":[{"href":"https:\/\/www.sisinternational.com\/it\/wp-json\/wp\/v2\/types\/page"}],"author":[{"embeddable":true,"href":"https:\/\/www.sisinternational.com\/it\/wp-json\/wp\/v2\/users\/1"}],"replies":[{"embeddable":true,"href":"https:\/\/www.sisinternational.com\/it\/wp-json\/wp\/v2\/comments?post=41137"}],"version-history":[{"count":3,"href":"https:\/\/www.sisinternational.com\/it\/wp-json\/wp\/v2\/pages\/41137\/revisions"}],"predecessor-version":[{"id":81507,"href":"https:\/\/www.sisinternational.com\/it\/wp-json\/wp\/v2\/pages\/41137\/revisions\/81507"}],"up":[{"embeddable":true,"href":"https:\/\/www.sisinternational.com\/it\/wp-json\/wp\/v2\/pages\/33287"}],"wp:featuredmedia":[{"embeddable":true,"href":"https:\/\/www.sisinternational.com\/it\/wp-json\/wp\/v2\/media\/66355"}],"wp:attachment":[{"href":"https:\/\/www.sisinternational.com\/it\/wp-json\/wp\/v2\/media?parent=41137"}],"curies":[{"name":"wp","href":"https:\/\/api.w.org\/{rel}","templated":true}]}}