{"id":41133,"date":"2022-12-22T19:38:52","date_gmt":"2022-12-22T19:38:52","guid":{"rendered":"https:\/\/www.sisinternational.com\/?page_id=41133"},"modified":"2026-01-24T21:28:54","modified_gmt":"2026-01-25T02:28:54","slug":"ricerche-di-mercato-a-santa-lucia","status":"publish","type":"page","link":"https:\/\/www.sisinternational.com\/it\/copertura\/ricerche-di-mercato-nei-caraibi\/ricerche-di-mercato-a-santa-lucia\/","title":{"rendered":"Ricerche di mercato a Santa Lucia"},"content":{"rendered":"<h1 class=\"wp-block-heading\">Ricerche di mercato a Santa Lucia<\/h1>\n\n\n\n<figure class=\"gb-block-image gb-block-image-b93d64fd\"><img loading=\"lazy\" decoding=\"async\" width=\"1456\" height=\"816\" class=\"gb-image gb-image-b93d64fd\" src=\"https:\/\/www.sisinternational.com\/wp-content\/uploads\/2025\/09\/Saint-Lucia-3.jpg\" alt=\"Ricerca e strategia di mercato internazionale SIS\" title=\"Saint Lucia (3)\" srcset=\"https:\/\/www.sisinternational.com\/wp-content\/uploads\/2025\/09\/Saint-Lucia-3.jpg 1456w, https:\/\/www.sisinternational.com\/wp-content\/uploads\/2025\/09\/Saint-Lucia-3-300x168.jpg 300w, https:\/\/www.sisinternational.com\/wp-content\/uploads\/2025\/09\/Saint-Lucia-3-1024x574.jpg 1024w, https:\/\/www.sisinternational.com\/wp-content\/uploads\/2025\/09\/Saint-Lucia-3-768x430.jpg 768w, https:\/\/www.sisinternational.com\/wp-content\/uploads\/2025\/09\/Saint-Lucia-3-18x10.jpg 18w\" sizes=\"auto, (max-width: 1456px) 100vw, 1456px\"><\/figure>\n\n\n\n<p><\/p>\n\n\n\n<hr class=\"wp-block-separator has-alpha-channel-opacity is-style-dots\"\/>\n\n\n\n<p>Santa Lucia \u00e8 uno stato dei Caraibi orientali nelle Isole Sopravvento, a nord-ovest delle Barbados e a nord\/nordest di St. Vincent. Copre una superficie di 238 miglia quadrate e ospita circa 180.000 persone. \u00c8 uno degli unici due stati sovrani che prendono il nome da una donna (l&#039;altro \u00e8 l&#039;Irlanda).<\/p>\n\n\n\n<h2 class=\"wp-block-heading\">Industrie chiave<\/h2>\n\n\n\n<p>Saint Lucia has shifted from being a single-crop economy. The island\u2019s most crucial <a href=\"https:\/\/www.sisinternational.com\/it\/soluzioni\/ai-ricerche-di-mercato-e-consulenza-strategica\/consulenza-per-lindustria-del-turismo-ospitalita-adozione-viaggi\/\" title=\"Adozione dell&#039;intelligenza artificiale nella consulenza nel settore dei viaggi, dell&#039;ospitalit\u00e0 e del turismo\"  data-wpil-monitor-id=\"9234\">industry is now tourism<\/a>. That sector is also the primary source of income, jobs, and foreign exchange earnings. It accounts for two-thirds of the island\u2019s GDP. The biggest industry used to be banana exports. Although that has declined, farm workers comprise one-fifth of jobs. The island also exports mangoes and avocados. Saint Lucia also has a well-developed manufacturing industry, and the financial services sector is growing.<\/p>\n\n\n\n<h2 class=\"wp-block-heading\">Quartieri<\/h2>\n\n\n\n<h3 class=\"wp-block-heading\">Castries<\/h3>\n\n\n\n<p>Castries \u00e8 il Campidoglio e la sede del governo. A Castries si trovano anche le sedi centrali di numerose aziende locali e straniere. Uno dei luoghi da visitare \u00e8 Derek Walcott Square nel centro della citt\u00e0.<\/p>\n\n\n\n<h3 class=\"wp-block-heading\">Anse La Raye<\/h3>\n\n\n\n<p>Questo \u00e8 un affascinante villaggio di pescatori sulla costa occidentale. Il villaggio \u00e8 famoso per il suo Friday Night Seafood Street Party.<\/p>\n\n\n\n<h3 class=\"wp-block-heading\">Vecchio Forte<\/h3>\n\n\n\n<p>La seconda citt\u00e0 pi\u00f9 grande di Santa Lucia \u00e8 sede di un importante aeroporto. I visitatori troveranno il centro storico vicino al porto. Ha una splendida chiesa e incantevoli edifici storici. L&#039;estremit\u00e0 settentrionale \u00e8 pi\u00f9 moderna e ospita il quartiere dello shopping della citt\u00e0.<\/p>\n\n\n\n<h2 class=\"wp-block-heading\">Tendenze<\/h2>\n\n\n\n<p>Santa Lucia ora deve affrontare la sfida della guerra in Ucraina. L\u2019isola dipende dalle importazioni di energia e cibo. Sta ancora superando la recente recessione globale, che ha colpito la sua economia dipendente dal turismo. Queste battute d\u2019arresto hanno aggravato i suoi problemi a causa della bassa crescita. Santa Lucia \u00e8 anche soggetta ai cambiamenti climatici e ai disastri naturali. Il fabbisogno finanziario e l\u2019elevato debito pubblico, cresciuto durante la recessione, rappresentano altri evidenti rischi a breve termine.<\/p>\n\n\n\n<h2 class=\"wp-block-heading\">Vantaggi e punti di forza nel mercato<\/h2>\n\n\n\n<p>St. Lucia has many strengths that make it an ideal place to invest. The country performs well on global indicators. It has economic freedom, the government is effective, and starting a business is easy. Also, there are no restrictions on capital flows. The island\u2019s <a href=\"https:\/\/www.sisinternational.com\/it\/soluzioni\/consulenza-per-lospitalita-turistica-turistica\/consulenza-sul-turismo-culturale\/\" title=\"Consulenza sul turismo culturale\"  data-wpil-monitor-id=\"9236\">cultural<\/a> heritage and natural beauty are key drivers of tourism. Another vital area is the financial services industry, which is ripe for expansion and real growth.<\/p>\n\n\n\n<h2 class=\"wp-block-heading\">Base dei consumatori<\/h2>\n\n\n\n<p>Circa il 5% della popolazione di Santa Lucia \u00e8 al di sotto della soglia di povert\u00e0. Il lato positivo \u00e8 che l\u2019accesso all\u2019elettricit\u00e0 \u00e8 quasi del 100%. L&#039;accesso a Internet \u00e8 pari a circa il 63%. Due terzi di questi utenti utilizzano i social media e la copertura degli annunci di Facebook \u00e8 quasi del 50%. Solo un quinto degli abitanti di Saint Lucia vive nei centri urbani e il resto nelle zone rurali.<\/p>\n\n\n\n<h2 class=\"wp-block-heading\">Motivi per far crescere la tua attivit\u00e0 nel mercato di Santa Lucia<\/h2>\n\n\n\n<p>Saint Lucia is ideal for servicing regional, global, and virtual markets. The country offers an attractive climate for foreign investment with its sound policies and prudent planning. It also has well-tailored concessions for large and small investment projects. The private sector has good access to <a href=\"https:\/\/www.sisinternational.com\/it\/soluzioni\/ricerca-di-consulenza-strategica-fintech\/ricerche-di-mercato-sulle-carte-di-credito\/\" title=\"Ricerche di mercato sulle carte di credito\"  data-wpil-monitor-id=\"9235\">credit in the local market<\/a>. Also, Saint Lucia has some of the highest literacy rates in the region.<\/p>\n\n\n\n<h2 class=\"wp-block-heading\">Informazioni sulle ricerche di mercato a Santa Lucia<\/h2>\n\n\n\n<p>SIS International is a leading market research company that offers Quantitative and Qualitative Market Research on trends in Saint Lucia. We conduct affordable, fast, and high-quality Strategy Market Research. We also do Competitive Analysis to provide insights to help you make critical data-driven decisions. Our Focus Groups, Surveys, and Interviews will further enhance your <a href=\"https:\/\/www.sisinternational.com\/it\/competenza\/industrie\/ricerca-di-mercato-del-diesel\/\" title=\"Ricerche di mercato diesel\"  data-wpil-monitor-id=\"3496\">Ricerca sull&#039;ingresso nel mercato<\/a>.<\/p>\n\n\n\n<p><\/p>","protected":false},"excerpt":{"rendered":"<p>St. Lucia ha molti punti di forza, che la rendono un luogo ideale in cui investire. SIS International offre importanti ricerche di mercato sulle tendenze a Santa Lucia.<\/p>","protected":false},"author":1,"featured_media":66350,"parent":33287,"menu_order":17,"comment_status":"closed","ping_status":"closed","template":"","meta":{"footnotes":""},"class_list":["post-41133","page","type-page","status-publish","has-post-thumbnail"],"_links":{"self":[{"href":"https:\/\/www.sisinternational.com\/it\/wp-json\/wp\/v2\/pages\/41133","targetHints":{"allow":["GET"]}}],"collection":[{"href":"https:\/\/www.sisinternational.com\/it\/wp-json\/wp\/v2\/pages"}],"about":[{"href":"https:\/\/www.sisinternational.com\/it\/wp-json\/wp\/v2\/types\/page"}],"author":[{"embeddable":true,"href":"https:\/\/www.sisinternational.com\/it\/wp-json\/wp\/v2\/users\/1"}],"replies":[{"embeddable":true,"href":"https:\/\/www.sisinternational.com\/it\/wp-json\/wp\/v2\/comments?post=41133"}],"version-history":[{"count":4,"href":"https:\/\/www.sisinternational.com\/it\/wp-json\/wp\/v2\/pages\/41133\/revisions"}],"predecessor-version":[{"id":81544,"href":"https:\/\/www.sisinternational.com\/it\/wp-json\/wp\/v2\/pages\/41133\/revisions\/81544"}],"up":[{"embeddable":true,"href":"https:\/\/www.sisinternational.com\/it\/wp-json\/wp\/v2\/pages\/33287"}],"wp:featuredmedia":[{"embeddable":true,"href":"https:\/\/www.sisinternational.com\/it\/wp-json\/wp\/v2\/media\/66350"}],"wp:attachment":[{"href":"https:\/\/www.sisinternational.com\/it\/wp-json\/wp\/v2\/media?parent=41133"}],"curies":[{"name":"wp","href":"https:\/\/api.w.org\/{rel}","templated":true}]}}