{"id":41126,"date":"2022-12-22T19:21:50","date_gmt":"2022-12-22T19:21:50","guid":{"rendered":"https:\/\/www.sisinternational.com\/?page_id=41126"},"modified":"2026-01-24T21:28:56","modified_gmt":"2026-01-25T02:28:56","slug":"ricerche-di-mercato-ad-anguilla","status":"publish","type":"page","link":"https:\/\/www.sisinternational.com\/it\/copertura\/ricerche-di-mercato-nei-caraibi\/ricerche-di-mercato-ad-anguilla\/","title":{"rendered":"Ricerche di mercato ad Anguilla"},"content":{"rendered":"<h1 class=\"wp-block-heading\">Ricerche di mercato ad Anguilla<\/h1>\n\n\n\n<figure class=\"gb-block-image gb-block-image-b274facd\"><img loading=\"lazy\" decoding=\"async\" width=\"1456\" height=\"816\" class=\"gb-image gb-image-b274facd\" src=\"https:\/\/www.sisinternational.com\/wp-content\/uploads\/2025\/09\/Anguilla-3.jpg\" alt=\"Ricerca e strategia di mercato internazionale SIS\" title=\"Anguilla (3)\" srcset=\"https:\/\/www.sisinternational.com\/wp-content\/uploads\/2025\/09\/Anguilla-3.jpg 1456w, https:\/\/www.sisinternational.com\/wp-content\/uploads\/2025\/09\/Anguilla-3-300x168.jpg 300w, https:\/\/www.sisinternational.com\/wp-content\/uploads\/2025\/09\/Anguilla-3-1024x574.jpg 1024w, https:\/\/www.sisinternational.com\/wp-content\/uploads\/2025\/09\/Anguilla-3-768x430.jpg 768w, https:\/\/www.sisinternational.com\/wp-content\/uploads\/2025\/09\/Anguilla-3-18x10.jpg 18w\" sizes=\"auto, (max-width: 1456px) 100vw, 1456px\"><\/figure>\n\n\n\n<p><\/p>\n\n\n\n<p>Anguilla \u00e8 un territorio britannico d&#039;oltremare nei Caraibi. Si trova a est delle Isole Vergini e di Porto Rico e a nord di St. Martin. La superficie totale \u00e8 di 35 miglia quadrate. Questa isola corallina piatta e bassa ha poca terra coltivabile poich\u00e9 il suo suolo \u00e8 sottile e povero. La capitale di Anguilla \u00e8 The Valley.<\/p>\n\n\n\n<h2 class=\"wp-block-heading\">Industrie chiave<\/h2>\n\n\n\n<p>Acque cristalline e splendide barriere coralline circondano Anguilla. Lo stesso vale per 33 spiagge incontaminate bordate di palme. Non c&#039;\u00e8 quindi da meravigliarsi che il turismo di lusso sia uno dei pilastri dell&#039;economia di Anguilla. Un altro pilastro sono i servizi finanziari offshore, che Anguilla fornisce ad una vasta clientela locale e globale. Il terzo pilastro \u00e8 la pesca, che funge da attivit\u00e0 turistica e industria commerciale.<\/p>\n\n\n\n<h2 class=\"wp-block-heading\">Quartieri<\/h2>\n\n\n\n<h3 class=\"wp-block-heading\">Baia di Mead<\/h3>\n\n\n\n<p>Laying between Long Bay and West End Village, it is ideal for first-time visitors to the island. This prime location allows visitors to access several picturesque beaches. It\u2019s also close to the best <a href=\"https:\/\/www.sisinternational.com\/it\/soluzioni\/consulenza-per-lospitalita-turistica-turistica\/consulenza-marketing-ristoranti-alberghieri\/\" title=\"Consulenza marketing per ristoranti alberghieri\"  data-wpil-monitor-id=\"9329\">hotels and restaurants<\/a>.<\/p>\n\n\n\n<h3 class=\"wp-block-heading\">Terreno sabbioso<\/h3>\n\n\n\n<p>Vicino al centro dell&#039;isola ed \u00e8 perfetto per chi viaggia con un budget limitato. Diverse residenze private sono disponibili per l&#039;affitto. Pertanto, i visitatori possono godersi l&#039;isola senza spendere una fortuna.<\/p>\n\n\n\n<h3 class=\"wp-block-heading\">Punto di soffiaggio<\/h3>\n\n\n\n<p>Il posto migliore per le famiglie. \u00c8 vicino a tutte le attrazioni dell&#039;isola. \u00c8 anche a pochi minuti dall&#039;aeroporto e dal terminal dei traghetti.<\/p>\n\n\n\n<h2 class=\"wp-block-heading\">Tendenze<\/h2>\n\n\n\n<p>Anguilla si sta riprendendo da una recente flessione degli arrivi turistici a causa dei blocchi pandemici. Tuttavia, l\u2019isola ha una solida prospettiva a medio termine. Uno dei fattori che determinano la ripresa \u00e8 il rifacimento della pista dell&#039;unico aeroporto dell&#039;isola. Un altro fattore \u00e8 la vendita e il rinnovamento di CuisinArt, un resort di alto livello. L\u2019inflazione ha colpito duramente Anguilla, soprattutto per quanto riguarda i prezzi dei prodotti alimentari. Anche i prezzi del carburante, degli elettrodomestici e dei biglietti aerei sono aumentati notevolmente.<\/p>\n\n\n\n<h2 class=\"wp-block-heading\">Vantaggi e punti di forza nel mercato<\/h2>\n\n\n\n<p>People doing business in Anguilla can enjoy the island\u2019s political stability. It also has a favorable corporate tax regime with no income taxes. Direct, corporate, capital gains, and inheritance taxes are also non-existent. The working environment is very relaxed. It has a solid but flexible legal framework based on English Common Law. This framework provides favorable laws and policies for those wishing to do business.<\/p>\n\n\n\n<h2 class=\"wp-block-heading\">Base dei consumatori<\/h2>\n\n\n\n<p>Most of the residents of Anguilla are of African descent. It has a few Whites and people of mixed race. About a quarter of the people are ex-pats. They hail from the US, the UK, <a href=\"https:\/\/www.sisinternational.com\/it\/copertura\/le-americhe\/ricerche-di-mercato-nei-caraibi\/ricerche-di-mercato-a-saint-kitts-e-nevis\/\" title=\"Ricerca di mercato a St. Kitts e Nevis\"  data-wpil-monitor-id=\"9327\">St. Kitts &amp; Nevis<\/a>, Jamaica, the Dominican Republic, and also Nigeria. Many Indian, Chinese, and Mexican workers moved to the island in 2006-2007. They came to work in the tourism industry as the local population could not supply the labor needed.<\/p>\n\n\n\n<h2 class=\"wp-block-heading\">Motivi per far crescere la tua attivit\u00e0 nel mercato di Anguilla<\/h2>\n\n\n\n<p>Anguilla is one of the most attractive <a href=\"https:\/\/www.sisinternational.com\/it\/soluzioni\/soluzioni-di-branding-e-ricerca-clienti\/ricerche-di-mercato-per-test-di-prodotto\/azienda-leader-nei-test-di-posizione-centrale\/\" title=\"Azienda leader nei test in posizione centrale\"  data-wpil-monitor-id=\"9330\">locations to start a company<\/a>. It\u2019s easy for a <a href=\"https:\/\/www.sisinternational.com\/it\/avviare-unimpresa-in-turchia\/\" title=\"Avviare un&#039;impresa in Turchia\"  data-wpil-monitor-id=\"9331\">business to set<\/a> up shop. One can incorporate an offshore company within minutes. It\u2019s straightforward if doing it online with the help of a sub-agent. The island offers investor privacy and trademark protection. Also, Anguilla does not enforce any currency controls. So investors can move their money freely and hold funds in any currency of their choice.<\/p>\n\n\n\n<h2 class=\"wp-block-heading\">Informazioni sulle ricerche di mercato ad Anguilla<\/h2>\n\n\n\n<p>SIS International offers an in-depth guide to the <a href=\"https:\/\/www.sisinternational.com\/it\/soluzioni\/consulenza-strategica\/studi-di-dimensionamento-della-fattibilita-dellingresso-nel-mercato\/\" title=\"Ingresso nel mercato, studi di fattibilit\u00e0 e dimensionamento\"  data-wpil-monitor-id=\"9326\">size and shape of the Anguilla market<\/a>. You get the best <a href=\"https:\/\/www.sisinternational.com\/it\/competenza\/industrie\/ricerca-di-mercato-del-diesel\/\" title=\"Ricerche di mercato diesel\"  data-wpil-monitor-id=\"3500\">Ricerca sul dimensionamento del mercato<\/a>. Plus, we\u2019ll do a <a href=\"https:\/\/www.sisinternational.com\/it\/soluzioni\/consulenza-strategica\/formazione-e-strategia-sullintelligenza-competitiva\/\" title=\"Formazione e strategia sull&#039;intelligence competitiva\"  data-wpil-monitor-id=\"9332\">Competitive<\/a> Analysis to help you form your Go-to-Market Strategy. We also do Quantitative and <a href=\"https:\/\/www.sisinternational.com\/it\/tools-and-resources-for-qualitative-market-research\/\" title=\"Tools and Resources for Qualitative Market Research\"  data-wpil-monitor-id=\"9325\">Ricerche di mercato qualitative<\/a>. Thus, we help you to find the sectors driving growth. Our tools include Interviews, Surveys, and Focus Groups. These give you <a href=\"https:\/\/www.sisinternational.com\/it\/how-to-conduct-in-depth-interviews-for-market-insights\/\" title=\"Come condurre interviste approfondite per ottenere informazioni di mercato\"  data-wpil-monitor-id=\"9328\">insights into the strength of the market<\/a> and how it will receive your products or services.<\/p>\n\n\n\n<p><\/p>","protected":false},"excerpt":{"rendered":"<p>Anguilla \u00e8 uno dei luoghi pi\u00f9 attraenti per avviare un\u2019impresa. SIS International offre una guida approfondita alle ricerche di mercato.<\/p>","protected":false},"author":1,"featured_media":66204,"parent":33287,"menu_order":16,"comment_status":"closed","ping_status":"closed","template":"","meta":{"footnotes":""},"class_list":["post-41126","page","type-page","status-publish","has-post-thumbnail"],"_links":{"self":[{"href":"https:\/\/www.sisinternational.com\/it\/wp-json\/wp\/v2\/pages\/41126","targetHints":{"allow":["GET"]}}],"collection":[{"href":"https:\/\/www.sisinternational.com\/it\/wp-json\/wp\/v2\/pages"}],"about":[{"href":"https:\/\/www.sisinternational.com\/it\/wp-json\/wp\/v2\/types\/page"}],"author":[{"embeddable":true,"href":"https:\/\/www.sisinternational.com\/it\/wp-json\/wp\/v2\/users\/1"}],"replies":[{"embeddable":true,"href":"https:\/\/www.sisinternational.com\/it\/wp-json\/wp\/v2\/comments?post=41126"}],"version-history":[{"count":4,"href":"https:\/\/www.sisinternational.com\/it\/wp-json\/wp\/v2\/pages\/41126\/revisions"}],"predecessor-version":[{"id":81561,"href":"https:\/\/www.sisinternational.com\/it\/wp-json\/wp\/v2\/pages\/41126\/revisions\/81561"}],"up":[{"embeddable":true,"href":"https:\/\/www.sisinternational.com\/it\/wp-json\/wp\/v2\/pages\/33287"}],"wp:featuredmedia":[{"embeddable":true,"href":"https:\/\/www.sisinternational.com\/it\/wp-json\/wp\/v2\/media\/66204"}],"wp:attachment":[{"href":"https:\/\/www.sisinternational.com\/it\/wp-json\/wp\/v2\/media?parent=41126"}],"curies":[{"name":"wp","href":"https:\/\/api.w.org\/{rel}","templated":true}]}}